{"id":3215,"date":"2025-09-11T12:38:58","date_gmt":"2025-09-11T10:38:58","guid":{"rendered":"https:\/\/velazo-b2b.com\/?page_id=3215"},"modified":"2025-09-11T12:50:29","modified_gmt":"2025-09-11T10:50:29","slug":"podminky-sluzby","status":"publish","type":"page","link":"https:\/\/velazo-b2b.com\/cs\/podminky-sluzby\/","title":{"rendered":"Podm\u00ednky slu\u017eby"},"content":{"rendered":"<div data-elementor-type=\"wp-page\" data-elementor-id=\"3215\" class=\"elementor elementor-3215\" data-elementor-post-type=\"page\">\n\t\t\t\t<div class=\"elementor-element elementor-element-c1f84fc e-flex e-con-boxed e-con e-parent\" data-id=\"c1f84fc\" data-element_type=\"container\" data-e-type=\"container\">\n\t\t\t\t\t<div class=\"e-con-inner\">\n\t\t\t\t<div class=\"elementor-element elementor-element-138f164 elementor-widget elementor-widget-text-editor\" data-id=\"138f164\" data-element_type=\"widget\" data-e-type=\"widget\" data-widget_type=\"text-editor.default\">\n\t\t\t\t<div class=\"elementor-widget-container\">\n\t\t\t\t\t\t\t\t\t<p data-start=\"3737\" data-end=\"3969\"><strong data-start=\"3737\" data-end=\"3756\">Datum \u00fa\u010dinnosti:<\/strong> 11. z\u00e1\u0159\u00ed 2025<br data-start=\"3774\" data-end=\"3777\" \/><strong data-start=\"3777\" data-end=\"3789\">Spole\u010dnost:<\/strong> U2 COMPANY SP\u00d3\u0141KA Z OGRANICZON\u0104 ODPOWIEDZIALNO\u015aCI\u0104<br data-start=\"3840\" data-end=\"3843\" \/><strong data-start=\"3843\" data-end=\"3855\">Adresa:<\/strong> UL. PU\u0141AWSKA 221 \/ 1, 02-715 WARSZAWA, POLSKO<br data-start=\"3901\" data-end=\"3904\" \/><strong data-start=\"3904\" data-end=\"3916\">Webov\u00e9 str\u00e1nky:<\/strong> <a class=\"decorated-link\" href=\"https:\/\/velazo-b2b.com\/cs\/\" target=\"_new\" rel=\"noopener\" data-start=\"3917\" data-end=\"3939\">https:\/\/velazo-b2b.com<\/a><br data-start=\"3939\" data-end=\"3942\" \/><strong data-start=\"3942\" data-end=\"3954\">Kontakt:<\/strong> <a class=\"decorated-link cursor-pointer\" rel=\"noopener\" data-start=\"3955\" data-end=\"3969\">info@velazo.pl<\/a><\/p><h2 data-start=\"3971\" data-end=\"3997\">1. Rozsah a p\u0159ijet\u00ed<\/h2><p data-start=\"3998\" data-end=\"4184\">Tyto podm\u00ednky upravuj\u00ed p\u0159\u00edstup k webu velazo-b2b.com, jeho pou\u017e\u00edv\u00e1n\u00ed a n\u00e1kup produkt\u016f prost\u0159ednictv\u00edm platformy. Vytvo\u0159en\u00edm \u00fa\u010dtu, zad\u00e1n\u00edm objedn\u00e1vky nebo pou\u017e\u00edv\u00e1n\u00edm str\u00e1nek tyto podm\u00ednky p\u0159ij\u00edm\u00e1te.<\/p><h2 data-start=\"4186\" data-end=\"4212\">2. Zp\u016fsobilost pouze pro B2B<\/h2><p data-start=\"4213\" data-end=\"4426\">Platforma je ur\u010dena v\u00fdhradn\u011b pro <strong data-start=\"4245\" data-end=\"4267\">firemn\u00ed z\u00e1kazn\u00edci<\/strong>. Registrac\u00ed potvrzujete opr\u00e1vn\u011bn\u00ed jednat za podnikatelsk\u00fd subjekt. <strong data-start=\"4337\" data-end=\"4426\">Pravidla EU na ochranu spot\u0159ebitele, v\u010detn\u011b 14denn\u00edho pr\u00e1va na odstoupen\u00ed od smlouvy, se nepou\u017eij\u00ed.<\/strong><\/p><h2 data-start=\"4428\" data-end=\"4442\">3. \u00da\u010dty<\/h2><ul data-start=\"4443\" data-end=\"4760\"><li data-start=\"4443\" data-end=\"4589\"><p data-start=\"4445\" data-end=\"4589\">Pro zad\u00e1v\u00e1n\u00ed objedn\u00e1vek je nutn\u00e1 registrace. Mus\u00edte uv\u00e9st p\u0159esn\u00e9 obchodn\u00ed \u00fadaje (n\u00e1zev spole\u010dnosti, DI\u010c, faktura\u010dn\u00ed\/zas\u00edlac\u00ed \u00fadaje).<\/p><\/li><li data-start=\"4590\" data-end=\"4681\"><p data-start=\"4592\" data-end=\"4681\">Za ochranu p\u0159ihla\u0161ovac\u00edch \u00fadaj\u016f a za \u010dinnosti v r\u00e1mci sv\u00e9ho \u00fa\u010dtu odpov\u00edd\u00e1te sami.<\/p><\/li><li data-start=\"4682\" data-end=\"4760\"><p data-start=\"4684\" data-end=\"4760\">M\u016f\u017eeme pozastavit nebo zru\u0161it \u00fa\u010dty z d\u016fvodu poru\u0161en\u00ed, podvodu nebo z bezpe\u010dnostn\u00edch d\u016fvod\u016f.<\/p><\/li><\/ul><h2 data-start=\"4762\" data-end=\"4793\">4. Produkty, ceny a DPH<\/h2><ul data-start=\"4794\" data-end=\"5075\"><li data-start=\"4794\" data-end=\"4868\"><p data-start=\"4796\" data-end=\"4868\">Na str\u00e1nk\u00e1ch jsou uvedeny popisy produkt\u016f, jejich dostupnost a ceny.<\/p><\/li><li data-start=\"4869\" data-end=\"4998\"><p data-start=\"4871\" data-end=\"4998\">Ceny jsou obvykle <strong data-start=\"4892\" data-end=\"4912\">bez DPH<\/strong> pokud nen\u00ed uvedeno jinak. P\u0159\u00edslu\u0161n\u00e1 DPH a poplatky za doru\u010den\u00ed jsou uvedeny u pokladny.<\/p><\/li><li data-start=\"4999\" data-end=\"5075\"><p data-start=\"5001\" data-end=\"5075\">P\u0159ed p\u0159ijet\u00edm m\u016f\u017eeme opravit zjevn\u00e9 chyby (typografick\u00e9\/technick\u00e9).<\/p><\/li><\/ul><h2 data-start=\"5077\" data-end=\"5112\">5. Zak\u00e1zky a tvorba smluv<\/h2><ul data-start=\"5113\" data-end=\"5355\"><li data-start=\"5113\" data-end=\"5250\"><p data-start=\"5115\" data-end=\"5250\">Va\u0161e objedn\u00e1vka je nab\u00eddkou ke koupi. Z\u00e1vazn\u00e1 smlouva vznik\u00e1, kdy\u017e potvrd\u00edme jej\u00ed p\u0159ijet\u00ed (nap\u0159. potvrzen\u00edm objedn\u00e1vky nebo ozn\u00e1men\u00edm o odesl\u00e1n\u00ed).<\/p><\/li><li data-start=\"5251\" data-end=\"5355\"><p data-start=\"5253\" data-end=\"5355\">Objedn\u00e1vky m\u016f\u017eeme odm\u00edtnout, zru\u0161it nebo omezit (nap\u0159. podez\u0159en\u00ed na podvod, nedostupnost z\u00e1sob, chyba v cen\u011b).<\/p><\/li><\/ul><h2 data-start=\"5357\" data-end=\"5371\">6. Platby<\/h2><ul data-start=\"5372\" data-end=\"5571\"><li data-start=\"5372\" data-end=\"5444\"><p data-start=\"5374\" data-end=\"5444\">Platebn\u00ed metody: <strong data-start=\"5391\" data-end=\"5401\">Prou\u017eek<\/strong> a <strong data-start=\"5406\" data-end=\"5416\">PayPal<\/strong> (podle jejich podm\u00ednek).<\/p><\/li><li data-start=\"5445\" data-end=\"5571\"><p data-start=\"5447\" data-end=\"5571\">Vlastnick\u00e9 pr\u00e1vo ke zbo\u017e\u00ed p\u0159ech\u00e1z\u00ed po \u00fapln\u00e9m zaplacen\u00ed; riziko p\u0159ech\u00e1z\u00ed p\u0159i dod\u00e1n\u00ed na dopravce\/z\u00e1kazn\u00edka podle dohodnut\u00fdch podm\u00ednek Incoterms, pokud se pou\u017eij\u00ed.<\/p><\/li><\/ul><h2 data-start=\"5573\" data-end=\"5587\">7. Dod\u00e1vka<\/h2><ul data-start=\"5588\" data-end=\"5790\"><li data-start=\"5588\" data-end=\"5675\"><p data-start=\"5590\" data-end=\"5675\">Dodac\u00ed podm\u00ednky, lh\u016fty a poplatky jsou uvedeny u pokladny nebo v potvrzen\u00ed objedn\u00e1vky.<\/p><\/li><li data-start=\"5676\" data-end=\"5790\"><p data-start=\"5678\" data-end=\"5790\">Zpo\u017ed\u011bn\u00ed zp\u016fsoben\u00e9 dopravci, celn\u00edmi \u00fa\u0159ady nebo ud\u00e1lostmi mimo na\u0161i kontrolu nezakl\u00e1d\u00e1 odpov\u011bdnost za n\u00e1sledn\u00e9 ztr\u00e1ty.<\/p><\/li><\/ul><h2 data-start=\"5792\" data-end=\"5836\">8. Vr\u00e1cen\u00ed zbo\u017e\u00ed, n\u00e1hrady a RMA (z\u00e1sady B2B)<\/h2><ul data-start=\"5837\" data-end=\"6570\"><li data-start=\"5837\" data-end=\"5915\"><p data-start=\"5839\" data-end=\"5915\"><strong data-start=\"5839\" data-end=\"5863\">V\u0161echny prodeje jsou kone\u010dn\u00e9.<\/strong> Neplat\u00ed obecn\u00e9 pr\u00e1vo na vr\u00e1cen\u00ed nebo odstoupen\u00ed od smlouvy.<\/p><\/li><li data-start=\"5916\" data-end=\"6142\"><p data-start=\"5918\" data-end=\"6142\">Vr\u00e1cen\u00ed zbo\u017e\u00ed je p\u0159ij\u00edm\u00e1no <strong data-start=\"5939\" data-end=\"5947\">pouze<\/strong> za (i) vadn\u00e9 zbo\u017e\u00ed nebo (ii) nespr\u00e1vn\u011b dodan\u00e9 polo\u017eky\/mno\u017estv\u00ed, s v\u00fdhradou p\u0159edchoz\u00edho. <strong data-start=\"6030\" data-end=\"6056\">p\u00edsemn\u00e9 schv\u00e1len\u00ed (RMA)<\/strong> po\u017eadovan\u00e9 v r\u00e1mci <strong data-start=\"6074\" data-end=\"6096\">7 dn\u00ed od doru\u010den\u00ed<\/strong> s d\u016fkazy (fotografie, seri\u00e1ly, obaly).<\/p><\/li><li data-start=\"6143\" data-end=\"6451\"><p data-start=\"6145\" data-end=\"6161\">Po schv\u00e1len\u00ed:<\/p><ul data-start=\"6164\" data-end=\"6451\"><li data-start=\"6164\" data-end=\"6265\"><p data-start=\"6166\" data-end=\"6265\">Pokud je to na\u0161e chyba: uhrad\u00edme dopravu zp\u011bt nebo poskytneme p\u0159edplacen\u00fd \u0161t\u00edtek a zajist\u00edme v\u00fdm\u011bnu\/vr\u00e1cen\u00ed pen\u011bz.<\/p><\/li><li data-start=\"6268\" data-end=\"6451\"><p data-start=\"6270\" data-end=\"6451\">V p\u0159\u00edpad\u011b zavin\u011bn\u00ed kupuj\u00edc\u00edho (nap\u0159. \u0161patn\u00e1 objedn\u00e1vka): vr\u00e1cen\u00ed (pokud je schv\u00e1leno) je na n\u00e1klady kupuj\u00edc\u00edho; p\u0159im\u011b\u0159en\u00e9 <strong data-start=\"6360\" data-end=\"6378\">poplatek za dopln\u011bn\u00ed zbo\u017e\u00ed<\/strong> se m\u016f\u017ee vztahovat; zbo\u017e\u00ed mus\u00ed b\u00fdt nepou\u017eit\u00e9, v p\u016fvodn\u00edm obalu a prodejn\u00e9.<\/p><\/li><\/ul><\/li><li data-start=\"6452\" data-end=\"6570\"><p data-start=\"6454\" data-end=\"6570\">Nevratn\u00e9: upraven\u00e9, pou\u017eit\u00e9, po\u0161kozen\u00e9 nespr\u00e1vnou instalac\u00ed nebo zbo\u017e\u00ed bez origin\u00e1ln\u00edho obalu\/p\u0159\u00edslu\u0161enstv\u00ed.<\/p><\/li><\/ul><h2 data-start=\"6572\" data-end=\"6600\">9. Kontroly a reklamace<\/h2><p data-start=\"6601\" data-end=\"6757\">Zbo\u017e\u00ed je nutn\u00e9 p\u0159i p\u0159evzet\u00ed zkontrolovat. Po\u0161kozen\u00ed p\u0159i p\u0159eprav\u011b je t\u0159eba zaznamenat u dopravce a neprodlen\u011b n\u00e1m je nahl\u00e1sit (v ka\u017ed\u00e9m p\u0159\u00edpad\u011b ve lh\u016ft\u011b 7 dn\u016f).<\/p><h2 data-start=\"6759\" data-end=\"6789\">10. Z\u00e1ruky a opravn\u00e9 prost\u0159edky<\/h2><p data-start=\"6790\" data-end=\"6988\">Pokud nen\u00ed poskytnuta p\u00edsemn\u00e1 z\u00e1ruka na v\u00fdrobek, plat\u00ed z\u00e1konn\u00e9 opravn\u00e9 prost\u0159edky B2B. Na\u0161e odpov\u011bdnost za potvrzen\u00e9 vady je omezena na opravu, v\u00fdm\u011bnu nebo vr\u00e1cen\u00ed pen\u011bz za dot\u010den\u00e9 polo\u017eky podle na\u0161eho uv\u00e1\u017een\u00ed.<\/p><h2 data-start=\"6990\" data-end=\"7020\">11. Omezen\u00ed odpov\u011bdnosti<\/h2><p data-start=\"7021\" data-end=\"7305\">V maxim\u00e1ln\u00edm rozsahu povolen\u00e9m z\u00e1konem vylu\u010dujeme odpov\u011bdnost za nep\u0159\u00edm\u00e9, n\u00e1hodn\u00e9 nebo n\u00e1sledn\u00e9 \u0161kody, ztr\u00e1tu zisku nebo p\u0159eru\u0161en\u00ed provozu. Na\u0161e celkov\u00e1 odpov\u011bdnost souvisej\u00edc\u00ed s objedn\u00e1vkou nep\u0159es\u00e1hne hodnotu objedn\u00e1vky, s v\u00fdjimkou odpov\u011bdnosti, kterou nelze omezit z\u00e1konem.<\/p><h2 data-start=\"7307\" data-end=\"7335\">12. Du\u0161evn\u00ed vlastnictv\u00ed<\/h2><p data-start=\"7336\" data-end=\"7494\">Ve\u0161ker\u00fd obsah str\u00e1nek (texty, obr\u00e1zky, n\u00e1vrhy, ochrann\u00e9 zn\u00e1mky, loga, software) je na\u0161\u00edm majetkem nebo majetkem na\u0161ich poskytovatel\u016f licence a nesm\u00ed b\u00fdt pou\u017eit bez p\u0159edchoz\u00edho p\u00edsemn\u00e9ho souhlasu.<\/p><h2 data-start=\"7496\" data-end=\"7532\">13. Dodr\u017eov\u00e1n\u00ed p\u0159edpis\u016f a zak\u00e1zan\u00e9 pou\u017eit\u00ed<\/h2><p data-start=\"7533\" data-end=\"7720\">Souhlas\u00edte s t\u00edm, \u017ee nebudete platformu zneu\u017e\u00edvat (nap\u0159. naru\u0161ovat zabezpe\u010den\u00ed, prov\u00e1d\u011bt zp\u011btn\u00e9 in\u017een\u00fdrstv\u00ed, t\u011b\u017eit data mimo povolen\u00e9 \u00fa\u010dely) a \u017ee budete dodr\u017eovat p\u0159\u00edpadn\u00e9 kontroly v\u00fdvozu\/sankce.<\/p><h2 data-start=\"7722\" data-end=\"7746\">14. Ochrana osobn\u00edch \u00fadaj\u016f a soubory cookie<\/h2><p data-start=\"7747\" data-end=\"7916\">Zpracov\u00e1n\u00ed osobn\u00edch \u00fadaj\u016f se \u0159\u00edd\u00ed na\u0161imi <strong data-start=\"7794\" data-end=\"7812\">Z\u00e1sady ochrany osobn\u00edch \u00fadaj\u016f<\/strong>. Pou\u017e\u00edv\u00e1n\u00edm platformy berete na v\u011bdom\u00ed, \u017ee pou\u017e\u00edv\u00e1me soubory cookie podle t\u011bchto z\u00e1sad a v\u00e1mi zvolen\u00fdch preferenc\u00ed.<\/p><h2 data-start=\"7918\" data-end=\"7938\">15. Vy\u0161\u0161\u00ed moc<\/h2><p data-start=\"7939\" data-end=\"8098\">Neneseme odpov\u011bdnost za zpo\u017ed\u011bn\u00ed nebo nepln\u011bn\u00ed zp\u016fsoben\u00e9 ud\u00e1lostmi, kter\u00e9 nem\u016f\u017eeme ovlivnit (nap\u0159. p\u0159\u00edrodn\u00ed katastrofy, st\u00e1vky, v\u00fdpadky, regula\u010dn\u00ed opat\u0159en\u00ed).<\/p><h2 data-start=\"8100\" data-end=\"8137\">16. Rozhodn\u00e9 pr\u00e1vo a soudn\u00ed p\u0159\u00edslu\u0161nost<\/h2><p data-start=\"8138\" data-end=\"8297\">Tyto podm\u00ednky se \u0159\u00edd\u00ed z\u00e1kony <strong data-start=\"8178\" data-end=\"8188\">Polsko<\/strong> a pou\u017eiteln\u00e9 <strong data-start=\"8204\" data-end=\"8214\">Pr\u00e1vo EU<\/strong>. Spory podl\u00e9haj\u00ed v\u00fdlu\u010dn\u00e9 pravomoci p\u0159\u00edslu\u0161n\u00fdch soud\u016f v Polsku.<\/p><h2 data-start=\"8299\" data-end=\"8313\">17. Kontakt<\/h2><p data-start=\"8314\" data-end=\"8361\">Dotazy k t\u011bmto podm\u00ednk\u00e1m: <strong data-start=\"8343\" data-end=\"8361\"><a class=\"decorated-link cursor-pointer\" rel=\"noopener\" data-start=\"8345\" data-end=\"8359\">info@velazo.pl<\/a><\/strong><\/p>\t\t\t\t\t\t\t\t<\/div>\n\t\t\t\t<\/div>\n\t\t\t\t\t<\/div>\n\t\t\t\t<\/div>\n\t\t\t\t<\/div>","protected":false},"excerpt":{"rendered":"<p>Datum \u00fa\u010dinnosti: 11. z\u00e1\u0159\u00ed 2025Spole\u010dnost: U2 COMPANY SP\u00d3\u0141KA Z OGRANICZON\u0104 ODPOWIEDZIALNO\u015aCI\u0104Adresa: UL. PU\u0141AWSKA 221 \/ 1, 02-715 WARSZAWA, POLSKOWebov\u00e9 str\u00e1nky: https:\/\/velazo-b2b.comContact: info@velazo.pl 1. Rozsah platnosti a akceptace T\u011bmito podm\u00ednkami se \u0159\u00edd\u00ed p\u0159\u00edstup k<\/p>","protected":false},"author":1,"featured_media":0,"parent":0,"menu_order":0,"comment_status":"closed","ping_status":"closed","template":"","meta":{"footnotes":""},"class_list":["post-3215","page","type-page","status-publish","hentry"],"yoast_head":"<!-- This site is optimized with the Yoast SEO plugin v27.4 - https:\/\/yoast.com\/product\/yoast-seo-wordpress\/ -->\n<title>Terms of Service - VELAZO.<\/title>\n<meta name=\"robots\" content=\"index, follow, max-snippet:-1, max-image-preview:large, max-video-preview:-1\" \/>\n<link rel=\"canonical\" href=\"https:\/\/velazo-b2b.com\/cs\/podminky-sluzby\/\" \/>\n<meta property=\"og:locale\" content=\"cs_CZ\" \/>\n<meta property=\"og:type\" content=\"article\" \/>\n<meta property=\"og:title\" content=\"Terms of Service - VELAZO.\" \/>\n<meta property=\"og:description\" content=\"Effective date: 11 September 2025Company: U2 COMPANY SP\u00d3\u0141KA Z OGRANICZON\u0104 ODPOWIEDZIALNO\u015aCI\u0104Address: UL. PU\u0141AWSKA 221 \/ 1, 02-715 WARSZAWA, POLANDWebsite: https:\/\/velazo-b2b.comContact: info@velazo.pl 1. Scope and Acceptance These Terms govern access to\" \/>\n<meta property=\"og:url\" content=\"https:\/\/velazo-b2b.com\/cs\/podminky-sluzby\/\" \/>\n<meta property=\"og:site_name\" content=\"VELAZO.\" \/>\n<meta property=\"article:modified_time\" content=\"2025-09-11T10:50:29+00:00\" \/>\n<meta name=\"twitter:card\" content=\"summary_large_image\" \/>\n<meta name=\"twitter:label1\" content=\"Odhadovan\u00e1 doba \u010dten\u00ed\" \/>\n\t<meta name=\"twitter:data1\" content=\"3 minuty\" \/>\n<script type=\"application\/ld+json\" class=\"yoast-schema-graph\">{\"@context\":\"https:\\\/\\\/schema.org\",\"@graph\":[{\"@type\":\"WebPage\",\"@id\":\"https:\\\/\\\/velazo-b2b.com\\\/terms-of-service\\\/\",\"url\":\"https:\\\/\\\/velazo-b2b.com\\\/terms-of-service\\\/\",\"name\":\"Terms of Service - VELAZO.\",\"isPartOf\":{\"@id\":\"https:\\\/\\\/velazo-b2b.com\\\/#website\"},\"datePublished\":\"2025-09-11T10:38:58+00:00\",\"dateModified\":\"2025-09-11T10:50:29+00:00\",\"breadcrumb\":{\"@id\":\"https:\\\/\\\/velazo-b2b.com\\\/terms-of-service\\\/#breadcrumb\"},\"inLanguage\":\"cs\",\"potentialAction\":[{\"@type\":\"ReadAction\",\"target\":[\"https:\\\/\\\/velazo-b2b.com\\\/terms-of-service\\\/\"]}]},{\"@type\":\"BreadcrumbList\",\"@id\":\"https:\\\/\\\/velazo-b2b.com\\\/terms-of-service\\\/#breadcrumb\",\"itemListElement\":[{\"@type\":\"ListItem\",\"position\":1,\"name\":\"Home\",\"item\":\"https:\\\/\\\/velazo-b2b.com\\\/\"},{\"@type\":\"ListItem\",\"position\":2,\"name\":\"Terms of Service\"}]},{\"@type\":\"WebSite\",\"@id\":\"https:\\\/\\\/velazo-b2b.com\\\/#website\",\"url\":\"https:\\\/\\\/velazo-b2b.com\\\/\",\"name\":\"VELAZO.\",\"description\":\"\",\"potentialAction\":[{\"@type\":\"SearchAction\",\"target\":{\"@type\":\"EntryPoint\",\"urlTemplate\":\"https:\\\/\\\/velazo-b2b.com\\\/?s={search_term_string}\"},\"query-input\":{\"@type\":\"PropertyValueSpecification\",\"valueRequired\":true,\"valueName\":\"search_term_string\"}}],\"inLanguage\":\"cs\"}]}<\/script>\n<!-- \/ Yoast SEO plugin. -->","yoast_head_json":{"title":"Podm\u00ednky slu\u017eby - VELAZO.","robots":{"index":"index","follow":"follow","max-snippet":"max-snippet:-1","max-image-preview":"max-image-preview:large","max-video-preview":"max-video-preview:-1"},"canonical":"https:\/\/velazo-b2b.com\/cs\/podminky-sluzby\/","og_locale":"cs_CZ","og_type":"article","og_title":"Terms of Service - VELAZO.","og_description":"Effective date: 11 September 2025Company: U2 COMPANY SP\u00d3\u0141KA Z OGRANICZON\u0104 ODPOWIEDZIALNO\u015aCI\u0104Address: UL. PU\u0141AWSKA 221 \/ 1, 02-715 WARSZAWA, POLANDWebsite: https:\/\/velazo-b2b.comContact: info@velazo.pl 1. Scope and Acceptance These Terms govern access to","og_url":"https:\/\/velazo-b2b.com\/cs\/podminky-sluzby\/","og_site_name":"VELAZO.","article_modified_time":"2025-09-11T10:50:29+00:00","twitter_card":"summary_large_image","twitter_misc":{"Odhadovan\u00e1 doba \u010dten\u00ed":"3 minuty"},"schema":{"@context":"https:\/\/schema.org","@graph":[{"@type":"WebPage","@id":"https:\/\/velazo-b2b.com\/terms-of-service\/","url":"https:\/\/velazo-b2b.com\/terms-of-service\/","name":"Podm\u00ednky slu\u017eby - VELAZO.","isPartOf":{"@id":"https:\/\/velazo-b2b.com\/#website"},"datePublished":"2025-09-11T10:38:58+00:00","dateModified":"2025-09-11T10:50:29+00:00","breadcrumb":{"@id":"https:\/\/velazo-b2b.com\/terms-of-service\/#breadcrumb"},"inLanguage":"cs","potentialAction":[{"@type":"ReadAction","target":["https:\/\/velazo-b2b.com\/terms-of-service\/"]}]},{"@type":"BreadcrumbList","@id":"https:\/\/velazo-b2b.com\/terms-of-service\/#breadcrumb","itemListElement":[{"@type":"ListItem","position":1,"name":"Home","item":"https:\/\/velazo-b2b.com\/"},{"@type":"ListItem","position":2,"name":"Terms of Service"}]},{"@type":"WebSite","@id":"https:\/\/velazo-b2b.com\/#website","url":"https:\/\/velazo-b2b.com\/","name":"VELAZO.","description":"","potentialAction":[{"@type":"SearchAction","target":{"@type":"EntryPoint","urlTemplate":"https:\/\/velazo-b2b.com\/?s={search_term_string}"},"query-input":{"@type":"PropertyValueSpecification","valueRequired":true,"valueName":"search_term_string"}}],"inLanguage":"cs"}]}},"_links":{"self":[{"href":"https:\/\/velazo-b2b.com\/cs\/wp-json\/wp\/v2\/pages\/3215","targetHints":{"allow":["GET"]}}],"collection":[{"href":"https:\/\/velazo-b2b.com\/cs\/wp-json\/wp\/v2\/pages"}],"about":[{"href":"https:\/\/velazo-b2b.com\/cs\/wp-json\/wp\/v2\/types\/page"}],"author":[{"embeddable":true,"href":"https:\/\/velazo-b2b.com\/cs\/wp-json\/wp\/v2\/users\/1"}],"replies":[{"embeddable":true,"href":"https:\/\/velazo-b2b.com\/cs\/wp-json\/wp\/v2\/comments?post=3215"}],"version-history":[{"count":0,"href":"https:\/\/velazo-b2b.com\/cs\/wp-json\/wp\/v2\/pages\/3215\/revisions"}],"wp:attachment":[{"href":"https:\/\/velazo-b2b.com\/cs\/wp-json\/wp\/v2\/media?parent=3215"}],"curies":[{"name":"wp","href":"https:\/\/api.w.org\/{rel}","templated":true}]}}