{"id":43,"date":"2025-04-09T13:51:06","date_gmt":"2025-04-09T13:51:06","guid":{"rendered":"https:\/\/velazo-b2b.com\/about-page\/"},"modified":"2026-03-19T09:29:45","modified_gmt":"2026-03-19T08:29:45","slug":"o-nas","status":"publish","type":"page","link":"https:\/\/velazo-b2b.com\/cs\/o-nas\/","title":{"rendered":"O n\u00e1s"},"content":{"rendered":"<div data-elementor-type=\"wp-page\" data-elementor-id=\"43\" class=\"elementor elementor-43\" data-elementor-post-type=\"page\">\n\t\t\t\t<div class=\"elementor-element elementor-element-a9fdadb e-flex e-con-boxed e-con e-parent\" data-id=\"a9fdadb\" data-element_type=\"container\" data-e-type=\"container\">\n\t\t\t\t\t<div class=\"e-con-inner\">\n\t\t<div class=\"elementor-element elementor-element-ba69586 e-con-full e-flex e-con e-child\" data-id=\"ba69586\" data-element_type=\"container\" data-e-type=\"container\">\n\t\t\t\t<div class=\"elementor-element elementor-element-e272b26 elementor-widget elementor-widget-image\" data-id=\"e272b26\" data-element_type=\"widget\" data-e-type=\"widget\" data-widget_type=\"image.default\">\n\t\t\t\t<div class=\"elementor-widget-container\">\n\t\t\t\t\t\t\t\t\t\t\t\t\t\t\t<img fetchpriority=\"high\" decoding=\"async\" width=\"1024\" height=\"1024\" src=\"https:\/\/velazo-b2b.com\/wp-content\/uploads\/2025\/04\/Zlewozmywak-Dwukomorowy-Stalowy-1024x1024.webp\" class=\"attachment-large size-large wp-image-2313\" alt=\"\" srcset=\"https:\/\/velazo-b2b.com\/wp-content\/uploads\/2025\/04\/Zlewozmywak-Dwukomorowy-Stalowy-1024x1024.webp 1024w, https:\/\/velazo-b2b.com\/wp-content\/uploads\/2025\/04\/Zlewozmywak-Dwukomorowy-Stalowy-300x300.webp 300w, https:\/\/velazo-b2b.com\/wp-content\/uploads\/2025\/04\/Zlewozmywak-Dwukomorowy-Stalowy-150x150.webp 150w, https:\/\/velazo-b2b.com\/wp-content\/uploads\/2025\/04\/Zlewozmywak-Dwukomorowy-Stalowy-600x600.webp 600w, https:\/\/velazo-b2b.com\/wp-content\/uploads\/2025\/04\/Zlewozmywak-Dwukomorowy-Stalowy-768x768.webp 768w, https:\/\/velazo-b2b.com\/wp-content\/uploads\/2025\/04\/Zlewozmywak-Dwukomorowy-Stalowy.webp 1500w\" sizes=\"(max-width: 1024px) 100vw, 1024px\" \/>\t\t\t\t\t\t\t\t\t\t\t\t\t\t\t<\/div>\n\t\t\t\t<\/div>\n\t\t\t\t<\/div>\n\t\t<div class=\"elementor-element elementor-element-a7be5f6 e-con-full e-flex e-con e-child\" data-id=\"a7be5f6\" data-element_type=\"container\" data-e-type=\"container\">\n\t\t\t\t<div class=\"elementor-element elementor-element-ce4ad8f elementor-widget elementor-widget-text-editor\" data-id=\"ce4ad8f\" data-element_type=\"widget\" data-e-type=\"widget\" data-widget_type=\"text-editor.default\">\n\t\t\t\t<div class=\"elementor-widget-container\">\n\t\t\t\t\t\t\t\t\t<p><strong>Modern\u00ed a stylov\u00e9 nerezov\u00e9 d\u0159ezy. Spole\u010dnost Velazo se s\u00eddlem ve Var\u0161av\u011b. se v\u011bnuje zdokonalov\u00e1n\u00ed srdce ka\u017ed\u00e9 dom\u00e1cnosti - kuchyn\u011b - t\u00edm, \u017ee nab\u00edz\u00ed \u0161irokou \u0161k\u00e1lu vysoce kvalitn\u00edch nerezov\u00fdch d\u0159ez\u016f s modern\u00edm a sv\u011b\u017e\u00edm designem. V\u011b\u0159\u00edme, \u017ee kr\u00e1sn\u00e1 a funk\u010dn\u00ed kuchyn\u011b je kl\u00ed\u010dem k vytvo\u0159en\u00ed \u00fatuln\u00e9 a uklid\u0148uj\u00edc\u00ed atmosf\u00e9ry v ka\u017edodenn\u00edm \u017eivot\u011b. Na\u0161\u00edm c\u00edlem je vyvr\u00e1tit p\u0159esv\u011bd\u010den\u00ed, \u017ee kvalita je spojena s vysok\u00fdmi n\u00e1klady. Na\u0161\u00edm posl\u00e1n\u00edm je poskytovat majitel\u016fm dom\u016f cenov\u011b dostupn\u00e9, ale p\u0159itom vysoce kvalitn\u00ed d\u0159ezy, kter\u00e9 nejen zv\u00fd\u0161\u00ed estetiku jejich kuchyn\u00ed, ale tak\u00e9 se vejdou do jejich rozpo\u010dtu.<\/strong><\/p>\t\t\t\t\t\t\t\t<\/div>\n\t\t\t\t<\/div>\n\t\t\t\t<\/div>\n\t\t\t\t\t<\/div>\n\t\t\t\t<\/div>\n\t\t<div class=\"elementor-element elementor-element-12db989 e-con-full e-flex e-con e-parent\" data-id=\"12db989\" data-element_type=\"container\" data-e-type=\"container\">\n\t\t<div class=\"elementor-element elementor-element-947efe6 e-con-full e-flex e-con e-child\" data-id=\"947efe6\" data-element_type=\"container\" data-e-type=\"container\">\n\t\t\t\t<div class=\"elementor-element elementor-element-09ba768 elementor-widget elementor-widget-heading\" data-id=\"09ba768\" data-element_type=\"widget\" data-e-type=\"widget\" data-widget_type=\"heading.default\">\n\t\t\t\t<div class=\"elementor-widget-container\">\n\t\t\t\t\t<h2 class=\"elementor-heading-title elementor-size-default\">Slu\u017eba OEM<\/h2>\t\t\t\t<\/div>\n\t\t\t\t<\/div>\n\t\t\t\t<div class=\"elementor-element elementor-element-025b5a6 elementor-widget elementor-widget-text-editor\" data-id=\"025b5a6\" data-element_type=\"widget\" data-e-type=\"widget\" data-widget_type=\"text-editor.default\">\n\t\t\t\t<div class=\"elementor-widget-container\">\n\t\t\t\t\t\t\t\t\t<div class=\"multicolumn-card content-container\">\n<div class=\"multicolumn-card__info\">\n<div class=\"rte\">\n<p>Poskytujeme slu\u017eby OEM, tak\u017ee do na\u0161ich v\u00fdrobk\u016f m\u016f\u017eete za\u010dlenit svou jedine\u010dnou vizi a logo. Ch\u00e1peme jedine\u010dnost ka\u017ed\u00e9 zna\u010dky, tak\u017ee n\u00e1\u0161 t\u00fdm vyslechne va\u0161e pot\u0159eby a vytvo\u0159\u00ed umyvadlo, kter\u00e9 dokonale odpov\u00edd\u00e1 stylu va\u0161\u00ed zna\u010dky.<\/p>\n<\/div>\n<\/div>\n<div class=\"multicolumn-card__info\">\u00a0<\/div>\n<\/div>\t\t\t\t\t\t\t\t<\/div>\n\t\t\t\t<\/div>\n\t\t\t\t<\/div>\n\t\t<div class=\"elementor-element elementor-element-3180623 e-con-full e-flex e-con e-child\" data-id=\"3180623\" data-element_type=\"container\" data-e-type=\"container\">\n\t\t\t\t<div class=\"elementor-element elementor-element-8f2ea97 elementor-widget elementor-widget-heading\" data-id=\"8f2ea97\" data-element_type=\"widget\" data-e-type=\"widget\" data-widget_type=\"heading.default\">\n\t\t\t\t<div class=\"elementor-widget-container\">\n\t\t\t\t\t<h2 class=\"elementor-heading-title elementor-size-default\">Prodej a servis\n<\/h2>\t\t\t\t<\/div>\n\t\t\t\t<\/div>\n\t\t\t\t<div class=\"elementor-element elementor-element-60c77ff elementor-widget elementor-widget-text-editor\" data-id=\"60c77ff\" data-element_type=\"widget\" data-e-type=\"widget\" data-widget_type=\"text-editor.default\">\n\t\t\t\t<div class=\"elementor-widget-container\">\n\t\t\t\t\t\t\t\t\t<p>Jsme odhodl\u00e1ni poskytovat vysoce kvalitn\u00ed B2B slu\u017eby r\u016fzn\u00fdm podnik\u016fm a dos\u00e1hnout v\u011bt\u0161\u00ed obchodn\u00ed hodnoty prost\u0159ednictv\u00edm oboustrann\u011b v\u00fdhodn\u00e9 spolupr\u00e1ce. A\u0165 u\u017e jste maloobchodn\u00edk, velkoobchodn\u00edk nebo hled\u00e1te slu\u017eby OEM a prodeje FOB, poskytneme v\u00e1m \u0159e\u0161en\u00ed na m\u00edru.<\/p>\t\t\t\t\t\t\t\t<\/div>\n\t\t\t\t<\/div>\n\t\t\t\t<\/div>\n\t\t<div class=\"elementor-element elementor-element-46f4c36 e-con-full e-flex e-con e-child\" data-id=\"46f4c36\" data-element_type=\"container\" data-e-type=\"container\">\n\t\t\t\t<div class=\"elementor-element elementor-element-4cdc0f8 elementor-widget elementor-widget-heading\" data-id=\"4cdc0f8\" data-element_type=\"widget\" data-e-type=\"widget\" data-widget_type=\"heading.default\">\n\t\t\t\t<div class=\"elementor-widget-container\">\n\t\t\t\t\t<h2 class=\"elementor-heading-title elementor-size-default\">Spolupr\u00e1ce B2B\n<\/h2>\t\t\t\t<\/div>\n\t\t\t\t<\/div>\n\t\t\t\t<div class=\"elementor-element elementor-element-b5175fd elementor-widget elementor-widget-text-editor\" data-id=\"b5175fd\" data-element_type=\"widget\" data-e-type=\"widget\" data-widget_type=\"text-editor.default\">\n\t\t\t\t<div class=\"elementor-widget-container\">\n\t\t\t\t\t\t\t\t\t<p>N\u00e1\u0161 t\u00fdm zku\u0161en\u00fdch odborn\u00edk\u016f je p\u0159ipraven v\u00e1m pomoci s instalac\u00ed. Bez ohledu na to, zda jste individu\u00e1ln\u00ed spot\u0159ebitel nebo velkoobchodn\u00edk, zajist\u00edme, aby byly va\u0161e v\u00fdrobky spr\u00e1vn\u011b nainstalov\u00e1ny a pou\u017e\u00edv\u00e1ny.<\/p>\t\t\t\t\t\t\t\t<\/div>\n\t\t\t\t<\/div>\n\t\t\t\t<\/div>\n\t\t\t\t<\/div>\n\t\t<div class=\"elementor-element elementor-element-f31e916 e-flex e-con-boxed e-con e-parent\" data-id=\"f31e916\" data-element_type=\"container\" data-e-type=\"container\">\n\t\t\t\t\t<div class=\"e-con-inner\">\n\t\t\t\t<div class=\"elementor-element elementor-element-238eb9e elementor-widget elementor-widget-heading\" data-id=\"238eb9e\" data-element_type=\"widget\" data-e-type=\"widget\" data-widget_type=\"heading.default\">\n\t\t\t\t<div class=\"elementor-widget-container\">\n\t\t\t\t\t<h2 class=\"elementor-heading-title elementor-size-default\">Kontaktn\u00ed informace<\/h2>\t\t\t\t<\/div>\n\t\t\t\t<\/div>\n\t\t\t\t<div class=\"elementor-element elementor-element-4f6f045 elementor-widget elementor-widget-text-editor\" data-id=\"4f6f045\" data-element_type=\"widget\" data-e-type=\"widget\" data-widget_type=\"text-editor.default\">\n\t\t\t\t<div class=\"elementor-widget-container\">\n\t\t\t\t\t\t\t\t\t<p data-start=\"184\" data-end=\"431\"><strong data-start=\"184\" data-end=\"199\">N\u00e1zev zna\u010dky:<\/strong> VELAZO.<br data-start=\"207\" data-end=\"210\" \/><strong data-start=\"210\" data-end=\"227\">N\u00e1zev spole\u010dnosti:<\/strong> U2 COMPANY SP. Z O.O.<br data-start=\"249\" data-end=\"252\" \/><strong data-start=\"252\" data-end=\"275\">S\u00eddlo spole\u010dnosti:<\/strong> UL. PU\u0141AWSKA 221 \/ 1, 02-715 WARSZAWA, Polsko<br data-start=\"321\" data-end=\"324\" \/><strong data-start=\"324\" data-end=\"334\" data-is-only-node=\"\">Telefon:<\/strong> +48 573 202 087<br data-start=\"350\" data-end=\"353\" \/><strong data-start=\"353\" data-end=\"363\">E-mail:<\/strong> <a class=\"decorated-link cursor-pointer\" rel=\"noopener\" data-start=\"364\" data-end=\"378\">info@velazo.pl<\/a><br data-start=\"378\" data-end=\"381\" \/><strong data-start=\"381\" data-end=\"395\">DPH (NIP):<\/strong> 7011104333<br data-start=\"406\" data-end=\"409\" \/><strong data-start=\"409\" data-end=\"419\">REGON:<\/strong> 523032819<\/p>\n<p>.<\/p>\t\t\t\t\t\t\t\t<\/div>\n\t\t\t\t<\/div>\n\t\t\t\t<div class=\"elementor-element elementor-element-5288ad5 elementor-widget elementor-widget-matjar-button\" data-id=\"5288ad5\" data-element_type=\"widget\" data-e-type=\"widget\" data-widget_type=\"matjar-button.default\">\n\t\t\t\t<div class=\"elementor-widget-container\">\n\t\t\t\t\t<div id=\"matjar-button-8201\" class=\"matjar-element matjar-button\">\n\t<a class=\"button btn-style-flat btn-shape-square btn-color-default\" href=\"https:\/\/velazo-b2b.com\/cs\/stranka-uctu\/\" >\n\t\tVytvo\u0159en\u00ed \u00fa\u010dtu\t<\/a>\n<\/div>\n\t\t\t\t<\/div>\n\t\t\t\t<\/div>\n\t\t\t\t\t<\/div>\n\t\t\t\t<\/div>\n\t\t\t\t<\/div>","protected":false},"excerpt":{"rendered":"<p>Modern and Stylish Stainless Steel Sinks. Velazo company located in Warsaw. is dedicated to perfecting the heart of every home &#8211; the kitchen &#8211; by offering a wide range of<\/p>","protected":false},"author":1,"featured_media":0,"parent":0,"menu_order":0,"comment_status":"closed","ping_status":"closed","template":"","meta":{"footnotes":""},"class_list":["post-43","page","type-page","status-publish","hentry"],"yoast_head":"<!-- This site is optimized with the Yoast SEO plugin v27.4 - https:\/\/yoast.com\/product\/yoast-seo-wordpress\/ -->\n<title>About Us - VELAZO.<\/title>\n<meta name=\"robots\" content=\"index, follow, max-snippet:-1, max-image-preview:large, max-video-preview:-1\" \/>\n<link rel=\"canonical\" href=\"https:\/\/velazo-b2b.com\/cs\/o-nas\/\" \/>\n<meta property=\"og:locale\" content=\"cs_CZ\" \/>\n<meta property=\"og:type\" content=\"article\" \/>\n<meta property=\"og:title\" content=\"About Us - VELAZO.\" \/>\n<meta property=\"og:description\" content=\"Modern and Stylish Stainless Steel Sinks. Velazo company located in Warsaw. is dedicated to perfecting the heart of every home &#8211; the kitchen &#8211; by offering a wide range of\" \/>\n<meta property=\"og:url\" content=\"https:\/\/velazo-b2b.com\/cs\/o-nas\/\" \/>\n<meta property=\"og:site_name\" content=\"VELAZO.\" \/>\n<meta property=\"article:modified_time\" content=\"2026-03-19T08:29:45+00:00\" \/>\n<meta property=\"og:image\" content=\"http:\/\/velazo-b2b.com\/wp-content\/uploads\/2025\/04\/Zlewozmywak-Dwukomorowy-Stalowy-1024x1024.webp\" \/>\n<meta name=\"twitter:card\" content=\"summary_large_image\" \/>\n<meta name=\"twitter:label1\" content=\"Odhadovan\u00e1 doba \u010dten\u00ed\" \/>\n\t<meta name=\"twitter:data1\" content=\"2 minuty\" \/>\n<script type=\"application\/ld+json\" class=\"yoast-schema-graph\">{\"@context\":\"https:\\\/\\\/schema.org\",\"@graph\":[{\"@type\":\"WebPage\",\"@id\":\"https:\\\/\\\/velazo-b2b.com\\\/about-us\\\/\",\"url\":\"https:\\\/\\\/velazo-b2b.com\\\/about-us\\\/\",\"name\":\"About Us - VELAZO.\",\"isPartOf\":{\"@id\":\"https:\\\/\\\/velazo-b2b.com\\\/#website\"},\"primaryImageOfPage\":{\"@id\":\"https:\\\/\\\/velazo-b2b.com\\\/about-us\\\/#primaryimage\"},\"image\":{\"@id\":\"https:\\\/\\\/velazo-b2b.com\\\/about-us\\\/#primaryimage\"},\"thumbnailUrl\":\"http:\\\/\\\/velazo-b2b.com\\\/wp-content\\\/uploads\\\/2025\\\/04\\\/Zlewozmywak-Dwukomorowy-Stalowy-1024x1024.webp\",\"datePublished\":\"2025-04-09T13:51:06+00:00\",\"dateModified\":\"2026-03-19T08:29:45+00:00\",\"breadcrumb\":{\"@id\":\"https:\\\/\\\/velazo-b2b.com\\\/about-us\\\/#breadcrumb\"},\"inLanguage\":\"cs\",\"potentialAction\":[{\"@type\":\"ReadAction\",\"target\":[\"https:\\\/\\\/velazo-b2b.com\\\/about-us\\\/\"]}]},{\"@type\":\"ImageObject\",\"inLanguage\":\"cs\",\"@id\":\"https:\\\/\\\/velazo-b2b.com\\\/about-us\\\/#primaryimage\",\"url\":\"http:\\\/\\\/velazo-b2b.com\\\/wp-content\\\/uploads\\\/2025\\\/04\\\/Zlewozmywak-Dwukomorowy-Stalowy-1024x1024.webp\",\"contentUrl\":\"http:\\\/\\\/velazo-b2b.com\\\/wp-content\\\/uploads\\\/2025\\\/04\\\/Zlewozmywak-Dwukomorowy-Stalowy-1024x1024.webp\"},{\"@type\":\"BreadcrumbList\",\"@id\":\"https:\\\/\\\/velazo-b2b.com\\\/about-us\\\/#breadcrumb\",\"itemListElement\":[{\"@type\":\"ListItem\",\"position\":1,\"name\":\"Home\",\"item\":\"https:\\\/\\\/velazo-b2b.com\\\/\"},{\"@type\":\"ListItem\",\"position\":2,\"name\":\"About Us\"}]},{\"@type\":\"WebSite\",\"@id\":\"https:\\\/\\\/velazo-b2b.com\\\/#website\",\"url\":\"https:\\\/\\\/velazo-b2b.com\\\/\",\"name\":\"VELAZO.\",\"description\":\"\",\"potentialAction\":[{\"@type\":\"SearchAction\",\"target\":{\"@type\":\"EntryPoint\",\"urlTemplate\":\"https:\\\/\\\/velazo-b2b.com\\\/?s={search_term_string}\"},\"query-input\":{\"@type\":\"PropertyValueSpecification\",\"valueRequired\":true,\"valueName\":\"search_term_string\"}}],\"inLanguage\":\"cs\"}]}<\/script>\n<!-- \/ Yoast SEO plugin. -->","yoast_head_json":{"title":"O n\u00e1s - VELAZO.","robots":{"index":"index","follow":"follow","max-snippet":"max-snippet:-1","max-image-preview":"max-image-preview:large","max-video-preview":"max-video-preview:-1"},"canonical":"https:\/\/velazo-b2b.com\/cs\/o-nas\/","og_locale":"cs_CZ","og_type":"article","og_title":"About Us - VELAZO.","og_description":"Modern and Stylish Stainless Steel Sinks. Velazo company located in Warsaw. is dedicated to perfecting the heart of every home &#8211; the kitchen &#8211; by offering a wide range of","og_url":"https:\/\/velazo-b2b.com\/cs\/o-nas\/","og_site_name":"VELAZO.","article_modified_time":"2026-03-19T08:29:45+00:00","og_image":[{"url":"http:\/\/velazo-b2b.com\/wp-content\/uploads\/2025\/04\/Zlewozmywak-Dwukomorowy-Stalowy-1024x1024.webp","type":"","width":"","height":""}],"twitter_card":"summary_large_image","twitter_misc":{"Odhadovan\u00e1 doba \u010dten\u00ed":"2 minuty"},"schema":{"@context":"https:\/\/schema.org","@graph":[{"@type":"WebPage","@id":"https:\/\/velazo-b2b.com\/about-us\/","url":"https:\/\/velazo-b2b.com\/about-us\/","name":"O n\u00e1s - VELAZO.","isPartOf":{"@id":"https:\/\/velazo-b2b.com\/#website"},"primaryImageOfPage":{"@id":"https:\/\/velazo-b2b.com\/about-us\/#primaryimage"},"image":{"@id":"https:\/\/velazo-b2b.com\/about-us\/#primaryimage"},"thumbnailUrl":"http:\/\/velazo-b2b.com\/wp-content\/uploads\/2025\/04\/Zlewozmywak-Dwukomorowy-Stalowy-1024x1024.webp","datePublished":"2025-04-09T13:51:06+00:00","dateModified":"2026-03-19T08:29:45+00:00","breadcrumb":{"@id":"https:\/\/velazo-b2b.com\/about-us\/#breadcrumb"},"inLanguage":"cs","potentialAction":[{"@type":"ReadAction","target":["https:\/\/velazo-b2b.com\/about-us\/"]}]},{"@type":"ImageObject","inLanguage":"cs","@id":"https:\/\/velazo-b2b.com\/about-us\/#primaryimage","url":"http:\/\/velazo-b2b.com\/wp-content\/uploads\/2025\/04\/Zlewozmywak-Dwukomorowy-Stalowy-1024x1024.webp","contentUrl":"http:\/\/velazo-b2b.com\/wp-content\/uploads\/2025\/04\/Zlewozmywak-Dwukomorowy-Stalowy-1024x1024.webp"},{"@type":"BreadcrumbList","@id":"https:\/\/velazo-b2b.com\/about-us\/#breadcrumb","itemListElement":[{"@type":"ListItem","position":1,"name":"Home","item":"https:\/\/velazo-b2b.com\/"},{"@type":"ListItem","position":2,"name":"About Us"}]},{"@type":"WebSite","@id":"https:\/\/velazo-b2b.com\/#website","url":"https:\/\/velazo-b2b.com\/","name":"VELAZO.","description":"","potentialAction":[{"@type":"SearchAction","target":{"@type":"EntryPoint","urlTemplate":"https:\/\/velazo-b2b.com\/?s={search_term_string}"},"query-input":{"@type":"PropertyValueSpecification","valueRequired":true,"valueName":"search_term_string"}}],"inLanguage":"cs"}]}},"_links":{"self":[{"href":"https:\/\/velazo-b2b.com\/cs\/wp-json\/wp\/v2\/pages\/43","targetHints":{"allow":["GET"]}}],"collection":[{"href":"https:\/\/velazo-b2b.com\/cs\/wp-json\/wp\/v2\/pages"}],"about":[{"href":"https:\/\/velazo-b2b.com\/cs\/wp-json\/wp\/v2\/types\/page"}],"author":[{"embeddable":true,"href":"https:\/\/velazo-b2b.com\/cs\/wp-json\/wp\/v2\/users\/1"}],"replies":[{"embeddable":true,"href":"https:\/\/velazo-b2b.com\/cs\/wp-json\/wp\/v2\/comments?post=43"}],"version-history":[{"count":0,"href":"https:\/\/velazo-b2b.com\/cs\/wp-json\/wp\/v2\/pages\/43\/revisions"}],"wp:attachment":[{"href":"https:\/\/velazo-b2b.com\/cs\/wp-json\/wp\/v2\/media?parent=43"}],"curies":[{"name":"wp","href":"https:\/\/api.w.org\/{rel}","templated":true}]}}