{"id":122,"date":"2025-04-09T14:33:51","date_gmt":"2025-04-09T14:33:51","guid":{"rendered":"https:\/\/velazo-b2b.com\/product\/glass-cup-bottle-washer-automatic-rinser-for-the-sink\/"},"modified":"2025-09-02T16:22:34","modified_gmt":"2025-09-02T14:22:34","slug":"automaticky-oplachovac-sklenenych-lahvi-do-drezu","status":"publish","type":"product","link":"https:\/\/velazo-b2b.com\/cs\/produkt\/automaticky-oplachovac-sklenenych-lahvi-do-drezu\/","title":{"rendered":"Automatick\u00e1 my\u010dka sklen\u011bn\u00fdch lahv\u00ed RINSER do d\u0159ezu"},"content":{"rendered":"<p>Tento inovativn\u00ed kuchy\u0148sk\u00fd spot\u0159ebi\u010d byl navr\u017een tak, aby automaticky myl sklenice, poh\u00e1ry a dal\u0161\u00ed sklen\u011bn\u00e9 n\u00e1dob\u00ed, co\u017e v\u00fdrazn\u011b usnad\u0148uje ka\u017edodenn\u00ed kuchy\u0148sk\u00e9 pr\u00e1ce.<\/p>\n<p>D\u00edky t\u00e9to my\u010dce je proces myt\u00ed n\u00e1dob\u00ed rychlej\u0161\u00ed a mnohem efektivn\u011bj\u0161\u00ed, zejm\u00e9na v m\u00edstech s intenzivn\u00edm pou\u017e\u00edv\u00e1n\u00edm, jako jsou restaurace, bary, kav\u00e1rny, hotely, ale i v dom\u00e1cnostech.<\/p>\n<p>Toto za\u0159\u00edzen\u00ed se snadno pou\u017e\u00edv\u00e1 a jeho mont\u00e1\u017e zvl\u00e1dnete samostatn\u011b b\u011bhem n\u011bkolika minut.<\/p>","protected":false},"excerpt":{"rendered":"<p>Tento inovativn\u00ed kuchy\u0148sk\u00fd spot\u0159ebi\u010d byl navr\u017een tak, aby automaticky myl sklenice, poh\u00e1ry a dal\u0161\u00ed sklen\u011bn\u00e9 n\u00e1dob\u00ed, co\u017e v\u00fdrazn\u011b usnad\u0148uje ka\u017edodenn\u00ed kuchy\u0148sk\u00e9 pr\u00e1ce. D\u00edky t\u00e9to my\u010dce se myt\u00ed n\u00e1dob\u00ed.<\/p>","protected":false},"featured_media":121,"comment_status":"open","ping_status":"closed","template":"","meta":[],"product_cat":[65,63],"product_tag":[17,26],"class_list":{"0":"post-122","1":"product","2":"type-product","3":"status-publish","4":"has-post-thumbnail","6":"product_cat-accessories","7":"product_cat-automatic-glass-washers","8":"product_tag-accessories","9":"product_tag-washer","11":"first","12":"instock","13":"taxable","14":"shipping-taxable","15":"product-type-simple"},"yoast_head":"<!-- This site is optimized with the Yoast SEO plugin v27.4 - https:\/\/yoast.com\/product\/yoast-seo-wordpress\/ -->\n<title>Glass Cup Bottle Washer Automatic RINSER for the sink - VELAZO.<\/title>\n<meta name=\"robots\" content=\"index, follow, max-snippet:-1, max-image-preview:large, max-video-preview:-1\" \/>\n<link rel=\"canonical\" href=\"https:\/\/velazo-b2b.com\/cs\/produkt\/automaticky-oplachovac-sklenenych-lahvi-do-drezu\/\" \/>\n<meta property=\"og:locale\" content=\"cs_CZ\" \/>\n<meta property=\"og:type\" content=\"article\" \/>\n<meta property=\"og:title\" content=\"Glass Cup Bottle Washer Automatic RINSER for the sink - VELAZO.\" \/>\n<meta property=\"og:description\" content=\"The innovative kitchen appliance has been designed to automatically wash glasses, goblets and other glassware, which significantly facilitates the performance of everyday kitchen duties. Thanks to this washer, the dishwashing\" \/>\n<meta property=\"og:url\" content=\"https:\/\/velazo-b2b.com\/cs\/produkt\/automaticky-oplachovac-sklenenych-lahvi-do-drezu\/\" \/>\n<meta property=\"og:site_name\" content=\"VELAZO.\" \/>\n<meta property=\"article:modified_time\" content=\"2025-09-02T14:22:34+00:00\" \/>\n<meta property=\"og:image\" content=\"https:\/\/velazo-b2b.com\/wp-content\/uploads\/2025\/04\/myjka.png\" \/>\n\t<meta property=\"og:image:width\" content=\"501\" \/>\n\t<meta property=\"og:image:height\" content=\"474\" \/>\n\t<meta property=\"og:image:type\" content=\"image\/png\" \/>\n<meta name=\"twitter:card\" content=\"summary_large_image\" \/>\n<script type=\"application\/ld+json\" class=\"yoast-schema-graph\">{\"@context\":\"https:\\\/\\\/schema.org\",\"@graph\":[{\"@type\":\"WebPage\",\"@id\":\"https:\\\/\\\/velazo-b2b.com\\\/product\\\/glass-cup-bottle-washer-automatic-rinser-for-the-sink\\\/\",\"url\":\"https:\\\/\\\/velazo-b2b.com\\\/product\\\/glass-cup-bottle-washer-automatic-rinser-for-the-sink\\\/\",\"name\":\"Glass Cup Bottle Washer Automatic RINSER for the sink - VELAZO.\",\"isPartOf\":{\"@id\":\"https:\\\/\\\/velazo-b2b.com\\\/#website\"},\"primaryImageOfPage\":{\"@id\":\"https:\\\/\\\/velazo-b2b.com\\\/product\\\/glass-cup-bottle-washer-automatic-rinser-for-the-sink\\\/#primaryimage\"},\"image\":{\"@id\":\"https:\\\/\\\/velazo-b2b.com\\\/product\\\/glass-cup-bottle-washer-automatic-rinser-for-the-sink\\\/#primaryimage\"},\"thumbnailUrl\":\"https:\\\/\\\/velazo-b2b.com\\\/wp-content\\\/uploads\\\/2025\\\/04\\\/myjka.png\",\"datePublished\":\"2025-04-09T14:33:51+00:00\",\"dateModified\":\"2025-09-02T14:22:34+00:00\",\"breadcrumb\":{\"@id\":\"https:\\\/\\\/velazo-b2b.com\\\/product\\\/glass-cup-bottle-washer-automatic-rinser-for-the-sink\\\/#breadcrumb\"},\"inLanguage\":\"cs\",\"potentialAction\":[{\"@type\":\"ReadAction\",\"target\":[\"https:\\\/\\\/velazo-b2b.com\\\/product\\\/glass-cup-bottle-washer-automatic-rinser-for-the-sink\\\/\"]}]},{\"@type\":\"ImageObject\",\"inLanguage\":\"cs\",\"@id\":\"https:\\\/\\\/velazo-b2b.com\\\/product\\\/glass-cup-bottle-washer-automatic-rinser-for-the-sink\\\/#primaryimage\",\"url\":\"https:\\\/\\\/velazo-b2b.com\\\/wp-content\\\/uploads\\\/2025\\\/04\\\/myjka.png\",\"contentUrl\":\"https:\\\/\\\/velazo-b2b.com\\\/wp-content\\\/uploads\\\/2025\\\/04\\\/myjka.png\",\"width\":501,\"height\":474},{\"@type\":\"BreadcrumbList\",\"@id\":\"https:\\\/\\\/velazo-b2b.com\\\/product\\\/glass-cup-bottle-washer-automatic-rinser-for-the-sink\\\/#breadcrumb\",\"itemListElement\":[{\"@type\":\"ListItem\",\"position\":1,\"name\":\"Home\",\"item\":\"https:\\\/\\\/velazo-b2b.com\\\/\"},{\"@type\":\"ListItem\",\"position\":2,\"name\":\"Shop\",\"item\":\"https:\\\/\\\/velazo-b2b.com\\\/shop-page\\\/\"},{\"@type\":\"ListItem\",\"position\":3,\"name\":\"Glass Cup Bottle Washer Automatic RINSER for the sink\"}]},{\"@type\":\"WebSite\",\"@id\":\"https:\\\/\\\/velazo-b2b.com\\\/#website\",\"url\":\"https:\\\/\\\/velazo-b2b.com\\\/\",\"name\":\"VELAZO.\",\"description\":\"\",\"potentialAction\":[{\"@type\":\"SearchAction\",\"target\":{\"@type\":\"EntryPoint\",\"urlTemplate\":\"https:\\\/\\\/velazo-b2b.com\\\/?s={search_term_string}\"},\"query-input\":{\"@type\":\"PropertyValueSpecification\",\"valueRequired\":true,\"valueName\":\"search_term_string\"}}],\"inLanguage\":\"cs\"}]}<\/script>\n<!-- \/ Yoast SEO plugin. -->","yoast_head_json":{"title":"Automatick\u00e1 my\u010dka sklen\u011bn\u00fdch lahv\u00ed do d\u0159ezu - VELAZO.","robots":{"index":"index","follow":"follow","max-snippet":"max-snippet:-1","max-image-preview":"max-image-preview:large","max-video-preview":"max-video-preview:-1"},"canonical":"https:\/\/velazo-b2b.com\/cs\/produkt\/automaticky-oplachovac-sklenenych-lahvi-do-drezu\/","og_locale":"cs_CZ","og_type":"article","og_title":"Glass Cup Bottle Washer Automatic RINSER for the sink - VELAZO.","og_description":"The innovative kitchen appliance has been designed to automatically wash glasses, goblets and other glassware, which significantly facilitates the performance of everyday kitchen duties. Thanks to this washer, the dishwashing","og_url":"https:\/\/velazo-b2b.com\/cs\/produkt\/automaticky-oplachovac-sklenenych-lahvi-do-drezu\/","og_site_name":"VELAZO.","article_modified_time":"2025-09-02T14:22:34+00:00","og_image":[{"width":501,"height":474,"url":"https:\/\/velazo-b2b.com\/wp-content\/uploads\/2025\/04\/myjka.png","type":"image\/png"}],"twitter_card":"summary_large_image","schema":{"@context":"https:\/\/schema.org","@graph":[{"@type":"WebPage","@id":"https:\/\/velazo-b2b.com\/product\/glass-cup-bottle-washer-automatic-rinser-for-the-sink\/","url":"https:\/\/velazo-b2b.com\/product\/glass-cup-bottle-washer-automatic-rinser-for-the-sink\/","name":"Automatick\u00e1 my\u010dka sklen\u011bn\u00fdch lahv\u00ed do d\u0159ezu - VELAZO.","isPartOf":{"@id":"https:\/\/velazo-b2b.com\/#website"},"primaryImageOfPage":{"@id":"https:\/\/velazo-b2b.com\/product\/glass-cup-bottle-washer-automatic-rinser-for-the-sink\/#primaryimage"},"image":{"@id":"https:\/\/velazo-b2b.com\/product\/glass-cup-bottle-washer-automatic-rinser-for-the-sink\/#primaryimage"},"thumbnailUrl":"https:\/\/velazo-b2b.com\/wp-content\/uploads\/2025\/04\/myjka.png","datePublished":"2025-04-09T14:33:51+00:00","dateModified":"2025-09-02T14:22:34+00:00","breadcrumb":{"@id":"https:\/\/velazo-b2b.com\/product\/glass-cup-bottle-washer-automatic-rinser-for-the-sink\/#breadcrumb"},"inLanguage":"cs","potentialAction":[{"@type":"ReadAction","target":["https:\/\/velazo-b2b.com\/product\/glass-cup-bottle-washer-automatic-rinser-for-the-sink\/"]}]},{"@type":"ImageObject","inLanguage":"cs","@id":"https:\/\/velazo-b2b.com\/product\/glass-cup-bottle-washer-automatic-rinser-for-the-sink\/#primaryimage","url":"https:\/\/velazo-b2b.com\/wp-content\/uploads\/2025\/04\/myjka.png","contentUrl":"https:\/\/velazo-b2b.com\/wp-content\/uploads\/2025\/04\/myjka.png","width":501,"height":474},{"@type":"BreadcrumbList","@id":"https:\/\/velazo-b2b.com\/product\/glass-cup-bottle-washer-automatic-rinser-for-the-sink\/#breadcrumb","itemListElement":[{"@type":"ListItem","position":1,"name":"Home","item":"https:\/\/velazo-b2b.com\/"},{"@type":"ListItem","position":2,"name":"Shop","item":"https:\/\/velazo-b2b.com\/shop-page\/"},{"@type":"ListItem","position":3,"name":"Glass Cup Bottle Washer Automatic RINSER for the sink"}]},{"@type":"WebSite","@id":"https:\/\/velazo-b2b.com\/#website","url":"https:\/\/velazo-b2b.com\/","name":"VELAZO.","description":"","potentialAction":[{"@type":"SearchAction","target":{"@type":"EntryPoint","urlTemplate":"https:\/\/velazo-b2b.com\/?s={search_term_string}"},"query-input":{"@type":"PropertyValueSpecification","valueRequired":true,"valueName":"search_term_string"}}],"inLanguage":"cs"}]}},"_links":{"self":[{"href":"https:\/\/velazo-b2b.com\/cs\/wp-json\/wp\/v2\/product\/122","targetHints":{"allow":["GET"]}}],"collection":[{"href":"https:\/\/velazo-b2b.com\/cs\/wp-json\/wp\/v2\/product"}],"about":[{"href":"https:\/\/velazo-b2b.com\/cs\/wp-json\/wp\/v2\/types\/product"}],"replies":[{"embeddable":true,"href":"https:\/\/velazo-b2b.com\/cs\/wp-json\/wp\/v2\/comments?post=122"}],"version-history":[{"count":0,"href":"https:\/\/velazo-b2b.com\/cs\/wp-json\/wp\/v2\/product\/122\/revisions"}],"wp:featuredmedia":[{"embeddable":true,"href":"https:\/\/velazo-b2b.com\/cs\/wp-json\/wp\/v2\/media\/121"}],"wp:attachment":[{"href":"https:\/\/velazo-b2b.com\/cs\/wp-json\/wp\/v2\/media?parent=122"}],"wp:term":[{"taxonomy":"product_cat","embeddable":true,"href":"https:\/\/velazo-b2b.com\/cs\/wp-json\/wp\/v2\/product_cat?post=122"},{"taxonomy":"product_tag","embeddable":true,"href":"https:\/\/velazo-b2b.com\/cs\/wp-json\/wp\/v2\/product_tag?post=122"}],"curies":[{"name":"wp","href":"https:\/\/api.w.org\/{rel}","templated":true}]}}