{"id":198,"date":"2025-04-09T14:35:54","date_gmt":"2025-04-09T14:35:54","guid":{"rendered":"https:\/\/velazo-b2b.com\/product\/steel-sink-58-x-48-graphite-with-drainer\/"},"modified":"2026-04-14T13:47:17","modified_gmt":"2026-04-14T11:47:17","slug":"ocelovy-drez-58-x-48-grafit-s-odkapavacem","status":"publish","type":"product","link":"https:\/\/velazo-b2b.com\/cs\/produkt\/ocelovy-drez-58-x-48-grafit-s-odkapavacem\/","title":{"rendered":"Ocelov\u00fd d\u0159ez 58 x 48 grafitov\u00fd s odkap\u00e1va\u010dem"},"content":{"rendered":"<p><strong>Technick\u00e9 \u00fadaje:<\/strong><\/p>\n<ul>\n<li>Zp\u016fsob mont\u00e1\u017ee: Pult<\/li>\n<li>Materi\u00e1l: Nerezov\u00e1 ocel<\/li>\n<li>Povrchov\u00e1 \u00faprava oceli: kart\u00e1\u010dovan\u00fd sat\u00e9n<\/li>\n<li>Barva: Grafitov\u00e1<\/li>\n<li>Rozm\u011bry d\u0159ezu: 580 mm x 480 mm x 210 mm<\/li>\n<li>Rozm\u011bry m\u00edsy: 380 mm x 315 mm<\/li>\n<li>Tlou\u0161\u0165ka kovu m\u00edsy: 0,8 mm<\/li>\n<li>Tlou\u0161\u0165ka kovov\u00e9ho r\u00e1fku: 3 mm<\/li>\n<li>P\u0159epadov\u00fd otvor v m\u00edse: Ano<\/li>\n<li>Odtok vlevo, m\u00edsa vpravo<\/li>\n<\/ul>","protected":false},"excerpt":{"rendered":"<p>Technick\u00e9 \u00fadaje: Zp\u016fsob mont\u00e1\u017ee: Materi\u00e1l: Nerezov\u00e1 ocel Povrchov\u00e1 \u00faprava oceli: kart\u00e1\u010dovan\u00fd sat\u00e9n Barva: Rozm\u011bry d\u0159ezu: Rozm\u011bry m\u00edsy: 580 mm x 480 mm x 210 mm Rozm\u011bry m\u00edsy: 380 mm x 315<\/p>","protected":false},"featured_media":197,"comment_status":"open","ping_status":"closed","template":"","meta":[],"product_cat":[77,57,76],"product_tag":[6,5,9,22],"class_list":{"0":"post-198","1":"product","2":"type-product","3":"status-publish","4":"has-post-thumbnail","6":"product_cat-graphite-sinks","7":"product_cat-handmade-sinks","8":"product_cat-single-bowl-graphite-sinks","9":"product_tag-black-sinks","10":"product_tag-handmade-sink","11":"product_tag-single-bowl-black-sinks","12":"product_tag-single-bowl-black-sinks-with-drainer","14":"first","15":"instock","16":"taxable","17":"shipping-taxable","18":"product-type-simple"},"yoast_head":"<!-- This site is optimized with the Yoast SEO plugin v27.4 - https:\/\/yoast.com\/product\/yoast-seo-wordpress\/ -->\n<title>Steel Sink 58 x 48 Graphite with Drainer - VELAZO.<\/title>\n<meta name=\"robots\" content=\"index, follow, max-snippet:-1, max-image-preview:large, max-video-preview:-1\" \/>\n<link rel=\"canonical\" href=\"https:\/\/velazo-b2b.com\/cs\/produkt\/ocelovy-drez-58-x-48-grafit-s-odkapavacem\/\" \/>\n<meta property=\"og:locale\" content=\"cs_CZ\" \/>\n<meta property=\"og:type\" content=\"article\" \/>\n<meta property=\"og:title\" content=\"Steel Sink 58 x 48 Graphite with Drainer - VELAZO.\" \/>\n<meta property=\"og:description\" content=\"Technical Data: Mounting method: Countertop Material: Stainless steel Steel finish: Brushed satin Colour: Graphite Sink dimensions: 580 mm x 480 mm x 210 mm Bowl dimensions: 380 mm x 315\" \/>\n<meta property=\"og:url\" content=\"https:\/\/velazo-b2b.com\/cs\/produkt\/ocelovy-drez-58-x-48-grafit-s-odkapavacem\/\" \/>\n<meta property=\"og:site_name\" content=\"VELAZO.\" \/>\n<meta property=\"article:modified_time\" content=\"2026-04-14T11:47:17+00:00\" \/>\n<meta property=\"og:image\" content=\"https:\/\/velazo-b2b.com\/wp-content\/uploads\/2025\/04\/5848RB-z-gory.jpg\" \/>\n\t<meta property=\"og:image:width\" content=\"1500\" \/>\n\t<meta property=\"og:image:height\" content=\"1500\" \/>\n\t<meta property=\"og:image:type\" content=\"image\/jpeg\" \/>\n<meta name=\"twitter:card\" content=\"summary_large_image\" \/>\n<script type=\"application\/ld+json\" class=\"yoast-schema-graph\">{\"@context\":\"https:\\\/\\\/schema.org\",\"@graph\":[{\"@type\":\"WebPage\",\"@id\":\"https:\\\/\\\/velazo-b2b.com\\\/product\\\/steel-sink-58-x-48-graphite-with-drainer\\\/\",\"url\":\"https:\\\/\\\/velazo-b2b.com\\\/product\\\/steel-sink-58-x-48-graphite-with-drainer\\\/\",\"name\":\"Steel Sink 58 x 48 Graphite with Drainer - VELAZO.\",\"isPartOf\":{\"@id\":\"https:\\\/\\\/velazo-b2b.com\\\/#website\"},\"primaryImageOfPage\":{\"@id\":\"https:\\\/\\\/velazo-b2b.com\\\/product\\\/steel-sink-58-x-48-graphite-with-drainer\\\/#primaryimage\"},\"image\":{\"@id\":\"https:\\\/\\\/velazo-b2b.com\\\/product\\\/steel-sink-58-x-48-graphite-with-drainer\\\/#primaryimage\"},\"thumbnailUrl\":\"https:\\\/\\\/velazo-b2b.com\\\/wp-content\\\/uploads\\\/2025\\\/04\\\/5848RB-z-gory.jpg\",\"datePublished\":\"2025-04-09T14:35:54+00:00\",\"dateModified\":\"2026-04-14T11:47:17+00:00\",\"breadcrumb\":{\"@id\":\"https:\\\/\\\/velazo-b2b.com\\\/product\\\/steel-sink-58-x-48-graphite-with-drainer\\\/#breadcrumb\"},\"inLanguage\":\"cs\",\"potentialAction\":[{\"@type\":\"ReadAction\",\"target\":[\"https:\\\/\\\/velazo-b2b.com\\\/product\\\/steel-sink-58-x-48-graphite-with-drainer\\\/\"]}]},{\"@type\":\"ImageObject\",\"inLanguage\":\"cs\",\"@id\":\"https:\\\/\\\/velazo-b2b.com\\\/product\\\/steel-sink-58-x-48-graphite-with-drainer\\\/#primaryimage\",\"url\":\"https:\\\/\\\/velazo-b2b.com\\\/wp-content\\\/uploads\\\/2025\\\/04\\\/5848RB-z-gory.jpg\",\"contentUrl\":\"https:\\\/\\\/velazo-b2b.com\\\/wp-content\\\/uploads\\\/2025\\\/04\\\/5848RB-z-gory.jpg\",\"width\":1500,\"height\":1500},{\"@type\":\"BreadcrumbList\",\"@id\":\"https:\\\/\\\/velazo-b2b.com\\\/product\\\/steel-sink-58-x-48-graphite-with-drainer\\\/#breadcrumb\",\"itemListElement\":[{\"@type\":\"ListItem\",\"position\":1,\"name\":\"Home\",\"item\":\"https:\\\/\\\/velazo-b2b.com\\\/\"},{\"@type\":\"ListItem\",\"position\":2,\"name\":\"Shop\",\"item\":\"https:\\\/\\\/velazo-b2b.com\\\/shop-page\\\/\"},{\"@type\":\"ListItem\",\"position\":3,\"name\":\"Steel Sink 58 x 48 Graphite with Drainer\"}]},{\"@type\":\"WebSite\",\"@id\":\"https:\\\/\\\/velazo-b2b.com\\\/#website\",\"url\":\"https:\\\/\\\/velazo-b2b.com\\\/\",\"name\":\"VELAZO.\",\"description\":\"\",\"potentialAction\":[{\"@type\":\"SearchAction\",\"target\":{\"@type\":\"EntryPoint\",\"urlTemplate\":\"https:\\\/\\\/velazo-b2b.com\\\/?s={search_term_string}\"},\"query-input\":{\"@type\":\"PropertyValueSpecification\",\"valueRequired\":true,\"valueName\":\"search_term_string\"}}],\"inLanguage\":\"cs\"}]}<\/script>\n<!-- \/ Yoast SEO plugin. -->","yoast_head_json":{"title":"Ocelov\u00fd d\u0159ez 58 x 48 grafitov\u00fd s odkap\u00e1va\u010dem - VELAZO.","robots":{"index":"index","follow":"follow","max-snippet":"max-snippet:-1","max-image-preview":"max-image-preview:large","max-video-preview":"max-video-preview:-1"},"canonical":"https:\/\/velazo-b2b.com\/cs\/produkt\/ocelovy-drez-58-x-48-grafit-s-odkapavacem\/","og_locale":"cs_CZ","og_type":"article","og_title":"Steel Sink 58 x 48 Graphite with Drainer - VELAZO.","og_description":"Technical Data: Mounting method: Countertop Material: Stainless steel Steel finish: Brushed satin Colour: Graphite Sink dimensions: 580 mm x 480 mm x 210 mm Bowl dimensions: 380 mm x 315","og_url":"https:\/\/velazo-b2b.com\/cs\/produkt\/ocelovy-drez-58-x-48-grafit-s-odkapavacem\/","og_site_name":"VELAZO.","article_modified_time":"2026-04-14T11:47:17+00:00","og_image":[{"width":1500,"height":1500,"url":"https:\/\/velazo-b2b.com\/wp-content\/uploads\/2025\/04\/5848RB-z-gory.jpg","type":"image\/jpeg"}],"twitter_card":"summary_large_image","schema":{"@context":"https:\/\/schema.org","@graph":[{"@type":"WebPage","@id":"https:\/\/velazo-b2b.com\/product\/steel-sink-58-x-48-graphite-with-drainer\/","url":"https:\/\/velazo-b2b.com\/product\/steel-sink-58-x-48-graphite-with-drainer\/","name":"Ocelov\u00fd d\u0159ez 58 x 48 grafitov\u00fd s odkap\u00e1va\u010dem - VELAZO.","isPartOf":{"@id":"https:\/\/velazo-b2b.com\/#website"},"primaryImageOfPage":{"@id":"https:\/\/velazo-b2b.com\/product\/steel-sink-58-x-48-graphite-with-drainer\/#primaryimage"},"image":{"@id":"https:\/\/velazo-b2b.com\/product\/steel-sink-58-x-48-graphite-with-drainer\/#primaryimage"},"thumbnailUrl":"https:\/\/velazo-b2b.com\/wp-content\/uploads\/2025\/04\/5848RB-z-gory.jpg","datePublished":"2025-04-09T14:35:54+00:00","dateModified":"2026-04-14T11:47:17+00:00","breadcrumb":{"@id":"https:\/\/velazo-b2b.com\/product\/steel-sink-58-x-48-graphite-with-drainer\/#breadcrumb"},"inLanguage":"cs","potentialAction":[{"@type":"ReadAction","target":["https:\/\/velazo-b2b.com\/product\/steel-sink-58-x-48-graphite-with-drainer\/"]}]},{"@type":"ImageObject","inLanguage":"cs","@id":"https:\/\/velazo-b2b.com\/product\/steel-sink-58-x-48-graphite-with-drainer\/#primaryimage","url":"https:\/\/velazo-b2b.com\/wp-content\/uploads\/2025\/04\/5848RB-z-gory.jpg","contentUrl":"https:\/\/velazo-b2b.com\/wp-content\/uploads\/2025\/04\/5848RB-z-gory.jpg","width":1500,"height":1500},{"@type":"BreadcrumbList","@id":"https:\/\/velazo-b2b.com\/product\/steel-sink-58-x-48-graphite-with-drainer\/#breadcrumb","itemListElement":[{"@type":"ListItem","position":1,"name":"Home","item":"https:\/\/velazo-b2b.com\/"},{"@type":"ListItem","position":2,"name":"Shop","item":"https:\/\/velazo-b2b.com\/shop-page\/"},{"@type":"ListItem","position":3,"name":"Steel Sink 58 x 48 Graphite with Drainer"}]},{"@type":"WebSite","@id":"https:\/\/velazo-b2b.com\/#website","url":"https:\/\/velazo-b2b.com\/","name":"VELAZO.","description":"","potentialAction":[{"@type":"SearchAction","target":{"@type":"EntryPoint","urlTemplate":"https:\/\/velazo-b2b.com\/?s={search_term_string}"},"query-input":{"@type":"PropertyValueSpecification","valueRequired":true,"valueName":"search_term_string"}}],"inLanguage":"cs"}]}},"_links":{"self":[{"href":"https:\/\/velazo-b2b.com\/cs\/wp-json\/wp\/v2\/product\/198","targetHints":{"allow":["GET"]}}],"collection":[{"href":"https:\/\/velazo-b2b.com\/cs\/wp-json\/wp\/v2\/product"}],"about":[{"href":"https:\/\/velazo-b2b.com\/cs\/wp-json\/wp\/v2\/types\/product"}],"replies":[{"embeddable":true,"href":"https:\/\/velazo-b2b.com\/cs\/wp-json\/wp\/v2\/comments?post=198"}],"version-history":[{"count":0,"href":"https:\/\/velazo-b2b.com\/cs\/wp-json\/wp\/v2\/product\/198\/revisions"}],"wp:featuredmedia":[{"embeddable":true,"href":"https:\/\/velazo-b2b.com\/cs\/wp-json\/wp\/v2\/media\/197"}],"wp:attachment":[{"href":"https:\/\/velazo-b2b.com\/cs\/wp-json\/wp\/v2\/media?parent=198"}],"wp:term":[{"taxonomy":"product_cat","embeddable":true,"href":"https:\/\/velazo-b2b.com\/cs\/wp-json\/wp\/v2\/product_cat?post=198"},{"taxonomy":"product_tag","embeddable":true,"href":"https:\/\/velazo-b2b.com\/cs\/wp-json\/wp\/v2\/product_tag?post=198"}],"curies":[{"name":"wp","href":"https:\/\/api.w.org\/{rel}","templated":true}]}}