{"id":212,"date":"2025-04-09T14:36:11","date_gmt":"2025-04-09T14:36:11","guid":{"rendered":"https:\/\/velazo-b2b.com\/product\/small-golden-kitchen-sink-22-x-44-cm-from-velazo\/"},"modified":"2026-04-14T13:46:41","modified_gmt":"2026-04-14T11:46:41","slug":"maly-zlaty-kuchynsky-drez-22-x-44-cm-od-firmy-velazo","status":"publish","type":"product","link":"https:\/\/velazo-b2b.com\/cs\/produkt\/maly-zlaty-kuchynsky-drez-22-x-44-cm-od-firmy-velazo\/","title":{"rendered":"Mal\u00fd zlat\u00fd kuchy\u0148sk\u00fd d\u0159ez 22 x 44 cm od spole\u010dnosti Velazo."},"content":{"rendered":"<p><strong>Technick\u00e9 \u00fadaje:<\/strong><\/p>\n<ul>\n<li dir=\"ltr\" role=\"presentation\">Zp\u016fsob mont\u00e1\u017ee: mont\u00e1\u017e na desku \/ na st\u011bnu<\/li>\n<li dir=\"ltr\" role=\"presentation\">Materi\u00e1l: nerezov\u00e1 ocel<\/li>\n<li dir=\"ltr\" role=\"presentation\">Povrchov\u00e1 \u00faprava oceli: kart\u00e1\u010dovan\u00fd sat\u00e9n<\/li>\n<li dir=\"ltr\" role=\"presentation\">Barva: zlat\u00e1<\/li>\n<li dir=\"ltr\" role=\"presentation\">Rozm\u011bry d\u0159ezu: 220 mm x 440 mm x 210 mm<\/li>\n<li dir=\"ltr\" role=\"presentation\">Rozm\u011bry m\u00edsy: 180 mm x 400 mm<\/li>\n<li dir=\"ltr\" role=\"presentation\">Tlou\u0161\u0165ka kovov\u00e9 komory: 0,8 mm<\/li>\n<li dir=\"ltr\" role=\"presentation\">Tlou\u0161\u0165ka kovov\u00e9ho r\u00e1fku: 3 mm<\/li>\n<li dir=\"ltr\" role=\"presentation\">P\u0159epadov\u00fd otvor v komo\u0159e: Ano<\/li>\n<li dir=\"ltr\" role=\"presentation\">Sk\u0159\u00ed\u0148 od 25 cm<\/li>\n<\/ul>\n<p>&nbsp;<\/p>","protected":false},"excerpt":{"rendered":"<p>Technick\u00e9 \u00fadaje: Materi\u00e1l: nerezov\u00e1 ocel Povrchov\u00e1 \u00faprava oceli: kart\u00e1\u010dovan\u00fd sat\u00e9n Barva: zlat\u00e1 Rozm\u011bry d\u0159ezu: Rozm\u011bry m\u00edsy: 220 mm x 440 mm x 210 mm: 180 mm x 400<\/p>","protected":false},"featured_media":211,"comment_status":"open","ping_status":"closed","template":"","meta":[],"product_cat":[74,57,73,56,79],"product_tag":[13,5,8,12,7],"class_list":{"0":"post-212","1":"product","2":"type-product","3":"status-publish","4":"has-post-thumbnail","6":"product_cat-gold-sinks","7":"product_cat-handmade-sinks","8":"product_cat-single-bowl-gold-sinks","9":"product_cat-single-bowl-kitchen-sinks","10":"product_cat-single-bowl-without-drainer-sinks","11":"product_tag-gold-sinks","12":"product_tag-handmade-sink","13":"product_tag-single-bowl","14":"product_tag-single-bowl-gold-sinks","15":"product_tag-single-bowl-without-drainer","17":"first","18":"instock","19":"taxable","20":"shipping-taxable","21":"product-type-simple"},"yoast_head":"<!-- This site is optimized with the Yoast SEO plugin v27.4 - https:\/\/yoast.com\/product\/yoast-seo-wordpress\/ -->\n<title>Small Golden Kitchen Sink 22 x 44 cm from Velazo. - VELAZO.<\/title>\n<meta name=\"robots\" content=\"index, follow, max-snippet:-1, max-image-preview:large, max-video-preview:-1\" \/>\n<link rel=\"canonical\" href=\"https:\/\/velazo-b2b.com\/cs\/produkt\/maly-zlaty-kuchynsky-drez-22-x-44-cm-od-firmy-velazo\/\" \/>\n<meta property=\"og:locale\" content=\"cs_CZ\" \/>\n<meta property=\"og:type\" content=\"article\" \/>\n<meta property=\"og:title\" content=\"Small Golden Kitchen Sink 22 x 44 cm from Velazo. - VELAZO.\" \/>\n<meta property=\"og:description\" content=\"Technical data: Mounting method: countertop\/wall-mounted Material: stainless steel Steel finish: brushed satin Color: Gold Sink dimensions: 220 mm x 440 mm x 210 mm Bowl dimensions: 180 mm x 400\" \/>\n<meta property=\"og:url\" content=\"https:\/\/velazo-b2b.com\/cs\/produkt\/maly-zlaty-kuchynsky-drez-22-x-44-cm-od-firmy-velazo\/\" \/>\n<meta property=\"og:site_name\" content=\"VELAZO.\" \/>\n<meta property=\"article:modified_time\" content=\"2026-04-14T11:46:41+00:00\" \/>\n<meta property=\"og:image\" content=\"https:\/\/velazo-b2b.com\/wp-content\/uploads\/2025\/04\/HD2244G-1.jpg\" \/>\n\t<meta property=\"og:image:width\" content=\"1500\" \/>\n\t<meta property=\"og:image:height\" content=\"1500\" \/>\n\t<meta property=\"og:image:type\" content=\"image\/jpeg\" \/>\n<meta name=\"twitter:card\" content=\"summary_large_image\" \/>\n<script type=\"application\/ld+json\" class=\"yoast-schema-graph\">{\"@context\":\"https:\\\/\\\/schema.org\",\"@graph\":[{\"@type\":\"WebPage\",\"@id\":\"https:\\\/\\\/velazo-b2b.com\\\/product\\\/small-golden-kitchen-sink-22-x-44-cm-from-velazo\\\/\",\"url\":\"https:\\\/\\\/velazo-b2b.com\\\/product\\\/small-golden-kitchen-sink-22-x-44-cm-from-velazo\\\/\",\"name\":\"Small Golden Kitchen Sink 22 x 44 cm from Velazo. - VELAZO.\",\"isPartOf\":{\"@id\":\"https:\\\/\\\/velazo-b2b.com\\\/#website\"},\"primaryImageOfPage\":{\"@id\":\"https:\\\/\\\/velazo-b2b.com\\\/product\\\/small-golden-kitchen-sink-22-x-44-cm-from-velazo\\\/#primaryimage\"},\"image\":{\"@id\":\"https:\\\/\\\/velazo-b2b.com\\\/product\\\/small-golden-kitchen-sink-22-x-44-cm-from-velazo\\\/#primaryimage\"},\"thumbnailUrl\":\"https:\\\/\\\/velazo-b2b.com\\\/wp-content\\\/uploads\\\/2025\\\/04\\\/HD2244G-1.jpg\",\"datePublished\":\"2025-04-09T14:36:11+00:00\",\"dateModified\":\"2026-04-14T11:46:41+00:00\",\"breadcrumb\":{\"@id\":\"https:\\\/\\\/velazo-b2b.com\\\/product\\\/small-golden-kitchen-sink-22-x-44-cm-from-velazo\\\/#breadcrumb\"},\"inLanguage\":\"cs\",\"potentialAction\":[{\"@type\":\"ReadAction\",\"target\":[\"https:\\\/\\\/velazo-b2b.com\\\/product\\\/small-golden-kitchen-sink-22-x-44-cm-from-velazo\\\/\"]}]},{\"@type\":\"ImageObject\",\"inLanguage\":\"cs\",\"@id\":\"https:\\\/\\\/velazo-b2b.com\\\/product\\\/small-golden-kitchen-sink-22-x-44-cm-from-velazo\\\/#primaryimage\",\"url\":\"https:\\\/\\\/velazo-b2b.com\\\/wp-content\\\/uploads\\\/2025\\\/04\\\/HD2244G-1.jpg\",\"contentUrl\":\"https:\\\/\\\/velazo-b2b.com\\\/wp-content\\\/uploads\\\/2025\\\/04\\\/HD2244G-1.jpg\",\"width\":1500,\"height\":1500},{\"@type\":\"BreadcrumbList\",\"@id\":\"https:\\\/\\\/velazo-b2b.com\\\/product\\\/small-golden-kitchen-sink-22-x-44-cm-from-velazo\\\/#breadcrumb\",\"itemListElement\":[{\"@type\":\"ListItem\",\"position\":1,\"name\":\"Home\",\"item\":\"https:\\\/\\\/velazo-b2b.com\\\/\"},{\"@type\":\"ListItem\",\"position\":2,\"name\":\"Shop\",\"item\":\"https:\\\/\\\/velazo-b2b.com\\\/shop-page\\\/\"},{\"@type\":\"ListItem\",\"position\":3,\"name\":\"Small Golden Kitchen Sink 22 x 44 cm from Velazo.\"}]},{\"@type\":\"WebSite\",\"@id\":\"https:\\\/\\\/velazo-b2b.com\\\/#website\",\"url\":\"https:\\\/\\\/velazo-b2b.com\\\/\",\"name\":\"VELAZO.\",\"description\":\"\",\"potentialAction\":[{\"@type\":\"SearchAction\",\"target\":{\"@type\":\"EntryPoint\",\"urlTemplate\":\"https:\\\/\\\/velazo-b2b.com\\\/?s={search_term_string}\"},\"query-input\":{\"@type\":\"PropertyValueSpecification\",\"valueRequired\":true,\"valueName\":\"search_term_string\"}}],\"inLanguage\":\"cs\"}]}<\/script>\n<!-- \/ Yoast SEO plugin. -->","yoast_head_json":{"title":"Mal\u00fd zlat\u00fd kuchy\u0148sk\u00fd d\u0159ez 22 x 44 cm od spole\u010dnosti Velazo. - VELAZO.","robots":{"index":"index","follow":"follow","max-snippet":"max-snippet:-1","max-image-preview":"max-image-preview:large","max-video-preview":"max-video-preview:-1"},"canonical":"https:\/\/velazo-b2b.com\/cs\/produkt\/maly-zlaty-kuchynsky-drez-22-x-44-cm-od-firmy-velazo\/","og_locale":"cs_CZ","og_type":"article","og_title":"Small Golden Kitchen Sink 22 x 44 cm from Velazo. - VELAZO.","og_description":"Technical data: Mounting method: countertop\/wall-mounted Material: stainless steel Steel finish: brushed satin Color: Gold Sink dimensions: 220 mm x 440 mm x 210 mm Bowl dimensions: 180 mm x 400","og_url":"https:\/\/velazo-b2b.com\/cs\/produkt\/maly-zlaty-kuchynsky-drez-22-x-44-cm-od-firmy-velazo\/","og_site_name":"VELAZO.","article_modified_time":"2026-04-14T11:46:41+00:00","og_image":[{"width":1500,"height":1500,"url":"https:\/\/velazo-b2b.com\/wp-content\/uploads\/2025\/04\/HD2244G-1.jpg","type":"image\/jpeg"}],"twitter_card":"summary_large_image","schema":{"@context":"https:\/\/schema.org","@graph":[{"@type":"WebPage","@id":"https:\/\/velazo-b2b.com\/product\/small-golden-kitchen-sink-22-x-44-cm-from-velazo\/","url":"https:\/\/velazo-b2b.com\/product\/small-golden-kitchen-sink-22-x-44-cm-from-velazo\/","name":"Mal\u00fd zlat\u00fd kuchy\u0148sk\u00fd d\u0159ez 22 x 44 cm od spole\u010dnosti Velazo. - VELAZO.","isPartOf":{"@id":"https:\/\/velazo-b2b.com\/#website"},"primaryImageOfPage":{"@id":"https:\/\/velazo-b2b.com\/product\/small-golden-kitchen-sink-22-x-44-cm-from-velazo\/#primaryimage"},"image":{"@id":"https:\/\/velazo-b2b.com\/product\/small-golden-kitchen-sink-22-x-44-cm-from-velazo\/#primaryimage"},"thumbnailUrl":"https:\/\/velazo-b2b.com\/wp-content\/uploads\/2025\/04\/HD2244G-1.jpg","datePublished":"2025-04-09T14:36:11+00:00","dateModified":"2026-04-14T11:46:41+00:00","breadcrumb":{"@id":"https:\/\/velazo-b2b.com\/product\/small-golden-kitchen-sink-22-x-44-cm-from-velazo\/#breadcrumb"},"inLanguage":"cs","potentialAction":[{"@type":"ReadAction","target":["https:\/\/velazo-b2b.com\/product\/small-golden-kitchen-sink-22-x-44-cm-from-velazo\/"]}]},{"@type":"ImageObject","inLanguage":"cs","@id":"https:\/\/velazo-b2b.com\/product\/small-golden-kitchen-sink-22-x-44-cm-from-velazo\/#primaryimage","url":"https:\/\/velazo-b2b.com\/wp-content\/uploads\/2025\/04\/HD2244G-1.jpg","contentUrl":"https:\/\/velazo-b2b.com\/wp-content\/uploads\/2025\/04\/HD2244G-1.jpg","width":1500,"height":1500},{"@type":"BreadcrumbList","@id":"https:\/\/velazo-b2b.com\/product\/small-golden-kitchen-sink-22-x-44-cm-from-velazo\/#breadcrumb","itemListElement":[{"@type":"ListItem","position":1,"name":"Home","item":"https:\/\/velazo-b2b.com\/"},{"@type":"ListItem","position":2,"name":"Shop","item":"https:\/\/velazo-b2b.com\/shop-page\/"},{"@type":"ListItem","position":3,"name":"Small Golden Kitchen Sink 22 x 44 cm from Velazo."}]},{"@type":"WebSite","@id":"https:\/\/velazo-b2b.com\/#website","url":"https:\/\/velazo-b2b.com\/","name":"VELAZO.","description":"","potentialAction":[{"@type":"SearchAction","target":{"@type":"EntryPoint","urlTemplate":"https:\/\/velazo-b2b.com\/?s={search_term_string}"},"query-input":{"@type":"PropertyValueSpecification","valueRequired":true,"valueName":"search_term_string"}}],"inLanguage":"cs"}]}},"_links":{"self":[{"href":"https:\/\/velazo-b2b.com\/cs\/wp-json\/wp\/v2\/product\/212","targetHints":{"allow":["GET"]}}],"collection":[{"href":"https:\/\/velazo-b2b.com\/cs\/wp-json\/wp\/v2\/product"}],"about":[{"href":"https:\/\/velazo-b2b.com\/cs\/wp-json\/wp\/v2\/types\/product"}],"replies":[{"embeddable":true,"href":"https:\/\/velazo-b2b.com\/cs\/wp-json\/wp\/v2\/comments?post=212"}],"version-history":[{"count":0,"href":"https:\/\/velazo-b2b.com\/cs\/wp-json\/wp\/v2\/product\/212\/revisions"}],"wp:featuredmedia":[{"embeddable":true,"href":"https:\/\/velazo-b2b.com\/cs\/wp-json\/wp\/v2\/media\/211"}],"wp:attachment":[{"href":"https:\/\/velazo-b2b.com\/cs\/wp-json\/wp\/v2\/media?parent=212"}],"wp:term":[{"taxonomy":"product_cat","embeddable":true,"href":"https:\/\/velazo-b2b.com\/cs\/wp-json\/wp\/v2\/product_cat?post=212"},{"taxonomy":"product_tag","embeddable":true,"href":"https:\/\/velazo-b2b.com\/cs\/wp-json\/wp\/v2\/product_tag?post=212"}],"curies":[{"name":"wp","href":"https:\/\/api.w.org\/{rel}","templated":true}]}}