{"id":262,"date":"2025-04-09T14:37:24","date_gmt":"2025-04-09T14:37:24","guid":{"rendered":"https:\/\/velazo-b2b.com\/product\/kitchen-tap-with-flexible-spout-red-flexi-graphite\/"},"modified":"2026-04-14T13:48:22","modified_gmt":"2026-04-14T11:48:22","slug":"kuchynska-baterie-s-ohebnou-vypusti-cervena-flexi-grafitova","status":"publish","type":"product","link":"https:\/\/velazo-b2b.com\/cs\/produkt\/kuchynska-baterie-s-ohebnou-vypusti-cervena-flexi-grafitova\/","title":{"rendered":"Kuchy\u0148sk\u00e1 baterie s ohebnou v\u00fdpust\u00ed \u010derven\u00e1 flexi - grafitov\u00e1"},"content":{"rendered":"<p><strong>Technick\u00e9 \u00fadaje:<\/strong><\/p>\n<ul>\n<li>Ot\u00e1\u010den\u00ed o 360\u00b0<\/li>\n<li>v\u00fdm\u011bna tepl\u00e9 a studen\u00e9 vody<\/li>\n<li>Dobr\u00e1 kvalita za n\u00edzkou cenu<\/li>\n<li>Jednop\u00e1kov\u00fd, stoj\u00edc\u00ed<\/li>\n<li>35 mm keramick\u00e1 m\u00edcha\u010dka<\/li>\n<li>Vysoce kvalitn\u00ed silikonov\u00e1 hadice<\/li>\n<li>Silikonov\u00fd kryt v barv\u011b v\u00fdlevky na rukojeti<\/li>\n<li>\u00dasporn\u00fd perl\u00e1tor, vyroben\u00fd z plastu<\/li>\n<\/ul>\n<p><strong>\u010cerven\u00fd kuchy\u0148sk\u00fd kohoutek<\/strong><\/p>\n<p>\u2714\ufe0f Vysoce kvalitn\u00ed chromovan\u00e1 d\u0159ezov\u00e1 baterie z nerezov\u00e9 oceli 304<\/p>\n<p>NEJKVALITN\u011aJ\u0160\u00cd MATERI\u00c1LY: Na\u0161e vodovodn\u00ed baterie jsou vyrobeny z nejkvalitn\u011bj\u0161\u00edch materi\u00e1l\u016f, co\u017e zaru\u010duje dlouhou \u017eivotnost a odolnost proti po\u0161kozen\u00ed. \u010cerven\u00e1 barva nejen\u017ee vypad\u00e1 stylov\u011b, ale je tak\u00e9 odoln\u00e1 proti po\u0161kr\u00e1b\u00e1n\u00ed a dlouho si zachov\u00e1v\u00e1 sv\u016fj lesk.<\/p>\n<p><strong>\u2b50 V\u00fdhody baterie:<\/strong><\/p>\n<p>\u2705 P\u0158IPOJOVAC\u00cd HADICE<\/p>\n<p>\u2705 KERAMICK\u00dd MIX\u00c9R<\/p>\n<p>\u2705 SYST\u00c9M RYCHL\u00c9 MONT\u00c1\u017dE<\/p>\n<p>\u2705 ECOSAVE<\/p>\n<p>\u2705 MONT\u00c1\u017dN\u00cd DESKA PRO TENK\u00c9 POVRCHY<strong><\/strong><\/p>","protected":false},"excerpt":{"rendered":"<p>Technick\u00e9 \u00fadaje: Jednolit\u00e1 p\u00e1ka, stoj\u00edc\u00ed keramick\u00e1 baterie 35 mm Vysoce kvalitn\u00ed silikonov\u00e1 hadice Silikonov\u00fd kryt v barv\u011b: 360\u00b0 rotace zm\u011bna tepl\u00e9 a studen\u00e9 vody Dobr\u00e1 kvalita za n\u00edzkou cenu<\/p>","protected":false},"featured_media":261,"comment_status":"open","ping_status":"closed","template":"","meta":[],"product_cat":[69,67],"product_tag":[24,36,23],"class_list":{"0":"post-262","1":"product","2":"type-product","3":"status-publish","4":"has-post-thumbnail","6":"product_cat-flexible-kitchen-faucets","7":"product_cat-sink-faucets","8":"product_tag-flexible-kitchen-faucets","9":"product_tag-red-kitchen-taps","10":"product_tag-sink-faucets","12":"first","13":"instock","14":"taxable","15":"shipping-taxable","16":"product-type-simple"},"yoast_head":"<!-- This site is optimized with the Yoast SEO plugin v27.4 - https:\/\/yoast.com\/product\/yoast-seo-wordpress\/ -->\n<title>Kitchen tap with flexible spout red flexi - graphite - VELAZO.<\/title>\n<meta name=\"robots\" content=\"index, follow, max-snippet:-1, max-image-preview:large, max-video-preview:-1\" \/>\n<link rel=\"canonical\" href=\"https:\/\/velazo-b2b.com\/cs\/produkt\/kuchynska-baterie-s-ohebnou-vypusti-cervena-flexi-grafitova\/\" \/>\n<meta property=\"og:locale\" content=\"cs_CZ\" \/>\n<meta property=\"og:type\" content=\"article\" \/>\n<meta property=\"og:title\" content=\"Kitchen tap with flexible spout red flexi - graphite - VELAZO.\" \/>\n<meta property=\"og:description\" content=\"Technical Data: 360\u00b0 rotation change of hot and cold water Good quality at a low price Single-lever, standing 35 mm ceramic mixer High-quality silicone hose Silicone cover in the color\" \/>\n<meta property=\"og:url\" content=\"https:\/\/velazo-b2b.com\/cs\/produkt\/kuchynska-baterie-s-ohebnou-vypusti-cervena-flexi-grafitova\/\" \/>\n<meta property=\"og:site_name\" content=\"VELAZO.\" \/>\n<meta property=\"article:modified_time\" content=\"2026-04-14T11:48:22+00:00\" \/>\n<meta property=\"og:image\" content=\"https:\/\/velazo-b2b.com\/wp-content\/uploads\/2025\/04\/940362670035b4a5f061b0c82bef732e-scaled.jpg\" \/>\n\t<meta property=\"og:image:width\" content=\"2560\" \/>\n\t<meta property=\"og:image:height\" content=\"2560\" \/>\n\t<meta property=\"og:image:type\" content=\"image\/jpeg\" \/>\n<meta name=\"twitter:card\" content=\"summary_large_image\" \/>\n<meta name=\"twitter:label1\" content=\"Odhadovan\u00e1 doba \u010dten\u00ed\" \/>\n\t<meta name=\"twitter:data1\" content=\"1 minuta\" \/>\n<script type=\"application\/ld+json\" class=\"yoast-schema-graph\">{\"@context\":\"https:\\\/\\\/schema.org\",\"@graph\":[{\"@type\":\"WebPage\",\"@id\":\"https:\\\/\\\/velazo-b2b.com\\\/product\\\/kitchen-tap-with-flexible-spout-red-flexi-graphite\\\/\",\"url\":\"https:\\\/\\\/velazo-b2b.com\\\/product\\\/kitchen-tap-with-flexible-spout-red-flexi-graphite\\\/\",\"name\":\"Kitchen tap with flexible spout red flexi - graphite - VELAZO.\",\"isPartOf\":{\"@id\":\"https:\\\/\\\/velazo-b2b.com\\\/#website\"},\"primaryImageOfPage\":{\"@id\":\"https:\\\/\\\/velazo-b2b.com\\\/product\\\/kitchen-tap-with-flexible-spout-red-flexi-graphite\\\/#primaryimage\"},\"image\":{\"@id\":\"https:\\\/\\\/velazo-b2b.com\\\/product\\\/kitchen-tap-with-flexible-spout-red-flexi-graphite\\\/#primaryimage\"},\"thumbnailUrl\":\"https:\\\/\\\/velazo-b2b.com\\\/wp-content\\\/uploads\\\/2025\\\/04\\\/940362670035b4a5f061b0c82bef732e-scaled.jpg\",\"datePublished\":\"2025-04-09T14:37:24+00:00\",\"dateModified\":\"2026-04-14T11:48:22+00:00\",\"breadcrumb\":{\"@id\":\"https:\\\/\\\/velazo-b2b.com\\\/product\\\/kitchen-tap-with-flexible-spout-red-flexi-graphite\\\/#breadcrumb\"},\"inLanguage\":\"cs\",\"potentialAction\":[{\"@type\":\"ReadAction\",\"target\":[\"https:\\\/\\\/velazo-b2b.com\\\/product\\\/kitchen-tap-with-flexible-spout-red-flexi-graphite\\\/\"]}]},{\"@type\":\"ImageObject\",\"inLanguage\":\"cs\",\"@id\":\"https:\\\/\\\/velazo-b2b.com\\\/product\\\/kitchen-tap-with-flexible-spout-red-flexi-graphite\\\/#primaryimage\",\"url\":\"https:\\\/\\\/velazo-b2b.com\\\/wp-content\\\/uploads\\\/2025\\\/04\\\/940362670035b4a5f061b0c82bef732e-scaled.jpg\",\"contentUrl\":\"https:\\\/\\\/velazo-b2b.com\\\/wp-content\\\/uploads\\\/2025\\\/04\\\/940362670035b4a5f061b0c82bef732e-scaled.jpg\",\"width\":2560,\"height\":2560},{\"@type\":\"BreadcrumbList\",\"@id\":\"https:\\\/\\\/velazo-b2b.com\\\/product\\\/kitchen-tap-with-flexible-spout-red-flexi-graphite\\\/#breadcrumb\",\"itemListElement\":[{\"@type\":\"ListItem\",\"position\":1,\"name\":\"Home\",\"item\":\"https:\\\/\\\/velazo-b2b.com\\\/\"},{\"@type\":\"ListItem\",\"position\":2,\"name\":\"Shop\",\"item\":\"https:\\\/\\\/velazo-b2b.com\\\/shop-page\\\/\"},{\"@type\":\"ListItem\",\"position\":3,\"name\":\"Kitchen tap with flexible spout red flexi &#8211; graphite\"}]},{\"@type\":\"WebSite\",\"@id\":\"https:\\\/\\\/velazo-b2b.com\\\/#website\",\"url\":\"https:\\\/\\\/velazo-b2b.com\\\/\",\"name\":\"VELAZO.\",\"description\":\"\",\"potentialAction\":[{\"@type\":\"SearchAction\",\"target\":{\"@type\":\"EntryPoint\",\"urlTemplate\":\"https:\\\/\\\/velazo-b2b.com\\\/?s={search_term_string}\"},\"query-input\":{\"@type\":\"PropertyValueSpecification\",\"valueRequired\":true,\"valueName\":\"search_term_string\"}}],\"inLanguage\":\"cs\"}]}<\/script>\n<!-- \/ Yoast SEO plugin. -->","yoast_head_json":{"title":"Kuchy\u0148sk\u00e1 baterie s ohebnou v\u00fdpust\u00ed \u010derven\u00e1 flexi - grafit - VELAZO.","robots":{"index":"index","follow":"follow","max-snippet":"max-snippet:-1","max-image-preview":"max-image-preview:large","max-video-preview":"max-video-preview:-1"},"canonical":"https:\/\/velazo-b2b.com\/cs\/produkt\/kuchynska-baterie-s-ohebnou-vypusti-cervena-flexi-grafitova\/","og_locale":"cs_CZ","og_type":"article","og_title":"Kitchen tap with flexible spout red flexi - graphite - VELAZO.","og_description":"Technical Data: 360\u00b0 rotation change of hot and cold water Good quality at a low price Single-lever, standing 35 mm ceramic mixer High-quality silicone hose Silicone cover in the color","og_url":"https:\/\/velazo-b2b.com\/cs\/produkt\/kuchynska-baterie-s-ohebnou-vypusti-cervena-flexi-grafitova\/","og_site_name":"VELAZO.","article_modified_time":"2026-04-14T11:48:22+00:00","og_image":[{"width":2560,"height":2560,"url":"https:\/\/velazo-b2b.com\/wp-content\/uploads\/2025\/04\/940362670035b4a5f061b0c82bef732e-scaled.jpg","type":"image\/jpeg"}],"twitter_card":"summary_large_image","twitter_misc":{"Odhadovan\u00e1 doba \u010dten\u00ed":"1 minuta"},"schema":{"@context":"https:\/\/schema.org","@graph":[{"@type":"WebPage","@id":"https:\/\/velazo-b2b.com\/product\/kitchen-tap-with-flexible-spout-red-flexi-graphite\/","url":"https:\/\/velazo-b2b.com\/product\/kitchen-tap-with-flexible-spout-red-flexi-graphite\/","name":"Kuchy\u0148sk\u00e1 baterie s ohebnou v\u00fdpust\u00ed \u010derven\u00e1 flexi - grafit - VELAZO.","isPartOf":{"@id":"https:\/\/velazo-b2b.com\/#website"},"primaryImageOfPage":{"@id":"https:\/\/velazo-b2b.com\/product\/kitchen-tap-with-flexible-spout-red-flexi-graphite\/#primaryimage"},"image":{"@id":"https:\/\/velazo-b2b.com\/product\/kitchen-tap-with-flexible-spout-red-flexi-graphite\/#primaryimage"},"thumbnailUrl":"https:\/\/velazo-b2b.com\/wp-content\/uploads\/2025\/04\/940362670035b4a5f061b0c82bef732e-scaled.jpg","datePublished":"2025-04-09T14:37:24+00:00","dateModified":"2026-04-14T11:48:22+00:00","breadcrumb":{"@id":"https:\/\/velazo-b2b.com\/product\/kitchen-tap-with-flexible-spout-red-flexi-graphite\/#breadcrumb"},"inLanguage":"cs","potentialAction":[{"@type":"ReadAction","target":["https:\/\/velazo-b2b.com\/product\/kitchen-tap-with-flexible-spout-red-flexi-graphite\/"]}]},{"@type":"ImageObject","inLanguage":"cs","@id":"https:\/\/velazo-b2b.com\/product\/kitchen-tap-with-flexible-spout-red-flexi-graphite\/#primaryimage","url":"https:\/\/velazo-b2b.com\/wp-content\/uploads\/2025\/04\/940362670035b4a5f061b0c82bef732e-scaled.jpg","contentUrl":"https:\/\/velazo-b2b.com\/wp-content\/uploads\/2025\/04\/940362670035b4a5f061b0c82bef732e-scaled.jpg","width":2560,"height":2560},{"@type":"BreadcrumbList","@id":"https:\/\/velazo-b2b.com\/product\/kitchen-tap-with-flexible-spout-red-flexi-graphite\/#breadcrumb","itemListElement":[{"@type":"ListItem","position":1,"name":"Home","item":"https:\/\/velazo-b2b.com\/"},{"@type":"ListItem","position":2,"name":"Shop","item":"https:\/\/velazo-b2b.com\/shop-page\/"},{"@type":"ListItem","position":3,"name":"Kitchen tap with flexible spout red flexi &#8211; graphite"}]},{"@type":"WebSite","@id":"https:\/\/velazo-b2b.com\/#website","url":"https:\/\/velazo-b2b.com\/","name":"VELAZO.","description":"","potentialAction":[{"@type":"SearchAction","target":{"@type":"EntryPoint","urlTemplate":"https:\/\/velazo-b2b.com\/?s={search_term_string}"},"query-input":{"@type":"PropertyValueSpecification","valueRequired":true,"valueName":"search_term_string"}}],"inLanguage":"cs"}]}},"_links":{"self":[{"href":"https:\/\/velazo-b2b.com\/cs\/wp-json\/wp\/v2\/product\/262","targetHints":{"allow":["GET"]}}],"collection":[{"href":"https:\/\/velazo-b2b.com\/cs\/wp-json\/wp\/v2\/product"}],"about":[{"href":"https:\/\/velazo-b2b.com\/cs\/wp-json\/wp\/v2\/types\/product"}],"replies":[{"embeddable":true,"href":"https:\/\/velazo-b2b.com\/cs\/wp-json\/wp\/v2\/comments?post=262"}],"version-history":[{"count":0,"href":"https:\/\/velazo-b2b.com\/cs\/wp-json\/wp\/v2\/product\/262\/revisions"}],"wp:featuredmedia":[{"embeddable":true,"href":"https:\/\/velazo-b2b.com\/cs\/wp-json\/wp\/v2\/media\/261"}],"wp:attachment":[{"href":"https:\/\/velazo-b2b.com\/cs\/wp-json\/wp\/v2\/media?parent=262"}],"wp:term":[{"taxonomy":"product_cat","embeddable":true,"href":"https:\/\/velazo-b2b.com\/cs\/wp-json\/wp\/v2\/product_cat?post=262"},{"taxonomy":"product_tag","embeddable":true,"href":"https:\/\/velazo-b2b.com\/cs\/wp-json\/wp\/v2\/product_tag?post=262"}],"curies":[{"name":"wp","href":"https:\/\/api.w.org\/{rel}","templated":true}]}}