{"id":2708,"date":"2025-04-23T12:30:09","date_gmt":"2025-04-23T10:30:09","guid":{"rendered":"https:\/\/velazo-b2b.com\/?post_type=product&#038;p=2708"},"modified":"2026-02-16T11:01:45","modified_gmt":"2026-02-16T10:01:45","slug":"zlaty-kos-pro-ocelovy-zulovy-drez","status":"publish","type":"product","link":"https:\/\/velazo-b2b.com\/cs\/produkt\/zlaty-kos-pro-ocelovy-zulovy-drez\/","title":{"rendered":"Zlat\u00fd ko\u0161 pro ocelov\u00fd \u017eulov\u00fd d\u0159ez"},"content":{"rendered":"<p><strong>Funk\u010dn\u00ed a elegantn\u00ed zlat\u00fd ko\u0161 na d\u0159ez.<\/strong><\/p>\n<p>Je vyroben z nerezov\u00e9 oceli a dokonale se hod\u00ed k \u017eulov\u00fdm a ocelov\u00fdm d\u0159ez\u016fm.<\/p>\n<p><strong>Vlastnosti produktu:<\/strong><\/p>\n<p>- Materi\u00e1l: nerezov\u00e1 ocel<\/p>\n<p>- Barva: zlat\u00e1, kart\u00e1\u010dovan\u00fd sat\u00e9nov\u00fd povrch<\/p>\n<p>- Rozm\u011bry: 440x185 mm (vnit\u0159n\u00ed d\u00e9lka 395 mm) v\u00fd\u0161ka 67 mm<\/p>\n<p>- Protiskluzov\u00e9 no\u017ei\u010dky: Ochrana proti po\u0161kr\u00e1b\u00e1n\u00ed<\/p>\n<p>- V\u0161estrannost: Hod\u00ed se k r\u016fzn\u00fdm umyvadl\u016fm.<\/p>\n<p><strong>V\u00fdhody:<\/strong><\/p>\n<p>- Modern\u00ed design<\/p>\n<p>- Snadno se udr\u017euje v \u010distot\u011b<\/p>\n<p><strong>Kompatibilita:<\/strong><\/p>\n<p>Ko\u0161 se dokonale hod\u00ed k d\u0159ez\u016fm Melanstar s rozm\u011bry:<\/p>\n<p>44 \u00d7 44 cm<br \/>74 \u00d7 44 cm<br \/>54 \u00d7 44 cm<br \/>50 \u00d7 50 cm<br \/>60 \u00d7 50 cm<br \/>37\u00d745 cm<br \/>40\u00d750 cm<br \/>80 \u00d7 45 cm<br \/>47 \u00d7 45 cm<br \/>49 \u00d7 44 cm<br \/>48 \u00d7 45 cm<br \/>78\u00d749 cm<br \/>Zlat\u00fd ko\u0161 na d\u0159ez - funk\u010dn\u00ed a elegantn\u00ed dopln\u011bk do kuchyn\u011b.<\/p>","protected":false},"excerpt":{"rendered":"<p>Functional and elegant Gold Basket For Sink. Made of stainless steel, it fits perfectly with granite and steel sinks. Product Features: &#8211; Material: stainless steel &#8211; Color: Gold, brushed satin<\/p>","protected":false},"featured_media":2847,"comment_status":"open","ping_status":"closed","template":"","meta":[],"product_cat":[65],"product_tag":[],"class_list":{"0":"post-2708","1":"product","2":"type-product","3":"status-publish","4":"has-post-thumbnail","6":"product_cat-accessories","8":"first","9":"instock","10":"taxable","11":"shipping-taxable","12":"product-type-simple"},"yoast_head":"<!-- This site is optimized with the Yoast SEO plugin v27.4 - https:\/\/yoast.com\/product\/yoast-seo-wordpress\/ -->\n<title>Gold Basket For Steel Granite Sink - VELAZO.<\/title>\n<meta name=\"robots\" content=\"index, follow, max-snippet:-1, max-image-preview:large, max-video-preview:-1\" \/>\n<link rel=\"canonical\" href=\"https:\/\/velazo-b2b.com\/cs\/produkt\/zlaty-kos-pro-ocelovy-zulovy-drez\/\" \/>\n<meta property=\"og:locale\" content=\"cs_CZ\" \/>\n<meta property=\"og:type\" content=\"article\" \/>\n<meta property=\"og:title\" content=\"Gold Basket For Steel Granite Sink - VELAZO.\" \/>\n<meta property=\"og:description\" content=\"Functional and elegant Gold Basket For Sink. Made of stainless steel, it fits perfectly with granite and steel sinks. Product Features: &#8211; Material: stainless steel &#8211; Color: Gold, brushed satin\" \/>\n<meta property=\"og:url\" content=\"https:\/\/velazo-b2b.com\/cs\/produkt\/zlaty-kos-pro-ocelovy-zulovy-drez\/\" \/>\n<meta property=\"og:site_name\" content=\"VELAZO.\" \/>\n<meta property=\"article:modified_time\" content=\"2026-02-16T10:01:45+00:00\" \/>\n<meta property=\"og:image\" content=\"https:\/\/velazo-b2b.com\/wp-content\/uploads\/2025\/04\/tacka_3b.webp\" \/>\n\t<meta property=\"og:image:width\" content=\"1500\" \/>\n\t<meta property=\"og:image:height\" content=\"1500\" \/>\n\t<meta property=\"og:image:type\" content=\"image\/webp\" \/>\n<meta name=\"twitter:card\" content=\"summary_large_image\" \/>\n<script type=\"application\/ld+json\" class=\"yoast-schema-graph\">{\"@context\":\"https:\\\/\\\/schema.org\",\"@graph\":[{\"@type\":\"WebPage\",\"@id\":\"https:\\\/\\\/velazo-b2b.com\\\/product\\\/gold-basket-for-steel-granite-sink\\\/\",\"url\":\"https:\\\/\\\/velazo-b2b.com\\\/product\\\/gold-basket-for-steel-granite-sink\\\/\",\"name\":\"Gold Basket For Steel Granite Sink - VELAZO.\",\"isPartOf\":{\"@id\":\"https:\\\/\\\/velazo-b2b.com\\\/#website\"},\"primaryImageOfPage\":{\"@id\":\"https:\\\/\\\/velazo-b2b.com\\\/product\\\/gold-basket-for-steel-granite-sink\\\/#primaryimage\"},\"image\":{\"@id\":\"https:\\\/\\\/velazo-b2b.com\\\/product\\\/gold-basket-for-steel-granite-sink\\\/#primaryimage\"},\"thumbnailUrl\":\"https:\\\/\\\/velazo-b2b.com\\\/wp-content\\\/uploads\\\/2025\\\/04\\\/tacka_3b.webp\",\"datePublished\":\"2025-04-23T10:30:09+00:00\",\"dateModified\":\"2026-02-16T10:01:45+00:00\",\"breadcrumb\":{\"@id\":\"https:\\\/\\\/velazo-b2b.com\\\/product\\\/gold-basket-for-steel-granite-sink\\\/#breadcrumb\"},\"inLanguage\":\"cs\",\"potentialAction\":[{\"@type\":\"ReadAction\",\"target\":[\"https:\\\/\\\/velazo-b2b.com\\\/product\\\/gold-basket-for-steel-granite-sink\\\/\"]}]},{\"@type\":\"ImageObject\",\"inLanguage\":\"cs\",\"@id\":\"https:\\\/\\\/velazo-b2b.com\\\/product\\\/gold-basket-for-steel-granite-sink\\\/#primaryimage\",\"url\":\"https:\\\/\\\/velazo-b2b.com\\\/wp-content\\\/uploads\\\/2025\\\/04\\\/tacka_3b.webp\",\"contentUrl\":\"https:\\\/\\\/velazo-b2b.com\\\/wp-content\\\/uploads\\\/2025\\\/04\\\/tacka_3b.webp\",\"width\":1500,\"height\":1500},{\"@type\":\"BreadcrumbList\",\"@id\":\"https:\\\/\\\/velazo-b2b.com\\\/product\\\/gold-basket-for-steel-granite-sink\\\/#breadcrumb\",\"itemListElement\":[{\"@type\":\"ListItem\",\"position\":1,\"name\":\"Home\",\"item\":\"https:\\\/\\\/velazo-b2b.com\\\/\"},{\"@type\":\"ListItem\",\"position\":2,\"name\":\"Shop\",\"item\":\"https:\\\/\\\/velazo-b2b.com\\\/shop-page\\\/\"},{\"@type\":\"ListItem\",\"position\":3,\"name\":\"Gold Basket For Steel Granite Sink\"}]},{\"@type\":\"WebSite\",\"@id\":\"https:\\\/\\\/velazo-b2b.com\\\/#website\",\"url\":\"https:\\\/\\\/velazo-b2b.com\\\/\",\"name\":\"VELAZO.\",\"description\":\"\",\"potentialAction\":[{\"@type\":\"SearchAction\",\"target\":{\"@type\":\"EntryPoint\",\"urlTemplate\":\"https:\\\/\\\/velazo-b2b.com\\\/?s={search_term_string}\"},\"query-input\":{\"@type\":\"PropertyValueSpecification\",\"valueRequired\":true,\"valueName\":\"search_term_string\"}}],\"inLanguage\":\"cs\"}]}<\/script>\n<!-- \/ Yoast SEO plugin. -->","yoast_head_json":{"title":"Zlat\u00fd ko\u0161 na ocelov\u00fd \u017eulov\u00fd d\u0159ez - VELAZO.","robots":{"index":"index","follow":"follow","max-snippet":"max-snippet:-1","max-image-preview":"max-image-preview:large","max-video-preview":"max-video-preview:-1"},"canonical":"https:\/\/velazo-b2b.com\/cs\/produkt\/zlaty-kos-pro-ocelovy-zulovy-drez\/","og_locale":"cs_CZ","og_type":"article","og_title":"Gold Basket For Steel Granite Sink - VELAZO.","og_description":"Functional and elegant Gold Basket For Sink. Made of stainless steel, it fits perfectly with granite and steel sinks. Product Features: &#8211; Material: stainless steel &#8211; Color: Gold, brushed satin","og_url":"https:\/\/velazo-b2b.com\/cs\/produkt\/zlaty-kos-pro-ocelovy-zulovy-drez\/","og_site_name":"VELAZO.","article_modified_time":"2026-02-16T10:01:45+00:00","og_image":[{"width":1500,"height":1500,"url":"https:\/\/velazo-b2b.com\/wp-content\/uploads\/2025\/04\/tacka_3b.webp","type":"image\/webp"}],"twitter_card":"summary_large_image","schema":{"@context":"https:\/\/schema.org","@graph":[{"@type":"WebPage","@id":"https:\/\/velazo-b2b.com\/product\/gold-basket-for-steel-granite-sink\/","url":"https:\/\/velazo-b2b.com\/product\/gold-basket-for-steel-granite-sink\/","name":"Zlat\u00fd ko\u0161 na ocelov\u00fd \u017eulov\u00fd d\u0159ez - VELAZO.","isPartOf":{"@id":"https:\/\/velazo-b2b.com\/#website"},"primaryImageOfPage":{"@id":"https:\/\/velazo-b2b.com\/product\/gold-basket-for-steel-granite-sink\/#primaryimage"},"image":{"@id":"https:\/\/velazo-b2b.com\/product\/gold-basket-for-steel-granite-sink\/#primaryimage"},"thumbnailUrl":"https:\/\/velazo-b2b.com\/wp-content\/uploads\/2025\/04\/tacka_3b.webp","datePublished":"2025-04-23T10:30:09+00:00","dateModified":"2026-02-16T10:01:45+00:00","breadcrumb":{"@id":"https:\/\/velazo-b2b.com\/product\/gold-basket-for-steel-granite-sink\/#breadcrumb"},"inLanguage":"cs","potentialAction":[{"@type":"ReadAction","target":["https:\/\/velazo-b2b.com\/product\/gold-basket-for-steel-granite-sink\/"]}]},{"@type":"ImageObject","inLanguage":"cs","@id":"https:\/\/velazo-b2b.com\/product\/gold-basket-for-steel-granite-sink\/#primaryimage","url":"https:\/\/velazo-b2b.com\/wp-content\/uploads\/2025\/04\/tacka_3b.webp","contentUrl":"https:\/\/velazo-b2b.com\/wp-content\/uploads\/2025\/04\/tacka_3b.webp","width":1500,"height":1500},{"@type":"BreadcrumbList","@id":"https:\/\/velazo-b2b.com\/product\/gold-basket-for-steel-granite-sink\/#breadcrumb","itemListElement":[{"@type":"ListItem","position":1,"name":"Home","item":"https:\/\/velazo-b2b.com\/"},{"@type":"ListItem","position":2,"name":"Shop","item":"https:\/\/velazo-b2b.com\/shop-page\/"},{"@type":"ListItem","position":3,"name":"Gold Basket For Steel Granite Sink"}]},{"@type":"WebSite","@id":"https:\/\/velazo-b2b.com\/#website","url":"https:\/\/velazo-b2b.com\/","name":"VELAZO.","description":"","potentialAction":[{"@type":"SearchAction","target":{"@type":"EntryPoint","urlTemplate":"https:\/\/velazo-b2b.com\/?s={search_term_string}"},"query-input":{"@type":"PropertyValueSpecification","valueRequired":true,"valueName":"search_term_string"}}],"inLanguage":"cs"}]}},"_links":{"self":[{"href":"https:\/\/velazo-b2b.com\/cs\/wp-json\/wp\/v2\/product\/2708","targetHints":{"allow":["GET"]}}],"collection":[{"href":"https:\/\/velazo-b2b.com\/cs\/wp-json\/wp\/v2\/product"}],"about":[{"href":"https:\/\/velazo-b2b.com\/cs\/wp-json\/wp\/v2\/types\/product"}],"replies":[{"embeddable":true,"href":"https:\/\/velazo-b2b.com\/cs\/wp-json\/wp\/v2\/comments?post=2708"}],"version-history":[{"count":0,"href":"https:\/\/velazo-b2b.com\/cs\/wp-json\/wp\/v2\/product\/2708\/revisions"}],"wp:featuredmedia":[{"embeddable":true,"href":"https:\/\/velazo-b2b.com\/cs\/wp-json\/wp\/v2\/media\/2847"}],"wp:attachment":[{"href":"https:\/\/velazo-b2b.com\/cs\/wp-json\/wp\/v2\/media?parent=2708"}],"wp:term":[{"taxonomy":"product_cat","embeddable":true,"href":"https:\/\/velazo-b2b.com\/cs\/wp-json\/wp\/v2\/product_cat?post=2708"},{"taxonomy":"product_tag","embeddable":true,"href":"https:\/\/velazo-b2b.com\/cs\/wp-json\/wp\/v2\/product_tag?post=2708"}],"curies":[{"name":"wp","href":"https:\/\/api.w.org\/{rel}","templated":true}]}}