{"id":2709,"date":"2025-04-23T12:30:09","date_gmt":"2025-04-23T10:30:09","guid":{"rendered":"https:\/\/velazo-b2b.com\/?post_type=product&#038;p=2709"},"modified":"2025-12-08T11:32:44","modified_gmt":"2025-12-08T10:32:44","slug":"kos-inox-pro-ocelovy-granitovy-drez","status":"publish","type":"product","link":"https:\/\/velazo-b2b.com\/cs\/produkt\/kos-inox-pro-ocelovy-granitovy-drez\/","title":{"rendered":"Inoxov\u00fd ko\u0161 pro ocelov\u00fd \u017eulov\u00fd d\u0159ez"},"content":{"rendered":"<p><strong>Inoxov\u00fd ko\u0161 pro d\u0159ez<\/strong><br \/>Funk\u010dn\u00ed a elegantn\u00ed **ko\u0161\u00edk Inox ke d\u0159ezu** je dokonal\u00fdm dopl\u0148kem va\u0161\u00ed kuchyn\u011b. Je vyroben z nerezov\u00e9 oceli, dokonale lad\u00ed s granitov\u00fdmi a ocelov\u00fdmi d\u0159ezy a dod\u00e1v\u00e1 jim modern\u00ed n\u00e1dech.<\/p>\n<p><strong>Vlastnosti produktu:<\/strong><br \/>Materi\u00e1l: nerezov\u00e1 ocel<br \/>Barva: Inox, kart\u00e1\u010dovan\u00fd sat\u00e9nov\u00fd povrch<br \/>Rozm\u011bry: 440 \u00d7 185 mm (vnit\u0159n\u00ed d\u00e9lka 395 mm), v\u00fd\u0161ka 67 mm<br \/>Protiskluzov\u00e9 no\u017ei\u010dky: Chr\u00e1n\u00ed p\u0159ed po\u0161kr\u00e1b\u00e1n\u00edm a zaji\u0161\u0165uj\u00ed stabilitu.<br \/>V\u0161estrannost: Vhodn\u00e9 pro r\u016fzn\u00e9 modely d\u0159ez\u016f.<br \/>V\u00fdhody:<br \/>Modern\u00ed design: Elegantn\u00ed vzhled, kter\u00fd se hod\u00ed do ka\u017ed\u00e9 kuchyn\u011b.<br \/>Snadno se \u010dist\u00ed: Nerezov\u00e1 ocel je odoln\u00e1 v\u016f\u010di skvrn\u00e1m a snadno se \u010dist\u00ed.<br \/><strong>Kompatibilita:<\/strong><br \/>Ko\u0161 se dokonale hod\u00ed k d\u0159ez\u016fm Melanstar s rozm\u011bry:<\/p>\n<p>44 \u00d7 44 cm<br \/>74 \u00d7 44 cm<br \/>54 \u00d7 44 cm<br \/>50 \u00d7 50 cm<br \/>60 \u00d7 50 cm<br \/>37\u00d745 cm<br \/>40\u00d750 cm<br \/>80 \u00d7 45 cm<br \/>47 \u00d7 45 cm<br \/>49 \u00d7 44 cm<br \/>48 \u00d7 45 cm<br \/>78\u00d749 cm<br \/>Inoxov\u00fd ko\u0161 na d\u0159ez - funk\u010dn\u00ed a elegantn\u00ed dopln\u011bk do kuchyn\u011b.<\/p>","protected":false},"excerpt":{"rendered":"<p>Inoxov\u00fd ko\u0161 na d\u0159ezFunk\u010dn\u00ed a elegantn\u00ed **ko\u0161 Inox na d\u0159ez** je dokonal\u00fdm dopl\u0148kem va\u0161\u00ed kuchyn\u011b. Je vyroben z nerezov\u00e9 oceli a dokonale se hod\u00ed ke granitov\u00fdm a ocelov\u00fdm d\u0159ez\u016fm, kter\u00fdm dod\u00e1 na kr\u00e1se.<\/p>","protected":false},"featured_media":2842,"comment_status":"open","ping_status":"closed","template":"","meta":[],"product_cat":[65],"product_tag":[],"class_list":{"0":"post-2709","1":"product","2":"type-product","3":"status-publish","4":"has-post-thumbnail","6":"product_cat-accessories","8":"first","9":"instock","10":"taxable","11":"shipping-taxable","12":"product-type-simple"},"yoast_head":"<!-- This site is optimized with the Yoast SEO plugin v27.4 - https:\/\/yoast.com\/product\/yoast-seo-wordpress\/ -->\n<title>Inox Basket For Steel Granite Sink - VELAZO.<\/title>\n<meta name=\"robots\" content=\"index, follow, max-snippet:-1, max-image-preview:large, max-video-preview:-1\" \/>\n<link rel=\"canonical\" href=\"https:\/\/velazo-b2b.com\/cs\/produkt\/kos-inox-pro-ocelovy-granitovy-drez\/\" \/>\n<meta property=\"og:locale\" content=\"cs_CZ\" \/>\n<meta property=\"og:type\" content=\"article\" \/>\n<meta property=\"og:title\" content=\"Inox Basket For Steel Granite Sink - VELAZO.\" \/>\n<meta property=\"og:description\" content=\"Inox Basket For SinkFunctional and elegant **Basket Inox To Sink** is the perfect addition to your kitchen. Made of stainless steel, it blends perfectly with granite and steel sinks, adding\" \/>\n<meta property=\"og:url\" content=\"https:\/\/velazo-b2b.com\/cs\/produkt\/kos-inox-pro-ocelovy-granitovy-drez\/\" \/>\n<meta property=\"og:site_name\" content=\"VELAZO.\" \/>\n<meta property=\"article:modified_time\" content=\"2025-12-08T10:32:44+00:00\" \/>\n<meta property=\"og:image\" content=\"https:\/\/velazo-b2b.com\/wp-content\/uploads\/2025\/04\/tacka_1b.webp\" \/>\n\t<meta property=\"og:image:width\" content=\"1500\" \/>\n\t<meta property=\"og:image:height\" content=\"1500\" \/>\n\t<meta property=\"og:image:type\" content=\"image\/webp\" \/>\n<meta name=\"twitter:card\" content=\"summary_large_image\" \/>\n<meta name=\"twitter:label1\" content=\"Odhadovan\u00e1 doba \u010dten\u00ed\" \/>\n\t<meta name=\"twitter:data1\" content=\"1 minuta\" \/>\n<script type=\"application\/ld+json\" class=\"yoast-schema-graph\">{\"@context\":\"https:\\\/\\\/schema.org\",\"@graph\":[{\"@type\":\"WebPage\",\"@id\":\"https:\\\/\\\/velazo-b2b.com\\\/product\\\/inox-basket-for-steel-granite-sink\\\/\",\"url\":\"https:\\\/\\\/velazo-b2b.com\\\/product\\\/inox-basket-for-steel-granite-sink\\\/\",\"name\":\"Inox Basket For Steel Granite Sink - VELAZO.\",\"isPartOf\":{\"@id\":\"https:\\\/\\\/velazo-b2b.com\\\/#website\"},\"primaryImageOfPage\":{\"@id\":\"https:\\\/\\\/velazo-b2b.com\\\/product\\\/inox-basket-for-steel-granite-sink\\\/#primaryimage\"},\"image\":{\"@id\":\"https:\\\/\\\/velazo-b2b.com\\\/product\\\/inox-basket-for-steel-granite-sink\\\/#primaryimage\"},\"thumbnailUrl\":\"https:\\\/\\\/velazo-b2b.com\\\/wp-content\\\/uploads\\\/2025\\\/04\\\/tacka_1b.webp\",\"datePublished\":\"2025-04-23T10:30:09+00:00\",\"dateModified\":\"2025-12-08T10:32:44+00:00\",\"breadcrumb\":{\"@id\":\"https:\\\/\\\/velazo-b2b.com\\\/product\\\/inox-basket-for-steel-granite-sink\\\/#breadcrumb\"},\"inLanguage\":\"cs\",\"potentialAction\":[{\"@type\":\"ReadAction\",\"target\":[\"https:\\\/\\\/velazo-b2b.com\\\/product\\\/inox-basket-for-steel-granite-sink\\\/\"]}]},{\"@type\":\"ImageObject\",\"inLanguage\":\"cs\",\"@id\":\"https:\\\/\\\/velazo-b2b.com\\\/product\\\/inox-basket-for-steel-granite-sink\\\/#primaryimage\",\"url\":\"https:\\\/\\\/velazo-b2b.com\\\/wp-content\\\/uploads\\\/2025\\\/04\\\/tacka_1b.webp\",\"contentUrl\":\"https:\\\/\\\/velazo-b2b.com\\\/wp-content\\\/uploads\\\/2025\\\/04\\\/tacka_1b.webp\",\"width\":1500,\"height\":1500},{\"@type\":\"BreadcrumbList\",\"@id\":\"https:\\\/\\\/velazo-b2b.com\\\/product\\\/inox-basket-for-steel-granite-sink\\\/#breadcrumb\",\"itemListElement\":[{\"@type\":\"ListItem\",\"position\":1,\"name\":\"Home\",\"item\":\"https:\\\/\\\/velazo-b2b.com\\\/\"},{\"@type\":\"ListItem\",\"position\":2,\"name\":\"Shop\",\"item\":\"https:\\\/\\\/velazo-b2b.com\\\/shop-page\\\/\"},{\"@type\":\"ListItem\",\"position\":3,\"name\":\"Inox Basket For Steel Granite Sink\"}]},{\"@type\":\"WebSite\",\"@id\":\"https:\\\/\\\/velazo-b2b.com\\\/#website\",\"url\":\"https:\\\/\\\/velazo-b2b.com\\\/\",\"name\":\"VELAZO.\",\"description\":\"\",\"potentialAction\":[{\"@type\":\"SearchAction\",\"target\":{\"@type\":\"EntryPoint\",\"urlTemplate\":\"https:\\\/\\\/velazo-b2b.com\\\/?s={search_term_string}\"},\"query-input\":{\"@type\":\"PropertyValueSpecification\",\"valueRequired\":true,\"valueName\":\"search_term_string\"}}],\"inLanguage\":\"cs\"}]}<\/script>\n<!-- \/ Yoast SEO plugin. -->","yoast_head_json":{"title":"Inoxov\u00fd ko\u0161 pro ocelov\u00fd granitov\u00fd d\u0159ez - VELAZO.","robots":{"index":"index","follow":"follow","max-snippet":"max-snippet:-1","max-image-preview":"max-image-preview:large","max-video-preview":"max-video-preview:-1"},"canonical":"https:\/\/velazo-b2b.com\/cs\/produkt\/kos-inox-pro-ocelovy-granitovy-drez\/","og_locale":"cs_CZ","og_type":"article","og_title":"Inox Basket For Steel Granite Sink - VELAZO.","og_description":"Inox Basket For SinkFunctional and elegant **Basket Inox To Sink** is the perfect addition to your kitchen. Made of stainless steel, it blends perfectly with granite and steel sinks, adding","og_url":"https:\/\/velazo-b2b.com\/cs\/produkt\/kos-inox-pro-ocelovy-granitovy-drez\/","og_site_name":"VELAZO.","article_modified_time":"2025-12-08T10:32:44+00:00","og_image":[{"width":1500,"height":1500,"url":"https:\/\/velazo-b2b.com\/wp-content\/uploads\/2025\/04\/tacka_1b.webp","type":"image\/webp"}],"twitter_card":"summary_large_image","twitter_misc":{"Odhadovan\u00e1 doba \u010dten\u00ed":"1 minuta"},"schema":{"@context":"https:\/\/schema.org","@graph":[{"@type":"WebPage","@id":"https:\/\/velazo-b2b.com\/product\/inox-basket-for-steel-granite-sink\/","url":"https:\/\/velazo-b2b.com\/product\/inox-basket-for-steel-granite-sink\/","name":"Inoxov\u00fd ko\u0161 pro ocelov\u00fd granitov\u00fd d\u0159ez - VELAZO.","isPartOf":{"@id":"https:\/\/velazo-b2b.com\/#website"},"primaryImageOfPage":{"@id":"https:\/\/velazo-b2b.com\/product\/inox-basket-for-steel-granite-sink\/#primaryimage"},"image":{"@id":"https:\/\/velazo-b2b.com\/product\/inox-basket-for-steel-granite-sink\/#primaryimage"},"thumbnailUrl":"https:\/\/velazo-b2b.com\/wp-content\/uploads\/2025\/04\/tacka_1b.webp","datePublished":"2025-04-23T10:30:09+00:00","dateModified":"2025-12-08T10:32:44+00:00","breadcrumb":{"@id":"https:\/\/velazo-b2b.com\/product\/inox-basket-for-steel-granite-sink\/#breadcrumb"},"inLanguage":"cs","potentialAction":[{"@type":"ReadAction","target":["https:\/\/velazo-b2b.com\/product\/inox-basket-for-steel-granite-sink\/"]}]},{"@type":"ImageObject","inLanguage":"cs","@id":"https:\/\/velazo-b2b.com\/product\/inox-basket-for-steel-granite-sink\/#primaryimage","url":"https:\/\/velazo-b2b.com\/wp-content\/uploads\/2025\/04\/tacka_1b.webp","contentUrl":"https:\/\/velazo-b2b.com\/wp-content\/uploads\/2025\/04\/tacka_1b.webp","width":1500,"height":1500},{"@type":"BreadcrumbList","@id":"https:\/\/velazo-b2b.com\/product\/inox-basket-for-steel-granite-sink\/#breadcrumb","itemListElement":[{"@type":"ListItem","position":1,"name":"Home","item":"https:\/\/velazo-b2b.com\/"},{"@type":"ListItem","position":2,"name":"Shop","item":"https:\/\/velazo-b2b.com\/shop-page\/"},{"@type":"ListItem","position":3,"name":"Inox Basket For Steel Granite Sink"}]},{"@type":"WebSite","@id":"https:\/\/velazo-b2b.com\/#website","url":"https:\/\/velazo-b2b.com\/","name":"VELAZO.","description":"","potentialAction":[{"@type":"SearchAction","target":{"@type":"EntryPoint","urlTemplate":"https:\/\/velazo-b2b.com\/?s={search_term_string}"},"query-input":{"@type":"PropertyValueSpecification","valueRequired":true,"valueName":"search_term_string"}}],"inLanguage":"cs"}]}},"_links":{"self":[{"href":"https:\/\/velazo-b2b.com\/cs\/wp-json\/wp\/v2\/product\/2709","targetHints":{"allow":["GET"]}}],"collection":[{"href":"https:\/\/velazo-b2b.com\/cs\/wp-json\/wp\/v2\/product"}],"about":[{"href":"https:\/\/velazo-b2b.com\/cs\/wp-json\/wp\/v2\/types\/product"}],"replies":[{"embeddable":true,"href":"https:\/\/velazo-b2b.com\/cs\/wp-json\/wp\/v2\/comments?post=2709"}],"version-history":[{"count":0,"href":"https:\/\/velazo-b2b.com\/cs\/wp-json\/wp\/v2\/product\/2709\/revisions"}],"wp:featuredmedia":[{"embeddable":true,"href":"https:\/\/velazo-b2b.com\/cs\/wp-json\/wp\/v2\/media\/2842"}],"wp:attachment":[{"href":"https:\/\/velazo-b2b.com\/cs\/wp-json\/wp\/v2\/media?parent=2709"}],"wp:term":[{"taxonomy":"product_cat","embeddable":true,"href":"https:\/\/velazo-b2b.com\/cs\/wp-json\/wp\/v2\/product_cat?post=2709"},{"taxonomy":"product_tag","embeddable":true,"href":"https:\/\/velazo-b2b.com\/cs\/wp-json\/wp\/v2\/product_tag?post=2709"}],"curies":[{"name":"wp","href":"https:\/\/api.w.org\/{rel}","templated":true}]}}