{"id":2717,"date":"2025-04-23T12:30:12","date_gmt":"2025-04-23T10:30:12","guid":{"rendered":"https:\/\/velazo-b2b.com\/?post_type=product&#038;p=2717"},"modified":"2025-10-08T11:52:48","modified_gmt":"2025-10-08T09:52:48","slug":"kuchynsky-drez-v-modernim-provedeni-50x50-rose-gold-z-nerezove-oceli","status":"publish","type":"product","link":"https:\/\/velazo-b2b.com\/cs\/produkt\/kuchynsky-drez-v-modernim-provedeni-50x50-rose-gold-z-nerezove-oceli\/","title":{"rendered":"Kuchy\u0148sk\u00fd d\u0159ez v modern\u00edm proveden\u00ed 50\u00d750 Rose Gold z nerezov\u00e9 oceli."},"content":{"rendered":"<p><b>Technick\u00e9 \u00fadaje:<\/b><\/p>\n<ul>\n<li>Zp\u016fsob mont\u00e1\u017ee: zapu\u0161t\u011bn\u00e9 do desky.<\/li>\n<li>Materi\u00e1l: nerezov\u00e1 ocel<\/li>\n<li>Barva:\u00a0<b>R\u016f\u017eov\u00e9 zlato<\/b><\/li>\n<li>Povrchov\u00e1 \u00faprava oceli: kart\u00e1\u010dovan\u00fd sat\u00e9n<\/li>\n<li>Rozm\u011bry d\u0159ezu: 500 mm x 500 mm x 210 mm<\/li>\n<li>Rozm\u011br komory: 450 mm x 400 mm<\/li>\n<li>Tlou\u0161\u0165ka kovov\u00e9 komory: 0,8 mm<\/li>\n<li>Tlou\u0161\u0165ka r\u00e1fku: 3 mm<\/li>\n<li>Otvor pro baterii: Ano 35 mm<\/li>\n<li>P\u0159epadov\u00fd otvor v komo\u0159e: Ano<\/li>\n<\/ul>","protected":false},"excerpt":{"rendered":"<p>Technick\u00e9 \u00fadaje: Materi\u00e1l: nerezov\u00e1 ocel Barva: Rozm\u011br d\u0159ezu: 500 mm x 500 mm x 210 mm Rozm\u011br komory: 500 mm x 500 mm x 210 mm Barva: r\u016f\u017eov\u011b zlat\u00e1 ocel Povrchov\u00e1 \u00faprava: kart\u00e1\u010dovan\u00fd sat\u00e9n Rozm\u011br komory: 500 mm x 500 mm x 210 mm Rozm\u011br d\u0159ezu: 500 mm x 500 mm x 210 mm 450<\/p>","protected":false},"featured_media":2819,"comment_status":"open","ping_status":"closed","template":"","meta":[],"product_cat":[74,57,73,79,55],"product_tag":[],"class_list":{"0":"post-2717","1":"product","2":"type-product","3":"status-publish","4":"has-post-thumbnail","6":"product_cat-gold-sinks","7":"product_cat-handmade-sinks","8":"product_cat-single-bowl-gold-sinks","9":"product_cat-single-bowl-without-drainer-sinks","10":"product_cat-uncategorized","12":"first","13":"outofstock","14":"taxable","15":"shipping-taxable","16":"product-type-simple"},"yoast_head":"<!-- This site is optimized with the Yoast SEO plugin v27.4 - https:\/\/yoast.com\/product\/yoast-seo-wordpress\/ -->\n<title>Kitchen Sink in Modern Finish 50\u00d750 Rose Gold Stainless Steel. - VELAZO.<\/title>\n<meta name=\"robots\" content=\"index, follow, max-snippet:-1, max-image-preview:large, max-video-preview:-1\" \/>\n<link rel=\"canonical\" href=\"https:\/\/velazo-b2b.com\/cs\/produkt\/kuchynsky-drez-v-modernim-provedeni-50x50-rose-gold-z-nerezove-oceli\/\" \/>\n<meta property=\"og:locale\" content=\"cs_CZ\" \/>\n<meta property=\"og:type\" content=\"article\" \/>\n<meta property=\"og:title\" content=\"Kitchen Sink in Modern Finish 50\u00d750 Rose Gold Stainless Steel. - VELAZO.\" \/>\n<meta property=\"og:description\" content=\"Technical data: Mounting method: recessed into the countertop Material: stainless steel Colour:\u00a0Rose Gold Steel Finish: Brushed Satin Sink dimension: 500 mm x 500 mm x 210 mm Chamber dimension: 450\" \/>\n<meta property=\"og:url\" content=\"https:\/\/velazo-b2b.com\/cs\/produkt\/kuchynsky-drez-v-modernim-provedeni-50x50-rose-gold-z-nerezove-oceli\/\" \/>\n<meta property=\"og:site_name\" content=\"VELAZO.\" \/>\n<meta property=\"article:modified_time\" content=\"2025-10-08T09:52:48+00:00\" \/>\n<meta property=\"og:image\" content=\"http:\/\/velazo-b2b.com\/wp-content\/uploads\/2025\/04\/HD5050Z_1.jpg\" \/>\n\t<meta property=\"og:image:width\" content=\"1500\" \/>\n\t<meta property=\"og:image:height\" content=\"1500\" \/>\n\t<meta property=\"og:image:type\" content=\"image\/jpeg\" \/>\n<meta name=\"twitter:card\" content=\"summary_large_image\" \/>\n<meta name=\"twitter:label1\" content=\"Odhadovan\u00e1 doba \u010dten\u00ed\" \/>\n\t<meta name=\"twitter:data1\" content=\"1 minuta\" \/>\n<script type=\"application\/ld+json\" class=\"yoast-schema-graph\">{\"@context\":\"https:\\\/\\\/schema.org\",\"@graph\":[{\"@type\":\"WebPage\",\"@id\":\"https:\\\/\\\/velazo-b2b.com\\\/product\\\/kitchen-sink-in-modern-finish-50x50-rose-gold-stainless-steel\\\/\",\"url\":\"https:\\\/\\\/velazo-b2b.com\\\/product\\\/kitchen-sink-in-modern-finish-50x50-rose-gold-stainless-steel\\\/\",\"name\":\"Kitchen Sink in Modern Finish 50\u00d750 Rose Gold Stainless Steel. - VELAZO.\",\"isPartOf\":{\"@id\":\"https:\\\/\\\/velazo-b2b.com\\\/#website\"},\"primaryImageOfPage\":{\"@id\":\"https:\\\/\\\/velazo-b2b.com\\\/product\\\/kitchen-sink-in-modern-finish-50x50-rose-gold-stainless-steel\\\/#primaryimage\"},\"image\":{\"@id\":\"https:\\\/\\\/velazo-b2b.com\\\/product\\\/kitchen-sink-in-modern-finish-50x50-rose-gold-stainless-steel\\\/#primaryimage\"},\"thumbnailUrl\":\"https:\\\/\\\/velazo-b2b.com\\\/wp-content\\\/uploads\\\/2025\\\/04\\\/HD5050Z_1.jpg\",\"datePublished\":\"2025-04-23T10:30:12+00:00\",\"dateModified\":\"2025-10-08T09:52:48+00:00\",\"breadcrumb\":{\"@id\":\"https:\\\/\\\/velazo-b2b.com\\\/product\\\/kitchen-sink-in-modern-finish-50x50-rose-gold-stainless-steel\\\/#breadcrumb\"},\"inLanguage\":\"cs\",\"potentialAction\":[{\"@type\":\"ReadAction\",\"target\":[\"https:\\\/\\\/velazo-b2b.com\\\/product\\\/kitchen-sink-in-modern-finish-50x50-rose-gold-stainless-steel\\\/\"]}]},{\"@type\":\"ImageObject\",\"inLanguage\":\"cs\",\"@id\":\"https:\\\/\\\/velazo-b2b.com\\\/product\\\/kitchen-sink-in-modern-finish-50x50-rose-gold-stainless-steel\\\/#primaryimage\",\"url\":\"https:\\\/\\\/velazo-b2b.com\\\/wp-content\\\/uploads\\\/2025\\\/04\\\/HD5050Z_1.jpg\",\"contentUrl\":\"https:\\\/\\\/velazo-b2b.com\\\/wp-content\\\/uploads\\\/2025\\\/04\\\/HD5050Z_1.jpg\",\"width\":1500,\"height\":1500},{\"@type\":\"BreadcrumbList\",\"@id\":\"https:\\\/\\\/velazo-b2b.com\\\/product\\\/kitchen-sink-in-modern-finish-50x50-rose-gold-stainless-steel\\\/#breadcrumb\",\"itemListElement\":[{\"@type\":\"ListItem\",\"position\":1,\"name\":\"Home\",\"item\":\"https:\\\/\\\/velazo-b2b.com\\\/\"},{\"@type\":\"ListItem\",\"position\":2,\"name\":\"Shop\",\"item\":\"https:\\\/\\\/velazo-b2b.com\\\/shop-page\\\/\"},{\"@type\":\"ListItem\",\"position\":3,\"name\":\"Kitchen Sink in Modern Finish 50\u00d750 Rose Gold Stainless Steel.\"}]},{\"@type\":\"WebSite\",\"@id\":\"https:\\\/\\\/velazo-b2b.com\\\/#website\",\"url\":\"https:\\\/\\\/velazo-b2b.com\\\/\",\"name\":\"VELAZO.\",\"description\":\"\",\"potentialAction\":[{\"@type\":\"SearchAction\",\"target\":{\"@type\":\"EntryPoint\",\"urlTemplate\":\"https:\\\/\\\/velazo-b2b.com\\\/?s={search_term_string}\"},\"query-input\":{\"@type\":\"PropertyValueSpecification\",\"valueRequired\":true,\"valueName\":\"search_term_string\"}}],\"inLanguage\":\"cs\"}]}<\/script>\n<!-- \/ Yoast SEO plugin. -->","yoast_head_json":{"title":"Kuchy\u0148sk\u00fd d\u0159ez v modern\u00edm proveden\u00ed 50\u00d750 Rose Gold z nerezov\u00e9 oceli. - VELAZO.","robots":{"index":"index","follow":"follow","max-snippet":"max-snippet:-1","max-image-preview":"max-image-preview:large","max-video-preview":"max-video-preview:-1"},"canonical":"https:\/\/velazo-b2b.com\/cs\/produkt\/kuchynsky-drez-v-modernim-provedeni-50x50-rose-gold-z-nerezove-oceli\/","og_locale":"cs_CZ","og_type":"article","og_title":"Kitchen Sink in Modern Finish 50\u00d750 Rose Gold Stainless Steel. - VELAZO.","og_description":"Technical data: Mounting method: recessed into the countertop Material: stainless steel Colour:\u00a0Rose Gold Steel Finish: Brushed Satin Sink dimension: 500 mm x 500 mm x 210 mm Chamber dimension: 450","og_url":"https:\/\/velazo-b2b.com\/cs\/produkt\/kuchynsky-drez-v-modernim-provedeni-50x50-rose-gold-z-nerezove-oceli\/","og_site_name":"VELAZO.","article_modified_time":"2025-10-08T09:52:48+00:00","og_image":[{"width":1500,"height":1500,"url":"http:\/\/velazo-b2b.com\/wp-content\/uploads\/2025\/04\/HD5050Z_1.jpg","type":"image\/jpeg"}],"twitter_card":"summary_large_image","twitter_misc":{"Odhadovan\u00e1 doba \u010dten\u00ed":"1 minuta"},"schema":{"@context":"https:\/\/schema.org","@graph":[{"@type":"WebPage","@id":"https:\/\/velazo-b2b.com\/product\/kitchen-sink-in-modern-finish-50x50-rose-gold-stainless-steel\/","url":"https:\/\/velazo-b2b.com\/product\/kitchen-sink-in-modern-finish-50x50-rose-gold-stainless-steel\/","name":"Kuchy\u0148sk\u00fd d\u0159ez v modern\u00edm proveden\u00ed 50\u00d750 Rose Gold z nerezov\u00e9 oceli. - VELAZO.","isPartOf":{"@id":"https:\/\/velazo-b2b.com\/#website"},"primaryImageOfPage":{"@id":"https:\/\/velazo-b2b.com\/product\/kitchen-sink-in-modern-finish-50x50-rose-gold-stainless-steel\/#primaryimage"},"image":{"@id":"https:\/\/velazo-b2b.com\/product\/kitchen-sink-in-modern-finish-50x50-rose-gold-stainless-steel\/#primaryimage"},"thumbnailUrl":"https:\/\/velazo-b2b.com\/wp-content\/uploads\/2025\/04\/HD5050Z_1.jpg","datePublished":"2025-04-23T10:30:12+00:00","dateModified":"2025-10-08T09:52:48+00:00","breadcrumb":{"@id":"https:\/\/velazo-b2b.com\/product\/kitchen-sink-in-modern-finish-50x50-rose-gold-stainless-steel\/#breadcrumb"},"inLanguage":"cs","potentialAction":[{"@type":"ReadAction","target":["https:\/\/velazo-b2b.com\/product\/kitchen-sink-in-modern-finish-50x50-rose-gold-stainless-steel\/"]}]},{"@type":"ImageObject","inLanguage":"cs","@id":"https:\/\/velazo-b2b.com\/product\/kitchen-sink-in-modern-finish-50x50-rose-gold-stainless-steel\/#primaryimage","url":"https:\/\/velazo-b2b.com\/wp-content\/uploads\/2025\/04\/HD5050Z_1.jpg","contentUrl":"https:\/\/velazo-b2b.com\/wp-content\/uploads\/2025\/04\/HD5050Z_1.jpg","width":1500,"height":1500},{"@type":"BreadcrumbList","@id":"https:\/\/velazo-b2b.com\/product\/kitchen-sink-in-modern-finish-50x50-rose-gold-stainless-steel\/#breadcrumb","itemListElement":[{"@type":"ListItem","position":1,"name":"Home","item":"https:\/\/velazo-b2b.com\/"},{"@type":"ListItem","position":2,"name":"Shop","item":"https:\/\/velazo-b2b.com\/shop-page\/"},{"@type":"ListItem","position":3,"name":"Kitchen Sink in Modern Finish 50\u00d750 Rose Gold Stainless Steel."}]},{"@type":"WebSite","@id":"https:\/\/velazo-b2b.com\/#website","url":"https:\/\/velazo-b2b.com\/","name":"VELAZO.","description":"","potentialAction":[{"@type":"SearchAction","target":{"@type":"EntryPoint","urlTemplate":"https:\/\/velazo-b2b.com\/?s={search_term_string}"},"query-input":{"@type":"PropertyValueSpecification","valueRequired":true,"valueName":"search_term_string"}}],"inLanguage":"cs"}]}},"_links":{"self":[{"href":"https:\/\/velazo-b2b.com\/cs\/wp-json\/wp\/v2\/product\/2717","targetHints":{"allow":["GET"]}}],"collection":[{"href":"https:\/\/velazo-b2b.com\/cs\/wp-json\/wp\/v2\/product"}],"about":[{"href":"https:\/\/velazo-b2b.com\/cs\/wp-json\/wp\/v2\/types\/product"}],"replies":[{"embeddable":true,"href":"https:\/\/velazo-b2b.com\/cs\/wp-json\/wp\/v2\/comments?post=2717"}],"version-history":[{"count":0,"href":"https:\/\/velazo-b2b.com\/cs\/wp-json\/wp\/v2\/product\/2717\/revisions"}],"wp:featuredmedia":[{"embeddable":true,"href":"https:\/\/velazo-b2b.com\/cs\/wp-json\/wp\/v2\/media\/2819"}],"wp:attachment":[{"href":"https:\/\/velazo-b2b.com\/cs\/wp-json\/wp\/v2\/media?parent=2717"}],"wp:term":[{"taxonomy":"product_cat","embeddable":true,"href":"https:\/\/velazo-b2b.com\/cs\/wp-json\/wp\/v2\/product_cat?post=2717"},{"taxonomy":"product_tag","embeddable":true,"href":"https:\/\/velazo-b2b.com\/cs\/wp-json\/wp\/v2\/product_tag?post=2717"}],"curies":[{"name":"wp","href":"https:\/\/api.w.org\/{rel}","templated":true}]}}