{"id":2719,"date":"2025-04-23T12:30:12","date_gmt":"2025-04-23T10:30:12","guid":{"rendered":"https:\/\/velazo-b2b.com\/?post_type=product&#038;p=2719"},"modified":"2026-02-16T10:59:29","modified_gmt":"2026-02-16T09:59:29","slug":"kuchynsky-drez-55x45-v-pvd-zlate-barve-s-povrchovou-upravou-vulkan","status":"publish","type":"product","link":"https:\/\/velazo-b2b.com\/cs\/produkt\/kuchynsky-drez-55x45-v-pvd-zlate-barve-s-povrchovou-upravou-vulkan\/","title":{"rendered":"Kuchy\u0148sk\u00fd d\u0159ez 55\u00d745 v proveden\u00ed PVD Gold s povrchovou \u00fapravou VULKAN"},"content":{"rendered":"<p><strong>Specifikace:<\/strong><br \/>\n\ud83d\udccc Typ mont\u00e1\u017ee: zapu\u0161t\u011bn\u00e1 do desky.<br \/>\n\ud83d\udccc Materi\u00e1l: nerezov\u00e1 ocel<br \/>\n\ud83d\udccc Povrchov\u00e1 \u00faprava: VULKAN<br \/>\n\ud83d\udccc Barva: zlat\u00e1<br \/>\n\ud83d\udccc Rozm\u011bry d\u0159ezu: 550 mm x 450 mm x 210 mm<br \/>\n\ud83d\udccc Rozm\u011bry m\u00edsy: 500 mm x 350 mm<br \/>\n\ud83d\udccc Tlou\u0161\u0165ka kovu: komora - 0,8 mm, okraj - 3 mm<br \/>\n\ud83d\udccc Otvor pro baterii: ano (35 mm \/ 28 mm)<br \/>\n\ud83d\udccc P\u0159epadov\u00fd otvor: ano<\/p>","protected":false},"excerpt":{"rendered":"<p>Specifikace: \ud83d\udccc Typ mont\u00e1\u017ee: zapu\u0161t\u011bn\u00e1 do desky. \ud83d\udccc Materi\u00e1l: nerezov\u00e1 ocel \ud83d\udccc Povrchov\u00e1 \u00faprava: VULKAN \ud83d\udccc Barva: zlat\u00e1 \ud83d\udccc Rozm\u011bry d\u0159ezu: \ud83d\udccc Miska: 550 mm x 450 mm x 210 mm.<\/p>","protected":false},"featured_media":2797,"comment_status":"open","ping_status":"closed","template":"","meta":[],"product_cat":[74,57,73,79],"product_tag":[],"class_list":{"0":"post-2719","1":"product","2":"type-product","3":"status-publish","4":"has-post-thumbnail","6":"product_cat-gold-sinks","7":"product_cat-handmade-sinks","8":"product_cat-single-bowl-gold-sinks","9":"product_cat-single-bowl-without-drainer-sinks","11":"first","12":"instock","13":"taxable","14":"shipping-taxable","15":"product-type-simple"},"yoast_head":"<!-- This site is optimized with the Yoast SEO plugin v27.4 - https:\/\/yoast.com\/product\/yoast-seo-wordpress\/ -->\n<title>Kitchen Sink 55\u00d745 in PVD Gold with VULKAN Finish - VELAZO.<\/title>\n<meta name=\"robots\" content=\"index, follow, max-snippet:-1, max-image-preview:large, max-video-preview:-1\" \/>\n<link rel=\"canonical\" href=\"https:\/\/velazo-b2b.com\/cs\/produkt\/kuchynsky-drez-55x45-v-pvd-zlate-barve-s-povrchovou-upravou-vulkan\/\" \/>\n<meta property=\"og:locale\" content=\"cs_CZ\" \/>\n<meta property=\"og:type\" content=\"article\" \/>\n<meta property=\"og:title\" content=\"Kitchen Sink 55\u00d745 in PVD Gold with VULKAN Finish - VELAZO.\" \/>\n<meta property=\"og:description\" content=\"Specifications: \ud83d\udccc Mounting type: recessed into countertop. \ud83d\udccc Material: stainless steel \ud83d\udccc Finish: VULKAN \ud83d\udccc Color: gold \ud83d\udccc Sink dimensions: 550 mm x 450 mm x 210 mm \ud83d\udccc Bowl\" \/>\n<meta property=\"og:url\" content=\"https:\/\/velazo-b2b.com\/cs\/produkt\/kuchynsky-drez-55x45-v-pvd-zlate-barve-s-povrchovou-upravou-vulkan\/\" \/>\n<meta property=\"og:site_name\" content=\"VELAZO.\" \/>\n<meta property=\"article:modified_time\" content=\"2026-02-16T09:59:29+00:00\" \/>\n<meta property=\"og:image\" content=\"http:\/\/velazo-b2b.com\/wp-content\/uploads\/2025\/04\/hd5545g.webp\" \/>\n\t<meta property=\"og:image:width\" content=\"1500\" \/>\n\t<meta property=\"og:image:height\" content=\"1500\" \/>\n\t<meta property=\"og:image:type\" content=\"image\/webp\" \/>\n<meta name=\"twitter:card\" content=\"summary_large_image\" \/>\n<meta name=\"twitter:label1\" content=\"Odhadovan\u00e1 doba \u010dten\u00ed\" \/>\n\t<meta name=\"twitter:data1\" content=\"1 minuta\" \/>\n<script type=\"application\/ld+json\" class=\"yoast-schema-graph\">{\"@context\":\"https:\\\/\\\/schema.org\",\"@graph\":[{\"@type\":\"WebPage\",\"@id\":\"https:\\\/\\\/velazo-b2b.com\\\/product\\\/kitchen-sink-55x45-in-pvd-gold-with-vulkan-finish\\\/\",\"url\":\"https:\\\/\\\/velazo-b2b.com\\\/product\\\/kitchen-sink-55x45-in-pvd-gold-with-vulkan-finish\\\/\",\"name\":\"Kitchen Sink 55\u00d745 in PVD Gold with VULKAN Finish - VELAZO.\",\"isPartOf\":{\"@id\":\"https:\\\/\\\/velazo-b2b.com\\\/#website\"},\"primaryImageOfPage\":{\"@id\":\"https:\\\/\\\/velazo-b2b.com\\\/product\\\/kitchen-sink-55x45-in-pvd-gold-with-vulkan-finish\\\/#primaryimage\"},\"image\":{\"@id\":\"https:\\\/\\\/velazo-b2b.com\\\/product\\\/kitchen-sink-55x45-in-pvd-gold-with-vulkan-finish\\\/#primaryimage\"},\"thumbnailUrl\":\"https:\\\/\\\/velazo-b2b.com\\\/wp-content\\\/uploads\\\/2025\\\/04\\\/hd5545g.webp\",\"datePublished\":\"2025-04-23T10:30:12+00:00\",\"dateModified\":\"2026-02-16T09:59:29+00:00\",\"breadcrumb\":{\"@id\":\"https:\\\/\\\/velazo-b2b.com\\\/product\\\/kitchen-sink-55x45-in-pvd-gold-with-vulkan-finish\\\/#breadcrumb\"},\"inLanguage\":\"cs\",\"potentialAction\":[{\"@type\":\"ReadAction\",\"target\":[\"https:\\\/\\\/velazo-b2b.com\\\/product\\\/kitchen-sink-55x45-in-pvd-gold-with-vulkan-finish\\\/\"]}]},{\"@type\":\"ImageObject\",\"inLanguage\":\"cs\",\"@id\":\"https:\\\/\\\/velazo-b2b.com\\\/product\\\/kitchen-sink-55x45-in-pvd-gold-with-vulkan-finish\\\/#primaryimage\",\"url\":\"https:\\\/\\\/velazo-b2b.com\\\/wp-content\\\/uploads\\\/2025\\\/04\\\/hd5545g.webp\",\"contentUrl\":\"https:\\\/\\\/velazo-b2b.com\\\/wp-content\\\/uploads\\\/2025\\\/04\\\/hd5545g.webp\",\"width\":1500,\"height\":1500},{\"@type\":\"BreadcrumbList\",\"@id\":\"https:\\\/\\\/velazo-b2b.com\\\/product\\\/kitchen-sink-55x45-in-pvd-gold-with-vulkan-finish\\\/#breadcrumb\",\"itemListElement\":[{\"@type\":\"ListItem\",\"position\":1,\"name\":\"Home\",\"item\":\"https:\\\/\\\/velazo-b2b.com\\\/\"},{\"@type\":\"ListItem\",\"position\":2,\"name\":\"Shop\",\"item\":\"https:\\\/\\\/velazo-b2b.com\\\/shop-page\\\/\"},{\"@type\":\"ListItem\",\"position\":3,\"name\":\"Kitchen Sink 55\u00d745 in PVD Gold with VULKAN Finish\"}]},{\"@type\":\"WebSite\",\"@id\":\"https:\\\/\\\/velazo-b2b.com\\\/#website\",\"url\":\"https:\\\/\\\/velazo-b2b.com\\\/\",\"name\":\"VELAZO.\",\"description\":\"\",\"potentialAction\":[{\"@type\":\"SearchAction\",\"target\":{\"@type\":\"EntryPoint\",\"urlTemplate\":\"https:\\\/\\\/velazo-b2b.com\\\/?s={search_term_string}\"},\"query-input\":{\"@type\":\"PropertyValueSpecification\",\"valueRequired\":true,\"valueName\":\"search_term_string\"}}],\"inLanguage\":\"cs\"}]}<\/script>\n<!-- \/ Yoast SEO plugin. -->","yoast_head_json":{"title":"Kuchy\u0148sk\u00fd d\u0159ez 55\u00d745 v proveden\u00ed PVD Gold s povrchovou \u00fapravou VULKAN - VELAZO.","robots":{"index":"index","follow":"follow","max-snippet":"max-snippet:-1","max-image-preview":"max-image-preview:large","max-video-preview":"max-video-preview:-1"},"canonical":"https:\/\/velazo-b2b.com\/cs\/produkt\/kuchynsky-drez-55x45-v-pvd-zlate-barve-s-povrchovou-upravou-vulkan\/","og_locale":"cs_CZ","og_type":"article","og_title":"Kitchen Sink 55\u00d745 in PVD Gold with VULKAN Finish - VELAZO.","og_description":"Specifications: \ud83d\udccc Mounting type: recessed into countertop. \ud83d\udccc Material: stainless steel \ud83d\udccc Finish: VULKAN \ud83d\udccc Color: gold \ud83d\udccc Sink dimensions: 550 mm x 450 mm x 210 mm \ud83d\udccc Bowl","og_url":"https:\/\/velazo-b2b.com\/cs\/produkt\/kuchynsky-drez-55x45-v-pvd-zlate-barve-s-povrchovou-upravou-vulkan\/","og_site_name":"VELAZO.","article_modified_time":"2026-02-16T09:59:29+00:00","og_image":[{"width":1500,"height":1500,"url":"http:\/\/velazo-b2b.com\/wp-content\/uploads\/2025\/04\/hd5545g.webp","type":"image\/webp"}],"twitter_card":"summary_large_image","twitter_misc":{"Odhadovan\u00e1 doba \u010dten\u00ed":"1 minuta"},"schema":{"@context":"https:\/\/schema.org","@graph":[{"@type":"WebPage","@id":"https:\/\/velazo-b2b.com\/product\/kitchen-sink-55x45-in-pvd-gold-with-vulkan-finish\/","url":"https:\/\/velazo-b2b.com\/product\/kitchen-sink-55x45-in-pvd-gold-with-vulkan-finish\/","name":"Kuchy\u0148sk\u00fd d\u0159ez 55\u00d745 v proveden\u00ed PVD Gold s povrchovou \u00fapravou VULKAN - VELAZO.","isPartOf":{"@id":"https:\/\/velazo-b2b.com\/#website"},"primaryImageOfPage":{"@id":"https:\/\/velazo-b2b.com\/product\/kitchen-sink-55x45-in-pvd-gold-with-vulkan-finish\/#primaryimage"},"image":{"@id":"https:\/\/velazo-b2b.com\/product\/kitchen-sink-55x45-in-pvd-gold-with-vulkan-finish\/#primaryimage"},"thumbnailUrl":"https:\/\/velazo-b2b.com\/wp-content\/uploads\/2025\/04\/hd5545g.webp","datePublished":"2025-04-23T10:30:12+00:00","dateModified":"2026-02-16T09:59:29+00:00","breadcrumb":{"@id":"https:\/\/velazo-b2b.com\/product\/kitchen-sink-55x45-in-pvd-gold-with-vulkan-finish\/#breadcrumb"},"inLanguage":"cs","potentialAction":[{"@type":"ReadAction","target":["https:\/\/velazo-b2b.com\/product\/kitchen-sink-55x45-in-pvd-gold-with-vulkan-finish\/"]}]},{"@type":"ImageObject","inLanguage":"cs","@id":"https:\/\/velazo-b2b.com\/product\/kitchen-sink-55x45-in-pvd-gold-with-vulkan-finish\/#primaryimage","url":"https:\/\/velazo-b2b.com\/wp-content\/uploads\/2025\/04\/hd5545g.webp","contentUrl":"https:\/\/velazo-b2b.com\/wp-content\/uploads\/2025\/04\/hd5545g.webp","width":1500,"height":1500},{"@type":"BreadcrumbList","@id":"https:\/\/velazo-b2b.com\/product\/kitchen-sink-55x45-in-pvd-gold-with-vulkan-finish\/#breadcrumb","itemListElement":[{"@type":"ListItem","position":1,"name":"Home","item":"https:\/\/velazo-b2b.com\/"},{"@type":"ListItem","position":2,"name":"Shop","item":"https:\/\/velazo-b2b.com\/shop-page\/"},{"@type":"ListItem","position":3,"name":"Kitchen Sink 55\u00d745 in PVD Gold with VULKAN Finish"}]},{"@type":"WebSite","@id":"https:\/\/velazo-b2b.com\/#website","url":"https:\/\/velazo-b2b.com\/","name":"VELAZO.","description":"","potentialAction":[{"@type":"SearchAction","target":{"@type":"EntryPoint","urlTemplate":"https:\/\/velazo-b2b.com\/?s={search_term_string}"},"query-input":{"@type":"PropertyValueSpecification","valueRequired":true,"valueName":"search_term_string"}}],"inLanguage":"cs"}]}},"_links":{"self":[{"href":"https:\/\/velazo-b2b.com\/cs\/wp-json\/wp\/v2\/product\/2719","targetHints":{"allow":["GET"]}}],"collection":[{"href":"https:\/\/velazo-b2b.com\/cs\/wp-json\/wp\/v2\/product"}],"about":[{"href":"https:\/\/velazo-b2b.com\/cs\/wp-json\/wp\/v2\/types\/product"}],"replies":[{"embeddable":true,"href":"https:\/\/velazo-b2b.com\/cs\/wp-json\/wp\/v2\/comments?post=2719"}],"version-history":[{"count":0,"href":"https:\/\/velazo-b2b.com\/cs\/wp-json\/wp\/v2\/product\/2719\/revisions"}],"wp:featuredmedia":[{"embeddable":true,"href":"https:\/\/velazo-b2b.com\/cs\/wp-json\/wp\/v2\/media\/2797"}],"wp:attachment":[{"href":"https:\/\/velazo-b2b.com\/cs\/wp-json\/wp\/v2\/media?parent=2719"}],"wp:term":[{"taxonomy":"product_cat","embeddable":true,"href":"https:\/\/velazo-b2b.com\/cs\/wp-json\/wp\/v2\/product_cat?post=2719"},{"taxonomy":"product_tag","embeddable":true,"href":"https:\/\/velazo-b2b.com\/cs\/wp-json\/wp\/v2\/product_tag?post=2719"}],"curies":[{"name":"wp","href":"https:\/\/api.w.org\/{rel}","templated":true}]}}