{"id":278,"date":"2025-04-09T14:38:23","date_gmt":"2025-04-09T14:38:23","guid":{"rendered":"https:\/\/velazo-b2b.com\/product\/kitchen-tap-with-flexible-spout-grey-flexi-inox\/"},"modified":"2026-03-24T08:51:29","modified_gmt":"2026-03-24T07:51:29","slug":"kuchynska-baterie-s-ohebnou-vypusti-seda-flexi-inox","status":"publish","type":"product","link":"https:\/\/velazo-b2b.com\/cs\/produkt\/kuchynska-baterie-s-ohebnou-vypusti-seda-flexi-inox\/","title":{"rendered":"Kuchy\u0148sk\u00e1 baterie s ohebnou v\u00fdpust\u00ed \u0161ed\u00e1 flexi \/Inox"},"content":{"rendered":"<p><strong style=\"box-sizing: inherit;\">Technick\u00e9 \u00fadaje:<\/strong><\/p>\n<ul style=\"box-sizing: inherit; list-style-position: inside; padding-left: 2rem; color: rgba(37, 37, 37, 0.75); font-family: -apple-system,;\">\n<li style=\"box-sizing: inherit; list-style: inherit;\">Dobr\u00e1 kvalita za n\u00edzkou cenu<\/li>\n<li style=\"box-sizing: inherit; list-style: inherit;\">Jednop\u00e1kov\u00fd, stoj\u00edc\u00ed<\/li>\n<li style=\"box-sizing: inherit; list-style: inherit;\">Keramick\u00e1 m\u00edcha\u010dka 35 mm<\/li>\n<li style=\"box-sizing: inherit; list-style: inherit;\">Flexibiln\u00ed v\u00fdtokov\u00e1 trubice<\/li>\n<li style=\"box-sizing: inherit; list-style: inherit;\">Vysoce kvalitn\u00ed silikonov\u00e1 hadice<\/li>\n<li style=\"box-sizing: inherit; list-style: inherit;\">Silikonov\u00fd kryt v barv\u011b v\u00fdlevky na rukojeti<\/li>\n<li style=\"box-sizing: inherit; list-style: inherit; margin-bottom: 0px;\">Perl\u00e1tor \u0161et\u0159\u00edc\u00ed vodu, vyroben\u00fd z plastu<\/li>\n<\/ul>\n<p><strong>\u2b50 V\u00fdhody baterie:<\/strong><\/p>\n<p>\u2705 P\u0158IPOJOVAC\u00cd HADICE<\/p>\n<p>\u2705 KERAMICK\u00dd MIX\u00c9R<\/p>\n<p>\u2705 SYST\u00c9M RYCHL\u00c9 MONT\u00c1\u017dE<\/p>\n<p>\u2705 ECOSAVE<\/p>\n<p>\u2705 DEck pro mont\u00e1\u017e na tenk\u00e9 povrchy<\/p>","protected":false},"excerpt":{"rendered":"<p>Technick\u00e9 \u00fadaje: Kvalita za n\u00edzkou cenu Jednop\u00e1kov\u00e1 stoj\u00edc\u00ed keramick\u00e1 baterie 35 mm Pru\u017en\u00e1 v\u00fdtokov\u00e1 trubice Kvalitn\u00ed silikonov\u00e1 hadice Silikonov\u00fd kryt v barv\u011b v\u00fdtoku na rukojeti.<\/p>","protected":false},"featured_media":277,"comment_status":"open","ping_status":"closed","template":"","meta":[],"product_cat":[69,67],"product_tag":[24,38,23],"class_list":{"0":"post-278","1":"product","2":"type-product","3":"status-publish","4":"has-post-thumbnail","6":"product_cat-flexible-kitchen-faucets","7":"product_cat-sink-faucets","8":"product_tag-flexible-kitchen-faucets","9":"product_tag-gray-kitchen-taps","10":"product_tag-sink-faucets","12":"first","13":"instock","14":"taxable","15":"shipping-taxable","16":"product-type-simple"},"yoast_head":"<!-- This site is optimized with the Yoast SEO plugin v27.4 - https:\/\/yoast.com\/product\/yoast-seo-wordpress\/ -->\n<title>Kitchen tap with flexible spout grey flexi \/Inox - VELAZO.<\/title>\n<meta name=\"robots\" content=\"index, follow, max-snippet:-1, max-image-preview:large, max-video-preview:-1\" \/>\n<link rel=\"canonical\" href=\"https:\/\/velazo-b2b.com\/cs\/produkt\/kuchynska-baterie-s-ohebnou-vypusti-seda-flexi-inox\/\" \/>\n<meta property=\"og:locale\" content=\"cs_CZ\" \/>\n<meta property=\"og:type\" content=\"article\" \/>\n<meta property=\"og:title\" content=\"Kitchen tap with flexible spout grey flexi \/Inox - VELAZO.\" \/>\n<meta property=\"og:description\" content=\"Technical data: Good quality at a low price Single-lever, standing Ceramic mixer 35 mm Flexible spout High-quality silicone hose Silicone cover in the color of the spout on the handle\" \/>\n<meta property=\"og:url\" content=\"https:\/\/velazo-b2b.com\/cs\/produkt\/kuchynska-baterie-s-ohebnou-vypusti-seda-flexi-inox\/\" \/>\n<meta property=\"og:site_name\" content=\"VELAZO.\" \/>\n<meta property=\"article:modified_time\" content=\"2026-03-24T07:51:29+00:00\" \/>\n<meta property=\"og:image\" content=\"https:\/\/velazo-b2b.com\/wp-content\/uploads\/2025\/04\/9996dd59919b422a49f1318562750354-scaled.jpg\" \/>\n\t<meta property=\"og:image:width\" content=\"2560\" \/>\n\t<meta property=\"og:image:height\" content=\"2560\" \/>\n\t<meta property=\"og:image:type\" content=\"image\/jpeg\" \/>\n<meta name=\"twitter:card\" content=\"summary_large_image\" \/>\n<script type=\"application\/ld+json\" class=\"yoast-schema-graph\">{\"@context\":\"https:\\\/\\\/schema.org\",\"@graph\":[{\"@type\":\"WebPage\",\"@id\":\"https:\\\/\\\/velazo-b2b.com\\\/product\\\/kitchen-tap-with-flexible-spout-grey-flexi-inox\\\/\",\"url\":\"https:\\\/\\\/velazo-b2b.com\\\/product\\\/kitchen-tap-with-flexible-spout-grey-flexi-inox\\\/\",\"name\":\"Kitchen tap with flexible spout grey flexi \\\/Inox - VELAZO.\",\"isPartOf\":{\"@id\":\"https:\\\/\\\/velazo-b2b.com\\\/#website\"},\"primaryImageOfPage\":{\"@id\":\"https:\\\/\\\/velazo-b2b.com\\\/product\\\/kitchen-tap-with-flexible-spout-grey-flexi-inox\\\/#primaryimage\"},\"image\":{\"@id\":\"https:\\\/\\\/velazo-b2b.com\\\/product\\\/kitchen-tap-with-flexible-spout-grey-flexi-inox\\\/#primaryimage\"},\"thumbnailUrl\":\"https:\\\/\\\/velazo-b2b.com\\\/wp-content\\\/uploads\\\/2025\\\/04\\\/9996dd59919b422a49f1318562750354-scaled.jpg\",\"datePublished\":\"2025-04-09T14:38:23+00:00\",\"dateModified\":\"2026-03-24T07:51:29+00:00\",\"breadcrumb\":{\"@id\":\"https:\\\/\\\/velazo-b2b.com\\\/product\\\/kitchen-tap-with-flexible-spout-grey-flexi-inox\\\/#breadcrumb\"},\"inLanguage\":\"cs\",\"potentialAction\":[{\"@type\":\"ReadAction\",\"target\":[\"https:\\\/\\\/velazo-b2b.com\\\/product\\\/kitchen-tap-with-flexible-spout-grey-flexi-inox\\\/\"]}]},{\"@type\":\"ImageObject\",\"inLanguage\":\"cs\",\"@id\":\"https:\\\/\\\/velazo-b2b.com\\\/product\\\/kitchen-tap-with-flexible-spout-grey-flexi-inox\\\/#primaryimage\",\"url\":\"https:\\\/\\\/velazo-b2b.com\\\/wp-content\\\/uploads\\\/2025\\\/04\\\/9996dd59919b422a49f1318562750354-scaled.jpg\",\"contentUrl\":\"https:\\\/\\\/velazo-b2b.com\\\/wp-content\\\/uploads\\\/2025\\\/04\\\/9996dd59919b422a49f1318562750354-scaled.jpg\",\"width\":2560,\"height\":2560},{\"@type\":\"BreadcrumbList\",\"@id\":\"https:\\\/\\\/velazo-b2b.com\\\/product\\\/kitchen-tap-with-flexible-spout-grey-flexi-inox\\\/#breadcrumb\",\"itemListElement\":[{\"@type\":\"ListItem\",\"position\":1,\"name\":\"Home\",\"item\":\"https:\\\/\\\/velazo-b2b.com\\\/\"},{\"@type\":\"ListItem\",\"position\":2,\"name\":\"Shop\",\"item\":\"https:\\\/\\\/velazo-b2b.com\\\/shop-page\\\/\"},{\"@type\":\"ListItem\",\"position\":3,\"name\":\"Kitchen tap with flexible spout grey flexi \\\/Inox\"}]},{\"@type\":\"WebSite\",\"@id\":\"https:\\\/\\\/velazo-b2b.com\\\/#website\",\"url\":\"https:\\\/\\\/velazo-b2b.com\\\/\",\"name\":\"VELAZO.\",\"description\":\"\",\"potentialAction\":[{\"@type\":\"SearchAction\",\"target\":{\"@type\":\"EntryPoint\",\"urlTemplate\":\"https:\\\/\\\/velazo-b2b.com\\\/?s={search_term_string}\"},\"query-input\":{\"@type\":\"PropertyValueSpecification\",\"valueRequired\":true,\"valueName\":\"search_term_string\"}}],\"inLanguage\":\"cs\"}]}<\/script>\n<!-- \/ Yoast SEO plugin. -->","yoast_head_json":{"title":"Kuchy\u0148sk\u00e1 baterie s ohebnou v\u00fdpust\u00ed \u0161ed\u00e1 flexi \/Inox - VELAZO.","robots":{"index":"index","follow":"follow","max-snippet":"max-snippet:-1","max-image-preview":"max-image-preview:large","max-video-preview":"max-video-preview:-1"},"canonical":"https:\/\/velazo-b2b.com\/cs\/produkt\/kuchynska-baterie-s-ohebnou-vypusti-seda-flexi-inox\/","og_locale":"cs_CZ","og_type":"article","og_title":"Kitchen tap with flexible spout grey flexi \/Inox - VELAZO.","og_description":"Technical data: Good quality at a low price Single-lever, standing Ceramic mixer 35 mm Flexible spout High-quality silicone hose Silicone cover in the color of the spout on the handle","og_url":"https:\/\/velazo-b2b.com\/cs\/produkt\/kuchynska-baterie-s-ohebnou-vypusti-seda-flexi-inox\/","og_site_name":"VELAZO.","article_modified_time":"2026-03-24T07:51:29+00:00","og_image":[{"width":2560,"height":2560,"url":"https:\/\/velazo-b2b.com\/wp-content\/uploads\/2025\/04\/9996dd59919b422a49f1318562750354-scaled.jpg","type":"image\/jpeg"}],"twitter_card":"summary_large_image","schema":{"@context":"https:\/\/schema.org","@graph":[{"@type":"WebPage","@id":"https:\/\/velazo-b2b.com\/product\/kitchen-tap-with-flexible-spout-grey-flexi-inox\/","url":"https:\/\/velazo-b2b.com\/product\/kitchen-tap-with-flexible-spout-grey-flexi-inox\/","name":"Kuchy\u0148sk\u00e1 baterie s ohebnou v\u00fdpust\u00ed \u0161ed\u00e1 flexi \/Inox - VELAZO.","isPartOf":{"@id":"https:\/\/velazo-b2b.com\/#website"},"primaryImageOfPage":{"@id":"https:\/\/velazo-b2b.com\/product\/kitchen-tap-with-flexible-spout-grey-flexi-inox\/#primaryimage"},"image":{"@id":"https:\/\/velazo-b2b.com\/product\/kitchen-tap-with-flexible-spout-grey-flexi-inox\/#primaryimage"},"thumbnailUrl":"https:\/\/velazo-b2b.com\/wp-content\/uploads\/2025\/04\/9996dd59919b422a49f1318562750354-scaled.jpg","datePublished":"2025-04-09T14:38:23+00:00","dateModified":"2026-03-24T07:51:29+00:00","breadcrumb":{"@id":"https:\/\/velazo-b2b.com\/product\/kitchen-tap-with-flexible-spout-grey-flexi-inox\/#breadcrumb"},"inLanguage":"cs","potentialAction":[{"@type":"ReadAction","target":["https:\/\/velazo-b2b.com\/product\/kitchen-tap-with-flexible-spout-grey-flexi-inox\/"]}]},{"@type":"ImageObject","inLanguage":"cs","@id":"https:\/\/velazo-b2b.com\/product\/kitchen-tap-with-flexible-spout-grey-flexi-inox\/#primaryimage","url":"https:\/\/velazo-b2b.com\/wp-content\/uploads\/2025\/04\/9996dd59919b422a49f1318562750354-scaled.jpg","contentUrl":"https:\/\/velazo-b2b.com\/wp-content\/uploads\/2025\/04\/9996dd59919b422a49f1318562750354-scaled.jpg","width":2560,"height":2560},{"@type":"BreadcrumbList","@id":"https:\/\/velazo-b2b.com\/product\/kitchen-tap-with-flexible-spout-grey-flexi-inox\/#breadcrumb","itemListElement":[{"@type":"ListItem","position":1,"name":"Home","item":"https:\/\/velazo-b2b.com\/"},{"@type":"ListItem","position":2,"name":"Shop","item":"https:\/\/velazo-b2b.com\/shop-page\/"},{"@type":"ListItem","position":3,"name":"Kitchen tap with flexible spout grey flexi \/Inox"}]},{"@type":"WebSite","@id":"https:\/\/velazo-b2b.com\/#website","url":"https:\/\/velazo-b2b.com\/","name":"VELAZO.","description":"","potentialAction":[{"@type":"SearchAction","target":{"@type":"EntryPoint","urlTemplate":"https:\/\/velazo-b2b.com\/?s={search_term_string}"},"query-input":{"@type":"PropertyValueSpecification","valueRequired":true,"valueName":"search_term_string"}}],"inLanguage":"cs"}]}},"_links":{"self":[{"href":"https:\/\/velazo-b2b.com\/cs\/wp-json\/wp\/v2\/product\/278","targetHints":{"allow":["GET"]}}],"collection":[{"href":"https:\/\/velazo-b2b.com\/cs\/wp-json\/wp\/v2\/product"}],"about":[{"href":"https:\/\/velazo-b2b.com\/cs\/wp-json\/wp\/v2\/types\/product"}],"replies":[{"embeddable":true,"href":"https:\/\/velazo-b2b.com\/cs\/wp-json\/wp\/v2\/comments?post=278"}],"version-history":[{"count":0,"href":"https:\/\/velazo-b2b.com\/cs\/wp-json\/wp\/v2\/product\/278\/revisions"}],"wp:featuredmedia":[{"embeddable":true,"href":"https:\/\/velazo-b2b.com\/cs\/wp-json\/wp\/v2\/media\/277"}],"wp:attachment":[{"href":"https:\/\/velazo-b2b.com\/cs\/wp-json\/wp\/v2\/media?parent=278"}],"wp:term":[{"taxonomy":"product_cat","embeddable":true,"href":"https:\/\/velazo-b2b.com\/cs\/wp-json\/wp\/v2\/product_cat?post=278"},{"taxonomy":"product_tag","embeddable":true,"href":"https:\/\/velazo-b2b.com\/cs\/wp-json\/wp\/v2\/product_tag?post=278"}],"curies":[{"name":"wp","href":"https:\/\/api.w.org\/{rel}","templated":true}]}}