{"id":286,"date":"2025-04-09T14:38:51","date_gmt":"2025-04-09T14:38:51","guid":{"rendered":"https:\/\/velazo-b2b.com\/product\/dual-mode-stainless-steel-kitchen-faucet-with-a-modern-and-stylish-look\/"},"modified":"2025-10-13T11:55:18","modified_gmt":"2025-10-13T09:55:18","slug":"dvourezimova-kuchynska-baterie-z-nerezove-oceli-s-modernim-a-stylovym-vzhledem","status":"publish","type":"product","link":"https:\/\/velazo-b2b.com\/cs\/produkt\/dvourezimova-kuchynska-baterie-z-nerezove-oceli-s-modernim-a-stylovym-vzhledem\/","title":{"rendered":"Dvoure\u017eimov\u00e1 kuchy\u0148sk\u00e1 baterie z nerezov\u00e9 oceli s modern\u00edm a stylov\u00fdm vzhledem"},"content":{"rendered":"<p><strong>Technick\u00e9 \u00fadaje:<\/strong><br \/>Hlava: keramick\u00e1<br \/>Materi\u00e1l: ocel<br \/>V\u00fdlevka: v\u00fdsuvn\u00e1<br \/>Provzdu\u0161\u0148ova\u010d: ano<br \/>Typ: jednop\u00e1kov\u00fd<br \/>Mont\u00e1\u017en\u00ed otvor: standardn\u00ed, univerz\u00e1ln\u00ed<br \/>Barva: Inox<\/p>\n<p><strong>Funkce v\u00fdrobku:<\/strong><br \/>SYSTEM ECO - funkce, kter\u00e1 umo\u017e\u0148uje \u0161et\u0159it d\u00edky provzdu\u0161\u0148ov\u00e1n\u00ed vody (\u00faspora a\u017e 40%);<br \/>SYSTEM 360 - funkce, kter\u00e1 umo\u017e\u0148uje ot\u00e1\u010den\u00ed v\u00fdlevky o 360 stup\u0148\u016f;<br \/>SYST\u00c9M Snadn\u00e9 \u010di\u0161t\u011bn\u00ed - d\u00edky pou\u017eit\u00ed vysoce kvalitn\u00edch materi\u00e1l\u016f p\u0159i v\u00fdrob\u011b jednotliv\u00fdch prvk\u016f tohoto v\u00fdrobku, jako je mosaz, nerezov\u00e1 ocel a pevn\u00fd PVC materi\u00e1l, je odoln\u00fd v\u016f\u010di vysok\u00fdm teplot\u00e1m;<br \/>SN\u00cd\u017dEN\u00cd HLUKU SYST\u00c9MU - d\u00edky tomu, \u017ee v\u00fdrobek m\u00e1 nylonovou hadici, sni\u017euje hlu\u010dnost baterie;<br \/>Vysoce kvalitn\u00ed keramick\u00e1 hlava minimalizuje riziko tvorby vodn\u00edho kamene. To zaru\u010duje prodlou\u017eenou \u017eivotnost v\u00fdrobku.<\/p>\n<p>Stabiln\u00ed konstrukce baterie a rukoje\u0165 baterie usnad\u0148uj\u00ed pr\u00e1ci v kuchyni!<\/p>\n<p>Je multifunk\u010dn\u00ed, ekologick\u00fd a odoln\u00fd v\u016f\u010di vysok\u00fdm teplot\u00e1m!<\/p>\n<p>Pr\u00e1ce s n\u00edm v kuchyni je pohodln\u00e1 a snadno se \u010dist\u00ed.<\/p>\n<p>Tla\u010d\u00edtko um\u00edst\u011bn\u00e9 na baterii umo\u017e\u0148uje rychlou zm\u011bnu proudu (sprcha\/p\u0159etr\u017eit\u00fd proud).<\/p>\n<p>Ka\u017ed\u00e1 hospody\u0148ka si ji zamiluje!<\/p>","protected":false},"excerpt":{"rendered":"<p>Technical data:Head: ceramicMaterial: steelSpout: pull-outAerator: yesType: single-leverMounting hole: standard, universalColor: Inox Product function:SYSTEM ECO &#8211; a function that allows you to save, thanks to water aeration (savings up to 40%);SYSTEM<\/p>","protected":false},"featured_media":285,"comment_status":"open","ping_status":"closed","template":"","meta":[],"product_cat":[67],"product_tag":[23],"class_list":{"0":"post-286","1":"product","2":"type-product","3":"status-publish","4":"has-post-thumbnail","6":"product_cat-sink-faucets","7":"product_tag-sink-faucets","9":"first","10":"outofstock","11":"taxable","12":"shipping-taxable","13":"product-type-simple"},"yoast_head":"<!-- This site is optimized with the Yoast SEO plugin v27.4 - https:\/\/yoast.com\/product\/yoast-seo-wordpress\/ -->\n<title>Dual mode stainless steel kitchen faucet with a modern and stylish look - VELAZO.<\/title>\n<meta name=\"robots\" content=\"index, follow, max-snippet:-1, max-image-preview:large, max-video-preview:-1\" \/>\n<link rel=\"canonical\" href=\"https:\/\/velazo-b2b.com\/cs\/produkt\/dvourezimova-kuchynska-baterie-z-nerezove-oceli-s-modernim-a-stylovym-vzhledem\/\" \/>\n<meta property=\"og:locale\" content=\"cs_CZ\" \/>\n<meta property=\"og:type\" content=\"article\" \/>\n<meta property=\"og:title\" content=\"Dual mode stainless steel kitchen faucet with a modern and stylish look - VELAZO.\" \/>\n<meta property=\"og:description\" content=\"Technical data:Head: ceramicMaterial: steelSpout: pull-outAerator: yesType: single-leverMounting hole: standard, universalColor: Inox Product function:SYSTEM ECO &#8211; a function that allows you to save, thanks to water aeration (savings up to 40%);SYSTEM\" \/>\n<meta property=\"og:url\" content=\"https:\/\/velazo-b2b.com\/cs\/produkt\/dvourezimova-kuchynska-baterie-z-nerezove-oceli-s-modernim-a-stylovym-vzhledem\/\" \/>\n<meta property=\"og:site_name\" content=\"VELAZO.\" \/>\n<meta property=\"article:modified_time\" content=\"2025-10-13T09:55:18+00:00\" \/>\n<meta property=\"og:image\" content=\"https:\/\/velazo-b2b.com\/wp-content\/uploads\/2025\/04\/f393b58c6d2c2a1c4693026b31f980c6-scaled.jpg\" \/>\n\t<meta property=\"og:image:width\" content=\"2560\" \/>\n\t<meta property=\"og:image:height\" content=\"2560\" \/>\n\t<meta property=\"og:image:type\" content=\"image\/jpeg\" \/>\n<meta name=\"twitter:card\" content=\"summary_large_image\" \/>\n<meta name=\"twitter:label1\" content=\"Odhadovan\u00e1 doba \u010dten\u00ed\" \/>\n\t<meta name=\"twitter:data1\" content=\"1 minuta\" \/>\n<script type=\"application\/ld+json\" class=\"yoast-schema-graph\">{\"@context\":\"https:\\\/\\\/schema.org\",\"@graph\":[{\"@type\":\"WebPage\",\"@id\":\"https:\\\/\\\/velazo-b2b.com\\\/product\\\/dual-mode-stainless-steel-kitchen-faucet-with-a-modern-and-stylish-look\\\/\",\"url\":\"https:\\\/\\\/velazo-b2b.com\\\/product\\\/dual-mode-stainless-steel-kitchen-faucet-with-a-modern-and-stylish-look\\\/\",\"name\":\"Dual mode stainless steel kitchen faucet with a modern and stylish look - VELAZO.\",\"isPartOf\":{\"@id\":\"https:\\\/\\\/velazo-b2b.com\\\/#website\"},\"primaryImageOfPage\":{\"@id\":\"https:\\\/\\\/velazo-b2b.com\\\/product\\\/dual-mode-stainless-steel-kitchen-faucet-with-a-modern-and-stylish-look\\\/#primaryimage\"},\"image\":{\"@id\":\"https:\\\/\\\/velazo-b2b.com\\\/product\\\/dual-mode-stainless-steel-kitchen-faucet-with-a-modern-and-stylish-look\\\/#primaryimage\"},\"thumbnailUrl\":\"https:\\\/\\\/velazo-b2b.com\\\/wp-content\\\/uploads\\\/2025\\\/04\\\/f393b58c6d2c2a1c4693026b31f980c6-scaled.jpg\",\"datePublished\":\"2025-04-09T14:38:51+00:00\",\"dateModified\":\"2025-10-13T09:55:18+00:00\",\"breadcrumb\":{\"@id\":\"https:\\\/\\\/velazo-b2b.com\\\/product\\\/dual-mode-stainless-steel-kitchen-faucet-with-a-modern-and-stylish-look\\\/#breadcrumb\"},\"inLanguage\":\"cs\",\"potentialAction\":[{\"@type\":\"ReadAction\",\"target\":[\"https:\\\/\\\/velazo-b2b.com\\\/product\\\/dual-mode-stainless-steel-kitchen-faucet-with-a-modern-and-stylish-look\\\/\"]}]},{\"@type\":\"ImageObject\",\"inLanguage\":\"cs\",\"@id\":\"https:\\\/\\\/velazo-b2b.com\\\/product\\\/dual-mode-stainless-steel-kitchen-faucet-with-a-modern-and-stylish-look\\\/#primaryimage\",\"url\":\"https:\\\/\\\/velazo-b2b.com\\\/wp-content\\\/uploads\\\/2025\\\/04\\\/f393b58c6d2c2a1c4693026b31f980c6-scaled.jpg\",\"contentUrl\":\"https:\\\/\\\/velazo-b2b.com\\\/wp-content\\\/uploads\\\/2025\\\/04\\\/f393b58c6d2c2a1c4693026b31f980c6-scaled.jpg\",\"width\":2560,\"height\":2560},{\"@type\":\"BreadcrumbList\",\"@id\":\"https:\\\/\\\/velazo-b2b.com\\\/product\\\/dual-mode-stainless-steel-kitchen-faucet-with-a-modern-and-stylish-look\\\/#breadcrumb\",\"itemListElement\":[{\"@type\":\"ListItem\",\"position\":1,\"name\":\"Home\",\"item\":\"https:\\\/\\\/velazo-b2b.com\\\/\"},{\"@type\":\"ListItem\",\"position\":2,\"name\":\"Shop\",\"item\":\"https:\\\/\\\/velazo-b2b.com\\\/shop-page\\\/\"},{\"@type\":\"ListItem\",\"position\":3,\"name\":\"Dual mode stainless steel kitchen faucet with a modern and stylish look\"}]},{\"@type\":\"WebSite\",\"@id\":\"https:\\\/\\\/velazo-b2b.com\\\/#website\",\"url\":\"https:\\\/\\\/velazo-b2b.com\\\/\",\"name\":\"VELAZO.\",\"description\":\"\",\"potentialAction\":[{\"@type\":\"SearchAction\",\"target\":{\"@type\":\"EntryPoint\",\"urlTemplate\":\"https:\\\/\\\/velazo-b2b.com\\\/?s={search_term_string}\"},\"query-input\":{\"@type\":\"PropertyValueSpecification\",\"valueRequired\":true,\"valueName\":\"search_term_string\"}}],\"inLanguage\":\"cs\"}]}<\/script>\n<!-- \/ Yoast SEO plugin. -->","yoast_head_json":{"title":"Dvoure\u017eimov\u00e1 kuchy\u0148sk\u00e1 baterie z nerezov\u00e9 oceli s modern\u00edm a stylov\u00fdm vzhledem - VELAZO.","robots":{"index":"index","follow":"follow","max-snippet":"max-snippet:-1","max-image-preview":"max-image-preview:large","max-video-preview":"max-video-preview:-1"},"canonical":"https:\/\/velazo-b2b.com\/cs\/produkt\/dvourezimova-kuchynska-baterie-z-nerezove-oceli-s-modernim-a-stylovym-vzhledem\/","og_locale":"cs_CZ","og_type":"article","og_title":"Dual mode stainless steel kitchen faucet with a modern and stylish look - VELAZO.","og_description":"Technical data:Head: ceramicMaterial: steelSpout: pull-outAerator: yesType: single-leverMounting hole: standard, universalColor: Inox Product function:SYSTEM ECO &#8211; a function that allows you to save, thanks to water aeration (savings up to 40%);SYSTEM","og_url":"https:\/\/velazo-b2b.com\/cs\/produkt\/dvourezimova-kuchynska-baterie-z-nerezove-oceli-s-modernim-a-stylovym-vzhledem\/","og_site_name":"VELAZO.","article_modified_time":"2025-10-13T09:55:18+00:00","og_image":[{"width":2560,"height":2560,"url":"https:\/\/velazo-b2b.com\/wp-content\/uploads\/2025\/04\/f393b58c6d2c2a1c4693026b31f980c6-scaled.jpg","type":"image\/jpeg"}],"twitter_card":"summary_large_image","twitter_misc":{"Odhadovan\u00e1 doba \u010dten\u00ed":"1 minuta"},"schema":{"@context":"https:\/\/schema.org","@graph":[{"@type":"WebPage","@id":"https:\/\/velazo-b2b.com\/product\/dual-mode-stainless-steel-kitchen-faucet-with-a-modern-and-stylish-look\/","url":"https:\/\/velazo-b2b.com\/product\/dual-mode-stainless-steel-kitchen-faucet-with-a-modern-and-stylish-look\/","name":"Dvoure\u017eimov\u00e1 kuchy\u0148sk\u00e1 baterie z nerezov\u00e9 oceli s modern\u00edm a stylov\u00fdm vzhledem - VELAZO.","isPartOf":{"@id":"https:\/\/velazo-b2b.com\/#website"},"primaryImageOfPage":{"@id":"https:\/\/velazo-b2b.com\/product\/dual-mode-stainless-steel-kitchen-faucet-with-a-modern-and-stylish-look\/#primaryimage"},"image":{"@id":"https:\/\/velazo-b2b.com\/product\/dual-mode-stainless-steel-kitchen-faucet-with-a-modern-and-stylish-look\/#primaryimage"},"thumbnailUrl":"https:\/\/velazo-b2b.com\/wp-content\/uploads\/2025\/04\/f393b58c6d2c2a1c4693026b31f980c6-scaled.jpg","datePublished":"2025-04-09T14:38:51+00:00","dateModified":"2025-10-13T09:55:18+00:00","breadcrumb":{"@id":"https:\/\/velazo-b2b.com\/product\/dual-mode-stainless-steel-kitchen-faucet-with-a-modern-and-stylish-look\/#breadcrumb"},"inLanguage":"cs","potentialAction":[{"@type":"ReadAction","target":["https:\/\/velazo-b2b.com\/product\/dual-mode-stainless-steel-kitchen-faucet-with-a-modern-and-stylish-look\/"]}]},{"@type":"ImageObject","inLanguage":"cs","@id":"https:\/\/velazo-b2b.com\/product\/dual-mode-stainless-steel-kitchen-faucet-with-a-modern-and-stylish-look\/#primaryimage","url":"https:\/\/velazo-b2b.com\/wp-content\/uploads\/2025\/04\/f393b58c6d2c2a1c4693026b31f980c6-scaled.jpg","contentUrl":"https:\/\/velazo-b2b.com\/wp-content\/uploads\/2025\/04\/f393b58c6d2c2a1c4693026b31f980c6-scaled.jpg","width":2560,"height":2560},{"@type":"BreadcrumbList","@id":"https:\/\/velazo-b2b.com\/product\/dual-mode-stainless-steel-kitchen-faucet-with-a-modern-and-stylish-look\/#breadcrumb","itemListElement":[{"@type":"ListItem","position":1,"name":"Home","item":"https:\/\/velazo-b2b.com\/"},{"@type":"ListItem","position":2,"name":"Shop","item":"https:\/\/velazo-b2b.com\/shop-page\/"},{"@type":"ListItem","position":3,"name":"Dual mode stainless steel kitchen faucet with a modern and stylish look"}]},{"@type":"WebSite","@id":"https:\/\/velazo-b2b.com\/#website","url":"https:\/\/velazo-b2b.com\/","name":"VELAZO.","description":"","potentialAction":[{"@type":"SearchAction","target":{"@type":"EntryPoint","urlTemplate":"https:\/\/velazo-b2b.com\/?s={search_term_string}"},"query-input":{"@type":"PropertyValueSpecification","valueRequired":true,"valueName":"search_term_string"}}],"inLanguage":"cs"}]}},"_links":{"self":[{"href":"https:\/\/velazo-b2b.com\/cs\/wp-json\/wp\/v2\/product\/286","targetHints":{"allow":["GET"]}}],"collection":[{"href":"https:\/\/velazo-b2b.com\/cs\/wp-json\/wp\/v2\/product"}],"about":[{"href":"https:\/\/velazo-b2b.com\/cs\/wp-json\/wp\/v2\/types\/product"}],"replies":[{"embeddable":true,"href":"https:\/\/velazo-b2b.com\/cs\/wp-json\/wp\/v2\/comments?post=286"}],"version-history":[{"count":0,"href":"https:\/\/velazo-b2b.com\/cs\/wp-json\/wp\/v2\/product\/286\/revisions"}],"wp:featuredmedia":[{"embeddable":true,"href":"https:\/\/velazo-b2b.com\/cs\/wp-json\/wp\/v2\/media\/285"}],"wp:attachment":[{"href":"https:\/\/velazo-b2b.com\/cs\/wp-json\/wp\/v2\/media?parent=286"}],"wp:term":[{"taxonomy":"product_cat","embeddable":true,"href":"https:\/\/velazo-b2b.com\/cs\/wp-json\/wp\/v2\/product_cat?post=286"},{"taxonomy":"product_tag","embeddable":true,"href":"https:\/\/velazo-b2b.com\/cs\/wp-json\/wp\/v2\/product_tag?post=286"}],"curies":[{"name":"wp","href":"https:\/\/api.w.org\/{rel}","templated":true}]}}