{"id":290,"date":"2025-04-09T14:39:05","date_gmt":"2025-04-09T14:39:05","guid":{"rendered":"https:\/\/velazo-b2b.com\/product\/l-shaped-kitchen-tap-for-home-sink-vegetable-washing-tap-with-cold-and-hot-water-function-anti-splash\/"},"modified":"2026-04-14T13:48:03","modified_gmt":"2026-04-14T11:48:03","slug":"kuchynska-baterie-ve-tvaru-pismene-l-pro-domaci-drez-na-myti-zeleniny-s-funkci-studene-a-teple-vody-proti-rozstriku","status":"publish","type":"product","link":"https:\/\/velazo-b2b.com\/cs\/produkt\/kuchynska-baterie-ve-tvaru-pismene-l-pro-domaci-drez-na-myti-zeleniny-s-funkci-studene-a-teple-vody-proti-rozstriku\/","title":{"rendered":"Kuchy\u0148sk\u00e1 baterie ve tvaru L pro dom\u00e1c\u00ed d\u0159ez na myt\u00ed zeleniny s funkc\u00ed studen\u00e9 a tepl\u00e9 vody proti rozst\u0159iku"},"content":{"rendered":"<p><strong>Technick\u00e9 \u00fadaje:<\/strong><br \/>Hlava: keramick\u00e1<br \/>Materi\u00e1l: mosaz<br \/>Provzdu\u0161\u0148ova\u010d: ano<br \/>Typ: jednop\u00e1kov\u00fd<br \/>\u0160\u00ed\u0159ka: 20 cm<br \/>V\u00fd\u0161ka: 27\/29 cm<br \/>Mont\u00e1\u017en\u00ed otvor: standardn\u00ed, univerz\u00e1ln\u00ed<br \/>Barva: Inox<\/p>\n<p>Baterie se snadno instaluje a m\u00e1 v\u0161echny pot\u0159ebn\u00e9 prvky pro mont\u00e1\u017e. Jej\u00ed povrch se snadno \u010dist\u00ed - pro zachov\u00e1n\u00ed estetick\u00e9ho vzhledu ji sta\u010d\u00ed ot\u0159\u00edt vlhk\u00fdm had\u0159\u00edkem. dokonal\u00e9 \u0159e\u0161en\u00ed pro lidi, kte\u0159\u00ed ve sv\u00e9 kuchyni oce\u0148uj\u00ed funk\u010dnost a eleganci.<\/p><\/p>","protected":false},"excerpt":{"rendered":"<p>Technick\u00e9 \u00fadaje:Hlava: keramick\u00e1Materi\u00e1l: mosazPou\u0161t\u011b\u010d: anoTyp: jednop\u00e1kov\u00fd\u0160\u00ed\u0159ka: 20 cmV\u00fd\u0161ka: 27\/29 cmMont\u00e1\u017en\u00ed otvor: standardn\u00ed, univerz\u00e1ln\u00edBarva: Inox Baterie se snadno instaluje a m\u00e1 v\u0161echny pot\u0159ebn\u00e9 prvky pro mont\u00e1\u017e. Jej\u00ed povrch je snadno<\/p>","protected":false},"featured_media":289,"comment_status":"open","ping_status":"closed","template":"","meta":[],"product_cat":[67],"product_tag":[23],"class_list":{"0":"post-290","1":"product","2":"type-product","3":"status-publish","4":"has-post-thumbnail","6":"product_cat-sink-faucets","7":"product_tag-sink-faucets","9":"first","10":"instock","11":"taxable","12":"shipping-taxable","13":"product-type-simple"},"yoast_head":"<!-- This site is optimized with the Yoast SEO plugin v27.4 - https:\/\/yoast.com\/product\/yoast-seo-wordpress\/ -->\n<title>L-shaped kitchen tap for home sink vegetable washing tap with cold and hot water function anti-splash - VELAZO.<\/title>\n<meta name=\"robots\" content=\"index, follow, max-snippet:-1, max-image-preview:large, max-video-preview:-1\" \/>\n<link rel=\"canonical\" href=\"https:\/\/velazo-b2b.com\/cs\/produkt\/kuchynska-baterie-ve-tvaru-pismene-l-pro-domaci-drez-na-myti-zeleniny-s-funkci-studene-a-teple-vody-proti-rozstriku\/\" \/>\n<meta property=\"og:locale\" content=\"cs_CZ\" \/>\n<meta property=\"og:type\" content=\"article\" \/>\n<meta property=\"og:title\" content=\"L-shaped kitchen tap for home sink vegetable washing tap with cold and hot water function anti-splash - VELAZO.\" \/>\n<meta property=\"og:description\" content=\"Technical data:Head: ceramicMaterial: brassAerator: yesType: single-leverWidth: 20cmHeight: 27\/29cmMounting hole: standard, universalColor: Inox The faucet is easy to install and has all the necessary elements for assembly. Its surface is easy\" \/>\n<meta property=\"og:url\" content=\"https:\/\/velazo-b2b.com\/cs\/produkt\/kuchynska-baterie-ve-tvaru-pismene-l-pro-domaci-drez-na-myti-zeleniny-s-funkci-studene-a-teple-vody-proti-rozstriku\/\" \/>\n<meta property=\"og:site_name\" content=\"VELAZO.\" \/>\n<meta property=\"article:modified_time\" content=\"2026-04-14T11:48:03+00:00\" \/>\n<meta property=\"og:image\" content=\"https:\/\/velazo-b2b.com\/wp-content\/uploads\/2025\/04\/df1eb1a813e67b802249e51349f809dc-scaled.jpg\" \/>\n\t<meta property=\"og:image:width\" content=\"2560\" \/>\n\t<meta property=\"og:image:height\" content=\"2560\" \/>\n\t<meta property=\"og:image:type\" content=\"image\/jpeg\" \/>\n<meta name=\"twitter:card\" content=\"summary_large_image\" \/>\n<script type=\"application\/ld+json\" class=\"yoast-schema-graph\">{\"@context\":\"https:\\\/\\\/schema.org\",\"@graph\":[{\"@type\":\"WebPage\",\"@id\":\"https:\\\/\\\/velazo-b2b.com\\\/product\\\/l-shaped-kitchen-tap-for-home-sink-vegetable-washing-tap-with-cold-and-hot-water-function-anti-splash\\\/\",\"url\":\"https:\\\/\\\/velazo-b2b.com\\\/product\\\/l-shaped-kitchen-tap-for-home-sink-vegetable-washing-tap-with-cold-and-hot-water-function-anti-splash\\\/\",\"name\":\"L-shaped kitchen tap for home sink vegetable washing tap with cold and hot water function anti-splash - VELAZO.\",\"isPartOf\":{\"@id\":\"https:\\\/\\\/velazo-b2b.com\\\/#website\"},\"primaryImageOfPage\":{\"@id\":\"https:\\\/\\\/velazo-b2b.com\\\/product\\\/l-shaped-kitchen-tap-for-home-sink-vegetable-washing-tap-with-cold-and-hot-water-function-anti-splash\\\/#primaryimage\"},\"image\":{\"@id\":\"https:\\\/\\\/velazo-b2b.com\\\/product\\\/l-shaped-kitchen-tap-for-home-sink-vegetable-washing-tap-with-cold-and-hot-water-function-anti-splash\\\/#primaryimage\"},\"thumbnailUrl\":\"https:\\\/\\\/velazo-b2b.com\\\/wp-content\\\/uploads\\\/2025\\\/04\\\/df1eb1a813e67b802249e51349f809dc-scaled.jpg\",\"datePublished\":\"2025-04-09T14:39:05+00:00\",\"dateModified\":\"2026-04-14T11:48:03+00:00\",\"breadcrumb\":{\"@id\":\"https:\\\/\\\/velazo-b2b.com\\\/product\\\/l-shaped-kitchen-tap-for-home-sink-vegetable-washing-tap-with-cold-and-hot-water-function-anti-splash\\\/#breadcrumb\"},\"inLanguage\":\"cs\",\"potentialAction\":[{\"@type\":\"ReadAction\",\"target\":[\"https:\\\/\\\/velazo-b2b.com\\\/product\\\/l-shaped-kitchen-tap-for-home-sink-vegetable-washing-tap-with-cold-and-hot-water-function-anti-splash\\\/\"]}]},{\"@type\":\"ImageObject\",\"inLanguage\":\"cs\",\"@id\":\"https:\\\/\\\/velazo-b2b.com\\\/product\\\/l-shaped-kitchen-tap-for-home-sink-vegetable-washing-tap-with-cold-and-hot-water-function-anti-splash\\\/#primaryimage\",\"url\":\"https:\\\/\\\/velazo-b2b.com\\\/wp-content\\\/uploads\\\/2025\\\/04\\\/df1eb1a813e67b802249e51349f809dc-scaled.jpg\",\"contentUrl\":\"https:\\\/\\\/velazo-b2b.com\\\/wp-content\\\/uploads\\\/2025\\\/04\\\/df1eb1a813e67b802249e51349f809dc-scaled.jpg\",\"width\":2560,\"height\":2560},{\"@type\":\"BreadcrumbList\",\"@id\":\"https:\\\/\\\/velazo-b2b.com\\\/product\\\/l-shaped-kitchen-tap-for-home-sink-vegetable-washing-tap-with-cold-and-hot-water-function-anti-splash\\\/#breadcrumb\",\"itemListElement\":[{\"@type\":\"ListItem\",\"position\":1,\"name\":\"Home\",\"item\":\"https:\\\/\\\/velazo-b2b.com\\\/\"},{\"@type\":\"ListItem\",\"position\":2,\"name\":\"Shop\",\"item\":\"https:\\\/\\\/velazo-b2b.com\\\/shop-page\\\/\"},{\"@type\":\"ListItem\",\"position\":3,\"name\":\"L-shaped kitchen tap for home sink vegetable washing tap with cold and hot water function anti-splash\"}]},{\"@type\":\"WebSite\",\"@id\":\"https:\\\/\\\/velazo-b2b.com\\\/#website\",\"url\":\"https:\\\/\\\/velazo-b2b.com\\\/\",\"name\":\"VELAZO.\",\"description\":\"\",\"potentialAction\":[{\"@type\":\"SearchAction\",\"target\":{\"@type\":\"EntryPoint\",\"urlTemplate\":\"https:\\\/\\\/velazo-b2b.com\\\/?s={search_term_string}\"},\"query-input\":{\"@type\":\"PropertyValueSpecification\",\"valueRequired\":true,\"valueName\":\"search_term_string\"}}],\"inLanguage\":\"cs\"}]}<\/script>\n<!-- \/ Yoast SEO plugin. -->","yoast_head_json":{"title":"Kuchy\u0148sk\u00e1 baterie ve tvaru L pro dom\u00e1c\u00ed d\u0159ez na myt\u00ed zeleniny s funkc\u00ed studen\u00e9 a tepl\u00e9 vody proti rozst\u0159iku - VELAZO.","robots":{"index":"index","follow":"follow","max-snippet":"max-snippet:-1","max-image-preview":"max-image-preview:large","max-video-preview":"max-video-preview:-1"},"canonical":"https:\/\/velazo-b2b.com\/cs\/produkt\/kuchynska-baterie-ve-tvaru-pismene-l-pro-domaci-drez-na-myti-zeleniny-s-funkci-studene-a-teple-vody-proti-rozstriku\/","og_locale":"cs_CZ","og_type":"article","og_title":"L-shaped kitchen tap for home sink vegetable washing tap with cold and hot water function anti-splash - VELAZO.","og_description":"Technical data:Head: ceramicMaterial: brassAerator: yesType: single-leverWidth: 20cmHeight: 27\/29cmMounting hole: standard, universalColor: Inox The faucet is easy to install and has all the necessary elements for assembly. Its surface is easy","og_url":"https:\/\/velazo-b2b.com\/cs\/produkt\/kuchynska-baterie-ve-tvaru-pismene-l-pro-domaci-drez-na-myti-zeleniny-s-funkci-studene-a-teple-vody-proti-rozstriku\/","og_site_name":"VELAZO.","article_modified_time":"2026-04-14T11:48:03+00:00","og_image":[{"width":2560,"height":2560,"url":"https:\/\/velazo-b2b.com\/wp-content\/uploads\/2025\/04\/df1eb1a813e67b802249e51349f809dc-scaled.jpg","type":"image\/jpeg"}],"twitter_card":"summary_large_image","schema":{"@context":"https:\/\/schema.org","@graph":[{"@type":"WebPage","@id":"https:\/\/velazo-b2b.com\/product\/l-shaped-kitchen-tap-for-home-sink-vegetable-washing-tap-with-cold-and-hot-water-function-anti-splash\/","url":"https:\/\/velazo-b2b.com\/product\/l-shaped-kitchen-tap-for-home-sink-vegetable-washing-tap-with-cold-and-hot-water-function-anti-splash\/","name":"Kuchy\u0148sk\u00e1 baterie ve tvaru L pro dom\u00e1c\u00ed d\u0159ez na myt\u00ed zeleniny s funkc\u00ed studen\u00e9 a tepl\u00e9 vody proti rozst\u0159iku - VELAZO.","isPartOf":{"@id":"https:\/\/velazo-b2b.com\/#website"},"primaryImageOfPage":{"@id":"https:\/\/velazo-b2b.com\/product\/l-shaped-kitchen-tap-for-home-sink-vegetable-washing-tap-with-cold-and-hot-water-function-anti-splash\/#primaryimage"},"image":{"@id":"https:\/\/velazo-b2b.com\/product\/l-shaped-kitchen-tap-for-home-sink-vegetable-washing-tap-with-cold-and-hot-water-function-anti-splash\/#primaryimage"},"thumbnailUrl":"https:\/\/velazo-b2b.com\/wp-content\/uploads\/2025\/04\/df1eb1a813e67b802249e51349f809dc-scaled.jpg","datePublished":"2025-04-09T14:39:05+00:00","dateModified":"2026-04-14T11:48:03+00:00","breadcrumb":{"@id":"https:\/\/velazo-b2b.com\/product\/l-shaped-kitchen-tap-for-home-sink-vegetable-washing-tap-with-cold-and-hot-water-function-anti-splash\/#breadcrumb"},"inLanguage":"cs","potentialAction":[{"@type":"ReadAction","target":["https:\/\/velazo-b2b.com\/product\/l-shaped-kitchen-tap-for-home-sink-vegetable-washing-tap-with-cold-and-hot-water-function-anti-splash\/"]}]},{"@type":"ImageObject","inLanguage":"cs","@id":"https:\/\/velazo-b2b.com\/product\/l-shaped-kitchen-tap-for-home-sink-vegetable-washing-tap-with-cold-and-hot-water-function-anti-splash\/#primaryimage","url":"https:\/\/velazo-b2b.com\/wp-content\/uploads\/2025\/04\/df1eb1a813e67b802249e51349f809dc-scaled.jpg","contentUrl":"https:\/\/velazo-b2b.com\/wp-content\/uploads\/2025\/04\/df1eb1a813e67b802249e51349f809dc-scaled.jpg","width":2560,"height":2560},{"@type":"BreadcrumbList","@id":"https:\/\/velazo-b2b.com\/product\/l-shaped-kitchen-tap-for-home-sink-vegetable-washing-tap-with-cold-and-hot-water-function-anti-splash\/#breadcrumb","itemListElement":[{"@type":"ListItem","position":1,"name":"Home","item":"https:\/\/velazo-b2b.com\/"},{"@type":"ListItem","position":2,"name":"Shop","item":"https:\/\/velazo-b2b.com\/shop-page\/"},{"@type":"ListItem","position":3,"name":"L-shaped kitchen tap for home sink vegetable washing tap with cold and hot water function anti-splash"}]},{"@type":"WebSite","@id":"https:\/\/velazo-b2b.com\/#website","url":"https:\/\/velazo-b2b.com\/","name":"VELAZO.","description":"","potentialAction":[{"@type":"SearchAction","target":{"@type":"EntryPoint","urlTemplate":"https:\/\/velazo-b2b.com\/?s={search_term_string}"},"query-input":{"@type":"PropertyValueSpecification","valueRequired":true,"valueName":"search_term_string"}}],"inLanguage":"cs"}]}},"_links":{"self":[{"href":"https:\/\/velazo-b2b.com\/cs\/wp-json\/wp\/v2\/product\/290","targetHints":{"allow":["GET"]}}],"collection":[{"href":"https:\/\/velazo-b2b.com\/cs\/wp-json\/wp\/v2\/product"}],"about":[{"href":"https:\/\/velazo-b2b.com\/cs\/wp-json\/wp\/v2\/types\/product"}],"replies":[{"embeddable":true,"href":"https:\/\/velazo-b2b.com\/cs\/wp-json\/wp\/v2\/comments?post=290"}],"version-history":[{"count":0,"href":"https:\/\/velazo-b2b.com\/cs\/wp-json\/wp\/v2\/product\/290\/revisions"}],"wp:featuredmedia":[{"embeddable":true,"href":"https:\/\/velazo-b2b.com\/cs\/wp-json\/wp\/v2\/media\/289"}],"wp:attachment":[{"href":"https:\/\/velazo-b2b.com\/cs\/wp-json\/wp\/v2\/media?parent=290"}],"wp:term":[{"taxonomy":"product_cat","embeddable":true,"href":"https:\/\/velazo-b2b.com\/cs\/wp-json\/wp\/v2\/product_cat?post=290"},{"taxonomy":"product_tag","embeddable":true,"href":"https:\/\/velazo-b2b.com\/cs\/wp-json\/wp\/v2\/product_tag?post=290"}],"curies":[{"name":"wp","href":"https:\/\/api.w.org\/{rel}","templated":true}]}}