{"id":292,"date":"2025-04-09T14:39:11","date_gmt":"2025-04-09T14:39:11","guid":{"rendered":"https:\/\/velazo-b2b.com\/product\/high-quality-kitchen-taps-stainless-steel-kitchen-taps\/"},"modified":"2026-03-10T09:24:49","modified_gmt":"2026-03-10T08:24:49","slug":"vysoce-kvalitni-kuchynske-baterie-z-nerezove-oceli-kuchynske-baterie","status":"publish","type":"product","link":"https:\/\/velazo-b2b.com\/cs\/produkt\/vysoce-kvalitni-kuchynske-baterie-z-nerezove-oceli-kuchynske-baterie\/","title":{"rendered":"Vysoce kvalitn\u00ed kuchy\u0148sk\u00e9 baterie kuchy\u0148sk\u00e9 baterie z nerezov\u00e9 oceli"},"content":{"rendered":"<p><strong>Vysoce kvalitn\u00ed kuchy\u0148sk\u00e9 baterie z nerezov\u00e9 oceli Re\u017eim dvojit\u00e9ho proudu<\/strong><br \/>\nProd\u00e1van\u00fdm produktem je kuchy\u0148sk\u00e1 baterie s vytahovac\u00ed v\u00fdpust\u00ed. Jedn\u00e1 se o inovativn\u00ed v\u00fdrobek, kter\u00fd by m\u011bl m\u00edt doma ka\u017ed\u00fd.<\/p>\n<p>Jeho design se hod\u00ed do ka\u017ed\u00e9ho interi\u00e9ru, ale to nen\u00ed jedin\u00e1 v\u00fdhoda tohoto v\u00fdrobku. M\u00e1 mnoho aplikac\u00ed, kter\u00e9 usnad\u0148uj\u00ed pr\u00e1ci v kuchyni. Jeho hlavn\u00ed v\u00fdhodou je v\u00fdsuvn\u00e1 a oto\u010dn\u00e1 v\u00fdlevka, kter\u00e1 usnad\u0148uje oplachov\u00e1n\u00ed.<\/p>\n<p>D\u00edky vysoce kvalitn\u00edmu materi\u00e1lu pou\u017eit\u00e9mu p\u0159i v\u00fdrob\u011b kohoutku se snadno \u010dist\u00ed (sta\u010d\u00ed ot\u0159\u00edt vlhk\u00fdm had\u0159\u00edkem) a v\u00fdrobek vypad\u00e1 st\u00e1le jako nov\u00fd.<\/p>\n<p><strong>Technick\u00e9 \u00fadaje:<\/strong><br \/>\nHlava: keramick\u00e1<br \/>\nMateri\u00e1l: mosaz<br \/>\nV\u00fdlevka: v\u00fdsuvn\u00e1<br \/>\nProvzdu\u0161\u0148ova\u010d: ano<br \/>\nTyp: jednop\u00e1kov\u00fd<br \/>\nMont\u00e1\u017en\u00ed otvor: standardn\u00ed, univerz\u00e1ln\u00ed<br \/>\nBarva: Inox<\/p>","protected":false},"excerpt":{"rendered":"<p>Kuchy\u0148sk\u00e9 baterie vysoce kvalitn\u00ed kuchy\u0148sk\u00e9 baterie z nerezov\u00e9 oceli Re\u017eim dvojit\u00e9ho proudu Prod\u00e1van\u00fd v\u00fdrobek je kuchy\u0148sk\u00e1 baterie s vytahovac\u00ed v\u00fdpust\u00ed. Jedn\u00e1 se o inovativn\u00ed v\u00fdrobek, kter\u00fd si ka\u017ed\u00fd<\/p>","protected":false},"featured_media":291,"comment_status":"open","ping_status":"closed","template":"","meta":[],"product_cat":[67],"product_tag":[23],"class_list":{"0":"post-292","1":"product","2":"type-product","3":"status-publish","4":"has-post-thumbnail","6":"product_cat-sink-faucets","7":"product_tag-sink-faucets","9":"first","10":"outofstock","11":"taxable","12":"shipping-taxable","13":"product-type-simple"},"yoast_head":"<!-- This site is optimized with the Yoast SEO plugin v27.4 - https:\/\/yoast.com\/product\/yoast-seo-wordpress\/ -->\n<title>High quality kitchen taps stainless steel kitchen taps - VELAZO.<\/title>\n<meta name=\"robots\" content=\"index, follow, max-snippet:-1, max-image-preview:large, max-video-preview:-1\" \/>\n<link rel=\"canonical\" href=\"https:\/\/velazo-b2b.com\/cs\/produkt\/vysoce-kvalitni-kuchynske-baterie-z-nerezove-oceli-kuchynske-baterie\/\" \/>\n<meta property=\"og:locale\" content=\"cs_CZ\" \/>\n<meta property=\"og:type\" content=\"article\" \/>\n<meta property=\"og:title\" content=\"High quality kitchen taps stainless steel kitchen taps - VELAZO.\" \/>\n<meta property=\"og:description\" content=\"Kitchen faucets high quality stainless steel kitchen taps Dual stream mode The product for sale is a kitchen faucet with a pull-out spout. This is an innovative product that everyone\" \/>\n<meta property=\"og:url\" content=\"https:\/\/velazo-b2b.com\/cs\/produkt\/vysoce-kvalitni-kuchynske-baterie-z-nerezove-oceli-kuchynske-baterie\/\" \/>\n<meta property=\"og:site_name\" content=\"VELAZO.\" \/>\n<meta property=\"article:modified_time\" content=\"2026-03-10T08:24:49+00:00\" \/>\n<meta property=\"og:image\" content=\"http:\/\/velazo-b2b.com\/wp-content\/uploads\/2025\/04\/7067c1bfacac81aba71ae5cfe7703358-scaled.jpg\" \/>\n\t<meta property=\"og:image:width\" content=\"2560\" \/>\n\t<meta property=\"og:image:height\" content=\"2560\" \/>\n\t<meta property=\"og:image:type\" content=\"image\/jpeg\" \/>\n<meta name=\"twitter:card\" content=\"summary_large_image\" \/>\n<meta name=\"twitter:label1\" content=\"Odhadovan\u00e1 doba \u010dten\u00ed\" \/>\n\t<meta name=\"twitter:data1\" content=\"1 minuta\" \/>\n<script type=\"application\/ld+json\" class=\"yoast-schema-graph\">{\"@context\":\"https:\\\/\\\/schema.org\",\"@graph\":[{\"@type\":\"WebPage\",\"@id\":\"https:\\\/\\\/velazo-b2b.com\\\/product\\\/high-quality-kitchen-taps-stainless-steel-kitchen-taps\\\/\",\"url\":\"https:\\\/\\\/velazo-b2b.com\\\/product\\\/high-quality-kitchen-taps-stainless-steel-kitchen-taps\\\/\",\"name\":\"High quality kitchen taps stainless steel kitchen taps - VELAZO.\",\"isPartOf\":{\"@id\":\"https:\\\/\\\/velazo-b2b.com\\\/#website\"},\"primaryImageOfPage\":{\"@id\":\"https:\\\/\\\/velazo-b2b.com\\\/product\\\/high-quality-kitchen-taps-stainless-steel-kitchen-taps\\\/#primaryimage\"},\"image\":{\"@id\":\"https:\\\/\\\/velazo-b2b.com\\\/product\\\/high-quality-kitchen-taps-stainless-steel-kitchen-taps\\\/#primaryimage\"},\"thumbnailUrl\":\"https:\\\/\\\/velazo-b2b.com\\\/wp-content\\\/uploads\\\/2025\\\/04\\\/7067c1bfacac81aba71ae5cfe7703358-scaled.jpg\",\"datePublished\":\"2025-04-09T14:39:11+00:00\",\"dateModified\":\"2026-03-10T08:24:49+00:00\",\"breadcrumb\":{\"@id\":\"https:\\\/\\\/velazo-b2b.com\\\/product\\\/high-quality-kitchen-taps-stainless-steel-kitchen-taps\\\/#breadcrumb\"},\"inLanguage\":\"cs\",\"potentialAction\":[{\"@type\":\"ReadAction\",\"target\":[\"https:\\\/\\\/velazo-b2b.com\\\/product\\\/high-quality-kitchen-taps-stainless-steel-kitchen-taps\\\/\"]}]},{\"@type\":\"ImageObject\",\"inLanguage\":\"cs\",\"@id\":\"https:\\\/\\\/velazo-b2b.com\\\/product\\\/high-quality-kitchen-taps-stainless-steel-kitchen-taps\\\/#primaryimage\",\"url\":\"https:\\\/\\\/velazo-b2b.com\\\/wp-content\\\/uploads\\\/2025\\\/04\\\/7067c1bfacac81aba71ae5cfe7703358-scaled.jpg\",\"contentUrl\":\"https:\\\/\\\/velazo-b2b.com\\\/wp-content\\\/uploads\\\/2025\\\/04\\\/7067c1bfacac81aba71ae5cfe7703358-scaled.jpg\",\"width\":2560,\"height\":2560},{\"@type\":\"BreadcrumbList\",\"@id\":\"https:\\\/\\\/velazo-b2b.com\\\/product\\\/high-quality-kitchen-taps-stainless-steel-kitchen-taps\\\/#breadcrumb\",\"itemListElement\":[{\"@type\":\"ListItem\",\"position\":1,\"name\":\"Home\",\"item\":\"https:\\\/\\\/velazo-b2b.com\\\/\"},{\"@type\":\"ListItem\",\"position\":2,\"name\":\"Shop\",\"item\":\"https:\\\/\\\/velazo-b2b.com\\\/shop-page\\\/\"},{\"@type\":\"ListItem\",\"position\":3,\"name\":\"High quality kitchen taps stainless steel kitchen taps\"}]},{\"@type\":\"WebSite\",\"@id\":\"https:\\\/\\\/velazo-b2b.com\\\/#website\",\"url\":\"https:\\\/\\\/velazo-b2b.com\\\/\",\"name\":\"VELAZO.\",\"description\":\"\",\"potentialAction\":[{\"@type\":\"SearchAction\",\"target\":{\"@type\":\"EntryPoint\",\"urlTemplate\":\"https:\\\/\\\/velazo-b2b.com\\\/?s={search_term_string}\"},\"query-input\":{\"@type\":\"PropertyValueSpecification\",\"valueRequired\":true,\"valueName\":\"search_term_string\"}}],\"inLanguage\":\"cs\"}]}<\/script>\n<!-- \/ Yoast SEO plugin. -->","yoast_head_json":{"title":"Kvalitn\u00ed kuchy\u0148sk\u00e9 baterie z nerezov\u00e9 oceli - VELAZO.","robots":{"index":"index","follow":"follow","max-snippet":"max-snippet:-1","max-image-preview":"max-image-preview:large","max-video-preview":"max-video-preview:-1"},"canonical":"https:\/\/velazo-b2b.com\/cs\/produkt\/vysoce-kvalitni-kuchynske-baterie-z-nerezove-oceli-kuchynske-baterie\/","og_locale":"cs_CZ","og_type":"article","og_title":"High quality kitchen taps stainless steel kitchen taps - VELAZO.","og_description":"Kitchen faucets high quality stainless steel kitchen taps Dual stream mode The product for sale is a kitchen faucet with a pull-out spout. This is an innovative product that everyone","og_url":"https:\/\/velazo-b2b.com\/cs\/produkt\/vysoce-kvalitni-kuchynske-baterie-z-nerezove-oceli-kuchynske-baterie\/","og_site_name":"VELAZO.","article_modified_time":"2026-03-10T08:24:49+00:00","og_image":[{"width":2560,"height":2560,"url":"http:\/\/velazo-b2b.com\/wp-content\/uploads\/2025\/04\/7067c1bfacac81aba71ae5cfe7703358-scaled.jpg","type":"image\/jpeg"}],"twitter_card":"summary_large_image","twitter_misc":{"Odhadovan\u00e1 doba \u010dten\u00ed":"1 minuta"},"schema":{"@context":"https:\/\/schema.org","@graph":[{"@type":"WebPage","@id":"https:\/\/velazo-b2b.com\/product\/high-quality-kitchen-taps-stainless-steel-kitchen-taps\/","url":"https:\/\/velazo-b2b.com\/product\/high-quality-kitchen-taps-stainless-steel-kitchen-taps\/","name":"Kvalitn\u00ed kuchy\u0148sk\u00e9 baterie z nerezov\u00e9 oceli - VELAZO.","isPartOf":{"@id":"https:\/\/velazo-b2b.com\/#website"},"primaryImageOfPage":{"@id":"https:\/\/velazo-b2b.com\/product\/high-quality-kitchen-taps-stainless-steel-kitchen-taps\/#primaryimage"},"image":{"@id":"https:\/\/velazo-b2b.com\/product\/high-quality-kitchen-taps-stainless-steel-kitchen-taps\/#primaryimage"},"thumbnailUrl":"https:\/\/velazo-b2b.com\/wp-content\/uploads\/2025\/04\/7067c1bfacac81aba71ae5cfe7703358-scaled.jpg","datePublished":"2025-04-09T14:39:11+00:00","dateModified":"2026-03-10T08:24:49+00:00","breadcrumb":{"@id":"https:\/\/velazo-b2b.com\/product\/high-quality-kitchen-taps-stainless-steel-kitchen-taps\/#breadcrumb"},"inLanguage":"cs","potentialAction":[{"@type":"ReadAction","target":["https:\/\/velazo-b2b.com\/product\/high-quality-kitchen-taps-stainless-steel-kitchen-taps\/"]}]},{"@type":"ImageObject","inLanguage":"cs","@id":"https:\/\/velazo-b2b.com\/product\/high-quality-kitchen-taps-stainless-steel-kitchen-taps\/#primaryimage","url":"https:\/\/velazo-b2b.com\/wp-content\/uploads\/2025\/04\/7067c1bfacac81aba71ae5cfe7703358-scaled.jpg","contentUrl":"https:\/\/velazo-b2b.com\/wp-content\/uploads\/2025\/04\/7067c1bfacac81aba71ae5cfe7703358-scaled.jpg","width":2560,"height":2560},{"@type":"BreadcrumbList","@id":"https:\/\/velazo-b2b.com\/product\/high-quality-kitchen-taps-stainless-steel-kitchen-taps\/#breadcrumb","itemListElement":[{"@type":"ListItem","position":1,"name":"Home","item":"https:\/\/velazo-b2b.com\/"},{"@type":"ListItem","position":2,"name":"Shop","item":"https:\/\/velazo-b2b.com\/shop-page\/"},{"@type":"ListItem","position":3,"name":"High quality kitchen taps stainless steel kitchen taps"}]},{"@type":"WebSite","@id":"https:\/\/velazo-b2b.com\/#website","url":"https:\/\/velazo-b2b.com\/","name":"VELAZO.","description":"","potentialAction":[{"@type":"SearchAction","target":{"@type":"EntryPoint","urlTemplate":"https:\/\/velazo-b2b.com\/?s={search_term_string}"},"query-input":{"@type":"PropertyValueSpecification","valueRequired":true,"valueName":"search_term_string"}}],"inLanguage":"cs"}]}},"_links":{"self":[{"href":"https:\/\/velazo-b2b.com\/cs\/wp-json\/wp\/v2\/product\/292","targetHints":{"allow":["GET"]}}],"collection":[{"href":"https:\/\/velazo-b2b.com\/cs\/wp-json\/wp\/v2\/product"}],"about":[{"href":"https:\/\/velazo-b2b.com\/cs\/wp-json\/wp\/v2\/types\/product"}],"replies":[{"embeddable":true,"href":"https:\/\/velazo-b2b.com\/cs\/wp-json\/wp\/v2\/comments?post=292"}],"version-history":[{"count":0,"href":"https:\/\/velazo-b2b.com\/cs\/wp-json\/wp\/v2\/product\/292\/revisions"}],"wp:featuredmedia":[{"embeddable":true,"href":"https:\/\/velazo-b2b.com\/cs\/wp-json\/wp\/v2\/media\/291"}],"wp:attachment":[{"href":"https:\/\/velazo-b2b.com\/cs\/wp-json\/wp\/v2\/media?parent=292"}],"wp:term":[{"taxonomy":"product_cat","embeddable":true,"href":"https:\/\/velazo-b2b.com\/cs\/wp-json\/wp\/v2\/product_cat?post=292"},{"taxonomy":"product_tag","embeddable":true,"href":"https:\/\/velazo-b2b.com\/cs\/wp-json\/wp\/v2\/product_tag?post=292"}],"curies":[{"name":"wp","href":"https:\/\/api.w.org\/{rel}","templated":true}]}}