{"id":312,"date":"2025-04-09T14:39:38","date_gmt":"2025-04-09T14:39:38","guid":{"rendered":"https:\/\/velazo-b2b.com\/product\/satin-steel-sink-60x49-with-kitchen-siphon\/"},"modified":"2026-02-16T11:01:01","modified_gmt":"2026-02-16T10:01:01","slug":"drez-z-matne-oceli-60x49-s-kuchynskym-sifonem","status":"publish","type":"product","link":"https:\/\/velazo-b2b.com\/cs\/produkt\/drez-z-matne-oceli-60x49-s-kuchynskym-sifonem\/","title":{"rendered":"Sat\u00e9nov\u00fd ocelov\u00fd d\u0159ez 60\u00d749 s kuchy\u0148sk\u00fdm sifonem"},"content":{"rendered":"<p><b>Technick\u00e9 specifikace:<\/b><\/p>\n<ul>\n<li>Typ : 1 komora<\/li>\n<li>Materi\u00e1l : nerezov\u00e1 ocel<\/li>\n<li>D\u00e9lka: 60 cm<\/li>\n<li>\u0160\u00ed\u0159ka: 49 cm<\/li>\n<li>Hloubka: 18 cm<\/li>\n<li>Tlou\u0161\u0165ka kovu bez povlaku: 0,8 mm<\/li>\n<li>Sou\u010d\u00e1st\u00ed sady je : sifon pro vypou\u0161t\u011bn\u00ed vody, mont\u00e1\u017en\u00ed sada <\/li>\n<\/ul>","protected":false},"excerpt":{"rendered":"<p>Technical specifications: Type&nbsp;: 1 chamber Material&nbsp;: Stainless steel Length&nbsp;: 60 cm Width&nbsp;: 49 cm Depth&nbsp;: 18 cm Thickness of metal without coating&nbsp;: 0.8 mm Included in the set&nbsp;: Drain trap,<\/p>","protected":false},"featured_media":311,"comment_status":"open","ping_status":"closed","template":"","meta":[],"product_cat":[58,60],"product_tag":[41,40],"class_list":{"0":"post-312","1":"product","2":"type-product","3":"status-publish","4":"has-post-thumbnail","6":"product_cat-stamped-satin-sink","7":"product_cat-stamped-sink","8":"product_tag-satin","9":"product_tag-stamped-sink","11":"first","12":"outofstock","13":"taxable","14":"shipping-taxable","15":"product-type-simple"},"yoast_head":"<!-- This site is optimized with the Yoast SEO plugin v27.4 - https:\/\/yoast.com\/product\/yoast-seo-wordpress\/ -->\n<title>Satin Steel Sink 60\u00d749 with Kitchen Siphon - VELAZO.<\/title>\n<meta name=\"robots\" content=\"index, follow, max-snippet:-1, max-image-preview:large, max-video-preview:-1\" \/>\n<link rel=\"canonical\" href=\"https:\/\/velazo-b2b.com\/cs\/produkt\/drez-z-matne-oceli-60x49-s-kuchynskym-sifonem\/\" \/>\n<meta property=\"og:locale\" content=\"cs_CZ\" \/>\n<meta property=\"og:type\" content=\"article\" \/>\n<meta property=\"og:title\" content=\"Satin Steel Sink 60\u00d749 with Kitchen Siphon - VELAZO.\" \/>\n<meta property=\"og:description\" content=\"Technical specifications: Type&nbsp;: 1 chamber Material&nbsp;: Stainless steel Length&nbsp;: 60 cm Width&nbsp;: 49 cm Depth&nbsp;: 18 cm Thickness of metal without coating&nbsp;: 0.8 mm Included in the set&nbsp;: Drain trap,\" \/>\n<meta property=\"og:url\" content=\"https:\/\/velazo-b2b.com\/cs\/produkt\/drez-z-matne-oceli-60x49-s-kuchynskym-sifonem\/\" \/>\n<meta property=\"og:site_name\" content=\"VELAZO.\" \/>\n<meta property=\"article:modified_time\" content=\"2026-02-16T10:01:01+00:00\" \/>\n<meta property=\"og:image\" content=\"https:\/\/velazo-b2b.com\/wp-content\/uploads\/2025\/04\/3-60x49-a.webp\" \/>\n\t<meta property=\"og:image:width\" content=\"1500\" \/>\n\t<meta property=\"og:image:height\" content=\"1500\" \/>\n\t<meta property=\"og:image:type\" content=\"image\/webp\" \/>\n<meta name=\"twitter:card\" content=\"summary_large_image\" \/>\n<script type=\"application\/ld+json\" class=\"yoast-schema-graph\">{\"@context\":\"https:\\\/\\\/schema.org\",\"@graph\":[{\"@type\":\"WebPage\",\"@id\":\"https:\\\/\\\/velazo-b2b.com\\\/product\\\/satin-steel-sink-60x49-with-kitchen-siphon\\\/\",\"url\":\"https:\\\/\\\/velazo-b2b.com\\\/product\\\/satin-steel-sink-60x49-with-kitchen-siphon\\\/\",\"name\":\"Satin Steel Sink 60\u00d749 with Kitchen Siphon - VELAZO.\",\"isPartOf\":{\"@id\":\"https:\\\/\\\/velazo-b2b.com\\\/#website\"},\"primaryImageOfPage\":{\"@id\":\"https:\\\/\\\/velazo-b2b.com\\\/product\\\/satin-steel-sink-60x49-with-kitchen-siphon\\\/#primaryimage\"},\"image\":{\"@id\":\"https:\\\/\\\/velazo-b2b.com\\\/product\\\/satin-steel-sink-60x49-with-kitchen-siphon\\\/#primaryimage\"},\"thumbnailUrl\":\"https:\\\/\\\/velazo-b2b.com\\\/wp-content\\\/uploads\\\/2025\\\/04\\\/3-60x49-a.webp\",\"datePublished\":\"2025-04-09T14:39:38+00:00\",\"dateModified\":\"2026-02-16T10:01:01+00:00\",\"breadcrumb\":{\"@id\":\"https:\\\/\\\/velazo-b2b.com\\\/product\\\/satin-steel-sink-60x49-with-kitchen-siphon\\\/#breadcrumb\"},\"inLanguage\":\"cs\",\"potentialAction\":[{\"@type\":\"ReadAction\",\"target\":[\"https:\\\/\\\/velazo-b2b.com\\\/product\\\/satin-steel-sink-60x49-with-kitchen-siphon\\\/\"]}]},{\"@type\":\"ImageObject\",\"inLanguage\":\"cs\",\"@id\":\"https:\\\/\\\/velazo-b2b.com\\\/product\\\/satin-steel-sink-60x49-with-kitchen-siphon\\\/#primaryimage\",\"url\":\"https:\\\/\\\/velazo-b2b.com\\\/wp-content\\\/uploads\\\/2025\\\/04\\\/3-60x49-a.webp\",\"contentUrl\":\"https:\\\/\\\/velazo-b2b.com\\\/wp-content\\\/uploads\\\/2025\\\/04\\\/3-60x49-a.webp\",\"width\":1500,\"height\":1500},{\"@type\":\"BreadcrumbList\",\"@id\":\"https:\\\/\\\/velazo-b2b.com\\\/product\\\/satin-steel-sink-60x49-with-kitchen-siphon\\\/#breadcrumb\",\"itemListElement\":[{\"@type\":\"ListItem\",\"position\":1,\"name\":\"Home\",\"item\":\"https:\\\/\\\/velazo-b2b.com\\\/\"},{\"@type\":\"ListItem\",\"position\":2,\"name\":\"Shop\",\"item\":\"https:\\\/\\\/velazo-b2b.com\\\/shop-page\\\/\"},{\"@type\":\"ListItem\",\"position\":3,\"name\":\"Satin Steel Sink 60\u00d749 with Kitchen Siphon\"}]},{\"@type\":\"WebSite\",\"@id\":\"https:\\\/\\\/velazo-b2b.com\\\/#website\",\"url\":\"https:\\\/\\\/velazo-b2b.com\\\/\",\"name\":\"VELAZO.\",\"description\":\"\",\"potentialAction\":[{\"@type\":\"SearchAction\",\"target\":{\"@type\":\"EntryPoint\",\"urlTemplate\":\"https:\\\/\\\/velazo-b2b.com\\\/?s={search_term_string}\"},\"query-input\":{\"@type\":\"PropertyValueSpecification\",\"valueRequired\":true,\"valueName\":\"search_term_string\"}}],\"inLanguage\":\"cs\"}]}<\/script>\n<!-- \/ Yoast SEO plugin. -->","yoast_head_json":{"title":"Sat\u00e9nov\u00fd ocelov\u00fd d\u0159ez 60\u00d749 s kuchy\u0148sk\u00fdm sifonem - VELAZO.","robots":{"index":"index","follow":"follow","max-snippet":"max-snippet:-1","max-image-preview":"max-image-preview:large","max-video-preview":"max-video-preview:-1"},"canonical":"https:\/\/velazo-b2b.com\/cs\/produkt\/drez-z-matne-oceli-60x49-s-kuchynskym-sifonem\/","og_locale":"cs_CZ","og_type":"article","og_title":"Satin Steel Sink 60\u00d749 with Kitchen Siphon - VELAZO.","og_description":"Technical specifications: Type&nbsp;: 1 chamber Material&nbsp;: Stainless steel Length&nbsp;: 60 cm Width&nbsp;: 49 cm Depth&nbsp;: 18 cm Thickness of metal without coating&nbsp;: 0.8 mm Included in the set&nbsp;: Drain trap,","og_url":"https:\/\/velazo-b2b.com\/cs\/produkt\/drez-z-matne-oceli-60x49-s-kuchynskym-sifonem\/","og_site_name":"VELAZO.","article_modified_time":"2026-02-16T10:01:01+00:00","og_image":[{"width":1500,"height":1500,"url":"https:\/\/velazo-b2b.com\/wp-content\/uploads\/2025\/04\/3-60x49-a.webp","type":"image\/webp"}],"twitter_card":"summary_large_image","schema":{"@context":"https:\/\/schema.org","@graph":[{"@type":"WebPage","@id":"https:\/\/velazo-b2b.com\/product\/satin-steel-sink-60x49-with-kitchen-siphon\/","url":"https:\/\/velazo-b2b.com\/product\/satin-steel-sink-60x49-with-kitchen-siphon\/","name":"Sat\u00e9nov\u00fd ocelov\u00fd d\u0159ez 60\u00d749 s kuchy\u0148sk\u00fdm sifonem - VELAZO.","isPartOf":{"@id":"https:\/\/velazo-b2b.com\/#website"},"primaryImageOfPage":{"@id":"https:\/\/velazo-b2b.com\/product\/satin-steel-sink-60x49-with-kitchen-siphon\/#primaryimage"},"image":{"@id":"https:\/\/velazo-b2b.com\/product\/satin-steel-sink-60x49-with-kitchen-siphon\/#primaryimage"},"thumbnailUrl":"https:\/\/velazo-b2b.com\/wp-content\/uploads\/2025\/04\/3-60x49-a.webp","datePublished":"2025-04-09T14:39:38+00:00","dateModified":"2026-02-16T10:01:01+00:00","breadcrumb":{"@id":"https:\/\/velazo-b2b.com\/product\/satin-steel-sink-60x49-with-kitchen-siphon\/#breadcrumb"},"inLanguage":"cs","potentialAction":[{"@type":"ReadAction","target":["https:\/\/velazo-b2b.com\/product\/satin-steel-sink-60x49-with-kitchen-siphon\/"]}]},{"@type":"ImageObject","inLanguage":"cs","@id":"https:\/\/velazo-b2b.com\/product\/satin-steel-sink-60x49-with-kitchen-siphon\/#primaryimage","url":"https:\/\/velazo-b2b.com\/wp-content\/uploads\/2025\/04\/3-60x49-a.webp","contentUrl":"https:\/\/velazo-b2b.com\/wp-content\/uploads\/2025\/04\/3-60x49-a.webp","width":1500,"height":1500},{"@type":"BreadcrumbList","@id":"https:\/\/velazo-b2b.com\/product\/satin-steel-sink-60x49-with-kitchen-siphon\/#breadcrumb","itemListElement":[{"@type":"ListItem","position":1,"name":"Home","item":"https:\/\/velazo-b2b.com\/"},{"@type":"ListItem","position":2,"name":"Shop","item":"https:\/\/velazo-b2b.com\/shop-page\/"},{"@type":"ListItem","position":3,"name":"Satin Steel Sink 60\u00d749 with Kitchen Siphon"}]},{"@type":"WebSite","@id":"https:\/\/velazo-b2b.com\/#website","url":"https:\/\/velazo-b2b.com\/","name":"VELAZO.","description":"","potentialAction":[{"@type":"SearchAction","target":{"@type":"EntryPoint","urlTemplate":"https:\/\/velazo-b2b.com\/?s={search_term_string}"},"query-input":{"@type":"PropertyValueSpecification","valueRequired":true,"valueName":"search_term_string"}}],"inLanguage":"cs"}]}},"_links":{"self":[{"href":"https:\/\/velazo-b2b.com\/cs\/wp-json\/wp\/v2\/product\/312","targetHints":{"allow":["GET"]}}],"collection":[{"href":"https:\/\/velazo-b2b.com\/cs\/wp-json\/wp\/v2\/product"}],"about":[{"href":"https:\/\/velazo-b2b.com\/cs\/wp-json\/wp\/v2\/types\/product"}],"replies":[{"embeddable":true,"href":"https:\/\/velazo-b2b.com\/cs\/wp-json\/wp\/v2\/comments?post=312"}],"version-history":[{"count":0,"href":"https:\/\/velazo-b2b.com\/cs\/wp-json\/wp\/v2\/product\/312\/revisions"}],"wp:featuredmedia":[{"embeddable":true,"href":"https:\/\/velazo-b2b.com\/cs\/wp-json\/wp\/v2\/media\/311"}],"wp:attachment":[{"href":"https:\/\/velazo-b2b.com\/cs\/wp-json\/wp\/v2\/media?parent=312"}],"wp:term":[{"taxonomy":"product_cat","embeddable":true,"href":"https:\/\/velazo-b2b.com\/cs\/wp-json\/wp\/v2\/product_cat?post=312"},{"taxonomy":"product_tag","embeddable":true,"href":"https:\/\/velazo-b2b.com\/cs\/wp-json\/wp\/v2\/product_tag?post=312"}],"curies":[{"name":"wp","href":"https:\/\/api.w.org\/{rel}","templated":true}]}}