{"id":85,"date":"2025-04-09T14:33:07","date_gmt":"2025-04-09T14:33:07","guid":{"rendered":"https:\/\/velazo-b2b.com\/product\/telescopic-basket-for-kitchen-sinks-in-black\/"},"modified":"2026-04-07T08:47:34","modified_gmt":"2026-04-07T06:47:34","slug":"teleskopicky-kos-pro-kuchynske-drezy-v-cerne-barve","status":"publish","type":"product","link":"https:\/\/velazo-b2b.com\/cs\/produkt\/teleskopicky-kos-pro-kuchynske-drezy-v-cerne-barve\/","title":{"rendered":"Teleskopick\u00fd ko\u0161 pro kuchy\u0148sk\u00e9 d\u0159ezy v \u010dern\u00e9 barv\u011b"},"content":{"rendered":"<p>Teleskopick\u00fd ko\u0161 je neoceniteln\u00fdm dopl\u0148kem modern\u00ed kuchyn\u011b, kter\u00fd v sob\u011b spojuje prakti\u010dnost a estetick\u00fd design. Jeho teleskopick\u00e1 konstrukce umo\u017e\u0148uje p\u0159izp\u016fsoben\u00ed r\u016fzn\u00fdm zp\u016fsob\u016fm pou\u017eit\u00ed. Je ide\u00e1ln\u00ed jako odkap\u00e1va\u010d na n\u00e1dob\u00ed, proto\u017ee umo\u017e\u0148uje odv\u00e1d\u011bt vodu p\u0159\u00edmo do d\u0159ezu, co\u017e urychluje proces su\u0161en\u00ed n\u00e1dob\u00ed.<\/p>\n<p>Krom\u011b toho p\u016fsob\u00ed jako s\u00edtko. <strong>ide\u00e1ln\u00ed pro myt\u00ed ovoce a zeleniny<\/strong>, co\u017e zaji\u0161\u0165uje \u00fa\u010dinn\u00e9 \u010di\u0161t\u011bn\u00ed. Ko\u0161 lze pou\u017e\u00edt tak\u00e9 jako <strong>su\u0161i\u010dka p\u0159i rozmrazov\u00e1n\u00ed<\/strong>, co\u017e umo\u017e\u0148uje volnou cirkulaci vzduchu a urychluje proces odmrazov\u00e1n\u00ed.<\/p>\n<p>Konstrukce teleskopick\u00e9ho ko\u0161e byla navr\u017eena s ohledem na snadn\u00e9 pou\u017e\u00edv\u00e1n\u00ed a \u00fadr\u017ebu. Hladk\u00fd povrch a promy\u0161len\u00e1 konstrukce usnad\u0148uj\u00ed rychl\u00e9 a \u00fa\u010dinn\u00e9 \u010di\u0161t\u011bn\u00ed.<\/p>\n<p data-mce-fragment=\"1\">&nbsp;<\/p>\n<p data-mce-fragment=\"1\">&nbsp;<\/p>","protected":false},"excerpt":{"rendered":"<p>Teleskopick\u00fd ko\u0161 je neoceniteln\u00fdm dopl\u0148kem modern\u00ed kuchyn\u011b, kter\u00fd v sob\u011b spojuje prakti\u010dnost a estetick\u00fd design. Jeho teleskopick\u00e1 konstrukce umo\u017e\u0148uje p\u0159izp\u016fsoben\u00ed r\u016fzn\u00fdm zp\u016fsob\u016fm pou\u017eit\u00ed. Je ide\u00e1ln\u00ed<\/p>","protected":false},"featured_media":84,"comment_status":"open","ping_status":"closed","template":"","meta":[],"product_cat":[65,64],"product_tag":[17,18],"class_list":{"0":"post-85","1":"product","2":"type-product","3":"status-publish","4":"has-post-thumbnail","6":"product_cat-accessories","7":"product_cat-metal-dish-drainers","8":"product_tag-accessories","9":"product_tag-drainers","11":"first","12":"instock","13":"taxable","14":"shipping-taxable","15":"product-type-simple"},"yoast_head":"<!-- This site is optimized with the Yoast SEO plugin v27.4 - https:\/\/yoast.com\/product\/yoast-seo-wordpress\/ -->\n<title>Telescopic Basket for Kitchen Sinks in Black - VELAZO.<\/title>\n<meta name=\"robots\" content=\"index, follow, max-snippet:-1, max-image-preview:large, max-video-preview:-1\" \/>\n<link rel=\"canonical\" href=\"https:\/\/velazo-b2b.com\/cs\/produkt\/teleskopicky-kos-pro-kuchynske-drezy-v-cerne-barve\/\" \/>\n<meta property=\"og:locale\" content=\"cs_CZ\" \/>\n<meta property=\"og:type\" content=\"article\" \/>\n<meta property=\"og:title\" content=\"Telescopic Basket for Kitchen Sinks in Black - VELAZO.\" \/>\n<meta property=\"og:description\" content=\"The telescopic basket is an invaluable addition to a modern kitchen, combining practicality and aesthetic design. Its telescopic design allows it to be adapted to various applications. It is ideal\" \/>\n<meta property=\"og:url\" content=\"https:\/\/velazo-b2b.com\/cs\/produkt\/teleskopicky-kos-pro-kuchynske-drezy-v-cerne-barve\/\" \/>\n<meta property=\"og:site_name\" content=\"VELAZO.\" \/>\n<meta property=\"article:modified_time\" content=\"2026-04-07T06:47:34+00:00\" \/>\n<meta property=\"og:image\" content=\"https:\/\/velazo-b2b.com\/wp-content\/uploads\/2025\/04\/8b6547e2-c96f-413e-a471-f46d9b78c272.png\" \/>\n\t<meta property=\"og:image:width\" content=\"800\" \/>\n\t<meta property=\"og:image:height\" content=\"800\" \/>\n\t<meta property=\"og:image:type\" content=\"image\/png\" \/>\n<meta name=\"twitter:card\" content=\"summary_large_image\" \/>\n<meta name=\"twitter:label1\" content=\"Odhadovan\u00e1 doba \u010dten\u00ed\" \/>\n\t<meta name=\"twitter:data1\" content=\"1 minuta\" \/>\n<script type=\"application\/ld+json\" class=\"yoast-schema-graph\">{\"@context\":\"https:\\\/\\\/schema.org\",\"@graph\":[{\"@type\":\"WebPage\",\"@id\":\"https:\\\/\\\/velazo-b2b.com\\\/product\\\/telescopic-basket-for-kitchen-sinks-in-black\\\/\",\"url\":\"https:\\\/\\\/velazo-b2b.com\\\/product\\\/telescopic-basket-for-kitchen-sinks-in-black\\\/\",\"name\":\"Telescopic Basket for Kitchen Sinks in Black - VELAZO.\",\"isPartOf\":{\"@id\":\"https:\\\/\\\/velazo-b2b.com\\\/#website\"},\"primaryImageOfPage\":{\"@id\":\"https:\\\/\\\/velazo-b2b.com\\\/product\\\/telescopic-basket-for-kitchen-sinks-in-black\\\/#primaryimage\"},\"image\":{\"@id\":\"https:\\\/\\\/velazo-b2b.com\\\/product\\\/telescopic-basket-for-kitchen-sinks-in-black\\\/#primaryimage\"},\"thumbnailUrl\":\"https:\\\/\\\/velazo-b2b.com\\\/wp-content\\\/uploads\\\/2025\\\/04\\\/8b6547e2-c96f-413e-a471-f46d9b78c272.png\",\"datePublished\":\"2025-04-09T14:33:07+00:00\",\"dateModified\":\"2026-04-07T06:47:34+00:00\",\"breadcrumb\":{\"@id\":\"https:\\\/\\\/velazo-b2b.com\\\/product\\\/telescopic-basket-for-kitchen-sinks-in-black\\\/#breadcrumb\"},\"inLanguage\":\"cs\",\"potentialAction\":[{\"@type\":\"ReadAction\",\"target\":[\"https:\\\/\\\/velazo-b2b.com\\\/product\\\/telescopic-basket-for-kitchen-sinks-in-black\\\/\"]}]},{\"@type\":\"ImageObject\",\"inLanguage\":\"cs\",\"@id\":\"https:\\\/\\\/velazo-b2b.com\\\/product\\\/telescopic-basket-for-kitchen-sinks-in-black\\\/#primaryimage\",\"url\":\"https:\\\/\\\/velazo-b2b.com\\\/wp-content\\\/uploads\\\/2025\\\/04\\\/8b6547e2-c96f-413e-a471-f46d9b78c272.png\",\"contentUrl\":\"https:\\\/\\\/velazo-b2b.com\\\/wp-content\\\/uploads\\\/2025\\\/04\\\/8b6547e2-c96f-413e-a471-f46d9b78c272.png\",\"width\":800,\"height\":800},{\"@type\":\"BreadcrumbList\",\"@id\":\"https:\\\/\\\/velazo-b2b.com\\\/product\\\/telescopic-basket-for-kitchen-sinks-in-black\\\/#breadcrumb\",\"itemListElement\":[{\"@type\":\"ListItem\",\"position\":1,\"name\":\"Home\",\"item\":\"https:\\\/\\\/velazo-b2b.com\\\/\"},{\"@type\":\"ListItem\",\"position\":2,\"name\":\"Shop\",\"item\":\"https:\\\/\\\/velazo-b2b.com\\\/shop-page\\\/\"},{\"@type\":\"ListItem\",\"position\":3,\"name\":\"Telescopic Basket for Kitchen Sinks in Black\"}]},{\"@type\":\"WebSite\",\"@id\":\"https:\\\/\\\/velazo-b2b.com\\\/#website\",\"url\":\"https:\\\/\\\/velazo-b2b.com\\\/\",\"name\":\"VELAZO.\",\"description\":\"\",\"potentialAction\":[{\"@type\":\"SearchAction\",\"target\":{\"@type\":\"EntryPoint\",\"urlTemplate\":\"https:\\\/\\\/velazo-b2b.com\\\/?s={search_term_string}\"},\"query-input\":{\"@type\":\"PropertyValueSpecification\",\"valueRequired\":true,\"valueName\":\"search_term_string\"}}],\"inLanguage\":\"cs\"}]}<\/script>\n<!-- \/ Yoast SEO plugin. -->","yoast_head_json":{"title":"Teleskopick\u00fd ko\u0161 na kuchy\u0148sk\u00e9 d\u0159ezy v \u010dern\u00e9 barv\u011b - VELAZO.","robots":{"index":"index","follow":"follow","max-snippet":"max-snippet:-1","max-image-preview":"max-image-preview:large","max-video-preview":"max-video-preview:-1"},"canonical":"https:\/\/velazo-b2b.com\/cs\/produkt\/teleskopicky-kos-pro-kuchynske-drezy-v-cerne-barve\/","og_locale":"cs_CZ","og_type":"article","og_title":"Telescopic Basket for Kitchen Sinks in Black - VELAZO.","og_description":"The telescopic basket is an invaluable addition to a modern kitchen, combining practicality and aesthetic design. Its telescopic design allows it to be adapted to various applications. It is ideal","og_url":"https:\/\/velazo-b2b.com\/cs\/produkt\/teleskopicky-kos-pro-kuchynske-drezy-v-cerne-barve\/","og_site_name":"VELAZO.","article_modified_time":"2026-04-07T06:47:34+00:00","og_image":[{"width":800,"height":800,"url":"https:\/\/velazo-b2b.com\/wp-content\/uploads\/2025\/04\/8b6547e2-c96f-413e-a471-f46d9b78c272.png","type":"image\/png"}],"twitter_card":"summary_large_image","twitter_misc":{"Odhadovan\u00e1 doba \u010dten\u00ed":"1 minuta"},"schema":{"@context":"https:\/\/schema.org","@graph":[{"@type":"WebPage","@id":"https:\/\/velazo-b2b.com\/product\/telescopic-basket-for-kitchen-sinks-in-black\/","url":"https:\/\/velazo-b2b.com\/product\/telescopic-basket-for-kitchen-sinks-in-black\/","name":"Teleskopick\u00fd ko\u0161 na kuchy\u0148sk\u00e9 d\u0159ezy v \u010dern\u00e9 barv\u011b - VELAZO.","isPartOf":{"@id":"https:\/\/velazo-b2b.com\/#website"},"primaryImageOfPage":{"@id":"https:\/\/velazo-b2b.com\/product\/telescopic-basket-for-kitchen-sinks-in-black\/#primaryimage"},"image":{"@id":"https:\/\/velazo-b2b.com\/product\/telescopic-basket-for-kitchen-sinks-in-black\/#primaryimage"},"thumbnailUrl":"https:\/\/velazo-b2b.com\/wp-content\/uploads\/2025\/04\/8b6547e2-c96f-413e-a471-f46d9b78c272.png","datePublished":"2025-04-09T14:33:07+00:00","dateModified":"2026-04-07T06:47:34+00:00","breadcrumb":{"@id":"https:\/\/velazo-b2b.com\/product\/telescopic-basket-for-kitchen-sinks-in-black\/#breadcrumb"},"inLanguage":"cs","potentialAction":[{"@type":"ReadAction","target":["https:\/\/velazo-b2b.com\/product\/telescopic-basket-for-kitchen-sinks-in-black\/"]}]},{"@type":"ImageObject","inLanguage":"cs","@id":"https:\/\/velazo-b2b.com\/product\/telescopic-basket-for-kitchen-sinks-in-black\/#primaryimage","url":"https:\/\/velazo-b2b.com\/wp-content\/uploads\/2025\/04\/8b6547e2-c96f-413e-a471-f46d9b78c272.png","contentUrl":"https:\/\/velazo-b2b.com\/wp-content\/uploads\/2025\/04\/8b6547e2-c96f-413e-a471-f46d9b78c272.png","width":800,"height":800},{"@type":"BreadcrumbList","@id":"https:\/\/velazo-b2b.com\/product\/telescopic-basket-for-kitchen-sinks-in-black\/#breadcrumb","itemListElement":[{"@type":"ListItem","position":1,"name":"Home","item":"https:\/\/velazo-b2b.com\/"},{"@type":"ListItem","position":2,"name":"Shop","item":"https:\/\/velazo-b2b.com\/shop-page\/"},{"@type":"ListItem","position":3,"name":"Telescopic Basket for Kitchen Sinks in Black"}]},{"@type":"WebSite","@id":"https:\/\/velazo-b2b.com\/#website","url":"https:\/\/velazo-b2b.com\/","name":"VELAZO.","description":"","potentialAction":[{"@type":"SearchAction","target":{"@type":"EntryPoint","urlTemplate":"https:\/\/velazo-b2b.com\/?s={search_term_string}"},"query-input":{"@type":"PropertyValueSpecification","valueRequired":true,"valueName":"search_term_string"}}],"inLanguage":"cs"}]}},"_links":{"self":[{"href":"https:\/\/velazo-b2b.com\/cs\/wp-json\/wp\/v2\/product\/85","targetHints":{"allow":["GET"]}}],"collection":[{"href":"https:\/\/velazo-b2b.com\/cs\/wp-json\/wp\/v2\/product"}],"about":[{"href":"https:\/\/velazo-b2b.com\/cs\/wp-json\/wp\/v2\/types\/product"}],"replies":[{"embeddable":true,"href":"https:\/\/velazo-b2b.com\/cs\/wp-json\/wp\/v2\/comments?post=85"}],"version-history":[{"count":0,"href":"https:\/\/velazo-b2b.com\/cs\/wp-json\/wp\/v2\/product\/85\/revisions"}],"wp:featuredmedia":[{"embeddable":true,"href":"https:\/\/velazo-b2b.com\/cs\/wp-json\/wp\/v2\/media\/84"}],"wp:attachment":[{"href":"https:\/\/velazo-b2b.com\/cs\/wp-json\/wp\/v2\/media?parent=85"}],"wp:term":[{"taxonomy":"product_cat","embeddable":true,"href":"https:\/\/velazo-b2b.com\/cs\/wp-json\/wp\/v2\/product_cat?post=85"},{"taxonomy":"product_tag","embeddable":true,"href":"https:\/\/velazo-b2b.com\/cs\/wp-json\/wp\/v2\/product_tag?post=85"}],"curies":[{"name":"wp","href":"https:\/\/api.w.org\/{rel}","templated":true}]}}