{"id":3215,"date":"2025-09-11T12:38:58","date_gmt":"2025-09-11T10:38:58","guid":{"rendered":"https:\/\/velazo-b2b.com\/?page_id=3215"},"modified":"2025-09-11T12:50:29","modified_gmt":"2025-09-11T10:50:29","slug":"servicebedingungen","status":"publish","type":"page","link":"https:\/\/velazo-b2b.com\/de\/servicebedingungen\/","title":{"rendered":"Bedingungen der Dienstleistung"},"content":{"rendered":"<div data-elementor-type=\"wp-page\" data-elementor-id=\"3215\" class=\"elementor elementor-3215\" data-elementor-post-type=\"page\">\n\t\t\t\t<div class=\"elementor-element elementor-element-c1f84fc e-flex e-con-boxed e-con e-parent\" data-id=\"c1f84fc\" data-element_type=\"container\" data-e-type=\"container\">\n\t\t\t\t\t<div class=\"e-con-inner\">\n\t\t\t\t<div class=\"elementor-element elementor-element-138f164 elementor-widget elementor-widget-text-editor\" data-id=\"138f164\" data-element_type=\"widget\" data-e-type=\"widget\" data-widget_type=\"text-editor.default\">\n\t\t\t\t<div class=\"elementor-widget-container\">\n\t\t\t\t\t\t\t\t\t<p data-start=\"3737\" data-end=\"3969\"><strong data-start=\"3737\" data-end=\"3756\">Datum des Inkrafttretens:<\/strong> 11. September 2025<br data-start=\"3774\" data-end=\"3777\" \/><strong data-start=\"3777\" data-end=\"3789\">Unternehmen:<\/strong> U2 COMPANY SP\u00d3\u0141KA Z OGRANICZON\u0104 ODPOWIEDZIALNO\u015aCI\u0104<br data-start=\"3840\" data-end=\"3843\" \/><strong data-start=\"3843\" data-end=\"3855\">Adresse:<\/strong> UL. PU\u0141AWSKA 221 \/ 1, 02-715 WARSZAWA, POLEN<br data-start=\"3901\" data-end=\"3904\" \/><strong data-start=\"3904\" data-end=\"3916\">Website:<\/strong> <a class=\"decorated-link\" href=\"https:\/\/velazo-b2b.com\/de\/\" target=\"_new\" rel=\"noopener\" data-start=\"3917\" data-end=\"3939\">https:\/\/velazo-b2b.com<\/a><br data-start=\"3939\" data-end=\"3942\" \/><strong data-start=\"3942\" data-end=\"3954\">Kontakt:<\/strong> <a class=\"decorated-link cursor-pointer\" rel=\"noopener\" data-start=\"3955\" data-end=\"3969\">info@velazo.pl<\/a><\/p><h2 data-start=\"3971\" data-end=\"3997\">1. Umfang und Akzeptanz<\/h2><p data-start=\"3998\" data-end=\"4184\">Diese Bedingungen regeln den Zugang zu und die Nutzung von velazo-b2b.com sowie den Kauf von Produkten \u00fcber die Plattform. Indem Sie ein Konto erstellen, eine Bestellung aufgeben oder die Website nutzen, akzeptieren Sie diese Bedingungen.<\/p><h2 data-start=\"4186\" data-end=\"4212\">2. Nur B2B-F\u00f6rderf\u00e4higkeit<\/h2><p data-start=\"4213\" data-end=\"4426\">Die Plattform ist ausschlie\u00dflich f\u00fcr <strong data-start=\"4245\" data-end=\"4267\">Gesch\u00e4ftskunden<\/strong>. Mit der Registrierung best\u00e4tigen Sie, dass Sie befugt sind, f\u00fcr eine Wirtschaftseinheit zu handeln. <strong data-start=\"4337\" data-end=\"4426\">Die EU-Verbraucherschutzvorschriften, einschlie\u00dflich des 14-t\u00e4gigen Widerrufsrechts, finden keine Anwendung.<\/strong><\/p><h2 data-start=\"4428\" data-end=\"4442\">3. Konten<\/h2><ul data-start=\"4443\" data-end=\"4760\"><li data-start=\"4443\" data-end=\"4589\"><p data-start=\"4445\" data-end=\"4589\">Um Bestellungen aufzugeben, ist eine Registrierung erforderlich. Sie m\u00fcssen genaue Gesch\u00e4ftsinformationen angeben (Firmenname, MwSt.-Nummer, Rechnungs-\/Versanddaten).<\/p><\/li><li data-start=\"4590\" data-end=\"4681\"><p data-start=\"4592\" data-end=\"4681\">Sie sind f\u00fcr den Schutz der Anmeldeinformationen und f\u00fcr die Aktivit\u00e4ten unter Ihrem Konto verantwortlich.<\/p><\/li><li data-start=\"4682\" data-end=\"4760\"><p data-start=\"4684\" data-end=\"4760\">Wir k\u00f6nnen Konten bei Verst\u00f6\u00dfen, Betrug oder aus Sicherheitsgr\u00fcnden sperren oder aufl\u00f6sen.<\/p><\/li><\/ul><h2 data-start=\"4762\" data-end=\"4793\">4. Produkte, Preise und Mehrwertsteuer<\/h2><ul data-start=\"4794\" data-end=\"5075\"><li data-start=\"4794\" data-end=\"4868\"><p data-start=\"4796\" data-end=\"4868\">Produktbeschreibungen, Verf\u00fcgbarkeit und Preise werden auf der Website angezeigt.<\/p><\/li><li data-start=\"4869\" data-end=\"4998\"><p data-start=\"4871\" data-end=\"4998\">Die Preise sind in der Regel <strong data-start=\"4892\" data-end=\"4912\">ohne Mehrwertsteuer<\/strong> sofern nicht anders angegeben. Anwendbare Mehrwertsteuer und Lieferkosten werden an der Kasse angezeigt.<\/p><\/li><li data-start=\"4999\" data-end=\"5075\"><p data-start=\"5001\" data-end=\"5075\">Offensichtliche Fehler (typografische\/technische) k\u00f6nnen wir vor der Annahme korrigieren.<\/p><\/li><\/ul><h2 data-start=\"5077\" data-end=\"5112\">5. Auftr\u00e4ge und Vertragsabschl\u00fcsse<\/h2><ul data-start=\"5113\" data-end=\"5355\"><li data-start=\"5113\" data-end=\"5250\"><p data-start=\"5115\" data-end=\"5250\">Ihre Bestellung ist ein Angebot zum Kauf. Ein verbindlicher Vertrag kommt zustande, wenn wir die Annahme best\u00e4tigen (z.B. durch eine Auftragsbest\u00e4tigung oder eine Versandmitteilung).<\/p><\/li><li data-start=\"5251\" data-end=\"5355\"><p data-start=\"5253\" data-end=\"5355\">Wir k\u00f6nnen Bestellungen ablehnen, stornieren oder einschr\u00e4nken (z. B. bei Betrugsverdacht, Nichtverf\u00fcgbarkeit von Waren oder Preisfehlern).<\/p><\/li><\/ul><h2 data-start=\"5357\" data-end=\"5371\">6. Zahlungen<\/h2><ul data-start=\"5372\" data-end=\"5571\"><li data-start=\"5372\" data-end=\"5444\"><p data-start=\"5374\" data-end=\"5444\">Zahlungsm\u00f6glichkeiten: <strong data-start=\"5391\" data-end=\"5401\">Streifen<\/strong> und <strong data-start=\"5406\" data-end=\"5416\">PayPal<\/strong> (vorbehaltlich ihrer Bedingungen).<\/p><\/li><li data-start=\"5445\" data-end=\"5571\"><p data-start=\"5447\" data-end=\"5571\">Das Eigentum an den Waren geht mit der vollst\u00e4ndigen Bezahlung \u00fcber; die Gefahr geht bei der Lieferung an den Spediteur\/Kunden gem\u00e4\u00df den vereinbarten Incoterms \u00fcber, sofern anwendbar.<\/p><\/li><\/ul><h2 data-start=\"5573\" data-end=\"5587\">7. Lieferung<\/h2><ul data-start=\"5588\" data-end=\"5790\"><li data-start=\"5588\" data-end=\"5675\"><p data-start=\"5590\" data-end=\"5675\">Die Lieferbedingungen, -fristen und -kosten werden an der Kasse oder in der Auftragsbest\u00e4tigung angegeben.<\/p><\/li><li data-start=\"5676\" data-end=\"5790\"><p data-start=\"5678\" data-end=\"5790\">Versp\u00e4tungen, die durch Spediteure, den Zoll oder durch Ereignisse au\u00dferhalb unserer Kontrolle verursacht werden, begr\u00fcnden keine Haftung f\u00fcr Folgesch\u00e4den.<\/p><\/li><\/ul><h2 data-start=\"5792\" data-end=\"5836\">8. R\u00fccksendungen, R\u00fcckerstattungen und RMA (B2B-Politik)<\/h2><ul data-start=\"5837\" data-end=\"6570\"><li data-start=\"5837\" data-end=\"5915\"><p data-start=\"5839\" data-end=\"5915\"><strong data-start=\"5839\" data-end=\"5863\">Alle Verk\u00e4ufe sind endg\u00fcltig.<\/strong> Ein allgemeines R\u00fcckgabe- oder Widerrufsrecht besteht nicht.<\/p><\/li><li data-start=\"5916\" data-end=\"6142\"><p data-start=\"5918\" data-end=\"6142\">R\u00fccksendungen werden akzeptiert <strong data-start=\"5939\" data-end=\"5947\">nur<\/strong> f\u00fcr (i) mangelhafte Waren oder (ii) falsch gelieferte Artikel\/Mengen, vorbehaltlich vorheriger <strong data-start=\"6030\" data-end=\"6056\">schriftliche Genehmigung (RMA)<\/strong> angefordert innerhalb <strong data-start=\"6074\" data-end=\"6096\">7 Tage nach Lieferung<\/strong> mit Beweisen (Fotos, Seriennummern, Verpackungen).<\/p><\/li><li data-start=\"6143\" data-end=\"6451\"><p data-start=\"6145\" data-end=\"6161\">Nach Genehmigung:<\/p><ul data-start=\"6164\" data-end=\"6451\"><li data-start=\"6164\" data-end=\"6265\"><p data-start=\"6166\" data-end=\"6265\">Wenn wir schuld sind: Wir \u00fcbernehmen den R\u00fcckversand oder stellen ein vorausbezahltes Etikett zur Verf\u00fcgung und arrangieren Ersatz\/Erstattung.<\/p><\/li><li data-start=\"6268\" data-end=\"6451\"><p data-start=\"6270\" data-end=\"6451\">Bei Verschulden des K\u00e4ufers (z.B. falsche Bestellung): R\u00fccksendung (sofern genehmigt) auf Kosten des K\u00e4ufers; eine angemessene <strong data-start=\"6360\" data-end=\"6378\">Wiedereinlagerungsgeb\u00fchr<\/strong> k\u00f6nnen gelten; die Waren m\u00fcssen unbenutzt, originalverpackt und wiederverk\u00e4uflich sein.<\/p><\/li><\/ul><\/li><li data-start=\"6452\" data-end=\"6570\"><p data-start=\"6454\" data-end=\"6570\">Nicht zur\u00fcckgenommen werden: Sonderanfertigungen, gebrauchte, durch unsachgem\u00e4\u00dfe Installation besch\u00e4digte Artikel oder Artikel ohne Originalverpackung\/Zubeh\u00f6r.<\/p><\/li><\/ul><h2 data-start=\"6572\" data-end=\"6600\">9. Inspektionen und Reklamationen<\/h2><p data-start=\"6601\" data-end=\"6757\">Sie m\u00fcssen die Ware bei Erhalt pr\u00fcfen. Transportsch\u00e4den sind beim Spediteur zu vermerken und uns unverz\u00fcglich (und in jedem Fall innerhalb der 7-Tage-Frist) zu melden.<\/p><h2 data-start=\"6759\" data-end=\"6789\">10. Garantien und Rechtsbehelfe<\/h2><p data-start=\"6790\" data-end=\"6988\">Sofern keine schriftliche Produktgarantie gegeben wird, gelten die gesetzlichen B2B-Rechtsmittel. Unsere Haftung f\u00fcr best\u00e4tigte M\u00e4ngel beschr\u00e4nkt sich nach unserem Ermessen auf Reparatur, Ersatz oder Erstattung der betroffenen Artikel.<\/p><h2 data-start=\"6990\" data-end=\"7020\">11. Begrenzung der Haftung<\/h2><p data-start=\"7021\" data-end=\"7305\">Soweit gesetzlich zul\u00e4ssig, schlie\u00dfen wir die Haftung f\u00fcr indirekte, zuf\u00e4llige oder Folgesch\u00e4den, entgangenen Gewinn oder Betriebsunterbrechung aus. Unsere Gesamthaftung im Zusammenhang mit einer Bestellung \u00fcbersteigt nicht den Bestellwert, mit Ausnahme der Haftung, die gesetzlich nicht beschr\u00e4nkt werden kann.<\/p><h2 data-start=\"7307\" data-end=\"7335\">12. Geistiges Eigentum<\/h2><p data-start=\"7336\" data-end=\"7494\">Der gesamte Inhalt der Website (Texte, Bilder, Designs, Marken, Logos, Software) ist unser Eigentum oder das unserer Lizenzgeber und darf nicht ohne vorherige schriftliche Genehmigung verwendet werden.<\/p><h2 data-start=\"7496\" data-end=\"7532\">13. Einhaltung und verbotene Nutzung<\/h2><p data-start=\"7533\" data-end=\"7720\">Sie verpflichten sich, die Plattform nicht missbr\u00e4uchlich zu nutzen (z. B. Beeintr\u00e4chtigung der Sicherheit, Reverse Engineering, Data Mining au\u00dferhalb zul\u00e4ssiger Zwecke) und gegebenenfalls Exportkontrollen\/Sanktionen einzuhalten.<\/p><h2 data-start=\"7722\" data-end=\"7746\">14. Datenschutz &amp; Cookies<\/h2><p data-start=\"7747\" data-end=\"7916\">Die Verarbeitung personenbezogener Daten unterliegt unseren <strong data-start=\"7794\" data-end=\"7812\">Datenschutzbestimmungen<\/strong>. Durch die Nutzung der Plattform stimmen Sie unserer Verwendung von Cookies gem\u00e4\u00df dieser Richtlinie und den von Ihnen gew\u00e4hlten Einstellungen zu.<\/p><h2 data-start=\"7918\" data-end=\"7938\">15. H\u00f6here Gewalt<\/h2><p data-start=\"7939\" data-end=\"8098\">Wir haften nicht f\u00fcr Verz\u00f6gerungen oder Nichterf\u00fcllung aufgrund von Ereignissen, die au\u00dferhalb unserer Kontrolle liegen (z. B. Naturkatastrophen, Streiks, Ausf\u00e4lle, beh\u00f6rdliche Ma\u00dfnahmen).<\/p><h2 data-start=\"8100\" data-end=\"8137\">16. Geltendes Recht und Gerichtsstand<\/h2><p data-start=\"8138\" data-end=\"8297\">Diese Bedingungen unterliegen den Gesetzen von <strong data-start=\"8178\" data-end=\"8188\">Polen<\/strong> und anwendbar <strong data-start=\"8204\" data-end=\"8214\">EU-Recht<\/strong>. Rechtsstreitigkeiten unterliegen der ausschlie\u00dflichen Zust\u00e4ndigkeit der zust\u00e4ndigen Gerichte in Polen.<\/p><h2 data-start=\"8299\" data-end=\"8313\">17. Kontakt<\/h2><p data-start=\"8314\" data-end=\"8361\">Fragen zu diesen Bedingungen: <strong data-start=\"8343\" data-end=\"8361\"><a class=\"decorated-link cursor-pointer\" rel=\"noopener\" data-start=\"8345\" data-end=\"8359\">info@velazo.pl<\/a><\/strong><\/p>\t\t\t\t\t\t\t\t<\/div>\n\t\t\t\t<\/div>\n\t\t\t\t\t<\/div>\n\t\t\t\t<\/div>\n\t\t\t\t<\/div>","protected":false},"excerpt":{"rendered":"<p>Datum des Inkrafttretens: 11. September 2025Unternehmen: U2 COMPANY SP\u00d3\u0141KA Z OGRANICZON\u0104 ODPOWIEDZIALNO\u015aCI\u0104Adresse: UL. PU\u0141AWSKA 221 \/ 1, 02-715 WARSZAWA, POLENWebsite: https:\/\/velazo-b2b.comContact: info@velazo.pl 1. Geltungsbereich und Akzeptanz Diese Bedingungen regeln den Zugang zu<\/p>","protected":false},"author":1,"featured_media":0,"parent":0,"menu_order":0,"comment_status":"closed","ping_status":"closed","template":"","meta":{"footnotes":""},"class_list":["post-3215","page","type-page","status-publish","hentry"],"yoast_head":"<!-- This site is optimized with the Yoast SEO plugin v27.4 - https:\/\/yoast.com\/product\/yoast-seo-wordpress\/ -->\n<title>Terms of Service - VELAZO.<\/title>\n<meta name=\"robots\" content=\"index, follow, max-snippet:-1, max-image-preview:large, max-video-preview:-1\" \/>\n<link rel=\"canonical\" href=\"https:\/\/velazo-b2b.com\/de\/servicebedingungen\/\" \/>\n<meta property=\"og:locale\" content=\"de_DE\" \/>\n<meta property=\"og:type\" content=\"article\" \/>\n<meta property=\"og:title\" content=\"Terms of Service - VELAZO.\" \/>\n<meta property=\"og:description\" content=\"Effective date: 11 September 2025Company: U2 COMPANY SP\u00d3\u0141KA Z OGRANICZON\u0104 ODPOWIEDZIALNO\u015aCI\u0104Address: UL. PU\u0141AWSKA 221 \/ 1, 02-715 WARSZAWA, POLANDWebsite: https:\/\/velazo-b2b.comContact: info@velazo.pl 1. Scope and Acceptance These Terms govern access to\" \/>\n<meta property=\"og:url\" content=\"https:\/\/velazo-b2b.com\/de\/servicebedingungen\/\" \/>\n<meta property=\"og:site_name\" content=\"VELAZO.\" \/>\n<meta property=\"article:modified_time\" content=\"2025-09-11T10:50:29+00:00\" \/>\n<meta name=\"twitter:card\" content=\"summary_large_image\" \/>\n<meta name=\"twitter:label1\" content=\"Gesch\u00e4tzte Lesezeit\" \/>\n\t<meta name=\"twitter:data1\" content=\"3\u00a0Minuten\" \/>\n<script type=\"application\/ld+json\" class=\"yoast-schema-graph\">{\"@context\":\"https:\\\/\\\/schema.org\",\"@graph\":[{\"@type\":\"WebPage\",\"@id\":\"https:\\\/\\\/velazo-b2b.com\\\/terms-of-service\\\/\",\"url\":\"https:\\\/\\\/velazo-b2b.com\\\/terms-of-service\\\/\",\"name\":\"Terms of Service - VELAZO.\",\"isPartOf\":{\"@id\":\"https:\\\/\\\/velazo-b2b.com\\\/#website\"},\"datePublished\":\"2025-09-11T10:38:58+00:00\",\"dateModified\":\"2025-09-11T10:50:29+00:00\",\"breadcrumb\":{\"@id\":\"https:\\\/\\\/velazo-b2b.com\\\/terms-of-service\\\/#breadcrumb\"},\"inLanguage\":\"de\",\"potentialAction\":[{\"@type\":\"ReadAction\",\"target\":[\"https:\\\/\\\/velazo-b2b.com\\\/terms-of-service\\\/\"]}]},{\"@type\":\"BreadcrumbList\",\"@id\":\"https:\\\/\\\/velazo-b2b.com\\\/terms-of-service\\\/#breadcrumb\",\"itemListElement\":[{\"@type\":\"ListItem\",\"position\":1,\"name\":\"Home\",\"item\":\"https:\\\/\\\/velazo-b2b.com\\\/\"},{\"@type\":\"ListItem\",\"position\":2,\"name\":\"Terms of Service\"}]},{\"@type\":\"WebSite\",\"@id\":\"https:\\\/\\\/velazo-b2b.com\\\/#website\",\"url\":\"https:\\\/\\\/velazo-b2b.com\\\/\",\"name\":\"VELAZO.\",\"description\":\"\",\"potentialAction\":[{\"@type\":\"SearchAction\",\"target\":{\"@type\":\"EntryPoint\",\"urlTemplate\":\"https:\\\/\\\/velazo-b2b.com\\\/?s={search_term_string}\"},\"query-input\":{\"@type\":\"PropertyValueSpecification\",\"valueRequired\":true,\"valueName\":\"search_term_string\"}}],\"inLanguage\":\"de\"}]}<\/script>\n<!-- \/ Yoast SEO plugin. -->","yoast_head_json":{"title":"Allgemeine Gesch\u00e4ftsbedingungen - VELAZO.","robots":{"index":"index","follow":"follow","max-snippet":"max-snippet:-1","max-image-preview":"max-image-preview:large","max-video-preview":"max-video-preview:-1"},"canonical":"https:\/\/velazo-b2b.com\/de\/servicebedingungen\/","og_locale":"de_DE","og_type":"article","og_title":"Terms of Service - VELAZO.","og_description":"Effective date: 11 September 2025Company: U2 COMPANY SP\u00d3\u0141KA Z OGRANICZON\u0104 ODPOWIEDZIALNO\u015aCI\u0104Address: UL. PU\u0141AWSKA 221 \/ 1, 02-715 WARSZAWA, POLANDWebsite: https:\/\/velazo-b2b.comContact: info@velazo.pl 1. Scope and Acceptance These Terms govern access to","og_url":"https:\/\/velazo-b2b.com\/de\/servicebedingungen\/","og_site_name":"VELAZO.","article_modified_time":"2025-09-11T10:50:29+00:00","twitter_card":"summary_large_image","twitter_misc":{"Gesch\u00e4tzte Lesezeit":"3\u00a0Minuten"},"schema":{"@context":"https:\/\/schema.org","@graph":[{"@type":"WebPage","@id":"https:\/\/velazo-b2b.com\/terms-of-service\/","url":"https:\/\/velazo-b2b.com\/terms-of-service\/","name":"Allgemeine Gesch\u00e4ftsbedingungen - VELAZO.","isPartOf":{"@id":"https:\/\/velazo-b2b.com\/#website"},"datePublished":"2025-09-11T10:38:58+00:00","dateModified":"2025-09-11T10:50:29+00:00","breadcrumb":{"@id":"https:\/\/velazo-b2b.com\/terms-of-service\/#breadcrumb"},"inLanguage":"de","potentialAction":[{"@type":"ReadAction","target":["https:\/\/velazo-b2b.com\/terms-of-service\/"]}]},{"@type":"BreadcrumbList","@id":"https:\/\/velazo-b2b.com\/terms-of-service\/#breadcrumb","itemListElement":[{"@type":"ListItem","position":1,"name":"Home","item":"https:\/\/velazo-b2b.com\/"},{"@type":"ListItem","position":2,"name":"Terms of Service"}]},{"@type":"WebSite","@id":"https:\/\/velazo-b2b.com\/#website","url":"https:\/\/velazo-b2b.com\/","name":"VELAZO.","description":"","potentialAction":[{"@type":"SearchAction","target":{"@type":"EntryPoint","urlTemplate":"https:\/\/velazo-b2b.com\/?s={search_term_string}"},"query-input":{"@type":"PropertyValueSpecification","valueRequired":true,"valueName":"search_term_string"}}],"inLanguage":"de"}]}},"_links":{"self":[{"href":"https:\/\/velazo-b2b.com\/de\/wp-json\/wp\/v2\/pages\/3215","targetHints":{"allow":["GET"]}}],"collection":[{"href":"https:\/\/velazo-b2b.com\/de\/wp-json\/wp\/v2\/pages"}],"about":[{"href":"https:\/\/velazo-b2b.com\/de\/wp-json\/wp\/v2\/types\/page"}],"author":[{"embeddable":true,"href":"https:\/\/velazo-b2b.com\/de\/wp-json\/wp\/v2\/users\/1"}],"replies":[{"embeddable":true,"href":"https:\/\/velazo-b2b.com\/de\/wp-json\/wp\/v2\/comments?post=3215"}],"version-history":[{"count":0,"href":"https:\/\/velazo-b2b.com\/de\/wp-json\/wp\/v2\/pages\/3215\/revisions"}],"wp:attachment":[{"href":"https:\/\/velazo-b2b.com\/de\/wp-json\/wp\/v2\/media?parent=3215"}],"curies":[{"name":"wp","href":"https:\/\/api.w.org\/{rel}","templated":true}]}}