{"id":3224,"date":"2025-09-11T12:51:29","date_gmt":"2025-09-11T10:51:29","guid":{"rendered":"https:\/\/velazo-b2b.com\/?page_id=3224"},"modified":"2025-09-11T12:55:44","modified_gmt":"2025-09-11T10:55:44","slug":"schifffahrtspolitik","status":"publish","type":"page","link":"https:\/\/velazo-b2b.com\/de\/schifffahrtspolitik\/","title":{"rendered":"Versandpolitik"},"content":{"rendered":"<div data-elementor-type=\"wp-page\" data-elementor-id=\"3224\" class=\"elementor elementor-3224\" data-elementor-post-type=\"page\">\n\t\t\t\t<div class=\"elementor-element elementor-element-d6227af e-flex e-con-boxed e-con e-parent\" data-id=\"d6227af\" data-element_type=\"container\" data-e-type=\"container\">\n\t\t\t\t\t<div class=\"e-con-inner\">\n\t\t\t\t<div class=\"elementor-element elementor-element-e0e6365 elementor-widget elementor-widget-text-editor\" data-id=\"e0e6365\" data-element_type=\"widget\" data-e-type=\"widget\" data-widget_type=\"text-editor.default\">\n\t\t\t\t<div class=\"elementor-widget-container\">\n\t\t\t\t\t\t\t\t\t<p data-start=\"216\" data-end=\"403\"><strong data-start=\"216\" data-end=\"235\">Datum des Inkrafttretens:<\/strong> 11. September 2025<br data-start=\"253\" data-end=\"256\" \/><strong data-start=\"256\" data-end=\"271\">Gilt f\u00fcr:<\/strong> Nur Gesch\u00e4ftskunden (B2B)<br data-start=\"301\" data-end=\"304\" \/><strong data-start=\"304\" data-end=\"313\">Von:<\/strong> U2 COMPANY SP\u00d3\u0141KA Z OGRANICZON\u0104 ODPOWIEDZIALNO\u015aCI\u0104 (Polen)<br data-start=\"373\" data-end=\"376\" \/><strong data-start=\"376\" data-end=\"388\">Kontakt:<\/strong> <a class=\"decorated-link cursor-pointer\" rel=\"noopener\" data-start=\"389\" data-end=\"403\">info@velazo.pl<\/a><\/p><h2 data-start=\"405\" data-end=\"418\">1) Allgemeines<\/h2><ul data-start=\"419\" data-end=\"733\"><li data-start=\"419\" data-end=\"506\"><p data-start=\"421\" data-end=\"506\">Diese Versandbedingungen gelten ausschlie\u00dflich f\u00fcr <strong data-start=\"465\" data-end=\"485\">B2B-Transaktionen<\/strong> auf velazo-b2b.com.<\/p><\/li><li data-start=\"507\" data-end=\"560\"><p data-start=\"509\" data-end=\"560\">Alle Auftr\u00e4ge <strong data-start=\"520\" data-end=\"557\">Versand aus unserem Lager in Polen<\/strong>.<\/p><\/li><li data-start=\"561\" data-end=\"733\"><p data-start=\"563\" data-end=\"733\">Sofern nichts anderes schriftlich vereinbart wurde, ist unser <strong data-start=\"603\" data-end=\"660\">Standard Incoterm ist FCA - Seller's Warehouse (Polen)<\/strong>. Die Gefahr geht auf den K\u00e4ufer \u00fcber, wenn die Waren <strong data-start=\"702\" data-end=\"732\">\u00dcbergabe an den Frachtf\u00fchrer<\/strong>.<\/p><\/li><\/ul><h2 data-start=\"735\" data-end=\"768\">2) Auftragsabwicklung und Versand<\/h2><ul data-start=\"769\" data-end=\"1062\"><li data-start=\"769\" data-end=\"889\"><p data-start=\"771\" data-end=\"889\"><strong data-start=\"771\" data-end=\"791\">Bearbeitungszeit:<\/strong> 1-2 Arbeitstage <strong data-start=\"810\" data-end=\"840\">nach Zahlungsbest\u00e4tigung<\/strong> (l\u00e4nger f\u00fcr gro\u00dfe\/\u00fcbergro\u00dfe oder kundenspezifische Bestellungen).<\/p><\/li><li data-start=\"890\" data-end=\"971\"><p data-start=\"892\" data-end=\"971\"><strong data-start=\"892\" data-end=\"914\">Frist f\u00fcr den Versand:<\/strong> innerhalb <strong data-start=\"922\" data-end=\"968\">7 Kalendertage nach Zahlungsbest\u00e4tigung<\/strong>.<\/p><\/li><li data-start=\"972\" data-end=\"1062\"><p data-start=\"974\" data-end=\"1062\">Wenn eine Verz\u00f6gerung zu erwarten ist (z. B. bei Gro\u00dfpaletten, in der Hochsaison), werden wir Sie im Voraus informieren.<\/p><\/li><\/ul><h2 data-start=\"1064\" data-end=\"1086\">3) Tr\u00e4ger und Modi<\/h2><ul data-start=\"1087\" data-end=\"1249\"><li data-start=\"1087\" data-end=\"1154\"><p data-start=\"1089\" data-end=\"1154\"><strong data-start=\"1089\" data-end=\"1102\">Transportunternehmen:<\/strong> DHL, FedEx, UPS, DPD und lokale Frachtpartner.<\/p><\/li><li data-start=\"1155\" data-end=\"1249\"><p data-start=\"1157\" data-end=\"1249\"><strong data-start=\"1157\" data-end=\"1167\">Modi:<\/strong> Standard-Paket\/Express, <strong data-start=\"1193\" data-end=\"1215\">palettierte Fracht<\/strong>und <strong data-start=\"1221\" data-end=\"1248\">\u00fcbergro\u00dfe\/schwere Fracht<\/strong>.<\/p><\/li><\/ul><h2 data-start=\"1251\" data-end=\"1271\">4) Liefergebiete<\/h2><ul data-start=\"1272\" data-end=\"1515\"><li data-start=\"1272\" data-end=\"1288\"><p data-start=\"1274\" data-end=\"1288\"><strong data-start=\"1274\" data-end=\"1286\">Nur EU.<\/strong><\/p><\/li><li data-start=\"1289\" data-end=\"1515\"><p data-start=\"1291\" data-end=\"1515\"><strong data-start=\"1291\" data-end=\"1310\">Ausgeschlossene Zonen:<\/strong> abgelegene Gebiete und Inseln, in denen die Bef\u00f6rderungsunternehmen keinen Standarddienst anbieten oder in denen die Kosten und Fristen unverh\u00e4ltnism\u00e4\u00dfig hoch sind. Wir werden Sie informieren, wenn Ihre Adresse in eine Ausschlusszone f\u00e4llt oder einen Aufpreis erfordert.<\/p><\/li><\/ul><h2 data-start=\"1517\" data-end=\"1548\">5) Transitzeiten (gesch\u00e4tzt)<\/h2><ul data-start=\"1549\" data-end=\"1646\"><li data-start=\"1549\" data-end=\"1582\"><p data-start=\"1551\" data-end=\"1582\"><strong data-start=\"1551\" data-end=\"1562\">Polen:<\/strong> 2-4 Arbeitstage<\/p><\/li><li data-start=\"1583\" data-end=\"1646\"><p data-start=\"1585\" data-end=\"1646\"><strong data-start=\"1585\" data-end=\"1626\">Europ\u00e4ische Union (andere Mitgliedsstaaten):<\/strong> 5-7 Arbeitstage<\/p><\/li><\/ul><blockquote data-start=\"1647\" data-end=\"1786\"><p data-start=\"1649\" data-end=\"1786\">Die tats\u00e4chlichen Transitzeiten k\u00f6nnen aufgrund von Frachtf\u00fchrerkapazit\u00e4ten, Streckenbeschr\u00e4nkungen, Zoll-\/Inspektionsterminen (falls zutreffend) oder saisonalen Spitzenmengen variieren.<\/p><\/blockquote><h2 data-start=\"1788\" data-end=\"1808\">6) Versandkosten<\/h2><ul data-start=\"1809\" data-end=\"2041\"><li data-start=\"1809\" data-end=\"1855\"><p data-start=\"1811\" data-end=\"1855\"><strong data-start=\"1811\" data-end=\"1831\">Kostenvoranschlag pro Bestellung<\/strong> (Zitat\/Proforma).<\/p><\/li><li data-start=\"1856\" data-end=\"1917\"><p data-start=\"1858\" data-end=\"1917\"><strong data-start=\"1858\" data-end=\"1879\">Bezahlt vom K\u00e4ufer<\/strong> es sei denn, es wurde schriftlich etwas anderes vereinbart.<\/p><\/li><li data-start=\"1918\" data-end=\"2041\"><p data-start=\"1920\" data-end=\"2041\">F\u00fcr Fernzustellung, Heckklappe, Terminzustellung, Nachlieferung, Wartezeit oder Sonderbehandlung k\u00f6nnen Zuschl\u00e4ge erhoben werden.<\/p><\/li><\/ul><h2 data-start=\"2043\" data-end=\"2074\">7) Incoterms und Risikotransfer<\/h2><ul data-start=\"2075\" data-end=\"2608\"><li data-start=\"2075\" data-end=\"2188\"><p data-start=\"2077\" data-end=\"2188\"><strong data-start=\"2077\" data-end=\"2089\">Standard:<\/strong> <strong data-start=\"2090\" data-end=\"2127\">FCA - Lager des Verk\u00e4ufers (Polen)<\/strong>. Das Risiko geht auf den K\u00e4ufer \u00fcber, wenn <strong data-start=\"2158\" data-end=\"2185\">\u00dcbergabe an den Tr\u00e4ger<\/strong>.<\/p><\/li><li data-start=\"2189\" data-end=\"2448\"><p data-start=\"2191\" data-end=\"2229\"><strong data-start=\"2191\" data-end=\"2227\">Optional nach schriftlicher Vereinbarung:<\/strong><\/p><ul data-start=\"2232\" data-end=\"2448\"><li data-start=\"2232\" data-end=\"2336\"><p data-start=\"2234\" data-end=\"2336\"><strong data-start=\"2234\" data-end=\"2272\">EXW - Lager des Verk\u00e4ufers (Polen):<\/strong> Der K\u00e4ufer holt ab; die Gefahr geht mit der Bereitstellung der Ware \u00fcber.<\/p><\/li><li data-start=\"2339\" data-end=\"2448\"><p data-start=\"2341\" data-end=\"2448\"><strong data-start=\"2341\" data-end=\"2372\">DAP - Adresse des K\u00e4ufers (EU):<\/strong> Wir organisieren den Transport zu Ihrem Standort; der Gefahren\u00fcbergang erfolgt bei <strong data-start=\"2425\" data-end=\"2437\">Lieferung<\/strong> pro DAP.<\/p><\/li><\/ul><\/li><li data-start=\"2449\" data-end=\"2608\"><p data-start=\"2451\" data-end=\"2608\">Wenn ein DAP vereinbart wird, m\u00fcssen etwaige \u00f6rtliche Zugangsbeschr\u00e4nkungen (z. B. keine Gabelstapler, enge Stra\u00dfen) im Voraus mitgeteilt werden. F\u00fcr zus\u00e4tzliche Dienstleistungen vor Ort k\u00f6nnen Geb\u00fchren anfallen.<\/p><\/li><\/ul><h2 data-start=\"2610\" data-end=\"2645\">8) Eigenes Transportunternehmen \/ Konto des K\u00e4ufers<\/h2><ul data-start=\"2646\" data-end=\"2850\"><li data-start=\"2646\" data-end=\"2734\"><p data-start=\"2648\" data-end=\"2734\">Wir akzeptieren <strong data-start=\"2658\" data-end=\"2687\">Vom K\u00e4ufer benannte Transportunternehmen<\/strong> oder <strong data-start=\"2691\" data-end=\"2718\">Tr\u00e4gerkonto des K\u00e4ufers<\/strong> auf Anfrage.<\/p><\/li><li data-start=\"2735\" data-end=\"2850\"><p data-start=\"2737\" data-end=\"2850\">Wenn der K\u00e4ufer das Transportunternehmen benennt, geht das Risiko dennoch zum <strong data-start=\"2799\" data-end=\"2827\">\u00dcbergabe an diesen Tr\u00e4ger<\/strong> (im Einklang mit der FCA).<\/p><\/li><\/ul><h2 data-start=\"2852\" data-end=\"2875\">9) Verfolgung und Status<\/h2><ul data-start=\"2876\" data-end=\"3062\"><li data-start=\"2876\" data-end=\"2957\"><p data-start=\"2878\" data-end=\"2957\">A <strong data-start=\"2880\" data-end=\"2899\">Trackingnummer<\/strong> (oder Frachtreferenz) wird nach dem Versand mitgeteilt.<\/p><\/li><li data-start=\"2958\" data-end=\"3062\"><p data-start=\"2960\" data-end=\"3062\">Der Sendungsstatus kann auf der Seite <strong data-start=\"2998\" data-end=\"3019\">Website der Fluggesellschaft<\/strong> oder durch Kontaktaufnahme mit uns unter <strong data-start=\"3043\" data-end=\"3061\"><a class=\"decorated-link cursor-pointer\" rel=\"noopener\" data-start=\"3045\" data-end=\"3059\">info@velazo.pl<\/a><\/strong>.<\/p><\/li><\/ul><h2 data-start=\"3064\" data-end=\"3103\">10) Lieferung &amp; Eingangspr\u00fcfung<\/h2><ul data-start=\"3104\" data-end=\"3529\"><li data-start=\"3104\" data-end=\"3255\"><p data-start=\"3106\" data-end=\"3255\">Der K\u00e4ufer muss <strong data-start=\"3121\" data-end=\"3167\">Verpackung und Inhalt bei der Lieferung zu pr\u00fcfen<\/strong> und <strong data-start=\"3172\" data-end=\"3211\">sichtbare Sch\u00e4den oder M\u00e4ngel feststellen<\/strong> auf dem Lieferschein des Spediteurs (POD).<\/p><\/li><li data-start=\"3256\" data-end=\"3434\"><p data-start=\"3258\" data-end=\"3434\">Reklamationen wegen Besch\u00e4digung, Verlust oder Fehlmengen m\u00fcssen <strong data-start=\"3303\" data-end=\"3351\">bei Lieferung oder innerhalb von 7 Kalendertagen erhoben<\/strong> der Lieferung und umfassen <strong data-start=\"3376\" data-end=\"3431\">Fotos, Verpackungsetiketten und etwaige Vermerke des Bef\u00f6rderers<\/strong>.<\/p><\/li><li data-start=\"3435\" data-end=\"3529\"><p data-start=\"3437\" data-end=\"3529\">Das Vers\u00e4umnis, Sch\u00e4den\/M\u00e4ngel zu vermerken, kann die M\u00f6glichkeit beeintr\u00e4chtigen, Anspr\u00fcche gegen\u00fcber dem Bef\u00f6rderer\/Versicherer geltend zu machen.<\/p><\/li><\/ul><h2 data-start=\"3531\" data-end=\"3563\">11) Besch\u00e4digte oder verlorene Sendungen<\/h2><ul data-start=\"3564\" data-end=\"3935\"><li data-start=\"3564\" data-end=\"3791\"><p data-start=\"3566\" data-end=\"3632\">Die Haftung f\u00fcr Sch\u00e4den h\u00e4ngt von der <strong data-start=\"3612\" data-end=\"3624\">Incoterm<\/strong> verwendet:<\/p><ul data-start=\"3635\" data-end=\"3791\"><li data-start=\"3635\" data-end=\"3727\"><p data-start=\"3637\" data-end=\"3727\">Unter <strong data-start=\"3643\" data-end=\"3654\">FCA\/EXW<\/strong>Der K\u00e4ufer meldet den Schaden nach dem Gefahren\u00fcbergang bei seinem Spediteur\/Versicherer an.<\/p><\/li><li data-start=\"3730\" data-end=\"3791\"><p data-start=\"3732\" data-end=\"3791\">Unter <strong data-start=\"3738\" data-end=\"3745\">DAP<\/strong>Wir koordinieren die Schadensf\u00e4lle mit dem Versicherungstr\u00e4ger.<\/p><\/li><\/ul><\/li><li data-start=\"3792\" data-end=\"3935\"><p data-start=\"3794\" data-end=\"3935\"><strong data-start=\"3794\" data-end=\"3817\">Kompensationsmethode<\/strong> (Erstattung, Ersatz, Gutschrift) werden <strong data-start=\"3856\" data-end=\"3875\">beiderseitig vereinbart<\/strong> nach Pr\u00fcfung des Anspruchs und Best\u00e4tigung durch den Tr\u00e4ger\/Versicherer.<\/p><\/li><\/ul><h2 data-start=\"3937\" data-end=\"3966\">12) H\u00f6here Gewalt und Verz\u00f6gerungen<\/h2><ul data-start=\"3967\" data-end=\"4194\"><li data-start=\"3967\" data-end=\"4194\"><p data-start=\"3969\" data-end=\"4194\">Wir sind <strong data-start=\"3976\" data-end=\"3990\">nicht haftbar<\/strong> f\u00fcr Versp\u00e4tungen aufgrund von Ereignissen, die sich einer angemessenen Kontrolle entziehen, einschlie\u00dflich, aber nicht beschr\u00e4nkt auf <strong data-start=\"4075\" data-end=\"4162\">Wetter, Streiks, Unterbrechungen bei der Bef\u00f6rderung, Unf\u00e4lle, beh\u00f6rdliche Kontrollen, Systemausf\u00e4lle<\/strong>oder andere Ereignisse h\u00f6herer Gewalt.<\/p><\/li><\/ul><h2 data-start=\"4196\" data-end=\"4237\">13) EU-Anforderungen an Paletten und Verpackungen<\/h2><p data-start=\"4238\" data-end=\"4353\">Um einen sicheren und vorschriftsm\u00e4\u00dfigen B2B-Transport innerhalb der EU zu gew\u00e4hrleisten, wenden wir die folgenden Standards an, sofern nicht anders vereinbart:<\/p><ul data-start=\"4354\" data-end=\"5839\"><li data-start=\"4354\" data-end=\"4618\"><p data-start=\"4356\" data-end=\"4375\"><strong data-start=\"4356\" data-end=\"4373\">Paletten-Typen:<\/strong><\/p><ul data-start=\"4378\" data-end=\"4618\"><li data-start=\"4378\" data-end=\"4457\"><p data-start=\"4380\" data-end=\"4457\"><strong data-start=\"4380\" data-end=\"4404\">EUR\/EPAL 1200\u00d7800 mm<\/strong> (prim\u00e4r), oder <strong data-start=\"4419\" data-end=\"4439\">ISO 1200\u00d71000 mm<\/strong> wo es sich anbietet.<\/p><\/li><li data-start=\"4460\" data-end=\"4523\"><p data-start=\"4462\" data-end=\"4523\">Gesunder Zustand, keine gebrochenen Bretter oder hervorstehenden N\u00e4gel.<\/p><\/li><li data-start=\"4526\" data-end=\"4618\"><p data-start=\"4528\" data-end=\"4618\"><strong data-start=\"4528\" data-end=\"4539\">ISPM 15<\/strong> behandeltes Holz f\u00fcr grenz\u00fcberschreitende Holzverpackungen\/Paletten, sofern erforderlich.<\/p><\/li><\/ul><\/li><li data-start=\"4619\" data-end=\"4985\"><p data-start=\"4621\" data-end=\"4643\"><strong data-start=\"4621\" data-end=\"4641\">Laden und Stapeln:<\/strong><\/p><ul data-start=\"4646\" data-end=\"4985\"><li data-start=\"4646\" data-end=\"4734\"><p data-start=\"4648\" data-end=\"4734\">Palettenladungen m\u00fcssen sein <strong data-start=\"4669\" data-end=\"4690\">stabil, stapelbar<\/strong>und <strong data-start=\"4696\" data-end=\"4731\">die Grundfl\u00e4che der Palette nicht \u00fcberschreiten<\/strong>.<\/p><\/li><li data-start=\"4737\" data-end=\"4851\"><p data-start=\"4739\" data-end=\"4851\">Maximales Palettengewicht je nach Transportunternehmen; typischerweise <strong data-start=\"4794\" data-end=\"4812\">\u2264 700-1.000 kg<\/strong> pro EPAL, sofern nicht anders angegeben.<\/p><\/li><li data-start=\"4854\" data-end=\"4985\"><p data-start=\"4856\" data-end=\"4985\"><strong data-start=\"4856\" data-end=\"4874\">Einheitliche H\u00f6he<\/strong> pro Sendung, wenn m\u00f6glich, um die Handhabung zu optimieren (oft <strong data-start=\"4934\" data-end=\"4950\">\u2264 180-200 cm<\/strong> Gesamth\u00f6he, einschlie\u00dflich Palette).<\/p><\/li><\/ul><\/li><li data-start=\"4986\" data-end=\"5298\"><p data-start=\"4988\" data-end=\"5008\"><strong data-start=\"4988\" data-end=\"5006\">Stabilisierung:<\/strong><\/p><ul data-start=\"5011\" data-end=\"5298\"><li data-start=\"5011\" data-end=\"5155\"><p data-start=\"5013\" data-end=\"5155\">Verwenden Sie <strong data-start=\"5017\" data-end=\"5050\">Eckschutz\/Kantenschutz<\/strong>, <strong data-start=\"5052\" data-end=\"5065\">Umreifung<\/strong>und <strong data-start=\"5071\" data-end=\"5087\">Stretchanlage<\/strong> zur Sicherung der Waren; ggf. Oberfolie gegen Staub\/Feuchtigkeit anbringen.<\/p><\/li><li data-start=\"5158\" data-end=\"5298\"><p data-start=\"5160\" data-end=\"5298\">Zerbrechliche Gegenst\u00e4nde (z. B. Waschbecken\/H\u00e4hne\/Zubeh\u00f6r) sind <strong data-start=\"5212\" data-end=\"5233\">doppelwandig verpackt<\/strong>mit Innenpolsterung und Schutz an Kanten und Ecken.<\/p><\/li><\/ul><\/li><li data-start=\"5299\" data-end=\"5623\"><p data-start=\"5301\" data-end=\"5316\"><strong data-start=\"5301\" data-end=\"5314\">Kennzeichnung:<\/strong><\/p><ul data-start=\"5319\" data-end=\"5623\"><li data-start=\"5319\" data-end=\"5500\"><p data-start=\"5321\" data-end=\"5500\">Jede Palette\/Karton mit folgenden Angaben versehen <strong data-start=\"5353\" data-end=\"5374\">Absender\/Empf\u00e4nger<\/strong>, <strong data-start=\"5376\" data-end=\"5395\">Bestell-\/PO-Nummer<\/strong>, <strong data-start=\"5397\" data-end=\"5433\">Anzahl der Kartons\/Paletten (z. B. 1\/10)<\/strong>und <strong data-start=\"5439\" data-end=\"5457\">Handhabungsmarkierungen<\/strong> (ggf. FRAGILE\/This Side Up).<\/p><\/li><li data-start=\"5503\" data-end=\"5623\"><p data-start=\"5505\" data-end=\"5623\">anh\u00e4ngen. <strong data-start=\"5512\" data-end=\"5528\">Packliste<\/strong> extern (Dokumententasche) und f\u00fcgen Sie eine Kopie in den Bleikarton\/die Palette ein, sofern dies m\u00f6glich ist.<\/p><\/li><\/ul><\/li><li data-start=\"5624\" data-end=\"5839\"><p data-start=\"5626\" data-end=\"5651\"><strong data-start=\"5626\" data-end=\"5649\">Zugang und Ausr\u00fcstung:<\/strong><\/p><ul data-start=\"5654\" data-end=\"5839\"><li data-start=\"5654\" data-end=\"5839\"><p data-start=\"5656\" data-end=\"5839\">Der K\u00e4ufer muss sicherstellen <strong data-start=\"5674\" data-end=\"5704\">geeigneter Zugang f\u00fcr Lastwagen<\/strong> und <strong data-start=\"5709\" data-end=\"5732\">Entladeausr\u00fcstung<\/strong> (Gabelstapler oder Hubwagen). Wenn Sie ben\u00f6tigen <strong data-start=\"5775\" data-end=\"5788\">Ladebordwand<\/strong> oder <strong data-start=\"5792\" data-end=\"5816\">Terminabgabe<\/strong>informieren Sie uns bitte im Voraus.<\/p><\/li><\/ul><\/li><\/ul><h2 data-start=\"5841\" data-end=\"5868\">14) Besondere Anweisungen<\/h2><ul data-start=\"5869\" data-end=\"6200\"><li data-start=\"5869\" data-end=\"6066\"><p data-start=\"5871\" data-end=\"6066\">Wenn Ihre Website Folgendes ben\u00f6tigt <strong data-start=\"5890\" data-end=\"5912\">Zeitschlitzzustellung<\/strong>, <strong data-start=\"5914\" data-end=\"5926\">Heckklappe<\/strong>, <strong data-start=\"5928\" data-end=\"5947\">Innere Lieferung<\/strong>, oder <strong data-start=\"5952\" data-end=\"5975\">Nicht-Standard-Zugang<\/strong>benachrichtigen Sie uns bitte <strong data-start=\"5994\" data-end=\"6013\">vor dem Versand<\/strong> damit das Transportunternehmen dies veranlassen kann (es k\u00f6nnen Geb\u00fchren anfallen).<\/p><\/li><li data-start=\"6067\" data-end=\"6200\"><p data-start=\"6069\" data-end=\"6200\">F\u00fcr <strong data-start=\"6073\" data-end=\"6096\">\u00fcbergro\u00df oder individuell<\/strong> Bestellungen kann eine zus\u00e4tzliche Vorlaufzeit und eine spezielle Verpackung\/Verpackung erforderlich sein; wir werden dies von Fall zu Fall best\u00e4tigen.<\/p><\/li><\/ul><h2 data-start=\"6202\" data-end=\"6216\">15) Kontakt<\/h2><p data-start=\"1385\" data-end=\"1455\">Fragen zur Logistik, Unterst\u00fctzung bei der Nachverfolgung oder Reklamationen k\u00f6nnen an folgende Adresse gerichtet werden:<\/p><p data-start=\"1457\" data-end=\"1704\"><strong data-start=\"1457\" data-end=\"1472\">Markenname:<\/strong> VELAZO.<br data-start=\"1480\" data-end=\"1483\" \/><strong data-start=\"1483\" data-end=\"1500\">Name des Unternehmens:<\/strong> U2 COMPANY SP. Z O.O.<br data-start=\"1522\" data-end=\"1525\" \/><strong data-start=\"1525\" data-end=\"1548\">Eingetragene Anschrift:<\/strong> UL. PU\u0141AWSKA 221 \/ 1, 02-715 WARSZAWA, Polen<br data-start=\"1594\" data-end=\"1597\" \/><strong data-start=\"1597\" data-end=\"1607\">Telefon:<\/strong> +48 573 202 087<br data-start=\"1623\" data-end=\"1626\" \/><strong data-start=\"1626\" data-end=\"1636\">E-Mail:<\/strong> <a class=\"decorated-link cursor-pointer\" rel=\"noopener\" data-start=\"1637\" data-end=\"1651\">info@velazo.pl<\/a><br data-start=\"1651\" data-end=\"1654\" \/><strong data-start=\"1654\" data-end=\"1668\">MEHRWERTSTEUER (NIP):<\/strong> 7011104333<br data-start=\"1679\" data-end=\"1682\" \/><strong data-start=\"1682\" data-end=\"1692\">REGON:<\/strong> 523032819<\/p>\t\t\t\t\t\t\t\t<\/div>\n\t\t\t\t<\/div>\n\t\t\t\t\t<\/div>\n\t\t\t\t<\/div>\n\t\t\t\t<\/div>","protected":false},"excerpt":{"rendered":"<p>Datum des Inkrafttretens: 11. September 2025Gilt f\u00fcr: Nur f\u00fcr Gesch\u00e4ftskunden (B2B)Von: U2 COMPANY SP\u00d3\u0141KA Z OGRANICZON\u0104 ODPOWIEDZIALNO\u015aCI\u0104 (Polen)Kontakt: info@velazo.pl 1) Allgemeines Diese Versandbedingungen gelten ausschlie\u00dflich f\u00fcr B2B-Transaktionen auf velazo-b2b.com.<\/p>","protected":false},"author":1,"featured_media":0,"parent":0,"menu_order":0,"comment_status":"closed","ping_status":"closed","template":"","meta":{"footnotes":""},"class_list":["post-3224","page","type-page","status-publish","hentry"],"yoast_head":"<!-- This site is optimized with the Yoast SEO plugin v27.4 - https:\/\/yoast.com\/product\/yoast-seo-wordpress\/ -->\n<title>Shipping Policy - VELAZO.<\/title>\n<meta name=\"robots\" content=\"index, follow, max-snippet:-1, max-image-preview:large, max-video-preview:-1\" \/>\n<link rel=\"canonical\" href=\"https:\/\/velazo-b2b.com\/de\/schifffahrtspolitik\/\" \/>\n<meta property=\"og:locale\" content=\"de_DE\" \/>\n<meta property=\"og:type\" content=\"article\" \/>\n<meta property=\"og:title\" content=\"Shipping Policy - VELAZO.\" \/>\n<meta property=\"og:description\" content=\"Effective date: 11 September 2025Applies to: Business customers only (B2B)From: U2 COMPANY SP\u00d3\u0141KA Z OGRANICZON\u0104 ODPOWIEDZIALNO\u015aCI\u0104 (Poland)Contact: info@velazo.pl 1) General This Shipping Policy applies exclusively to B2B transactions on velazo-b2b.com.\" \/>\n<meta property=\"og:url\" content=\"https:\/\/velazo-b2b.com\/de\/schifffahrtspolitik\/\" \/>\n<meta property=\"og:site_name\" content=\"VELAZO.\" \/>\n<meta property=\"article:modified_time\" content=\"2025-09-11T10:55:44+00:00\" \/>\n<meta name=\"twitter:card\" content=\"summary_large_image\" \/>\n<meta name=\"twitter:label1\" content=\"Gesch\u00e4tzte Lesezeit\" \/>\n\t<meta name=\"twitter:data1\" content=\"4\u00a0Minuten\" \/>\n<script type=\"application\/ld+json\" class=\"yoast-schema-graph\">{\"@context\":\"https:\\\/\\\/schema.org\",\"@graph\":[{\"@type\":\"WebPage\",\"@id\":\"https:\\\/\\\/velazo-b2b.com\\\/shipping-policy\\\/\",\"url\":\"https:\\\/\\\/velazo-b2b.com\\\/shipping-policy\\\/\",\"name\":\"Shipping Policy - VELAZO.\",\"isPartOf\":{\"@id\":\"https:\\\/\\\/velazo-b2b.com\\\/#website\"},\"datePublished\":\"2025-09-11T10:51:29+00:00\",\"dateModified\":\"2025-09-11T10:55:44+00:00\",\"breadcrumb\":{\"@id\":\"https:\\\/\\\/velazo-b2b.com\\\/shipping-policy\\\/#breadcrumb\"},\"inLanguage\":\"de\",\"potentialAction\":[{\"@type\":\"ReadAction\",\"target\":[\"https:\\\/\\\/velazo-b2b.com\\\/shipping-policy\\\/\"]}]},{\"@type\":\"BreadcrumbList\",\"@id\":\"https:\\\/\\\/velazo-b2b.com\\\/shipping-policy\\\/#breadcrumb\",\"itemListElement\":[{\"@type\":\"ListItem\",\"position\":1,\"name\":\"Home\",\"item\":\"https:\\\/\\\/velazo-b2b.com\\\/\"},{\"@type\":\"ListItem\",\"position\":2,\"name\":\"Shipping Policy\"}]},{\"@type\":\"WebSite\",\"@id\":\"https:\\\/\\\/velazo-b2b.com\\\/#website\",\"url\":\"https:\\\/\\\/velazo-b2b.com\\\/\",\"name\":\"VELAZO.\",\"description\":\"\",\"potentialAction\":[{\"@type\":\"SearchAction\",\"target\":{\"@type\":\"EntryPoint\",\"urlTemplate\":\"https:\\\/\\\/velazo-b2b.com\\\/?s={search_term_string}\"},\"query-input\":{\"@type\":\"PropertyValueSpecification\",\"valueRequired\":true,\"valueName\":\"search_term_string\"}}],\"inLanguage\":\"de\"}]}<\/script>\n<!-- \/ Yoast SEO plugin. -->","yoast_head_json":{"title":"Versandpolitik - VELAZO.","robots":{"index":"index","follow":"follow","max-snippet":"max-snippet:-1","max-image-preview":"max-image-preview:large","max-video-preview":"max-video-preview:-1"},"canonical":"https:\/\/velazo-b2b.com\/de\/schifffahrtspolitik\/","og_locale":"de_DE","og_type":"article","og_title":"Shipping Policy - VELAZO.","og_description":"Effective date: 11 September 2025Applies to: Business customers only (B2B)From: U2 COMPANY SP\u00d3\u0141KA Z OGRANICZON\u0104 ODPOWIEDZIALNO\u015aCI\u0104 (Poland)Contact: info@velazo.pl 1) General This Shipping Policy applies exclusively to B2B transactions on velazo-b2b.com.","og_url":"https:\/\/velazo-b2b.com\/de\/schifffahrtspolitik\/","og_site_name":"VELAZO.","article_modified_time":"2025-09-11T10:55:44+00:00","twitter_card":"summary_large_image","twitter_misc":{"Gesch\u00e4tzte Lesezeit":"4\u00a0Minuten"},"schema":{"@context":"https:\/\/schema.org","@graph":[{"@type":"WebPage","@id":"https:\/\/velazo-b2b.com\/shipping-policy\/","url":"https:\/\/velazo-b2b.com\/shipping-policy\/","name":"Versandpolitik - VELAZO.","isPartOf":{"@id":"https:\/\/velazo-b2b.com\/#website"},"datePublished":"2025-09-11T10:51:29+00:00","dateModified":"2025-09-11T10:55:44+00:00","breadcrumb":{"@id":"https:\/\/velazo-b2b.com\/shipping-policy\/#breadcrumb"},"inLanguage":"de","potentialAction":[{"@type":"ReadAction","target":["https:\/\/velazo-b2b.com\/shipping-policy\/"]}]},{"@type":"BreadcrumbList","@id":"https:\/\/velazo-b2b.com\/shipping-policy\/#breadcrumb","itemListElement":[{"@type":"ListItem","position":1,"name":"Home","item":"https:\/\/velazo-b2b.com\/"},{"@type":"ListItem","position":2,"name":"Shipping Policy"}]},{"@type":"WebSite","@id":"https:\/\/velazo-b2b.com\/#website","url":"https:\/\/velazo-b2b.com\/","name":"VELAZO.","description":"","potentialAction":[{"@type":"SearchAction","target":{"@type":"EntryPoint","urlTemplate":"https:\/\/velazo-b2b.com\/?s={search_term_string}"},"query-input":{"@type":"PropertyValueSpecification","valueRequired":true,"valueName":"search_term_string"}}],"inLanguage":"de"}]}},"_links":{"self":[{"href":"https:\/\/velazo-b2b.com\/de\/wp-json\/wp\/v2\/pages\/3224","targetHints":{"allow":["GET"]}}],"collection":[{"href":"https:\/\/velazo-b2b.com\/de\/wp-json\/wp\/v2\/pages"}],"about":[{"href":"https:\/\/velazo-b2b.com\/de\/wp-json\/wp\/v2\/types\/page"}],"author":[{"embeddable":true,"href":"https:\/\/velazo-b2b.com\/de\/wp-json\/wp\/v2\/users\/1"}],"replies":[{"embeddable":true,"href":"https:\/\/velazo-b2b.com\/de\/wp-json\/wp\/v2\/comments?post=3224"}],"version-history":[{"count":0,"href":"https:\/\/velazo-b2b.com\/de\/wp-json\/wp\/v2\/pages\/3224\/revisions"}],"wp:attachment":[{"href":"https:\/\/velazo-b2b.com\/de\/wp-json\/wp\/v2\/media?parent=3224"}],"curies":[{"name":"wp","href":"https:\/\/api.w.org\/{rel}","templated":true}]}}