{"id":122,"date":"2025-04-09T14:33:51","date_gmt":"2025-04-09T14:33:51","guid":{"rendered":"https:\/\/velazo-b2b.com\/product\/glass-cup-bottle-washer-automatic-rinser-for-the-sink\/"},"modified":"2025-09-02T16:22:34","modified_gmt":"2025-09-02T14:22:34","slug":"glasbecher-flaschenreinigungsmaschine-automatische-spulmaschine-fur-das-spulbecken","status":"publish","type":"product","link":"https:\/\/velazo-b2b.com\/de\/produkt\/glasbecher-flaschenreinigungsmaschine-automatische-spulmaschine-fur-das-spulbecken\/","title":{"rendered":"Glasbecher-Flaschenwaschmaschine Automatic RINSER f\u00fcr die Sp\u00fcle"},"content":{"rendered":"<p>Das innovative K\u00fcchenger\u00e4t wurde entwickelt, um Gl\u00e4ser, Becher und andere Glaswaren automatisch zu sp\u00fclen, was die Erledigung der t\u00e4glichen K\u00fcchenarbeit erheblich erleichtert.<\/p>\n<p>Dank dieser Sp\u00fclmaschine wird der Sp\u00fclvorgang beschleunigt und viel effektiver, vor allem an Orten mit intensiver Nutzung, wie Restaurants, Bars, Caf\u00e9s, Hotels und auch zu Hause.<\/p>\n<p>Das Ger\u00e4t ist einfach zu bedienen und kann in wenigen Minuten selbst\u00e4ndig montiert werden.<\/p>","protected":false},"excerpt":{"rendered":"<p>Das innovative K\u00fcchenger\u00e4t wurde f\u00fcr das automatische Sp\u00fclen von Gl\u00e4sern, Bechern und anderem Glasgeschirr entwickelt, was die Erledigung der t\u00e4glichen K\u00fcchenarbeit erheblich erleichtert. Dank dieser Sp\u00fclmaschine wird das Geschirrsp\u00fclen<\/p>","protected":false},"featured_media":121,"comment_status":"open","ping_status":"closed","template":"","meta":[],"product_cat":[65,63],"product_tag":[17,26],"class_list":{"0":"post-122","1":"product","2":"type-product","3":"status-publish","4":"has-post-thumbnail","6":"product_cat-accessories","7":"product_cat-automatic-glass-washers","8":"product_tag-accessories","9":"product_tag-washer","11":"first","12":"instock","13":"taxable","14":"shipping-taxable","15":"product-type-simple"},"yoast_head":"<!-- This site is optimized with the Yoast SEO plugin v27.4 - https:\/\/yoast.com\/product\/yoast-seo-wordpress\/ -->\n<title>Glass Cup Bottle Washer Automatic RINSER for the sink - VELAZO.<\/title>\n<meta name=\"robots\" content=\"index, follow, max-snippet:-1, max-image-preview:large, max-video-preview:-1\" \/>\n<link rel=\"canonical\" href=\"https:\/\/velazo-b2b.com\/de\/produkt\/glasbecher-flaschenreinigungsmaschine-automatische-spulmaschine-fur-das-spulbecken\/\" \/>\n<meta property=\"og:locale\" content=\"de_DE\" \/>\n<meta property=\"og:type\" content=\"article\" \/>\n<meta property=\"og:title\" content=\"Glass Cup Bottle Washer Automatic RINSER for the sink - VELAZO.\" \/>\n<meta property=\"og:description\" content=\"The innovative kitchen appliance has been designed to automatically wash glasses, goblets and other glassware, which significantly facilitates the performance of everyday kitchen duties. Thanks to this washer, the dishwashing\" \/>\n<meta property=\"og:url\" content=\"https:\/\/velazo-b2b.com\/de\/produkt\/glasbecher-flaschenreinigungsmaschine-automatische-spulmaschine-fur-das-spulbecken\/\" \/>\n<meta property=\"og:site_name\" content=\"VELAZO.\" \/>\n<meta property=\"article:modified_time\" content=\"2025-09-02T14:22:34+00:00\" \/>\n<meta property=\"og:image\" content=\"https:\/\/velazo-b2b.com\/wp-content\/uploads\/2025\/04\/myjka.png\" \/>\n\t<meta property=\"og:image:width\" content=\"501\" \/>\n\t<meta property=\"og:image:height\" content=\"474\" \/>\n\t<meta property=\"og:image:type\" content=\"image\/png\" \/>\n<meta name=\"twitter:card\" content=\"summary_large_image\" \/>\n<script type=\"application\/ld+json\" class=\"yoast-schema-graph\">{\"@context\":\"https:\\\/\\\/schema.org\",\"@graph\":[{\"@type\":\"WebPage\",\"@id\":\"https:\\\/\\\/velazo-b2b.com\\\/product\\\/glass-cup-bottle-washer-automatic-rinser-for-the-sink\\\/\",\"url\":\"https:\\\/\\\/velazo-b2b.com\\\/product\\\/glass-cup-bottle-washer-automatic-rinser-for-the-sink\\\/\",\"name\":\"Glass Cup Bottle Washer Automatic RINSER for the sink - VELAZO.\",\"isPartOf\":{\"@id\":\"https:\\\/\\\/velazo-b2b.com\\\/#website\"},\"primaryImageOfPage\":{\"@id\":\"https:\\\/\\\/velazo-b2b.com\\\/product\\\/glass-cup-bottle-washer-automatic-rinser-for-the-sink\\\/#primaryimage\"},\"image\":{\"@id\":\"https:\\\/\\\/velazo-b2b.com\\\/product\\\/glass-cup-bottle-washer-automatic-rinser-for-the-sink\\\/#primaryimage\"},\"thumbnailUrl\":\"https:\\\/\\\/velazo-b2b.com\\\/wp-content\\\/uploads\\\/2025\\\/04\\\/myjka.png\",\"datePublished\":\"2025-04-09T14:33:51+00:00\",\"dateModified\":\"2025-09-02T14:22:34+00:00\",\"breadcrumb\":{\"@id\":\"https:\\\/\\\/velazo-b2b.com\\\/product\\\/glass-cup-bottle-washer-automatic-rinser-for-the-sink\\\/#breadcrumb\"},\"inLanguage\":\"de\",\"potentialAction\":[{\"@type\":\"ReadAction\",\"target\":[\"https:\\\/\\\/velazo-b2b.com\\\/product\\\/glass-cup-bottle-washer-automatic-rinser-for-the-sink\\\/\"]}]},{\"@type\":\"ImageObject\",\"inLanguage\":\"de\",\"@id\":\"https:\\\/\\\/velazo-b2b.com\\\/product\\\/glass-cup-bottle-washer-automatic-rinser-for-the-sink\\\/#primaryimage\",\"url\":\"https:\\\/\\\/velazo-b2b.com\\\/wp-content\\\/uploads\\\/2025\\\/04\\\/myjka.png\",\"contentUrl\":\"https:\\\/\\\/velazo-b2b.com\\\/wp-content\\\/uploads\\\/2025\\\/04\\\/myjka.png\",\"width\":501,\"height\":474},{\"@type\":\"BreadcrumbList\",\"@id\":\"https:\\\/\\\/velazo-b2b.com\\\/product\\\/glass-cup-bottle-washer-automatic-rinser-for-the-sink\\\/#breadcrumb\",\"itemListElement\":[{\"@type\":\"ListItem\",\"position\":1,\"name\":\"Home\",\"item\":\"https:\\\/\\\/velazo-b2b.com\\\/\"},{\"@type\":\"ListItem\",\"position\":2,\"name\":\"Shop\",\"item\":\"https:\\\/\\\/velazo-b2b.com\\\/shop-page\\\/\"},{\"@type\":\"ListItem\",\"position\":3,\"name\":\"Glass Cup Bottle Washer Automatic RINSER for the sink\"}]},{\"@type\":\"WebSite\",\"@id\":\"https:\\\/\\\/velazo-b2b.com\\\/#website\",\"url\":\"https:\\\/\\\/velazo-b2b.com\\\/\",\"name\":\"VELAZO.\",\"description\":\"\",\"potentialAction\":[{\"@type\":\"SearchAction\",\"target\":{\"@type\":\"EntryPoint\",\"urlTemplate\":\"https:\\\/\\\/velazo-b2b.com\\\/?s={search_term_string}\"},\"query-input\":{\"@type\":\"PropertyValueSpecification\",\"valueRequired\":true,\"valueName\":\"search_term_string\"}}],\"inLanguage\":\"de\"}]}<\/script>\n<!-- \/ Yoast SEO plugin. -->","yoast_head_json":{"title":"Glasbecher-Flaschenwaschmaschine Automatic RINSER f\u00fcr die Sp\u00fcle - VELAZO.","robots":{"index":"index","follow":"follow","max-snippet":"max-snippet:-1","max-image-preview":"max-image-preview:large","max-video-preview":"max-video-preview:-1"},"canonical":"https:\/\/velazo-b2b.com\/de\/produkt\/glasbecher-flaschenreinigungsmaschine-automatische-spulmaschine-fur-das-spulbecken\/","og_locale":"de_DE","og_type":"article","og_title":"Glass Cup Bottle Washer Automatic RINSER for the sink - VELAZO.","og_description":"The innovative kitchen appliance has been designed to automatically wash glasses, goblets and other glassware, which significantly facilitates the performance of everyday kitchen duties. Thanks to this washer, the dishwashing","og_url":"https:\/\/velazo-b2b.com\/de\/produkt\/glasbecher-flaschenreinigungsmaschine-automatische-spulmaschine-fur-das-spulbecken\/","og_site_name":"VELAZO.","article_modified_time":"2025-09-02T14:22:34+00:00","og_image":[{"width":501,"height":474,"url":"https:\/\/velazo-b2b.com\/wp-content\/uploads\/2025\/04\/myjka.png","type":"image\/png"}],"twitter_card":"summary_large_image","schema":{"@context":"https:\/\/schema.org","@graph":[{"@type":"WebPage","@id":"https:\/\/velazo-b2b.com\/product\/glass-cup-bottle-washer-automatic-rinser-for-the-sink\/","url":"https:\/\/velazo-b2b.com\/product\/glass-cup-bottle-washer-automatic-rinser-for-the-sink\/","name":"Glasbecher-Flaschenwaschmaschine Automatic RINSER f\u00fcr die Sp\u00fcle - VELAZO.","isPartOf":{"@id":"https:\/\/velazo-b2b.com\/#website"},"primaryImageOfPage":{"@id":"https:\/\/velazo-b2b.com\/product\/glass-cup-bottle-washer-automatic-rinser-for-the-sink\/#primaryimage"},"image":{"@id":"https:\/\/velazo-b2b.com\/product\/glass-cup-bottle-washer-automatic-rinser-for-the-sink\/#primaryimage"},"thumbnailUrl":"https:\/\/velazo-b2b.com\/wp-content\/uploads\/2025\/04\/myjka.png","datePublished":"2025-04-09T14:33:51+00:00","dateModified":"2025-09-02T14:22:34+00:00","breadcrumb":{"@id":"https:\/\/velazo-b2b.com\/product\/glass-cup-bottle-washer-automatic-rinser-for-the-sink\/#breadcrumb"},"inLanguage":"de","potentialAction":[{"@type":"ReadAction","target":["https:\/\/velazo-b2b.com\/product\/glass-cup-bottle-washer-automatic-rinser-for-the-sink\/"]}]},{"@type":"ImageObject","inLanguage":"de","@id":"https:\/\/velazo-b2b.com\/product\/glass-cup-bottle-washer-automatic-rinser-for-the-sink\/#primaryimage","url":"https:\/\/velazo-b2b.com\/wp-content\/uploads\/2025\/04\/myjka.png","contentUrl":"https:\/\/velazo-b2b.com\/wp-content\/uploads\/2025\/04\/myjka.png","width":501,"height":474},{"@type":"BreadcrumbList","@id":"https:\/\/velazo-b2b.com\/product\/glass-cup-bottle-washer-automatic-rinser-for-the-sink\/#breadcrumb","itemListElement":[{"@type":"ListItem","position":1,"name":"Home","item":"https:\/\/velazo-b2b.com\/"},{"@type":"ListItem","position":2,"name":"Shop","item":"https:\/\/velazo-b2b.com\/shop-page\/"},{"@type":"ListItem","position":3,"name":"Glass Cup Bottle Washer Automatic RINSER for the sink"}]},{"@type":"WebSite","@id":"https:\/\/velazo-b2b.com\/#website","url":"https:\/\/velazo-b2b.com\/","name":"VELAZO.","description":"","potentialAction":[{"@type":"SearchAction","target":{"@type":"EntryPoint","urlTemplate":"https:\/\/velazo-b2b.com\/?s={search_term_string}"},"query-input":{"@type":"PropertyValueSpecification","valueRequired":true,"valueName":"search_term_string"}}],"inLanguage":"de"}]}},"_links":{"self":[{"href":"https:\/\/velazo-b2b.com\/de\/wp-json\/wp\/v2\/product\/122","targetHints":{"allow":["GET"]}}],"collection":[{"href":"https:\/\/velazo-b2b.com\/de\/wp-json\/wp\/v2\/product"}],"about":[{"href":"https:\/\/velazo-b2b.com\/de\/wp-json\/wp\/v2\/types\/product"}],"replies":[{"embeddable":true,"href":"https:\/\/velazo-b2b.com\/de\/wp-json\/wp\/v2\/comments?post=122"}],"version-history":[{"count":0,"href":"https:\/\/velazo-b2b.com\/de\/wp-json\/wp\/v2\/product\/122\/revisions"}],"wp:featuredmedia":[{"embeddable":true,"href":"https:\/\/velazo-b2b.com\/de\/wp-json\/wp\/v2\/media\/121"}],"wp:attachment":[{"href":"https:\/\/velazo-b2b.com\/de\/wp-json\/wp\/v2\/media?parent=122"}],"wp:term":[{"taxonomy":"product_cat","embeddable":true,"href":"https:\/\/velazo-b2b.com\/de\/wp-json\/wp\/v2\/product_cat?post=122"},{"taxonomy":"product_tag","embeddable":true,"href":"https:\/\/velazo-b2b.com\/de\/wp-json\/wp\/v2\/product_tag?post=122"}],"curies":[{"name":"wp","href":"https:\/\/api.w.org\/{rel}","templated":true}]}}