{"id":174,"date":"2025-04-09T14:35:32","date_gmt":"2025-04-09T14:35:32","guid":{"rendered":"https:\/\/velazo-b2b.com\/product\/stainless-steel-kitchen-sink-60x50-rose-gold\/"},"modified":"2026-03-26T15:02:09","modified_gmt":"2026-03-26T14:02:09","slug":"edelstahl-kuchenspule-60x50-rosegold","status":"publish","type":"product","link":"https:\/\/velazo-b2b.com\/de\/produkt\/edelstahl-kuchenspule-60x50-rosegold\/","title":{"rendered":"Edelstahl-K\u00fcchensp\u00fcle 60\u00d750 Rose Gold"},"content":{"rendered":"<p><strong>Technische Daten:<\/strong><\/p>\n<ul>\n<li>Montageart: B\u00fcndig, b\u00fcndig, h\u00e4ngend<\/li>\n<li>Material: Rostfreier Stahl<\/li>\n<li>Stahl Ausf\u00fchrung: Satiniert, geb\u00fcrstet<\/li>\n<li>Farbe: Ros\u00e9gold<\/li>\n<li>Abmessungen der Sp\u00fcle: 600 mm x 500 mm x 210 mm<\/li>\n<li>Abmessungen der Schale: 550 mm x 400 mm<\/li>\n<li>Schale Metalldicke: 0,8 mm<\/li>\n<li>Dicke der Metallkante: 3 mm<\/li>\n<li>\u00dcberlaufloch f\u00fcr die Sch\u00fcssel: Ja<\/li>\n<li>Durchmesser des Abflusses: 114 mm<\/li>\n<\/ul>","protected":false},"excerpt":{"rendered":"<p>Technische Daten: Montageart: Unterputz, b\u00fcndig, h\u00e4ngend Material: Edelstahl Stahl Oberfl\u00e4che: Satiniert, geb\u00fcrstet Farbe: Ros\u00e9gold Sp\u00fcle Abmessungen: 600 mm x 500 mm x 210 mm Abmessungen des Beckens: 550<\/p>","protected":false},"featured_media":173,"comment_status":"open","ping_status":"closed","template":"","meta":[],"product_cat":[74,57,73],"product_tag":[13,5,12],"class_list":{"0":"post-174","1":"product","2":"type-product","3":"status-publish","4":"has-post-thumbnail","6":"product_cat-gold-sinks","7":"product_cat-handmade-sinks","8":"product_cat-single-bowl-gold-sinks","9":"product_tag-gold-sinks","10":"product_tag-handmade-sink","11":"product_tag-single-bowl-gold-sinks","13":"first","14":"instock","15":"taxable","16":"shipping-taxable","17":"product-type-simple"},"yoast_head":"<!-- This site is optimized with the Yoast SEO plugin v27.4 - https:\/\/yoast.com\/product\/yoast-seo-wordpress\/ -->\n<title>Stainless Steel Kitchen Sink 60x50 Rose Gold - VELAZO.<\/title>\n<meta name=\"robots\" content=\"index, follow, max-snippet:-1, max-image-preview:large, max-video-preview:-1\" \/>\n<link rel=\"canonical\" href=\"https:\/\/velazo-b2b.com\/de\/produkt\/edelstahl-kuchenspule-60x50-rosegold\/\" \/>\n<meta property=\"og:locale\" content=\"de_DE\" \/>\n<meta property=\"og:type\" content=\"article\" \/>\n<meta property=\"og:title\" content=\"Stainless Steel Kitchen Sink 60x50 Rose Gold - VELAZO.\" \/>\n<meta property=\"og:description\" content=\"Technical Data: Mounting Method: Flush, flush, suspended Material: Stainless steel Steel Finish: Satin, brushed Colour: Rose gold Sink Dimensions: 600 mm x 500 mm x 210 mm Bowl Dimensions: 550\" \/>\n<meta property=\"og:url\" content=\"https:\/\/velazo-b2b.com\/de\/produkt\/edelstahl-kuchenspule-60x50-rosegold\/\" \/>\n<meta property=\"og:site_name\" content=\"VELAZO.\" \/>\n<meta property=\"article:modified_time\" content=\"2026-03-26T14:02:09+00:00\" \/>\n<meta property=\"og:image\" content=\"https:\/\/velazo-b2b.com\/wp-content\/uploads\/2025\/04\/HD6050Z-1.jpg\" \/>\n\t<meta property=\"og:image:width\" content=\"1500\" \/>\n\t<meta property=\"og:image:height\" content=\"1500\" \/>\n\t<meta property=\"og:image:type\" content=\"image\/jpeg\" \/>\n<meta name=\"twitter:card\" content=\"summary_large_image\" \/>\n<script type=\"application\/ld+json\" class=\"yoast-schema-graph\">{\"@context\":\"https:\\\/\\\/schema.org\",\"@graph\":[{\"@type\":\"WebPage\",\"@id\":\"https:\\\/\\\/velazo-b2b.com\\\/product\\\/stainless-steel-kitchen-sink-60x50-rose-gold\\\/\",\"url\":\"https:\\\/\\\/velazo-b2b.com\\\/product\\\/stainless-steel-kitchen-sink-60x50-rose-gold\\\/\",\"name\":\"Stainless Steel Kitchen Sink 60x50 Rose Gold - VELAZO.\",\"isPartOf\":{\"@id\":\"https:\\\/\\\/velazo-b2b.com\\\/#website\"},\"primaryImageOfPage\":{\"@id\":\"https:\\\/\\\/velazo-b2b.com\\\/product\\\/stainless-steel-kitchen-sink-60x50-rose-gold\\\/#primaryimage\"},\"image\":{\"@id\":\"https:\\\/\\\/velazo-b2b.com\\\/product\\\/stainless-steel-kitchen-sink-60x50-rose-gold\\\/#primaryimage\"},\"thumbnailUrl\":\"https:\\\/\\\/velazo-b2b.com\\\/wp-content\\\/uploads\\\/2025\\\/04\\\/HD6050Z-1.jpg\",\"datePublished\":\"2025-04-09T14:35:32+00:00\",\"dateModified\":\"2026-03-26T14:02:09+00:00\",\"breadcrumb\":{\"@id\":\"https:\\\/\\\/velazo-b2b.com\\\/product\\\/stainless-steel-kitchen-sink-60x50-rose-gold\\\/#breadcrumb\"},\"inLanguage\":\"de\",\"potentialAction\":[{\"@type\":\"ReadAction\",\"target\":[\"https:\\\/\\\/velazo-b2b.com\\\/product\\\/stainless-steel-kitchen-sink-60x50-rose-gold\\\/\"]}]},{\"@type\":\"ImageObject\",\"inLanguage\":\"de\",\"@id\":\"https:\\\/\\\/velazo-b2b.com\\\/product\\\/stainless-steel-kitchen-sink-60x50-rose-gold\\\/#primaryimage\",\"url\":\"https:\\\/\\\/velazo-b2b.com\\\/wp-content\\\/uploads\\\/2025\\\/04\\\/HD6050Z-1.jpg\",\"contentUrl\":\"https:\\\/\\\/velazo-b2b.com\\\/wp-content\\\/uploads\\\/2025\\\/04\\\/HD6050Z-1.jpg\",\"width\":1500,\"height\":1500},{\"@type\":\"BreadcrumbList\",\"@id\":\"https:\\\/\\\/velazo-b2b.com\\\/product\\\/stainless-steel-kitchen-sink-60x50-rose-gold\\\/#breadcrumb\",\"itemListElement\":[{\"@type\":\"ListItem\",\"position\":1,\"name\":\"Home\",\"item\":\"https:\\\/\\\/velazo-b2b.com\\\/\"},{\"@type\":\"ListItem\",\"position\":2,\"name\":\"Shop\",\"item\":\"https:\\\/\\\/velazo-b2b.com\\\/shop-page\\\/\"},{\"@type\":\"ListItem\",\"position\":3,\"name\":\"Stainless Steel Kitchen Sink 60&#215;50 Rose Gold\"}]},{\"@type\":\"WebSite\",\"@id\":\"https:\\\/\\\/velazo-b2b.com\\\/#website\",\"url\":\"https:\\\/\\\/velazo-b2b.com\\\/\",\"name\":\"VELAZO.\",\"description\":\"\",\"potentialAction\":[{\"@type\":\"SearchAction\",\"target\":{\"@type\":\"EntryPoint\",\"urlTemplate\":\"https:\\\/\\\/velazo-b2b.com\\\/?s={search_term_string}\"},\"query-input\":{\"@type\":\"PropertyValueSpecification\",\"valueRequired\":true,\"valueName\":\"search_term_string\"}}],\"inLanguage\":\"de\"}]}<\/script>\n<!-- \/ Yoast SEO plugin. -->","yoast_head_json":{"title":"Edelstahl-K\u00fcchensp\u00fcle 60x50 Rose Gold - VELAZO.","robots":{"index":"index","follow":"follow","max-snippet":"max-snippet:-1","max-image-preview":"max-image-preview:large","max-video-preview":"max-video-preview:-1"},"canonical":"https:\/\/velazo-b2b.com\/de\/produkt\/edelstahl-kuchenspule-60x50-rosegold\/","og_locale":"de_DE","og_type":"article","og_title":"Stainless Steel Kitchen Sink 60x50 Rose Gold - VELAZO.","og_description":"Technical Data: Mounting Method: Flush, flush, suspended Material: Stainless steel Steel Finish: Satin, brushed Colour: Rose gold Sink Dimensions: 600 mm x 500 mm x 210 mm Bowl Dimensions: 550","og_url":"https:\/\/velazo-b2b.com\/de\/produkt\/edelstahl-kuchenspule-60x50-rosegold\/","og_site_name":"VELAZO.","article_modified_time":"2026-03-26T14:02:09+00:00","og_image":[{"width":1500,"height":1500,"url":"https:\/\/velazo-b2b.com\/wp-content\/uploads\/2025\/04\/HD6050Z-1.jpg","type":"image\/jpeg"}],"twitter_card":"summary_large_image","schema":{"@context":"https:\/\/schema.org","@graph":[{"@type":"WebPage","@id":"https:\/\/velazo-b2b.com\/product\/stainless-steel-kitchen-sink-60x50-rose-gold\/","url":"https:\/\/velazo-b2b.com\/product\/stainless-steel-kitchen-sink-60x50-rose-gold\/","name":"Edelstahl-K\u00fcchensp\u00fcle 60x50 Rose Gold - VELAZO.","isPartOf":{"@id":"https:\/\/velazo-b2b.com\/#website"},"primaryImageOfPage":{"@id":"https:\/\/velazo-b2b.com\/product\/stainless-steel-kitchen-sink-60x50-rose-gold\/#primaryimage"},"image":{"@id":"https:\/\/velazo-b2b.com\/product\/stainless-steel-kitchen-sink-60x50-rose-gold\/#primaryimage"},"thumbnailUrl":"https:\/\/velazo-b2b.com\/wp-content\/uploads\/2025\/04\/HD6050Z-1.jpg","datePublished":"2025-04-09T14:35:32+00:00","dateModified":"2026-03-26T14:02:09+00:00","breadcrumb":{"@id":"https:\/\/velazo-b2b.com\/product\/stainless-steel-kitchen-sink-60x50-rose-gold\/#breadcrumb"},"inLanguage":"de","potentialAction":[{"@type":"ReadAction","target":["https:\/\/velazo-b2b.com\/product\/stainless-steel-kitchen-sink-60x50-rose-gold\/"]}]},{"@type":"ImageObject","inLanguage":"de","@id":"https:\/\/velazo-b2b.com\/product\/stainless-steel-kitchen-sink-60x50-rose-gold\/#primaryimage","url":"https:\/\/velazo-b2b.com\/wp-content\/uploads\/2025\/04\/HD6050Z-1.jpg","contentUrl":"https:\/\/velazo-b2b.com\/wp-content\/uploads\/2025\/04\/HD6050Z-1.jpg","width":1500,"height":1500},{"@type":"BreadcrumbList","@id":"https:\/\/velazo-b2b.com\/product\/stainless-steel-kitchen-sink-60x50-rose-gold\/#breadcrumb","itemListElement":[{"@type":"ListItem","position":1,"name":"Home","item":"https:\/\/velazo-b2b.com\/"},{"@type":"ListItem","position":2,"name":"Shop","item":"https:\/\/velazo-b2b.com\/shop-page\/"},{"@type":"ListItem","position":3,"name":"Stainless Steel Kitchen Sink 60&#215;50 Rose Gold"}]},{"@type":"WebSite","@id":"https:\/\/velazo-b2b.com\/#website","url":"https:\/\/velazo-b2b.com\/","name":"VELAZO.","description":"","potentialAction":[{"@type":"SearchAction","target":{"@type":"EntryPoint","urlTemplate":"https:\/\/velazo-b2b.com\/?s={search_term_string}"},"query-input":{"@type":"PropertyValueSpecification","valueRequired":true,"valueName":"search_term_string"}}],"inLanguage":"de"}]}},"_links":{"self":[{"href":"https:\/\/velazo-b2b.com\/de\/wp-json\/wp\/v2\/product\/174","targetHints":{"allow":["GET"]}}],"collection":[{"href":"https:\/\/velazo-b2b.com\/de\/wp-json\/wp\/v2\/product"}],"about":[{"href":"https:\/\/velazo-b2b.com\/de\/wp-json\/wp\/v2\/types\/product"}],"replies":[{"embeddable":true,"href":"https:\/\/velazo-b2b.com\/de\/wp-json\/wp\/v2\/comments?post=174"}],"version-history":[{"count":0,"href":"https:\/\/velazo-b2b.com\/de\/wp-json\/wp\/v2\/product\/174\/revisions"}],"wp:featuredmedia":[{"embeddable":true,"href":"https:\/\/velazo-b2b.com\/de\/wp-json\/wp\/v2\/media\/173"}],"wp:attachment":[{"href":"https:\/\/velazo-b2b.com\/de\/wp-json\/wp\/v2\/media?parent=174"}],"wp:term":[{"taxonomy":"product_cat","embeddable":true,"href":"https:\/\/velazo-b2b.com\/de\/wp-json\/wp\/v2\/product_cat?post=174"},{"taxonomy":"product_tag","embeddable":true,"href":"https:\/\/velazo-b2b.com\/de\/wp-json\/wp\/v2\/product_tag?post=174"}],"curies":[{"name":"wp","href":"https:\/\/api.w.org\/{rel}","templated":true}]}}