{"id":178,"date":"2025-04-09T14:35:35","date_gmt":"2025-04-09T14:35:35","guid":{"rendered":"https:\/\/velazo-b2b.com\/product\/steel-kitchen-sink-37x45-graphite\/"},"modified":"2026-04-01T14:39:19","modified_gmt":"2026-04-01T12:39:19","slug":"stahlspule-37x45-graphit","status":"publish","type":"product","link":"https:\/\/velazo-b2b.com\/de\/produkt\/stahlspule-37x45-graphit\/","title":{"rendered":"Stahl-K\u00fcchensp\u00fcle 37\u00d745 Graphit"},"content":{"rendered":"<p><strong>Technische Daten:<\/strong><\/p>\n<ul>\n<li>Montageart: Arbeitsplatte\/Unterbau<\/li>\n<li>Material: rostfreier Stahl<\/li>\n<li>Oberfl\u00e4che Stahl: PVD satiniert geb\u00fcrstet<\/li>\n<li>Abmessungen der Sp\u00fcle: 370 mm x 450 mm x 210 mm<\/li>\n<li>Abmessungen der Kammer: 320 mm x 400 mm<\/li>\n<li>\u00dcberlaufloch: ja<\/li>\n<li>Metallst\u00e4rke der Kammer: 0,8 mm<\/li>\n<li>Dicke des Metallrandes: 3 mm<\/li>\n<\/ul>","protected":false},"excerpt":{"rendered":"<p>Technische Daten: Einbaumethode: Aufputz\/Unterputz Material: Edelstahl Ausf\u00fchrung des Stahls: PVD satiniert geb\u00fcrstet Abmessungen des Sp\u00fclbeckens: 370 mm x 450 mm x 210 mm Kammerabmessungen: 320 mm x 400 mm<\/p>","protected":false},"featured_media":177,"comment_status":"open","ping_status":"closed","template":"","meta":[],"product_cat":[77,57,76],"product_tag":[6,5,9],"class_list":{"0":"post-178","1":"product","2":"type-product","3":"status-publish","4":"has-post-thumbnail","6":"product_cat-graphite-sinks","7":"product_cat-handmade-sinks","8":"product_cat-single-bowl-graphite-sinks","9":"product_tag-black-sinks","10":"product_tag-handmade-sink","11":"product_tag-single-bowl-black-sinks","13":"first","14":"instock","15":"taxable","16":"shipping-taxable","17":"product-type-simple"},"yoast_head":"<!-- This site is optimized with the Yoast SEO plugin v27.4 - https:\/\/yoast.com\/product\/yoast-seo-wordpress\/ -->\n<title>Steel Kitchen Sink 37x45 Graphite - VELAZO.<\/title>\n<meta name=\"robots\" content=\"index, follow, max-snippet:-1, max-image-preview:large, max-video-preview:-1\" \/>\n<link rel=\"canonical\" href=\"https:\/\/velazo-b2b.com\/de\/produkt\/stahlspule-37x45-graphit\/\" \/>\n<meta property=\"og:locale\" content=\"de_DE\" \/>\n<meta property=\"og:type\" content=\"article\" \/>\n<meta property=\"og:title\" content=\"Steel Kitchen Sink 37x45 Graphite - VELAZO.\" \/>\n<meta property=\"og:description\" content=\"Technical Data: Mounting method: countertop\/undermount Material: stainless steel Steel finish: PVD satin brushed Sink dimensions: 370 mm x 450 mm x 210 mm Chamber dimensions: 320 mm x 400 mm\" \/>\n<meta property=\"og:url\" content=\"https:\/\/velazo-b2b.com\/de\/produkt\/stahlspule-37x45-graphit\/\" \/>\n<meta property=\"og:site_name\" content=\"VELAZO.\" \/>\n<meta property=\"article:modified_time\" content=\"2026-04-01T12:39:19+00:00\" \/>\n<meta property=\"og:image\" content=\"https:\/\/velazo-b2b.com\/wp-content\/uploads\/2025\/04\/HD3745B-1.jpg\" \/>\n\t<meta property=\"og:image:width\" content=\"1500\" \/>\n\t<meta property=\"og:image:height\" content=\"1500\" \/>\n\t<meta property=\"og:image:type\" content=\"image\/jpeg\" \/>\n<meta name=\"twitter:card\" content=\"summary_large_image\" \/>\n<script type=\"application\/ld+json\" class=\"yoast-schema-graph\">{\"@context\":\"https:\\\/\\\/schema.org\",\"@graph\":[{\"@type\":\"WebPage\",\"@id\":\"https:\\\/\\\/velazo-b2b.com\\\/product\\\/steel-kitchen-sink-37x45-graphite\\\/\",\"url\":\"https:\\\/\\\/velazo-b2b.com\\\/product\\\/steel-kitchen-sink-37x45-graphite\\\/\",\"name\":\"Steel Kitchen Sink 37x45 Graphite - VELAZO.\",\"isPartOf\":{\"@id\":\"https:\\\/\\\/velazo-b2b.com\\\/#website\"},\"primaryImageOfPage\":{\"@id\":\"https:\\\/\\\/velazo-b2b.com\\\/product\\\/steel-kitchen-sink-37x45-graphite\\\/#primaryimage\"},\"image\":{\"@id\":\"https:\\\/\\\/velazo-b2b.com\\\/product\\\/steel-kitchen-sink-37x45-graphite\\\/#primaryimage\"},\"thumbnailUrl\":\"https:\\\/\\\/velazo-b2b.com\\\/wp-content\\\/uploads\\\/2025\\\/04\\\/HD3745B-1.jpg\",\"datePublished\":\"2025-04-09T14:35:35+00:00\",\"dateModified\":\"2026-04-01T12:39:19+00:00\",\"breadcrumb\":{\"@id\":\"https:\\\/\\\/velazo-b2b.com\\\/product\\\/steel-kitchen-sink-37x45-graphite\\\/#breadcrumb\"},\"inLanguage\":\"de\",\"potentialAction\":[{\"@type\":\"ReadAction\",\"target\":[\"https:\\\/\\\/velazo-b2b.com\\\/product\\\/steel-kitchen-sink-37x45-graphite\\\/\"]}]},{\"@type\":\"ImageObject\",\"inLanguage\":\"de\",\"@id\":\"https:\\\/\\\/velazo-b2b.com\\\/product\\\/steel-kitchen-sink-37x45-graphite\\\/#primaryimage\",\"url\":\"https:\\\/\\\/velazo-b2b.com\\\/wp-content\\\/uploads\\\/2025\\\/04\\\/HD3745B-1.jpg\",\"contentUrl\":\"https:\\\/\\\/velazo-b2b.com\\\/wp-content\\\/uploads\\\/2025\\\/04\\\/HD3745B-1.jpg\",\"width\":1500,\"height\":1500},{\"@type\":\"BreadcrumbList\",\"@id\":\"https:\\\/\\\/velazo-b2b.com\\\/product\\\/steel-kitchen-sink-37x45-graphite\\\/#breadcrumb\",\"itemListElement\":[{\"@type\":\"ListItem\",\"position\":1,\"name\":\"Home\",\"item\":\"https:\\\/\\\/velazo-b2b.com\\\/\"},{\"@type\":\"ListItem\",\"position\":2,\"name\":\"Shop\",\"item\":\"https:\\\/\\\/velazo-b2b.com\\\/shop-page\\\/\"},{\"@type\":\"ListItem\",\"position\":3,\"name\":\"Steel Kitchen Sink 37&#215;45 Graphite\"}]},{\"@type\":\"WebSite\",\"@id\":\"https:\\\/\\\/velazo-b2b.com\\\/#website\",\"url\":\"https:\\\/\\\/velazo-b2b.com\\\/\",\"name\":\"VELAZO.\",\"description\":\"\",\"potentialAction\":[{\"@type\":\"SearchAction\",\"target\":{\"@type\":\"EntryPoint\",\"urlTemplate\":\"https:\\\/\\\/velazo-b2b.com\\\/?s={search_term_string}\"},\"query-input\":{\"@type\":\"PropertyValueSpecification\",\"valueRequired\":true,\"valueName\":\"search_term_string\"}}],\"inLanguage\":\"de\"}]}<\/script>\n<!-- \/ Yoast SEO plugin. -->","yoast_head_json":{"title":"Stahl-K\u00fcchensp\u00fcle 37x45 Graphit - VELAZO.","robots":{"index":"index","follow":"follow","max-snippet":"max-snippet:-1","max-image-preview":"max-image-preview:large","max-video-preview":"max-video-preview:-1"},"canonical":"https:\/\/velazo-b2b.com\/de\/produkt\/stahlspule-37x45-graphit\/","og_locale":"de_DE","og_type":"article","og_title":"Steel Kitchen Sink 37x45 Graphite - VELAZO.","og_description":"Technical Data: Mounting method: countertop\/undermount Material: stainless steel Steel finish: PVD satin brushed Sink dimensions: 370 mm x 450 mm x 210 mm Chamber dimensions: 320 mm x 400 mm","og_url":"https:\/\/velazo-b2b.com\/de\/produkt\/stahlspule-37x45-graphit\/","og_site_name":"VELAZO.","article_modified_time":"2026-04-01T12:39:19+00:00","og_image":[{"width":1500,"height":1500,"url":"https:\/\/velazo-b2b.com\/wp-content\/uploads\/2025\/04\/HD3745B-1.jpg","type":"image\/jpeg"}],"twitter_card":"summary_large_image","schema":{"@context":"https:\/\/schema.org","@graph":[{"@type":"WebPage","@id":"https:\/\/velazo-b2b.com\/product\/steel-kitchen-sink-37x45-graphite\/","url":"https:\/\/velazo-b2b.com\/product\/steel-kitchen-sink-37x45-graphite\/","name":"Stahl-K\u00fcchensp\u00fcle 37x45 Graphit - VELAZO.","isPartOf":{"@id":"https:\/\/velazo-b2b.com\/#website"},"primaryImageOfPage":{"@id":"https:\/\/velazo-b2b.com\/product\/steel-kitchen-sink-37x45-graphite\/#primaryimage"},"image":{"@id":"https:\/\/velazo-b2b.com\/product\/steel-kitchen-sink-37x45-graphite\/#primaryimage"},"thumbnailUrl":"https:\/\/velazo-b2b.com\/wp-content\/uploads\/2025\/04\/HD3745B-1.jpg","datePublished":"2025-04-09T14:35:35+00:00","dateModified":"2026-04-01T12:39:19+00:00","breadcrumb":{"@id":"https:\/\/velazo-b2b.com\/product\/steel-kitchen-sink-37x45-graphite\/#breadcrumb"},"inLanguage":"de","potentialAction":[{"@type":"ReadAction","target":["https:\/\/velazo-b2b.com\/product\/steel-kitchen-sink-37x45-graphite\/"]}]},{"@type":"ImageObject","inLanguage":"de","@id":"https:\/\/velazo-b2b.com\/product\/steel-kitchen-sink-37x45-graphite\/#primaryimage","url":"https:\/\/velazo-b2b.com\/wp-content\/uploads\/2025\/04\/HD3745B-1.jpg","contentUrl":"https:\/\/velazo-b2b.com\/wp-content\/uploads\/2025\/04\/HD3745B-1.jpg","width":1500,"height":1500},{"@type":"BreadcrumbList","@id":"https:\/\/velazo-b2b.com\/product\/steel-kitchen-sink-37x45-graphite\/#breadcrumb","itemListElement":[{"@type":"ListItem","position":1,"name":"Home","item":"https:\/\/velazo-b2b.com\/"},{"@type":"ListItem","position":2,"name":"Shop","item":"https:\/\/velazo-b2b.com\/shop-page\/"},{"@type":"ListItem","position":3,"name":"Steel Kitchen Sink 37&#215;45 Graphite"}]},{"@type":"WebSite","@id":"https:\/\/velazo-b2b.com\/#website","url":"https:\/\/velazo-b2b.com\/","name":"VELAZO.","description":"","potentialAction":[{"@type":"SearchAction","target":{"@type":"EntryPoint","urlTemplate":"https:\/\/velazo-b2b.com\/?s={search_term_string}"},"query-input":{"@type":"PropertyValueSpecification","valueRequired":true,"valueName":"search_term_string"}}],"inLanguage":"de"}]}},"_links":{"self":[{"href":"https:\/\/velazo-b2b.com\/de\/wp-json\/wp\/v2\/product\/178","targetHints":{"allow":["GET"]}}],"collection":[{"href":"https:\/\/velazo-b2b.com\/de\/wp-json\/wp\/v2\/product"}],"about":[{"href":"https:\/\/velazo-b2b.com\/de\/wp-json\/wp\/v2\/types\/product"}],"replies":[{"embeddable":true,"href":"https:\/\/velazo-b2b.com\/de\/wp-json\/wp\/v2\/comments?post=178"}],"version-history":[{"count":0,"href":"https:\/\/velazo-b2b.com\/de\/wp-json\/wp\/v2\/product\/178\/revisions"}],"wp:featuredmedia":[{"embeddable":true,"href":"https:\/\/velazo-b2b.com\/de\/wp-json\/wp\/v2\/media\/177"}],"wp:attachment":[{"href":"https:\/\/velazo-b2b.com\/de\/wp-json\/wp\/v2\/media?parent=178"}],"wp:term":[{"taxonomy":"product_cat","embeddable":true,"href":"https:\/\/velazo-b2b.com\/de\/wp-json\/wp\/v2\/product_cat?post=178"},{"taxonomy":"product_tag","embeddable":true,"href":"https:\/\/velazo-b2b.com\/de\/wp-json\/wp\/v2\/product_tag?post=178"}],"curies":[{"name":"wp","href":"https:\/\/api.w.org\/{rel}","templated":true}]}}