{"id":262,"date":"2025-04-09T14:37:24","date_gmt":"2025-04-09T14:37:24","guid":{"rendered":"https:\/\/velazo-b2b.com\/product\/kitchen-tap-with-flexible-spout-red-flexi-graphite\/"},"modified":"2026-04-14T13:48:22","modified_gmt":"2026-04-14T11:48:22","slug":"kuchenarmatur-mit-flexiblem-auslauf-rot-flexi-graphit","status":"publish","type":"product","link":"https:\/\/velazo-b2b.com\/de\/produkt\/kuchenarmatur-mit-flexiblem-auslauf-rot-flexi-graphit\/","title":{"rendered":"K\u00fcchenarmatur mit flexiblem Auslauf rot flexi - graphit"},"content":{"rendered":"<p><strong>Technische Daten:<\/strong><\/p>\n<ul>\n<li>360\u00b0-Drehung<\/li>\n<li>Wechsel von warmem und kaltem Wasser<\/li>\n<li>Gute Qualit\u00e4t zu einem niedrigen Preis<\/li>\n<li>Einhebelig, stehend<\/li>\n<li>35 mm Keramikmischer<\/li>\n<li>Hochwertiger Silikonschlauch<\/li>\n<li>Silikon\u00fcberzug in der Farbe des Ausgusses am Griff<\/li>\n<li>Wassersparender Luftsprudler, aus Kunststoff<\/li>\n<\/ul>\n<p><strong>Roter K\u00fcchenhahn<\/strong><\/p>\n<p>\u2714\ufe0f Hochwertige verchromte Sp\u00fcltischarmatur aus Edelstahl 304<\/p>\n<p>MATERIALIEN H\u00d6CHSTER QUALIT\u00c4T: Unsere Wasserh\u00e4hne werden aus den hochwertigsten Materialien hergestellt, was eine lange Lebensdauer und Widerstandsf\u00e4higkeit gegen Besch\u00e4digungen garantiert. Die rote Farbe sieht nicht nur stilvoll aus, sondern ist auch kratzfest und beh\u00e4lt ihren Glanz f\u00fcr eine lange Zeit.<\/p>\n<p><strong>\u2b50 Vorteile des Wasserhahns:<\/strong><\/p>\n<p>\u2705 VERBINDUNGSSCHL\u00c4UCHE<\/p>\n<p>\u2705 KERAMIK-MISCHER<\/p>\n<p>\u2705 SCHNELLMONTAGE-SYSTEM<\/p>\n<p>\u2705 ECOSAVE<\/p>\n<p>\u2705 MONTAGEPLATTE F\u00dcR D\u00dcNNE OBERFL\u00c4CHEN<strong><\/strong><\/p>","protected":false},"excerpt":{"rendered":"<p>Technische Daten: 360\u00b0 Rotationswechsel von Warm- und Kaltwasser Gute Qualit\u00e4t zum g\u00fcnstigen Preis Einhebeliger, stehender 35 mm Keramikmischer Hochwertiger Silikonschlauch Silikon\u00fcberzug in der Farbe<\/p>","protected":false},"featured_media":261,"comment_status":"open","ping_status":"closed","template":"","meta":[],"product_cat":[69,67],"product_tag":[24,36,23],"class_list":{"0":"post-262","1":"product","2":"type-product","3":"status-publish","4":"has-post-thumbnail","6":"product_cat-flexible-kitchen-faucets","7":"product_cat-sink-faucets","8":"product_tag-flexible-kitchen-faucets","9":"product_tag-red-kitchen-taps","10":"product_tag-sink-faucets","12":"first","13":"instock","14":"taxable","15":"shipping-taxable","16":"product-type-simple"},"yoast_head":"<!-- This site is optimized with the Yoast SEO plugin v27.4 - https:\/\/yoast.com\/product\/yoast-seo-wordpress\/ -->\n<title>Kitchen tap with flexible spout red flexi - graphite - VELAZO.<\/title>\n<meta name=\"robots\" content=\"index, follow, max-snippet:-1, max-image-preview:large, max-video-preview:-1\" \/>\n<link rel=\"canonical\" href=\"https:\/\/velazo-b2b.com\/de\/produkt\/kuchenarmatur-mit-flexiblem-auslauf-rot-flexi-graphit\/\" \/>\n<meta property=\"og:locale\" content=\"de_DE\" \/>\n<meta property=\"og:type\" content=\"article\" \/>\n<meta property=\"og:title\" content=\"Kitchen tap with flexible spout red flexi - graphite - VELAZO.\" \/>\n<meta property=\"og:description\" content=\"Technical Data: 360\u00b0 rotation change of hot and cold water Good quality at a low price Single-lever, standing 35 mm ceramic mixer High-quality silicone hose Silicone cover in the color\" \/>\n<meta property=\"og:url\" content=\"https:\/\/velazo-b2b.com\/de\/produkt\/kuchenarmatur-mit-flexiblem-auslauf-rot-flexi-graphit\/\" \/>\n<meta property=\"og:site_name\" content=\"VELAZO.\" \/>\n<meta property=\"article:modified_time\" content=\"2026-04-14T11:48:22+00:00\" \/>\n<meta property=\"og:image\" content=\"https:\/\/velazo-b2b.com\/wp-content\/uploads\/2025\/04\/940362670035b4a5f061b0c82bef732e-scaled.jpg\" \/>\n\t<meta property=\"og:image:width\" content=\"2560\" \/>\n\t<meta property=\"og:image:height\" content=\"2560\" \/>\n\t<meta property=\"og:image:type\" content=\"image\/jpeg\" \/>\n<meta name=\"twitter:card\" content=\"summary_large_image\" \/>\n<meta name=\"twitter:label1\" content=\"Gesch\u00e4tzte Lesezeit\" \/>\n\t<meta name=\"twitter:data1\" content=\"1\u00a0Minute\" \/>\n<script type=\"application\/ld+json\" class=\"yoast-schema-graph\">{\"@context\":\"https:\\\/\\\/schema.org\",\"@graph\":[{\"@type\":\"WebPage\",\"@id\":\"https:\\\/\\\/velazo-b2b.com\\\/product\\\/kitchen-tap-with-flexible-spout-red-flexi-graphite\\\/\",\"url\":\"https:\\\/\\\/velazo-b2b.com\\\/product\\\/kitchen-tap-with-flexible-spout-red-flexi-graphite\\\/\",\"name\":\"Kitchen tap with flexible spout red flexi - graphite - VELAZO.\",\"isPartOf\":{\"@id\":\"https:\\\/\\\/velazo-b2b.com\\\/#website\"},\"primaryImageOfPage\":{\"@id\":\"https:\\\/\\\/velazo-b2b.com\\\/product\\\/kitchen-tap-with-flexible-spout-red-flexi-graphite\\\/#primaryimage\"},\"image\":{\"@id\":\"https:\\\/\\\/velazo-b2b.com\\\/product\\\/kitchen-tap-with-flexible-spout-red-flexi-graphite\\\/#primaryimage\"},\"thumbnailUrl\":\"https:\\\/\\\/velazo-b2b.com\\\/wp-content\\\/uploads\\\/2025\\\/04\\\/940362670035b4a5f061b0c82bef732e-scaled.jpg\",\"datePublished\":\"2025-04-09T14:37:24+00:00\",\"dateModified\":\"2026-04-14T11:48:22+00:00\",\"breadcrumb\":{\"@id\":\"https:\\\/\\\/velazo-b2b.com\\\/product\\\/kitchen-tap-with-flexible-spout-red-flexi-graphite\\\/#breadcrumb\"},\"inLanguage\":\"de\",\"potentialAction\":[{\"@type\":\"ReadAction\",\"target\":[\"https:\\\/\\\/velazo-b2b.com\\\/product\\\/kitchen-tap-with-flexible-spout-red-flexi-graphite\\\/\"]}]},{\"@type\":\"ImageObject\",\"inLanguage\":\"de\",\"@id\":\"https:\\\/\\\/velazo-b2b.com\\\/product\\\/kitchen-tap-with-flexible-spout-red-flexi-graphite\\\/#primaryimage\",\"url\":\"https:\\\/\\\/velazo-b2b.com\\\/wp-content\\\/uploads\\\/2025\\\/04\\\/940362670035b4a5f061b0c82bef732e-scaled.jpg\",\"contentUrl\":\"https:\\\/\\\/velazo-b2b.com\\\/wp-content\\\/uploads\\\/2025\\\/04\\\/940362670035b4a5f061b0c82bef732e-scaled.jpg\",\"width\":2560,\"height\":2560},{\"@type\":\"BreadcrumbList\",\"@id\":\"https:\\\/\\\/velazo-b2b.com\\\/product\\\/kitchen-tap-with-flexible-spout-red-flexi-graphite\\\/#breadcrumb\",\"itemListElement\":[{\"@type\":\"ListItem\",\"position\":1,\"name\":\"Home\",\"item\":\"https:\\\/\\\/velazo-b2b.com\\\/\"},{\"@type\":\"ListItem\",\"position\":2,\"name\":\"Shop\",\"item\":\"https:\\\/\\\/velazo-b2b.com\\\/shop-page\\\/\"},{\"@type\":\"ListItem\",\"position\":3,\"name\":\"Kitchen tap with flexible spout red flexi &#8211; graphite\"}]},{\"@type\":\"WebSite\",\"@id\":\"https:\\\/\\\/velazo-b2b.com\\\/#website\",\"url\":\"https:\\\/\\\/velazo-b2b.com\\\/\",\"name\":\"VELAZO.\",\"description\":\"\",\"potentialAction\":[{\"@type\":\"SearchAction\",\"target\":{\"@type\":\"EntryPoint\",\"urlTemplate\":\"https:\\\/\\\/velazo-b2b.com\\\/?s={search_term_string}\"},\"query-input\":{\"@type\":\"PropertyValueSpecification\",\"valueRequired\":true,\"valueName\":\"search_term_string\"}}],\"inLanguage\":\"de\"}]}<\/script>\n<!-- \/ Yoast SEO plugin. -->","yoast_head_json":{"title":"K\u00fcchenarmatur mit flexiblem Auslauf rot flexi - graphit - VELAZO.","robots":{"index":"index","follow":"follow","max-snippet":"max-snippet:-1","max-image-preview":"max-image-preview:large","max-video-preview":"max-video-preview:-1"},"canonical":"https:\/\/velazo-b2b.com\/de\/produkt\/kuchenarmatur-mit-flexiblem-auslauf-rot-flexi-graphit\/","og_locale":"de_DE","og_type":"article","og_title":"Kitchen tap with flexible spout red flexi - graphite - VELAZO.","og_description":"Technical Data: 360\u00b0 rotation change of hot and cold water Good quality at a low price Single-lever, standing 35 mm ceramic mixer High-quality silicone hose Silicone cover in the color","og_url":"https:\/\/velazo-b2b.com\/de\/produkt\/kuchenarmatur-mit-flexiblem-auslauf-rot-flexi-graphit\/","og_site_name":"VELAZO.","article_modified_time":"2026-04-14T11:48:22+00:00","og_image":[{"width":2560,"height":2560,"url":"https:\/\/velazo-b2b.com\/wp-content\/uploads\/2025\/04\/940362670035b4a5f061b0c82bef732e-scaled.jpg","type":"image\/jpeg"}],"twitter_card":"summary_large_image","twitter_misc":{"Gesch\u00e4tzte Lesezeit":"1\u00a0Minute"},"schema":{"@context":"https:\/\/schema.org","@graph":[{"@type":"WebPage","@id":"https:\/\/velazo-b2b.com\/product\/kitchen-tap-with-flexible-spout-red-flexi-graphite\/","url":"https:\/\/velazo-b2b.com\/product\/kitchen-tap-with-flexible-spout-red-flexi-graphite\/","name":"K\u00fcchenarmatur mit flexiblem Auslauf rot flexi - graphit - VELAZO.","isPartOf":{"@id":"https:\/\/velazo-b2b.com\/#website"},"primaryImageOfPage":{"@id":"https:\/\/velazo-b2b.com\/product\/kitchen-tap-with-flexible-spout-red-flexi-graphite\/#primaryimage"},"image":{"@id":"https:\/\/velazo-b2b.com\/product\/kitchen-tap-with-flexible-spout-red-flexi-graphite\/#primaryimage"},"thumbnailUrl":"https:\/\/velazo-b2b.com\/wp-content\/uploads\/2025\/04\/940362670035b4a5f061b0c82bef732e-scaled.jpg","datePublished":"2025-04-09T14:37:24+00:00","dateModified":"2026-04-14T11:48:22+00:00","breadcrumb":{"@id":"https:\/\/velazo-b2b.com\/product\/kitchen-tap-with-flexible-spout-red-flexi-graphite\/#breadcrumb"},"inLanguage":"de","potentialAction":[{"@type":"ReadAction","target":["https:\/\/velazo-b2b.com\/product\/kitchen-tap-with-flexible-spout-red-flexi-graphite\/"]}]},{"@type":"ImageObject","inLanguage":"de","@id":"https:\/\/velazo-b2b.com\/product\/kitchen-tap-with-flexible-spout-red-flexi-graphite\/#primaryimage","url":"https:\/\/velazo-b2b.com\/wp-content\/uploads\/2025\/04\/940362670035b4a5f061b0c82bef732e-scaled.jpg","contentUrl":"https:\/\/velazo-b2b.com\/wp-content\/uploads\/2025\/04\/940362670035b4a5f061b0c82bef732e-scaled.jpg","width":2560,"height":2560},{"@type":"BreadcrumbList","@id":"https:\/\/velazo-b2b.com\/product\/kitchen-tap-with-flexible-spout-red-flexi-graphite\/#breadcrumb","itemListElement":[{"@type":"ListItem","position":1,"name":"Home","item":"https:\/\/velazo-b2b.com\/"},{"@type":"ListItem","position":2,"name":"Shop","item":"https:\/\/velazo-b2b.com\/shop-page\/"},{"@type":"ListItem","position":3,"name":"Kitchen tap with flexible spout red flexi &#8211; graphite"}]},{"@type":"WebSite","@id":"https:\/\/velazo-b2b.com\/#website","url":"https:\/\/velazo-b2b.com\/","name":"VELAZO.","description":"","potentialAction":[{"@type":"SearchAction","target":{"@type":"EntryPoint","urlTemplate":"https:\/\/velazo-b2b.com\/?s={search_term_string}"},"query-input":{"@type":"PropertyValueSpecification","valueRequired":true,"valueName":"search_term_string"}}],"inLanguage":"de"}]}},"_links":{"self":[{"href":"https:\/\/velazo-b2b.com\/de\/wp-json\/wp\/v2\/product\/262","targetHints":{"allow":["GET"]}}],"collection":[{"href":"https:\/\/velazo-b2b.com\/de\/wp-json\/wp\/v2\/product"}],"about":[{"href":"https:\/\/velazo-b2b.com\/de\/wp-json\/wp\/v2\/types\/product"}],"replies":[{"embeddable":true,"href":"https:\/\/velazo-b2b.com\/de\/wp-json\/wp\/v2\/comments?post=262"}],"version-history":[{"count":0,"href":"https:\/\/velazo-b2b.com\/de\/wp-json\/wp\/v2\/product\/262\/revisions"}],"wp:featuredmedia":[{"embeddable":true,"href":"https:\/\/velazo-b2b.com\/de\/wp-json\/wp\/v2\/media\/261"}],"wp:attachment":[{"href":"https:\/\/velazo-b2b.com\/de\/wp-json\/wp\/v2\/media?parent=262"}],"wp:term":[{"taxonomy":"product_cat","embeddable":true,"href":"https:\/\/velazo-b2b.com\/de\/wp-json\/wp\/v2\/product_cat?post=262"},{"taxonomy":"product_tag","embeddable":true,"href":"https:\/\/velazo-b2b.com\/de\/wp-json\/wp\/v2\/product_tag?post=262"}],"curies":[{"name":"wp","href":"https:\/\/api.w.org\/{rel}","templated":true}]}}