{"id":270,"date":"2025-04-09T14:37:52","date_gmt":"2025-04-09T14:37:52","guid":{"rendered":"https:\/\/velazo-b2b.com\/product\/kitchen-tap-with-flexible-spout-white-flexi-inox\/"},"modified":"2025-12-08T11:33:56","modified_gmt":"2025-12-08T10:33:56","slug":"kuchenarmatur-mit-flexiblem-auslauf-weis-flexi-inox","status":"publish","type":"product","link":"https:\/\/velazo-b2b.com\/de\/produkt\/kuchenarmatur-mit-flexiblem-auslauf-weis-flexi-inox\/","title":{"rendered":"K\u00fcchenarmatur mit flexiblem Auslauf Wei\u00df Flexi \/Inox"},"content":{"rendered":"<p><strong style=\"box-sizing: inherit;\">Technische Daten:<\/strong><\/p>\n<ul style=\"box-sizing: inherit; list-style-position: inside; padding-left: 2rem; color: rgba(37, 37, 37, 0.75); font-family: -apple-system,;\">\n<li style=\"box-sizing: inherit; list-style: inherit;\">Gute Qualit\u00e4t zu einem niedrigen Preis<\/li>\n<li style=\"box-sizing: inherit; list-style: inherit;\">Einhebelig, stehend<\/li>\n<li style=\"box-sizing: inherit; list-style: inherit;\">Keramischer Mischer 35 mm<\/li>\n<li style=\"box-sizing: inherit; list-style: inherit;\">Flexibler Ausguss<\/li>\n<li style=\"box-sizing: inherit; list-style: inherit;\">Hochwertiger Silikonschlauch<\/li>\n<li style=\"box-sizing: inherit; list-style: inherit;\">Silikon\u00fcberzug in der Farbe des Ausgusses am Griff<\/li>\n<li style=\"box-sizing: inherit; list-style: inherit; margin-bottom: 0px;\">Bel\u00fcfter wassersparend, aus Kunststoff<\/li>\n<\/ul>\n<p><strong>Stehende K\u00fcchenarmatur Edelstahl Wei\u00df<\/strong><\/p>\n<p>\u2714\ufe0f Hochwertige Sp\u00fcltischarmatur aus Edelstahl 304<\/p>\n<p>MATERIALIEN H\u00d6CHSTER QUALIT\u00c4T: Unsere Wasserh\u00e4hne werden aus den hochwertigsten Materialien hergestellt, die Langlebigkeit und Widerstandsf\u00e4higkeit gegen Besch\u00e4digungen garantieren. Wei\u00df sieht nicht nur stilvoll aus, sondern ist auch kratzfest und beh\u00e4lt seinen Glanz f\u00fcr lange Zeit.<\/p>","protected":false},"excerpt":{"rendered":"<p>Technische Daten: Gute Qualit\u00e4t zum g\u00fcnstigen Preis Einhebel-Standbatterie aus Keramik 35 mm Flexibler Auslauf Hochwertiger Silikonschlauch Silikon\u00fcberzug in der Farbe des Auslaufs am Griff<\/p>","protected":false},"featured_media":269,"comment_status":"open","ping_status":"closed","template":"","meta":[],"product_cat":[69,67],"product_tag":[24,23,37],"class_list":{"0":"post-270","1":"product","2":"type-product","3":"status-publish","4":"has-post-thumbnail","6":"product_cat-flexible-kitchen-faucets","7":"product_cat-sink-faucets","8":"product_tag-flexible-kitchen-faucets","9":"product_tag-sink-faucets","10":"product_tag-white-kitchen-faucets","12":"first","13":"outofstock","14":"taxable","15":"shipping-taxable","16":"product-type-simple"},"yoast_head":"<!-- This site is optimized with the Yoast SEO plugin v27.4 - https:\/\/yoast.com\/product\/yoast-seo-wordpress\/ -->\n<title>Kitchen Tap with Flexible Spout White Flexi \/Inox - VELAZO.<\/title>\n<meta name=\"robots\" content=\"index, follow, max-snippet:-1, max-image-preview:large, max-video-preview:-1\" \/>\n<link rel=\"canonical\" href=\"https:\/\/velazo-b2b.com\/de\/produkt\/kuchenarmatur-mit-flexiblem-auslauf-weis-flexi-inox\/\" \/>\n<meta property=\"og:locale\" content=\"de_DE\" \/>\n<meta property=\"og:type\" content=\"article\" \/>\n<meta property=\"og:title\" content=\"Kitchen Tap with Flexible Spout White Flexi \/Inox - VELAZO.\" \/>\n<meta property=\"og:description\" content=\"Technical data: Good quality at a low price Single-lever, standing Ceramic mixer 35 mm Flexible spout High-quality silicone hose Silicone cover in the color of the spout on the handle\" \/>\n<meta property=\"og:url\" content=\"https:\/\/velazo-b2b.com\/de\/produkt\/kuchenarmatur-mit-flexiblem-auslauf-weis-flexi-inox\/\" \/>\n<meta property=\"og:site_name\" content=\"VELAZO.\" \/>\n<meta property=\"article:modified_time\" content=\"2025-12-08T10:33:56+00:00\" \/>\n<meta property=\"og:image\" content=\"https:\/\/velazo-b2b.com\/wp-content\/uploads\/2025\/04\/4fc572cefe326205c4c5bbb854daf8ce-scaled.jpg\" \/>\n\t<meta property=\"og:image:width\" content=\"2560\" \/>\n\t<meta property=\"og:image:height\" content=\"2560\" \/>\n\t<meta property=\"og:image:type\" content=\"image\/jpeg\" \/>\n<meta name=\"twitter:card\" content=\"summary_large_image\" \/>\n<script type=\"application\/ld+json\" class=\"yoast-schema-graph\">{\"@context\":\"https:\\\/\\\/schema.org\",\"@graph\":[{\"@type\":\"WebPage\",\"@id\":\"https:\\\/\\\/velazo-b2b.com\\\/product\\\/kitchen-tap-with-flexible-spout-white-flexi-inox\\\/\",\"url\":\"https:\\\/\\\/velazo-b2b.com\\\/product\\\/kitchen-tap-with-flexible-spout-white-flexi-inox\\\/\",\"name\":\"Kitchen Tap with Flexible Spout White Flexi \\\/Inox - VELAZO.\",\"isPartOf\":{\"@id\":\"https:\\\/\\\/velazo-b2b.com\\\/#website\"},\"primaryImageOfPage\":{\"@id\":\"https:\\\/\\\/velazo-b2b.com\\\/product\\\/kitchen-tap-with-flexible-spout-white-flexi-inox\\\/#primaryimage\"},\"image\":{\"@id\":\"https:\\\/\\\/velazo-b2b.com\\\/product\\\/kitchen-tap-with-flexible-spout-white-flexi-inox\\\/#primaryimage\"},\"thumbnailUrl\":\"https:\\\/\\\/velazo-b2b.com\\\/wp-content\\\/uploads\\\/2025\\\/04\\\/4fc572cefe326205c4c5bbb854daf8ce-scaled.jpg\",\"datePublished\":\"2025-04-09T14:37:52+00:00\",\"dateModified\":\"2025-12-08T10:33:56+00:00\",\"breadcrumb\":{\"@id\":\"https:\\\/\\\/velazo-b2b.com\\\/product\\\/kitchen-tap-with-flexible-spout-white-flexi-inox\\\/#breadcrumb\"},\"inLanguage\":\"de\",\"potentialAction\":[{\"@type\":\"ReadAction\",\"target\":[\"https:\\\/\\\/velazo-b2b.com\\\/product\\\/kitchen-tap-with-flexible-spout-white-flexi-inox\\\/\"]}]},{\"@type\":\"ImageObject\",\"inLanguage\":\"de\",\"@id\":\"https:\\\/\\\/velazo-b2b.com\\\/product\\\/kitchen-tap-with-flexible-spout-white-flexi-inox\\\/#primaryimage\",\"url\":\"https:\\\/\\\/velazo-b2b.com\\\/wp-content\\\/uploads\\\/2025\\\/04\\\/4fc572cefe326205c4c5bbb854daf8ce-scaled.jpg\",\"contentUrl\":\"https:\\\/\\\/velazo-b2b.com\\\/wp-content\\\/uploads\\\/2025\\\/04\\\/4fc572cefe326205c4c5bbb854daf8ce-scaled.jpg\",\"width\":2560,\"height\":2560},{\"@type\":\"BreadcrumbList\",\"@id\":\"https:\\\/\\\/velazo-b2b.com\\\/product\\\/kitchen-tap-with-flexible-spout-white-flexi-inox\\\/#breadcrumb\",\"itemListElement\":[{\"@type\":\"ListItem\",\"position\":1,\"name\":\"Home\",\"item\":\"https:\\\/\\\/velazo-b2b.com\\\/\"},{\"@type\":\"ListItem\",\"position\":2,\"name\":\"Shop\",\"item\":\"https:\\\/\\\/velazo-b2b.com\\\/shop-page\\\/\"},{\"@type\":\"ListItem\",\"position\":3,\"name\":\"Kitchen Tap with Flexible Spout White Flexi \\\/Inox\"}]},{\"@type\":\"WebSite\",\"@id\":\"https:\\\/\\\/velazo-b2b.com\\\/#website\",\"url\":\"https:\\\/\\\/velazo-b2b.com\\\/\",\"name\":\"VELAZO.\",\"description\":\"\",\"potentialAction\":[{\"@type\":\"SearchAction\",\"target\":{\"@type\":\"EntryPoint\",\"urlTemplate\":\"https:\\\/\\\/velazo-b2b.com\\\/?s={search_term_string}\"},\"query-input\":{\"@type\":\"PropertyValueSpecification\",\"valueRequired\":true,\"valueName\":\"search_term_string\"}}],\"inLanguage\":\"de\"}]}<\/script>\n<!-- \/ Yoast SEO plugin. -->","yoast_head_json":{"title":"K\u00fcchenarmatur mit flexiblem Auslauf Wei\u00df Flexi \/Inox - VELAZO.","robots":{"index":"index","follow":"follow","max-snippet":"max-snippet:-1","max-image-preview":"max-image-preview:large","max-video-preview":"max-video-preview:-1"},"canonical":"https:\/\/velazo-b2b.com\/de\/produkt\/kuchenarmatur-mit-flexiblem-auslauf-weis-flexi-inox\/","og_locale":"de_DE","og_type":"article","og_title":"Kitchen Tap with Flexible Spout White Flexi \/Inox - VELAZO.","og_description":"Technical data: Good quality at a low price Single-lever, standing Ceramic mixer 35 mm Flexible spout High-quality silicone hose Silicone cover in the color of the spout on the handle","og_url":"https:\/\/velazo-b2b.com\/de\/produkt\/kuchenarmatur-mit-flexiblem-auslauf-weis-flexi-inox\/","og_site_name":"VELAZO.","article_modified_time":"2025-12-08T10:33:56+00:00","og_image":[{"width":2560,"height":2560,"url":"https:\/\/velazo-b2b.com\/wp-content\/uploads\/2025\/04\/4fc572cefe326205c4c5bbb854daf8ce-scaled.jpg","type":"image\/jpeg"}],"twitter_card":"summary_large_image","schema":{"@context":"https:\/\/schema.org","@graph":[{"@type":"WebPage","@id":"https:\/\/velazo-b2b.com\/product\/kitchen-tap-with-flexible-spout-white-flexi-inox\/","url":"https:\/\/velazo-b2b.com\/product\/kitchen-tap-with-flexible-spout-white-flexi-inox\/","name":"K\u00fcchenarmatur mit flexiblem Auslauf Wei\u00df Flexi \/Inox - VELAZO.","isPartOf":{"@id":"https:\/\/velazo-b2b.com\/#website"},"primaryImageOfPage":{"@id":"https:\/\/velazo-b2b.com\/product\/kitchen-tap-with-flexible-spout-white-flexi-inox\/#primaryimage"},"image":{"@id":"https:\/\/velazo-b2b.com\/product\/kitchen-tap-with-flexible-spout-white-flexi-inox\/#primaryimage"},"thumbnailUrl":"https:\/\/velazo-b2b.com\/wp-content\/uploads\/2025\/04\/4fc572cefe326205c4c5bbb854daf8ce-scaled.jpg","datePublished":"2025-04-09T14:37:52+00:00","dateModified":"2025-12-08T10:33:56+00:00","breadcrumb":{"@id":"https:\/\/velazo-b2b.com\/product\/kitchen-tap-with-flexible-spout-white-flexi-inox\/#breadcrumb"},"inLanguage":"de","potentialAction":[{"@type":"ReadAction","target":["https:\/\/velazo-b2b.com\/product\/kitchen-tap-with-flexible-spout-white-flexi-inox\/"]}]},{"@type":"ImageObject","inLanguage":"de","@id":"https:\/\/velazo-b2b.com\/product\/kitchen-tap-with-flexible-spout-white-flexi-inox\/#primaryimage","url":"https:\/\/velazo-b2b.com\/wp-content\/uploads\/2025\/04\/4fc572cefe326205c4c5bbb854daf8ce-scaled.jpg","contentUrl":"https:\/\/velazo-b2b.com\/wp-content\/uploads\/2025\/04\/4fc572cefe326205c4c5bbb854daf8ce-scaled.jpg","width":2560,"height":2560},{"@type":"BreadcrumbList","@id":"https:\/\/velazo-b2b.com\/product\/kitchen-tap-with-flexible-spout-white-flexi-inox\/#breadcrumb","itemListElement":[{"@type":"ListItem","position":1,"name":"Home","item":"https:\/\/velazo-b2b.com\/"},{"@type":"ListItem","position":2,"name":"Shop","item":"https:\/\/velazo-b2b.com\/shop-page\/"},{"@type":"ListItem","position":3,"name":"Kitchen Tap with Flexible Spout White Flexi \/Inox"}]},{"@type":"WebSite","@id":"https:\/\/velazo-b2b.com\/#website","url":"https:\/\/velazo-b2b.com\/","name":"VELAZO.","description":"","potentialAction":[{"@type":"SearchAction","target":{"@type":"EntryPoint","urlTemplate":"https:\/\/velazo-b2b.com\/?s={search_term_string}"},"query-input":{"@type":"PropertyValueSpecification","valueRequired":true,"valueName":"search_term_string"}}],"inLanguage":"de"}]}},"_links":{"self":[{"href":"https:\/\/velazo-b2b.com\/de\/wp-json\/wp\/v2\/product\/270","targetHints":{"allow":["GET"]}}],"collection":[{"href":"https:\/\/velazo-b2b.com\/de\/wp-json\/wp\/v2\/product"}],"about":[{"href":"https:\/\/velazo-b2b.com\/de\/wp-json\/wp\/v2\/types\/product"}],"replies":[{"embeddable":true,"href":"https:\/\/velazo-b2b.com\/de\/wp-json\/wp\/v2\/comments?post=270"}],"version-history":[{"count":0,"href":"https:\/\/velazo-b2b.com\/de\/wp-json\/wp\/v2\/product\/270\/revisions"}],"wp:featuredmedia":[{"embeddable":true,"href":"https:\/\/velazo-b2b.com\/de\/wp-json\/wp\/v2\/media\/269"}],"wp:attachment":[{"href":"https:\/\/velazo-b2b.com\/de\/wp-json\/wp\/v2\/media?parent=270"}],"wp:term":[{"taxonomy":"product_cat","embeddable":true,"href":"https:\/\/velazo-b2b.com\/de\/wp-json\/wp\/v2\/product_cat?post=270"},{"taxonomy":"product_tag","embeddable":true,"href":"https:\/\/velazo-b2b.com\/de\/wp-json\/wp\/v2\/product_tag?post=270"}],"curies":[{"name":"wp","href":"https:\/\/api.w.org\/{rel}","templated":true}]}}