{"id":282,"date":"2025-04-09T14:38:36","date_gmt":"2025-04-09T14:38:36","guid":{"rendered":"https:\/\/velazo-b2b.com\/product\/stainless-steel-kitchen-tap-with-pull-out-spout\/"},"modified":"2025-10-08T11:54:27","modified_gmt":"2025-10-08T09:54:27","slug":"kuchenarmatur-aus-edelstahl-mit-herausziehbarem-auslauf","status":"publish","type":"product","link":"https:\/\/velazo-b2b.com\/de\/produkt\/kuchenarmatur-aus-edelstahl-mit-herausziehbarem-auslauf\/","title":{"rendered":"K\u00fcchenarmatur aus Edelstahl mit herausziehbarem Auslauf"},"content":{"rendered":"<p>\u25b6\ufe0f Bei der Entwicklung unserer K\u00fcchenarmaturen wurde auf maximale Funktionalit\u00e4t geachtet. Sie verf\u00fcgen \u00fcber einen ausziehbaren Auslauf, der in jeder Situation eine bequeme Nutzung der Wasserversorgung erm\u00f6glicht. Die um 360\u00b0 drehbaren Einhebel-Sp\u00fcltischarmaturen machen die Bedienung der Armatur \u00e4u\u00dferst komfortabel und den Zugang zum Wasser einfach und flexibel.<\/p>\n<p>\u25b6\ufe0f Ein weiterer Vorteil unserer Produkte ist die M\u00f6glichkeit, zwischen zwei Arten von Wasserstrahlen zu w\u00e4hlen. So k\u00f6nnen Sie den Wasserstrahl an Ihre eigenen Vorlieben anpassen und jederzeit optimale Bedingungen f\u00fcr die Wassernutzung sicherstellen. Dies ist eine praktische L\u00f6sung, die die Funktionalit\u00e4t der K\u00fcchenarmatur erh\u00f6ht und sie an die verschiedenen Bed\u00fcrfnisse des Benutzers anpasst.<\/p>","protected":false},"excerpt":{"rendered":"<p>&#9654;\ufe0f Our kitchen faucets have been designed with maximum functionality in mind. They have a pull-out spout, allowing convenient use of the water supply in every situation. Single-lever sink fittings,<\/p>","protected":false},"featured_media":281,"comment_status":"open","ping_status":"closed","template":"","meta":[],"product_cat":[67],"product_tag":[39,23],"class_list":{"0":"post-282","1":"product","2":"type-product","3":"status-publish","4":"has-post-thumbnail","6":"product_cat-sink-faucets","7":"product_tag-pull-out-spout-taps","8":"product_tag-sink-faucets","10":"first","11":"outofstock","12":"taxable","13":"shipping-taxable","14":"product-type-simple"},"yoast_head":"<!-- This site is optimized with the Yoast SEO plugin v27.4 - https:\/\/yoast.com\/product\/yoast-seo-wordpress\/ -->\n<title>Stainless Steel Kitchen Tap with Pull-Out Spout - VELAZO.<\/title>\n<meta name=\"robots\" content=\"index, follow, max-snippet:-1, max-image-preview:large, max-video-preview:-1\" \/>\n<link rel=\"canonical\" href=\"https:\/\/velazo-b2b.com\/de\/produkt\/kuchenarmatur-aus-edelstahl-mit-herausziehbarem-auslauf\/\" \/>\n<meta property=\"og:locale\" content=\"de_DE\" \/>\n<meta property=\"og:type\" content=\"article\" \/>\n<meta property=\"og:title\" content=\"Stainless Steel Kitchen Tap with Pull-Out Spout - VELAZO.\" \/>\n<meta property=\"og:description\" content=\"&#9654;\ufe0f Our kitchen faucets have been designed with maximum functionality in mind. They have a pull-out spout, allowing convenient use of the water supply in every situation. Single-lever sink fittings,\" \/>\n<meta property=\"og:url\" content=\"https:\/\/velazo-b2b.com\/de\/produkt\/kuchenarmatur-aus-edelstahl-mit-herausziehbarem-auslauf\/\" \/>\n<meta property=\"og:site_name\" content=\"VELAZO.\" \/>\n<meta property=\"article:modified_time\" content=\"2025-10-08T09:54:27+00:00\" \/>\n<meta property=\"og:image\" content=\"https:\/\/velazo-b2b.com\/wp-content\/uploads\/2025\/04\/192ce2a333098a923222043767ae21eb-scaled.jpg\" \/>\n\t<meta property=\"og:image:width\" content=\"2560\" \/>\n\t<meta property=\"og:image:height\" content=\"2560\" \/>\n\t<meta property=\"og:image:type\" content=\"image\/jpeg\" \/>\n<meta name=\"twitter:card\" content=\"summary_large_image\" \/>\n<meta name=\"twitter:label1\" content=\"Gesch\u00e4tzte Lesezeit\" \/>\n\t<meta name=\"twitter:data1\" content=\"1\u00a0Minute\" \/>\n<script type=\"application\/ld+json\" class=\"yoast-schema-graph\">{\"@context\":\"https:\\\/\\\/schema.org\",\"@graph\":[{\"@type\":\"WebPage\",\"@id\":\"https:\\\/\\\/velazo-b2b.com\\\/product\\\/stainless-steel-kitchen-tap-with-pull-out-spout\\\/\",\"url\":\"https:\\\/\\\/velazo-b2b.com\\\/product\\\/stainless-steel-kitchen-tap-with-pull-out-spout\\\/\",\"name\":\"Stainless Steel Kitchen Tap with Pull-Out Spout - VELAZO.\",\"isPartOf\":{\"@id\":\"https:\\\/\\\/velazo-b2b.com\\\/#website\"},\"primaryImageOfPage\":{\"@id\":\"https:\\\/\\\/velazo-b2b.com\\\/product\\\/stainless-steel-kitchen-tap-with-pull-out-spout\\\/#primaryimage\"},\"image\":{\"@id\":\"https:\\\/\\\/velazo-b2b.com\\\/product\\\/stainless-steel-kitchen-tap-with-pull-out-spout\\\/#primaryimage\"},\"thumbnailUrl\":\"https:\\\/\\\/velazo-b2b.com\\\/wp-content\\\/uploads\\\/2025\\\/04\\\/192ce2a333098a923222043767ae21eb-scaled.jpg\",\"datePublished\":\"2025-04-09T14:38:36+00:00\",\"dateModified\":\"2025-10-08T09:54:27+00:00\",\"breadcrumb\":{\"@id\":\"https:\\\/\\\/velazo-b2b.com\\\/product\\\/stainless-steel-kitchen-tap-with-pull-out-spout\\\/#breadcrumb\"},\"inLanguage\":\"de\",\"potentialAction\":[{\"@type\":\"ReadAction\",\"target\":[\"https:\\\/\\\/velazo-b2b.com\\\/product\\\/stainless-steel-kitchen-tap-with-pull-out-spout\\\/\"]}]},{\"@type\":\"ImageObject\",\"inLanguage\":\"de\",\"@id\":\"https:\\\/\\\/velazo-b2b.com\\\/product\\\/stainless-steel-kitchen-tap-with-pull-out-spout\\\/#primaryimage\",\"url\":\"https:\\\/\\\/velazo-b2b.com\\\/wp-content\\\/uploads\\\/2025\\\/04\\\/192ce2a333098a923222043767ae21eb-scaled.jpg\",\"contentUrl\":\"https:\\\/\\\/velazo-b2b.com\\\/wp-content\\\/uploads\\\/2025\\\/04\\\/192ce2a333098a923222043767ae21eb-scaled.jpg\",\"width\":2560,\"height\":2560},{\"@type\":\"BreadcrumbList\",\"@id\":\"https:\\\/\\\/velazo-b2b.com\\\/product\\\/stainless-steel-kitchen-tap-with-pull-out-spout\\\/#breadcrumb\",\"itemListElement\":[{\"@type\":\"ListItem\",\"position\":1,\"name\":\"Home\",\"item\":\"https:\\\/\\\/velazo-b2b.com\\\/\"},{\"@type\":\"ListItem\",\"position\":2,\"name\":\"Shop\",\"item\":\"https:\\\/\\\/velazo-b2b.com\\\/shop-page\\\/\"},{\"@type\":\"ListItem\",\"position\":3,\"name\":\"Stainless Steel Kitchen Tap with Pull-Out Spout\"}]},{\"@type\":\"WebSite\",\"@id\":\"https:\\\/\\\/velazo-b2b.com\\\/#website\",\"url\":\"https:\\\/\\\/velazo-b2b.com\\\/\",\"name\":\"VELAZO.\",\"description\":\"\",\"potentialAction\":[{\"@type\":\"SearchAction\",\"target\":{\"@type\":\"EntryPoint\",\"urlTemplate\":\"https:\\\/\\\/velazo-b2b.com\\\/?s={search_term_string}\"},\"query-input\":{\"@type\":\"PropertyValueSpecification\",\"valueRequired\":true,\"valueName\":\"search_term_string\"}}],\"inLanguage\":\"de\"}]}<\/script>\n<!-- \/ Yoast SEO plugin. -->","yoast_head_json":{"title":"K\u00fcchenarmatur aus Edelstahl mit herausziehbarem Auslauf - VELAZO.","robots":{"index":"index","follow":"follow","max-snippet":"max-snippet:-1","max-image-preview":"max-image-preview:large","max-video-preview":"max-video-preview:-1"},"canonical":"https:\/\/velazo-b2b.com\/de\/produkt\/kuchenarmatur-aus-edelstahl-mit-herausziehbarem-auslauf\/","og_locale":"de_DE","og_type":"article","og_title":"Stainless Steel Kitchen Tap with Pull-Out Spout - VELAZO.","og_description":"&#9654;\ufe0f Our kitchen faucets have been designed with maximum functionality in mind. They have a pull-out spout, allowing convenient use of the water supply in every situation. Single-lever sink fittings,","og_url":"https:\/\/velazo-b2b.com\/de\/produkt\/kuchenarmatur-aus-edelstahl-mit-herausziehbarem-auslauf\/","og_site_name":"VELAZO.","article_modified_time":"2025-10-08T09:54:27+00:00","og_image":[{"width":2560,"height":2560,"url":"https:\/\/velazo-b2b.com\/wp-content\/uploads\/2025\/04\/192ce2a333098a923222043767ae21eb-scaled.jpg","type":"image\/jpeg"}],"twitter_card":"summary_large_image","twitter_misc":{"Gesch\u00e4tzte Lesezeit":"1\u00a0Minute"},"schema":{"@context":"https:\/\/schema.org","@graph":[{"@type":"WebPage","@id":"https:\/\/velazo-b2b.com\/product\/stainless-steel-kitchen-tap-with-pull-out-spout\/","url":"https:\/\/velazo-b2b.com\/product\/stainless-steel-kitchen-tap-with-pull-out-spout\/","name":"K\u00fcchenarmatur aus Edelstahl mit herausziehbarem Auslauf - VELAZO.","isPartOf":{"@id":"https:\/\/velazo-b2b.com\/#website"},"primaryImageOfPage":{"@id":"https:\/\/velazo-b2b.com\/product\/stainless-steel-kitchen-tap-with-pull-out-spout\/#primaryimage"},"image":{"@id":"https:\/\/velazo-b2b.com\/product\/stainless-steel-kitchen-tap-with-pull-out-spout\/#primaryimage"},"thumbnailUrl":"https:\/\/velazo-b2b.com\/wp-content\/uploads\/2025\/04\/192ce2a333098a923222043767ae21eb-scaled.jpg","datePublished":"2025-04-09T14:38:36+00:00","dateModified":"2025-10-08T09:54:27+00:00","breadcrumb":{"@id":"https:\/\/velazo-b2b.com\/product\/stainless-steel-kitchen-tap-with-pull-out-spout\/#breadcrumb"},"inLanguage":"de","potentialAction":[{"@type":"ReadAction","target":["https:\/\/velazo-b2b.com\/product\/stainless-steel-kitchen-tap-with-pull-out-spout\/"]}]},{"@type":"ImageObject","inLanguage":"de","@id":"https:\/\/velazo-b2b.com\/product\/stainless-steel-kitchen-tap-with-pull-out-spout\/#primaryimage","url":"https:\/\/velazo-b2b.com\/wp-content\/uploads\/2025\/04\/192ce2a333098a923222043767ae21eb-scaled.jpg","contentUrl":"https:\/\/velazo-b2b.com\/wp-content\/uploads\/2025\/04\/192ce2a333098a923222043767ae21eb-scaled.jpg","width":2560,"height":2560},{"@type":"BreadcrumbList","@id":"https:\/\/velazo-b2b.com\/product\/stainless-steel-kitchen-tap-with-pull-out-spout\/#breadcrumb","itemListElement":[{"@type":"ListItem","position":1,"name":"Home","item":"https:\/\/velazo-b2b.com\/"},{"@type":"ListItem","position":2,"name":"Shop","item":"https:\/\/velazo-b2b.com\/shop-page\/"},{"@type":"ListItem","position":3,"name":"Stainless Steel Kitchen Tap with Pull-Out Spout"}]},{"@type":"WebSite","@id":"https:\/\/velazo-b2b.com\/#website","url":"https:\/\/velazo-b2b.com\/","name":"VELAZO.","description":"","potentialAction":[{"@type":"SearchAction","target":{"@type":"EntryPoint","urlTemplate":"https:\/\/velazo-b2b.com\/?s={search_term_string}"},"query-input":{"@type":"PropertyValueSpecification","valueRequired":true,"valueName":"search_term_string"}}],"inLanguage":"de"}]}},"_links":{"self":[{"href":"https:\/\/velazo-b2b.com\/de\/wp-json\/wp\/v2\/product\/282","targetHints":{"allow":["GET"]}}],"collection":[{"href":"https:\/\/velazo-b2b.com\/de\/wp-json\/wp\/v2\/product"}],"about":[{"href":"https:\/\/velazo-b2b.com\/de\/wp-json\/wp\/v2\/types\/product"}],"replies":[{"embeddable":true,"href":"https:\/\/velazo-b2b.com\/de\/wp-json\/wp\/v2\/comments?post=282"}],"version-history":[{"count":0,"href":"https:\/\/velazo-b2b.com\/de\/wp-json\/wp\/v2\/product\/282\/revisions"}],"wp:featuredmedia":[{"embeddable":true,"href":"https:\/\/velazo-b2b.com\/de\/wp-json\/wp\/v2\/media\/281"}],"wp:attachment":[{"href":"https:\/\/velazo-b2b.com\/de\/wp-json\/wp\/v2\/media?parent=282"}],"wp:term":[{"taxonomy":"product_cat","embeddable":true,"href":"https:\/\/velazo-b2b.com\/de\/wp-json\/wp\/v2\/product_cat?post=282"},{"taxonomy":"product_tag","embeddable":true,"href":"https:\/\/velazo-b2b.com\/de\/wp-json\/wp\/v2\/product_tag?post=282"}],"curies":[{"name":"wp","href":"https:\/\/api.w.org\/{rel}","templated":true}]}}