{"id":284,"date":"2025-04-09T14:38:44","date_gmt":"2025-04-09T14:38:44","guid":{"rendered":"https:\/\/velazo-b2b.com\/product\/kitchen-faucet-with-pull-out-spout-pull-out-dual-jet-mode\/"},"modified":"2025-10-08T11:54:24","modified_gmt":"2025-10-08T09:54:24","slug":"kuchenarmatur-mit-ausziehbarem-auslauf-ausziehbarer-zweistrahlbetrieb","status":"publish","type":"product","link":"https:\/\/velazo-b2b.com\/de\/produkt\/kuchenarmatur-mit-ausziehbarem-auslauf-ausziehbarer-zweistrahlbetrieb\/","title":{"rendered":"K\u00fcchenarmatur mit ausziehbarem Auslauf, ausziehbarer Zweistrahlbetrieb"},"content":{"rendered":"<p><strong>Hochwertig verchromte Sp\u00fcltischarmatur aus Edelstahl<\/strong><\/p>\n<p>\u2728Drehbarer, flexibler Auslauf: Mit dem drehbaren, flexiblen Auslauf genie\u00dfen Sie absolute Freiheit und Komfort. Dank ihm k\u00f6nnen Sie die Richtung des Wasserstrahls leicht an Ihre Bed\u00fcrfnisse anpassen, und die Flexibilit\u00e4t des Materials erleichtert das Sp\u00fclen selbst der gr\u00f6\u00dften T\u00f6pfe und des Geschirrs.<\/p>\n<p><strong>Technische Daten:<\/strong><\/p>\n<p> Gute Qualit\u00e4t zu einem niedrigen Preis<br \/> Einhebelig, stehend<br \/> Keramischer Mischer 35 mm<br \/> Flexibler Ausguss<br \/> Hochwertiger Silikonschlauch<br \/> Silikon\u00fcberzug in der Farbe des Ausgusses am Griff<br \/> Wassersparender Luftsprudler, aus Kunststoff<\/p>","protected":false},"excerpt":{"rendered":"<p>High-quality chrome-plated sink tap made of stainless steel &#10024;Rotatable, flexible spout: The rotatable, flexible spout allows you to enjoy complete freedom and comfort. Thanks to it, you can easily adjust<\/p>","protected":false},"featured_media":283,"comment_status":"open","ping_status":"closed","template":"","meta":[],"product_cat":[67],"product_tag":[39,23],"class_list":{"0":"post-284","1":"product","2":"type-product","3":"status-publish","4":"has-post-thumbnail","6":"product_cat-sink-faucets","7":"product_tag-pull-out-spout-taps","8":"product_tag-sink-faucets","10":"first","11":"outofstock","12":"taxable","13":"shipping-taxable","14":"product-type-simple"},"yoast_head":"<!-- This site is optimized with the Yoast SEO plugin v27.4 - https:\/\/yoast.com\/product\/yoast-seo-wordpress\/ -->\n<title>Kitchen faucet with pull-out spout, pull-out dual jet mode - VELAZO.<\/title>\n<meta name=\"robots\" content=\"index, follow, max-snippet:-1, max-image-preview:large, max-video-preview:-1\" \/>\n<link rel=\"canonical\" href=\"https:\/\/velazo-b2b.com\/de\/produkt\/kuchenarmatur-mit-ausziehbarem-auslauf-ausziehbarer-zweistrahlbetrieb\/\" \/>\n<meta property=\"og:locale\" content=\"de_DE\" \/>\n<meta property=\"og:type\" content=\"article\" \/>\n<meta property=\"og:title\" content=\"Kitchen faucet with pull-out spout, pull-out dual jet mode - VELAZO.\" \/>\n<meta property=\"og:description\" content=\"High-quality chrome-plated sink tap made of stainless steel &#10024;Rotatable, flexible spout: The rotatable, flexible spout allows you to enjoy complete freedom and comfort. Thanks to it, you can easily adjust\" \/>\n<meta property=\"og:url\" content=\"https:\/\/velazo-b2b.com\/de\/produkt\/kuchenarmatur-mit-ausziehbarem-auslauf-ausziehbarer-zweistrahlbetrieb\/\" \/>\n<meta property=\"og:site_name\" content=\"VELAZO.\" \/>\n<meta property=\"article:modified_time\" content=\"2025-10-08T09:54:24+00:00\" \/>\n<meta property=\"og:image\" content=\"https:\/\/velazo-b2b.com\/wp-content\/uploads\/2025\/04\/2168e46b66d2927bab6ef94eea10dff2-scaled.jpeg\" \/>\n\t<meta property=\"og:image:width\" content=\"2560\" \/>\n\t<meta property=\"og:image:height\" content=\"2560\" \/>\n\t<meta property=\"og:image:type\" content=\"image\/jpeg\" \/>\n<meta name=\"twitter:card\" content=\"summary_large_image\" \/>\n<script type=\"application\/ld+json\" class=\"yoast-schema-graph\">{\"@context\":\"https:\\\/\\\/schema.org\",\"@graph\":[{\"@type\":\"WebPage\",\"@id\":\"https:\\\/\\\/velazo-b2b.com\\\/product\\\/kitchen-faucet-with-pull-out-spout-pull-out-dual-jet-mode\\\/\",\"url\":\"https:\\\/\\\/velazo-b2b.com\\\/product\\\/kitchen-faucet-with-pull-out-spout-pull-out-dual-jet-mode\\\/\",\"name\":\"Kitchen faucet with pull-out spout, pull-out dual jet mode - VELAZO.\",\"isPartOf\":{\"@id\":\"https:\\\/\\\/velazo-b2b.com\\\/#website\"},\"primaryImageOfPage\":{\"@id\":\"https:\\\/\\\/velazo-b2b.com\\\/product\\\/kitchen-faucet-with-pull-out-spout-pull-out-dual-jet-mode\\\/#primaryimage\"},\"image\":{\"@id\":\"https:\\\/\\\/velazo-b2b.com\\\/product\\\/kitchen-faucet-with-pull-out-spout-pull-out-dual-jet-mode\\\/#primaryimage\"},\"thumbnailUrl\":\"https:\\\/\\\/velazo-b2b.com\\\/wp-content\\\/uploads\\\/2025\\\/04\\\/2168e46b66d2927bab6ef94eea10dff2-scaled.jpeg\",\"datePublished\":\"2025-04-09T14:38:44+00:00\",\"dateModified\":\"2025-10-08T09:54:24+00:00\",\"breadcrumb\":{\"@id\":\"https:\\\/\\\/velazo-b2b.com\\\/product\\\/kitchen-faucet-with-pull-out-spout-pull-out-dual-jet-mode\\\/#breadcrumb\"},\"inLanguage\":\"de\",\"potentialAction\":[{\"@type\":\"ReadAction\",\"target\":[\"https:\\\/\\\/velazo-b2b.com\\\/product\\\/kitchen-faucet-with-pull-out-spout-pull-out-dual-jet-mode\\\/\"]}]},{\"@type\":\"ImageObject\",\"inLanguage\":\"de\",\"@id\":\"https:\\\/\\\/velazo-b2b.com\\\/product\\\/kitchen-faucet-with-pull-out-spout-pull-out-dual-jet-mode\\\/#primaryimage\",\"url\":\"https:\\\/\\\/velazo-b2b.com\\\/wp-content\\\/uploads\\\/2025\\\/04\\\/2168e46b66d2927bab6ef94eea10dff2-scaled.jpeg\",\"contentUrl\":\"https:\\\/\\\/velazo-b2b.com\\\/wp-content\\\/uploads\\\/2025\\\/04\\\/2168e46b66d2927bab6ef94eea10dff2-scaled.jpeg\",\"width\":2560,\"height\":2560},{\"@type\":\"BreadcrumbList\",\"@id\":\"https:\\\/\\\/velazo-b2b.com\\\/product\\\/kitchen-faucet-with-pull-out-spout-pull-out-dual-jet-mode\\\/#breadcrumb\",\"itemListElement\":[{\"@type\":\"ListItem\",\"position\":1,\"name\":\"Home\",\"item\":\"https:\\\/\\\/velazo-b2b.com\\\/\"},{\"@type\":\"ListItem\",\"position\":2,\"name\":\"Shop\",\"item\":\"https:\\\/\\\/velazo-b2b.com\\\/shop-page\\\/\"},{\"@type\":\"ListItem\",\"position\":3,\"name\":\"Kitchen faucet with pull-out spout, pull-out dual jet mode\"}]},{\"@type\":\"WebSite\",\"@id\":\"https:\\\/\\\/velazo-b2b.com\\\/#website\",\"url\":\"https:\\\/\\\/velazo-b2b.com\\\/\",\"name\":\"VELAZO.\",\"description\":\"\",\"potentialAction\":[{\"@type\":\"SearchAction\",\"target\":{\"@type\":\"EntryPoint\",\"urlTemplate\":\"https:\\\/\\\/velazo-b2b.com\\\/?s={search_term_string}\"},\"query-input\":{\"@type\":\"PropertyValueSpecification\",\"valueRequired\":true,\"valueName\":\"search_term_string\"}}],\"inLanguage\":\"de\"}]}<\/script>\n<!-- \/ Yoast SEO plugin. -->","yoast_head_json":{"title":"K\u00fcchenarmatur mit ausziehbarem Auslauf, ausziehbarer Zweistrahlbetrieb - VELAZO.","robots":{"index":"index","follow":"follow","max-snippet":"max-snippet:-1","max-image-preview":"max-image-preview:large","max-video-preview":"max-video-preview:-1"},"canonical":"https:\/\/velazo-b2b.com\/de\/produkt\/kuchenarmatur-mit-ausziehbarem-auslauf-ausziehbarer-zweistrahlbetrieb\/","og_locale":"de_DE","og_type":"article","og_title":"Kitchen faucet with pull-out spout, pull-out dual jet mode - VELAZO.","og_description":"High-quality chrome-plated sink tap made of stainless steel &#10024;Rotatable, flexible spout: The rotatable, flexible spout allows you to enjoy complete freedom and comfort. Thanks to it, you can easily adjust","og_url":"https:\/\/velazo-b2b.com\/de\/produkt\/kuchenarmatur-mit-ausziehbarem-auslauf-ausziehbarer-zweistrahlbetrieb\/","og_site_name":"VELAZO.","article_modified_time":"2025-10-08T09:54:24+00:00","og_image":[{"width":2560,"height":2560,"url":"https:\/\/velazo-b2b.com\/wp-content\/uploads\/2025\/04\/2168e46b66d2927bab6ef94eea10dff2-scaled.jpeg","type":"image\/jpeg"}],"twitter_card":"summary_large_image","schema":{"@context":"https:\/\/schema.org","@graph":[{"@type":"WebPage","@id":"https:\/\/velazo-b2b.com\/product\/kitchen-faucet-with-pull-out-spout-pull-out-dual-jet-mode\/","url":"https:\/\/velazo-b2b.com\/product\/kitchen-faucet-with-pull-out-spout-pull-out-dual-jet-mode\/","name":"K\u00fcchenarmatur mit ausziehbarem Auslauf, ausziehbarer Zweistrahlbetrieb - VELAZO.","isPartOf":{"@id":"https:\/\/velazo-b2b.com\/#website"},"primaryImageOfPage":{"@id":"https:\/\/velazo-b2b.com\/product\/kitchen-faucet-with-pull-out-spout-pull-out-dual-jet-mode\/#primaryimage"},"image":{"@id":"https:\/\/velazo-b2b.com\/product\/kitchen-faucet-with-pull-out-spout-pull-out-dual-jet-mode\/#primaryimage"},"thumbnailUrl":"https:\/\/velazo-b2b.com\/wp-content\/uploads\/2025\/04\/2168e46b66d2927bab6ef94eea10dff2-scaled.jpeg","datePublished":"2025-04-09T14:38:44+00:00","dateModified":"2025-10-08T09:54:24+00:00","breadcrumb":{"@id":"https:\/\/velazo-b2b.com\/product\/kitchen-faucet-with-pull-out-spout-pull-out-dual-jet-mode\/#breadcrumb"},"inLanguage":"de","potentialAction":[{"@type":"ReadAction","target":["https:\/\/velazo-b2b.com\/product\/kitchen-faucet-with-pull-out-spout-pull-out-dual-jet-mode\/"]}]},{"@type":"ImageObject","inLanguage":"de","@id":"https:\/\/velazo-b2b.com\/product\/kitchen-faucet-with-pull-out-spout-pull-out-dual-jet-mode\/#primaryimage","url":"https:\/\/velazo-b2b.com\/wp-content\/uploads\/2025\/04\/2168e46b66d2927bab6ef94eea10dff2-scaled.jpeg","contentUrl":"https:\/\/velazo-b2b.com\/wp-content\/uploads\/2025\/04\/2168e46b66d2927bab6ef94eea10dff2-scaled.jpeg","width":2560,"height":2560},{"@type":"BreadcrumbList","@id":"https:\/\/velazo-b2b.com\/product\/kitchen-faucet-with-pull-out-spout-pull-out-dual-jet-mode\/#breadcrumb","itemListElement":[{"@type":"ListItem","position":1,"name":"Home","item":"https:\/\/velazo-b2b.com\/"},{"@type":"ListItem","position":2,"name":"Shop","item":"https:\/\/velazo-b2b.com\/shop-page\/"},{"@type":"ListItem","position":3,"name":"Kitchen faucet with pull-out spout, pull-out dual jet mode"}]},{"@type":"WebSite","@id":"https:\/\/velazo-b2b.com\/#website","url":"https:\/\/velazo-b2b.com\/","name":"VELAZO.","description":"","potentialAction":[{"@type":"SearchAction","target":{"@type":"EntryPoint","urlTemplate":"https:\/\/velazo-b2b.com\/?s={search_term_string}"},"query-input":{"@type":"PropertyValueSpecification","valueRequired":true,"valueName":"search_term_string"}}],"inLanguage":"de"}]}},"_links":{"self":[{"href":"https:\/\/velazo-b2b.com\/de\/wp-json\/wp\/v2\/product\/284","targetHints":{"allow":["GET"]}}],"collection":[{"href":"https:\/\/velazo-b2b.com\/de\/wp-json\/wp\/v2\/product"}],"about":[{"href":"https:\/\/velazo-b2b.com\/de\/wp-json\/wp\/v2\/types\/product"}],"replies":[{"embeddable":true,"href":"https:\/\/velazo-b2b.com\/de\/wp-json\/wp\/v2\/comments?post=284"}],"version-history":[{"count":0,"href":"https:\/\/velazo-b2b.com\/de\/wp-json\/wp\/v2\/product\/284\/revisions"}],"wp:featuredmedia":[{"embeddable":true,"href":"https:\/\/velazo-b2b.com\/de\/wp-json\/wp\/v2\/media\/283"}],"wp:attachment":[{"href":"https:\/\/velazo-b2b.com\/de\/wp-json\/wp\/v2\/media?parent=284"}],"wp:term":[{"taxonomy":"product_cat","embeddable":true,"href":"https:\/\/velazo-b2b.com\/de\/wp-json\/wp\/v2\/product_cat?post=284"},{"taxonomy":"product_tag","embeddable":true,"href":"https:\/\/velazo-b2b.com\/de\/wp-json\/wp\/v2\/product_tag?post=284"}],"curies":[{"name":"wp","href":"https:\/\/api.w.org\/{rel}","templated":true}]}}