{"id":290,"date":"2025-04-09T14:39:05","date_gmt":"2025-04-09T14:39:05","guid":{"rendered":"https:\/\/velazo-b2b.com\/product\/l-shaped-kitchen-tap-for-home-sink-vegetable-washing-tap-with-cold-and-hot-water-function-anti-splash\/"},"modified":"2026-04-14T13:48:03","modified_gmt":"2026-04-14T11:48:03","slug":"l-formiger-kuchenwasserhahn-fur-die-spule-mit-kalt-und-warmwasserfunktion-und-spritzschutz","status":"publish","type":"product","link":"https:\/\/velazo-b2b.com\/de\/produkt\/l-formiger-kuchenwasserhahn-fur-die-spule-mit-kalt-und-warmwasserfunktion-und-spritzschutz\/","title":{"rendered":"L-f\u00f6rmiger K\u00fcchenwasserhahn f\u00fcr die Sp\u00fcle mit Kalt- und Warmwasserfunktion und Spritzschutz"},"content":{"rendered":"<p><strong>Technische Daten:<\/strong><br \/>Kopf: Keramik<br \/>Material: Messing<br \/>Bel\u00fcfter: ja<br \/>Typ: Einhebelig<br \/>Breite: 20cm<br \/>H\u00f6he: 27\/29cm<br \/>Befestigungsloch: Standard, universal<br \/>Farbe: Inox<\/p>\n<p>Der Wasserhahn ist einfach zu installieren und verf\u00fcgt \u00fcber alle notwendigen Elemente f\u00fcr die Montage. Die Oberfl\u00e4che ist leicht zu reinigen - einfach mit einem feuchten Tuch abwischen, um die \u00c4sthetik zu erhalten - die perfekte L\u00f6sung f\u00fcr alle, die Wert auf Funktionalit\u00e4t und Eleganz in ihrer K\u00fcche legen.<\/p><\/p>","protected":false},"excerpt":{"rendered":"<p>Technische Daten:Kopf: KeramikMaterial: MessingLuftsprudler: jaTyp: EinhebelmischerBreite: 20cmH\u00f6he: 27\/29cmMontagebohrung: Standard, universalFarbe: Inox Der Wasserhahn ist einfach zu installieren und verf\u00fcgt \u00fcber alle notwendigen Elemente f\u00fcr die Montage. Seine Oberfl\u00e4che ist leicht<\/p>","protected":false},"featured_media":289,"comment_status":"open","ping_status":"closed","template":"","meta":[],"product_cat":[67],"product_tag":[23],"class_list":{"0":"post-290","1":"product","2":"type-product","3":"status-publish","4":"has-post-thumbnail","6":"product_cat-sink-faucets","7":"product_tag-sink-faucets","9":"first","10":"instock","11":"taxable","12":"shipping-taxable","13":"product-type-simple"},"yoast_head":"<!-- This site is optimized with the Yoast SEO plugin v27.4 - https:\/\/yoast.com\/product\/yoast-seo-wordpress\/ -->\n<title>L-shaped kitchen tap for home sink vegetable washing tap with cold and hot water function anti-splash - VELAZO.<\/title>\n<meta name=\"robots\" content=\"index, follow, max-snippet:-1, max-image-preview:large, max-video-preview:-1\" \/>\n<link rel=\"canonical\" href=\"https:\/\/velazo-b2b.com\/de\/produkt\/l-formiger-kuchenwasserhahn-fur-die-spule-mit-kalt-und-warmwasserfunktion-und-spritzschutz\/\" \/>\n<meta property=\"og:locale\" content=\"de_DE\" \/>\n<meta property=\"og:type\" content=\"article\" \/>\n<meta property=\"og:title\" content=\"L-shaped kitchen tap for home sink vegetable washing tap with cold and hot water function anti-splash - VELAZO.\" \/>\n<meta property=\"og:description\" content=\"Technical data:Head: ceramicMaterial: brassAerator: yesType: single-leverWidth: 20cmHeight: 27\/29cmMounting hole: standard, universalColor: Inox The faucet is easy to install and has all the necessary elements for assembly. Its surface is easy\" \/>\n<meta property=\"og:url\" content=\"https:\/\/velazo-b2b.com\/de\/produkt\/l-formiger-kuchenwasserhahn-fur-die-spule-mit-kalt-und-warmwasserfunktion-und-spritzschutz\/\" \/>\n<meta property=\"og:site_name\" content=\"VELAZO.\" \/>\n<meta property=\"article:modified_time\" content=\"2026-04-14T11:48:03+00:00\" \/>\n<meta property=\"og:image\" content=\"https:\/\/velazo-b2b.com\/wp-content\/uploads\/2025\/04\/df1eb1a813e67b802249e51349f809dc-scaled.jpg\" \/>\n\t<meta property=\"og:image:width\" content=\"2560\" \/>\n\t<meta property=\"og:image:height\" content=\"2560\" \/>\n\t<meta property=\"og:image:type\" content=\"image\/jpeg\" \/>\n<meta name=\"twitter:card\" content=\"summary_large_image\" \/>\n<script type=\"application\/ld+json\" class=\"yoast-schema-graph\">{\"@context\":\"https:\\\/\\\/schema.org\",\"@graph\":[{\"@type\":\"WebPage\",\"@id\":\"https:\\\/\\\/velazo-b2b.com\\\/product\\\/l-shaped-kitchen-tap-for-home-sink-vegetable-washing-tap-with-cold-and-hot-water-function-anti-splash\\\/\",\"url\":\"https:\\\/\\\/velazo-b2b.com\\\/product\\\/l-shaped-kitchen-tap-for-home-sink-vegetable-washing-tap-with-cold-and-hot-water-function-anti-splash\\\/\",\"name\":\"L-shaped kitchen tap for home sink vegetable washing tap with cold and hot water function anti-splash - VELAZO.\",\"isPartOf\":{\"@id\":\"https:\\\/\\\/velazo-b2b.com\\\/#website\"},\"primaryImageOfPage\":{\"@id\":\"https:\\\/\\\/velazo-b2b.com\\\/product\\\/l-shaped-kitchen-tap-for-home-sink-vegetable-washing-tap-with-cold-and-hot-water-function-anti-splash\\\/#primaryimage\"},\"image\":{\"@id\":\"https:\\\/\\\/velazo-b2b.com\\\/product\\\/l-shaped-kitchen-tap-for-home-sink-vegetable-washing-tap-with-cold-and-hot-water-function-anti-splash\\\/#primaryimage\"},\"thumbnailUrl\":\"https:\\\/\\\/velazo-b2b.com\\\/wp-content\\\/uploads\\\/2025\\\/04\\\/df1eb1a813e67b802249e51349f809dc-scaled.jpg\",\"datePublished\":\"2025-04-09T14:39:05+00:00\",\"dateModified\":\"2026-04-14T11:48:03+00:00\",\"breadcrumb\":{\"@id\":\"https:\\\/\\\/velazo-b2b.com\\\/product\\\/l-shaped-kitchen-tap-for-home-sink-vegetable-washing-tap-with-cold-and-hot-water-function-anti-splash\\\/#breadcrumb\"},\"inLanguage\":\"de\",\"potentialAction\":[{\"@type\":\"ReadAction\",\"target\":[\"https:\\\/\\\/velazo-b2b.com\\\/product\\\/l-shaped-kitchen-tap-for-home-sink-vegetable-washing-tap-with-cold-and-hot-water-function-anti-splash\\\/\"]}]},{\"@type\":\"ImageObject\",\"inLanguage\":\"de\",\"@id\":\"https:\\\/\\\/velazo-b2b.com\\\/product\\\/l-shaped-kitchen-tap-for-home-sink-vegetable-washing-tap-with-cold-and-hot-water-function-anti-splash\\\/#primaryimage\",\"url\":\"https:\\\/\\\/velazo-b2b.com\\\/wp-content\\\/uploads\\\/2025\\\/04\\\/df1eb1a813e67b802249e51349f809dc-scaled.jpg\",\"contentUrl\":\"https:\\\/\\\/velazo-b2b.com\\\/wp-content\\\/uploads\\\/2025\\\/04\\\/df1eb1a813e67b802249e51349f809dc-scaled.jpg\",\"width\":2560,\"height\":2560},{\"@type\":\"BreadcrumbList\",\"@id\":\"https:\\\/\\\/velazo-b2b.com\\\/product\\\/l-shaped-kitchen-tap-for-home-sink-vegetable-washing-tap-with-cold-and-hot-water-function-anti-splash\\\/#breadcrumb\",\"itemListElement\":[{\"@type\":\"ListItem\",\"position\":1,\"name\":\"Home\",\"item\":\"https:\\\/\\\/velazo-b2b.com\\\/\"},{\"@type\":\"ListItem\",\"position\":2,\"name\":\"Shop\",\"item\":\"https:\\\/\\\/velazo-b2b.com\\\/shop-page\\\/\"},{\"@type\":\"ListItem\",\"position\":3,\"name\":\"L-shaped kitchen tap for home sink vegetable washing tap with cold and hot water function anti-splash\"}]},{\"@type\":\"WebSite\",\"@id\":\"https:\\\/\\\/velazo-b2b.com\\\/#website\",\"url\":\"https:\\\/\\\/velazo-b2b.com\\\/\",\"name\":\"VELAZO.\",\"description\":\"\",\"potentialAction\":[{\"@type\":\"SearchAction\",\"target\":{\"@type\":\"EntryPoint\",\"urlTemplate\":\"https:\\\/\\\/velazo-b2b.com\\\/?s={search_term_string}\"},\"query-input\":{\"@type\":\"PropertyValueSpecification\",\"valueRequired\":true,\"valueName\":\"search_term_string\"}}],\"inLanguage\":\"de\"}]}<\/script>\n<!-- \/ Yoast SEO plugin. -->","yoast_head_json":{"title":"L-f\u00f6rmiger K\u00fcchenwasserhahn f\u00fcr die Sp\u00fcle mit Kalt- und Warmwasserfunktion, spritzwassergesch\u00fctzt - VELAZO.","robots":{"index":"index","follow":"follow","max-snippet":"max-snippet:-1","max-image-preview":"max-image-preview:large","max-video-preview":"max-video-preview:-1"},"canonical":"https:\/\/velazo-b2b.com\/de\/produkt\/l-formiger-kuchenwasserhahn-fur-die-spule-mit-kalt-und-warmwasserfunktion-und-spritzschutz\/","og_locale":"de_DE","og_type":"article","og_title":"L-shaped kitchen tap for home sink vegetable washing tap with cold and hot water function anti-splash - VELAZO.","og_description":"Technical data:Head: ceramicMaterial: brassAerator: yesType: single-leverWidth: 20cmHeight: 27\/29cmMounting hole: standard, universalColor: Inox The faucet is easy to install and has all the necessary elements for assembly. Its surface is easy","og_url":"https:\/\/velazo-b2b.com\/de\/produkt\/l-formiger-kuchenwasserhahn-fur-die-spule-mit-kalt-und-warmwasserfunktion-und-spritzschutz\/","og_site_name":"VELAZO.","article_modified_time":"2026-04-14T11:48:03+00:00","og_image":[{"width":2560,"height":2560,"url":"https:\/\/velazo-b2b.com\/wp-content\/uploads\/2025\/04\/df1eb1a813e67b802249e51349f809dc-scaled.jpg","type":"image\/jpeg"}],"twitter_card":"summary_large_image","schema":{"@context":"https:\/\/schema.org","@graph":[{"@type":"WebPage","@id":"https:\/\/velazo-b2b.com\/product\/l-shaped-kitchen-tap-for-home-sink-vegetable-washing-tap-with-cold-and-hot-water-function-anti-splash\/","url":"https:\/\/velazo-b2b.com\/product\/l-shaped-kitchen-tap-for-home-sink-vegetable-washing-tap-with-cold-and-hot-water-function-anti-splash\/","name":"L-f\u00f6rmiger K\u00fcchenwasserhahn f\u00fcr die Sp\u00fcle mit Kalt- und Warmwasserfunktion, spritzwassergesch\u00fctzt - VELAZO.","isPartOf":{"@id":"https:\/\/velazo-b2b.com\/#website"},"primaryImageOfPage":{"@id":"https:\/\/velazo-b2b.com\/product\/l-shaped-kitchen-tap-for-home-sink-vegetable-washing-tap-with-cold-and-hot-water-function-anti-splash\/#primaryimage"},"image":{"@id":"https:\/\/velazo-b2b.com\/product\/l-shaped-kitchen-tap-for-home-sink-vegetable-washing-tap-with-cold-and-hot-water-function-anti-splash\/#primaryimage"},"thumbnailUrl":"https:\/\/velazo-b2b.com\/wp-content\/uploads\/2025\/04\/df1eb1a813e67b802249e51349f809dc-scaled.jpg","datePublished":"2025-04-09T14:39:05+00:00","dateModified":"2026-04-14T11:48:03+00:00","breadcrumb":{"@id":"https:\/\/velazo-b2b.com\/product\/l-shaped-kitchen-tap-for-home-sink-vegetable-washing-tap-with-cold-and-hot-water-function-anti-splash\/#breadcrumb"},"inLanguage":"de","potentialAction":[{"@type":"ReadAction","target":["https:\/\/velazo-b2b.com\/product\/l-shaped-kitchen-tap-for-home-sink-vegetable-washing-tap-with-cold-and-hot-water-function-anti-splash\/"]}]},{"@type":"ImageObject","inLanguage":"de","@id":"https:\/\/velazo-b2b.com\/product\/l-shaped-kitchen-tap-for-home-sink-vegetable-washing-tap-with-cold-and-hot-water-function-anti-splash\/#primaryimage","url":"https:\/\/velazo-b2b.com\/wp-content\/uploads\/2025\/04\/df1eb1a813e67b802249e51349f809dc-scaled.jpg","contentUrl":"https:\/\/velazo-b2b.com\/wp-content\/uploads\/2025\/04\/df1eb1a813e67b802249e51349f809dc-scaled.jpg","width":2560,"height":2560},{"@type":"BreadcrumbList","@id":"https:\/\/velazo-b2b.com\/product\/l-shaped-kitchen-tap-for-home-sink-vegetable-washing-tap-with-cold-and-hot-water-function-anti-splash\/#breadcrumb","itemListElement":[{"@type":"ListItem","position":1,"name":"Home","item":"https:\/\/velazo-b2b.com\/"},{"@type":"ListItem","position":2,"name":"Shop","item":"https:\/\/velazo-b2b.com\/shop-page\/"},{"@type":"ListItem","position":3,"name":"L-shaped kitchen tap for home sink vegetable washing tap with cold and hot water function anti-splash"}]},{"@type":"WebSite","@id":"https:\/\/velazo-b2b.com\/#website","url":"https:\/\/velazo-b2b.com\/","name":"VELAZO.","description":"","potentialAction":[{"@type":"SearchAction","target":{"@type":"EntryPoint","urlTemplate":"https:\/\/velazo-b2b.com\/?s={search_term_string}"},"query-input":{"@type":"PropertyValueSpecification","valueRequired":true,"valueName":"search_term_string"}}],"inLanguage":"de"}]}},"_links":{"self":[{"href":"https:\/\/velazo-b2b.com\/de\/wp-json\/wp\/v2\/product\/290","targetHints":{"allow":["GET"]}}],"collection":[{"href":"https:\/\/velazo-b2b.com\/de\/wp-json\/wp\/v2\/product"}],"about":[{"href":"https:\/\/velazo-b2b.com\/de\/wp-json\/wp\/v2\/types\/product"}],"replies":[{"embeddable":true,"href":"https:\/\/velazo-b2b.com\/de\/wp-json\/wp\/v2\/comments?post=290"}],"version-history":[{"count":0,"href":"https:\/\/velazo-b2b.com\/de\/wp-json\/wp\/v2\/product\/290\/revisions"}],"wp:featuredmedia":[{"embeddable":true,"href":"https:\/\/velazo-b2b.com\/de\/wp-json\/wp\/v2\/media\/289"}],"wp:attachment":[{"href":"https:\/\/velazo-b2b.com\/de\/wp-json\/wp\/v2\/media?parent=290"}],"wp:term":[{"taxonomy":"product_cat","embeddable":true,"href":"https:\/\/velazo-b2b.com\/de\/wp-json\/wp\/v2\/product_cat?post=290"},{"taxonomy":"product_tag","embeddable":true,"href":"https:\/\/velazo-b2b.com\/de\/wp-json\/wp\/v2\/product_tag?post=290"}],"curies":[{"name":"wp","href":"https:\/\/api.w.org\/{rel}","templated":true}]}}