{"id":3224,"date":"2025-09-11T12:51:29","date_gmt":"2025-09-11T10:51:29","guid":{"rendered":"https:\/\/velazo-b2b.com\/?page_id=3224"},"modified":"2025-09-11T12:55:44","modified_gmt":"2025-09-11T10:55:44","slug":"politica-de-envios","status":"publish","type":"page","link":"https:\/\/velazo-b2b.com\/es\/politica-de-envios\/","title":{"rendered":"Pol\u00edtica de env\u00edos"},"content":{"rendered":"<div data-elementor-type=\"wp-page\" data-elementor-id=\"3224\" class=\"elementor elementor-3224\" data-elementor-post-type=\"page\">\n\t\t\t\t<div class=\"elementor-element elementor-element-d6227af e-flex e-con-boxed e-con e-parent\" data-id=\"d6227af\" data-element_type=\"container\" data-e-type=\"container\">\n\t\t\t\t\t<div class=\"e-con-inner\">\n\t\t\t\t<div class=\"elementor-element elementor-element-e0e6365 elementor-widget elementor-widget-text-editor\" data-id=\"e0e6365\" data-element_type=\"widget\" data-e-type=\"widget\" data-widget_type=\"text-editor.default\">\n\t\t\t\t<div class=\"elementor-widget-container\">\n\t\t\t\t\t\t\t\t\t<p data-start=\"216\" data-end=\"403\"><strong data-start=\"216\" data-end=\"235\">Fecha de entrada en vigor:<\/strong> 11 de septiembre de 2025<br data-start=\"253\" data-end=\"256\" \/><strong data-start=\"256\" data-end=\"271\">Se aplica a:<\/strong> S\u00f3lo clientes empresariales (B2B)<br data-start=\"301\" data-end=\"304\" \/><strong data-start=\"304\" data-end=\"313\">De:<\/strong> U2 COMPANY SP\u00d3\u0141KA Z OGRANICZON\u0104 ODPOWIEDZIALNO\u015aCI\u0104 (Polonia)<br data-start=\"373\" data-end=\"376\" \/><strong data-start=\"376\" data-end=\"388\">Contacto:<\/strong> <a class=\"decorated-link cursor-pointer\" rel=\"noopener\" data-start=\"389\" data-end=\"403\">info@velazo.pl<\/a><\/p><h2 data-start=\"405\" data-end=\"418\">1) Generalidades<\/h2><ul data-start=\"419\" data-end=\"733\"><li data-start=\"419\" data-end=\"506\"><p data-start=\"421\" data-end=\"506\">Esta pol\u00edtica de env\u00edos se aplica exclusivamente a <strong data-start=\"465\" data-end=\"485\">Transacciones B2B<\/strong> en velazo-b2b.com.<\/p><\/li><li data-start=\"507\" data-end=\"560\"><p data-start=\"509\" data-end=\"560\">Todos los pedidos <strong data-start=\"520\" data-end=\"557\">env\u00edo desde nuestro almac\u00e9n en Polonia<\/strong>.<\/p><\/li><li data-start=\"561\" data-end=\"733\"><p data-start=\"563\" data-end=\"733\">Salvo que se acuerde otra cosa por escrito, nuestro <strong data-start=\"603\" data-end=\"660\">Incoterm por defecto es FCA - Almac\u00e9n del vendedor (Polonia)<\/strong>. El riesgo se transmite al Comprador cuando las mercanc\u00edas <strong data-start=\"702\" data-end=\"732\">entregado al transportista<\/strong>.<\/p><\/li><\/ul><h2 data-start=\"735\" data-end=\"768\">2) Tramitaci\u00f3n y env\u00edo de pedidos<\/h2><ul data-start=\"769\" data-end=\"1062\"><li data-start=\"769\" data-end=\"889\"><p data-start=\"771\" data-end=\"889\"><strong data-start=\"771\" data-end=\"791\">Tiempo de tramitaci\u00f3n:<\/strong> 1-2 d\u00edas laborables <strong data-start=\"810\" data-end=\"840\">tras la confirmaci\u00f3n del pago<\/strong> (m\u00e1s tiempo para pedidos grandes o personalizados).<\/p><\/li><li data-start=\"890\" data-end=\"971\"><p data-start=\"892\" data-end=\"971\"><strong data-start=\"892\" data-end=\"914\">Plazo de env\u00edo:<\/strong> en <strong data-start=\"922\" data-end=\"968\">7 d\u00edas naturales tras la confirmaci\u00f3n del pago<\/strong>.<\/p><\/li><li data-start=\"972\" data-end=\"1062\"><p data-start=\"974\" data-end=\"1062\">Si se prev\u00e9 un retraso (por ejemplo, pal\u00e9s a granel, temporada alta), se lo notificaremos con antelaci\u00f3n.<\/p><\/li><\/ul><h2 data-start=\"1064\" data-end=\"1086\">3) Portadores y modos<\/h2><ul data-start=\"1087\" data-end=\"1249\"><li data-start=\"1087\" data-end=\"1154\"><p data-start=\"1089\" data-end=\"1154\"><strong data-start=\"1089\" data-end=\"1102\">Transportistas:<\/strong> DHL, FedEx, UPS, DPD y socios de transporte locales.<\/p><\/li><li data-start=\"1155\" data-end=\"1249\"><p data-start=\"1157\" data-end=\"1249\"><strong data-start=\"1157\" data-end=\"1167\">Modos:<\/strong> paquete est\u00e1ndar\/express, <strong data-start=\"1193\" data-end=\"1215\">carga paletizada<\/strong>y <strong data-start=\"1221\" data-end=\"1248\">carga sobredimensionada\/pesada<\/strong>.<\/p><\/li><\/ul><h2 data-start=\"1251\" data-end=\"1271\">4) Zonas de entrega<\/h2><ul data-start=\"1272\" data-end=\"1515\"><li data-start=\"1272\" data-end=\"1288\"><p data-start=\"1274\" data-end=\"1288\"><strong data-start=\"1274\" data-end=\"1286\">S\u00f3lo para la UE.<\/strong><\/p><\/li><li data-start=\"1289\" data-end=\"1515\"><p data-start=\"1291\" data-end=\"1515\"><strong data-start=\"1291\" data-end=\"1310\">Zonas excluidas:<\/strong> zonas remotas e islas donde los transportistas no ofrecen un servicio est\u00e1ndar o donde los costes\/plazos son desproporcionados. Le informaremos si su direcci\u00f3n entra en una zona excluida o requiere un recargo.<\/p><\/li><\/ul><h2 data-start=\"1517\" data-end=\"1548\">5) Tiempos de tr\u00e1nsito (estimados)<\/h2><ul data-start=\"1549\" data-end=\"1646\"><li data-start=\"1549\" data-end=\"1582\"><p data-start=\"1551\" data-end=\"1582\"><strong data-start=\"1551\" data-end=\"1562\">Polonia:<\/strong> 2-4 d\u00edas laborables<\/p><\/li><li data-start=\"1583\" data-end=\"1646\"><p data-start=\"1585\" data-end=\"1646\"><strong data-start=\"1585\" data-end=\"1626\">Uni\u00f3n Europea (otros Estados miembros):<\/strong> 5-7 d\u00edas laborables<\/p><\/li><\/ul><blockquote data-start=\"1647\" data-end=\"1786\"><p data-start=\"1649\" data-end=\"1786\">Los tiempos de tr\u00e1nsito reales pueden variar debido a la capacidad del transportista, las limitaciones de la ruta, las aduanas\/inspecciones (en su caso) o los vol\u00famenes de temporada alta.<\/p><\/blockquote><h2 data-start=\"1788\" data-end=\"1808\">6) Gastos de env\u00edo<\/h2><ul data-start=\"1809\" data-end=\"2041\"><li data-start=\"1809\" data-end=\"1855\"><p data-start=\"1811\" data-end=\"1855\"><strong data-start=\"1811\" data-end=\"1831\">Precio por pedido<\/strong> (cita\/proforma).<\/p><\/li><li data-start=\"1856\" data-end=\"1917\"><p data-start=\"1858\" data-end=\"1917\"><strong data-start=\"1858\" data-end=\"1879\">Pagado por el comprador<\/strong> a menos que se acuerde lo contrario por escrito.<\/p><\/li><li data-start=\"1918\" data-end=\"2041\"><p data-start=\"1920\" data-end=\"2041\">Pueden aplicarse recargos por entrega a distancia, puerta elevadora, entrega concertada, nueva entrega, tiempo de espera o manipulaci\u00f3n especial.<\/p><\/li><\/ul><h2 data-start=\"2043\" data-end=\"2074\">7) Incoterms y transferencia de riesgos<\/h2><ul data-start=\"2075\" data-end=\"2608\"><li data-start=\"2075\" data-end=\"2188\"><p data-start=\"2077\" data-end=\"2188\"><strong data-start=\"2077\" data-end=\"2089\">Por defecto:<\/strong> <strong data-start=\"2090\" data-end=\"2127\">FCA - Almac\u00e9n del vendedor (Polonia)<\/strong>. El riesgo se transfiere al comprador <strong data-start=\"2158\" data-end=\"2185\">traspaso al operador<\/strong>.<\/p><\/li><li data-start=\"2189\" data-end=\"2448\"><p data-start=\"2191\" data-end=\"2229\"><strong data-start=\"2191\" data-end=\"2227\">Opcional previo acuerdo por escrito:<\/strong><\/p><ul data-start=\"2232\" data-end=\"2448\"><li data-start=\"2232\" data-end=\"2336\"><p data-start=\"2234\" data-end=\"2336\"><strong data-start=\"2234\" data-end=\"2272\">EXW - Almac\u00e9n del vendedor (Polonia):<\/strong> El comprador cobra; el riesgo se transfiere cuando la mercanc\u00eda se pone a disposici\u00f3n.<\/p><\/li><li data-start=\"2339\" data-end=\"2448\"><p data-start=\"2341\" data-end=\"2448\"><strong data-start=\"2341\" data-end=\"2372\">DAP - Direcci\u00f3n del comprador (UE):<\/strong> organizamos el transporte hasta sus instalaciones; el riesgo se transfiere en <strong data-start=\"2425\" data-end=\"2437\">entrega<\/strong> por DAP.<\/p><\/li><\/ul><\/li><li data-start=\"2449\" data-end=\"2608\"><p data-start=\"2451\" data-end=\"2608\">Si se acuerda el DAP, deber\u00e1 comunicarse con antelaci\u00f3n cualquier limitaci\u00f3n de acceso local (por ejemplo, no se permite carretilla elevadora, calles estrechas). Los servicios adicionales in situ pueden conllevar gastos.<\/p><\/li><\/ul><h2 data-start=\"2610\" data-end=\"2645\">8) Transportista \/ Cuenta del comprador<\/h2><ul data-start=\"2646\" data-end=\"2850\"><li data-start=\"2646\" data-end=\"2734\"><p data-start=\"2648\" data-end=\"2734\">Aceptamos <strong data-start=\"2658\" data-end=\"2687\">Transportistas designados por el comprador<\/strong> o <strong data-start=\"2691\" data-end=\"2718\">Cuenta del transportista del comprador<\/strong> previa solicitud.<\/p><\/li><li data-start=\"2735\" data-end=\"2850\"><p data-start=\"2737\" data-end=\"2850\">Cuando el Comprador designa al transportista, el riesgo se transfiere al <strong data-start=\"2799\" data-end=\"2827\">traspaso a ese operador<\/strong> (coherente con la FCA).<\/p><\/li><\/ul><h2 data-start=\"2852\" data-end=\"2875\">9) Seguimiento y estado<\/h2><ul data-start=\"2876\" data-end=\"3062\"><li data-start=\"2876\" data-end=\"2957\"><p data-start=\"2878\" data-end=\"2957\">A <strong data-start=\"2880\" data-end=\"2899\">n\u00famero de seguimiento<\/strong> (o referencia de carga) se facilitar\u00e1 tras el env\u00edo.<\/p><\/li><li data-start=\"2958\" data-end=\"3062\"><p data-start=\"2960\" data-end=\"3062\">El estado del env\u00edo puede comprobarse en la p\u00e1gina <strong data-start=\"2998\" data-end=\"3019\">sitio web del transportista<\/strong> o poni\u00e9ndose en contacto con nosotros en <strong data-start=\"3043\" data-end=\"3061\"><a class=\"decorated-link cursor-pointer\" rel=\"noopener\" data-start=\"3045\" data-end=\"3059\">info@velazo.pl<\/a><\/strong>.<\/p><\/li><\/ul><h2 data-start=\"3064\" data-end=\"3103\">10) Entrega e inspecci\u00f3n a la recepci\u00f3n<\/h2><ul data-start=\"3104\" data-end=\"3529\"><li data-start=\"3104\" data-end=\"3255\"><p data-start=\"3106\" data-end=\"3255\">El comprador debe <strong data-start=\"3121\" data-end=\"3167\">inspeccionar el embalaje y el contenido en el momento de la entrega<\/strong> y <strong data-start=\"3172\" data-end=\"3211\">observe cualquier da\u00f1o o escasez visible<\/strong> en el documento de entrega del transportista (POD).<\/p><\/li><li data-start=\"3256\" data-end=\"3434\"><p data-start=\"3258\" data-end=\"3434\">Las reclamaciones por da\u00f1os, p\u00e9rdidas o faltas deben ser <strong data-start=\"3303\" data-end=\"3351\">planteada en el momento de la entrega o en un plazo de 7 d\u00edas naturales<\/strong> de entrega e incluyen <strong data-start=\"3376\" data-end=\"3431\">fotos, etiquetas de embalaje y cualquier anotaci\u00f3n del transportista<\/strong>.<\/p><\/li><li data-start=\"3435\" data-end=\"3529\"><p data-start=\"3437\" data-end=\"3529\">Si no se anotan los da\u00f1os o faltas, puede verse afectada la capacidad de reclamaci\u00f3n contra el transportista o la aseguradora.<\/p><\/li><\/ul><h2 data-start=\"3531\" data-end=\"3563\">11) Env\u00edos da\u00f1ados o perdidos<\/h2><ul data-start=\"3564\" data-end=\"3935\"><li data-start=\"3564\" data-end=\"3791\"><p data-start=\"3566\" data-end=\"3632\">La responsabilidad por da\u00f1os y perjuicios depende del <strong data-start=\"3612\" data-end=\"3624\">Incoterm<\/strong> usado:<\/p><ul data-start=\"3635\" data-end=\"3791\"><li data-start=\"3635\" data-end=\"3727\"><p data-start=\"3637\" data-end=\"3727\">En <strong data-start=\"3643\" data-end=\"3654\">FCA\/EXW<\/strong>El comprador presenta el siniestro a su compa\u00f1\u00eda de seguros tras la transferencia del riesgo.<\/p><\/li><li data-start=\"3730\" data-end=\"3791\"><p data-start=\"3732\" data-end=\"3791\">En <strong data-start=\"3738\" data-end=\"3745\">DAP<\/strong>nos coordinamos con el transportista para las reclamaciones.<\/p><\/li><\/ul><\/li><li data-start=\"3792\" data-end=\"3935\"><p data-start=\"3794\" data-end=\"3935\"><strong data-start=\"3794\" data-end=\"3817\">M\u00e9todo de compensaci\u00f3n<\/strong> (reembolso, sustituci\u00f3n, cr\u00e9dito) ser\u00e1 <strong data-start=\"3856\" data-end=\"3875\">de mutuo acuerdo<\/strong> tras la revisi\u00f3n de la reclamaci\u00f3n y la confirmaci\u00f3n por parte del transportista\/asegurador.<\/p><\/li><\/ul><h2 data-start=\"3937\" data-end=\"3966\">12) Fuerza mayor y retrasos<\/h2><ul data-start=\"3967\" data-end=\"4194\"><li data-start=\"3967\" data-end=\"4194\"><p data-start=\"3969\" data-end=\"4194\">Somos <strong data-start=\"3976\" data-end=\"3990\">no responsable<\/strong> por retrasos causados por acontecimientos ajenos a un control razonable, incluidos, entre otros, los siguientes <strong data-start=\"4075\" data-end=\"4162\">condiciones meteorol\u00f3gicas, huelgas, perturbaciones del transporte, accidentes, controles reglamentarios, interrupciones del sistema<\/strong>u otros acontecimientos de fuerza mayor.<\/p><\/li><\/ul><h2 data-start=\"4196\" data-end=\"4237\">13) Requisitos de la UE sobre pal\u00e9s y embalajes<\/h2><p data-start=\"4238\" data-end=\"4353\">Para garantizar un transporte B2B seguro y conforme a las normas dentro de la UE, aplicamos las siguientes normas, a menos que se acuerde lo contrario:<\/p><ul data-start=\"4354\" data-end=\"5839\"><li data-start=\"4354\" data-end=\"4618\"><p data-start=\"4356\" data-end=\"4375\"><strong data-start=\"4356\" data-end=\"4373\">Tipos de paletas:<\/strong><\/p><ul data-start=\"4378\" data-end=\"4618\"><li data-start=\"4378\" data-end=\"4457\"><p data-start=\"4380\" data-end=\"4457\"><strong data-start=\"4380\" data-end=\"4404\">EUR\/EPAL 1200\u00d7800 mm<\/strong> (primario), o <strong data-start=\"4419\" data-end=\"4439\">ISO 1200\u00d71000 mm<\/strong> cuando proceda.<\/p><\/li><li data-start=\"4460\" data-end=\"4523\"><p data-start=\"4462\" data-end=\"4523\">Buen estado, sin tablas rotas ni clavos salientes.<\/p><\/li><li data-start=\"4526\" data-end=\"4618\"><p data-start=\"4528\" data-end=\"4618\"><strong data-start=\"4528\" data-end=\"4539\">NIMF 15<\/strong> madera tratada para cualquier embalaje\/pal\u00e9 de madera transfronterizo cuando sea necesario.<\/p><\/li><\/ul><\/li><li data-start=\"4619\" data-end=\"4985\"><p data-start=\"4621\" data-end=\"4643\"><strong data-start=\"4621\" data-end=\"4641\">Carga y apilado:<\/strong><\/p><ul data-start=\"4646\" data-end=\"4985\"><li data-start=\"4646\" data-end=\"4734\"><p data-start=\"4648\" data-end=\"4734\">Las cargas de pal\u00e9s deben ser <strong data-start=\"4669\" data-end=\"4690\">estable, apilable<\/strong>y <strong data-start=\"4696\" data-end=\"4731\">no sobrepasar la huella de la paleta<\/strong>.<\/p><\/li><li data-start=\"4737\" data-end=\"4851\"><p data-start=\"4739\" data-end=\"4851\">Peso m\u00e1ximo del pal\u00e9 sujeto a los l\u00edmites del transportista; normalmente <strong data-start=\"4794\" data-end=\"4812\">\u2264 700-1.000 kg<\/strong> por EPAL, salvo que se especifique lo contrario.<\/p><\/li><li data-start=\"4854\" data-end=\"4985\"><p data-start=\"4856\" data-end=\"4985\"><strong data-start=\"4856\" data-end=\"4874\">Altura uniforme<\/strong> por env\u00edo siempre que sea posible para optimizar la manipulaci\u00f3n (a menudo <strong data-start=\"4934\" data-end=\"4950\">\u2264 180-200 cm<\/strong> altura total, incluida la paleta).<\/p><\/li><\/ul><\/li><li data-start=\"4986\" data-end=\"5298\"><p data-start=\"4988\" data-end=\"5008\"><strong data-start=\"4988\" data-end=\"5006\">Estabilizaci\u00f3n:<\/strong><\/p><ul data-start=\"5011\" data-end=\"5298\"><li data-start=\"5011\" data-end=\"5155\"><p data-start=\"5013\" data-end=\"5155\">Utilice <strong data-start=\"5017\" data-end=\"5050\">cantoneras\/protectores de esquinas<\/strong>, <strong data-start=\"5052\" data-end=\"5065\">flejado<\/strong>y <strong data-start=\"5071\" data-end=\"5087\">envoltura extensible<\/strong> para asegurar las mercanc\u00edas; aplique una l\u00e1mina superior contra el polvo\/humedad si es necesario.<\/p><\/li><li data-start=\"5158\" data-end=\"5298\"><p data-start=\"5160\" data-end=\"5298\">Los art\u00edculos fr\u00e1giles (por ejemplo, fregaderos\/ grifos\/accesorios) se <strong data-start=\"5212\" data-end=\"5233\">caja de doble pared<\/strong>, con acolchado interior y protecci\u00f3n en bordes y esquinas.<\/p><\/li><\/ul><\/li><li data-start=\"5299\" data-end=\"5623\"><p data-start=\"5301\" data-end=\"5316\"><strong data-start=\"5301\" data-end=\"5314\">Etiquetado:<\/strong><\/p><ul data-start=\"5319\" data-end=\"5623\"><li data-start=\"5319\" data-end=\"5500\"><p data-start=\"5321\" data-end=\"5500\">Cada paleta\/caja etiquetada con <strong data-start=\"5353\" data-end=\"5374\">expedidor\/consignatario<\/strong>, <strong data-start=\"5376\" data-end=\"5395\">n\u00famero de pedido\/PO<\/strong>, <strong data-start=\"5397\" data-end=\"5433\">recuento de cajas\/pal\u00e9s (por ejemplo, 1\/10)<\/strong>y <strong data-start=\"5439\" data-end=\"5457\">marcas de manipulaci\u00f3n<\/strong> (FRAGILE\/This Side Up en su caso).<\/p><\/li><li data-start=\"5503\" data-end=\"5623\"><p data-start=\"5505\" data-end=\"5623\">Adjuntar <strong data-start=\"5512\" data-end=\"5528\">lista de embalaje<\/strong> externamente (bolsa de documentos) e incluir una copia dentro del cart\u00f3n\/pal\u00e9 de plomo cuando sea factible.<\/p><\/li><\/ul><\/li><li data-start=\"5624\" data-end=\"5839\"><p data-start=\"5626\" data-end=\"5651\"><strong data-start=\"5626\" data-end=\"5649\">Acceso y equipamiento:<\/strong><\/p><ul data-start=\"5654\" data-end=\"5839\"><li data-start=\"5654\" data-end=\"5839\"><p data-start=\"5656\" data-end=\"5839\">El comprador debe garantizar <strong data-start=\"5674\" data-end=\"5704\">acceso adecuado para camiones<\/strong> y <strong data-start=\"5709\" data-end=\"5732\">equipo de descarga<\/strong> (carretilla elevadora o transpaleta). Si necesita <strong data-start=\"5775\" data-end=\"5788\">elevador trasero<\/strong> o <strong data-start=\"5792\" data-end=\"5816\">entrega de citas<\/strong>inf\u00f3rmenos con antelaci\u00f3n.<\/p><\/li><\/ul><\/li><\/ul><h2 data-start=\"5841\" data-end=\"5868\">14) Instrucciones especiales<\/h2><ul data-start=\"5869\" data-end=\"6200\"><li data-start=\"5869\" data-end=\"6066\"><p data-start=\"5871\" data-end=\"6066\">Si su sitio necesita <strong data-start=\"5890\" data-end=\"5912\">entrega en franjas horarias<\/strong>, <strong data-start=\"5914\" data-end=\"5926\">compuerta elevadora<\/strong>, <strong data-start=\"5928\" data-end=\"5947\">entrega en el interior<\/strong>o <strong data-start=\"5952\" data-end=\"5975\">acceso no est\u00e1ndar<\/strong>notif\u00edquenoslo <strong data-start=\"5994\" data-end=\"6013\">antes del env\u00edo<\/strong> para que el transportista pueda organizarlo (pueden aplicarse gastos).<\/p><\/li><li data-start=\"6067\" data-end=\"6200\"><p data-start=\"6069\" data-end=\"6200\">Para <strong data-start=\"6073\" data-end=\"6096\">sobredimensionado o a medida<\/strong> pedidos, puede ser necesario un plazo de entrega adicional y un embalaje especial; lo confirmaremos caso por caso.<\/p><\/li><\/ul><h2 data-start=\"6202\" data-end=\"6216\">15) Contacto<\/h2><p data-start=\"1385\" data-end=\"1455\">Las preguntas sobre log\u00edstica, asistencia para el seguimiento o reclamaciones pueden dirigirse a:<\/p><p data-start=\"1457\" data-end=\"1704\"><strong data-start=\"1457\" data-end=\"1472\">Marca:<\/strong> VELAZO.<br data-start=\"1480\" data-end=\"1483\" \/><strong data-start=\"1483\" data-end=\"1500\">Nombre de la empresa:<\/strong> U2 EMPRESA SP. Z O.O.<br data-start=\"1522\" data-end=\"1525\" \/><strong data-start=\"1525\" data-end=\"1548\">Domicilio social:<\/strong> UL. PU\u0141AWSKA 221 \/ 1, 02-715 WARSZAWA, Polonia<br data-start=\"1594\" data-end=\"1597\" \/><strong data-start=\"1597\" data-end=\"1607\">Tel\u00e9fono:<\/strong> +48 573 202 087<br data-start=\"1623\" data-end=\"1626\" \/><strong data-start=\"1626\" data-end=\"1636\">Correo electr\u00f3nico:<\/strong> <a class=\"decorated-link cursor-pointer\" rel=\"noopener\" data-start=\"1637\" data-end=\"1651\">info@velazo.pl<\/a><br data-start=\"1651\" data-end=\"1654\" \/><strong data-start=\"1654\" data-end=\"1668\">IVA (NIP):<\/strong> 7011104333<br data-start=\"1679\" data-end=\"1682\" \/><strong data-start=\"1682\" data-end=\"1692\">REGON:<\/strong> 523032819<\/p>\t\t\t\t\t\t\t\t<\/div>\n\t\t\t\t<\/div>\n\t\t\t\t\t<\/div>\n\t\t\t\t<\/div>\n\t\t\t\t<\/div>","protected":false},"excerpt":{"rendered":"<p>Fecha de entrada en vigor: 11 de septiembre de 2025Aplicable a: S\u00f3lo a clientes empresariales (B2B)De: U2 COMPANY SP\u00d3\u0141KA Z OGRANICZON\u0104 ODPOWIEDZIALNO\u015aCI\u0104 (Polonia)Contacto: info@velazo.pl 1) Generalidades Esta Pol\u00edtica de env\u00edos se aplica exclusivamente a las transacciones B2B en velazo-b2b.com.<\/p>","protected":false},"author":1,"featured_media":0,"parent":0,"menu_order":0,"comment_status":"closed","ping_status":"closed","template":"","meta":{"footnotes":""},"class_list":["post-3224","page","type-page","status-publish","hentry"],"yoast_head":"<!-- This site is optimized with the Yoast SEO plugin v27.4 - https:\/\/yoast.com\/product\/yoast-seo-wordpress\/ -->\n<title>Shipping Policy - VELAZO.<\/title>\n<meta name=\"robots\" content=\"index, follow, max-snippet:-1, max-image-preview:large, max-video-preview:-1\" \/>\n<link rel=\"canonical\" href=\"https:\/\/velazo-b2b.com\/es\/politica-de-envios\/\" \/>\n<meta property=\"og:locale\" content=\"es_ES\" \/>\n<meta property=\"og:type\" content=\"article\" \/>\n<meta property=\"og:title\" content=\"Shipping Policy - VELAZO.\" \/>\n<meta property=\"og:description\" content=\"Effective date: 11 September 2025Applies to: Business customers only (B2B)From: U2 COMPANY SP\u00d3\u0141KA Z OGRANICZON\u0104 ODPOWIEDZIALNO\u015aCI\u0104 (Poland)Contact: info@velazo.pl 1) General This Shipping Policy applies exclusively to B2B transactions on velazo-b2b.com.\" \/>\n<meta property=\"og:url\" content=\"https:\/\/velazo-b2b.com\/es\/politica-de-envios\/\" \/>\n<meta property=\"og:site_name\" content=\"VELAZO.\" \/>\n<meta property=\"article:modified_time\" content=\"2025-09-11T10:55:44+00:00\" \/>\n<meta name=\"twitter:card\" content=\"summary_large_image\" \/>\n<meta name=\"twitter:label1\" content=\"Tiempo de lectura\" \/>\n\t<meta name=\"twitter:data1\" content=\"4 minutos\" \/>\n<script type=\"application\/ld+json\" class=\"yoast-schema-graph\">{\"@context\":\"https:\\\/\\\/schema.org\",\"@graph\":[{\"@type\":\"WebPage\",\"@id\":\"https:\\\/\\\/velazo-b2b.com\\\/shipping-policy\\\/\",\"url\":\"https:\\\/\\\/velazo-b2b.com\\\/shipping-policy\\\/\",\"name\":\"Shipping Policy - VELAZO.\",\"isPartOf\":{\"@id\":\"https:\\\/\\\/velazo-b2b.com\\\/#website\"},\"datePublished\":\"2025-09-11T10:51:29+00:00\",\"dateModified\":\"2025-09-11T10:55:44+00:00\",\"breadcrumb\":{\"@id\":\"https:\\\/\\\/velazo-b2b.com\\\/shipping-policy\\\/#breadcrumb\"},\"inLanguage\":\"es\",\"potentialAction\":[{\"@type\":\"ReadAction\",\"target\":[\"https:\\\/\\\/velazo-b2b.com\\\/shipping-policy\\\/\"]}]},{\"@type\":\"BreadcrumbList\",\"@id\":\"https:\\\/\\\/velazo-b2b.com\\\/shipping-policy\\\/#breadcrumb\",\"itemListElement\":[{\"@type\":\"ListItem\",\"position\":1,\"name\":\"Home\",\"item\":\"https:\\\/\\\/velazo-b2b.com\\\/\"},{\"@type\":\"ListItem\",\"position\":2,\"name\":\"Shipping Policy\"}]},{\"@type\":\"WebSite\",\"@id\":\"https:\\\/\\\/velazo-b2b.com\\\/#website\",\"url\":\"https:\\\/\\\/velazo-b2b.com\\\/\",\"name\":\"VELAZO.\",\"description\":\"\",\"potentialAction\":[{\"@type\":\"SearchAction\",\"target\":{\"@type\":\"EntryPoint\",\"urlTemplate\":\"https:\\\/\\\/velazo-b2b.com\\\/?s={search_term_string}\"},\"query-input\":{\"@type\":\"PropertyValueSpecification\",\"valueRequired\":true,\"valueName\":\"search_term_string\"}}],\"inLanguage\":\"es\"}]}<\/script>\n<!-- \/ Yoast SEO plugin. -->","yoast_head_json":{"title":"Pol\u00edtica de env\u00edos - VELAZO.","robots":{"index":"index","follow":"follow","max-snippet":"max-snippet:-1","max-image-preview":"max-image-preview:large","max-video-preview":"max-video-preview:-1"},"canonical":"https:\/\/velazo-b2b.com\/es\/politica-de-envios\/","og_locale":"es_ES","og_type":"article","og_title":"Shipping Policy - VELAZO.","og_description":"Effective date: 11 September 2025Applies to: Business customers only (B2B)From: U2 COMPANY SP\u00d3\u0141KA Z OGRANICZON\u0104 ODPOWIEDZIALNO\u015aCI\u0104 (Poland)Contact: info@velazo.pl 1) General This Shipping Policy applies exclusively to B2B transactions on velazo-b2b.com.","og_url":"https:\/\/velazo-b2b.com\/es\/politica-de-envios\/","og_site_name":"VELAZO.","article_modified_time":"2025-09-11T10:55:44+00:00","twitter_card":"summary_large_image","twitter_misc":{"Tiempo de lectura":"4 minutos"},"schema":{"@context":"https:\/\/schema.org","@graph":[{"@type":"WebPage","@id":"https:\/\/velazo-b2b.com\/shipping-policy\/","url":"https:\/\/velazo-b2b.com\/shipping-policy\/","name":"Pol\u00edtica de env\u00edos - VELAZO.","isPartOf":{"@id":"https:\/\/velazo-b2b.com\/#website"},"datePublished":"2025-09-11T10:51:29+00:00","dateModified":"2025-09-11T10:55:44+00:00","breadcrumb":{"@id":"https:\/\/velazo-b2b.com\/shipping-policy\/#breadcrumb"},"inLanguage":"es","potentialAction":[{"@type":"ReadAction","target":["https:\/\/velazo-b2b.com\/shipping-policy\/"]}]},{"@type":"BreadcrumbList","@id":"https:\/\/velazo-b2b.com\/shipping-policy\/#breadcrumb","itemListElement":[{"@type":"ListItem","position":1,"name":"Home","item":"https:\/\/velazo-b2b.com\/"},{"@type":"ListItem","position":2,"name":"Shipping Policy"}]},{"@type":"WebSite","@id":"https:\/\/velazo-b2b.com\/#website","url":"https:\/\/velazo-b2b.com\/","name":"VELAZO.","description":"","potentialAction":[{"@type":"SearchAction","target":{"@type":"EntryPoint","urlTemplate":"https:\/\/velazo-b2b.com\/?s={search_term_string}"},"query-input":{"@type":"PropertyValueSpecification","valueRequired":true,"valueName":"search_term_string"}}],"inLanguage":"es"}]}},"_links":{"self":[{"href":"https:\/\/velazo-b2b.com\/es\/wp-json\/wp\/v2\/pages\/3224","targetHints":{"allow":["GET"]}}],"collection":[{"href":"https:\/\/velazo-b2b.com\/es\/wp-json\/wp\/v2\/pages"}],"about":[{"href":"https:\/\/velazo-b2b.com\/es\/wp-json\/wp\/v2\/types\/page"}],"author":[{"embeddable":true,"href":"https:\/\/velazo-b2b.com\/es\/wp-json\/wp\/v2\/users\/1"}],"replies":[{"embeddable":true,"href":"https:\/\/velazo-b2b.com\/es\/wp-json\/wp\/v2\/comments?post=3224"}],"version-history":[{"count":0,"href":"https:\/\/velazo-b2b.com\/es\/wp-json\/wp\/v2\/pages\/3224\/revisions"}],"wp:attachment":[{"href":"https:\/\/velazo-b2b.com\/es\/wp-json\/wp\/v2\/media?parent=3224"}],"curies":[{"name":"wp","href":"https:\/\/api.w.org\/{rel}","templated":true}]}}