{"id":250,"date":"2025-04-09T14:37:00","date_gmt":"2025-04-09T14:37:00","guid":{"rendered":"https:\/\/velazo-b2b.com\/product\/telescopic-basket-for-kitchen-sinks-in-silver\/"},"modified":"2025-12-16T15:33:22","modified_gmt":"2025-12-16T14:33:22","slug":"cesta-telescopica-para-fregaderos-de-cocina-en-plata","status":"publish","type":"product","link":"https:\/\/velazo-b2b.com\/es\/product\/cesta-telescopica-para-fregaderos-de-cocina-en-plata\/","title":{"rendered":"Cesta telesc\u00f3pica para fregaderos de cocina en plata"},"content":{"rendered":"<p data-mce-fragment=\"1\">La cesta telesc\u00f3pica es un complemento inestimable para una cocina moderna, ya que combina practicidad y dise\u00f1o est\u00e9tico. Su dise\u00f1o telesc\u00f3pico permite adaptarla a diversas aplicaciones. Es ideal como escurreplatos, ya que permite dirigir el agua directamente al fregadero, lo que acelera el proceso de secado de la vajilla.<\/p>\n<p data-mce-fragment=\"1\">Adem\u00e1s, al actuar como colador, es <strong>perfecto para lavar frutas y verduras<\/strong>La limpieza es eficaz. La cesta tambi\u00e9n se puede utilizar como <strong>secador durante la descongelaci\u00f3n<\/strong>El sistema de descongelaci\u00f3n por aire permite la libre circulaci\u00f3n del aire y acelera el proceso de descongelaci\u00f3n.<\/p>\n<p data-mce-fragment=\"1\">El dise\u00f1o de la cesta telesc\u00f3pica se ha concebido pensando en la facilidad de uso y cuidado. La superficie lisa y la construcci\u00f3n bien pensada facilitan una limpieza r\u00e1pida y eficaz. <\/p>\n<p data-mce-fragment=\"1\"><\/p>\n<p data-mce-fragment=\"1\">","protected":false},"excerpt":{"rendered":"<p>La cesta telesc\u00f3pica es un complemento inestimable para una cocina moderna, ya que combina practicidad y dise\u00f1o est\u00e9tico. Su dise\u00f1o telesc\u00f3pico permite adaptarla a diversas aplicaciones. Es ideal para<\/p>","protected":false},"featured_media":249,"comment_status":"open","ping_status":"closed","template":"","meta":[],"product_cat":[65,64],"product_tag":[17,18],"class_list":{"0":"post-250","1":"product","2":"type-product","3":"status-publish","4":"has-post-thumbnail","6":"product_cat-accessories","7":"product_cat-metal-dish-drainers","8":"product_tag-accessories","9":"product_tag-drainers","11":"first","12":"instock","13":"taxable","14":"shipping-taxable","15":"product-type-simple"},"yoast_head":"<!-- This site is optimized with the Yoast SEO plugin v27.4 - https:\/\/yoast.com\/product\/yoast-seo-wordpress\/ -->\n<title>Telescopic Basket for Kitchen Sinks in Silver - VELAZO.<\/title>\n<meta name=\"robots\" content=\"index, follow, max-snippet:-1, max-image-preview:large, max-video-preview:-1\" \/>\n<link rel=\"canonical\" href=\"https:\/\/velazo-b2b.com\/es\/product\/cesta-telescopica-para-fregaderos-de-cocina-en-plata\/\" \/>\n<meta property=\"og:locale\" content=\"es_ES\" \/>\n<meta property=\"og:type\" content=\"article\" \/>\n<meta property=\"og:title\" content=\"Telescopic Basket for Kitchen Sinks in Silver - VELAZO.\" \/>\n<meta property=\"og:description\" content=\"The telescopic basket is an invaluable addition to a modern kitchen, combining practicality and aesthetic design. Its telescopic design allows it to be adapted to various applications. It is ideal\" \/>\n<meta property=\"og:url\" content=\"https:\/\/velazo-b2b.com\/es\/product\/cesta-telescopica-para-fregaderos-de-cocina-en-plata\/\" \/>\n<meta property=\"og:site_name\" content=\"VELAZO.\" \/>\n<meta property=\"article:modified_time\" content=\"2025-12-16T14:33:22+00:00\" \/>\n<meta property=\"og:image\" content=\"https:\/\/velazo-b2b.com\/wp-content\/uploads\/2025\/04\/943c7187-2d29-48df-8f0c-3c3fc1291841-490ed7f0-8bb7-4dce-87f3-ae3e5c38a6dc.jpg\" \/>\n\t<meta property=\"og:image:width\" content=\"1024\" \/>\n\t<meta property=\"og:image:height\" content=\"773\" \/>\n\t<meta property=\"og:image:type\" content=\"image\/jpeg\" \/>\n<meta name=\"twitter:card\" content=\"summary_large_image\" \/>\n<meta name=\"twitter:label1\" content=\"Tiempo de lectura\" \/>\n\t<meta name=\"twitter:data1\" content=\"1 minuto\" \/>\n<script type=\"application\/ld+json\" class=\"yoast-schema-graph\">{\"@context\":\"https:\\\/\\\/schema.org\",\"@graph\":[{\"@type\":\"WebPage\",\"@id\":\"https:\\\/\\\/velazo-b2b.com\\\/product\\\/telescopic-basket-for-kitchen-sinks-in-silver\\\/\",\"url\":\"https:\\\/\\\/velazo-b2b.com\\\/product\\\/telescopic-basket-for-kitchen-sinks-in-silver\\\/\",\"name\":\"Telescopic Basket for Kitchen Sinks in Silver - VELAZO.\",\"isPartOf\":{\"@id\":\"https:\\\/\\\/velazo-b2b.com\\\/#website\"},\"primaryImageOfPage\":{\"@id\":\"https:\\\/\\\/velazo-b2b.com\\\/product\\\/telescopic-basket-for-kitchen-sinks-in-silver\\\/#primaryimage\"},\"image\":{\"@id\":\"https:\\\/\\\/velazo-b2b.com\\\/product\\\/telescopic-basket-for-kitchen-sinks-in-silver\\\/#primaryimage\"},\"thumbnailUrl\":\"https:\\\/\\\/velazo-b2b.com\\\/wp-content\\\/uploads\\\/2025\\\/04\\\/943c7187-2d29-48df-8f0c-3c3fc1291841-490ed7f0-8bb7-4dce-87f3-ae3e5c38a6dc.jpg\",\"datePublished\":\"2025-04-09T14:37:00+00:00\",\"dateModified\":\"2025-12-16T14:33:22+00:00\",\"breadcrumb\":{\"@id\":\"https:\\\/\\\/velazo-b2b.com\\\/product\\\/telescopic-basket-for-kitchen-sinks-in-silver\\\/#breadcrumb\"},\"inLanguage\":\"es\",\"potentialAction\":[{\"@type\":\"ReadAction\",\"target\":[\"https:\\\/\\\/velazo-b2b.com\\\/product\\\/telescopic-basket-for-kitchen-sinks-in-silver\\\/\"]}]},{\"@type\":\"ImageObject\",\"inLanguage\":\"es\",\"@id\":\"https:\\\/\\\/velazo-b2b.com\\\/product\\\/telescopic-basket-for-kitchen-sinks-in-silver\\\/#primaryimage\",\"url\":\"https:\\\/\\\/velazo-b2b.com\\\/wp-content\\\/uploads\\\/2025\\\/04\\\/943c7187-2d29-48df-8f0c-3c3fc1291841-490ed7f0-8bb7-4dce-87f3-ae3e5c38a6dc.jpg\",\"contentUrl\":\"https:\\\/\\\/velazo-b2b.com\\\/wp-content\\\/uploads\\\/2025\\\/04\\\/943c7187-2d29-48df-8f0c-3c3fc1291841-490ed7f0-8bb7-4dce-87f3-ae3e5c38a6dc.jpg\",\"width\":1024,\"height\":773},{\"@type\":\"BreadcrumbList\",\"@id\":\"https:\\\/\\\/velazo-b2b.com\\\/product\\\/telescopic-basket-for-kitchen-sinks-in-silver\\\/#breadcrumb\",\"itemListElement\":[{\"@type\":\"ListItem\",\"position\":1,\"name\":\"Home\",\"item\":\"https:\\\/\\\/velazo-b2b.com\\\/\"},{\"@type\":\"ListItem\",\"position\":2,\"name\":\"Shop\",\"item\":\"https:\\\/\\\/velazo-b2b.com\\\/shop-page\\\/\"},{\"@type\":\"ListItem\",\"position\":3,\"name\":\"Telescopic Basket for Kitchen Sinks in Silver\"}]},{\"@type\":\"WebSite\",\"@id\":\"https:\\\/\\\/velazo-b2b.com\\\/#website\",\"url\":\"https:\\\/\\\/velazo-b2b.com\\\/\",\"name\":\"VELAZO.\",\"description\":\"\",\"potentialAction\":[{\"@type\":\"SearchAction\",\"target\":{\"@type\":\"EntryPoint\",\"urlTemplate\":\"https:\\\/\\\/velazo-b2b.com\\\/?s={search_term_string}\"},\"query-input\":{\"@type\":\"PropertyValueSpecification\",\"valueRequired\":true,\"valueName\":\"search_term_string\"}}],\"inLanguage\":\"es\"}]}<\/script>\n<!-- \/ Yoast SEO plugin. -->","yoast_head_json":{"title":"Cesta Telesc\u00f3pica para Fregaderos de Cocina en Plata - VELAZO.","robots":{"index":"index","follow":"follow","max-snippet":"max-snippet:-1","max-image-preview":"max-image-preview:large","max-video-preview":"max-video-preview:-1"},"canonical":"https:\/\/velazo-b2b.com\/es\/product\/cesta-telescopica-para-fregaderos-de-cocina-en-plata\/","og_locale":"es_ES","og_type":"article","og_title":"Telescopic Basket for Kitchen Sinks in Silver - VELAZO.","og_description":"The telescopic basket is an invaluable addition to a modern kitchen, combining practicality and aesthetic design. Its telescopic design allows it to be adapted to various applications. It is ideal","og_url":"https:\/\/velazo-b2b.com\/es\/product\/cesta-telescopica-para-fregaderos-de-cocina-en-plata\/","og_site_name":"VELAZO.","article_modified_time":"2025-12-16T14:33:22+00:00","og_image":[{"width":1024,"height":773,"url":"https:\/\/velazo-b2b.com\/wp-content\/uploads\/2025\/04\/943c7187-2d29-48df-8f0c-3c3fc1291841-490ed7f0-8bb7-4dce-87f3-ae3e5c38a6dc.jpg","type":"image\/jpeg"}],"twitter_card":"summary_large_image","twitter_misc":{"Tiempo de lectura":"1 minuto"},"schema":{"@context":"https:\/\/schema.org","@graph":[{"@type":"WebPage","@id":"https:\/\/velazo-b2b.com\/product\/telescopic-basket-for-kitchen-sinks-in-silver\/","url":"https:\/\/velazo-b2b.com\/product\/telescopic-basket-for-kitchen-sinks-in-silver\/","name":"Cesta Telesc\u00f3pica para Fregaderos de Cocina en Plata - VELAZO.","isPartOf":{"@id":"https:\/\/velazo-b2b.com\/#website"},"primaryImageOfPage":{"@id":"https:\/\/velazo-b2b.com\/product\/telescopic-basket-for-kitchen-sinks-in-silver\/#primaryimage"},"image":{"@id":"https:\/\/velazo-b2b.com\/product\/telescopic-basket-for-kitchen-sinks-in-silver\/#primaryimage"},"thumbnailUrl":"https:\/\/velazo-b2b.com\/wp-content\/uploads\/2025\/04\/943c7187-2d29-48df-8f0c-3c3fc1291841-490ed7f0-8bb7-4dce-87f3-ae3e5c38a6dc.jpg","datePublished":"2025-04-09T14:37:00+00:00","dateModified":"2025-12-16T14:33:22+00:00","breadcrumb":{"@id":"https:\/\/velazo-b2b.com\/product\/telescopic-basket-for-kitchen-sinks-in-silver\/#breadcrumb"},"inLanguage":"es","potentialAction":[{"@type":"ReadAction","target":["https:\/\/velazo-b2b.com\/product\/telescopic-basket-for-kitchen-sinks-in-silver\/"]}]},{"@type":"ImageObject","inLanguage":"es","@id":"https:\/\/velazo-b2b.com\/product\/telescopic-basket-for-kitchen-sinks-in-silver\/#primaryimage","url":"https:\/\/velazo-b2b.com\/wp-content\/uploads\/2025\/04\/943c7187-2d29-48df-8f0c-3c3fc1291841-490ed7f0-8bb7-4dce-87f3-ae3e5c38a6dc.jpg","contentUrl":"https:\/\/velazo-b2b.com\/wp-content\/uploads\/2025\/04\/943c7187-2d29-48df-8f0c-3c3fc1291841-490ed7f0-8bb7-4dce-87f3-ae3e5c38a6dc.jpg","width":1024,"height":773},{"@type":"BreadcrumbList","@id":"https:\/\/velazo-b2b.com\/product\/telescopic-basket-for-kitchen-sinks-in-silver\/#breadcrumb","itemListElement":[{"@type":"ListItem","position":1,"name":"Home","item":"https:\/\/velazo-b2b.com\/"},{"@type":"ListItem","position":2,"name":"Shop","item":"https:\/\/velazo-b2b.com\/shop-page\/"},{"@type":"ListItem","position":3,"name":"Telescopic Basket for Kitchen Sinks in Silver"}]},{"@type":"WebSite","@id":"https:\/\/velazo-b2b.com\/#website","url":"https:\/\/velazo-b2b.com\/","name":"VELAZO.","description":"","potentialAction":[{"@type":"SearchAction","target":{"@type":"EntryPoint","urlTemplate":"https:\/\/velazo-b2b.com\/?s={search_term_string}"},"query-input":{"@type":"PropertyValueSpecification","valueRequired":true,"valueName":"search_term_string"}}],"inLanguage":"es"}]}},"_links":{"self":[{"href":"https:\/\/velazo-b2b.com\/es\/wp-json\/wp\/v2\/product\/250","targetHints":{"allow":["GET"]}}],"collection":[{"href":"https:\/\/velazo-b2b.com\/es\/wp-json\/wp\/v2\/product"}],"about":[{"href":"https:\/\/velazo-b2b.com\/es\/wp-json\/wp\/v2\/types\/product"}],"replies":[{"embeddable":true,"href":"https:\/\/velazo-b2b.com\/es\/wp-json\/wp\/v2\/comments?post=250"}],"version-history":[{"count":0,"href":"https:\/\/velazo-b2b.com\/es\/wp-json\/wp\/v2\/product\/250\/revisions"}],"wp:featuredmedia":[{"embeddable":true,"href":"https:\/\/velazo-b2b.com\/es\/wp-json\/wp\/v2\/media\/249"}],"wp:attachment":[{"href":"https:\/\/velazo-b2b.com\/es\/wp-json\/wp\/v2\/media?parent=250"}],"wp:term":[{"taxonomy":"product_cat","embeddable":true,"href":"https:\/\/velazo-b2b.com\/es\/wp-json\/wp\/v2\/product_cat?post=250"},{"taxonomy":"product_tag","embeddable":true,"href":"https:\/\/velazo-b2b.com\/es\/wp-json\/wp\/v2\/product_tag?post=250"}],"curies":[{"name":"wp","href":"https:\/\/api.w.org\/{rel}","templated":true}]}}