{"id":266,"date":"2025-04-09T14:37:38","date_gmt":"2025-04-09T14:37:38","guid":{"rendered":"https:\/\/velazo-b2b.com\/product\/kitchen-tap-with-flexible-spout-beige-flexi-stainless-steel\/"},"modified":"2026-04-14T13:48:16","modified_gmt":"2026-04-14T11:48:16","slug":"grifo-de-cocina-con-cano-flexible-beige-flexi-acero-inoxidable","status":"publish","type":"product","link":"https:\/\/velazo-b2b.com\/es\/product\/grifo-de-cocina-con-cano-flexible-beige-flexi-acero-inoxidable\/","title":{"rendered":"Grifo de cocina con ca\u00f1o flexible, beige flexi \/ acero inoxidable"},"content":{"rendered":"<p><strong style=\"box-sizing: inherit;\">Datos t\u00e9cnicos:<\/strong><\/p>\n<ul color=\"\" style=\"box-sizing: inherit; list-style-position: inside; padding-left: 2rem; color: rgba(37, 37, 37, 0.75); font-family: -apple-system,;\">\n<li style=\"box-sizing: inherit; list-style: inherit;\"> Buena calidad a bajo precio<\/li>\n<li style=\"box-sizing: inherit; list-style: inherit;\"> Monomando, de pie<\/li>\n<li style=\"box-sizing: inherit; list-style: inherit;\"> Mezclador cer\u00e1mico 35 mm<\/li>\n<li style=\"box-sizing: inherit; list-style: inherit;\"> Ca\u00f1o flexible<\/li>\n<li style=\"box-sizing: inherit; list-style: inherit;\"> Manguera de silicona de alta calidad<\/li>\n<li style=\"box-sizing: inherit; list-style: inherit;\"> Funda de silicona del color del ca\u00f1o del asa<\/li>\n<li style=\"box-sizing: inherit; list-style: inherit; margin-bottom: 0px;\"> Aireador de pl\u00e1stico para ahorrar agua<\/li>\n<\/ul>\n<p><strong>\u2b50 Ventajas del grifo:<\/strong><\/p>\n<p>\u2705 MANGUERAS DE CONEXI\u00d3N<\/p>\n<p>MEZCLADOR CER\u00c1MICO<\/p>\n<p>\u2705 SISTEMA DE INSTALACI\u00d3N R\u00c1PIDA<\/p>\n<p>\u2705 ECOSAVE<\/p>\n<p>\u2705 CA\u00d1O M\u00d3VIL<\/p>\n<p>\u2705 CUBIERTA PARA MONTAJE EN SUPERFICIES FINAS.<\/p>","protected":false},"excerpt":{"rendered":"<p>Datos t\u00e9cnicos: Buena calidad a bajo precio Mezclador cer\u00e1mico monomando de pie de 35 mm Ca\u00f1o flexible Tubo de silicona de alta calidad Cubierta de silicona del color del ca\u00f1o en el<\/p>","protected":false},"featured_media":265,"comment_status":"open","ping_status":"closed","template":"","meta":[],"product_cat":[69,67],"product_tag":[35,24,23],"class_list":{"0":"post-266","1":"product","2":"type-product","3":"status-publish","4":"has-post-thumbnail","6":"product_cat-flexible-kitchen-faucets","7":"product_cat-sink-faucets","8":"product_tag-beige-kitchen-faucets","9":"product_tag-flexible-kitchen-faucets","10":"product_tag-sink-faucets","12":"first","13":"instock","14":"taxable","15":"shipping-taxable","16":"product-type-simple"},"yoast_head":"<!-- This site is optimized with the Yoast SEO plugin v27.4 - https:\/\/yoast.com\/product\/yoast-seo-wordpress\/ -->\n<title>Kitchen tap with flexible spout, beige flexi \/ stainless steel - VELAZO.<\/title>\n<meta name=\"robots\" content=\"index, follow, max-snippet:-1, max-image-preview:large, max-video-preview:-1\" \/>\n<link rel=\"canonical\" href=\"https:\/\/velazo-b2b.com\/es\/product\/grifo-de-cocina-con-cano-flexible-beige-flexi-acero-inoxidable\/\" \/>\n<meta property=\"og:locale\" content=\"es_ES\" \/>\n<meta property=\"og:type\" content=\"article\" \/>\n<meta property=\"og:title\" content=\"Kitchen tap with flexible spout, beige flexi \/ stainless steel - VELAZO.\" \/>\n<meta property=\"og:description\" content=\"Technical data: Good quality at a low price Single-lever, standing Ceramic mixer 35 mm Flexible spout High quality silicone hose Silicone cover in the color of the spout on the\" \/>\n<meta property=\"og:url\" content=\"https:\/\/velazo-b2b.com\/es\/product\/grifo-de-cocina-con-cano-flexible-beige-flexi-acero-inoxidable\/\" \/>\n<meta property=\"og:site_name\" content=\"VELAZO.\" \/>\n<meta property=\"article:modified_time\" content=\"2026-04-14T11:48:16+00:00\" \/>\n<meta property=\"og:image\" content=\"https:\/\/velazo-b2b.com\/wp-content\/uploads\/2025\/04\/3e6b9b94e3fffa1cbcb6449ec3cfb413-scaled.jpg\" \/>\n\t<meta property=\"og:image:width\" content=\"2560\" \/>\n\t<meta property=\"og:image:height\" content=\"2560\" \/>\n\t<meta property=\"og:image:type\" content=\"image\/jpeg\" \/>\n<meta name=\"twitter:card\" content=\"summary_large_image\" \/>\n<script type=\"application\/ld+json\" class=\"yoast-schema-graph\">{\"@context\":\"https:\\\/\\\/schema.org\",\"@graph\":[{\"@type\":\"WebPage\",\"@id\":\"https:\\\/\\\/velazo-b2b.com\\\/product\\\/kitchen-tap-with-flexible-spout-beige-flexi-stainless-steel\\\/\",\"url\":\"https:\\\/\\\/velazo-b2b.com\\\/product\\\/kitchen-tap-with-flexible-spout-beige-flexi-stainless-steel\\\/\",\"name\":\"Kitchen tap with flexible spout, beige flexi \\\/ stainless steel - VELAZO.\",\"isPartOf\":{\"@id\":\"https:\\\/\\\/velazo-b2b.com\\\/#website\"},\"primaryImageOfPage\":{\"@id\":\"https:\\\/\\\/velazo-b2b.com\\\/product\\\/kitchen-tap-with-flexible-spout-beige-flexi-stainless-steel\\\/#primaryimage\"},\"image\":{\"@id\":\"https:\\\/\\\/velazo-b2b.com\\\/product\\\/kitchen-tap-with-flexible-spout-beige-flexi-stainless-steel\\\/#primaryimage\"},\"thumbnailUrl\":\"https:\\\/\\\/velazo-b2b.com\\\/wp-content\\\/uploads\\\/2025\\\/04\\\/3e6b9b94e3fffa1cbcb6449ec3cfb413-scaled.jpg\",\"datePublished\":\"2025-04-09T14:37:38+00:00\",\"dateModified\":\"2026-04-14T11:48:16+00:00\",\"breadcrumb\":{\"@id\":\"https:\\\/\\\/velazo-b2b.com\\\/product\\\/kitchen-tap-with-flexible-spout-beige-flexi-stainless-steel\\\/#breadcrumb\"},\"inLanguage\":\"es\",\"potentialAction\":[{\"@type\":\"ReadAction\",\"target\":[\"https:\\\/\\\/velazo-b2b.com\\\/product\\\/kitchen-tap-with-flexible-spout-beige-flexi-stainless-steel\\\/\"]}]},{\"@type\":\"ImageObject\",\"inLanguage\":\"es\",\"@id\":\"https:\\\/\\\/velazo-b2b.com\\\/product\\\/kitchen-tap-with-flexible-spout-beige-flexi-stainless-steel\\\/#primaryimage\",\"url\":\"https:\\\/\\\/velazo-b2b.com\\\/wp-content\\\/uploads\\\/2025\\\/04\\\/3e6b9b94e3fffa1cbcb6449ec3cfb413-scaled.jpg\",\"contentUrl\":\"https:\\\/\\\/velazo-b2b.com\\\/wp-content\\\/uploads\\\/2025\\\/04\\\/3e6b9b94e3fffa1cbcb6449ec3cfb413-scaled.jpg\",\"width\":2560,\"height\":2560},{\"@type\":\"BreadcrumbList\",\"@id\":\"https:\\\/\\\/velazo-b2b.com\\\/product\\\/kitchen-tap-with-flexible-spout-beige-flexi-stainless-steel\\\/#breadcrumb\",\"itemListElement\":[{\"@type\":\"ListItem\",\"position\":1,\"name\":\"Home\",\"item\":\"https:\\\/\\\/velazo-b2b.com\\\/\"},{\"@type\":\"ListItem\",\"position\":2,\"name\":\"Shop\",\"item\":\"https:\\\/\\\/velazo-b2b.com\\\/shop-page\\\/\"},{\"@type\":\"ListItem\",\"position\":3,\"name\":\"Kitchen tap with flexible spout, beige flexi \\\/ stainless steel\"}]},{\"@type\":\"WebSite\",\"@id\":\"https:\\\/\\\/velazo-b2b.com\\\/#website\",\"url\":\"https:\\\/\\\/velazo-b2b.com\\\/\",\"name\":\"VELAZO.\",\"description\":\"\",\"potentialAction\":[{\"@type\":\"SearchAction\",\"target\":{\"@type\":\"EntryPoint\",\"urlTemplate\":\"https:\\\/\\\/velazo-b2b.com\\\/?s={search_term_string}\"},\"query-input\":{\"@type\":\"PropertyValueSpecification\",\"valueRequired\":true,\"valueName\":\"search_term_string\"}}],\"inLanguage\":\"es\"}]}<\/script>\n<!-- \/ Yoast SEO plugin. -->","yoast_head_json":{"title":"Grifo de cocina con ca\u00f1o flexible, beige flexi \/ acero inoxidable - VELAZO.","robots":{"index":"index","follow":"follow","max-snippet":"max-snippet:-1","max-image-preview":"max-image-preview:large","max-video-preview":"max-video-preview:-1"},"canonical":"https:\/\/velazo-b2b.com\/es\/product\/grifo-de-cocina-con-cano-flexible-beige-flexi-acero-inoxidable\/","og_locale":"es_ES","og_type":"article","og_title":"Kitchen tap with flexible spout, beige flexi \/ stainless steel - VELAZO.","og_description":"Technical data: Good quality at a low price Single-lever, standing Ceramic mixer 35 mm Flexible spout High quality silicone hose Silicone cover in the color of the spout on the","og_url":"https:\/\/velazo-b2b.com\/es\/product\/grifo-de-cocina-con-cano-flexible-beige-flexi-acero-inoxidable\/","og_site_name":"VELAZO.","article_modified_time":"2026-04-14T11:48:16+00:00","og_image":[{"width":2560,"height":2560,"url":"https:\/\/velazo-b2b.com\/wp-content\/uploads\/2025\/04\/3e6b9b94e3fffa1cbcb6449ec3cfb413-scaled.jpg","type":"image\/jpeg"}],"twitter_card":"summary_large_image","schema":{"@context":"https:\/\/schema.org","@graph":[{"@type":"WebPage","@id":"https:\/\/velazo-b2b.com\/product\/kitchen-tap-with-flexible-spout-beige-flexi-stainless-steel\/","url":"https:\/\/velazo-b2b.com\/product\/kitchen-tap-with-flexible-spout-beige-flexi-stainless-steel\/","name":"Grifo de cocina con ca\u00f1o flexible, beige flexi \/ acero inoxidable - VELAZO.","isPartOf":{"@id":"https:\/\/velazo-b2b.com\/#website"},"primaryImageOfPage":{"@id":"https:\/\/velazo-b2b.com\/product\/kitchen-tap-with-flexible-spout-beige-flexi-stainless-steel\/#primaryimage"},"image":{"@id":"https:\/\/velazo-b2b.com\/product\/kitchen-tap-with-flexible-spout-beige-flexi-stainless-steel\/#primaryimage"},"thumbnailUrl":"https:\/\/velazo-b2b.com\/wp-content\/uploads\/2025\/04\/3e6b9b94e3fffa1cbcb6449ec3cfb413-scaled.jpg","datePublished":"2025-04-09T14:37:38+00:00","dateModified":"2026-04-14T11:48:16+00:00","breadcrumb":{"@id":"https:\/\/velazo-b2b.com\/product\/kitchen-tap-with-flexible-spout-beige-flexi-stainless-steel\/#breadcrumb"},"inLanguage":"es","potentialAction":[{"@type":"ReadAction","target":["https:\/\/velazo-b2b.com\/product\/kitchen-tap-with-flexible-spout-beige-flexi-stainless-steel\/"]}]},{"@type":"ImageObject","inLanguage":"es","@id":"https:\/\/velazo-b2b.com\/product\/kitchen-tap-with-flexible-spout-beige-flexi-stainless-steel\/#primaryimage","url":"https:\/\/velazo-b2b.com\/wp-content\/uploads\/2025\/04\/3e6b9b94e3fffa1cbcb6449ec3cfb413-scaled.jpg","contentUrl":"https:\/\/velazo-b2b.com\/wp-content\/uploads\/2025\/04\/3e6b9b94e3fffa1cbcb6449ec3cfb413-scaled.jpg","width":2560,"height":2560},{"@type":"BreadcrumbList","@id":"https:\/\/velazo-b2b.com\/product\/kitchen-tap-with-flexible-spout-beige-flexi-stainless-steel\/#breadcrumb","itemListElement":[{"@type":"ListItem","position":1,"name":"Home","item":"https:\/\/velazo-b2b.com\/"},{"@type":"ListItem","position":2,"name":"Shop","item":"https:\/\/velazo-b2b.com\/shop-page\/"},{"@type":"ListItem","position":3,"name":"Kitchen tap with flexible spout, beige flexi \/ stainless steel"}]},{"@type":"WebSite","@id":"https:\/\/velazo-b2b.com\/#website","url":"https:\/\/velazo-b2b.com\/","name":"VELAZO.","description":"","potentialAction":[{"@type":"SearchAction","target":{"@type":"EntryPoint","urlTemplate":"https:\/\/velazo-b2b.com\/?s={search_term_string}"},"query-input":{"@type":"PropertyValueSpecification","valueRequired":true,"valueName":"search_term_string"}}],"inLanguage":"es"}]}},"_links":{"self":[{"href":"https:\/\/velazo-b2b.com\/es\/wp-json\/wp\/v2\/product\/266","targetHints":{"allow":["GET"]}}],"collection":[{"href":"https:\/\/velazo-b2b.com\/es\/wp-json\/wp\/v2\/product"}],"about":[{"href":"https:\/\/velazo-b2b.com\/es\/wp-json\/wp\/v2\/types\/product"}],"replies":[{"embeddable":true,"href":"https:\/\/velazo-b2b.com\/es\/wp-json\/wp\/v2\/comments?post=266"}],"version-history":[{"count":0,"href":"https:\/\/velazo-b2b.com\/es\/wp-json\/wp\/v2\/product\/266\/revisions"}],"wp:featuredmedia":[{"embeddable":true,"href":"https:\/\/velazo-b2b.com\/es\/wp-json\/wp\/v2\/media\/265"}],"wp:attachment":[{"href":"https:\/\/velazo-b2b.com\/es\/wp-json\/wp\/v2\/media?parent=266"}],"wp:term":[{"taxonomy":"product_cat","embeddable":true,"href":"https:\/\/velazo-b2b.com\/es\/wp-json\/wp\/v2\/product_cat?post=266"},{"taxonomy":"product_tag","embeddable":true,"href":"https:\/\/velazo-b2b.com\/es\/wp-json\/wp\/v2\/product_tag?post=266"}],"curies":[{"name":"wp","href":"https:\/\/api.w.org\/{rel}","templated":true}]}}