{"id":294,"date":"2025-04-09T14:39:18","date_gmt":"2025-04-09T14:39:18","guid":{"rendered":"https:\/\/velazo-b2b.com\/product\/stainless-steel-sink-tap-hot-and-cold-water-tap-kitchen-tap\/"},"modified":"2025-10-08T11:54:08","modified_gmt":"2025-10-08T09:54:08","slug":"grifo-de-fregadero-de-acero-inoxidable-grifo-de-agua-fria-y-caliente-grifo-de-cocina","status":"publish","type":"product","link":"https:\/\/velazo-b2b.com\/es\/product\/grifo-de-fregadero-de-acero-inoxidable-grifo-de-agua-fria-y-caliente-grifo-de-cocina\/","title":{"rendered":"Grifo de fregadero de acero inoxidable, grifo de agua fr\u00eda y caliente, grifo de cocina"},"content":{"rendered":"<p><strong>Grifo de cocina + agua fr\u00eda\/caliente<\/strong><br \/>Accesorios completos. F\u00e1cil instalaci\u00f3n.<br \/>F\u00e1cil instalaci\u00f3n: Parte de la grifer\u00eda ya viene instalada, incluido el equipamiento completo y las instrucciones de montaje. Incluso para los profanos, la instalaci\u00f3n es muy r\u00e1pida y sencilla.<\/p>\n<p>Sofisticada construcci\u00f3n de lat\u00f3n<br \/>Grifo de cocina de lat\u00f3n, accesorios de acero inoxidable. S\u00f3lido y duradero, larga vida \u00fatil.<\/p>\n<p><strong>Aireador sin salpicaduras<\/strong><br \/>El aireador es universal, intercambiable con el mismo modelo, extra\u00edble y lavable.<\/p>\n<p>Proporciona un flujo de agua m\u00e1s suave para el aclarado de verduras y frutas, reduciendo as\u00ed la p\u00e9rdida de agua.<\/p>","protected":false},"excerpt":{"rendered":"<p>Grifo de cocina + agua fr\u00eda\/calienteAccesorios completos. F\u00e1cil instalaci\u00f3n: Parte de la grifer\u00eda ya est\u00e1 instalada, incluido el equipamiento completo y las instrucciones de montaje. Incluso para los profanos, la instalaci\u00f3n es muy<\/p>","protected":false},"featured_media":293,"comment_status":"open","ping_status":"closed","template":"","meta":[],"product_cat":[67],"product_tag":[23],"class_list":{"0":"post-294","1":"product","2":"type-product","3":"status-publish","4":"has-post-thumbnail","6":"product_cat-sink-faucets","7":"product_tag-sink-faucets","9":"first","10":"outofstock","11":"taxable","12":"shipping-taxable","13":"product-type-simple"},"yoast_head":"<!-- This site is optimized with the Yoast SEO plugin v27.4 - https:\/\/yoast.com\/product\/yoast-seo-wordpress\/ -->\n<title>Stainless steel sink tap, hot and cold water tap, kitchen tap - VELAZO.<\/title>\n<meta name=\"robots\" content=\"index, follow, max-snippet:-1, max-image-preview:large, max-video-preview:-1\" \/>\n<link rel=\"canonical\" href=\"https:\/\/velazo-b2b.com\/es\/product\/grifo-de-fregadero-de-acero-inoxidable-grifo-de-agua-fria-y-caliente-grifo-de-cocina\/\" \/>\n<meta property=\"og:locale\" content=\"es_ES\" \/>\n<meta property=\"og:type\" content=\"article\" \/>\n<meta property=\"og:title\" content=\"Stainless steel sink tap, hot and cold water tap, kitchen tap - VELAZO.\" \/>\n<meta property=\"og:description\" content=\"Kitchen faucet + cold\/hot waterComplete accessories. Easy installation.Easy installation: Part of the faucet has already been installed, including full equipment and assembly instructions. Even for laymen, the installation is very\" \/>\n<meta property=\"og:url\" content=\"https:\/\/velazo-b2b.com\/es\/product\/grifo-de-fregadero-de-acero-inoxidable-grifo-de-agua-fria-y-caliente-grifo-de-cocina\/\" \/>\n<meta property=\"og:site_name\" content=\"VELAZO.\" \/>\n<meta property=\"article:modified_time\" content=\"2025-10-08T09:54:08+00:00\" \/>\n<meta property=\"og:image\" content=\"https:\/\/velazo-b2b.com\/wp-content\/uploads\/2025\/04\/274d73a8ae07994a595567ef683df829-scaled.jpg\" \/>\n\t<meta property=\"og:image:width\" content=\"2560\" \/>\n\t<meta property=\"og:image:height\" content=\"2560\" \/>\n\t<meta property=\"og:image:type\" content=\"image\/jpeg\" \/>\n<meta name=\"twitter:card\" content=\"summary_large_image\" \/>\n<script type=\"application\/ld+json\" class=\"yoast-schema-graph\">{\"@context\":\"https:\\\/\\\/schema.org\",\"@graph\":[{\"@type\":\"WebPage\",\"@id\":\"https:\\\/\\\/velazo-b2b.com\\\/product\\\/stainless-steel-sink-tap-hot-and-cold-water-tap-kitchen-tap\\\/\",\"url\":\"https:\\\/\\\/velazo-b2b.com\\\/product\\\/stainless-steel-sink-tap-hot-and-cold-water-tap-kitchen-tap\\\/\",\"name\":\"Stainless steel sink tap, hot and cold water tap, kitchen tap - VELAZO.\",\"isPartOf\":{\"@id\":\"https:\\\/\\\/velazo-b2b.com\\\/#website\"},\"primaryImageOfPage\":{\"@id\":\"https:\\\/\\\/velazo-b2b.com\\\/product\\\/stainless-steel-sink-tap-hot-and-cold-water-tap-kitchen-tap\\\/#primaryimage\"},\"image\":{\"@id\":\"https:\\\/\\\/velazo-b2b.com\\\/product\\\/stainless-steel-sink-tap-hot-and-cold-water-tap-kitchen-tap\\\/#primaryimage\"},\"thumbnailUrl\":\"https:\\\/\\\/velazo-b2b.com\\\/wp-content\\\/uploads\\\/2025\\\/04\\\/274d73a8ae07994a595567ef683df829-scaled.jpg\",\"datePublished\":\"2025-04-09T14:39:18+00:00\",\"dateModified\":\"2025-10-08T09:54:08+00:00\",\"breadcrumb\":{\"@id\":\"https:\\\/\\\/velazo-b2b.com\\\/product\\\/stainless-steel-sink-tap-hot-and-cold-water-tap-kitchen-tap\\\/#breadcrumb\"},\"inLanguage\":\"es\",\"potentialAction\":[{\"@type\":\"ReadAction\",\"target\":[\"https:\\\/\\\/velazo-b2b.com\\\/product\\\/stainless-steel-sink-tap-hot-and-cold-water-tap-kitchen-tap\\\/\"]}]},{\"@type\":\"ImageObject\",\"inLanguage\":\"es\",\"@id\":\"https:\\\/\\\/velazo-b2b.com\\\/product\\\/stainless-steel-sink-tap-hot-and-cold-water-tap-kitchen-tap\\\/#primaryimage\",\"url\":\"https:\\\/\\\/velazo-b2b.com\\\/wp-content\\\/uploads\\\/2025\\\/04\\\/274d73a8ae07994a595567ef683df829-scaled.jpg\",\"contentUrl\":\"https:\\\/\\\/velazo-b2b.com\\\/wp-content\\\/uploads\\\/2025\\\/04\\\/274d73a8ae07994a595567ef683df829-scaled.jpg\",\"width\":2560,\"height\":2560},{\"@type\":\"BreadcrumbList\",\"@id\":\"https:\\\/\\\/velazo-b2b.com\\\/product\\\/stainless-steel-sink-tap-hot-and-cold-water-tap-kitchen-tap\\\/#breadcrumb\",\"itemListElement\":[{\"@type\":\"ListItem\",\"position\":1,\"name\":\"Home\",\"item\":\"https:\\\/\\\/velazo-b2b.com\\\/\"},{\"@type\":\"ListItem\",\"position\":2,\"name\":\"Shop\",\"item\":\"https:\\\/\\\/velazo-b2b.com\\\/shop-page\\\/\"},{\"@type\":\"ListItem\",\"position\":3,\"name\":\"Stainless steel sink tap, hot and cold water tap, kitchen tap\"}]},{\"@type\":\"WebSite\",\"@id\":\"https:\\\/\\\/velazo-b2b.com\\\/#website\",\"url\":\"https:\\\/\\\/velazo-b2b.com\\\/\",\"name\":\"VELAZO.\",\"description\":\"\",\"potentialAction\":[{\"@type\":\"SearchAction\",\"target\":{\"@type\":\"EntryPoint\",\"urlTemplate\":\"https:\\\/\\\/velazo-b2b.com\\\/?s={search_term_string}\"},\"query-input\":{\"@type\":\"PropertyValueSpecification\",\"valueRequired\":true,\"valueName\":\"search_term_string\"}}],\"inLanguage\":\"es\"}]}<\/script>\n<!-- \/ Yoast SEO plugin. -->","yoast_head_json":{"title":"Grifo de fregadero de acero inoxidable, grifo de agua caliente y fr\u00eda, grifo de cocina - VELAZO.","robots":{"index":"index","follow":"follow","max-snippet":"max-snippet:-1","max-image-preview":"max-image-preview:large","max-video-preview":"max-video-preview:-1"},"canonical":"https:\/\/velazo-b2b.com\/es\/product\/grifo-de-fregadero-de-acero-inoxidable-grifo-de-agua-fria-y-caliente-grifo-de-cocina\/","og_locale":"es_ES","og_type":"article","og_title":"Stainless steel sink tap, hot and cold water tap, kitchen tap - VELAZO.","og_description":"Kitchen faucet + cold\/hot waterComplete accessories. Easy installation.Easy installation: Part of the faucet has already been installed, including full equipment and assembly instructions. Even for laymen, the installation is very","og_url":"https:\/\/velazo-b2b.com\/es\/product\/grifo-de-fregadero-de-acero-inoxidable-grifo-de-agua-fria-y-caliente-grifo-de-cocina\/","og_site_name":"VELAZO.","article_modified_time":"2025-10-08T09:54:08+00:00","og_image":[{"width":2560,"height":2560,"url":"https:\/\/velazo-b2b.com\/wp-content\/uploads\/2025\/04\/274d73a8ae07994a595567ef683df829-scaled.jpg","type":"image\/jpeg"}],"twitter_card":"summary_large_image","schema":{"@context":"https:\/\/schema.org","@graph":[{"@type":"WebPage","@id":"https:\/\/velazo-b2b.com\/product\/stainless-steel-sink-tap-hot-and-cold-water-tap-kitchen-tap\/","url":"https:\/\/velazo-b2b.com\/product\/stainless-steel-sink-tap-hot-and-cold-water-tap-kitchen-tap\/","name":"Grifo de fregadero de acero inoxidable, grifo de agua caliente y fr\u00eda, grifo de cocina - VELAZO.","isPartOf":{"@id":"https:\/\/velazo-b2b.com\/#website"},"primaryImageOfPage":{"@id":"https:\/\/velazo-b2b.com\/product\/stainless-steel-sink-tap-hot-and-cold-water-tap-kitchen-tap\/#primaryimage"},"image":{"@id":"https:\/\/velazo-b2b.com\/product\/stainless-steel-sink-tap-hot-and-cold-water-tap-kitchen-tap\/#primaryimage"},"thumbnailUrl":"https:\/\/velazo-b2b.com\/wp-content\/uploads\/2025\/04\/274d73a8ae07994a595567ef683df829-scaled.jpg","datePublished":"2025-04-09T14:39:18+00:00","dateModified":"2025-10-08T09:54:08+00:00","breadcrumb":{"@id":"https:\/\/velazo-b2b.com\/product\/stainless-steel-sink-tap-hot-and-cold-water-tap-kitchen-tap\/#breadcrumb"},"inLanguage":"es","potentialAction":[{"@type":"ReadAction","target":["https:\/\/velazo-b2b.com\/product\/stainless-steel-sink-tap-hot-and-cold-water-tap-kitchen-tap\/"]}]},{"@type":"ImageObject","inLanguage":"es","@id":"https:\/\/velazo-b2b.com\/product\/stainless-steel-sink-tap-hot-and-cold-water-tap-kitchen-tap\/#primaryimage","url":"https:\/\/velazo-b2b.com\/wp-content\/uploads\/2025\/04\/274d73a8ae07994a595567ef683df829-scaled.jpg","contentUrl":"https:\/\/velazo-b2b.com\/wp-content\/uploads\/2025\/04\/274d73a8ae07994a595567ef683df829-scaled.jpg","width":2560,"height":2560},{"@type":"BreadcrumbList","@id":"https:\/\/velazo-b2b.com\/product\/stainless-steel-sink-tap-hot-and-cold-water-tap-kitchen-tap\/#breadcrumb","itemListElement":[{"@type":"ListItem","position":1,"name":"Home","item":"https:\/\/velazo-b2b.com\/"},{"@type":"ListItem","position":2,"name":"Shop","item":"https:\/\/velazo-b2b.com\/shop-page\/"},{"@type":"ListItem","position":3,"name":"Stainless steel sink tap, hot and cold water tap, kitchen tap"}]},{"@type":"WebSite","@id":"https:\/\/velazo-b2b.com\/#website","url":"https:\/\/velazo-b2b.com\/","name":"VELAZO.","description":"","potentialAction":[{"@type":"SearchAction","target":{"@type":"EntryPoint","urlTemplate":"https:\/\/velazo-b2b.com\/?s={search_term_string}"},"query-input":{"@type":"PropertyValueSpecification","valueRequired":true,"valueName":"search_term_string"}}],"inLanguage":"es"}]}},"_links":{"self":[{"href":"https:\/\/velazo-b2b.com\/es\/wp-json\/wp\/v2\/product\/294","targetHints":{"allow":["GET"]}}],"collection":[{"href":"https:\/\/velazo-b2b.com\/es\/wp-json\/wp\/v2\/product"}],"about":[{"href":"https:\/\/velazo-b2b.com\/es\/wp-json\/wp\/v2\/types\/product"}],"replies":[{"embeddable":true,"href":"https:\/\/velazo-b2b.com\/es\/wp-json\/wp\/v2\/comments?post=294"}],"version-history":[{"count":0,"href":"https:\/\/velazo-b2b.com\/es\/wp-json\/wp\/v2\/product\/294\/revisions"}],"wp:featuredmedia":[{"embeddable":true,"href":"https:\/\/velazo-b2b.com\/es\/wp-json\/wp\/v2\/media\/293"}],"wp:attachment":[{"href":"https:\/\/velazo-b2b.com\/es\/wp-json\/wp\/v2\/media?parent=294"}],"wp:term":[{"taxonomy":"product_cat","embeddable":true,"href":"https:\/\/velazo-b2b.com\/es\/wp-json\/wp\/v2\/product_cat?post=294"},{"taxonomy":"product_tag","embeddable":true,"href":"https:\/\/velazo-b2b.com\/es\/wp-json\/wp\/v2\/product_tag?post=294"}],"curies":[{"name":"wp","href":"https:\/\/api.w.org\/{rel}","templated":true}]}}