{"id":43,"date":"2025-04-09T13:51:06","date_gmt":"2025-04-09T13:51:06","guid":{"rendered":"https:\/\/velazo-b2b.com\/about-page\/"},"modified":"2026-03-19T09:29:45","modified_gmt":"2026-03-19T08:29:45","slug":"a-propos-de-nous","status":"publish","type":"page","link":"https:\/\/velazo-b2b.com\/fr\/a-propos-de-nous\/","title":{"rendered":"\u00c0 propos de nous"},"content":{"rendered":"<div data-elementor-type=\"wp-page\" data-elementor-id=\"43\" class=\"elementor elementor-43\" data-elementor-post-type=\"page\">\n\t\t\t\t<div class=\"elementor-element elementor-element-a9fdadb e-flex e-con-boxed e-con e-parent\" data-id=\"a9fdadb\" data-element_type=\"container\" data-e-type=\"container\">\n\t\t\t\t\t<div class=\"e-con-inner\">\n\t\t<div class=\"elementor-element elementor-element-ba69586 e-con-full e-flex e-con e-child\" data-id=\"ba69586\" data-element_type=\"container\" data-e-type=\"container\">\n\t\t\t\t<div class=\"elementor-element elementor-element-e272b26 elementor-widget elementor-widget-image\" data-id=\"e272b26\" data-element_type=\"widget\" data-e-type=\"widget\" data-widget_type=\"image.default\">\n\t\t\t\t<div class=\"elementor-widget-container\">\n\t\t\t\t\t\t\t\t\t\t\t\t\t\t\t<img fetchpriority=\"high\" decoding=\"async\" width=\"1024\" height=\"1024\" src=\"https:\/\/velazo-b2b.com\/wp-content\/uploads\/2025\/04\/Zlewozmywak-Dwukomorowy-Stalowy-1024x1024.webp\" class=\"attachment-large size-large wp-image-2313\" alt=\"\" srcset=\"https:\/\/velazo-b2b.com\/wp-content\/uploads\/2025\/04\/Zlewozmywak-Dwukomorowy-Stalowy-1024x1024.webp 1024w, https:\/\/velazo-b2b.com\/wp-content\/uploads\/2025\/04\/Zlewozmywak-Dwukomorowy-Stalowy-300x300.webp 300w, https:\/\/velazo-b2b.com\/wp-content\/uploads\/2025\/04\/Zlewozmywak-Dwukomorowy-Stalowy-150x150.webp 150w, https:\/\/velazo-b2b.com\/wp-content\/uploads\/2025\/04\/Zlewozmywak-Dwukomorowy-Stalowy-600x600.webp 600w, https:\/\/velazo-b2b.com\/wp-content\/uploads\/2025\/04\/Zlewozmywak-Dwukomorowy-Stalowy-768x768.webp 768w, https:\/\/velazo-b2b.com\/wp-content\/uploads\/2025\/04\/Zlewozmywak-Dwukomorowy-Stalowy.webp 1500w\" sizes=\"(max-width: 1024px) 100vw, 1024px\" \/>\t\t\t\t\t\t\t\t\t\t\t\t\t\t\t<\/div>\n\t\t\t\t<\/div>\n\t\t\t\t<\/div>\n\t\t<div class=\"elementor-element elementor-element-a7be5f6 e-con-full e-flex e-con e-child\" data-id=\"a7be5f6\" data-element_type=\"container\" data-e-type=\"container\">\n\t\t\t\t<div class=\"elementor-element elementor-element-ce4ad8f elementor-widget elementor-widget-text-editor\" data-id=\"ce4ad8f\" data-element_type=\"widget\" data-e-type=\"widget\" data-widget_type=\"text-editor.default\">\n\t\t\t\t<div class=\"elementor-widget-container\">\n\t\t\t\t\t\t\t\t\t<p><strong>\u00c9viers en acier inoxydable modernes et \u00e9l\u00e9gants. La soci\u00e9t\u00e9 Velazo, situ\u00e9e \u00e0 Varsovie, se consacre \u00e0 l'am\u00e9lioration du c\u0153ur de chaque foyer - la cuisine - en proposant une large gamme d'\u00e9viers en acier inoxydable de haute qualit\u00e9 au design moderne et frais. Nous pensons qu'une cuisine belle et fonctionnelle est la cl\u00e9 pour cr\u00e9er une atmosph\u00e8re confortable et apaisante dans la vie de tous les jours. Notre objectif est de dissiper la croyance selon laquelle la qualit\u00e9 est synonyme de co\u00fbts \u00e9lev\u00e9s. Notre mission est de fournir aux propri\u00e9taires des \u00e9viers abordables, mais de qualit\u00e9 sup\u00e9rieure, qui non seulement am\u00e9liorent l'esth\u00e9tique de leurs cuisines, mais aussi s'adaptent \u00e0 leur budget.<\/strong><\/p>\t\t\t\t\t\t\t\t<\/div>\n\t\t\t\t<\/div>\n\t\t\t\t<\/div>\n\t\t\t\t\t<\/div>\n\t\t\t\t<\/div>\n\t\t<div class=\"elementor-element elementor-element-12db989 e-con-full e-flex e-con e-parent\" data-id=\"12db989\" data-element_type=\"container\" data-e-type=\"container\">\n\t\t<div class=\"elementor-element elementor-element-947efe6 e-con-full e-flex e-con e-child\" data-id=\"947efe6\" data-element_type=\"container\" data-e-type=\"container\">\n\t\t\t\t<div class=\"elementor-element elementor-element-09ba768 elementor-widget elementor-widget-heading\" data-id=\"09ba768\" data-element_type=\"widget\" data-e-type=\"widget\" data-widget_type=\"heading.default\">\n\t\t\t\t<div class=\"elementor-widget-container\">\n\t\t\t\t\t<h2 class=\"elementor-heading-title elementor-size-default\">Service OEM<\/h2>\t\t\t\t<\/div>\n\t\t\t\t<\/div>\n\t\t\t\t<div class=\"elementor-element elementor-element-025b5a6 elementor-widget elementor-widget-text-editor\" data-id=\"025b5a6\" data-element_type=\"widget\" data-e-type=\"widget\" data-widget_type=\"text-editor.default\">\n\t\t\t\t<div class=\"elementor-widget-container\">\n\t\t\t\t\t\t\t\t\t<div class=\"multicolumn-card content-container\">\n<div class=\"multicolumn-card__info\">\n<div class=\"rte\">\n<p>Nous proposons des services OEM afin que vous puissiez int\u00e9grer votre vision et votre logo uniques dans nos produits. Nous comprenons le caract\u00e8re unique de chaque marque, c'est pourquoi notre \u00e9quipe sera \u00e0 l'\u00e9coute de vos besoins et cr\u00e9era un \u00e9vier qui correspondra parfaitement au style de votre marque.<\/p>\n<\/div>\n<\/div>\n<div class=\"multicolumn-card__info\">\u00a0<\/div>\n<\/div>\t\t\t\t\t\t\t\t<\/div>\n\t\t\t\t<\/div>\n\t\t\t\t<\/div>\n\t\t<div class=\"elementor-element elementor-element-3180623 e-con-full e-flex e-con e-child\" data-id=\"3180623\" data-element_type=\"container\" data-e-type=\"container\">\n\t\t\t\t<div class=\"elementor-element elementor-element-8f2ea97 elementor-widget elementor-widget-heading\" data-id=\"8f2ea97\" data-element_type=\"widget\" data-e-type=\"widget\" data-widget_type=\"heading.default\">\n\t\t\t\t<div class=\"elementor-widget-container\">\n\t\t\t\t\t<h2 class=\"elementor-heading-title elementor-size-default\">Ventes et services\n<\/h2>\t\t\t\t<\/div>\n\t\t\t\t<\/div>\n\t\t\t\t<div class=\"elementor-element elementor-element-60c77ff elementor-widget elementor-widget-text-editor\" data-id=\"60c77ff\" data-element_type=\"widget\" data-e-type=\"widget\" data-widget_type=\"text-editor.default\">\n\t\t\t\t<div class=\"elementor-widget-container\">\n\t\t\t\t\t\t\t\t\t<p>Nous nous engageons \u00e0 fournir des services B2B de haute qualit\u00e9 \u00e0 diverses entreprises et \u00e0 atteindre une plus grande valeur commerciale gr\u00e2ce \u00e0 une coop\u00e9ration gagnant-gagnant. Que vous soyez un d\u00e9taillant, un grossiste ou que vous recherchiez des services de vente OEM et FOB, nous vous fournirons des solutions sur mesure.<\/p>\t\t\t\t\t\t\t\t<\/div>\n\t\t\t\t<\/div>\n\t\t\t\t<\/div>\n\t\t<div class=\"elementor-element elementor-element-46f4c36 e-con-full e-flex e-con e-child\" data-id=\"46f4c36\" data-element_type=\"container\" data-e-type=\"container\">\n\t\t\t\t<div class=\"elementor-element elementor-element-4cdc0f8 elementor-widget elementor-widget-heading\" data-id=\"4cdc0f8\" data-element_type=\"widget\" data-e-type=\"widget\" data-widget_type=\"heading.default\">\n\t\t\t\t<div class=\"elementor-widget-container\">\n\t\t\t\t\t<h2 class=\"elementor-heading-title elementor-size-default\">Coop\u00e9ration B2B\n<\/h2>\t\t\t\t<\/div>\n\t\t\t\t<\/div>\n\t\t\t\t<div class=\"elementor-element elementor-element-b5175fd elementor-widget elementor-widget-text-editor\" data-id=\"b5175fd\" data-element_type=\"widget\" data-e-type=\"widget\" data-widget_type=\"text-editor.default\">\n\t\t\t\t<div class=\"elementor-widget-container\">\n\t\t\t\t\t\t\t\t\t<p>Notre \u00e9quipe de sp\u00e9cialistes exp\u00e9riment\u00e9s est pr\u00eate \u00e0 vous aider pour l'installation. Que vous soyez un consommateur individuel ou un grossiste, nous veillerons \u00e0 ce que vos produits soient correctement install\u00e9s et utilis\u00e9s.<\/p>\t\t\t\t\t\t\t\t<\/div>\n\t\t\t\t<\/div>\n\t\t\t\t<\/div>\n\t\t\t\t<\/div>\n\t\t<div class=\"elementor-element elementor-element-f31e916 e-flex e-con-boxed e-con e-parent\" data-id=\"f31e916\" data-element_type=\"container\" data-e-type=\"container\">\n\t\t\t\t\t<div class=\"e-con-inner\">\n\t\t\t\t<div class=\"elementor-element elementor-element-238eb9e elementor-widget elementor-widget-heading\" data-id=\"238eb9e\" data-element_type=\"widget\" data-e-type=\"widget\" data-widget_type=\"heading.default\">\n\t\t\t\t<div class=\"elementor-widget-container\">\n\t\t\t\t\t<h2 class=\"elementor-heading-title elementor-size-default\">Informations sur le contact<\/h2>\t\t\t\t<\/div>\n\t\t\t\t<\/div>\n\t\t\t\t<div class=\"elementor-element elementor-element-4f6f045 elementor-widget elementor-widget-text-editor\" data-id=\"4f6f045\" data-element_type=\"widget\" data-e-type=\"widget\" data-widget_type=\"text-editor.default\">\n\t\t\t\t<div class=\"elementor-widget-container\">\n\t\t\t\t\t\t\t\t\t<p data-start=\"184\" data-end=\"431\"><strong data-start=\"184\" data-end=\"199\">Nom de marque :<\/strong> VELAZO.<br data-start=\"207\" data-end=\"210\" \/><strong data-start=\"210\" data-end=\"227\">Nom de l'entreprise :<\/strong> U2 COMPANY SP. Z O.O.<br data-start=\"249\" data-end=\"252\" \/><strong data-start=\"252\" data-end=\"275\">L'adresse du si\u00e8ge social :<\/strong> UL. PU\u0141AWSKA 221 \/ 1, 02-715 WARSZAWA, Pologne<br data-start=\"321\" data-end=\"324\" \/><strong data-start=\"324\" data-end=\"334\" data-is-only-node=\"\">T\u00e9l\u00e9phone :<\/strong> +48 573 202 087<br data-start=\"350\" data-end=\"353\" \/><strong data-start=\"353\" data-end=\"363\">Courriel :<\/strong> <a class=\"decorated-link cursor-pointer\" rel=\"noopener\" data-start=\"364\" data-end=\"378\">info@velazo.pl<\/a><br data-start=\"378\" data-end=\"381\" \/><strong data-start=\"381\" data-end=\"395\">TVA (PNM) :<\/strong> 7011104333<br data-start=\"406\" data-end=\"409\" \/><strong data-start=\"409\" data-end=\"419\">REGON :<\/strong> 523032819<\/p>\n<p>.<\/p>\t\t\t\t\t\t\t\t<\/div>\n\t\t\t\t<\/div>\n\t\t\t\t<div class=\"elementor-element elementor-element-5288ad5 elementor-widget elementor-widget-matjar-button\" data-id=\"5288ad5\" data-element_type=\"widget\" data-e-type=\"widget\" data-widget_type=\"matjar-button.default\">\n\t\t\t\t<div class=\"elementor-widget-container\">\n\t\t\t\t\t<div id=\"matjar-button-83659\" class=\"matjar-element matjar-button\">\n\t<a class=\"button btn-style-flat btn-shape-square btn-color-default\" href=\"https:\/\/velazo-b2b.com\/fr\/page-du-compte\/\" >\n\t\tCr\u00e9er un compte\t<\/a>\n<\/div>\n\t\t\t\t<\/div>\n\t\t\t\t<\/div>\n\t\t\t\t\t<\/div>\n\t\t\t\t<\/div>\n\t\t\t\t<\/div>","protected":false},"excerpt":{"rendered":"<p>Modern and Stylish Stainless Steel Sinks. Velazo company located in Warsaw. is dedicated to perfecting the heart of every home &#8211; the kitchen &#8211; by offering a wide range of<\/p>","protected":false},"author":1,"featured_media":0,"parent":0,"menu_order":0,"comment_status":"closed","ping_status":"closed","template":"","meta":{"footnotes":""},"class_list":["post-43","page","type-page","status-publish","hentry"],"yoast_head":"<!-- This site is optimized with the Yoast SEO plugin v27.4 - https:\/\/yoast.com\/product\/yoast-seo-wordpress\/ -->\n<title>About Us - VELAZO.<\/title>\n<meta name=\"robots\" content=\"index, follow, max-snippet:-1, max-image-preview:large, max-video-preview:-1\" \/>\n<link rel=\"canonical\" href=\"https:\/\/velazo-b2b.com\/fr\/a-propos-de-nous\/\" \/>\n<meta property=\"og:locale\" content=\"fr_FR\" \/>\n<meta property=\"og:type\" content=\"article\" \/>\n<meta property=\"og:title\" content=\"About Us - VELAZO.\" \/>\n<meta property=\"og:description\" content=\"Modern and Stylish Stainless Steel Sinks. Velazo company located in Warsaw. is dedicated to perfecting the heart of every home &#8211; the kitchen &#8211; by offering a wide range of\" \/>\n<meta property=\"og:url\" content=\"https:\/\/velazo-b2b.com\/fr\/a-propos-de-nous\/\" \/>\n<meta property=\"og:site_name\" content=\"VELAZO.\" \/>\n<meta property=\"article:modified_time\" content=\"2026-03-19T08:29:45+00:00\" \/>\n<meta property=\"og:image\" content=\"http:\/\/velazo-b2b.com\/wp-content\/uploads\/2025\/04\/Zlewozmywak-Dwukomorowy-Stalowy-1024x1024.webp\" \/>\n<meta name=\"twitter:card\" content=\"summary_large_image\" \/>\n<meta name=\"twitter:label1\" content=\"Dur\u00e9e de lecture estim\u00e9e\" \/>\n\t<meta name=\"twitter:data1\" content=\"2 minutes\" \/>\n<script type=\"application\/ld+json\" class=\"yoast-schema-graph\">{\"@context\":\"https:\\\/\\\/schema.org\",\"@graph\":[{\"@type\":\"WebPage\",\"@id\":\"https:\\\/\\\/velazo-b2b.com\\\/about-us\\\/\",\"url\":\"https:\\\/\\\/velazo-b2b.com\\\/about-us\\\/\",\"name\":\"About Us - VELAZO.\",\"isPartOf\":{\"@id\":\"https:\\\/\\\/velazo-b2b.com\\\/#website\"},\"primaryImageOfPage\":{\"@id\":\"https:\\\/\\\/velazo-b2b.com\\\/about-us\\\/#primaryimage\"},\"image\":{\"@id\":\"https:\\\/\\\/velazo-b2b.com\\\/about-us\\\/#primaryimage\"},\"thumbnailUrl\":\"http:\\\/\\\/velazo-b2b.com\\\/wp-content\\\/uploads\\\/2025\\\/04\\\/Zlewozmywak-Dwukomorowy-Stalowy-1024x1024.webp\",\"datePublished\":\"2025-04-09T13:51:06+00:00\",\"dateModified\":\"2026-03-19T08:29:45+00:00\",\"breadcrumb\":{\"@id\":\"https:\\\/\\\/velazo-b2b.com\\\/about-us\\\/#breadcrumb\"},\"inLanguage\":\"fr-FR\",\"potentialAction\":[{\"@type\":\"ReadAction\",\"target\":[\"https:\\\/\\\/velazo-b2b.com\\\/about-us\\\/\"]}]},{\"@type\":\"ImageObject\",\"inLanguage\":\"fr-FR\",\"@id\":\"https:\\\/\\\/velazo-b2b.com\\\/about-us\\\/#primaryimage\",\"url\":\"http:\\\/\\\/velazo-b2b.com\\\/wp-content\\\/uploads\\\/2025\\\/04\\\/Zlewozmywak-Dwukomorowy-Stalowy-1024x1024.webp\",\"contentUrl\":\"http:\\\/\\\/velazo-b2b.com\\\/wp-content\\\/uploads\\\/2025\\\/04\\\/Zlewozmywak-Dwukomorowy-Stalowy-1024x1024.webp\"},{\"@type\":\"BreadcrumbList\",\"@id\":\"https:\\\/\\\/velazo-b2b.com\\\/about-us\\\/#breadcrumb\",\"itemListElement\":[{\"@type\":\"ListItem\",\"position\":1,\"name\":\"Home\",\"item\":\"https:\\\/\\\/velazo-b2b.com\\\/\"},{\"@type\":\"ListItem\",\"position\":2,\"name\":\"About Us\"}]},{\"@type\":\"WebSite\",\"@id\":\"https:\\\/\\\/velazo-b2b.com\\\/#website\",\"url\":\"https:\\\/\\\/velazo-b2b.com\\\/\",\"name\":\"VELAZO.\",\"description\":\"\",\"potentialAction\":[{\"@type\":\"SearchAction\",\"target\":{\"@type\":\"EntryPoint\",\"urlTemplate\":\"https:\\\/\\\/velazo-b2b.com\\\/?s={search_term_string}\"},\"query-input\":{\"@type\":\"PropertyValueSpecification\",\"valueRequired\":true,\"valueName\":\"search_term_string\"}}],\"inLanguage\":\"fr-FR\"}]}<\/script>\n<!-- \/ Yoast SEO plugin. -->","yoast_head_json":{"title":"\u00c0 propos de nous - VELAZO.","robots":{"index":"index","follow":"follow","max-snippet":"max-snippet:-1","max-image-preview":"max-image-preview:large","max-video-preview":"max-video-preview:-1"},"canonical":"https:\/\/velazo-b2b.com\/fr\/a-propos-de-nous\/","og_locale":"fr_FR","og_type":"article","og_title":"About Us - VELAZO.","og_description":"Modern and Stylish Stainless Steel Sinks. Velazo company located in Warsaw. is dedicated to perfecting the heart of every home &#8211; the kitchen &#8211; by offering a wide range of","og_url":"https:\/\/velazo-b2b.com\/fr\/a-propos-de-nous\/","og_site_name":"VELAZO.","article_modified_time":"2026-03-19T08:29:45+00:00","og_image":[{"url":"http:\/\/velazo-b2b.com\/wp-content\/uploads\/2025\/04\/Zlewozmywak-Dwukomorowy-Stalowy-1024x1024.webp","type":"","width":"","height":""}],"twitter_card":"summary_large_image","twitter_misc":{"Dur\u00e9e de lecture estim\u00e9e":"2 minutes"},"schema":{"@context":"https:\/\/schema.org","@graph":[{"@type":"WebPage","@id":"https:\/\/velazo-b2b.com\/about-us\/","url":"https:\/\/velazo-b2b.com\/about-us\/","name":"\u00c0 propos de nous - VELAZO.","isPartOf":{"@id":"https:\/\/velazo-b2b.com\/#website"},"primaryImageOfPage":{"@id":"https:\/\/velazo-b2b.com\/about-us\/#primaryimage"},"image":{"@id":"https:\/\/velazo-b2b.com\/about-us\/#primaryimage"},"thumbnailUrl":"http:\/\/velazo-b2b.com\/wp-content\/uploads\/2025\/04\/Zlewozmywak-Dwukomorowy-Stalowy-1024x1024.webp","datePublished":"2025-04-09T13:51:06+00:00","dateModified":"2026-03-19T08:29:45+00:00","breadcrumb":{"@id":"https:\/\/velazo-b2b.com\/about-us\/#breadcrumb"},"inLanguage":"fr-FR","potentialAction":[{"@type":"ReadAction","target":["https:\/\/velazo-b2b.com\/about-us\/"]}]},{"@type":"ImageObject","inLanguage":"fr-FR","@id":"https:\/\/velazo-b2b.com\/about-us\/#primaryimage","url":"http:\/\/velazo-b2b.com\/wp-content\/uploads\/2025\/04\/Zlewozmywak-Dwukomorowy-Stalowy-1024x1024.webp","contentUrl":"http:\/\/velazo-b2b.com\/wp-content\/uploads\/2025\/04\/Zlewozmywak-Dwukomorowy-Stalowy-1024x1024.webp"},{"@type":"BreadcrumbList","@id":"https:\/\/velazo-b2b.com\/about-us\/#breadcrumb","itemListElement":[{"@type":"ListItem","position":1,"name":"Home","item":"https:\/\/velazo-b2b.com\/"},{"@type":"ListItem","position":2,"name":"About Us"}]},{"@type":"WebSite","@id":"https:\/\/velazo-b2b.com\/#website","url":"https:\/\/velazo-b2b.com\/","name":"VELAZO.","description":"","potentialAction":[{"@type":"SearchAction","target":{"@type":"EntryPoint","urlTemplate":"https:\/\/velazo-b2b.com\/?s={search_term_string}"},"query-input":{"@type":"PropertyValueSpecification","valueRequired":true,"valueName":"search_term_string"}}],"inLanguage":"fr-FR"}]}},"_links":{"self":[{"href":"https:\/\/velazo-b2b.com\/fr\/wp-json\/wp\/v2\/pages\/43","targetHints":{"allow":["GET"]}}],"collection":[{"href":"https:\/\/velazo-b2b.com\/fr\/wp-json\/wp\/v2\/pages"}],"about":[{"href":"https:\/\/velazo-b2b.com\/fr\/wp-json\/wp\/v2\/types\/page"}],"author":[{"embeddable":true,"href":"https:\/\/velazo-b2b.com\/fr\/wp-json\/wp\/v2\/users\/1"}],"replies":[{"embeddable":true,"href":"https:\/\/velazo-b2b.com\/fr\/wp-json\/wp\/v2\/comments?post=43"}],"version-history":[{"count":0,"href":"https:\/\/velazo-b2b.com\/fr\/wp-json\/wp\/v2\/pages\/43\/revisions"}],"wp:attachment":[{"href":"https:\/\/velazo-b2b.com\/fr\/wp-json\/wp\/v2\/media?parent=43"}],"curies":[{"name":"wp","href":"https:\/\/api.w.org\/{rel}","templated":true}]}}