{"id":252,"date":"2025-04-09T14:37:01","date_gmt":"2025-04-09T14:37:01","guid":{"rendered":"https:\/\/velazo-b2b.com\/product\/telescopic-basket-for-kitchen-sinks-in-gold\/"},"modified":"2026-01-12T10:58:54","modified_gmt":"2026-01-12T09:58:54","slug":"panier-telescopique-pour-evier-de-cuisine-en-or","status":"publish","type":"product","link":"https:\/\/velazo-b2b.com\/fr\/product\/panier-telescopique-pour-evier-de-cuisine-en-or\/","title":{"rendered":"Panier t\u00e9lescopique pour \u00e9vier de cuisine en or"},"content":{"rendered":"<p>Le panier t\u00e9lescopique est un ajout pr\u00e9cieux \u00e0 une cuisine moderne, alliant praticit\u00e9 et esth\u00e9tique. Sa conception t\u00e9lescopique lui permet de s'adapter \u00e0 diverses applications. Il est id\u00e9al comme \u00e9gouttoir \u00e0 vaisselle, car il permet de diriger l'eau directement dans l'\u00e9vier, ce qui acc\u00e9l\u00e8re le processus de s\u00e9chage de la vaisselle.<\/p>\n<p>De plus, en agissant comme une passoire, il est <strong>parfait pour laver les fruits et les l\u00e9gumes<\/strong>pour un nettoyage efficace. Le panier peut \u00e9galement \u00eatre utilis\u00e9 comme <strong>le s\u00e8che-linge pendant le d\u00e9givrage<\/strong>L'appareil est \u00e9quip\u00e9 d'un syst\u00e8me d'aspiration qui permet \u00e0 l'air de circuler librement et d'acc\u00e9l\u00e9rer le processus de d\u00e9cong\u00e9lation.<\/p>\n<p>Le panier t\u00e9lescopique a \u00e9t\u00e9 con\u00e7u dans un souci de facilit\u00e9 d'utilisation et d'entretien. La surface lisse et la construction bien pens\u00e9e permettent un nettoyage rapide et efficace.<\/p>\n<p data-mce-fragment=\"1\">&nbsp;<\/p>\n<p data-mce-fragment=\"1\">&nbsp;<\/p>","protected":false},"excerpt":{"rendered":"<p>Le panier t\u00e9lescopique est un ajout pr\u00e9cieux \u00e0 une cuisine moderne, alliant praticit\u00e9 et esth\u00e9tique. Sa conception t\u00e9lescopique lui permet de s'adapter \u00e0 diverses applications. Il est id\u00e9al pour<\/p>","protected":false},"featured_media":251,"comment_status":"open","ping_status":"closed","template":"","meta":[],"product_cat":[65,64],"product_tag":[17,18],"class_list":{"0":"post-252","1":"product","2":"type-product","3":"status-publish","4":"has-post-thumbnail","6":"product_cat-accessories","7":"product_cat-metal-dish-drainers","8":"product_tag-accessories","9":"product_tag-drainers","11":"first","12":"instock","13":"taxable","14":"shipping-taxable","15":"product-type-simple"},"yoast_head":"<!-- This site is optimized with the Yoast SEO plugin v27.4 - https:\/\/yoast.com\/product\/yoast-seo-wordpress\/ -->\n<title>Telescopic Basket for Kitchen Sinks in Gold - VELAZO.<\/title>\n<meta name=\"robots\" content=\"index, follow, max-snippet:-1, max-image-preview:large, max-video-preview:-1\" \/>\n<link rel=\"canonical\" href=\"https:\/\/velazo-b2b.com\/fr\/product\/panier-telescopique-pour-evier-de-cuisine-en-or\/\" \/>\n<meta property=\"og:locale\" content=\"fr_FR\" \/>\n<meta property=\"og:type\" content=\"article\" \/>\n<meta property=\"og:title\" content=\"Telescopic Basket for Kitchen Sinks in Gold - VELAZO.\" \/>\n<meta property=\"og:description\" content=\"The telescopic basket is an invaluable addition to a modern kitchen, combining practicality and aesthetic design. Its telescopic design allows it to be adapted to various applications. It is ideal\" \/>\n<meta property=\"og:url\" content=\"https:\/\/velazo-b2b.com\/fr\/product\/panier-telescopique-pour-evier-de-cuisine-en-or\/\" \/>\n<meta property=\"og:site_name\" content=\"VELAZO.\" \/>\n<meta property=\"article:modified_time\" content=\"2026-01-12T09:58:54+00:00\" \/>\n<meta property=\"og:image\" content=\"https:\/\/velazo-b2b.com\/wp-content\/uploads\/2025\/04\/WeixinImage-20240711160142-430x-3ef27bb1-eaa0-437b-bd72-b636352a1020.jpg\" \/>\n\t<meta property=\"og:image:width\" content=\"430\" \/>\n\t<meta property=\"og:image:height\" content=\"430\" \/>\n\t<meta property=\"og:image:type\" content=\"image\/jpeg\" \/>\n<meta name=\"twitter:card\" content=\"summary_large_image\" \/>\n<meta name=\"twitter:label1\" content=\"Dur\u00e9e de lecture estim\u00e9e\" \/>\n\t<meta name=\"twitter:data1\" content=\"1 minute\" \/>\n<script type=\"application\/ld+json\" class=\"yoast-schema-graph\">{\"@context\":\"https:\\\/\\\/schema.org\",\"@graph\":[{\"@type\":\"WebPage\",\"@id\":\"https:\\\/\\\/velazo-b2b.com\\\/product\\\/telescopic-basket-for-kitchen-sinks-in-gold\\\/\",\"url\":\"https:\\\/\\\/velazo-b2b.com\\\/product\\\/telescopic-basket-for-kitchen-sinks-in-gold\\\/\",\"name\":\"Telescopic Basket for Kitchen Sinks in Gold - VELAZO.\",\"isPartOf\":{\"@id\":\"https:\\\/\\\/velazo-b2b.com\\\/#website\"},\"primaryImageOfPage\":{\"@id\":\"https:\\\/\\\/velazo-b2b.com\\\/product\\\/telescopic-basket-for-kitchen-sinks-in-gold\\\/#primaryimage\"},\"image\":{\"@id\":\"https:\\\/\\\/velazo-b2b.com\\\/product\\\/telescopic-basket-for-kitchen-sinks-in-gold\\\/#primaryimage\"},\"thumbnailUrl\":\"https:\\\/\\\/velazo-b2b.com\\\/wp-content\\\/uploads\\\/2025\\\/04\\\/WeixinImage-20240711160142-430x-3ef27bb1-eaa0-437b-bd72-b636352a1020.jpg\",\"datePublished\":\"2025-04-09T14:37:01+00:00\",\"dateModified\":\"2026-01-12T09:58:54+00:00\",\"breadcrumb\":{\"@id\":\"https:\\\/\\\/velazo-b2b.com\\\/product\\\/telescopic-basket-for-kitchen-sinks-in-gold\\\/#breadcrumb\"},\"inLanguage\":\"fr-FR\",\"potentialAction\":[{\"@type\":\"ReadAction\",\"target\":[\"https:\\\/\\\/velazo-b2b.com\\\/product\\\/telescopic-basket-for-kitchen-sinks-in-gold\\\/\"]}]},{\"@type\":\"ImageObject\",\"inLanguage\":\"fr-FR\",\"@id\":\"https:\\\/\\\/velazo-b2b.com\\\/product\\\/telescopic-basket-for-kitchen-sinks-in-gold\\\/#primaryimage\",\"url\":\"https:\\\/\\\/velazo-b2b.com\\\/wp-content\\\/uploads\\\/2025\\\/04\\\/WeixinImage-20240711160142-430x-3ef27bb1-eaa0-437b-bd72-b636352a1020.jpg\",\"contentUrl\":\"https:\\\/\\\/velazo-b2b.com\\\/wp-content\\\/uploads\\\/2025\\\/04\\\/WeixinImage-20240711160142-430x-3ef27bb1-eaa0-437b-bd72-b636352a1020.jpg\",\"width\":430,\"height\":430},{\"@type\":\"BreadcrumbList\",\"@id\":\"https:\\\/\\\/velazo-b2b.com\\\/product\\\/telescopic-basket-for-kitchen-sinks-in-gold\\\/#breadcrumb\",\"itemListElement\":[{\"@type\":\"ListItem\",\"position\":1,\"name\":\"Home\",\"item\":\"https:\\\/\\\/velazo-b2b.com\\\/\"},{\"@type\":\"ListItem\",\"position\":2,\"name\":\"Shop\",\"item\":\"https:\\\/\\\/velazo-b2b.com\\\/shop-page\\\/\"},{\"@type\":\"ListItem\",\"position\":3,\"name\":\"Telescopic Basket for Kitchen Sinks in Gold\"}]},{\"@type\":\"WebSite\",\"@id\":\"https:\\\/\\\/velazo-b2b.com\\\/#website\",\"url\":\"https:\\\/\\\/velazo-b2b.com\\\/\",\"name\":\"VELAZO.\",\"description\":\"\",\"potentialAction\":[{\"@type\":\"SearchAction\",\"target\":{\"@type\":\"EntryPoint\",\"urlTemplate\":\"https:\\\/\\\/velazo-b2b.com\\\/?s={search_term_string}\"},\"query-input\":{\"@type\":\"PropertyValueSpecification\",\"valueRequired\":true,\"valueName\":\"search_term_string\"}}],\"inLanguage\":\"fr-FR\"}]}<\/script>\n<!-- \/ Yoast SEO plugin. -->","yoast_head_json":{"title":"Panier t\u00e9lescopique pour \u00e9vier de cuisine en or - VELAZO.","robots":{"index":"index","follow":"follow","max-snippet":"max-snippet:-1","max-image-preview":"max-image-preview:large","max-video-preview":"max-video-preview:-1"},"canonical":"https:\/\/velazo-b2b.com\/fr\/product\/panier-telescopique-pour-evier-de-cuisine-en-or\/","og_locale":"fr_FR","og_type":"article","og_title":"Telescopic Basket for Kitchen Sinks in Gold - VELAZO.","og_description":"The telescopic basket is an invaluable addition to a modern kitchen, combining practicality and aesthetic design. Its telescopic design allows it to be adapted to various applications. It is ideal","og_url":"https:\/\/velazo-b2b.com\/fr\/product\/panier-telescopique-pour-evier-de-cuisine-en-or\/","og_site_name":"VELAZO.","article_modified_time":"2026-01-12T09:58:54+00:00","og_image":[{"width":430,"height":430,"url":"https:\/\/velazo-b2b.com\/wp-content\/uploads\/2025\/04\/WeixinImage-20240711160142-430x-3ef27bb1-eaa0-437b-bd72-b636352a1020.jpg","type":"image\/jpeg"}],"twitter_card":"summary_large_image","twitter_misc":{"Dur\u00e9e de lecture estim\u00e9e":"1 minute"},"schema":{"@context":"https:\/\/schema.org","@graph":[{"@type":"WebPage","@id":"https:\/\/velazo-b2b.com\/product\/telescopic-basket-for-kitchen-sinks-in-gold\/","url":"https:\/\/velazo-b2b.com\/product\/telescopic-basket-for-kitchen-sinks-in-gold\/","name":"Panier t\u00e9lescopique pour \u00e9vier de cuisine en or - VELAZO.","isPartOf":{"@id":"https:\/\/velazo-b2b.com\/#website"},"primaryImageOfPage":{"@id":"https:\/\/velazo-b2b.com\/product\/telescopic-basket-for-kitchen-sinks-in-gold\/#primaryimage"},"image":{"@id":"https:\/\/velazo-b2b.com\/product\/telescopic-basket-for-kitchen-sinks-in-gold\/#primaryimage"},"thumbnailUrl":"https:\/\/velazo-b2b.com\/wp-content\/uploads\/2025\/04\/WeixinImage-20240711160142-430x-3ef27bb1-eaa0-437b-bd72-b636352a1020.jpg","datePublished":"2025-04-09T14:37:01+00:00","dateModified":"2026-01-12T09:58:54+00:00","breadcrumb":{"@id":"https:\/\/velazo-b2b.com\/product\/telescopic-basket-for-kitchen-sinks-in-gold\/#breadcrumb"},"inLanguage":"fr-FR","potentialAction":[{"@type":"ReadAction","target":["https:\/\/velazo-b2b.com\/product\/telescopic-basket-for-kitchen-sinks-in-gold\/"]}]},{"@type":"ImageObject","inLanguage":"fr-FR","@id":"https:\/\/velazo-b2b.com\/product\/telescopic-basket-for-kitchen-sinks-in-gold\/#primaryimage","url":"https:\/\/velazo-b2b.com\/wp-content\/uploads\/2025\/04\/WeixinImage-20240711160142-430x-3ef27bb1-eaa0-437b-bd72-b636352a1020.jpg","contentUrl":"https:\/\/velazo-b2b.com\/wp-content\/uploads\/2025\/04\/WeixinImage-20240711160142-430x-3ef27bb1-eaa0-437b-bd72-b636352a1020.jpg","width":430,"height":430},{"@type":"BreadcrumbList","@id":"https:\/\/velazo-b2b.com\/product\/telescopic-basket-for-kitchen-sinks-in-gold\/#breadcrumb","itemListElement":[{"@type":"ListItem","position":1,"name":"Home","item":"https:\/\/velazo-b2b.com\/"},{"@type":"ListItem","position":2,"name":"Shop","item":"https:\/\/velazo-b2b.com\/shop-page\/"},{"@type":"ListItem","position":3,"name":"Telescopic Basket for Kitchen Sinks in Gold"}]},{"@type":"WebSite","@id":"https:\/\/velazo-b2b.com\/#website","url":"https:\/\/velazo-b2b.com\/","name":"VELAZO.","description":"","potentialAction":[{"@type":"SearchAction","target":{"@type":"EntryPoint","urlTemplate":"https:\/\/velazo-b2b.com\/?s={search_term_string}"},"query-input":{"@type":"PropertyValueSpecification","valueRequired":true,"valueName":"search_term_string"}}],"inLanguage":"fr-FR"}]}},"_links":{"self":[{"href":"https:\/\/velazo-b2b.com\/fr\/wp-json\/wp\/v2\/product\/252","targetHints":{"allow":["GET"]}}],"collection":[{"href":"https:\/\/velazo-b2b.com\/fr\/wp-json\/wp\/v2\/product"}],"about":[{"href":"https:\/\/velazo-b2b.com\/fr\/wp-json\/wp\/v2\/types\/product"}],"replies":[{"embeddable":true,"href":"https:\/\/velazo-b2b.com\/fr\/wp-json\/wp\/v2\/comments?post=252"}],"version-history":[{"count":0,"href":"https:\/\/velazo-b2b.com\/fr\/wp-json\/wp\/v2\/product\/252\/revisions"}],"wp:featuredmedia":[{"embeddable":true,"href":"https:\/\/velazo-b2b.com\/fr\/wp-json\/wp\/v2\/media\/251"}],"wp:attachment":[{"href":"https:\/\/velazo-b2b.com\/fr\/wp-json\/wp\/v2\/media?parent=252"}],"wp:term":[{"taxonomy":"product_cat","embeddable":true,"href":"https:\/\/velazo-b2b.com\/fr\/wp-json\/wp\/v2\/product_cat?post=252"},{"taxonomy":"product_tag","embeddable":true,"href":"https:\/\/velazo-b2b.com\/fr\/wp-json\/wp\/v2\/product_tag?post=252"}],"curies":[{"name":"wp","href":"https:\/\/api.w.org\/{rel}","templated":true}]}}