{"id":262,"date":"2025-04-09T14:37:24","date_gmt":"2025-04-09T14:37:24","guid":{"rendered":"https:\/\/velazo-b2b.com\/product\/kitchen-tap-with-flexible-spout-red-flexi-graphite\/"},"modified":"2026-04-14T13:48:22","modified_gmt":"2026-04-14T11:48:22","slug":"robinet-de-cuisine-avec-bec-flexible-red-flexi-graphite","status":"publish","type":"product","link":"https:\/\/velazo-b2b.com\/fr\/product\/robinet-de-cuisine-avec-bec-flexible-red-flexi-graphite\/","title":{"rendered":"Robinet de cuisine avec bec flexible red flexi - graphite"},"content":{"rendered":"<p><strong>Donn\u00e9es techniques :<\/strong><\/p>\n<ul>\n<li>Rotation de 360<\/li>\n<li>changement d'eau chaude et froide<\/li>\n<li>Bonne qualit\u00e9 \u00e0 bas prix<\/li>\n<li>Mono-levier, debout<\/li>\n<li>M\u00e9langeur c\u00e9ramique 35 mm<\/li>\n<li>Tuyau en silicone de haute qualit\u00e9<\/li>\n<li>Couvercle en silicone de la couleur du bec sur la poign\u00e9e<\/li>\n<li>A\u00e9rateur \u00e0 faible consommation d'eau, en plastique<\/li>\n<\/ul>\n<p><strong>Robinet de cuisine rouge<\/strong><\/p>\n<p>\u2714\ufe0f Robinet d'\u00e9vier chrom\u00e9 de haute qualit\u00e9 en acier inoxydable 304<\/p>\n<p>MAT\u00c9RIAUX DE LA PLUS HAUTE QUALIT\u00c9 : Nos robinets sont fabriqu\u00e9s \u00e0 partir de mat\u00e9riaux de la plus haute qualit\u00e9, ce qui garantit leur durabilit\u00e9 et leur r\u00e9sistance aux dommages. La couleur rouge n'est pas seulement \u00e9l\u00e9gante, elle est aussi r\u00e9sistante aux rayures et conserve son \u00e9clat pendant longtemps.<\/p>\n<p><strong>Avantages du robinet :<\/strong><\/p>\n<p>\u2705 TUYAUX DE RACCORDEMENT<\/p>\n<p>\u2705 M\u00c9LANGEUR EN C\u00c9RAMIQUE<\/p>\n<p>\u2705 SYST\u00c8ME DE MONTAGE RAPIDE<\/p>\n<p>\u2705 ECOSAVE<\/p>\n<p>\u2705 PANNEAU DE MONTAGE POUR LES SURFACES MINCES<strong><\/strong><\/p>","protected":false},"excerpt":{"rendered":"<p>Caract\u00e9ristiques techniques : Changement d'eau chaude et froide par rotation de 360\u00b0 Bonne qualit\u00e9 \u00e0 un prix avantageux Mitigeur c\u00e9ramique de 35 mm \u00e0 levier unique et sur pied Tuyau en silicone de haute qualit\u00e9 Couvercle en silicone dans la couleur de l'appareil<\/p>","protected":false},"featured_media":261,"comment_status":"open","ping_status":"closed","template":"","meta":[],"product_cat":[69,67],"product_tag":[24,36,23],"class_list":{"0":"post-262","1":"product","2":"type-product","3":"status-publish","4":"has-post-thumbnail","6":"product_cat-flexible-kitchen-faucets","7":"product_cat-sink-faucets","8":"product_tag-flexible-kitchen-faucets","9":"product_tag-red-kitchen-taps","10":"product_tag-sink-faucets","12":"first","13":"instock","14":"taxable","15":"shipping-taxable","16":"product-type-simple"},"yoast_head":"<!-- This site is optimized with the Yoast SEO plugin v27.4 - https:\/\/yoast.com\/product\/yoast-seo-wordpress\/ -->\n<title>Kitchen tap with flexible spout red flexi - graphite - VELAZO.<\/title>\n<meta name=\"robots\" content=\"index, follow, max-snippet:-1, max-image-preview:large, max-video-preview:-1\" \/>\n<link rel=\"canonical\" href=\"https:\/\/velazo-b2b.com\/fr\/product\/robinet-de-cuisine-avec-bec-flexible-red-flexi-graphite\/\" \/>\n<meta property=\"og:locale\" content=\"fr_FR\" \/>\n<meta property=\"og:type\" content=\"article\" \/>\n<meta property=\"og:title\" content=\"Kitchen tap with flexible spout red flexi - graphite - VELAZO.\" \/>\n<meta property=\"og:description\" content=\"Technical Data: 360\u00b0 rotation change of hot and cold water Good quality at a low price Single-lever, standing 35 mm ceramic mixer High-quality silicone hose Silicone cover in the color\" \/>\n<meta property=\"og:url\" content=\"https:\/\/velazo-b2b.com\/fr\/product\/robinet-de-cuisine-avec-bec-flexible-red-flexi-graphite\/\" \/>\n<meta property=\"og:site_name\" content=\"VELAZO.\" \/>\n<meta property=\"article:modified_time\" content=\"2026-04-14T11:48:22+00:00\" \/>\n<meta property=\"og:image\" content=\"https:\/\/velazo-b2b.com\/wp-content\/uploads\/2025\/04\/940362670035b4a5f061b0c82bef732e-scaled.jpg\" \/>\n\t<meta property=\"og:image:width\" content=\"2560\" \/>\n\t<meta property=\"og:image:height\" content=\"2560\" \/>\n\t<meta property=\"og:image:type\" content=\"image\/jpeg\" \/>\n<meta name=\"twitter:card\" content=\"summary_large_image\" \/>\n<meta name=\"twitter:label1\" content=\"Dur\u00e9e de lecture estim\u00e9e\" \/>\n\t<meta name=\"twitter:data1\" content=\"1 minute\" \/>\n<script type=\"application\/ld+json\" class=\"yoast-schema-graph\">{\"@context\":\"https:\\\/\\\/schema.org\",\"@graph\":[{\"@type\":\"WebPage\",\"@id\":\"https:\\\/\\\/velazo-b2b.com\\\/product\\\/kitchen-tap-with-flexible-spout-red-flexi-graphite\\\/\",\"url\":\"https:\\\/\\\/velazo-b2b.com\\\/product\\\/kitchen-tap-with-flexible-spout-red-flexi-graphite\\\/\",\"name\":\"Kitchen tap with flexible spout red flexi - graphite - VELAZO.\",\"isPartOf\":{\"@id\":\"https:\\\/\\\/velazo-b2b.com\\\/#website\"},\"primaryImageOfPage\":{\"@id\":\"https:\\\/\\\/velazo-b2b.com\\\/product\\\/kitchen-tap-with-flexible-spout-red-flexi-graphite\\\/#primaryimage\"},\"image\":{\"@id\":\"https:\\\/\\\/velazo-b2b.com\\\/product\\\/kitchen-tap-with-flexible-spout-red-flexi-graphite\\\/#primaryimage\"},\"thumbnailUrl\":\"https:\\\/\\\/velazo-b2b.com\\\/wp-content\\\/uploads\\\/2025\\\/04\\\/940362670035b4a5f061b0c82bef732e-scaled.jpg\",\"datePublished\":\"2025-04-09T14:37:24+00:00\",\"dateModified\":\"2026-04-14T11:48:22+00:00\",\"breadcrumb\":{\"@id\":\"https:\\\/\\\/velazo-b2b.com\\\/product\\\/kitchen-tap-with-flexible-spout-red-flexi-graphite\\\/#breadcrumb\"},\"inLanguage\":\"fr-FR\",\"potentialAction\":[{\"@type\":\"ReadAction\",\"target\":[\"https:\\\/\\\/velazo-b2b.com\\\/product\\\/kitchen-tap-with-flexible-spout-red-flexi-graphite\\\/\"]}]},{\"@type\":\"ImageObject\",\"inLanguage\":\"fr-FR\",\"@id\":\"https:\\\/\\\/velazo-b2b.com\\\/product\\\/kitchen-tap-with-flexible-spout-red-flexi-graphite\\\/#primaryimage\",\"url\":\"https:\\\/\\\/velazo-b2b.com\\\/wp-content\\\/uploads\\\/2025\\\/04\\\/940362670035b4a5f061b0c82bef732e-scaled.jpg\",\"contentUrl\":\"https:\\\/\\\/velazo-b2b.com\\\/wp-content\\\/uploads\\\/2025\\\/04\\\/940362670035b4a5f061b0c82bef732e-scaled.jpg\",\"width\":2560,\"height\":2560},{\"@type\":\"BreadcrumbList\",\"@id\":\"https:\\\/\\\/velazo-b2b.com\\\/product\\\/kitchen-tap-with-flexible-spout-red-flexi-graphite\\\/#breadcrumb\",\"itemListElement\":[{\"@type\":\"ListItem\",\"position\":1,\"name\":\"Home\",\"item\":\"https:\\\/\\\/velazo-b2b.com\\\/\"},{\"@type\":\"ListItem\",\"position\":2,\"name\":\"Shop\",\"item\":\"https:\\\/\\\/velazo-b2b.com\\\/shop-page\\\/\"},{\"@type\":\"ListItem\",\"position\":3,\"name\":\"Kitchen tap with flexible spout red flexi &#8211; graphite\"}]},{\"@type\":\"WebSite\",\"@id\":\"https:\\\/\\\/velazo-b2b.com\\\/#website\",\"url\":\"https:\\\/\\\/velazo-b2b.com\\\/\",\"name\":\"VELAZO.\",\"description\":\"\",\"potentialAction\":[{\"@type\":\"SearchAction\",\"target\":{\"@type\":\"EntryPoint\",\"urlTemplate\":\"https:\\\/\\\/velazo-b2b.com\\\/?s={search_term_string}\"},\"query-input\":{\"@type\":\"PropertyValueSpecification\",\"valueRequired\":true,\"valueName\":\"search_term_string\"}}],\"inLanguage\":\"fr-FR\"}]}<\/script>\n<!-- \/ Yoast SEO plugin. -->","yoast_head_json":{"title":"Robinet de cuisine avec bec flexible red flexi - graphite - VELAZO.","robots":{"index":"index","follow":"follow","max-snippet":"max-snippet:-1","max-image-preview":"max-image-preview:large","max-video-preview":"max-video-preview:-1"},"canonical":"https:\/\/velazo-b2b.com\/fr\/product\/robinet-de-cuisine-avec-bec-flexible-red-flexi-graphite\/","og_locale":"fr_FR","og_type":"article","og_title":"Kitchen tap with flexible spout red flexi - graphite - VELAZO.","og_description":"Technical Data: 360\u00b0 rotation change of hot and cold water Good quality at a low price Single-lever, standing 35 mm ceramic mixer High-quality silicone hose Silicone cover in the color","og_url":"https:\/\/velazo-b2b.com\/fr\/product\/robinet-de-cuisine-avec-bec-flexible-red-flexi-graphite\/","og_site_name":"VELAZO.","article_modified_time":"2026-04-14T11:48:22+00:00","og_image":[{"width":2560,"height":2560,"url":"https:\/\/velazo-b2b.com\/wp-content\/uploads\/2025\/04\/940362670035b4a5f061b0c82bef732e-scaled.jpg","type":"image\/jpeg"}],"twitter_card":"summary_large_image","twitter_misc":{"Dur\u00e9e de lecture estim\u00e9e":"1 minute"},"schema":{"@context":"https:\/\/schema.org","@graph":[{"@type":"WebPage","@id":"https:\/\/velazo-b2b.com\/product\/kitchen-tap-with-flexible-spout-red-flexi-graphite\/","url":"https:\/\/velazo-b2b.com\/product\/kitchen-tap-with-flexible-spout-red-flexi-graphite\/","name":"Robinet de cuisine avec bec flexible red flexi - graphite - VELAZO.","isPartOf":{"@id":"https:\/\/velazo-b2b.com\/#website"},"primaryImageOfPage":{"@id":"https:\/\/velazo-b2b.com\/product\/kitchen-tap-with-flexible-spout-red-flexi-graphite\/#primaryimage"},"image":{"@id":"https:\/\/velazo-b2b.com\/product\/kitchen-tap-with-flexible-spout-red-flexi-graphite\/#primaryimage"},"thumbnailUrl":"https:\/\/velazo-b2b.com\/wp-content\/uploads\/2025\/04\/940362670035b4a5f061b0c82bef732e-scaled.jpg","datePublished":"2025-04-09T14:37:24+00:00","dateModified":"2026-04-14T11:48:22+00:00","breadcrumb":{"@id":"https:\/\/velazo-b2b.com\/product\/kitchen-tap-with-flexible-spout-red-flexi-graphite\/#breadcrumb"},"inLanguage":"fr-FR","potentialAction":[{"@type":"ReadAction","target":["https:\/\/velazo-b2b.com\/product\/kitchen-tap-with-flexible-spout-red-flexi-graphite\/"]}]},{"@type":"ImageObject","inLanguage":"fr-FR","@id":"https:\/\/velazo-b2b.com\/product\/kitchen-tap-with-flexible-spout-red-flexi-graphite\/#primaryimage","url":"https:\/\/velazo-b2b.com\/wp-content\/uploads\/2025\/04\/940362670035b4a5f061b0c82bef732e-scaled.jpg","contentUrl":"https:\/\/velazo-b2b.com\/wp-content\/uploads\/2025\/04\/940362670035b4a5f061b0c82bef732e-scaled.jpg","width":2560,"height":2560},{"@type":"BreadcrumbList","@id":"https:\/\/velazo-b2b.com\/product\/kitchen-tap-with-flexible-spout-red-flexi-graphite\/#breadcrumb","itemListElement":[{"@type":"ListItem","position":1,"name":"Home","item":"https:\/\/velazo-b2b.com\/"},{"@type":"ListItem","position":2,"name":"Shop","item":"https:\/\/velazo-b2b.com\/shop-page\/"},{"@type":"ListItem","position":3,"name":"Kitchen tap with flexible spout red flexi &#8211; graphite"}]},{"@type":"WebSite","@id":"https:\/\/velazo-b2b.com\/#website","url":"https:\/\/velazo-b2b.com\/","name":"VELAZO.","description":"","potentialAction":[{"@type":"SearchAction","target":{"@type":"EntryPoint","urlTemplate":"https:\/\/velazo-b2b.com\/?s={search_term_string}"},"query-input":{"@type":"PropertyValueSpecification","valueRequired":true,"valueName":"search_term_string"}}],"inLanguage":"fr-FR"}]}},"_links":{"self":[{"href":"https:\/\/velazo-b2b.com\/fr\/wp-json\/wp\/v2\/product\/262","targetHints":{"allow":["GET"]}}],"collection":[{"href":"https:\/\/velazo-b2b.com\/fr\/wp-json\/wp\/v2\/product"}],"about":[{"href":"https:\/\/velazo-b2b.com\/fr\/wp-json\/wp\/v2\/types\/product"}],"replies":[{"embeddable":true,"href":"https:\/\/velazo-b2b.com\/fr\/wp-json\/wp\/v2\/comments?post=262"}],"version-history":[{"count":0,"href":"https:\/\/velazo-b2b.com\/fr\/wp-json\/wp\/v2\/product\/262\/revisions"}],"wp:featuredmedia":[{"embeddable":true,"href":"https:\/\/velazo-b2b.com\/fr\/wp-json\/wp\/v2\/media\/261"}],"wp:attachment":[{"href":"https:\/\/velazo-b2b.com\/fr\/wp-json\/wp\/v2\/media?parent=262"}],"wp:term":[{"taxonomy":"product_cat","embeddable":true,"href":"https:\/\/velazo-b2b.com\/fr\/wp-json\/wp\/v2\/product_cat?post=262"},{"taxonomy":"product_tag","embeddable":true,"href":"https:\/\/velazo-b2b.com\/fr\/wp-json\/wp\/v2\/product_tag?post=262"}],"curies":[{"name":"wp","href":"https:\/\/api.w.org\/{rel}","templated":true}]}}