{"id":270,"date":"2025-04-09T14:37:52","date_gmt":"2025-04-09T14:37:52","guid":{"rendered":"https:\/\/velazo-b2b.com\/product\/kitchen-tap-with-flexible-spout-white-flexi-inox\/"},"modified":"2025-12-08T11:33:56","modified_gmt":"2025-12-08T10:33:56","slug":"robinet-de-cuisine-avec-bec-flexible-blanc-flexi-inox","status":"publish","type":"product","link":"https:\/\/velazo-b2b.com\/fr\/product\/robinet-de-cuisine-avec-bec-flexible-blanc-flexi-inox\/","title":{"rendered":"Robinet de cuisine avec bec flexible Blanc Flexi \/Inox"},"content":{"rendered":"<p><strong style=\"box-sizing: inherit;\">Donn\u00e9es techniques :<\/strong><\/p>\n<ul style=\"box-sizing: inherit; list-style-position: inside; padding-left: 2rem; color: rgba(37, 37, 37, 0.75); font-family: -apple-system,;\">\n<li style=\"box-sizing: inherit; list-style: inherit;\">Bonne qualit\u00e9 \u00e0 bas prix<\/li>\n<li style=\"box-sizing: inherit; list-style: inherit;\">Mono-levier, debout<\/li>\n<li style=\"box-sizing: inherit; list-style: inherit;\">M\u00e9langeur c\u00e9ramique 35 mm<\/li>\n<li style=\"box-sizing: inherit; list-style: inherit;\">Bec flexible<\/li>\n<li style=\"box-sizing: inherit; list-style: inherit;\">Tuyau en silicone de haute qualit\u00e9<\/li>\n<li style=\"box-sizing: inherit; list-style: inherit;\">Couvercle en silicone de la couleur du bec sur la poign\u00e9e<\/li>\n<li style=\"box-sizing: inherit; list-style: inherit; margin-bottom: 0px;\">A\u00e9rateur en plastique \u00e9conomisant l'eau<\/li>\n<\/ul>\n<p><strong>Robinet de cuisine sur pied en acier inoxydable blanc<\/strong><\/p>\n<p>\u2714\ufe0f Robinet d'\u00e9vier de haute qualit\u00e9 en acier inoxydable 304<\/p>\n<p>MAT\u00c9RIAUX DE LA PLUS HAUTE QUALIT\u00c9 : Nos robinets sont fabriqu\u00e9s \u00e0 partir de mat\u00e9riaux de la plus haute qualit\u00e9, ce qui garantit leur durabilit\u00e9 et leur r\u00e9sistance aux dommages. Le blanc n'est pas seulement \u00e9l\u00e9gant, il est aussi r\u00e9sistant aux rayures et conserve son \u00e9clat pendant longtemps.<\/p>","protected":false},"excerpt":{"rendered":"<p>Caract\u00e9ristiques techniques : Bonne qualit\u00e9 \u00e0 petit prix Mitigeur c\u00e9ramique sur pied 35 mm Bec flexible Tuyau en silicone de haute qualit\u00e9 Couvercle en silicone de la couleur du bec sur la poign\u00e9e<\/p>","protected":false},"featured_media":269,"comment_status":"open","ping_status":"closed","template":"","meta":[],"product_cat":[69,67],"product_tag":[24,23,37],"class_list":{"0":"post-270","1":"product","2":"type-product","3":"status-publish","4":"has-post-thumbnail","6":"product_cat-flexible-kitchen-faucets","7":"product_cat-sink-faucets","8":"product_tag-flexible-kitchen-faucets","9":"product_tag-sink-faucets","10":"product_tag-white-kitchen-faucets","12":"first","13":"outofstock","14":"taxable","15":"shipping-taxable","16":"product-type-simple"},"yoast_head":"<!-- This site is optimized with the Yoast SEO plugin v27.4 - https:\/\/yoast.com\/product\/yoast-seo-wordpress\/ -->\n<title>Kitchen Tap with Flexible Spout White Flexi \/Inox - VELAZO.<\/title>\n<meta name=\"robots\" content=\"index, follow, max-snippet:-1, max-image-preview:large, max-video-preview:-1\" \/>\n<link rel=\"canonical\" href=\"https:\/\/velazo-b2b.com\/fr\/product\/robinet-de-cuisine-avec-bec-flexible-blanc-flexi-inox\/\" \/>\n<meta property=\"og:locale\" content=\"fr_FR\" \/>\n<meta property=\"og:type\" content=\"article\" \/>\n<meta property=\"og:title\" content=\"Kitchen Tap with Flexible Spout White Flexi \/Inox - VELAZO.\" \/>\n<meta property=\"og:description\" content=\"Technical data: Good quality at a low price Single-lever, standing Ceramic mixer 35 mm Flexible spout High-quality silicone hose Silicone cover in the color of the spout on the handle\" \/>\n<meta property=\"og:url\" content=\"https:\/\/velazo-b2b.com\/fr\/product\/robinet-de-cuisine-avec-bec-flexible-blanc-flexi-inox\/\" \/>\n<meta property=\"og:site_name\" content=\"VELAZO.\" \/>\n<meta property=\"article:modified_time\" content=\"2025-12-08T10:33:56+00:00\" \/>\n<meta property=\"og:image\" content=\"https:\/\/velazo-b2b.com\/wp-content\/uploads\/2025\/04\/4fc572cefe326205c4c5bbb854daf8ce-scaled.jpg\" \/>\n\t<meta property=\"og:image:width\" content=\"2560\" \/>\n\t<meta property=\"og:image:height\" content=\"2560\" \/>\n\t<meta property=\"og:image:type\" content=\"image\/jpeg\" \/>\n<meta name=\"twitter:card\" content=\"summary_large_image\" \/>\n<script type=\"application\/ld+json\" class=\"yoast-schema-graph\">{\"@context\":\"https:\\\/\\\/schema.org\",\"@graph\":[{\"@type\":\"WebPage\",\"@id\":\"https:\\\/\\\/velazo-b2b.com\\\/product\\\/kitchen-tap-with-flexible-spout-white-flexi-inox\\\/\",\"url\":\"https:\\\/\\\/velazo-b2b.com\\\/product\\\/kitchen-tap-with-flexible-spout-white-flexi-inox\\\/\",\"name\":\"Kitchen Tap with Flexible Spout White Flexi \\\/Inox - VELAZO.\",\"isPartOf\":{\"@id\":\"https:\\\/\\\/velazo-b2b.com\\\/#website\"},\"primaryImageOfPage\":{\"@id\":\"https:\\\/\\\/velazo-b2b.com\\\/product\\\/kitchen-tap-with-flexible-spout-white-flexi-inox\\\/#primaryimage\"},\"image\":{\"@id\":\"https:\\\/\\\/velazo-b2b.com\\\/product\\\/kitchen-tap-with-flexible-spout-white-flexi-inox\\\/#primaryimage\"},\"thumbnailUrl\":\"https:\\\/\\\/velazo-b2b.com\\\/wp-content\\\/uploads\\\/2025\\\/04\\\/4fc572cefe326205c4c5bbb854daf8ce-scaled.jpg\",\"datePublished\":\"2025-04-09T14:37:52+00:00\",\"dateModified\":\"2025-12-08T10:33:56+00:00\",\"breadcrumb\":{\"@id\":\"https:\\\/\\\/velazo-b2b.com\\\/product\\\/kitchen-tap-with-flexible-spout-white-flexi-inox\\\/#breadcrumb\"},\"inLanguage\":\"fr-FR\",\"potentialAction\":[{\"@type\":\"ReadAction\",\"target\":[\"https:\\\/\\\/velazo-b2b.com\\\/product\\\/kitchen-tap-with-flexible-spout-white-flexi-inox\\\/\"]}]},{\"@type\":\"ImageObject\",\"inLanguage\":\"fr-FR\",\"@id\":\"https:\\\/\\\/velazo-b2b.com\\\/product\\\/kitchen-tap-with-flexible-spout-white-flexi-inox\\\/#primaryimage\",\"url\":\"https:\\\/\\\/velazo-b2b.com\\\/wp-content\\\/uploads\\\/2025\\\/04\\\/4fc572cefe326205c4c5bbb854daf8ce-scaled.jpg\",\"contentUrl\":\"https:\\\/\\\/velazo-b2b.com\\\/wp-content\\\/uploads\\\/2025\\\/04\\\/4fc572cefe326205c4c5bbb854daf8ce-scaled.jpg\",\"width\":2560,\"height\":2560},{\"@type\":\"BreadcrumbList\",\"@id\":\"https:\\\/\\\/velazo-b2b.com\\\/product\\\/kitchen-tap-with-flexible-spout-white-flexi-inox\\\/#breadcrumb\",\"itemListElement\":[{\"@type\":\"ListItem\",\"position\":1,\"name\":\"Home\",\"item\":\"https:\\\/\\\/velazo-b2b.com\\\/\"},{\"@type\":\"ListItem\",\"position\":2,\"name\":\"Shop\",\"item\":\"https:\\\/\\\/velazo-b2b.com\\\/shop-page\\\/\"},{\"@type\":\"ListItem\",\"position\":3,\"name\":\"Kitchen Tap with Flexible Spout White Flexi \\\/Inox\"}]},{\"@type\":\"WebSite\",\"@id\":\"https:\\\/\\\/velazo-b2b.com\\\/#website\",\"url\":\"https:\\\/\\\/velazo-b2b.com\\\/\",\"name\":\"VELAZO.\",\"description\":\"\",\"potentialAction\":[{\"@type\":\"SearchAction\",\"target\":{\"@type\":\"EntryPoint\",\"urlTemplate\":\"https:\\\/\\\/velazo-b2b.com\\\/?s={search_term_string}\"},\"query-input\":{\"@type\":\"PropertyValueSpecification\",\"valueRequired\":true,\"valueName\":\"search_term_string\"}}],\"inLanguage\":\"fr-FR\"}]}<\/script>\n<!-- \/ Yoast SEO plugin. -->","yoast_head_json":{"title":"Robinet de cuisine avec bec flexible blanc Flexi \/Inox - VELAZO.","robots":{"index":"index","follow":"follow","max-snippet":"max-snippet:-1","max-image-preview":"max-image-preview:large","max-video-preview":"max-video-preview:-1"},"canonical":"https:\/\/velazo-b2b.com\/fr\/product\/robinet-de-cuisine-avec-bec-flexible-blanc-flexi-inox\/","og_locale":"fr_FR","og_type":"article","og_title":"Kitchen Tap with Flexible Spout White Flexi \/Inox - VELAZO.","og_description":"Technical data: Good quality at a low price Single-lever, standing Ceramic mixer 35 mm Flexible spout High-quality silicone hose Silicone cover in the color of the spout on the handle","og_url":"https:\/\/velazo-b2b.com\/fr\/product\/robinet-de-cuisine-avec-bec-flexible-blanc-flexi-inox\/","og_site_name":"VELAZO.","article_modified_time":"2025-12-08T10:33:56+00:00","og_image":[{"width":2560,"height":2560,"url":"https:\/\/velazo-b2b.com\/wp-content\/uploads\/2025\/04\/4fc572cefe326205c4c5bbb854daf8ce-scaled.jpg","type":"image\/jpeg"}],"twitter_card":"summary_large_image","schema":{"@context":"https:\/\/schema.org","@graph":[{"@type":"WebPage","@id":"https:\/\/velazo-b2b.com\/product\/kitchen-tap-with-flexible-spout-white-flexi-inox\/","url":"https:\/\/velazo-b2b.com\/product\/kitchen-tap-with-flexible-spout-white-flexi-inox\/","name":"Robinet de cuisine avec bec flexible blanc Flexi \/Inox - VELAZO.","isPartOf":{"@id":"https:\/\/velazo-b2b.com\/#website"},"primaryImageOfPage":{"@id":"https:\/\/velazo-b2b.com\/product\/kitchen-tap-with-flexible-spout-white-flexi-inox\/#primaryimage"},"image":{"@id":"https:\/\/velazo-b2b.com\/product\/kitchen-tap-with-flexible-spout-white-flexi-inox\/#primaryimage"},"thumbnailUrl":"https:\/\/velazo-b2b.com\/wp-content\/uploads\/2025\/04\/4fc572cefe326205c4c5bbb854daf8ce-scaled.jpg","datePublished":"2025-04-09T14:37:52+00:00","dateModified":"2025-12-08T10:33:56+00:00","breadcrumb":{"@id":"https:\/\/velazo-b2b.com\/product\/kitchen-tap-with-flexible-spout-white-flexi-inox\/#breadcrumb"},"inLanguage":"fr-FR","potentialAction":[{"@type":"ReadAction","target":["https:\/\/velazo-b2b.com\/product\/kitchen-tap-with-flexible-spout-white-flexi-inox\/"]}]},{"@type":"ImageObject","inLanguage":"fr-FR","@id":"https:\/\/velazo-b2b.com\/product\/kitchen-tap-with-flexible-spout-white-flexi-inox\/#primaryimage","url":"https:\/\/velazo-b2b.com\/wp-content\/uploads\/2025\/04\/4fc572cefe326205c4c5bbb854daf8ce-scaled.jpg","contentUrl":"https:\/\/velazo-b2b.com\/wp-content\/uploads\/2025\/04\/4fc572cefe326205c4c5bbb854daf8ce-scaled.jpg","width":2560,"height":2560},{"@type":"BreadcrumbList","@id":"https:\/\/velazo-b2b.com\/product\/kitchen-tap-with-flexible-spout-white-flexi-inox\/#breadcrumb","itemListElement":[{"@type":"ListItem","position":1,"name":"Home","item":"https:\/\/velazo-b2b.com\/"},{"@type":"ListItem","position":2,"name":"Shop","item":"https:\/\/velazo-b2b.com\/shop-page\/"},{"@type":"ListItem","position":3,"name":"Kitchen Tap with Flexible Spout White Flexi \/Inox"}]},{"@type":"WebSite","@id":"https:\/\/velazo-b2b.com\/#website","url":"https:\/\/velazo-b2b.com\/","name":"VELAZO.","description":"","potentialAction":[{"@type":"SearchAction","target":{"@type":"EntryPoint","urlTemplate":"https:\/\/velazo-b2b.com\/?s={search_term_string}"},"query-input":{"@type":"PropertyValueSpecification","valueRequired":true,"valueName":"search_term_string"}}],"inLanguage":"fr-FR"}]}},"_links":{"self":[{"href":"https:\/\/velazo-b2b.com\/fr\/wp-json\/wp\/v2\/product\/270","targetHints":{"allow":["GET"]}}],"collection":[{"href":"https:\/\/velazo-b2b.com\/fr\/wp-json\/wp\/v2\/product"}],"about":[{"href":"https:\/\/velazo-b2b.com\/fr\/wp-json\/wp\/v2\/types\/product"}],"replies":[{"embeddable":true,"href":"https:\/\/velazo-b2b.com\/fr\/wp-json\/wp\/v2\/comments?post=270"}],"version-history":[{"count":0,"href":"https:\/\/velazo-b2b.com\/fr\/wp-json\/wp\/v2\/product\/270\/revisions"}],"wp:featuredmedia":[{"embeddable":true,"href":"https:\/\/velazo-b2b.com\/fr\/wp-json\/wp\/v2\/media\/269"}],"wp:attachment":[{"href":"https:\/\/velazo-b2b.com\/fr\/wp-json\/wp\/v2\/media?parent=270"}],"wp:term":[{"taxonomy":"product_cat","embeddable":true,"href":"https:\/\/velazo-b2b.com\/fr\/wp-json\/wp\/v2\/product_cat?post=270"},{"taxonomy":"product_tag","embeddable":true,"href":"https:\/\/velazo-b2b.com\/fr\/wp-json\/wp\/v2\/product_tag?post=270"}],"curies":[{"name":"wp","href":"https:\/\/api.w.org\/{rel}","templated":true}]}}