{"id":2703,"date":"2025-04-23T12:30:08","date_gmt":"2025-04-23T10:30:08","guid":{"rendered":"https:\/\/velazo-b2b.com\/?post_type=product&#038;p=2703"},"modified":"2025-12-08T11:33:07","modified_gmt":"2025-12-08T10:33:07","slug":"5745d","status":"publish","type":"product","link":"https:\/\/velazo-b2b.com\/fr\/product\/5745d\/","title":{"rendered":"5745D"},"content":{"rendered":"<h2 class=\"mp0t_ji munh_0 m3h2_0 mqu1_1j mgn2_21 mgn2_25_s m9qz_yo mryx_16 mgmw_wo mp4t_0 msts_n7\" data-role=\"replaceable-title\">Description<\/h2>\n<div data-box-name=\"Description card\" data-box-id=\"LUo64bt1RQOuwIphdVaomw==sx2lrxHNQUG4Wa7QQbUK8g==v8GgqMy9Qp-lQqTlwF0UTQ==\" data-prototype-id=\"layout.container\" data-prototype-version=\"9.0\" data-analytics-category=\"layout.container\" data-analytics-groups=\"%5B%22allegro.oferta.base%22%2C%22showproduct.content%22%5D\" data-mxxxkmnxkapy=\"\">\n<div class=\"opbox-sheet-wrapper m7er_k4 munh_56 m3h2_56 _17d9e_7VF-Y mjru_ua carousel-item\" data-item=\"\">\n<div class=\"opbox-sheet opbox-sheet-d64a8 _17d9e_Ww88Y msts_n7\">\n<div data-box-name=\"Description\" data-box-id=\"LUo64bt1RQOuwIphdVaomw==sx2lrxHNQUG4Wa7QQbUK8g==gbrCZxJ_RBSlSji1w8NOmA==\" data-prototype-id=\"allegro.showoffer.description\" data-prototype-version=\"0.8\" data-civ=\"06e\" data-analytics-enabled=\"\" data-analytics-category=\"allegro.showoffer.description\" data-analytics-groups=\"%5B%22allegro.oferta.base%22%2C%22showproduct.content%22%5D\" data-omymnxwjmxzy=\"\">\n<div class=\"app-container\">\n<div class=\"mgn2_14 mp0t_0a mqu1_21 mli8_k4 mgmw_wo msts_pt _0d3bd_K6Qpj\">\n<div class=\"\">\n<div class=\"mpof_ki myre_zn myre_8v_l m389_6m_l\">\n<div class=\"mp4t_16_s mryx_16_s mr3m_1 mli2_1 mh85_56 mh85_0_l\">\n<div class=\"mgn2_16 _0d3bd_am0a-\">\n<ul>\n<li>Decor (lin) - structure \u00e0 mailles convexes, caract\u00e9ris\u00e9e par une r\u00e9sistance accrue aux rayures<\/li>\n<li>Type : 1 compartiment<\/li>\n<li>Finition : DECOR<\/li>\n<li><b>Dimensions :<\/b><\/li>\n<li>Longueur 57 cm<\/li>\n<li>Largeur : 45 cm<\/li>\n<li>Profondeur : 18 cm<\/li>\n<li>\u00c9paisseur du m\u00e9tal :\u00a0<b>0,8 mm<\/b><\/li>\n<li>Chambre\u00a0<b>\u00d8365mm<\/b><\/li>\n<li>Inclus : siphon de vidange (sans possibilit\u00e9 de raccordement au lave-vaisselle)<\/li>\n<\/ul>\n<\/div>\n<\/div>\n<\/div>\n<\/div>\n<\/div>\n<\/div>\n<\/div>\n<\/div>\n<\/div>\n<\/div>","protected":false},"excerpt":{"rendered":"<p>Description Decor (linen) &#8211; convex mesh structure, characterized by increased scratch resistance Type: 1 compartment Finish: DECOR Dimensions: Length 57 cm Width: 45 cm Depth: 18 cm Metal thickness:\u00a00.8 mm<\/p>","protected":false},"featured_media":2936,"comment_status":"open","ping_status":"closed","template":"","meta":[],"product_cat":[59,60],"product_tag":[],"class_list":{"0":"post-2703","1":"product","2":"type-product","3":"status-publish","4":"has-post-thumbnail","6":"product_cat-stamped-microdecor-sink","7":"product_cat-stamped-sink","9":"first","10":"instock","11":"taxable","12":"shipping-taxable","13":"product-type-simple"},"yoast_head":"<!-- This site is optimized with the Yoast SEO plugin v27.4 - https:\/\/yoast.com\/product\/yoast-seo-wordpress\/ -->\n<title>5745D - VELAZO.<\/title>\n<meta name=\"robots\" content=\"index, follow, max-snippet:-1, max-image-preview:large, max-video-preview:-1\" \/>\n<link rel=\"canonical\" href=\"https:\/\/velazo-b2b.com\/fr\/product\/5745d\/\" \/>\n<meta property=\"og:locale\" content=\"fr_FR\" \/>\n<meta property=\"og:type\" content=\"article\" \/>\n<meta property=\"og:title\" content=\"5745D - VELAZO.\" \/>\n<meta property=\"og:description\" content=\"Description Decor (linen) &#8211; convex mesh structure, characterized by increased scratch resistance Type: 1 compartment Finish: DECOR Dimensions: Length 57 cm Width: 45 cm Depth: 18 cm Metal thickness:\u00a00.8 mm\" \/>\n<meta property=\"og:url\" content=\"https:\/\/velazo-b2b.com\/fr\/product\/5745d\/\" \/>\n<meta property=\"og:site_name\" content=\"VELAZO.\" \/>\n<meta property=\"article:modified_time\" content=\"2025-12-08T10:33:07+00:00\" \/>\n<meta property=\"og:image\" content=\"https:\/\/velazo-b2b.com\/wp-content\/uploads\/2025\/04\/5745-4.jpg\" \/>\n\t<meta property=\"og:image:width\" content=\"1000\" \/>\n\t<meta property=\"og:image:height\" content=\"694\" \/>\n\t<meta property=\"og:image:type\" content=\"image\/jpeg\" \/>\n<meta name=\"twitter:card\" content=\"summary_large_image\" \/>\n<script type=\"application\/ld+json\" class=\"yoast-schema-graph\">{\"@context\":\"https:\\\/\\\/schema.org\",\"@graph\":[{\"@type\":\"WebPage\",\"@id\":\"https:\\\/\\\/velazo-b2b.com\\\/product\\\/5745d\\\/\",\"url\":\"https:\\\/\\\/velazo-b2b.com\\\/product\\\/5745d\\\/\",\"name\":\"5745D - VELAZO.\",\"isPartOf\":{\"@id\":\"https:\\\/\\\/velazo-b2b.com\\\/#website\"},\"primaryImageOfPage\":{\"@id\":\"https:\\\/\\\/velazo-b2b.com\\\/product\\\/5745d\\\/#primaryimage\"},\"image\":{\"@id\":\"https:\\\/\\\/velazo-b2b.com\\\/product\\\/5745d\\\/#primaryimage\"},\"thumbnailUrl\":\"https:\\\/\\\/velazo-b2b.com\\\/wp-content\\\/uploads\\\/2025\\\/04\\\/5745-4.jpg\",\"datePublished\":\"2025-04-23T10:30:08+00:00\",\"dateModified\":\"2025-12-08T10:33:07+00:00\",\"breadcrumb\":{\"@id\":\"https:\\\/\\\/velazo-b2b.com\\\/product\\\/5745d\\\/#breadcrumb\"},\"inLanguage\":\"fr-FR\",\"potentialAction\":[{\"@type\":\"ReadAction\",\"target\":[\"https:\\\/\\\/velazo-b2b.com\\\/product\\\/5745d\\\/\"]}]},{\"@type\":\"ImageObject\",\"inLanguage\":\"fr-FR\",\"@id\":\"https:\\\/\\\/velazo-b2b.com\\\/product\\\/5745d\\\/#primaryimage\",\"url\":\"https:\\\/\\\/velazo-b2b.com\\\/wp-content\\\/uploads\\\/2025\\\/04\\\/5745-4.jpg\",\"contentUrl\":\"https:\\\/\\\/velazo-b2b.com\\\/wp-content\\\/uploads\\\/2025\\\/04\\\/5745-4.jpg\",\"width\":1000,\"height\":694},{\"@type\":\"BreadcrumbList\",\"@id\":\"https:\\\/\\\/velazo-b2b.com\\\/product\\\/5745d\\\/#breadcrumb\",\"itemListElement\":[{\"@type\":\"ListItem\",\"position\":1,\"name\":\"Home\",\"item\":\"https:\\\/\\\/velazo-b2b.com\\\/\"},{\"@type\":\"ListItem\",\"position\":2,\"name\":\"Shop\",\"item\":\"https:\\\/\\\/velazo-b2b.com\\\/shop-page\\\/\"},{\"@type\":\"ListItem\",\"position\":3,\"name\":\"5745D\"}]},{\"@type\":\"WebSite\",\"@id\":\"https:\\\/\\\/velazo-b2b.com\\\/#website\",\"url\":\"https:\\\/\\\/velazo-b2b.com\\\/\",\"name\":\"VELAZO.\",\"description\":\"\",\"potentialAction\":[{\"@type\":\"SearchAction\",\"target\":{\"@type\":\"EntryPoint\",\"urlTemplate\":\"https:\\\/\\\/velazo-b2b.com\\\/?s={search_term_string}\"},\"query-input\":{\"@type\":\"PropertyValueSpecification\",\"valueRequired\":true,\"valueName\":\"search_term_string\"}}],\"inLanguage\":\"fr-FR\"}]}<\/script>\n<!-- \/ Yoast SEO plugin. -->","yoast_head_json":{"title":"5745D - VELAZO.","robots":{"index":"index","follow":"follow","max-snippet":"max-snippet:-1","max-image-preview":"max-image-preview:large","max-video-preview":"max-video-preview:-1"},"canonical":"https:\/\/velazo-b2b.com\/fr\/product\/5745d\/","og_locale":"fr_FR","og_type":"article","og_title":"5745D - VELAZO.","og_description":"Description Decor (linen) &#8211; convex mesh structure, characterized by increased scratch resistance Type: 1 compartment Finish: DECOR Dimensions: Length 57 cm Width: 45 cm Depth: 18 cm Metal thickness:\u00a00.8 mm","og_url":"https:\/\/velazo-b2b.com\/fr\/product\/5745d\/","og_site_name":"VELAZO.","article_modified_time":"2025-12-08T10:33:07+00:00","og_image":[{"width":1000,"height":694,"url":"https:\/\/velazo-b2b.com\/wp-content\/uploads\/2025\/04\/5745-4.jpg","type":"image\/jpeg"}],"twitter_card":"summary_large_image","schema":{"@context":"https:\/\/schema.org","@graph":[{"@type":"WebPage","@id":"https:\/\/velazo-b2b.com\/product\/5745d\/","url":"https:\/\/velazo-b2b.com\/product\/5745d\/","name":"5745D - VELAZO.","isPartOf":{"@id":"https:\/\/velazo-b2b.com\/#website"},"primaryImageOfPage":{"@id":"https:\/\/velazo-b2b.com\/product\/5745d\/#primaryimage"},"image":{"@id":"https:\/\/velazo-b2b.com\/product\/5745d\/#primaryimage"},"thumbnailUrl":"https:\/\/velazo-b2b.com\/wp-content\/uploads\/2025\/04\/5745-4.jpg","datePublished":"2025-04-23T10:30:08+00:00","dateModified":"2025-12-08T10:33:07+00:00","breadcrumb":{"@id":"https:\/\/velazo-b2b.com\/product\/5745d\/#breadcrumb"},"inLanguage":"fr-FR","potentialAction":[{"@type":"ReadAction","target":["https:\/\/velazo-b2b.com\/product\/5745d\/"]}]},{"@type":"ImageObject","inLanguage":"fr-FR","@id":"https:\/\/velazo-b2b.com\/product\/5745d\/#primaryimage","url":"https:\/\/velazo-b2b.com\/wp-content\/uploads\/2025\/04\/5745-4.jpg","contentUrl":"https:\/\/velazo-b2b.com\/wp-content\/uploads\/2025\/04\/5745-4.jpg","width":1000,"height":694},{"@type":"BreadcrumbList","@id":"https:\/\/velazo-b2b.com\/product\/5745d\/#breadcrumb","itemListElement":[{"@type":"ListItem","position":1,"name":"Home","item":"https:\/\/velazo-b2b.com\/"},{"@type":"ListItem","position":2,"name":"Shop","item":"https:\/\/velazo-b2b.com\/shop-page\/"},{"@type":"ListItem","position":3,"name":"5745D"}]},{"@type":"WebSite","@id":"https:\/\/velazo-b2b.com\/#website","url":"https:\/\/velazo-b2b.com\/","name":"VELAZO.","description":"","potentialAction":[{"@type":"SearchAction","target":{"@type":"EntryPoint","urlTemplate":"https:\/\/velazo-b2b.com\/?s={search_term_string}"},"query-input":{"@type":"PropertyValueSpecification","valueRequired":true,"valueName":"search_term_string"}}],"inLanguage":"fr-FR"}]}},"_links":{"self":[{"href":"https:\/\/velazo-b2b.com\/fr\/wp-json\/wp\/v2\/product\/2703","targetHints":{"allow":["GET"]}}],"collection":[{"href":"https:\/\/velazo-b2b.com\/fr\/wp-json\/wp\/v2\/product"}],"about":[{"href":"https:\/\/velazo-b2b.com\/fr\/wp-json\/wp\/v2\/types\/product"}],"replies":[{"embeddable":true,"href":"https:\/\/velazo-b2b.com\/fr\/wp-json\/wp\/v2\/comments?post=2703"}],"version-history":[{"count":0,"href":"https:\/\/velazo-b2b.com\/fr\/wp-json\/wp\/v2\/product\/2703\/revisions"}],"wp:featuredmedia":[{"embeddable":true,"href":"https:\/\/velazo-b2b.com\/fr\/wp-json\/wp\/v2\/media\/2936"}],"wp:attachment":[{"href":"https:\/\/velazo-b2b.com\/fr\/wp-json\/wp\/v2\/media?parent=2703"}],"wp:term":[{"taxonomy":"product_cat","embeddable":true,"href":"https:\/\/velazo-b2b.com\/fr\/wp-json\/wp\/v2\/product_cat?post=2703"},{"taxonomy":"product_tag","embeddable":true,"href":"https:\/\/velazo-b2b.com\/fr\/wp-json\/wp\/v2\/product_tag?post=2703"}],"curies":[{"name":"wp","href":"https:\/\/api.w.org\/{rel}","templated":true}]}}