{"id":282,"date":"2025-04-09T14:38:36","date_gmt":"2025-04-09T14:38:36","guid":{"rendered":"https:\/\/velazo-b2b.com\/product\/stainless-steel-kitchen-tap-with-pull-out-spout\/"},"modified":"2025-10-08T11:54:27","modified_gmt":"2025-10-08T09:54:27","slug":"robinet-de-cuisine-en-acier-inoxydable-avec-bec-extractible","status":"publish","type":"product","link":"https:\/\/velazo-b2b.com\/fr\/product\/robinet-de-cuisine-en-acier-inoxydable-avec-bec-extractible\/","title":{"rendered":"Robinet de cuisine en acier inoxydable avec bec extractible"},"content":{"rendered":"<p>\u25b6\ufe0f Nos robinets de cuisine ont \u00e9t\u00e9 con\u00e7us dans un souci de fonctionnalit\u00e9 maximale. Ils sont dot\u00e9s d'un bec extractible qui permet une utilisation pratique de l'eau dans toutes les situations. Les robinets d'\u00e9vier \u00e0 levier unique, pivotant sur 360\u00b0, rendent l'utilisation du robinet extr\u00eamement pratique et l'acc\u00e8s \u00e0 l'eau facile et flexible.<\/p>\n<p>\u25b6\ufe0f Un autre avantage de nos produits est la possibilit\u00e9 de choisir entre deux types de jet d'eau. Gr\u00e2ce \u00e0 cela, vous pouvez adapter le jet \u00e0 vos pr\u00e9f\u00e9rences, en garantissant des conditions optimales d'utilisation de l'eau \u00e0 tout moment. Il s'agit d'une solution pratique qui augmente la fonctionnalit\u00e9 du robinet de cuisine, en l'adaptant aux diff\u00e9rents besoins de l'utilisateur.<\/p>","protected":false},"excerpt":{"rendered":"<p>&#9654;\ufe0f Our kitchen faucets have been designed with maximum functionality in mind. They have a pull-out spout, allowing convenient use of the water supply in every situation. Single-lever sink fittings,<\/p>","protected":false},"featured_media":281,"comment_status":"open","ping_status":"closed","template":"","meta":[],"product_cat":[67],"product_tag":[39,23],"class_list":{"0":"post-282","1":"product","2":"type-product","3":"status-publish","4":"has-post-thumbnail","6":"product_cat-sink-faucets","7":"product_tag-pull-out-spout-taps","8":"product_tag-sink-faucets","10":"first","11":"outofstock","12":"taxable","13":"shipping-taxable","14":"product-type-simple"},"yoast_head":"<!-- This site is optimized with the Yoast SEO plugin v27.4 - https:\/\/yoast.com\/product\/yoast-seo-wordpress\/ -->\n<title>Stainless Steel Kitchen Tap with Pull-Out Spout - VELAZO.<\/title>\n<meta name=\"robots\" content=\"index, follow, max-snippet:-1, max-image-preview:large, max-video-preview:-1\" \/>\n<link rel=\"canonical\" href=\"https:\/\/velazo-b2b.com\/fr\/product\/robinet-de-cuisine-en-acier-inoxydable-avec-bec-extractible\/\" \/>\n<meta property=\"og:locale\" content=\"fr_FR\" \/>\n<meta property=\"og:type\" content=\"article\" \/>\n<meta property=\"og:title\" content=\"Stainless Steel Kitchen Tap with Pull-Out Spout - VELAZO.\" \/>\n<meta property=\"og:description\" content=\"&#9654;\ufe0f Our kitchen faucets have been designed with maximum functionality in mind. They have a pull-out spout, allowing convenient use of the water supply in every situation. Single-lever sink fittings,\" \/>\n<meta property=\"og:url\" content=\"https:\/\/velazo-b2b.com\/fr\/product\/robinet-de-cuisine-en-acier-inoxydable-avec-bec-extractible\/\" \/>\n<meta property=\"og:site_name\" content=\"VELAZO.\" \/>\n<meta property=\"article:modified_time\" content=\"2025-10-08T09:54:27+00:00\" \/>\n<meta property=\"og:image\" content=\"https:\/\/velazo-b2b.com\/wp-content\/uploads\/2025\/04\/192ce2a333098a923222043767ae21eb-scaled.jpg\" \/>\n\t<meta property=\"og:image:width\" content=\"2560\" \/>\n\t<meta property=\"og:image:height\" content=\"2560\" \/>\n\t<meta property=\"og:image:type\" content=\"image\/jpeg\" \/>\n<meta name=\"twitter:card\" content=\"summary_large_image\" \/>\n<meta name=\"twitter:label1\" content=\"Dur\u00e9e de lecture estim\u00e9e\" \/>\n\t<meta name=\"twitter:data1\" content=\"1 minute\" \/>\n<script type=\"application\/ld+json\" class=\"yoast-schema-graph\">{\"@context\":\"https:\\\/\\\/schema.org\",\"@graph\":[{\"@type\":\"WebPage\",\"@id\":\"https:\\\/\\\/velazo-b2b.com\\\/product\\\/stainless-steel-kitchen-tap-with-pull-out-spout\\\/\",\"url\":\"https:\\\/\\\/velazo-b2b.com\\\/product\\\/stainless-steel-kitchen-tap-with-pull-out-spout\\\/\",\"name\":\"Stainless Steel Kitchen Tap with Pull-Out Spout - VELAZO.\",\"isPartOf\":{\"@id\":\"https:\\\/\\\/velazo-b2b.com\\\/#website\"},\"primaryImageOfPage\":{\"@id\":\"https:\\\/\\\/velazo-b2b.com\\\/product\\\/stainless-steel-kitchen-tap-with-pull-out-spout\\\/#primaryimage\"},\"image\":{\"@id\":\"https:\\\/\\\/velazo-b2b.com\\\/product\\\/stainless-steel-kitchen-tap-with-pull-out-spout\\\/#primaryimage\"},\"thumbnailUrl\":\"https:\\\/\\\/velazo-b2b.com\\\/wp-content\\\/uploads\\\/2025\\\/04\\\/192ce2a333098a923222043767ae21eb-scaled.jpg\",\"datePublished\":\"2025-04-09T14:38:36+00:00\",\"dateModified\":\"2025-10-08T09:54:27+00:00\",\"breadcrumb\":{\"@id\":\"https:\\\/\\\/velazo-b2b.com\\\/product\\\/stainless-steel-kitchen-tap-with-pull-out-spout\\\/#breadcrumb\"},\"inLanguage\":\"fr-FR\",\"potentialAction\":[{\"@type\":\"ReadAction\",\"target\":[\"https:\\\/\\\/velazo-b2b.com\\\/product\\\/stainless-steel-kitchen-tap-with-pull-out-spout\\\/\"]}]},{\"@type\":\"ImageObject\",\"inLanguage\":\"fr-FR\",\"@id\":\"https:\\\/\\\/velazo-b2b.com\\\/product\\\/stainless-steel-kitchen-tap-with-pull-out-spout\\\/#primaryimage\",\"url\":\"https:\\\/\\\/velazo-b2b.com\\\/wp-content\\\/uploads\\\/2025\\\/04\\\/192ce2a333098a923222043767ae21eb-scaled.jpg\",\"contentUrl\":\"https:\\\/\\\/velazo-b2b.com\\\/wp-content\\\/uploads\\\/2025\\\/04\\\/192ce2a333098a923222043767ae21eb-scaled.jpg\",\"width\":2560,\"height\":2560},{\"@type\":\"BreadcrumbList\",\"@id\":\"https:\\\/\\\/velazo-b2b.com\\\/product\\\/stainless-steel-kitchen-tap-with-pull-out-spout\\\/#breadcrumb\",\"itemListElement\":[{\"@type\":\"ListItem\",\"position\":1,\"name\":\"Home\",\"item\":\"https:\\\/\\\/velazo-b2b.com\\\/\"},{\"@type\":\"ListItem\",\"position\":2,\"name\":\"Shop\",\"item\":\"https:\\\/\\\/velazo-b2b.com\\\/shop-page\\\/\"},{\"@type\":\"ListItem\",\"position\":3,\"name\":\"Stainless Steel Kitchen Tap with Pull-Out Spout\"}]},{\"@type\":\"WebSite\",\"@id\":\"https:\\\/\\\/velazo-b2b.com\\\/#website\",\"url\":\"https:\\\/\\\/velazo-b2b.com\\\/\",\"name\":\"VELAZO.\",\"description\":\"\",\"potentialAction\":[{\"@type\":\"SearchAction\",\"target\":{\"@type\":\"EntryPoint\",\"urlTemplate\":\"https:\\\/\\\/velazo-b2b.com\\\/?s={search_term_string}\"},\"query-input\":{\"@type\":\"PropertyValueSpecification\",\"valueRequired\":true,\"valueName\":\"search_term_string\"}}],\"inLanguage\":\"fr-FR\"}]}<\/script>\n<!-- \/ Yoast SEO plugin. -->","yoast_head_json":{"title":"Robinet de cuisine en acier inoxydable avec bec extractible - VELAZO.","robots":{"index":"index","follow":"follow","max-snippet":"max-snippet:-1","max-image-preview":"max-image-preview:large","max-video-preview":"max-video-preview:-1"},"canonical":"https:\/\/velazo-b2b.com\/fr\/product\/robinet-de-cuisine-en-acier-inoxydable-avec-bec-extractible\/","og_locale":"fr_FR","og_type":"article","og_title":"Stainless Steel Kitchen Tap with Pull-Out Spout - VELAZO.","og_description":"&#9654;\ufe0f Our kitchen faucets have been designed with maximum functionality in mind. They have a pull-out spout, allowing convenient use of the water supply in every situation. Single-lever sink fittings,","og_url":"https:\/\/velazo-b2b.com\/fr\/product\/robinet-de-cuisine-en-acier-inoxydable-avec-bec-extractible\/","og_site_name":"VELAZO.","article_modified_time":"2025-10-08T09:54:27+00:00","og_image":[{"width":2560,"height":2560,"url":"https:\/\/velazo-b2b.com\/wp-content\/uploads\/2025\/04\/192ce2a333098a923222043767ae21eb-scaled.jpg","type":"image\/jpeg"}],"twitter_card":"summary_large_image","twitter_misc":{"Dur\u00e9e de lecture estim\u00e9e":"1 minute"},"schema":{"@context":"https:\/\/schema.org","@graph":[{"@type":"WebPage","@id":"https:\/\/velazo-b2b.com\/product\/stainless-steel-kitchen-tap-with-pull-out-spout\/","url":"https:\/\/velazo-b2b.com\/product\/stainless-steel-kitchen-tap-with-pull-out-spout\/","name":"Robinet de cuisine en acier inoxydable avec bec extractible - VELAZO.","isPartOf":{"@id":"https:\/\/velazo-b2b.com\/#website"},"primaryImageOfPage":{"@id":"https:\/\/velazo-b2b.com\/product\/stainless-steel-kitchen-tap-with-pull-out-spout\/#primaryimage"},"image":{"@id":"https:\/\/velazo-b2b.com\/product\/stainless-steel-kitchen-tap-with-pull-out-spout\/#primaryimage"},"thumbnailUrl":"https:\/\/velazo-b2b.com\/wp-content\/uploads\/2025\/04\/192ce2a333098a923222043767ae21eb-scaled.jpg","datePublished":"2025-04-09T14:38:36+00:00","dateModified":"2025-10-08T09:54:27+00:00","breadcrumb":{"@id":"https:\/\/velazo-b2b.com\/product\/stainless-steel-kitchen-tap-with-pull-out-spout\/#breadcrumb"},"inLanguage":"fr-FR","potentialAction":[{"@type":"ReadAction","target":["https:\/\/velazo-b2b.com\/product\/stainless-steel-kitchen-tap-with-pull-out-spout\/"]}]},{"@type":"ImageObject","inLanguage":"fr-FR","@id":"https:\/\/velazo-b2b.com\/product\/stainless-steel-kitchen-tap-with-pull-out-spout\/#primaryimage","url":"https:\/\/velazo-b2b.com\/wp-content\/uploads\/2025\/04\/192ce2a333098a923222043767ae21eb-scaled.jpg","contentUrl":"https:\/\/velazo-b2b.com\/wp-content\/uploads\/2025\/04\/192ce2a333098a923222043767ae21eb-scaled.jpg","width":2560,"height":2560},{"@type":"BreadcrumbList","@id":"https:\/\/velazo-b2b.com\/product\/stainless-steel-kitchen-tap-with-pull-out-spout\/#breadcrumb","itemListElement":[{"@type":"ListItem","position":1,"name":"Home","item":"https:\/\/velazo-b2b.com\/"},{"@type":"ListItem","position":2,"name":"Shop","item":"https:\/\/velazo-b2b.com\/shop-page\/"},{"@type":"ListItem","position":3,"name":"Stainless Steel Kitchen Tap with Pull-Out Spout"}]},{"@type":"WebSite","@id":"https:\/\/velazo-b2b.com\/#website","url":"https:\/\/velazo-b2b.com\/","name":"VELAZO.","description":"","potentialAction":[{"@type":"SearchAction","target":{"@type":"EntryPoint","urlTemplate":"https:\/\/velazo-b2b.com\/?s={search_term_string}"},"query-input":{"@type":"PropertyValueSpecification","valueRequired":true,"valueName":"search_term_string"}}],"inLanguage":"fr-FR"}]}},"_links":{"self":[{"href":"https:\/\/velazo-b2b.com\/fr\/wp-json\/wp\/v2\/product\/282","targetHints":{"allow":["GET"]}}],"collection":[{"href":"https:\/\/velazo-b2b.com\/fr\/wp-json\/wp\/v2\/product"}],"about":[{"href":"https:\/\/velazo-b2b.com\/fr\/wp-json\/wp\/v2\/types\/product"}],"replies":[{"embeddable":true,"href":"https:\/\/velazo-b2b.com\/fr\/wp-json\/wp\/v2\/comments?post=282"}],"version-history":[{"count":0,"href":"https:\/\/velazo-b2b.com\/fr\/wp-json\/wp\/v2\/product\/282\/revisions"}],"wp:featuredmedia":[{"embeddable":true,"href":"https:\/\/velazo-b2b.com\/fr\/wp-json\/wp\/v2\/media\/281"}],"wp:attachment":[{"href":"https:\/\/velazo-b2b.com\/fr\/wp-json\/wp\/v2\/media?parent=282"}],"wp:term":[{"taxonomy":"product_cat","embeddable":true,"href":"https:\/\/velazo-b2b.com\/fr\/wp-json\/wp\/v2\/product_cat?post=282"},{"taxonomy":"product_tag","embeddable":true,"href":"https:\/\/velazo-b2b.com\/fr\/wp-json\/wp\/v2\/product_tag?post=282"}],"curies":[{"name":"wp","href":"https:\/\/api.w.org\/{rel}","templated":true}]}}