{"id":286,"date":"2025-04-09T14:38:51","date_gmt":"2025-04-09T14:38:51","guid":{"rendered":"https:\/\/velazo-b2b.com\/product\/dual-mode-stainless-steel-kitchen-faucet-with-a-modern-and-stylish-look\/"},"modified":"2025-10-13T11:55:18","modified_gmt":"2025-10-13T09:55:18","slug":"robinet-de-cuisine-en-acier-inoxydable-a-double-mode-au-look-moderne-et-elegant","status":"publish","type":"product","link":"https:\/\/velazo-b2b.com\/fr\/product\/robinet-de-cuisine-en-acier-inoxydable-a-double-mode-au-look-moderne-et-elegant\/","title":{"rendered":"Robinet de cuisine en acier inoxydable \u00e0 double mode au look moderne et \u00e9l\u00e9gant"},"content":{"rendered":"<p><strong>Donn\u00e9es techniques :<\/strong><br \/>T\u00eate : c\u00e9ramique<br \/>Mat\u00e9riau : acier<br \/>Bec : extractible<br \/>A\u00e9rateur : oui<br \/>Type : mono-levier<br \/>Trou de montage : standard, universel<br \/>Couleur : Inox<\/p>\n<p><strong>Fonction du produit :<\/strong><br \/>SYSTEM ECO - une fonction qui permet d'\u00e9conomiser, gr\u00e2ce \u00e0 l'a\u00e9ration de l'eau (\u00e9conomies jusqu'\u00e0 40%) ;<br \/>SYSTEM 360 - une fonction qui permet de faire pivoter le bec \u00e0 360 degr\u00e9s ;<br \/>SYST\u00c8ME FACILE \u00c0 NETTOYER - gr\u00e2ce \u00e0 l'utilisation de mat\u00e9riaux de haute qualit\u00e9 dans la cr\u00e9ation des \u00e9l\u00e9ments individuels de ce produit, tels que le laiton, l'acier inoxydable et le PVC solide, il r\u00e9siste aux temp\u00e9ratures \u00e9lev\u00e9es ;<br \/>R\u00c9DUCTION DU BRUIT DU SYST\u00c8ME - gr\u00e2ce au fait que le produit est \u00e9quip\u00e9 d'un tuyau en nylon, il r\u00e9duit le niveau de bruit du robinet ;<br \/>La t\u00eate en c\u00e9ramique de haute qualit\u00e9 minimise le risque de formation de tartre. Cela garantit une dur\u00e9e de vie prolong\u00e9e du produit.<\/p>\n<p>La construction stable du robinet et de la poign\u00e9e du robinet facilite le travail dans la cuisine !<\/p>\n<p>Il est multifonctionnel, \u00e9cologique et r\u00e9sistant aux temp\u00e9ratures \u00e9lev\u00e9es !<\/p>\n<p>Il est confortable de travailler avec lui dans la cuisine et il est \u00e9galement facile \u00e0 nettoyer.<\/p>\n<p>Le bouton situ\u00e9 sur le robinet permet de modifier rapidement le d\u00e9bit (douche\/continu).<\/p>\n<p>Toutes les m\u00e9nag\u00e8res l'appr\u00e9cieront !<\/p>","protected":false},"excerpt":{"rendered":"<p>Technical data:Head: ceramicMaterial: steelSpout: pull-outAerator: yesType: single-leverMounting hole: standard, universalColor: Inox Product function:SYSTEM ECO &#8211; a function that allows you to save, thanks to water aeration (savings up to 40%);SYSTEM<\/p>","protected":false},"featured_media":285,"comment_status":"open","ping_status":"closed","template":"","meta":[],"product_cat":[67],"product_tag":[23],"class_list":{"0":"post-286","1":"product","2":"type-product","3":"status-publish","4":"has-post-thumbnail","6":"product_cat-sink-faucets","7":"product_tag-sink-faucets","9":"first","10":"outofstock","11":"taxable","12":"shipping-taxable","13":"product-type-simple"},"yoast_head":"<!-- This site is optimized with the Yoast SEO plugin v27.4 - https:\/\/yoast.com\/product\/yoast-seo-wordpress\/ -->\n<title>Dual mode stainless steel kitchen faucet with a modern and stylish look - VELAZO.<\/title>\n<meta name=\"robots\" content=\"index, follow, max-snippet:-1, max-image-preview:large, max-video-preview:-1\" \/>\n<link rel=\"canonical\" href=\"https:\/\/velazo-b2b.com\/fr\/product\/robinet-de-cuisine-en-acier-inoxydable-a-double-mode-au-look-moderne-et-elegant\/\" \/>\n<meta property=\"og:locale\" content=\"fr_FR\" \/>\n<meta property=\"og:type\" content=\"article\" \/>\n<meta property=\"og:title\" content=\"Dual mode stainless steel kitchen faucet with a modern and stylish look - VELAZO.\" \/>\n<meta property=\"og:description\" content=\"Technical data:Head: ceramicMaterial: steelSpout: pull-outAerator: yesType: single-leverMounting hole: standard, universalColor: Inox Product function:SYSTEM ECO &#8211; a function that allows you to save, thanks to water aeration (savings up to 40%);SYSTEM\" \/>\n<meta property=\"og:url\" content=\"https:\/\/velazo-b2b.com\/fr\/product\/robinet-de-cuisine-en-acier-inoxydable-a-double-mode-au-look-moderne-et-elegant\/\" \/>\n<meta property=\"og:site_name\" content=\"VELAZO.\" \/>\n<meta property=\"article:modified_time\" content=\"2025-10-13T09:55:18+00:00\" \/>\n<meta property=\"og:image\" content=\"https:\/\/velazo-b2b.com\/wp-content\/uploads\/2025\/04\/f393b58c6d2c2a1c4693026b31f980c6-scaled.jpg\" \/>\n\t<meta property=\"og:image:width\" content=\"2560\" \/>\n\t<meta property=\"og:image:height\" content=\"2560\" \/>\n\t<meta property=\"og:image:type\" content=\"image\/jpeg\" \/>\n<meta name=\"twitter:card\" content=\"summary_large_image\" \/>\n<meta name=\"twitter:label1\" content=\"Dur\u00e9e de lecture estim\u00e9e\" \/>\n\t<meta name=\"twitter:data1\" content=\"1 minute\" \/>\n<script type=\"application\/ld+json\" class=\"yoast-schema-graph\">{\"@context\":\"https:\\\/\\\/schema.org\",\"@graph\":[{\"@type\":\"WebPage\",\"@id\":\"https:\\\/\\\/velazo-b2b.com\\\/product\\\/dual-mode-stainless-steel-kitchen-faucet-with-a-modern-and-stylish-look\\\/\",\"url\":\"https:\\\/\\\/velazo-b2b.com\\\/product\\\/dual-mode-stainless-steel-kitchen-faucet-with-a-modern-and-stylish-look\\\/\",\"name\":\"Dual mode stainless steel kitchen faucet with a modern and stylish look - VELAZO.\",\"isPartOf\":{\"@id\":\"https:\\\/\\\/velazo-b2b.com\\\/#website\"},\"primaryImageOfPage\":{\"@id\":\"https:\\\/\\\/velazo-b2b.com\\\/product\\\/dual-mode-stainless-steel-kitchen-faucet-with-a-modern-and-stylish-look\\\/#primaryimage\"},\"image\":{\"@id\":\"https:\\\/\\\/velazo-b2b.com\\\/product\\\/dual-mode-stainless-steel-kitchen-faucet-with-a-modern-and-stylish-look\\\/#primaryimage\"},\"thumbnailUrl\":\"https:\\\/\\\/velazo-b2b.com\\\/wp-content\\\/uploads\\\/2025\\\/04\\\/f393b58c6d2c2a1c4693026b31f980c6-scaled.jpg\",\"datePublished\":\"2025-04-09T14:38:51+00:00\",\"dateModified\":\"2025-10-13T09:55:18+00:00\",\"breadcrumb\":{\"@id\":\"https:\\\/\\\/velazo-b2b.com\\\/product\\\/dual-mode-stainless-steel-kitchen-faucet-with-a-modern-and-stylish-look\\\/#breadcrumb\"},\"inLanguage\":\"fr-FR\",\"potentialAction\":[{\"@type\":\"ReadAction\",\"target\":[\"https:\\\/\\\/velazo-b2b.com\\\/product\\\/dual-mode-stainless-steel-kitchen-faucet-with-a-modern-and-stylish-look\\\/\"]}]},{\"@type\":\"ImageObject\",\"inLanguage\":\"fr-FR\",\"@id\":\"https:\\\/\\\/velazo-b2b.com\\\/product\\\/dual-mode-stainless-steel-kitchen-faucet-with-a-modern-and-stylish-look\\\/#primaryimage\",\"url\":\"https:\\\/\\\/velazo-b2b.com\\\/wp-content\\\/uploads\\\/2025\\\/04\\\/f393b58c6d2c2a1c4693026b31f980c6-scaled.jpg\",\"contentUrl\":\"https:\\\/\\\/velazo-b2b.com\\\/wp-content\\\/uploads\\\/2025\\\/04\\\/f393b58c6d2c2a1c4693026b31f980c6-scaled.jpg\",\"width\":2560,\"height\":2560},{\"@type\":\"BreadcrumbList\",\"@id\":\"https:\\\/\\\/velazo-b2b.com\\\/product\\\/dual-mode-stainless-steel-kitchen-faucet-with-a-modern-and-stylish-look\\\/#breadcrumb\",\"itemListElement\":[{\"@type\":\"ListItem\",\"position\":1,\"name\":\"Home\",\"item\":\"https:\\\/\\\/velazo-b2b.com\\\/\"},{\"@type\":\"ListItem\",\"position\":2,\"name\":\"Shop\",\"item\":\"https:\\\/\\\/velazo-b2b.com\\\/shop-page\\\/\"},{\"@type\":\"ListItem\",\"position\":3,\"name\":\"Dual mode stainless steel kitchen faucet with a modern and stylish look\"}]},{\"@type\":\"WebSite\",\"@id\":\"https:\\\/\\\/velazo-b2b.com\\\/#website\",\"url\":\"https:\\\/\\\/velazo-b2b.com\\\/\",\"name\":\"VELAZO.\",\"description\":\"\",\"potentialAction\":[{\"@type\":\"SearchAction\",\"target\":{\"@type\":\"EntryPoint\",\"urlTemplate\":\"https:\\\/\\\/velazo-b2b.com\\\/?s={search_term_string}\"},\"query-input\":{\"@type\":\"PropertyValueSpecification\",\"valueRequired\":true,\"valueName\":\"search_term_string\"}}],\"inLanguage\":\"fr-FR\"}]}<\/script>\n<!-- \/ Yoast SEO plugin. -->","yoast_head_json":{"title":"Robinet de cuisine en acier inoxydable \u00e0 double mode au look moderne et \u00e9l\u00e9gant - VELAZO.","robots":{"index":"index","follow":"follow","max-snippet":"max-snippet:-1","max-image-preview":"max-image-preview:large","max-video-preview":"max-video-preview:-1"},"canonical":"https:\/\/velazo-b2b.com\/fr\/product\/robinet-de-cuisine-en-acier-inoxydable-a-double-mode-au-look-moderne-et-elegant\/","og_locale":"fr_FR","og_type":"article","og_title":"Dual mode stainless steel kitchen faucet with a modern and stylish look - VELAZO.","og_description":"Technical data:Head: ceramicMaterial: steelSpout: pull-outAerator: yesType: single-leverMounting hole: standard, universalColor: Inox Product function:SYSTEM ECO &#8211; a function that allows you to save, thanks to water aeration (savings up to 40%);SYSTEM","og_url":"https:\/\/velazo-b2b.com\/fr\/product\/robinet-de-cuisine-en-acier-inoxydable-a-double-mode-au-look-moderne-et-elegant\/","og_site_name":"VELAZO.","article_modified_time":"2025-10-13T09:55:18+00:00","og_image":[{"width":2560,"height":2560,"url":"https:\/\/velazo-b2b.com\/wp-content\/uploads\/2025\/04\/f393b58c6d2c2a1c4693026b31f980c6-scaled.jpg","type":"image\/jpeg"}],"twitter_card":"summary_large_image","twitter_misc":{"Dur\u00e9e de lecture estim\u00e9e":"1 minute"},"schema":{"@context":"https:\/\/schema.org","@graph":[{"@type":"WebPage","@id":"https:\/\/velazo-b2b.com\/product\/dual-mode-stainless-steel-kitchen-faucet-with-a-modern-and-stylish-look\/","url":"https:\/\/velazo-b2b.com\/product\/dual-mode-stainless-steel-kitchen-faucet-with-a-modern-and-stylish-look\/","name":"Robinet de cuisine en acier inoxydable \u00e0 double mode au look moderne et \u00e9l\u00e9gant - VELAZO.","isPartOf":{"@id":"https:\/\/velazo-b2b.com\/#website"},"primaryImageOfPage":{"@id":"https:\/\/velazo-b2b.com\/product\/dual-mode-stainless-steel-kitchen-faucet-with-a-modern-and-stylish-look\/#primaryimage"},"image":{"@id":"https:\/\/velazo-b2b.com\/product\/dual-mode-stainless-steel-kitchen-faucet-with-a-modern-and-stylish-look\/#primaryimage"},"thumbnailUrl":"https:\/\/velazo-b2b.com\/wp-content\/uploads\/2025\/04\/f393b58c6d2c2a1c4693026b31f980c6-scaled.jpg","datePublished":"2025-04-09T14:38:51+00:00","dateModified":"2025-10-13T09:55:18+00:00","breadcrumb":{"@id":"https:\/\/velazo-b2b.com\/product\/dual-mode-stainless-steel-kitchen-faucet-with-a-modern-and-stylish-look\/#breadcrumb"},"inLanguage":"fr-FR","potentialAction":[{"@type":"ReadAction","target":["https:\/\/velazo-b2b.com\/product\/dual-mode-stainless-steel-kitchen-faucet-with-a-modern-and-stylish-look\/"]}]},{"@type":"ImageObject","inLanguage":"fr-FR","@id":"https:\/\/velazo-b2b.com\/product\/dual-mode-stainless-steel-kitchen-faucet-with-a-modern-and-stylish-look\/#primaryimage","url":"https:\/\/velazo-b2b.com\/wp-content\/uploads\/2025\/04\/f393b58c6d2c2a1c4693026b31f980c6-scaled.jpg","contentUrl":"https:\/\/velazo-b2b.com\/wp-content\/uploads\/2025\/04\/f393b58c6d2c2a1c4693026b31f980c6-scaled.jpg","width":2560,"height":2560},{"@type":"BreadcrumbList","@id":"https:\/\/velazo-b2b.com\/product\/dual-mode-stainless-steel-kitchen-faucet-with-a-modern-and-stylish-look\/#breadcrumb","itemListElement":[{"@type":"ListItem","position":1,"name":"Home","item":"https:\/\/velazo-b2b.com\/"},{"@type":"ListItem","position":2,"name":"Shop","item":"https:\/\/velazo-b2b.com\/shop-page\/"},{"@type":"ListItem","position":3,"name":"Dual mode stainless steel kitchen faucet with a modern and stylish look"}]},{"@type":"WebSite","@id":"https:\/\/velazo-b2b.com\/#website","url":"https:\/\/velazo-b2b.com\/","name":"VELAZO.","description":"","potentialAction":[{"@type":"SearchAction","target":{"@type":"EntryPoint","urlTemplate":"https:\/\/velazo-b2b.com\/?s={search_term_string}"},"query-input":{"@type":"PropertyValueSpecification","valueRequired":true,"valueName":"search_term_string"}}],"inLanguage":"fr-FR"}]}},"_links":{"self":[{"href":"https:\/\/velazo-b2b.com\/fr\/wp-json\/wp\/v2\/product\/286","targetHints":{"allow":["GET"]}}],"collection":[{"href":"https:\/\/velazo-b2b.com\/fr\/wp-json\/wp\/v2\/product"}],"about":[{"href":"https:\/\/velazo-b2b.com\/fr\/wp-json\/wp\/v2\/types\/product"}],"replies":[{"embeddable":true,"href":"https:\/\/velazo-b2b.com\/fr\/wp-json\/wp\/v2\/comments?post=286"}],"version-history":[{"count":0,"href":"https:\/\/velazo-b2b.com\/fr\/wp-json\/wp\/v2\/product\/286\/revisions"}],"wp:featuredmedia":[{"embeddable":true,"href":"https:\/\/velazo-b2b.com\/fr\/wp-json\/wp\/v2\/media\/285"}],"wp:attachment":[{"href":"https:\/\/velazo-b2b.com\/fr\/wp-json\/wp\/v2\/media?parent=286"}],"wp:term":[{"taxonomy":"product_cat","embeddable":true,"href":"https:\/\/velazo-b2b.com\/fr\/wp-json\/wp\/v2\/product_cat?post=286"},{"taxonomy":"product_tag","embeddable":true,"href":"https:\/\/velazo-b2b.com\/fr\/wp-json\/wp\/v2\/product_tag?post=286"}],"curies":[{"name":"wp","href":"https:\/\/api.w.org\/{rel}","templated":true}]}}