{"id":294,"date":"2025-04-09T14:39:18","date_gmt":"2025-04-09T14:39:18","guid":{"rendered":"https:\/\/velazo-b2b.com\/product\/stainless-steel-sink-tap-hot-and-cold-water-tap-kitchen-tap\/"},"modified":"2025-10-08T11:54:08","modified_gmt":"2025-10-08T09:54:08","slug":"robinet-devier-en-acier-inoxydable-robinet-deau-chaude-et-froide-robinet-de-cuisine","status":"publish","type":"product","link":"https:\/\/velazo-b2b.com\/fr\/product\/robinet-devier-en-acier-inoxydable-robinet-deau-chaude-et-froide-robinet-de-cuisine\/","title":{"rendered":"Robinet d'\u00e9vier en acier inoxydable, robinet d'eau chaude et froide, robinet de cuisine"},"content":{"rendered":"<p><strong>Robinet de cuisine + eau froide\/chaude<\/strong><br \/>Accessoires complets. Installation facile.<br \/>Installation facile : Une partie du robinet a d\u00e9j\u00e0 \u00e9t\u00e9 install\u00e9e, y compris l'\u00e9quipement complet et les instructions de montage. M\u00eame pour les profanes, l'installation est tr\u00e8s rapide et facile.<\/p>\n<p>Construction sophistiqu\u00e9e en laiton<br \/>Robinet de cuisine en laiton, raccords en acier inoxydable. Solide et durable, longue dur\u00e9e de vie.<\/p>\n<p><strong>A\u00e9rateur sans \u00e9claboussures<\/strong><br \/>L'a\u00e9rateur est universel, interchangeable avec le m\u00eame mod\u00e8le, amovible et lavable.<\/p>\n<p>Fournit un d\u00e9bit d'eau plus doux pour le rin\u00e7age des l\u00e9gumes et des fruits, r\u00e9duisant ainsi la perte d'eau.<\/p>","protected":false},"excerpt":{"rendered":"<p>Robinet de cuisine + eau froide\/chaudeAccessoires complets. Installation facile.Installation facile : Une partie du robinet a d\u00e9j\u00e0 \u00e9t\u00e9 install\u00e9e, y compris l'\u00e9quipement complet et les instructions de montage. M\u00eame pour les profanes, l'installation est tr\u00e8s simple.<\/p>","protected":false},"featured_media":293,"comment_status":"open","ping_status":"closed","template":"","meta":[],"product_cat":[67],"product_tag":[23],"class_list":{"0":"post-294","1":"product","2":"type-product","3":"status-publish","4":"has-post-thumbnail","6":"product_cat-sink-faucets","7":"product_tag-sink-faucets","9":"first","10":"outofstock","11":"taxable","12":"shipping-taxable","13":"product-type-simple"},"yoast_head":"<!-- This site is optimized with the Yoast SEO plugin v27.4 - https:\/\/yoast.com\/product\/yoast-seo-wordpress\/ -->\n<title>Stainless steel sink tap, hot and cold water tap, kitchen tap - VELAZO.<\/title>\n<meta name=\"robots\" content=\"index, follow, max-snippet:-1, max-image-preview:large, max-video-preview:-1\" \/>\n<link rel=\"canonical\" href=\"https:\/\/velazo-b2b.com\/fr\/product\/robinet-devier-en-acier-inoxydable-robinet-deau-chaude-et-froide-robinet-de-cuisine\/\" \/>\n<meta property=\"og:locale\" content=\"fr_FR\" \/>\n<meta property=\"og:type\" content=\"article\" \/>\n<meta property=\"og:title\" content=\"Stainless steel sink tap, hot and cold water tap, kitchen tap - VELAZO.\" \/>\n<meta property=\"og:description\" content=\"Kitchen faucet + cold\/hot waterComplete accessories. Easy installation.Easy installation: Part of the faucet has already been installed, including full equipment and assembly instructions. Even for laymen, the installation is very\" \/>\n<meta property=\"og:url\" content=\"https:\/\/velazo-b2b.com\/fr\/product\/robinet-devier-en-acier-inoxydable-robinet-deau-chaude-et-froide-robinet-de-cuisine\/\" \/>\n<meta property=\"og:site_name\" content=\"VELAZO.\" \/>\n<meta property=\"article:modified_time\" content=\"2025-10-08T09:54:08+00:00\" \/>\n<meta property=\"og:image\" content=\"https:\/\/velazo-b2b.com\/wp-content\/uploads\/2025\/04\/274d73a8ae07994a595567ef683df829-scaled.jpg\" \/>\n\t<meta property=\"og:image:width\" content=\"2560\" \/>\n\t<meta property=\"og:image:height\" content=\"2560\" \/>\n\t<meta property=\"og:image:type\" content=\"image\/jpeg\" \/>\n<meta name=\"twitter:card\" content=\"summary_large_image\" \/>\n<script type=\"application\/ld+json\" class=\"yoast-schema-graph\">{\"@context\":\"https:\\\/\\\/schema.org\",\"@graph\":[{\"@type\":\"WebPage\",\"@id\":\"https:\\\/\\\/velazo-b2b.com\\\/product\\\/stainless-steel-sink-tap-hot-and-cold-water-tap-kitchen-tap\\\/\",\"url\":\"https:\\\/\\\/velazo-b2b.com\\\/product\\\/stainless-steel-sink-tap-hot-and-cold-water-tap-kitchen-tap\\\/\",\"name\":\"Stainless steel sink tap, hot and cold water tap, kitchen tap - VELAZO.\",\"isPartOf\":{\"@id\":\"https:\\\/\\\/velazo-b2b.com\\\/#website\"},\"primaryImageOfPage\":{\"@id\":\"https:\\\/\\\/velazo-b2b.com\\\/product\\\/stainless-steel-sink-tap-hot-and-cold-water-tap-kitchen-tap\\\/#primaryimage\"},\"image\":{\"@id\":\"https:\\\/\\\/velazo-b2b.com\\\/product\\\/stainless-steel-sink-tap-hot-and-cold-water-tap-kitchen-tap\\\/#primaryimage\"},\"thumbnailUrl\":\"https:\\\/\\\/velazo-b2b.com\\\/wp-content\\\/uploads\\\/2025\\\/04\\\/274d73a8ae07994a595567ef683df829-scaled.jpg\",\"datePublished\":\"2025-04-09T14:39:18+00:00\",\"dateModified\":\"2025-10-08T09:54:08+00:00\",\"breadcrumb\":{\"@id\":\"https:\\\/\\\/velazo-b2b.com\\\/product\\\/stainless-steel-sink-tap-hot-and-cold-water-tap-kitchen-tap\\\/#breadcrumb\"},\"inLanguage\":\"fr-FR\",\"potentialAction\":[{\"@type\":\"ReadAction\",\"target\":[\"https:\\\/\\\/velazo-b2b.com\\\/product\\\/stainless-steel-sink-tap-hot-and-cold-water-tap-kitchen-tap\\\/\"]}]},{\"@type\":\"ImageObject\",\"inLanguage\":\"fr-FR\",\"@id\":\"https:\\\/\\\/velazo-b2b.com\\\/product\\\/stainless-steel-sink-tap-hot-and-cold-water-tap-kitchen-tap\\\/#primaryimage\",\"url\":\"https:\\\/\\\/velazo-b2b.com\\\/wp-content\\\/uploads\\\/2025\\\/04\\\/274d73a8ae07994a595567ef683df829-scaled.jpg\",\"contentUrl\":\"https:\\\/\\\/velazo-b2b.com\\\/wp-content\\\/uploads\\\/2025\\\/04\\\/274d73a8ae07994a595567ef683df829-scaled.jpg\",\"width\":2560,\"height\":2560},{\"@type\":\"BreadcrumbList\",\"@id\":\"https:\\\/\\\/velazo-b2b.com\\\/product\\\/stainless-steel-sink-tap-hot-and-cold-water-tap-kitchen-tap\\\/#breadcrumb\",\"itemListElement\":[{\"@type\":\"ListItem\",\"position\":1,\"name\":\"Home\",\"item\":\"https:\\\/\\\/velazo-b2b.com\\\/\"},{\"@type\":\"ListItem\",\"position\":2,\"name\":\"Shop\",\"item\":\"https:\\\/\\\/velazo-b2b.com\\\/shop-page\\\/\"},{\"@type\":\"ListItem\",\"position\":3,\"name\":\"Stainless steel sink tap, hot and cold water tap, kitchen tap\"}]},{\"@type\":\"WebSite\",\"@id\":\"https:\\\/\\\/velazo-b2b.com\\\/#website\",\"url\":\"https:\\\/\\\/velazo-b2b.com\\\/\",\"name\":\"VELAZO.\",\"description\":\"\",\"potentialAction\":[{\"@type\":\"SearchAction\",\"target\":{\"@type\":\"EntryPoint\",\"urlTemplate\":\"https:\\\/\\\/velazo-b2b.com\\\/?s={search_term_string}\"},\"query-input\":{\"@type\":\"PropertyValueSpecification\",\"valueRequired\":true,\"valueName\":\"search_term_string\"}}],\"inLanguage\":\"fr-FR\"}]}<\/script>\n<!-- \/ Yoast SEO plugin. -->","yoast_head_json":{"title":"Robinet d'\u00e9vier en acier inoxydable, robinet d'eau chaude et froide, robinet de cuisine - VELAZO.","robots":{"index":"index","follow":"follow","max-snippet":"max-snippet:-1","max-image-preview":"max-image-preview:large","max-video-preview":"max-video-preview:-1"},"canonical":"https:\/\/velazo-b2b.com\/fr\/product\/robinet-devier-en-acier-inoxydable-robinet-deau-chaude-et-froide-robinet-de-cuisine\/","og_locale":"fr_FR","og_type":"article","og_title":"Stainless steel sink tap, hot and cold water tap, kitchen tap - VELAZO.","og_description":"Kitchen faucet + cold\/hot waterComplete accessories. Easy installation.Easy installation: Part of the faucet has already been installed, including full equipment and assembly instructions. Even for laymen, the installation is very","og_url":"https:\/\/velazo-b2b.com\/fr\/product\/robinet-devier-en-acier-inoxydable-robinet-deau-chaude-et-froide-robinet-de-cuisine\/","og_site_name":"VELAZO.","article_modified_time":"2025-10-08T09:54:08+00:00","og_image":[{"width":2560,"height":2560,"url":"https:\/\/velazo-b2b.com\/wp-content\/uploads\/2025\/04\/274d73a8ae07994a595567ef683df829-scaled.jpg","type":"image\/jpeg"}],"twitter_card":"summary_large_image","schema":{"@context":"https:\/\/schema.org","@graph":[{"@type":"WebPage","@id":"https:\/\/velazo-b2b.com\/product\/stainless-steel-sink-tap-hot-and-cold-water-tap-kitchen-tap\/","url":"https:\/\/velazo-b2b.com\/product\/stainless-steel-sink-tap-hot-and-cold-water-tap-kitchen-tap\/","name":"Robinet d'\u00e9vier en acier inoxydable, robinet d'eau chaude et froide, robinet de cuisine - VELAZO.","isPartOf":{"@id":"https:\/\/velazo-b2b.com\/#website"},"primaryImageOfPage":{"@id":"https:\/\/velazo-b2b.com\/product\/stainless-steel-sink-tap-hot-and-cold-water-tap-kitchen-tap\/#primaryimage"},"image":{"@id":"https:\/\/velazo-b2b.com\/product\/stainless-steel-sink-tap-hot-and-cold-water-tap-kitchen-tap\/#primaryimage"},"thumbnailUrl":"https:\/\/velazo-b2b.com\/wp-content\/uploads\/2025\/04\/274d73a8ae07994a595567ef683df829-scaled.jpg","datePublished":"2025-04-09T14:39:18+00:00","dateModified":"2025-10-08T09:54:08+00:00","breadcrumb":{"@id":"https:\/\/velazo-b2b.com\/product\/stainless-steel-sink-tap-hot-and-cold-water-tap-kitchen-tap\/#breadcrumb"},"inLanguage":"fr-FR","potentialAction":[{"@type":"ReadAction","target":["https:\/\/velazo-b2b.com\/product\/stainless-steel-sink-tap-hot-and-cold-water-tap-kitchen-tap\/"]}]},{"@type":"ImageObject","inLanguage":"fr-FR","@id":"https:\/\/velazo-b2b.com\/product\/stainless-steel-sink-tap-hot-and-cold-water-tap-kitchen-tap\/#primaryimage","url":"https:\/\/velazo-b2b.com\/wp-content\/uploads\/2025\/04\/274d73a8ae07994a595567ef683df829-scaled.jpg","contentUrl":"https:\/\/velazo-b2b.com\/wp-content\/uploads\/2025\/04\/274d73a8ae07994a595567ef683df829-scaled.jpg","width":2560,"height":2560},{"@type":"BreadcrumbList","@id":"https:\/\/velazo-b2b.com\/product\/stainless-steel-sink-tap-hot-and-cold-water-tap-kitchen-tap\/#breadcrumb","itemListElement":[{"@type":"ListItem","position":1,"name":"Home","item":"https:\/\/velazo-b2b.com\/"},{"@type":"ListItem","position":2,"name":"Shop","item":"https:\/\/velazo-b2b.com\/shop-page\/"},{"@type":"ListItem","position":3,"name":"Stainless steel sink tap, hot and cold water tap, kitchen tap"}]},{"@type":"WebSite","@id":"https:\/\/velazo-b2b.com\/#website","url":"https:\/\/velazo-b2b.com\/","name":"VELAZO.","description":"","potentialAction":[{"@type":"SearchAction","target":{"@type":"EntryPoint","urlTemplate":"https:\/\/velazo-b2b.com\/?s={search_term_string}"},"query-input":{"@type":"PropertyValueSpecification","valueRequired":true,"valueName":"search_term_string"}}],"inLanguage":"fr-FR"}]}},"_links":{"self":[{"href":"https:\/\/velazo-b2b.com\/fr\/wp-json\/wp\/v2\/product\/294","targetHints":{"allow":["GET"]}}],"collection":[{"href":"https:\/\/velazo-b2b.com\/fr\/wp-json\/wp\/v2\/product"}],"about":[{"href":"https:\/\/velazo-b2b.com\/fr\/wp-json\/wp\/v2\/types\/product"}],"replies":[{"embeddable":true,"href":"https:\/\/velazo-b2b.com\/fr\/wp-json\/wp\/v2\/comments?post=294"}],"version-history":[{"count":0,"href":"https:\/\/velazo-b2b.com\/fr\/wp-json\/wp\/v2\/product\/294\/revisions"}],"wp:featuredmedia":[{"embeddable":true,"href":"https:\/\/velazo-b2b.com\/fr\/wp-json\/wp\/v2\/media\/293"}],"wp:attachment":[{"href":"https:\/\/velazo-b2b.com\/fr\/wp-json\/wp\/v2\/media?parent=294"}],"wp:term":[{"taxonomy":"product_cat","embeddable":true,"href":"https:\/\/velazo-b2b.com\/fr\/wp-json\/wp\/v2\/product_cat?post=294"},{"taxonomy":"product_tag","embeddable":true,"href":"https:\/\/velazo-b2b.com\/fr\/wp-json\/wp\/v2\/product_tag?post=294"}],"curies":[{"name":"wp","href":"https:\/\/api.w.org\/{rel}","templated":true}]}}