{"id":300,"date":"2025-04-09T14:39:25","date_gmt":"2025-04-09T14:39:25","guid":{"rendered":"https:\/\/velazo-b2b.com\/product\/steel-kitchen-sink-78x49-gold-pvd-with-drainer-on-the-right\/"},"modified":"2026-02-16T10:59:34","modified_gmt":"2026-02-16T09:59:34","slug":"evier-de-cuisine-en-acier-78x49-pvd-or-avec-egouttoir-a-droite","status":"publish","type":"product","link":"https:\/\/velazo-b2b.com\/fr\/product\/evier-de-cuisine-en-acier-78x49-pvd-or-avec-egouttoir-a-droite\/","title":{"rendered":"\u00c9vier de cuisine en acier 78\u00d749 Gold PVD avec \u00e9gouttoir \u00e0 droite"},"content":{"rendered":"<p><strong>Donn\u00e9es techniques :<\/strong><\/p>\n<ul>\n<li>M\u00e9thode de montage : encastr\u00e9<\/li>\n<li>Mat\u00e9riau : acier inoxydable<\/li>\n<li>Finition de l'acier : satin\u00e9 bross\u00e9<\/li>\n<li>Couleur : PVD or<\/li>\n<li>Dimensions de l'\u00e9vier : 780 mm x 490 mm x 210 mm<\/li>\n<li>Dimensions de la chambre : 420 mm x 390 mm<\/li>\n<li>\u00c9paisseur du m\u00e9tal de la chambre : 0,8 mm<\/li>\n<li>\u00c9paisseur du m\u00e9tal de la jante : 3 mm<\/li>\n<li>Trou de robinet : Oui, 35 mm<\/li>\n<li>Trou de distribution : Oui 28 mm<\/li>\n<li>Trou de trop-plein dans la cuvette : Oui<\/li>\n<li>Egouttoir \u00e0 droite, chambre gauche<\/li>\n<\/ul>","protected":false},"excerpt":{"rendered":"<p>Caract\u00e9ristiques techniques : Mode de montage : encastr\u00e9 Mat\u00e9riau : acier inoxydable Finition de l'acier : satin\u00e9 bross\u00e9 Couleur : PVD or Dimensions de l'\u00e9vier : 780 mm x 490 mm x 210 mm Dimensions de la chambre : 420 mm x<\/p>","protected":false},"featured_media":299,"comment_status":"open","ping_status":"closed","template":"","meta":[],"product_cat":[74,57,73,56,80],"product_tag":[13,5,8,12,21],"class_list":{"0":"post-300","1":"product","2":"type-product","3":"status-publish","4":"has-post-thumbnail","6":"product_cat-gold-sinks","7":"product_cat-handmade-sinks","8":"product_cat-single-bowl-gold-sinks","9":"product_cat-single-bowl-kitchen-sinks","10":"product_cat-single-bowl-with-drainer-sinks","11":"product_tag-gold-sinks","12":"product_tag-handmade-sink","13":"product_tag-single-bowl","14":"product_tag-single-bowl-gold-sinks","15":"product_tag-single-bowl-with-drainer","17":"first","18":"outofstock","19":"taxable","20":"shipping-taxable","21":"product-type-simple"},"yoast_head":"<!-- This site is optimized with the Yoast SEO plugin v27.4 - https:\/\/yoast.com\/product\/yoast-seo-wordpress\/ -->\n<title>Steel Kitchen Sink 78x49 Gold PVD with Drainer on the Right - VELAZO.<\/title>\n<meta name=\"robots\" content=\"index, follow, max-snippet:-1, max-image-preview:large, max-video-preview:-1\" \/>\n<link rel=\"canonical\" href=\"https:\/\/velazo-b2b.com\/fr\/product\/evier-de-cuisine-en-acier-78x49-pvd-or-avec-egouttoir-a-droite\/\" \/>\n<meta property=\"og:locale\" content=\"fr_FR\" \/>\n<meta property=\"og:type\" content=\"article\" \/>\n<meta property=\"og:title\" content=\"Steel Kitchen Sink 78x49 Gold PVD with Drainer on the Right - VELAZO.\" \/>\n<meta property=\"og:description\" content=\"Technical Data: Mounting method: flush-mounted Material: stainless steel Steel finish: brushed satin Colour: PVD gold Sink dimensions: 780 mm x 490 mm x 210 mm Chamber dimensions: 420 mm x\" \/>\n<meta property=\"og:url\" content=\"https:\/\/velazo-b2b.com\/fr\/product\/evier-de-cuisine-en-acier-78x49-pvd-or-avec-egouttoir-a-droite\/\" \/>\n<meta property=\"og:site_name\" content=\"VELAZO.\" \/>\n<meta property=\"article:modified_time\" content=\"2026-02-16T09:59:34+00:00\" \/>\n<meta property=\"og:image\" content=\"https:\/\/velazo-b2b.com\/wp-content\/uploads\/2025\/04\/hd7849lg-1.jpg\" \/>\n\t<meta property=\"og:image:width\" content=\"1500\" \/>\n\t<meta property=\"og:image:height\" content=\"1500\" \/>\n\t<meta property=\"og:image:type\" content=\"image\/jpeg\" \/>\n<meta name=\"twitter:card\" content=\"summary_large_image\" \/>\n<script type=\"application\/ld+json\" class=\"yoast-schema-graph\">{\"@context\":\"https:\\\/\\\/schema.org\",\"@graph\":[{\"@type\":\"WebPage\",\"@id\":\"https:\\\/\\\/velazo-b2b.com\\\/product\\\/steel-kitchen-sink-78x49-gold-pvd-with-drainer-on-the-right\\\/\",\"url\":\"https:\\\/\\\/velazo-b2b.com\\\/product\\\/steel-kitchen-sink-78x49-gold-pvd-with-drainer-on-the-right\\\/\",\"name\":\"Steel Kitchen Sink 78x49 Gold PVD with Drainer on the Right - VELAZO.\",\"isPartOf\":{\"@id\":\"https:\\\/\\\/velazo-b2b.com\\\/#website\"},\"primaryImageOfPage\":{\"@id\":\"https:\\\/\\\/velazo-b2b.com\\\/product\\\/steel-kitchen-sink-78x49-gold-pvd-with-drainer-on-the-right\\\/#primaryimage\"},\"image\":{\"@id\":\"https:\\\/\\\/velazo-b2b.com\\\/product\\\/steel-kitchen-sink-78x49-gold-pvd-with-drainer-on-the-right\\\/#primaryimage\"},\"thumbnailUrl\":\"https:\\\/\\\/velazo-b2b.com\\\/wp-content\\\/uploads\\\/2025\\\/04\\\/hd7849lg-1.jpg\",\"datePublished\":\"2025-04-09T14:39:25+00:00\",\"dateModified\":\"2026-02-16T09:59:34+00:00\",\"breadcrumb\":{\"@id\":\"https:\\\/\\\/velazo-b2b.com\\\/product\\\/steel-kitchen-sink-78x49-gold-pvd-with-drainer-on-the-right\\\/#breadcrumb\"},\"inLanguage\":\"fr-FR\",\"potentialAction\":[{\"@type\":\"ReadAction\",\"target\":[\"https:\\\/\\\/velazo-b2b.com\\\/product\\\/steel-kitchen-sink-78x49-gold-pvd-with-drainer-on-the-right\\\/\"]}]},{\"@type\":\"ImageObject\",\"inLanguage\":\"fr-FR\",\"@id\":\"https:\\\/\\\/velazo-b2b.com\\\/product\\\/steel-kitchen-sink-78x49-gold-pvd-with-drainer-on-the-right\\\/#primaryimage\",\"url\":\"https:\\\/\\\/velazo-b2b.com\\\/wp-content\\\/uploads\\\/2025\\\/04\\\/hd7849lg-1.jpg\",\"contentUrl\":\"https:\\\/\\\/velazo-b2b.com\\\/wp-content\\\/uploads\\\/2025\\\/04\\\/hd7849lg-1.jpg\",\"width\":1500,\"height\":1500},{\"@type\":\"BreadcrumbList\",\"@id\":\"https:\\\/\\\/velazo-b2b.com\\\/product\\\/steel-kitchen-sink-78x49-gold-pvd-with-drainer-on-the-right\\\/#breadcrumb\",\"itemListElement\":[{\"@type\":\"ListItem\",\"position\":1,\"name\":\"Home\",\"item\":\"https:\\\/\\\/velazo-b2b.com\\\/\"},{\"@type\":\"ListItem\",\"position\":2,\"name\":\"Shop\",\"item\":\"https:\\\/\\\/velazo-b2b.com\\\/shop-page\\\/\"},{\"@type\":\"ListItem\",\"position\":3,\"name\":\"Steel Kitchen Sink 78&#215;49 Gold PVD with Drainer on the Right\"}]},{\"@type\":\"WebSite\",\"@id\":\"https:\\\/\\\/velazo-b2b.com\\\/#website\",\"url\":\"https:\\\/\\\/velazo-b2b.com\\\/\",\"name\":\"VELAZO.\",\"description\":\"\",\"potentialAction\":[{\"@type\":\"SearchAction\",\"target\":{\"@type\":\"EntryPoint\",\"urlTemplate\":\"https:\\\/\\\/velazo-b2b.com\\\/?s={search_term_string}\"},\"query-input\":{\"@type\":\"PropertyValueSpecification\",\"valueRequired\":true,\"valueName\":\"search_term_string\"}}],\"inLanguage\":\"fr-FR\"}]}<\/script>\n<!-- \/ Yoast SEO plugin. -->","yoast_head_json":{"title":"\u00c9vier de cuisine en acier 78x49 Gold PVD avec \u00e9gouttoir \u00e0 droite - VELAZO.","robots":{"index":"index","follow":"follow","max-snippet":"max-snippet:-1","max-image-preview":"max-image-preview:large","max-video-preview":"max-video-preview:-1"},"canonical":"https:\/\/velazo-b2b.com\/fr\/product\/evier-de-cuisine-en-acier-78x49-pvd-or-avec-egouttoir-a-droite\/","og_locale":"fr_FR","og_type":"article","og_title":"Steel Kitchen Sink 78x49 Gold PVD with Drainer on the Right - VELAZO.","og_description":"Technical Data: Mounting method: flush-mounted Material: stainless steel Steel finish: brushed satin Colour: PVD gold Sink dimensions: 780 mm x 490 mm x 210 mm Chamber dimensions: 420 mm x","og_url":"https:\/\/velazo-b2b.com\/fr\/product\/evier-de-cuisine-en-acier-78x49-pvd-or-avec-egouttoir-a-droite\/","og_site_name":"VELAZO.","article_modified_time":"2026-02-16T09:59:34+00:00","og_image":[{"width":1500,"height":1500,"url":"https:\/\/velazo-b2b.com\/wp-content\/uploads\/2025\/04\/hd7849lg-1.jpg","type":"image\/jpeg"}],"twitter_card":"summary_large_image","schema":{"@context":"https:\/\/schema.org","@graph":[{"@type":"WebPage","@id":"https:\/\/velazo-b2b.com\/product\/steel-kitchen-sink-78x49-gold-pvd-with-drainer-on-the-right\/","url":"https:\/\/velazo-b2b.com\/product\/steel-kitchen-sink-78x49-gold-pvd-with-drainer-on-the-right\/","name":"\u00c9vier de cuisine en acier 78x49 Gold PVD avec \u00e9gouttoir \u00e0 droite - VELAZO.","isPartOf":{"@id":"https:\/\/velazo-b2b.com\/#website"},"primaryImageOfPage":{"@id":"https:\/\/velazo-b2b.com\/product\/steel-kitchen-sink-78x49-gold-pvd-with-drainer-on-the-right\/#primaryimage"},"image":{"@id":"https:\/\/velazo-b2b.com\/product\/steel-kitchen-sink-78x49-gold-pvd-with-drainer-on-the-right\/#primaryimage"},"thumbnailUrl":"https:\/\/velazo-b2b.com\/wp-content\/uploads\/2025\/04\/hd7849lg-1.jpg","datePublished":"2025-04-09T14:39:25+00:00","dateModified":"2026-02-16T09:59:34+00:00","breadcrumb":{"@id":"https:\/\/velazo-b2b.com\/product\/steel-kitchen-sink-78x49-gold-pvd-with-drainer-on-the-right\/#breadcrumb"},"inLanguage":"fr-FR","potentialAction":[{"@type":"ReadAction","target":["https:\/\/velazo-b2b.com\/product\/steel-kitchen-sink-78x49-gold-pvd-with-drainer-on-the-right\/"]}]},{"@type":"ImageObject","inLanguage":"fr-FR","@id":"https:\/\/velazo-b2b.com\/product\/steel-kitchen-sink-78x49-gold-pvd-with-drainer-on-the-right\/#primaryimage","url":"https:\/\/velazo-b2b.com\/wp-content\/uploads\/2025\/04\/hd7849lg-1.jpg","contentUrl":"https:\/\/velazo-b2b.com\/wp-content\/uploads\/2025\/04\/hd7849lg-1.jpg","width":1500,"height":1500},{"@type":"BreadcrumbList","@id":"https:\/\/velazo-b2b.com\/product\/steel-kitchen-sink-78x49-gold-pvd-with-drainer-on-the-right\/#breadcrumb","itemListElement":[{"@type":"ListItem","position":1,"name":"Home","item":"https:\/\/velazo-b2b.com\/"},{"@type":"ListItem","position":2,"name":"Shop","item":"https:\/\/velazo-b2b.com\/shop-page\/"},{"@type":"ListItem","position":3,"name":"Steel Kitchen Sink 78&#215;49 Gold PVD with Drainer on the Right"}]},{"@type":"WebSite","@id":"https:\/\/velazo-b2b.com\/#website","url":"https:\/\/velazo-b2b.com\/","name":"VELAZO.","description":"","potentialAction":[{"@type":"SearchAction","target":{"@type":"EntryPoint","urlTemplate":"https:\/\/velazo-b2b.com\/?s={search_term_string}"},"query-input":{"@type":"PropertyValueSpecification","valueRequired":true,"valueName":"search_term_string"}}],"inLanguage":"fr-FR"}]}},"_links":{"self":[{"href":"https:\/\/velazo-b2b.com\/fr\/wp-json\/wp\/v2\/product\/300","targetHints":{"allow":["GET"]}}],"collection":[{"href":"https:\/\/velazo-b2b.com\/fr\/wp-json\/wp\/v2\/product"}],"about":[{"href":"https:\/\/velazo-b2b.com\/fr\/wp-json\/wp\/v2\/types\/product"}],"replies":[{"embeddable":true,"href":"https:\/\/velazo-b2b.com\/fr\/wp-json\/wp\/v2\/comments?post=300"}],"version-history":[{"count":0,"href":"https:\/\/velazo-b2b.com\/fr\/wp-json\/wp\/v2\/product\/300\/revisions"}],"wp:featuredmedia":[{"embeddable":true,"href":"https:\/\/velazo-b2b.com\/fr\/wp-json\/wp\/v2\/media\/299"}],"wp:attachment":[{"href":"https:\/\/velazo-b2b.com\/fr\/wp-json\/wp\/v2\/media?parent=300"}],"wp:term":[{"taxonomy":"product_cat","embeddable":true,"href":"https:\/\/velazo-b2b.com\/fr\/wp-json\/wp\/v2\/product_cat?post=300"},{"taxonomy":"product_tag","embeddable":true,"href":"https:\/\/velazo-b2b.com\/fr\/wp-json\/wp\/v2\/product_tag?post=300"}],"curies":[{"name":"wp","href":"https:\/\/api.w.org\/{rel}","templated":true}]}}