{"id":252,"date":"2025-04-09T14:37:01","date_gmt":"2025-04-09T14:37:01","guid":{"rendered":"https:\/\/velazo-b2b.com\/product\/telescopic-basket-for-kitchen-sinks-in-gold\/"},"modified":"2026-01-12T10:58:54","modified_gmt":"2026-01-12T09:58:54","slug":"cestello-telescopico-per-lavelli-da-cucina-in-oro","status":"publish","type":"product","link":"https:\/\/velazo-b2b.com\/it\/prodotto\/cestello-telescopico-per-lavelli-da-cucina-in-oro\/","title":{"rendered":"Cestello telescopico per lavello in oro"},"content":{"rendered":"<p>Il cestello telescopico \u00e8 un complemento prezioso per una cucina moderna, che unisce praticit\u00e0 e design estetico. Il suo design telescopico permette di adattarlo a diverse applicazioni. \u00c8 ideale come scolapiatti, in quanto consente di convogliare l'acqua direttamente nel lavello, accelerando il processo di asciugatura delle stoviglie.<\/p>\n<p>Inoltre, agendo come un colino, \u00e8 <strong>Perfetto per lavare frutta e verdura<\/strong>, per garantire una pulizia efficace. Il cestino pu\u00f2 essere utilizzato anche come <strong>asciugatura durante lo sbrinamento<\/strong>, permettendo la libera circolazione dell'aria e accelerando il processo di sbrinamento.<\/p>\n<p>Il design del cestello telescopico \u00e8 stato progettato tenendo conto della facilit\u00e0 d'uso e di manutenzione. La superficie liscia e la struttura ben studiata facilitano una pulizia rapida ed efficace.<\/p>\n<p data-mce-fragment=\"1\">&nbsp;<\/p>\n<p data-mce-fragment=\"1\">&nbsp;<\/p>","protected":false},"excerpt":{"rendered":"<p>Il cestello telescopico \u00e8 un complemento prezioso per una cucina moderna, che unisce praticit\u00e0 e design estetico. Il suo design telescopico consente di adattarlo a diverse applicazioni. \u00c8 ideale<\/p>","protected":false},"featured_media":251,"comment_status":"open","ping_status":"closed","template":"","meta":[],"product_cat":[65,64],"product_tag":[17,18],"class_list":{"0":"post-252","1":"product","2":"type-product","3":"status-publish","4":"has-post-thumbnail","6":"product_cat-accessories","7":"product_cat-metal-dish-drainers","8":"product_tag-accessories","9":"product_tag-drainers","11":"first","12":"instock","13":"taxable","14":"shipping-taxable","15":"product-type-simple"},"yoast_head":"<!-- This site is optimized with the Yoast SEO plugin v27.4 - https:\/\/yoast.com\/product\/yoast-seo-wordpress\/ -->\n<title>Telescopic Basket for Kitchen Sinks in Gold - VELAZO.<\/title>\n<meta name=\"robots\" content=\"index, follow, max-snippet:-1, max-image-preview:large, max-video-preview:-1\" \/>\n<link rel=\"canonical\" href=\"https:\/\/velazo-b2b.com\/it\/prodotto\/cestello-telescopico-per-lavelli-da-cucina-in-oro\/\" \/>\n<meta property=\"og:locale\" content=\"it_IT\" \/>\n<meta property=\"og:type\" content=\"article\" \/>\n<meta property=\"og:title\" content=\"Telescopic Basket for Kitchen Sinks in Gold - VELAZO.\" \/>\n<meta property=\"og:description\" content=\"The telescopic basket is an invaluable addition to a modern kitchen, combining practicality and aesthetic design. Its telescopic design allows it to be adapted to various applications. It is ideal\" \/>\n<meta property=\"og:url\" content=\"https:\/\/velazo-b2b.com\/it\/prodotto\/cestello-telescopico-per-lavelli-da-cucina-in-oro\/\" \/>\n<meta property=\"og:site_name\" content=\"VELAZO.\" \/>\n<meta property=\"article:modified_time\" content=\"2026-01-12T09:58:54+00:00\" \/>\n<meta property=\"og:image\" content=\"https:\/\/velazo-b2b.com\/wp-content\/uploads\/2025\/04\/WeixinImage-20240711160142-430x-3ef27bb1-eaa0-437b-bd72-b636352a1020.jpg\" \/>\n\t<meta property=\"og:image:width\" content=\"430\" \/>\n\t<meta property=\"og:image:height\" content=\"430\" \/>\n\t<meta property=\"og:image:type\" content=\"image\/jpeg\" \/>\n<meta name=\"twitter:card\" content=\"summary_large_image\" \/>\n<meta name=\"twitter:label1\" content=\"Tempo di lettura stimato\" \/>\n\t<meta name=\"twitter:data1\" content=\"1 minuto\" \/>\n<script type=\"application\/ld+json\" class=\"yoast-schema-graph\">{\"@context\":\"https:\\\/\\\/schema.org\",\"@graph\":[{\"@type\":\"WebPage\",\"@id\":\"https:\\\/\\\/velazo-b2b.com\\\/product\\\/telescopic-basket-for-kitchen-sinks-in-gold\\\/\",\"url\":\"https:\\\/\\\/velazo-b2b.com\\\/product\\\/telescopic-basket-for-kitchen-sinks-in-gold\\\/\",\"name\":\"Telescopic Basket for Kitchen Sinks in Gold - VELAZO.\",\"isPartOf\":{\"@id\":\"https:\\\/\\\/velazo-b2b.com\\\/#website\"},\"primaryImageOfPage\":{\"@id\":\"https:\\\/\\\/velazo-b2b.com\\\/product\\\/telescopic-basket-for-kitchen-sinks-in-gold\\\/#primaryimage\"},\"image\":{\"@id\":\"https:\\\/\\\/velazo-b2b.com\\\/product\\\/telescopic-basket-for-kitchen-sinks-in-gold\\\/#primaryimage\"},\"thumbnailUrl\":\"https:\\\/\\\/velazo-b2b.com\\\/wp-content\\\/uploads\\\/2025\\\/04\\\/WeixinImage-20240711160142-430x-3ef27bb1-eaa0-437b-bd72-b636352a1020.jpg\",\"datePublished\":\"2025-04-09T14:37:01+00:00\",\"dateModified\":\"2026-01-12T09:58:54+00:00\",\"breadcrumb\":{\"@id\":\"https:\\\/\\\/velazo-b2b.com\\\/product\\\/telescopic-basket-for-kitchen-sinks-in-gold\\\/#breadcrumb\"},\"inLanguage\":\"it-IT\",\"potentialAction\":[{\"@type\":\"ReadAction\",\"target\":[\"https:\\\/\\\/velazo-b2b.com\\\/product\\\/telescopic-basket-for-kitchen-sinks-in-gold\\\/\"]}]},{\"@type\":\"ImageObject\",\"inLanguage\":\"it-IT\",\"@id\":\"https:\\\/\\\/velazo-b2b.com\\\/product\\\/telescopic-basket-for-kitchen-sinks-in-gold\\\/#primaryimage\",\"url\":\"https:\\\/\\\/velazo-b2b.com\\\/wp-content\\\/uploads\\\/2025\\\/04\\\/WeixinImage-20240711160142-430x-3ef27bb1-eaa0-437b-bd72-b636352a1020.jpg\",\"contentUrl\":\"https:\\\/\\\/velazo-b2b.com\\\/wp-content\\\/uploads\\\/2025\\\/04\\\/WeixinImage-20240711160142-430x-3ef27bb1-eaa0-437b-bd72-b636352a1020.jpg\",\"width\":430,\"height\":430},{\"@type\":\"BreadcrumbList\",\"@id\":\"https:\\\/\\\/velazo-b2b.com\\\/product\\\/telescopic-basket-for-kitchen-sinks-in-gold\\\/#breadcrumb\",\"itemListElement\":[{\"@type\":\"ListItem\",\"position\":1,\"name\":\"Home\",\"item\":\"https:\\\/\\\/velazo-b2b.com\\\/\"},{\"@type\":\"ListItem\",\"position\":2,\"name\":\"Shop\",\"item\":\"https:\\\/\\\/velazo-b2b.com\\\/shop-page\\\/\"},{\"@type\":\"ListItem\",\"position\":3,\"name\":\"Telescopic Basket for Kitchen Sinks in Gold\"}]},{\"@type\":\"WebSite\",\"@id\":\"https:\\\/\\\/velazo-b2b.com\\\/#website\",\"url\":\"https:\\\/\\\/velazo-b2b.com\\\/\",\"name\":\"VELAZO.\",\"description\":\"\",\"potentialAction\":[{\"@type\":\"SearchAction\",\"target\":{\"@type\":\"EntryPoint\",\"urlTemplate\":\"https:\\\/\\\/velazo-b2b.com\\\/?s={search_term_string}\"},\"query-input\":{\"@type\":\"PropertyValueSpecification\",\"valueRequired\":true,\"valueName\":\"search_term_string\"}}],\"inLanguage\":\"it-IT\"}]}<\/script>\n<!-- \/ Yoast SEO plugin. -->","yoast_head_json":{"title":"Cestello telescopico per lavelli da cucina in oro - VELAZO.","robots":{"index":"index","follow":"follow","max-snippet":"max-snippet:-1","max-image-preview":"max-image-preview:large","max-video-preview":"max-video-preview:-1"},"canonical":"https:\/\/velazo-b2b.com\/it\/prodotto\/cestello-telescopico-per-lavelli-da-cucina-in-oro\/","og_locale":"it_IT","og_type":"article","og_title":"Telescopic Basket for Kitchen Sinks in Gold - VELAZO.","og_description":"The telescopic basket is an invaluable addition to a modern kitchen, combining practicality and aesthetic design. Its telescopic design allows it to be adapted to various applications. It is ideal","og_url":"https:\/\/velazo-b2b.com\/it\/prodotto\/cestello-telescopico-per-lavelli-da-cucina-in-oro\/","og_site_name":"VELAZO.","article_modified_time":"2026-01-12T09:58:54+00:00","og_image":[{"width":430,"height":430,"url":"https:\/\/velazo-b2b.com\/wp-content\/uploads\/2025\/04\/WeixinImage-20240711160142-430x-3ef27bb1-eaa0-437b-bd72-b636352a1020.jpg","type":"image\/jpeg"}],"twitter_card":"summary_large_image","twitter_misc":{"Tempo di lettura stimato":"1 minuto"},"schema":{"@context":"https:\/\/schema.org","@graph":[{"@type":"WebPage","@id":"https:\/\/velazo-b2b.com\/product\/telescopic-basket-for-kitchen-sinks-in-gold\/","url":"https:\/\/velazo-b2b.com\/product\/telescopic-basket-for-kitchen-sinks-in-gold\/","name":"Cestello telescopico per lavelli da cucina in oro - VELAZO.","isPartOf":{"@id":"https:\/\/velazo-b2b.com\/#website"},"primaryImageOfPage":{"@id":"https:\/\/velazo-b2b.com\/product\/telescopic-basket-for-kitchen-sinks-in-gold\/#primaryimage"},"image":{"@id":"https:\/\/velazo-b2b.com\/product\/telescopic-basket-for-kitchen-sinks-in-gold\/#primaryimage"},"thumbnailUrl":"https:\/\/velazo-b2b.com\/wp-content\/uploads\/2025\/04\/WeixinImage-20240711160142-430x-3ef27bb1-eaa0-437b-bd72-b636352a1020.jpg","datePublished":"2025-04-09T14:37:01+00:00","dateModified":"2026-01-12T09:58:54+00:00","breadcrumb":{"@id":"https:\/\/velazo-b2b.com\/product\/telescopic-basket-for-kitchen-sinks-in-gold\/#breadcrumb"},"inLanguage":"it-IT","potentialAction":[{"@type":"ReadAction","target":["https:\/\/velazo-b2b.com\/product\/telescopic-basket-for-kitchen-sinks-in-gold\/"]}]},{"@type":"ImageObject","inLanguage":"it-IT","@id":"https:\/\/velazo-b2b.com\/product\/telescopic-basket-for-kitchen-sinks-in-gold\/#primaryimage","url":"https:\/\/velazo-b2b.com\/wp-content\/uploads\/2025\/04\/WeixinImage-20240711160142-430x-3ef27bb1-eaa0-437b-bd72-b636352a1020.jpg","contentUrl":"https:\/\/velazo-b2b.com\/wp-content\/uploads\/2025\/04\/WeixinImage-20240711160142-430x-3ef27bb1-eaa0-437b-bd72-b636352a1020.jpg","width":430,"height":430},{"@type":"BreadcrumbList","@id":"https:\/\/velazo-b2b.com\/product\/telescopic-basket-for-kitchen-sinks-in-gold\/#breadcrumb","itemListElement":[{"@type":"ListItem","position":1,"name":"Home","item":"https:\/\/velazo-b2b.com\/"},{"@type":"ListItem","position":2,"name":"Shop","item":"https:\/\/velazo-b2b.com\/shop-page\/"},{"@type":"ListItem","position":3,"name":"Telescopic Basket for Kitchen Sinks in Gold"}]},{"@type":"WebSite","@id":"https:\/\/velazo-b2b.com\/#website","url":"https:\/\/velazo-b2b.com\/","name":"VELAZO.","description":"","potentialAction":[{"@type":"SearchAction","target":{"@type":"EntryPoint","urlTemplate":"https:\/\/velazo-b2b.com\/?s={search_term_string}"},"query-input":{"@type":"PropertyValueSpecification","valueRequired":true,"valueName":"search_term_string"}}],"inLanguage":"it-IT"}]}},"_links":{"self":[{"href":"https:\/\/velazo-b2b.com\/it\/wp-json\/wp\/v2\/product\/252","targetHints":{"allow":["GET"]}}],"collection":[{"href":"https:\/\/velazo-b2b.com\/it\/wp-json\/wp\/v2\/product"}],"about":[{"href":"https:\/\/velazo-b2b.com\/it\/wp-json\/wp\/v2\/types\/product"}],"replies":[{"embeddable":true,"href":"https:\/\/velazo-b2b.com\/it\/wp-json\/wp\/v2\/comments?post=252"}],"version-history":[{"count":0,"href":"https:\/\/velazo-b2b.com\/it\/wp-json\/wp\/v2\/product\/252\/revisions"}],"wp:featuredmedia":[{"embeddable":true,"href":"https:\/\/velazo-b2b.com\/it\/wp-json\/wp\/v2\/media\/251"}],"wp:attachment":[{"href":"https:\/\/velazo-b2b.com\/it\/wp-json\/wp\/v2\/media?parent=252"}],"wp:term":[{"taxonomy":"product_cat","embeddable":true,"href":"https:\/\/velazo-b2b.com\/it\/wp-json\/wp\/v2\/product_cat?post=252"},{"taxonomy":"product_tag","embeddable":true,"href":"https:\/\/velazo-b2b.com\/it\/wp-json\/wp\/v2\/product_tag?post=252"}],"curies":[{"name":"wp","href":"https:\/\/api.w.org\/{rel}","templated":true}]}}