{"id":282,"date":"2025-04-09T14:38:36","date_gmt":"2025-04-09T14:38:36","guid":{"rendered":"https:\/\/velazo-b2b.com\/product\/stainless-steel-kitchen-tap-with-pull-out-spout\/"},"modified":"2025-10-08T11:54:27","modified_gmt":"2025-10-08T09:54:27","slug":"rubinetto-da-cucina-in-acciaio-inox-con-bocca-estraibile","status":"publish","type":"product","link":"https:\/\/velazo-b2b.com\/it\/prodotto\/rubinetto-da-cucina-in-acciaio-inox-con-bocca-estraibile\/","title":{"rendered":"Rubinetto da cucina in acciaio inox con bocca estraibile"},"content":{"rendered":"<p>\u25b6\ufe0f I nostri rubinetti da cucina sono stati progettati pensando alla massima funzionalit\u00e0. Sono dotati di una bocca estraibile che consente di utilizzare comodamente l'acqua in ogni situazione. Le rubinetterie monocomando per lavello, ruotate di ben 360\u00b0, rendono estremamente comodo l'uso del rubinetto e facile e flessibile l'accesso all'acqua.<\/p>\n<p>\u25b6\ufe0f Un ulteriore vantaggio dei nostri prodotti \u00e8 la possibilit\u00e0 di scegliere tra due tipi di getto d'acqua. Grazie a questo, \u00e8 possibile regolare il getto in base alle proprie preferenze, garantendo condizioni ottimali per l'utilizzo dell'acqua in qualsiasi momento. Si tratta di una soluzione pratica che aumenta la funzionalit\u00e0 del rubinetto della cucina, adattandolo alle diverse esigenze dell'utente.<\/p>","protected":false},"excerpt":{"rendered":"<p>&#9654;\ufe0f Our kitchen faucets have been designed with maximum functionality in mind. They have a pull-out spout, allowing convenient use of the water supply in every situation. Single-lever sink fittings,<\/p>","protected":false},"featured_media":281,"comment_status":"open","ping_status":"closed","template":"","meta":[],"product_cat":[67],"product_tag":[39,23],"class_list":{"0":"post-282","1":"product","2":"type-product","3":"status-publish","4":"has-post-thumbnail","6":"product_cat-sink-faucets","7":"product_tag-pull-out-spout-taps","8":"product_tag-sink-faucets","10":"first","11":"outofstock","12":"taxable","13":"shipping-taxable","14":"product-type-simple"},"yoast_head":"<!-- This site is optimized with the Yoast SEO plugin v27.4 - https:\/\/yoast.com\/product\/yoast-seo-wordpress\/ -->\n<title>Stainless Steel Kitchen Tap with Pull-Out Spout - VELAZO.<\/title>\n<meta name=\"robots\" content=\"index, follow, max-snippet:-1, max-image-preview:large, max-video-preview:-1\" \/>\n<link rel=\"canonical\" href=\"https:\/\/velazo-b2b.com\/it\/prodotto\/rubinetto-da-cucina-in-acciaio-inox-con-bocca-estraibile\/\" \/>\n<meta property=\"og:locale\" content=\"it_IT\" \/>\n<meta property=\"og:type\" content=\"article\" \/>\n<meta property=\"og:title\" content=\"Stainless Steel Kitchen Tap with Pull-Out Spout - VELAZO.\" \/>\n<meta property=\"og:description\" content=\"&#9654;\ufe0f Our kitchen faucets have been designed with maximum functionality in mind. They have a pull-out spout, allowing convenient use of the water supply in every situation. Single-lever sink fittings,\" \/>\n<meta property=\"og:url\" content=\"https:\/\/velazo-b2b.com\/it\/prodotto\/rubinetto-da-cucina-in-acciaio-inox-con-bocca-estraibile\/\" \/>\n<meta property=\"og:site_name\" content=\"VELAZO.\" \/>\n<meta property=\"article:modified_time\" content=\"2025-10-08T09:54:27+00:00\" \/>\n<meta property=\"og:image\" content=\"https:\/\/velazo-b2b.com\/wp-content\/uploads\/2025\/04\/192ce2a333098a923222043767ae21eb-scaled.jpg\" \/>\n\t<meta property=\"og:image:width\" content=\"2560\" \/>\n\t<meta property=\"og:image:height\" content=\"2560\" \/>\n\t<meta property=\"og:image:type\" content=\"image\/jpeg\" \/>\n<meta name=\"twitter:card\" content=\"summary_large_image\" \/>\n<meta name=\"twitter:label1\" content=\"Tempo di lettura stimato\" \/>\n\t<meta name=\"twitter:data1\" content=\"1 minuto\" \/>\n<script type=\"application\/ld+json\" class=\"yoast-schema-graph\">{\"@context\":\"https:\\\/\\\/schema.org\",\"@graph\":[{\"@type\":\"WebPage\",\"@id\":\"https:\\\/\\\/velazo-b2b.com\\\/product\\\/stainless-steel-kitchen-tap-with-pull-out-spout\\\/\",\"url\":\"https:\\\/\\\/velazo-b2b.com\\\/product\\\/stainless-steel-kitchen-tap-with-pull-out-spout\\\/\",\"name\":\"Stainless Steel Kitchen Tap with Pull-Out Spout - VELAZO.\",\"isPartOf\":{\"@id\":\"https:\\\/\\\/velazo-b2b.com\\\/#website\"},\"primaryImageOfPage\":{\"@id\":\"https:\\\/\\\/velazo-b2b.com\\\/product\\\/stainless-steel-kitchen-tap-with-pull-out-spout\\\/#primaryimage\"},\"image\":{\"@id\":\"https:\\\/\\\/velazo-b2b.com\\\/product\\\/stainless-steel-kitchen-tap-with-pull-out-spout\\\/#primaryimage\"},\"thumbnailUrl\":\"https:\\\/\\\/velazo-b2b.com\\\/wp-content\\\/uploads\\\/2025\\\/04\\\/192ce2a333098a923222043767ae21eb-scaled.jpg\",\"datePublished\":\"2025-04-09T14:38:36+00:00\",\"dateModified\":\"2025-10-08T09:54:27+00:00\",\"breadcrumb\":{\"@id\":\"https:\\\/\\\/velazo-b2b.com\\\/product\\\/stainless-steel-kitchen-tap-with-pull-out-spout\\\/#breadcrumb\"},\"inLanguage\":\"it-IT\",\"potentialAction\":[{\"@type\":\"ReadAction\",\"target\":[\"https:\\\/\\\/velazo-b2b.com\\\/product\\\/stainless-steel-kitchen-tap-with-pull-out-spout\\\/\"]}]},{\"@type\":\"ImageObject\",\"inLanguage\":\"it-IT\",\"@id\":\"https:\\\/\\\/velazo-b2b.com\\\/product\\\/stainless-steel-kitchen-tap-with-pull-out-spout\\\/#primaryimage\",\"url\":\"https:\\\/\\\/velazo-b2b.com\\\/wp-content\\\/uploads\\\/2025\\\/04\\\/192ce2a333098a923222043767ae21eb-scaled.jpg\",\"contentUrl\":\"https:\\\/\\\/velazo-b2b.com\\\/wp-content\\\/uploads\\\/2025\\\/04\\\/192ce2a333098a923222043767ae21eb-scaled.jpg\",\"width\":2560,\"height\":2560},{\"@type\":\"BreadcrumbList\",\"@id\":\"https:\\\/\\\/velazo-b2b.com\\\/product\\\/stainless-steel-kitchen-tap-with-pull-out-spout\\\/#breadcrumb\",\"itemListElement\":[{\"@type\":\"ListItem\",\"position\":1,\"name\":\"Home\",\"item\":\"https:\\\/\\\/velazo-b2b.com\\\/\"},{\"@type\":\"ListItem\",\"position\":2,\"name\":\"Shop\",\"item\":\"https:\\\/\\\/velazo-b2b.com\\\/shop-page\\\/\"},{\"@type\":\"ListItem\",\"position\":3,\"name\":\"Stainless Steel Kitchen Tap with Pull-Out Spout\"}]},{\"@type\":\"WebSite\",\"@id\":\"https:\\\/\\\/velazo-b2b.com\\\/#website\",\"url\":\"https:\\\/\\\/velazo-b2b.com\\\/\",\"name\":\"VELAZO.\",\"description\":\"\",\"potentialAction\":[{\"@type\":\"SearchAction\",\"target\":{\"@type\":\"EntryPoint\",\"urlTemplate\":\"https:\\\/\\\/velazo-b2b.com\\\/?s={search_term_string}\"},\"query-input\":{\"@type\":\"PropertyValueSpecification\",\"valueRequired\":true,\"valueName\":\"search_term_string\"}}],\"inLanguage\":\"it-IT\"}]}<\/script>\n<!-- \/ Yoast SEO plugin. -->","yoast_head_json":{"title":"Rubinetto da cucina in acciaio inox con bocca estraibile - VELAZO.","robots":{"index":"index","follow":"follow","max-snippet":"max-snippet:-1","max-image-preview":"max-image-preview:large","max-video-preview":"max-video-preview:-1"},"canonical":"https:\/\/velazo-b2b.com\/it\/prodotto\/rubinetto-da-cucina-in-acciaio-inox-con-bocca-estraibile\/","og_locale":"it_IT","og_type":"article","og_title":"Stainless Steel Kitchen Tap with Pull-Out Spout - VELAZO.","og_description":"&#9654;\ufe0f Our kitchen faucets have been designed with maximum functionality in mind. They have a pull-out spout, allowing convenient use of the water supply in every situation. Single-lever sink fittings,","og_url":"https:\/\/velazo-b2b.com\/it\/prodotto\/rubinetto-da-cucina-in-acciaio-inox-con-bocca-estraibile\/","og_site_name":"VELAZO.","article_modified_time":"2025-10-08T09:54:27+00:00","og_image":[{"width":2560,"height":2560,"url":"https:\/\/velazo-b2b.com\/wp-content\/uploads\/2025\/04\/192ce2a333098a923222043767ae21eb-scaled.jpg","type":"image\/jpeg"}],"twitter_card":"summary_large_image","twitter_misc":{"Tempo di lettura stimato":"1 minuto"},"schema":{"@context":"https:\/\/schema.org","@graph":[{"@type":"WebPage","@id":"https:\/\/velazo-b2b.com\/product\/stainless-steel-kitchen-tap-with-pull-out-spout\/","url":"https:\/\/velazo-b2b.com\/product\/stainless-steel-kitchen-tap-with-pull-out-spout\/","name":"Rubinetto da cucina in acciaio inox con bocca estraibile - VELAZO.","isPartOf":{"@id":"https:\/\/velazo-b2b.com\/#website"},"primaryImageOfPage":{"@id":"https:\/\/velazo-b2b.com\/product\/stainless-steel-kitchen-tap-with-pull-out-spout\/#primaryimage"},"image":{"@id":"https:\/\/velazo-b2b.com\/product\/stainless-steel-kitchen-tap-with-pull-out-spout\/#primaryimage"},"thumbnailUrl":"https:\/\/velazo-b2b.com\/wp-content\/uploads\/2025\/04\/192ce2a333098a923222043767ae21eb-scaled.jpg","datePublished":"2025-04-09T14:38:36+00:00","dateModified":"2025-10-08T09:54:27+00:00","breadcrumb":{"@id":"https:\/\/velazo-b2b.com\/product\/stainless-steel-kitchen-tap-with-pull-out-spout\/#breadcrumb"},"inLanguage":"it-IT","potentialAction":[{"@type":"ReadAction","target":["https:\/\/velazo-b2b.com\/product\/stainless-steel-kitchen-tap-with-pull-out-spout\/"]}]},{"@type":"ImageObject","inLanguage":"it-IT","@id":"https:\/\/velazo-b2b.com\/product\/stainless-steel-kitchen-tap-with-pull-out-spout\/#primaryimage","url":"https:\/\/velazo-b2b.com\/wp-content\/uploads\/2025\/04\/192ce2a333098a923222043767ae21eb-scaled.jpg","contentUrl":"https:\/\/velazo-b2b.com\/wp-content\/uploads\/2025\/04\/192ce2a333098a923222043767ae21eb-scaled.jpg","width":2560,"height":2560},{"@type":"BreadcrumbList","@id":"https:\/\/velazo-b2b.com\/product\/stainless-steel-kitchen-tap-with-pull-out-spout\/#breadcrumb","itemListElement":[{"@type":"ListItem","position":1,"name":"Home","item":"https:\/\/velazo-b2b.com\/"},{"@type":"ListItem","position":2,"name":"Shop","item":"https:\/\/velazo-b2b.com\/shop-page\/"},{"@type":"ListItem","position":3,"name":"Stainless Steel Kitchen Tap with Pull-Out Spout"}]},{"@type":"WebSite","@id":"https:\/\/velazo-b2b.com\/#website","url":"https:\/\/velazo-b2b.com\/","name":"VELAZO.","description":"","potentialAction":[{"@type":"SearchAction","target":{"@type":"EntryPoint","urlTemplate":"https:\/\/velazo-b2b.com\/?s={search_term_string}"},"query-input":{"@type":"PropertyValueSpecification","valueRequired":true,"valueName":"search_term_string"}}],"inLanguage":"it-IT"}]}},"_links":{"self":[{"href":"https:\/\/velazo-b2b.com\/it\/wp-json\/wp\/v2\/product\/282","targetHints":{"allow":["GET"]}}],"collection":[{"href":"https:\/\/velazo-b2b.com\/it\/wp-json\/wp\/v2\/product"}],"about":[{"href":"https:\/\/velazo-b2b.com\/it\/wp-json\/wp\/v2\/types\/product"}],"replies":[{"embeddable":true,"href":"https:\/\/velazo-b2b.com\/it\/wp-json\/wp\/v2\/comments?post=282"}],"version-history":[{"count":0,"href":"https:\/\/velazo-b2b.com\/it\/wp-json\/wp\/v2\/product\/282\/revisions"}],"wp:featuredmedia":[{"embeddable":true,"href":"https:\/\/velazo-b2b.com\/it\/wp-json\/wp\/v2\/media\/281"}],"wp:attachment":[{"href":"https:\/\/velazo-b2b.com\/it\/wp-json\/wp\/v2\/media?parent=282"}],"wp:term":[{"taxonomy":"product_cat","embeddable":true,"href":"https:\/\/velazo-b2b.com\/it\/wp-json\/wp\/v2\/product_cat?post=282"},{"taxonomy":"product_tag","embeddable":true,"href":"https:\/\/velazo-b2b.com\/it\/wp-json\/wp\/v2\/product_tag?post=282"}],"curies":[{"name":"wp","href":"https:\/\/api.w.org\/{rel}","templated":true}]}}