{"id":3224,"date":"2025-09-11T12:51:29","date_gmt":"2025-09-11T10:51:29","guid":{"rendered":"https:\/\/velazo-b2b.com\/?page_id=3224"},"modified":"2025-09-11T12:55:44","modified_gmt":"2025-09-11T10:55:44","slug":"polityka-wysylkowa","status":"publish","type":"page","link":"https:\/\/velazo-b2b.com\/pl\/polityka-wysylkowa\/","title":{"rendered":"Zasady wysy\u0142ki"},"content":{"rendered":"<div data-elementor-type=\"wp-page\" data-elementor-id=\"3224\" class=\"elementor elementor-3224\" data-elementor-post-type=\"page\">\n\t\t\t\t<div class=\"elementor-element elementor-element-d6227af e-flex e-con-boxed e-con e-parent\" data-id=\"d6227af\" data-element_type=\"container\" data-e-type=\"container\">\n\t\t\t\t\t<div class=\"e-con-inner\">\n\t\t\t\t<div class=\"elementor-element elementor-element-e0e6365 elementor-widget elementor-widget-text-editor\" data-id=\"e0e6365\" data-element_type=\"widget\" data-e-type=\"widget\" data-widget_type=\"text-editor.default\">\n\t\t\t\t<div class=\"elementor-widget-container\">\n\t\t\t\t\t\t\t\t\t<p data-start=\"216\" data-end=\"403\"><strong data-start=\"216\" data-end=\"235\">Data wej\u015bcia w \u017cycie:<\/strong> 11 wrze\u015bnia 2025 r.<br data-start=\"253\" data-end=\"256\" \/><strong data-start=\"256\" data-end=\"271\">Dotyczy:<\/strong> Tylko klienci biznesowi (B2B)<br data-start=\"301\" data-end=\"304\" \/><strong data-start=\"304\" data-end=\"313\">Od:<\/strong> U2 COMPANY SP\u00d3\u0141KA Z OGRANICZON\u0104 ODPOWIEDZIALNO\u015aCI\u0104 (Polska)<br data-start=\"373\" data-end=\"376\" \/><strong data-start=\"376\" data-end=\"388\">Kontakt:<\/strong> <a class=\"decorated-link cursor-pointer\" rel=\"noopener\" data-start=\"389\" data-end=\"403\">info@velazo.pl<\/a><\/p><h2 data-start=\"405\" data-end=\"418\">1) Og\u00f3lne<\/h2><ul data-start=\"419\" data-end=\"733\"><li data-start=\"419\" data-end=\"506\"><p data-start=\"421\" data-end=\"506\">Niniejsze Zasady wysy\u0142ki maj\u0105 zastosowanie wy\u0142\u0105cznie do <strong data-start=\"465\" data-end=\"485\">Transakcje B2B<\/strong> na velazo-b2b.com.<\/p><\/li><li data-start=\"507\" data-end=\"560\"><p data-start=\"509\" data-end=\"560\">Wszystkie zam\u00f3wienia <strong data-start=\"520\" data-end=\"557\">wysy\u0142ka z naszego magazynu w Polsce<\/strong>.<\/p><\/li><li data-start=\"561\" data-end=\"733\"><p data-start=\"563\" data-end=\"733\">O ile nie uzgodniono inaczej na pi\u015bmie, nasze <strong data-start=\"603\" data-end=\"660\">domy\u015blny Incoterm to FCA - Magazyn Sprzedawcy (Polska)<\/strong>. Ryzyko przechodzi na Kupuj\u0105cego, gdy towary s\u0105 <strong data-start=\"702\" data-end=\"732\">przekazany przewo\u017anikowi<\/strong>.<\/p><\/li><\/ul><h2 data-start=\"735\" data-end=\"768\">2) Przetwarzanie i wysy\u0142ka zam\u00f3wie\u0144<\/h2><ul data-start=\"769\" data-end=\"1062\"><li data-start=\"769\" data-end=\"889\"><p data-start=\"771\" data-end=\"889\"><strong data-start=\"771\" data-end=\"791\">Czas przetwarzania:<\/strong> 1-2 dni robocze <strong data-start=\"810\" data-end=\"840\">po potwierdzeniu p\u0142atno\u015bci<\/strong> (d\u0142u\u017cej w przypadku du\u017cych\/ponadwymiarowych lub niestandardowych zam\u00f3wie\u0144).<\/p><\/li><li data-start=\"890\" data-end=\"971\"><p data-start=\"892\" data-end=\"971\"><strong data-start=\"892\" data-end=\"914\">Termin wysy\u0142ki:<\/strong> w ramach <strong data-start=\"922\" data-end=\"968\">7 dni kalendarzowych od potwierdzenia p\u0142atno\u015bci<\/strong>.<\/p><\/li><li data-start=\"972\" data-end=\"1062\"><p data-start=\"974\" data-end=\"1062\">Je\u015bli spodziewane jest op\u00f3\u017anienie (np. palety luzem, szczyt sezonu), powiadomimy o tym z wyprzedzeniem.<\/p><\/li><\/ul><h2 data-start=\"1064\" data-end=\"1086\">3) No\u015bniki i tryby<\/h2><ul data-start=\"1087\" data-end=\"1249\"><li data-start=\"1087\" data-end=\"1154\"><p data-start=\"1089\" data-end=\"1154\"><strong data-start=\"1089\" data-end=\"1102\">Przewo\u017anicy:<\/strong> DHL, FedEx, UPS, DPD i lokalni partnerzy frachtowi.<\/p><\/li><li data-start=\"1155\" data-end=\"1249\"><p data-start=\"1157\" data-end=\"1249\"><strong data-start=\"1157\" data-end=\"1167\">Tryby:<\/strong> standardowa paczka\/ekspres, <strong data-start=\"1193\" data-end=\"1215\">\u0142adunek na paletach<\/strong>oraz <strong data-start=\"1221\" data-end=\"1248\">\u0142adunki ponadgabarytowe\/ci\u0119\u017ckie<\/strong>.<\/p><\/li><\/ul><h2 data-start=\"1251\" data-end=\"1271\">4) Obszary dostaw<\/h2><ul data-start=\"1272\" data-end=\"1515\"><li data-start=\"1272\" data-end=\"1288\"><p data-start=\"1274\" data-end=\"1288\"><strong data-start=\"1274\" data-end=\"1286\">Tylko UE.<\/strong><\/p><\/li><li data-start=\"1289\" data-end=\"1515\"><p data-start=\"1291\" data-end=\"1515\"><strong data-start=\"1291\" data-end=\"1310\">Strefy wy\u0142\u0105czone:<\/strong> odleg\u0142e obszary i wyspy, gdzie przewo\u017anicy nie oferuj\u0105 standardowych us\u0142ug lub gdzie koszty\/czas s\u0105 nieproporcjonalne. Poinformujemy Ci\u0119, je\u015bli Tw\u00f3j adres nale\u017cy do strefy wykluczonej lub wymaga dop\u0142aty.<\/p><\/li><\/ul><h2 data-start=\"1517\" data-end=\"1548\">5) Czas przejazdu (szacowany)<\/h2><ul data-start=\"1549\" data-end=\"1646\"><li data-start=\"1549\" data-end=\"1582\"><p data-start=\"1551\" data-end=\"1582\"><strong data-start=\"1551\" data-end=\"1562\">Polska:<\/strong> 2-4 dni robocze<\/p><\/li><li data-start=\"1583\" data-end=\"1646\"><p data-start=\"1585\" data-end=\"1646\"><strong data-start=\"1585\" data-end=\"1626\">Unia Europejska (inne pa\u0144stwa cz\u0142onkowskie):<\/strong> 5-7 dni roboczych<\/p><\/li><\/ul><blockquote data-start=\"1647\" data-end=\"1786\"><p data-start=\"1649\" data-end=\"1786\">Rzeczywisty czas transportu mo\u017ce si\u0119 r\u00f3\u017cni\u0107 ze wzgl\u0119du na przepustowo\u015b\u0107 przewo\u017anika, ograniczenia trasy, c\u0142a\/inspekcje (w stosownych przypadkach) lub ilo\u015b\u0107 przesy\u0142ek w szczycie sezonu.<\/p><\/blockquote><h2 data-start=\"1788\" data-end=\"1808\">6) Koszty wysy\u0142ki<\/h2><ul data-start=\"1809\" data-end=\"2041\"><li data-start=\"1809\" data-end=\"1855\"><p data-start=\"1811\" data-end=\"1855\"><strong data-start=\"1811\" data-end=\"1831\">Wycena za zam\u00f3wienie<\/strong> (cytat\/proforma).<\/p><\/li><li data-start=\"1856\" data-end=\"1917\"><p data-start=\"1858\" data-end=\"1917\"><strong data-start=\"1858\" data-end=\"1879\">Zap\u0142acone przez Kupuj\u0105cego<\/strong> o ile nie uzgodniono inaczej na pi\u015bmie.<\/p><\/li><li data-start=\"1918\" data-end=\"2041\"><p data-start=\"1920\" data-end=\"2041\">Mog\u0105 obowi\u0105zywa\u0107 dop\u0142aty za zdalne dor\u0119czenie, podno\u015bnik, um\u00f3wione dor\u0119czenie, ponowne dor\u0119czenie, czas oczekiwania lub specjaln\u0105 obs\u0142ug\u0119.<\/p><\/li><\/ul><h2 data-start=\"2043\" data-end=\"2074\">7) Incoterms i transfer ryzyka<\/h2><ul data-start=\"2075\" data-end=\"2608\"><li data-start=\"2075\" data-end=\"2188\"><p data-start=\"2077\" data-end=\"2188\"><strong data-start=\"2077\" data-end=\"2089\">Domy\u015blnie:<\/strong> <strong data-start=\"2090\" data-end=\"2127\">FCA - Magazyn Sprzedawcy (Polska)<\/strong>. Ryzyko przechodzi na Kupuj\u0105cego z chwil\u0105 <strong data-start=\"2158\" data-end=\"2185\">przekazanie przewo\u017anikowi<\/strong>.<\/p><\/li><li data-start=\"2189\" data-end=\"2448\"><p data-start=\"2191\" data-end=\"2229\"><strong data-start=\"2191\" data-end=\"2227\">Opcjonalnie po pisemnym uzgodnieniu:<\/strong><\/p><ul data-start=\"2232\" data-end=\"2448\"><li data-start=\"2232\" data-end=\"2336\"><p data-start=\"2234\" data-end=\"2336\"><strong data-start=\"2234\" data-end=\"2272\">EXW - Magazyn Sprzedaj\u0105cego (Polska):<\/strong> Kupuj\u0105cy dokonuje odbioru; ryzyko przechodzi w momencie udost\u0119pnienia towar\u00f3w.<\/p><\/li><li data-start=\"2339\" data-end=\"2448\"><p data-start=\"2341\" data-end=\"2448\"><strong data-start=\"2341\" data-end=\"2372\">DAP - Adres kupuj\u0105cego (UE):<\/strong> organizujemy przew\u00f3z do zak\u0142adu klienta; ryzyko jest przenoszone na <strong data-start=\"2425\" data-end=\"2437\">dostawa<\/strong> za DAP.<\/p><\/li><\/ul><\/li><li data-start=\"2449\" data-end=\"2608\"><p data-start=\"2451\" data-end=\"2608\">Je\u015bli uzgodniono DAP, nale\u017cy z wyprzedzeniem poinformowa\u0107 o wszelkich lokalnych ograniczeniach dost\u0119pu (np. brak w\u00f3zk\u00f3w wid\u0142owych, w\u0105skie ulice). Dodatkowe us\u0142ugi na miejscu mog\u0105 wi\u0105za\u0107 si\u0119 z op\u0142atami.<\/p><\/li><\/ul><h2 data-start=\"2610\" data-end=\"2645\">8) W\u0142asny przewo\u017anik \/ konto kupuj\u0105cego<\/h2><ul data-start=\"2646\" data-end=\"2850\"><li data-start=\"2646\" data-end=\"2734\"><p data-start=\"2648\" data-end=\"2734\">Akceptujemy <strong data-start=\"2658\" data-end=\"2687\">Przewo\u017anicy wyznaczeni przez kupuj\u0105cego<\/strong> lub <strong data-start=\"2691\" data-end=\"2718\">Konto przewo\u017anika kupuj\u0105cego<\/strong> na \u017c\u0105danie.<\/p><\/li><li data-start=\"2735\" data-end=\"2850\"><p data-start=\"2737\" data-end=\"2850\">Gdy Kupuj\u0105cy wyznacza przewo\u017anika, ryzyko nadal przenosi si\u0119 na <strong data-start=\"2799\" data-end=\"2827\">przekazanie do tego operatora<\/strong> (zgodnie z FCA).<\/p><\/li><\/ul><h2 data-start=\"2852\" data-end=\"2875\">9) \u015aledzenie i status<\/h2><ul data-start=\"2876\" data-end=\"3062\"><li data-start=\"2876\" data-end=\"2957\"><p data-start=\"2878\" data-end=\"2957\">A <strong data-start=\"2880\" data-end=\"2899\">numer \u015bledzenia<\/strong> (lub numer referencyjny frachtu) zostanie podany po wysy\u0142ce.<\/p><\/li><li data-start=\"2958\" data-end=\"3062\"><p data-start=\"2960\" data-end=\"3062\">Status przesy\u0142ki mo\u017cna sprawdzi\u0107 na stronie <strong data-start=\"2998\" data-end=\"3019\">strona internetowa przewo\u017anika<\/strong> lub kontaktuj\u0105c si\u0119 z nami pod adresem <strong data-start=\"3043\" data-end=\"3061\"><a class=\"decorated-link cursor-pointer\" rel=\"noopener\" data-start=\"3045\" data-end=\"3059\">info@velazo.pl<\/a><\/strong>.<\/p><\/li><\/ul><h2 data-start=\"3064\" data-end=\"3103\">10) Dostawa i kontrola przy odbiorze<\/h2><ul data-start=\"3104\" data-end=\"3529\"><li data-start=\"3104\" data-end=\"3255\"><p data-start=\"3106\" data-end=\"3255\">Kupuj\u0105cy musi <strong data-start=\"3121\" data-end=\"3167\">sprawdzi\u0107 opakowanie i zawarto\u015b\u0107 przy dostawie<\/strong> oraz <strong data-start=\"3172\" data-end=\"3211\">odnotowa\u0107 wszelkie widoczne uszkodzenia lub braki<\/strong> na dokumencie dostawy przewo\u017anika (POD).<\/p><\/li><li data-start=\"3256\" data-end=\"3434\"><p data-start=\"3258\" data-end=\"3434\">Roszczenia z tytu\u0142u szk\u00f3d, strat lub brak\u00f3w musz\u0105 by\u0107 <strong data-start=\"3303\" data-end=\"3351\">podniesione przy dostawie lub w ci\u0105gu 7 dni kalendarzowych<\/strong> dostawy i obejmuj\u0105 <strong data-start=\"3376\" data-end=\"3431\">zdj\u0119cia, etykiety opakowa\u0144 i wszelkie adnotacje przewo\u017anika<\/strong>.<\/p><\/li><li data-start=\"3435\" data-end=\"3529\"><p data-start=\"3437\" data-end=\"3529\">Brak odnotowania uszkodzenia\/braku mo\u017ce wp\u0142yn\u0105\u0107 na mo\u017cliwo\u015b\u0107 dochodzenia roszcze\u0144 od przewo\u017anika\/ubezpieczyciela.<\/p><\/li><\/ul><h2 data-start=\"3531\" data-end=\"3563\">11) Uszkodzone lub zagubione przesy\u0142ki<\/h2><ul data-start=\"3564\" data-end=\"3935\"><li data-start=\"3564\" data-end=\"3791\"><p data-start=\"3566\" data-end=\"3632\">Odpowiedzialno\u015b\u0107 za szkody\/straty zale\u017cy od <strong data-start=\"3612\" data-end=\"3624\">Incoterm<\/strong> u\u017cywany:<\/p><ul data-start=\"3635\" data-end=\"3791\"><li data-start=\"3635\" data-end=\"3727\"><p data-start=\"3637\" data-end=\"3727\">Pod <strong data-start=\"3643\" data-end=\"3654\">FCA\/EXW<\/strong>Kupuj\u0105cy zg\u0142asza roszczenie swojemu przewo\u017anikowi\/ubezpieczycielowi po przeniesieniu ryzyka.<\/p><\/li><li data-start=\"3730\" data-end=\"3791\"><p data-start=\"3732\" data-end=\"3791\">Pod <strong data-start=\"3738\" data-end=\"3745\">DAP<\/strong>W przypadku roszcze\u0144 wsp\u00f3\u0142pracujemy z przewo\u017anikiem.<\/p><\/li><\/ul><\/li><li data-start=\"3792\" data-end=\"3935\"><p data-start=\"3794\" data-end=\"3935\"><strong data-start=\"3794\" data-end=\"3817\">Metoda kompensacji<\/strong> (zwrot, wymiana, kredyt) b\u0119dzie <strong data-start=\"3856\" data-end=\"3875\">wzajemnie uzgodnione<\/strong> po rozpatrzeniu roszczenia i potwierdzeniu przez przewo\u017anika\/ubezpieczyciela.<\/p><\/li><\/ul><h2 data-start=\"3937\" data-end=\"3966\">12) Si\u0142a wy\u017csza i op\u00f3\u017anienia<\/h2><ul data-start=\"3967\" data-end=\"4194\"><li data-start=\"3967\" data-end=\"4194\"><p data-start=\"3969\" data-end=\"4194\">Jeste\u015bmy <strong data-start=\"3976\" data-end=\"3990\">nie ponosi odpowiedzialno\u015bci<\/strong> za op\u00f3\u017anienia spowodowane zdarzeniami pozostaj\u0105cymi poza uzasadnion\u0105 kontrol\u0105, w tym mi\u0119dzy innymi <strong data-start=\"4075\" data-end=\"4162\">pogoda, strajki, zak\u0142\u00f3cenia w dzia\u0142alno\u015bci przewo\u017anik\u00f3w, wypadki, kontrole regulacyjne, awarie systemu<\/strong>lub inne zdarzenia si\u0142y wy\u017cszej.<\/p><\/li><\/ul><h2 data-start=\"4196\" data-end=\"4237\">13) Wymogi UE dotycz\u0105ce palet i opakowa\u0144<\/h2><p data-start=\"4238\" data-end=\"4353\">Aby zapewni\u0107 bezpieczny i zgodny z przepisami transport B2B w UE, stosujemy nast\u0119puj\u0105ce standardy, chyba \u017ce uzgodniono inaczej:<\/p><ul data-start=\"4354\" data-end=\"5839\"><li data-start=\"4354\" data-end=\"4618\"><p data-start=\"4356\" data-end=\"4375\"><strong data-start=\"4356\" data-end=\"4373\">Rodzaje palet:<\/strong><\/p><ul data-start=\"4378\" data-end=\"4618\"><li data-start=\"4378\" data-end=\"4457\"><p data-start=\"4380\" data-end=\"4457\"><strong data-start=\"4380\" data-end=\"4404\">EUR\/EPAL 1200\u00d7800 mm<\/strong> (podstawowy), lub <strong data-start=\"4419\" data-end=\"4439\">ISO 1200\u00d71000 mm<\/strong> tam, gdzie jest to odpowiednie.<\/p><\/li><li data-start=\"4460\" data-end=\"4523\"><p data-start=\"4462\" data-end=\"4523\">W dobrym stanie, bez po\u0142amanych desek i wystaj\u0105cych gwo\u017adzi.<\/p><\/li><li data-start=\"4526\" data-end=\"4618\"><p data-start=\"4528\" data-end=\"4618\"><strong data-start=\"4528\" data-end=\"4539\">ISPM 15<\/strong> drewno impregnowane do wszelkich transgranicznych opakowa\u0144 drewnianych\/palet, je\u015bli jest to wymagane.<\/p><\/li><\/ul><\/li><li data-start=\"4619\" data-end=\"4985\"><p data-start=\"4621\" data-end=\"4643\"><strong data-start=\"4621\" data-end=\"4641\">\u0141adowanie i uk\u0142adanie:<\/strong><\/p><ul data-start=\"4646\" data-end=\"4985\"><li data-start=\"4646\" data-end=\"4734\"><p data-start=\"4648\" data-end=\"4734\">\u0141adunki paletowe musz\u0105 by\u0107 <strong data-start=\"4669\" data-end=\"4690\">stabilny, z mo\u017cliwo\u015bci\u0105 sztaplowania<\/strong>oraz <strong data-start=\"4696\" data-end=\"4731\">nie mo\u017ce przekracza\u0107 powierzchni palety<\/strong>.<\/p><\/li><li data-start=\"4737\" data-end=\"4851\"><p data-start=\"4739\" data-end=\"4851\">Maksymalna waga palety zale\u017cy od limit\u00f3w przewo\u017anika; zazwyczaj <strong data-start=\"4794\" data-end=\"4812\">\u2264 700-1,000 kg<\/strong> na EPAL, chyba \u017ce okre\u015blono inaczej.<\/p><\/li><li data-start=\"4854\" data-end=\"4985\"><p data-start=\"4856\" data-end=\"4985\"><strong data-start=\"4856\" data-end=\"4874\">Jednolita wysoko\u015b\u0107<\/strong> na przesy\u0142k\u0119 tam, gdzie to mo\u017cliwe, aby zoptymalizowa\u0107 obs\u0142ug\u0119 (cz\u0119sto <strong data-start=\"4934\" data-end=\"4950\">\u2264 180-200 cm<\/strong> ca\u0142kowita wysoko\u015b\u0107, \u0142\u0105cznie z palet\u0105).<\/p><\/li><\/ul><\/li><li data-start=\"4986\" data-end=\"5298\"><p data-start=\"4988\" data-end=\"5008\"><strong data-start=\"4988\" data-end=\"5006\">Stabilizacja:<\/strong><\/p><ul data-start=\"5011\" data-end=\"5298\"><li data-start=\"5011\" data-end=\"5155\"><p data-start=\"5013\" data-end=\"5155\">U\u017cycie <strong data-start=\"5017\" data-end=\"5050\">Ochraniacze naro\u017cnik\u00f3w\/os\u0142ony kraw\u0119dzi<\/strong>, <strong data-start=\"5052\" data-end=\"5065\">wi\u0105zanie<\/strong>oraz <strong data-start=\"5071\" data-end=\"5087\">folia stretch<\/strong> do zabezpieczenia towar\u00f3w; w razie potrzeby na\u0142o\u017cy\u0107 g\u00f3rn\u0105 foli\u0119 chroni\u0105c\u0105 przed kurzem\/wilgoci\u0105.<\/p><\/li><li data-start=\"5158\" data-end=\"5298\"><p data-start=\"5160\" data-end=\"5298\">Delikatne przedmioty (np. zlewozmywaki\/ baterie\/ akcesoria) s\u0105 <strong data-start=\"5212\" data-end=\"5233\">Pude\u0142ko z podw\u00f3jnymi \u015bciankami<\/strong>Z wewn\u0119trzn\u0105 amortyzacj\u0105 i ochron\u0105 na kraw\u0119dziach i rogach.<\/p><\/li><\/ul><\/li><li data-start=\"5299\" data-end=\"5623\"><p data-start=\"5301\" data-end=\"5316\"><strong data-start=\"5301\" data-end=\"5314\">Etykietowanie:<\/strong><\/p><ul data-start=\"5319\" data-end=\"5623\"><li data-start=\"5319\" data-end=\"5500\"><p data-start=\"5321\" data-end=\"5500\">Ka\u017cda paleta\/karton oznaczona etykiet\u0105 <strong data-start=\"5353\" data-end=\"5374\">nadawca\/odbiorca<\/strong>, <strong data-start=\"5376\" data-end=\"5395\">numer zam\u00f3wienia\/PO<\/strong>, <strong data-start=\"5397\" data-end=\"5433\">liczba karton\u00f3w\/palet (np. 1\/10)<\/strong>oraz <strong data-start=\"5439\" data-end=\"5457\">znaki manipulacyjne<\/strong> (FRAGILE\/This Side Up, je\u015bli dotyczy).<\/p><\/li><li data-start=\"5503\" data-end=\"5623\"><p data-start=\"5505\" data-end=\"5623\">Za\u0142\u0105cznik <strong data-start=\"5512\" data-end=\"5528\">lista pakowania<\/strong> zewn\u0119trznie (woreczek na dokumenty) i do\u0142\u0105czy\u0107 kopi\u0119 do kartonu\/palety, je\u015bli to mo\u017cliwe.<\/p><\/li><\/ul><\/li><li data-start=\"5624\" data-end=\"5839\"><p data-start=\"5626\" data-end=\"5651\"><strong data-start=\"5626\" data-end=\"5649\">Dost\u0119p i wyposa\u017cenie:<\/strong><\/p><ul data-start=\"5654\" data-end=\"5839\"><li data-start=\"5654\" data-end=\"5839\"><p data-start=\"5656\" data-end=\"5839\">Kupuj\u0105cy musi zapewni\u0107 <strong data-start=\"5674\" data-end=\"5704\">odpowiedni dost\u0119p dla ci\u0119\u017car\u00f3wek<\/strong> oraz <strong data-start=\"5709\" data-end=\"5732\">sprz\u0119t do roz\u0142adunku<\/strong> (w\u00f3zek wid\u0142owy lub podno\u015bnik paletowy). Je\u015bli potrzebujesz <strong data-start=\"5775\" data-end=\"5788\">winda tylna<\/strong> lub <strong data-start=\"5792\" data-end=\"5816\">dostarczenie spotkania<\/strong>poinformuj nas z wyprzedzeniem.<\/p><\/li><\/ul><\/li><\/ul><h2 data-start=\"5841\" data-end=\"5868\">14) Instrukcje specjalne<\/h2><ul data-start=\"5869\" data-end=\"6200\"><li data-start=\"5869\" data-end=\"6066\"><p data-start=\"5871\" data-end=\"6066\">Je\u015bli witryna wymaga <strong data-start=\"5890\" data-end=\"5912\">dostarczanie przedzia\u0142\u00f3w czasowych<\/strong>, <strong data-start=\"5914\" data-end=\"5926\">liftgate<\/strong>, <strong data-start=\"5928\" data-end=\"5947\">dostawa wewn\u0119trzna<\/strong>lub <strong data-start=\"5952\" data-end=\"5975\">niestandardowy dost\u0119p<\/strong>prosimy o powiadomienie nas <strong data-start=\"5994\" data-end=\"6013\">przed wysy\u0142k\u0105<\/strong> aby przewo\u017anik m\u00f3g\u0142 to zorganizowa\u0107 (mog\u0105 obowi\u0105zywa\u0107 op\u0142aty).<\/p><\/li><li data-start=\"6067\" data-end=\"6200\"><p data-start=\"6069\" data-end=\"6200\">Dla <strong data-start=\"6073\" data-end=\"6096\">Ponadwymiarowe lub niestandardowe<\/strong> zam\u00f3wienia, mo\u017ce by\u0107 wymagany dodatkowy czas realizacji i specjalne pakowanie\/kontrowanie; potwierdzimy ka\u017cdy przypadek indywidualnie.<\/p><\/li><\/ul><h2 data-start=\"6202\" data-end=\"6216\">15) Kontakt<\/h2><p data-start=\"1385\" data-end=\"1455\">Pytania dotycz\u0105ce logistyki, pomocy w \u015bledzeniu lub reklamacji mo\u017cna kierowa\u0107 na adres:<\/p><p data-start=\"1457\" data-end=\"1704\"><strong data-start=\"1457\" data-end=\"1472\">Nazwa marki:<\/strong> VELAZO.<br data-start=\"1480\" data-end=\"1483\" \/><strong data-start=\"1483\" data-end=\"1500\">Nazwa firmy:<\/strong> U2 COMPANY SP. Z O.O.<br data-start=\"1522\" data-end=\"1525\" \/><strong data-start=\"1525\" data-end=\"1548\">Zarejestrowany adres:<\/strong> UL. PU\u0141AWSKA 221\/1, 02-715 WARSZAWA, Polska<br data-start=\"1594\" data-end=\"1597\" \/><strong data-start=\"1597\" data-end=\"1607\">Telefon:<\/strong> +48 573 202 087<br data-start=\"1623\" data-end=\"1626\" \/><strong data-start=\"1626\" data-end=\"1636\">E-mail:<\/strong> <a class=\"decorated-link cursor-pointer\" rel=\"noopener\" data-start=\"1637\" data-end=\"1651\">info@velazo.pl<\/a><br data-start=\"1651\" data-end=\"1654\" \/><strong data-start=\"1654\" data-end=\"1668\">VAT (NIP):<\/strong> 7011104333<br data-start=\"1679\" data-end=\"1682\" \/><strong data-start=\"1682\" data-end=\"1692\">REGON:<\/strong> 523032819<\/p>\t\t\t\t\t\t\t\t<\/div>\n\t\t\t\t<\/div>\n\t\t\t\t\t<\/div>\n\t\t\t\t<\/div>\n\t\t\t\t<\/div>","protected":false},"excerpt":{"rendered":"<p>Data wej\u015bcia w \u017cycie: 11 wrze\u015bnia 2025 r.Dotyczy: Wy\u0142\u0105cznie klienci biznesowi (B2B)Od: U2 COMPANY SP\u00d3\u0141KA Z OGRANICZON\u0104 ODPOWIEDZIALNO\u015aCI\u0104 (Polska)Kontakt: info@velazo.pl 1) Informacje og\u00f3lne Niniejsze zasady wysy\u0142ki dotycz\u0105 wy\u0142\u0105cznie transakcji B2B na velazo-b2b.com.<\/p>","protected":false},"author":1,"featured_media":0,"parent":0,"menu_order":0,"comment_status":"closed","ping_status":"closed","template":"","meta":{"footnotes":""},"class_list":["post-3224","page","type-page","status-publish","hentry"],"yoast_head":"<!-- This site is optimized with the Yoast SEO plugin v27.4 - https:\/\/yoast.com\/product\/yoast-seo-wordpress\/ -->\n<title>Shipping Policy - VELAZO.<\/title>\n<meta name=\"robots\" content=\"index, follow, max-snippet:-1, max-image-preview:large, max-video-preview:-1\" \/>\n<link rel=\"canonical\" href=\"https:\/\/velazo-b2b.com\/pl\/polityka-wysylkowa\/\" \/>\n<meta property=\"og:locale\" content=\"pl_PL\" \/>\n<meta property=\"og:type\" content=\"article\" \/>\n<meta property=\"og:title\" content=\"Shipping Policy - VELAZO.\" \/>\n<meta property=\"og:description\" content=\"Effective date: 11 September 2025Applies to: Business customers only (B2B)From: U2 COMPANY SP\u00d3\u0141KA Z OGRANICZON\u0104 ODPOWIEDZIALNO\u015aCI\u0104 (Poland)Contact: info@velazo.pl 1) General This Shipping Policy applies exclusively to B2B transactions on velazo-b2b.com.\" \/>\n<meta property=\"og:url\" content=\"https:\/\/velazo-b2b.com\/pl\/polityka-wysylkowa\/\" \/>\n<meta property=\"og:site_name\" content=\"VELAZO.\" \/>\n<meta property=\"article:modified_time\" content=\"2025-09-11T10:55:44+00:00\" \/>\n<meta name=\"twitter:card\" content=\"summary_large_image\" \/>\n<meta name=\"twitter:label1\" content=\"Szacowany czas czytania\" \/>\n\t<meta name=\"twitter:data1\" content=\"4 minuty\" \/>\n<script type=\"application\/ld+json\" class=\"yoast-schema-graph\">{\"@context\":\"https:\\\/\\\/schema.org\",\"@graph\":[{\"@type\":\"WebPage\",\"@id\":\"https:\\\/\\\/velazo-b2b.com\\\/shipping-policy\\\/\",\"url\":\"https:\\\/\\\/velazo-b2b.com\\\/shipping-policy\\\/\",\"name\":\"Shipping Policy - VELAZO.\",\"isPartOf\":{\"@id\":\"https:\\\/\\\/velazo-b2b.com\\\/#website\"},\"datePublished\":\"2025-09-11T10:51:29+00:00\",\"dateModified\":\"2025-09-11T10:55:44+00:00\",\"breadcrumb\":{\"@id\":\"https:\\\/\\\/velazo-b2b.com\\\/shipping-policy\\\/#breadcrumb\"},\"inLanguage\":\"pl-PL\",\"potentialAction\":[{\"@type\":\"ReadAction\",\"target\":[\"https:\\\/\\\/velazo-b2b.com\\\/shipping-policy\\\/\"]}]},{\"@type\":\"BreadcrumbList\",\"@id\":\"https:\\\/\\\/velazo-b2b.com\\\/shipping-policy\\\/#breadcrumb\",\"itemListElement\":[{\"@type\":\"ListItem\",\"position\":1,\"name\":\"Home\",\"item\":\"https:\\\/\\\/velazo-b2b.com\\\/\"},{\"@type\":\"ListItem\",\"position\":2,\"name\":\"Shipping Policy\"}]},{\"@type\":\"WebSite\",\"@id\":\"https:\\\/\\\/velazo-b2b.com\\\/#website\",\"url\":\"https:\\\/\\\/velazo-b2b.com\\\/\",\"name\":\"VELAZO.\",\"description\":\"\",\"potentialAction\":[{\"@type\":\"SearchAction\",\"target\":{\"@type\":\"EntryPoint\",\"urlTemplate\":\"https:\\\/\\\/velazo-b2b.com\\\/?s={search_term_string}\"},\"query-input\":{\"@type\":\"PropertyValueSpecification\",\"valueRequired\":true,\"valueName\":\"search_term_string\"}}],\"inLanguage\":\"pl-PL\"}]}<\/script>\n<!-- \/ Yoast SEO plugin. -->","yoast_head_json":{"title":"Zasady wysy\u0142ki - VELAZO.","robots":{"index":"index","follow":"follow","max-snippet":"max-snippet:-1","max-image-preview":"max-image-preview:large","max-video-preview":"max-video-preview:-1"},"canonical":"https:\/\/velazo-b2b.com\/pl\/polityka-wysylkowa\/","og_locale":"pl_PL","og_type":"article","og_title":"Shipping Policy - VELAZO.","og_description":"Effective date: 11 September 2025Applies to: Business customers only (B2B)From: U2 COMPANY SP\u00d3\u0141KA Z OGRANICZON\u0104 ODPOWIEDZIALNO\u015aCI\u0104 (Poland)Contact: info@velazo.pl 1) General This Shipping Policy applies exclusively to B2B transactions on velazo-b2b.com.","og_url":"https:\/\/velazo-b2b.com\/pl\/polityka-wysylkowa\/","og_site_name":"VELAZO.","article_modified_time":"2025-09-11T10:55:44+00:00","twitter_card":"summary_large_image","twitter_misc":{"Szacowany czas czytania":"4 minuty"},"schema":{"@context":"https:\/\/schema.org","@graph":[{"@type":"WebPage","@id":"https:\/\/velazo-b2b.com\/shipping-policy\/","url":"https:\/\/velazo-b2b.com\/shipping-policy\/","name":"Zasady wysy\u0142ki - VELAZO.","isPartOf":{"@id":"https:\/\/velazo-b2b.com\/#website"},"datePublished":"2025-09-11T10:51:29+00:00","dateModified":"2025-09-11T10:55:44+00:00","breadcrumb":{"@id":"https:\/\/velazo-b2b.com\/shipping-policy\/#breadcrumb"},"inLanguage":"pl-PL","potentialAction":[{"@type":"ReadAction","target":["https:\/\/velazo-b2b.com\/shipping-policy\/"]}]},{"@type":"BreadcrumbList","@id":"https:\/\/velazo-b2b.com\/shipping-policy\/#breadcrumb","itemListElement":[{"@type":"ListItem","position":1,"name":"Home","item":"https:\/\/velazo-b2b.com\/"},{"@type":"ListItem","position":2,"name":"Shipping Policy"}]},{"@type":"WebSite","@id":"https:\/\/velazo-b2b.com\/#website","url":"https:\/\/velazo-b2b.com\/","name":"VELAZO.","description":"","potentialAction":[{"@type":"SearchAction","target":{"@type":"EntryPoint","urlTemplate":"https:\/\/velazo-b2b.com\/?s={search_term_string}"},"query-input":{"@type":"PropertyValueSpecification","valueRequired":true,"valueName":"search_term_string"}}],"inLanguage":"pl-PL"}]}},"_links":{"self":[{"href":"https:\/\/velazo-b2b.com\/pl\/wp-json\/wp\/v2\/pages\/3224","targetHints":{"allow":["GET"]}}],"collection":[{"href":"https:\/\/velazo-b2b.com\/pl\/wp-json\/wp\/v2\/pages"}],"about":[{"href":"https:\/\/velazo-b2b.com\/pl\/wp-json\/wp\/v2\/types\/page"}],"author":[{"embeddable":true,"href":"https:\/\/velazo-b2b.com\/pl\/wp-json\/wp\/v2\/users\/1"}],"replies":[{"embeddable":true,"href":"https:\/\/velazo-b2b.com\/pl\/wp-json\/wp\/v2\/comments?post=3224"}],"version-history":[{"count":0,"href":"https:\/\/velazo-b2b.com\/pl\/wp-json\/wp\/v2\/pages\/3224\/revisions"}],"wp:attachment":[{"href":"https:\/\/velazo-b2b.com\/pl\/wp-json\/wp\/v2\/media?parent=3224"}],"curies":[{"name":"wp","href":"https:\/\/api.w.org\/{rel}","templated":true}]}}