{"id":43,"date":"2025-04-09T13:51:06","date_gmt":"2025-04-09T13:51:06","guid":{"rendered":"https:\/\/velazo-b2b.com\/about-page\/"},"modified":"2026-03-19T09:29:45","modified_gmt":"2026-03-19T08:29:45","slug":"o-nas","status":"publish","type":"page","link":"https:\/\/velazo-b2b.com\/pl\/o-nas\/","title":{"rendered":"O nas"},"content":{"rendered":"<div data-elementor-type=\"wp-page\" data-elementor-id=\"43\" class=\"elementor elementor-43\" data-elementor-post-type=\"page\">\n\t\t\t\t<div class=\"elementor-element elementor-element-a9fdadb e-flex e-con-boxed e-con e-parent\" data-id=\"a9fdadb\" data-element_type=\"container\" data-e-type=\"container\">\n\t\t\t\t\t<div class=\"e-con-inner\">\n\t\t<div class=\"elementor-element elementor-element-ba69586 e-con-full e-flex e-con e-child\" data-id=\"ba69586\" data-element_type=\"container\" data-e-type=\"container\">\n\t\t\t\t<div class=\"elementor-element elementor-element-e272b26 elementor-widget elementor-widget-image\" data-id=\"e272b26\" data-element_type=\"widget\" data-e-type=\"widget\" data-widget_type=\"image.default\">\n\t\t\t\t<div class=\"elementor-widget-container\">\n\t\t\t\t\t\t\t\t\t\t\t\t\t\t\t<img fetchpriority=\"high\" decoding=\"async\" width=\"1024\" height=\"1024\" src=\"https:\/\/velazo-b2b.com\/wp-content\/uploads\/2025\/04\/Zlewozmywak-Dwukomorowy-Stalowy-1024x1024.webp\" class=\"attachment-large size-large wp-image-2313\" alt=\"\" srcset=\"https:\/\/velazo-b2b.com\/wp-content\/uploads\/2025\/04\/Zlewozmywak-Dwukomorowy-Stalowy-1024x1024.webp 1024w, https:\/\/velazo-b2b.com\/wp-content\/uploads\/2025\/04\/Zlewozmywak-Dwukomorowy-Stalowy-300x300.webp 300w, https:\/\/velazo-b2b.com\/wp-content\/uploads\/2025\/04\/Zlewozmywak-Dwukomorowy-Stalowy-150x150.webp 150w, https:\/\/velazo-b2b.com\/wp-content\/uploads\/2025\/04\/Zlewozmywak-Dwukomorowy-Stalowy-600x600.webp 600w, https:\/\/velazo-b2b.com\/wp-content\/uploads\/2025\/04\/Zlewozmywak-Dwukomorowy-Stalowy-768x768.webp 768w, https:\/\/velazo-b2b.com\/wp-content\/uploads\/2025\/04\/Zlewozmywak-Dwukomorowy-Stalowy.webp 1500w\" sizes=\"(max-width: 1024px) 100vw, 1024px\" \/>\t\t\t\t\t\t\t\t\t\t\t\t\t\t\t<\/div>\n\t\t\t\t<\/div>\n\t\t\t\t<\/div>\n\t\t<div class=\"elementor-element elementor-element-a7be5f6 e-con-full e-flex e-con e-child\" data-id=\"a7be5f6\" data-element_type=\"container\" data-e-type=\"container\">\n\t\t\t\t<div class=\"elementor-element elementor-element-ce4ad8f elementor-widget elementor-widget-text-editor\" data-id=\"ce4ad8f\" data-element_type=\"widget\" data-e-type=\"widget\" data-widget_type=\"text-editor.default\">\n\t\t\t\t<div class=\"elementor-widget-container\">\n\t\t\t\t\t\t\t\t\t<p><strong>Nowoczesne i stylowe zlewozmywaki ze stali nierdzewnej. Firma Velazo z siedzib\u0105 w Warszawie zajmuje si\u0119 doskonaleniem serca ka\u017cdego domu - kuchni - oferuj\u0105c szerok\u0105 gam\u0119 wysokiej jako\u015bci zlewozmywak\u00f3w ze stali nierdzewnej o nowoczesnym i \u015bwie\u017cym designie. Wierzymy, \u017ce pi\u0119kna i funkcjonalna kuchnia jest kluczem do stworzenia przytulnej i koj\u0105cej atmosfery w codziennym \u017cyciu. Naszym celem jest obalenie przekonania, \u017ce jako\u015b\u0107 wi\u0105\u017ce si\u0119 z wysokimi kosztami. Nasz\u0105 misj\u0105 jest zapewnienie w\u0142a\u015bcicielom dom\u00f3w niedrogich, ale najwy\u017cszej jako\u015bci zlewozmywak\u00f3w, kt\u00f3re nie tylko poprawi\u0105 estetyk\u0119 ich kuchni, ale tak\u017ce zmieszcz\u0105 si\u0119 w ich bud\u017cetach.<\/strong><\/p>\t\t\t\t\t\t\t\t<\/div>\n\t\t\t\t<\/div>\n\t\t\t\t<\/div>\n\t\t\t\t\t<\/div>\n\t\t\t\t<\/div>\n\t\t<div class=\"elementor-element elementor-element-12db989 e-con-full e-flex e-con e-parent\" data-id=\"12db989\" data-element_type=\"container\" data-e-type=\"container\">\n\t\t<div class=\"elementor-element elementor-element-947efe6 e-con-full e-flex e-con e-child\" data-id=\"947efe6\" data-element_type=\"container\" data-e-type=\"container\">\n\t\t\t\t<div class=\"elementor-element elementor-element-09ba768 elementor-widget elementor-widget-heading\" data-id=\"09ba768\" data-element_type=\"widget\" data-e-type=\"widget\" data-widget_type=\"heading.default\">\n\t\t\t\t<div class=\"elementor-widget-container\">\n\t\t\t\t\t<h2 class=\"elementor-heading-title elementor-size-default\">Us\u0142uga OEM<\/h2>\t\t\t\t<\/div>\n\t\t\t\t<\/div>\n\t\t\t\t<div class=\"elementor-element elementor-element-025b5a6 elementor-widget elementor-widget-text-editor\" data-id=\"025b5a6\" data-element_type=\"widget\" data-e-type=\"widget\" data-widget_type=\"text-editor.default\">\n\t\t\t\t<div class=\"elementor-widget-container\">\n\t\t\t\t\t\t\t\t\t<div class=\"multicolumn-card content-container\">\n<div class=\"multicolumn-card__info\">\n<div class=\"rte\">\n<p>\u015awiadczymy us\u0142ugi OEM, dzi\u0119ki czemu mo\u017cesz w\u0142\u0105czy\u0107 swoj\u0105 unikaln\u0105 wizj\u0119 i logo do naszych produkt\u00f3w. Rozumiemy wyj\u0105tkowo\u015b\u0107 ka\u017cdej marki, wi\u0119c nasz zesp\u00f3\u0142 wys\u0142ucha Twoich potrzeb i stworzy zlew, kt\u00f3ry idealnie pasuje do stylu Twojej marki.<\/p>\n<\/div>\n<\/div>\n<div class=\"multicolumn-card__info\">\u00a0<\/div>\n<\/div>\t\t\t\t\t\t\t\t<\/div>\n\t\t\t\t<\/div>\n\t\t\t\t<\/div>\n\t\t<div class=\"elementor-element elementor-element-3180623 e-con-full e-flex e-con e-child\" data-id=\"3180623\" data-element_type=\"container\" data-e-type=\"container\">\n\t\t\t\t<div class=\"elementor-element elementor-element-8f2ea97 elementor-widget elementor-widget-heading\" data-id=\"8f2ea97\" data-element_type=\"widget\" data-e-type=\"widget\" data-widget_type=\"heading.default\">\n\t\t\t\t<div class=\"elementor-widget-container\">\n\t\t\t\t\t<h2 class=\"elementor-heading-title elementor-size-default\">Sprzeda\u017c i serwis\n<\/h2>\t\t\t\t<\/div>\n\t\t\t\t<\/div>\n\t\t\t\t<div class=\"elementor-element elementor-element-60c77ff elementor-widget elementor-widget-text-editor\" data-id=\"60c77ff\" data-element_type=\"widget\" data-e-type=\"widget\" data-widget_type=\"text-editor.default\">\n\t\t\t\t<div class=\"elementor-widget-container\">\n\t\t\t\t\t\t\t\t\t<p>Jeste\u015bmy zaanga\u017cowani w \u015bwiadczenie wysokiej jako\u015bci us\u0142ug B2B r\u00f3\u017cnym przedsi\u0119biorstwom i osi\u0105ganie wi\u0119kszej warto\u015bci handlowej dzi\u0119ki wsp\u00f3\u0142pracy korzystnej dla obu stron. Niezale\u017cnie od tego, czy jeste\u015b detalist\u0105, hurtownikiem, czy szukasz us\u0142ug sprzeda\u017cy OEM i FOB, zapewnimy Ci rozwi\u0105zania dostosowane do Twoich potrzeb.<\/p>\t\t\t\t\t\t\t\t<\/div>\n\t\t\t\t<\/div>\n\t\t\t\t<\/div>\n\t\t<div class=\"elementor-element elementor-element-46f4c36 e-con-full e-flex e-con e-child\" data-id=\"46f4c36\" data-element_type=\"container\" data-e-type=\"container\">\n\t\t\t\t<div class=\"elementor-element elementor-element-4cdc0f8 elementor-widget elementor-widget-heading\" data-id=\"4cdc0f8\" data-element_type=\"widget\" data-e-type=\"widget\" data-widget_type=\"heading.default\">\n\t\t\t\t<div class=\"elementor-widget-container\">\n\t\t\t\t\t<h2 class=\"elementor-heading-title elementor-size-default\">Wsp\u00f3\u0142praca B2B\n<\/h2>\t\t\t\t<\/div>\n\t\t\t\t<\/div>\n\t\t\t\t<div class=\"elementor-element elementor-element-b5175fd elementor-widget elementor-widget-text-editor\" data-id=\"b5175fd\" data-element_type=\"widget\" data-e-type=\"widget\" data-widget_type=\"text-editor.default\">\n\t\t\t\t<div class=\"elementor-widget-container\">\n\t\t\t\t\t\t\t\t\t<p>Nasz zesp\u00f3\u0142 do\u015bwiadczonych specjalist\u00f3w jest gotowy do pomocy przy instalacji. Niezale\u017cnie od tego, czy jeste\u015b indywidualnym konsumentem, czy hurtownikiem, upewnimy si\u0119, \u017ce Twoje produkty s\u0105 prawid\u0142owo zainstalowane i u\u017cywane.<\/p>\t\t\t\t\t\t\t\t<\/div>\n\t\t\t\t<\/div>\n\t\t\t\t<\/div>\n\t\t\t\t<\/div>\n\t\t<div class=\"elementor-element elementor-element-f31e916 e-flex e-con-boxed e-con e-parent\" data-id=\"f31e916\" data-element_type=\"container\" data-e-type=\"container\">\n\t\t\t\t\t<div class=\"e-con-inner\">\n\t\t\t\t<div class=\"elementor-element elementor-element-238eb9e elementor-widget elementor-widget-heading\" data-id=\"238eb9e\" data-element_type=\"widget\" data-e-type=\"widget\" data-widget_type=\"heading.default\">\n\t\t\t\t<div class=\"elementor-widget-container\">\n\t\t\t\t\t<h2 class=\"elementor-heading-title elementor-size-default\">Informacje kontaktowe<\/h2>\t\t\t\t<\/div>\n\t\t\t\t<\/div>\n\t\t\t\t<div class=\"elementor-element elementor-element-4f6f045 elementor-widget elementor-widget-text-editor\" data-id=\"4f6f045\" data-element_type=\"widget\" data-e-type=\"widget\" data-widget_type=\"text-editor.default\">\n\t\t\t\t<div class=\"elementor-widget-container\">\n\t\t\t\t\t\t\t\t\t<p data-start=\"184\" data-end=\"431\"><strong data-start=\"184\" data-end=\"199\">Nazwa marki:<\/strong> VELAZO.<br data-start=\"207\" data-end=\"210\" \/><strong data-start=\"210\" data-end=\"227\">Nazwa firmy:<\/strong> U2 COMPANY SP. Z O.O.<br data-start=\"249\" data-end=\"252\" \/><strong data-start=\"252\" data-end=\"275\">Zarejestrowany adres:<\/strong> UL. PU\u0141AWSKA 221\/1, 02-715 WARSZAWA, Polska<br data-start=\"321\" data-end=\"324\" \/><strong data-start=\"324\" data-end=\"334\" data-is-only-node=\"\">Telefon:<\/strong> +48 573 202 087<br data-start=\"350\" data-end=\"353\" \/><strong data-start=\"353\" data-end=\"363\">E-mail:<\/strong> <a class=\"decorated-link cursor-pointer\" rel=\"noopener\" data-start=\"364\" data-end=\"378\">info@velazo.pl<\/a><br data-start=\"378\" data-end=\"381\" \/><strong data-start=\"381\" data-end=\"395\">VAT (NIP):<\/strong> 7011104333<br data-start=\"406\" data-end=\"409\" \/><strong data-start=\"409\" data-end=\"419\">REGON:<\/strong> 523032819<\/p>\n<p>.<\/p>\t\t\t\t\t\t\t\t<\/div>\n\t\t\t\t<\/div>\n\t\t\t\t<div class=\"elementor-element elementor-element-5288ad5 elementor-widget elementor-widget-matjar-button\" data-id=\"5288ad5\" data-element_type=\"widget\" data-e-type=\"widget\" data-widget_type=\"matjar-button.default\">\n\t\t\t\t<div class=\"elementor-widget-container\">\n\t\t\t\t\t<div id=\"matjar-button-77023\" class=\"matjar-element matjar-button\">\n\t<a class=\"button btn-style-flat btn-shape-square btn-color-default\" href=\"https:\/\/velazo-b2b.com\/pl\/strona-konta\/\" >\n\t\tTworzenie konta\t<\/a>\n<\/div>\n\t\t\t\t<\/div>\n\t\t\t\t<\/div>\n\t\t\t\t\t<\/div>\n\t\t\t\t<\/div>\n\t\t\t\t<\/div>","protected":false},"excerpt":{"rendered":"<p>Modern and Stylish Stainless Steel Sinks. Velazo company located in Warsaw. is dedicated to perfecting the heart of every home &#8211; the kitchen &#8211; by offering a wide range of<\/p>","protected":false},"author":1,"featured_media":0,"parent":0,"menu_order":0,"comment_status":"closed","ping_status":"closed","template":"","meta":{"footnotes":""},"class_list":["post-43","page","type-page","status-publish","hentry"],"yoast_head":"<!-- This site is optimized with the Yoast SEO plugin v27.4 - https:\/\/yoast.com\/product\/yoast-seo-wordpress\/ -->\n<title>About Us - VELAZO.<\/title>\n<meta name=\"robots\" content=\"index, follow, max-snippet:-1, max-image-preview:large, max-video-preview:-1\" \/>\n<link rel=\"canonical\" href=\"https:\/\/velazo-b2b.com\/pl\/o-nas\/\" \/>\n<meta property=\"og:locale\" content=\"pl_PL\" \/>\n<meta property=\"og:type\" content=\"article\" \/>\n<meta property=\"og:title\" content=\"About Us - VELAZO.\" \/>\n<meta property=\"og:description\" content=\"Modern and Stylish Stainless Steel Sinks. Velazo company located in Warsaw. is dedicated to perfecting the heart of every home &#8211; the kitchen &#8211; by offering a wide range of\" \/>\n<meta property=\"og:url\" content=\"https:\/\/velazo-b2b.com\/pl\/o-nas\/\" \/>\n<meta property=\"og:site_name\" content=\"VELAZO.\" \/>\n<meta property=\"article:modified_time\" content=\"2026-03-19T08:29:45+00:00\" \/>\n<meta property=\"og:image\" content=\"http:\/\/velazo-b2b.com\/wp-content\/uploads\/2025\/04\/Zlewozmywak-Dwukomorowy-Stalowy-1024x1024.webp\" \/>\n<meta name=\"twitter:card\" content=\"summary_large_image\" \/>\n<meta name=\"twitter:label1\" content=\"Szacowany czas czytania\" \/>\n\t<meta name=\"twitter:data1\" content=\"2 minuty\" \/>\n<script type=\"application\/ld+json\" class=\"yoast-schema-graph\">{\"@context\":\"https:\\\/\\\/schema.org\",\"@graph\":[{\"@type\":\"WebPage\",\"@id\":\"https:\\\/\\\/velazo-b2b.com\\\/about-us\\\/\",\"url\":\"https:\\\/\\\/velazo-b2b.com\\\/about-us\\\/\",\"name\":\"About Us - VELAZO.\",\"isPartOf\":{\"@id\":\"https:\\\/\\\/velazo-b2b.com\\\/#website\"},\"primaryImageOfPage\":{\"@id\":\"https:\\\/\\\/velazo-b2b.com\\\/about-us\\\/#primaryimage\"},\"image\":{\"@id\":\"https:\\\/\\\/velazo-b2b.com\\\/about-us\\\/#primaryimage\"},\"thumbnailUrl\":\"http:\\\/\\\/velazo-b2b.com\\\/wp-content\\\/uploads\\\/2025\\\/04\\\/Zlewozmywak-Dwukomorowy-Stalowy-1024x1024.webp\",\"datePublished\":\"2025-04-09T13:51:06+00:00\",\"dateModified\":\"2026-03-19T08:29:45+00:00\",\"breadcrumb\":{\"@id\":\"https:\\\/\\\/velazo-b2b.com\\\/about-us\\\/#breadcrumb\"},\"inLanguage\":\"pl-PL\",\"potentialAction\":[{\"@type\":\"ReadAction\",\"target\":[\"https:\\\/\\\/velazo-b2b.com\\\/about-us\\\/\"]}]},{\"@type\":\"ImageObject\",\"inLanguage\":\"pl-PL\",\"@id\":\"https:\\\/\\\/velazo-b2b.com\\\/about-us\\\/#primaryimage\",\"url\":\"http:\\\/\\\/velazo-b2b.com\\\/wp-content\\\/uploads\\\/2025\\\/04\\\/Zlewozmywak-Dwukomorowy-Stalowy-1024x1024.webp\",\"contentUrl\":\"http:\\\/\\\/velazo-b2b.com\\\/wp-content\\\/uploads\\\/2025\\\/04\\\/Zlewozmywak-Dwukomorowy-Stalowy-1024x1024.webp\"},{\"@type\":\"BreadcrumbList\",\"@id\":\"https:\\\/\\\/velazo-b2b.com\\\/about-us\\\/#breadcrumb\",\"itemListElement\":[{\"@type\":\"ListItem\",\"position\":1,\"name\":\"Home\",\"item\":\"https:\\\/\\\/velazo-b2b.com\\\/\"},{\"@type\":\"ListItem\",\"position\":2,\"name\":\"About Us\"}]},{\"@type\":\"WebSite\",\"@id\":\"https:\\\/\\\/velazo-b2b.com\\\/#website\",\"url\":\"https:\\\/\\\/velazo-b2b.com\\\/\",\"name\":\"VELAZO.\",\"description\":\"\",\"potentialAction\":[{\"@type\":\"SearchAction\",\"target\":{\"@type\":\"EntryPoint\",\"urlTemplate\":\"https:\\\/\\\/velazo-b2b.com\\\/?s={search_term_string}\"},\"query-input\":{\"@type\":\"PropertyValueSpecification\",\"valueRequired\":true,\"valueName\":\"search_term_string\"}}],\"inLanguage\":\"pl-PL\"}]}<\/script>\n<!-- \/ Yoast SEO plugin. -->","yoast_head_json":{"title":"O nas - VELAZO.","robots":{"index":"index","follow":"follow","max-snippet":"max-snippet:-1","max-image-preview":"max-image-preview:large","max-video-preview":"max-video-preview:-1"},"canonical":"https:\/\/velazo-b2b.com\/pl\/o-nas\/","og_locale":"pl_PL","og_type":"article","og_title":"About Us - VELAZO.","og_description":"Modern and Stylish Stainless Steel Sinks. Velazo company located in Warsaw. is dedicated to perfecting the heart of every home &#8211; the kitchen &#8211; by offering a wide range of","og_url":"https:\/\/velazo-b2b.com\/pl\/o-nas\/","og_site_name":"VELAZO.","article_modified_time":"2026-03-19T08:29:45+00:00","og_image":[{"url":"http:\/\/velazo-b2b.com\/wp-content\/uploads\/2025\/04\/Zlewozmywak-Dwukomorowy-Stalowy-1024x1024.webp","type":"","width":"","height":""}],"twitter_card":"summary_large_image","twitter_misc":{"Szacowany czas czytania":"2 minuty"},"schema":{"@context":"https:\/\/schema.org","@graph":[{"@type":"WebPage","@id":"https:\/\/velazo-b2b.com\/about-us\/","url":"https:\/\/velazo-b2b.com\/about-us\/","name":"O nas - VELAZO.","isPartOf":{"@id":"https:\/\/velazo-b2b.com\/#website"},"primaryImageOfPage":{"@id":"https:\/\/velazo-b2b.com\/about-us\/#primaryimage"},"image":{"@id":"https:\/\/velazo-b2b.com\/about-us\/#primaryimage"},"thumbnailUrl":"http:\/\/velazo-b2b.com\/wp-content\/uploads\/2025\/04\/Zlewozmywak-Dwukomorowy-Stalowy-1024x1024.webp","datePublished":"2025-04-09T13:51:06+00:00","dateModified":"2026-03-19T08:29:45+00:00","breadcrumb":{"@id":"https:\/\/velazo-b2b.com\/about-us\/#breadcrumb"},"inLanguage":"pl-PL","potentialAction":[{"@type":"ReadAction","target":["https:\/\/velazo-b2b.com\/about-us\/"]}]},{"@type":"ImageObject","inLanguage":"pl-PL","@id":"https:\/\/velazo-b2b.com\/about-us\/#primaryimage","url":"http:\/\/velazo-b2b.com\/wp-content\/uploads\/2025\/04\/Zlewozmywak-Dwukomorowy-Stalowy-1024x1024.webp","contentUrl":"http:\/\/velazo-b2b.com\/wp-content\/uploads\/2025\/04\/Zlewozmywak-Dwukomorowy-Stalowy-1024x1024.webp"},{"@type":"BreadcrumbList","@id":"https:\/\/velazo-b2b.com\/about-us\/#breadcrumb","itemListElement":[{"@type":"ListItem","position":1,"name":"Home","item":"https:\/\/velazo-b2b.com\/"},{"@type":"ListItem","position":2,"name":"About Us"}]},{"@type":"WebSite","@id":"https:\/\/velazo-b2b.com\/#website","url":"https:\/\/velazo-b2b.com\/","name":"VELAZO.","description":"","potentialAction":[{"@type":"SearchAction","target":{"@type":"EntryPoint","urlTemplate":"https:\/\/velazo-b2b.com\/?s={search_term_string}"},"query-input":{"@type":"PropertyValueSpecification","valueRequired":true,"valueName":"search_term_string"}}],"inLanguage":"pl-PL"}]}},"_links":{"self":[{"href":"https:\/\/velazo-b2b.com\/pl\/wp-json\/wp\/v2\/pages\/43","targetHints":{"allow":["GET"]}}],"collection":[{"href":"https:\/\/velazo-b2b.com\/pl\/wp-json\/wp\/v2\/pages"}],"about":[{"href":"https:\/\/velazo-b2b.com\/pl\/wp-json\/wp\/v2\/types\/page"}],"author":[{"embeddable":true,"href":"https:\/\/velazo-b2b.com\/pl\/wp-json\/wp\/v2\/users\/1"}],"replies":[{"embeddable":true,"href":"https:\/\/velazo-b2b.com\/pl\/wp-json\/wp\/v2\/comments?post=43"}],"version-history":[{"count":0,"href":"https:\/\/velazo-b2b.com\/pl\/wp-json\/wp\/v2\/pages\/43\/revisions"}],"wp:attachment":[{"href":"https:\/\/velazo-b2b.com\/pl\/wp-json\/wp\/v2\/media?parent=43"}],"curies":[{"name":"wp","href":"https:\/\/api.w.org\/{rel}","templated":true}]}}