{"id":120,"date":"2025-04-09T14:33:48","date_gmt":"2025-04-09T14:33:48","guid":{"rendered":"https:\/\/velazo-b2b.com\/product\/large-double-bowl-stainless-steel-sink-80x45-cm-by-velazo\/"},"modified":"2025-10-08T11:56:21","modified_gmt":"2025-10-08T09:56:21","slug":"duzy-dwukomorowy-zlewozmywak-ze-stali-nierdzewnej-80x45-cm-marki-velazo","status":"publish","type":"product","link":"https:\/\/velazo-b2b.com\/pl\/produkt\/duzy-dwukomorowy-zlewozmywak-ze-stali-nierdzewnej-80x45-cm-marki-velazo\/","title":{"rendered":"Du\u017cy dwukomorowy zlewozmywak ze stali nierdzewnej - 80\u00d745 cm marki Velazo."},"content":{"rendered":"<p><strong>Dane techniczne:<\/strong><\/p>\n<ul>\n<li>Metoda monta\u017cu: na blacie lub pod blatem<\/li>\n<li>Materia\u0142: stal nierdzewna<\/li>\n<li>Wyko\u0144czenie stali: szczotkowana satyna<\/li>\n<li>Kolor: inox<\/li>\n<li>Wymiary zlewu: 800 mm x 450 mm x 210 mm<\/li>\n<li>Grubo\u015b\u0107 metalu komory: 0,8 mm<\/li>\n<li>Grubo\u015b\u0107 metalowej obr\u0119czy: 3 mm<\/li>\n<li>Otw\u00f3r przelewowy komory: Tak<\/li>\n<\/ul>","protected":false},"excerpt":{"rendered":"<p>Dane techniczne: Spos\u00f3b monta\u017cu: nablatowy \/ podblatowy Materia\u0142: stal szlachetna Wyko\u0144czenie stali: satyna szczotkowana Kolor: inox Wymiary zlewozmywaka: 800 mm x 450 mm x 210 mm Grubo\u015b\u0107 metalu komory: 0,8 mm Obr\u0119cz<\/p>","protected":false},"featured_media":119,"comment_status":"open","ping_status":"closed","template":"","meta":[],"product_cat":[61,57,71],"product_tag":[19,5,11],"class_list":{"0":"post-120","1":"product","2":"type-product","3":"status-publish","4":"has-post-thumbnail","6":"product_cat-double-bowl-kitchen-sinks","7":"product_cat-handmade-sinks","8":"product_cat-silver-sinks","9":"product_tag-double-bowl","10":"product_tag-handmade-sink","11":"product_tag-silver-sinks","13":"first","14":"outofstock","15":"taxable","16":"shipping-taxable","17":"product-type-simple"},"yoast_head":"<!-- This site is optimized with the Yoast SEO plugin v27.3 - https:\/\/yoast.com\/product\/yoast-seo-wordpress\/ -->\n<title>Large Double Bowl Stainless Steel Sink - 80x45 cm by Velazo. - VELAZO.<\/title>\n<meta name=\"robots\" content=\"index, follow, max-snippet:-1, max-image-preview:large, max-video-preview:-1\" \/>\n<link rel=\"canonical\" href=\"https:\/\/velazo-b2b.com\/pl\/produkt\/duzy-dwukomorowy-zlewozmywak-ze-stali-nierdzewnej-80x45-cm-marki-velazo\/\" \/>\n<meta property=\"og:locale\" content=\"pl_PL\" \/>\n<meta property=\"og:type\" content=\"article\" \/>\n<meta property=\"og:title\" content=\"Large Double Bowl Stainless Steel Sink - 80x45 cm by Velazo. - VELAZO.\" \/>\n<meta property=\"og:description\" content=\"Technical Data: Mounting method: countertop\/undermount Material: stainless steel Steel finish: brushed satin Color: inox Sink dimensions: 800 mm x 450 mm x 210 mm Chamber metal thickness: 0.8 mm Rim\" \/>\n<meta property=\"og:url\" content=\"https:\/\/velazo-b2b.com\/pl\/produkt\/duzy-dwukomorowy-zlewozmywak-ze-stali-nierdzewnej-80x45-cm-marki-velazo\/\" \/>\n<meta property=\"og:site_name\" content=\"VELAZO.\" \/>\n<meta property=\"article:modified_time\" content=\"2025-10-08T09:56:21+00:00\" \/>\n<meta property=\"og:image\" content=\"https:\/\/velazo-b2b.com\/wp-content\/uploads\/2025\/04\/ZlewozmywakDwukomorowyDuzy80x45cm.png\" \/>\n\t<meta property=\"og:image:width\" content=\"1080\" \/>\n\t<meta property=\"og:image:height\" content=\"1080\" \/>\n\t<meta property=\"og:image:type\" content=\"image\/png\" \/>\n<meta name=\"twitter:card\" content=\"summary_large_image\" \/>\n<script type=\"application\/ld+json\" class=\"yoast-schema-graph\">{\"@context\":\"https:\\\/\\\/schema.org\",\"@graph\":[{\"@type\":\"WebPage\",\"@id\":\"https:\\\/\\\/velazo-b2b.com\\\/product\\\/large-double-bowl-stainless-steel-sink-80x45-cm-by-velazo\\\/\",\"url\":\"https:\\\/\\\/velazo-b2b.com\\\/product\\\/large-double-bowl-stainless-steel-sink-80x45-cm-by-velazo\\\/\",\"name\":\"Large Double Bowl Stainless Steel Sink - 80x45 cm by Velazo. - VELAZO.\",\"isPartOf\":{\"@id\":\"https:\\\/\\\/velazo-b2b.com\\\/#website\"},\"primaryImageOfPage\":{\"@id\":\"https:\\\/\\\/velazo-b2b.com\\\/product\\\/large-double-bowl-stainless-steel-sink-80x45-cm-by-velazo\\\/#primaryimage\"},\"image\":{\"@id\":\"https:\\\/\\\/velazo-b2b.com\\\/product\\\/large-double-bowl-stainless-steel-sink-80x45-cm-by-velazo\\\/#primaryimage\"},\"thumbnailUrl\":\"https:\\\/\\\/velazo-b2b.com\\\/wp-content\\\/uploads\\\/2025\\\/04\\\/ZlewozmywakDwukomorowyDuzy80x45cm.png\",\"datePublished\":\"2025-04-09T14:33:48+00:00\",\"dateModified\":\"2025-10-08T09:56:21+00:00\",\"breadcrumb\":{\"@id\":\"https:\\\/\\\/velazo-b2b.com\\\/product\\\/large-double-bowl-stainless-steel-sink-80x45-cm-by-velazo\\\/#breadcrumb\"},\"inLanguage\":\"pl-PL\",\"potentialAction\":[{\"@type\":\"ReadAction\",\"target\":[\"https:\\\/\\\/velazo-b2b.com\\\/product\\\/large-double-bowl-stainless-steel-sink-80x45-cm-by-velazo\\\/\"]}]},{\"@type\":\"ImageObject\",\"inLanguage\":\"pl-PL\",\"@id\":\"https:\\\/\\\/velazo-b2b.com\\\/product\\\/large-double-bowl-stainless-steel-sink-80x45-cm-by-velazo\\\/#primaryimage\",\"url\":\"https:\\\/\\\/velazo-b2b.com\\\/wp-content\\\/uploads\\\/2025\\\/04\\\/ZlewozmywakDwukomorowyDuzy80x45cm.png\",\"contentUrl\":\"https:\\\/\\\/velazo-b2b.com\\\/wp-content\\\/uploads\\\/2025\\\/04\\\/ZlewozmywakDwukomorowyDuzy80x45cm.png\",\"width\":1080,\"height\":1080},{\"@type\":\"BreadcrumbList\",\"@id\":\"https:\\\/\\\/velazo-b2b.com\\\/product\\\/large-double-bowl-stainless-steel-sink-80x45-cm-by-velazo\\\/#breadcrumb\",\"itemListElement\":[{\"@type\":\"ListItem\",\"position\":1,\"name\":\"Home\",\"item\":\"https:\\\/\\\/velazo-b2b.com\\\/\"},{\"@type\":\"ListItem\",\"position\":2,\"name\":\"Shop\",\"item\":\"https:\\\/\\\/velazo-b2b.com\\\/shop-page\\\/\"},{\"@type\":\"ListItem\",\"position\":3,\"name\":\"Large Double Bowl Stainless Steel Sink &#8211; 80&#215;45 cm by Velazo.\"}]},{\"@type\":\"WebSite\",\"@id\":\"https:\\\/\\\/velazo-b2b.com\\\/#website\",\"url\":\"https:\\\/\\\/velazo-b2b.com\\\/\",\"name\":\"VELAZO.\",\"description\":\"\",\"potentialAction\":[{\"@type\":\"SearchAction\",\"target\":{\"@type\":\"EntryPoint\",\"urlTemplate\":\"https:\\\/\\\/velazo-b2b.com\\\/?s={search_term_string}\"},\"query-input\":{\"@type\":\"PropertyValueSpecification\",\"valueRequired\":true,\"valueName\":\"search_term_string\"}}],\"inLanguage\":\"pl-PL\"}]}<\/script>\n<!-- \/ Yoast SEO plugin. -->","yoast_head_json":{"title":"Du\u017cy dwukomorowy zlewozmywak ze stali nierdzewnej - 80x45 cm marki Velazo. - VELAZO.","robots":{"index":"index","follow":"follow","max-snippet":"max-snippet:-1","max-image-preview":"max-image-preview:large","max-video-preview":"max-video-preview:-1"},"canonical":"https:\/\/velazo-b2b.com\/pl\/produkt\/duzy-dwukomorowy-zlewozmywak-ze-stali-nierdzewnej-80x45-cm-marki-velazo\/","og_locale":"pl_PL","og_type":"article","og_title":"Large Double Bowl Stainless Steel Sink - 80x45 cm by Velazo. - VELAZO.","og_description":"Technical Data: Mounting method: countertop\/undermount Material: stainless steel Steel finish: brushed satin Color: inox Sink dimensions: 800 mm x 450 mm x 210 mm Chamber metal thickness: 0.8 mm Rim","og_url":"https:\/\/velazo-b2b.com\/pl\/produkt\/duzy-dwukomorowy-zlewozmywak-ze-stali-nierdzewnej-80x45-cm-marki-velazo\/","og_site_name":"VELAZO.","article_modified_time":"2025-10-08T09:56:21+00:00","og_image":[{"width":1080,"height":1080,"url":"https:\/\/velazo-b2b.com\/wp-content\/uploads\/2025\/04\/ZlewozmywakDwukomorowyDuzy80x45cm.png","type":"image\/png"}],"twitter_card":"summary_large_image","schema":{"@context":"https:\/\/schema.org","@graph":[{"@type":"WebPage","@id":"https:\/\/velazo-b2b.com\/product\/large-double-bowl-stainless-steel-sink-80x45-cm-by-velazo\/","url":"https:\/\/velazo-b2b.com\/product\/large-double-bowl-stainless-steel-sink-80x45-cm-by-velazo\/","name":"Du\u017cy dwukomorowy zlewozmywak ze stali nierdzewnej - 80x45 cm marki Velazo. - VELAZO.","isPartOf":{"@id":"https:\/\/velazo-b2b.com\/#website"},"primaryImageOfPage":{"@id":"https:\/\/velazo-b2b.com\/product\/large-double-bowl-stainless-steel-sink-80x45-cm-by-velazo\/#primaryimage"},"image":{"@id":"https:\/\/velazo-b2b.com\/product\/large-double-bowl-stainless-steel-sink-80x45-cm-by-velazo\/#primaryimage"},"thumbnailUrl":"https:\/\/velazo-b2b.com\/wp-content\/uploads\/2025\/04\/ZlewozmywakDwukomorowyDuzy80x45cm.png","datePublished":"2025-04-09T14:33:48+00:00","dateModified":"2025-10-08T09:56:21+00:00","breadcrumb":{"@id":"https:\/\/velazo-b2b.com\/product\/large-double-bowl-stainless-steel-sink-80x45-cm-by-velazo\/#breadcrumb"},"inLanguage":"pl-PL","potentialAction":[{"@type":"ReadAction","target":["https:\/\/velazo-b2b.com\/product\/large-double-bowl-stainless-steel-sink-80x45-cm-by-velazo\/"]}]},{"@type":"ImageObject","inLanguage":"pl-PL","@id":"https:\/\/velazo-b2b.com\/product\/large-double-bowl-stainless-steel-sink-80x45-cm-by-velazo\/#primaryimage","url":"https:\/\/velazo-b2b.com\/wp-content\/uploads\/2025\/04\/ZlewozmywakDwukomorowyDuzy80x45cm.png","contentUrl":"https:\/\/velazo-b2b.com\/wp-content\/uploads\/2025\/04\/ZlewozmywakDwukomorowyDuzy80x45cm.png","width":1080,"height":1080},{"@type":"BreadcrumbList","@id":"https:\/\/velazo-b2b.com\/product\/large-double-bowl-stainless-steel-sink-80x45-cm-by-velazo\/#breadcrumb","itemListElement":[{"@type":"ListItem","position":1,"name":"Home","item":"https:\/\/velazo-b2b.com\/"},{"@type":"ListItem","position":2,"name":"Shop","item":"https:\/\/velazo-b2b.com\/shop-page\/"},{"@type":"ListItem","position":3,"name":"Large Double Bowl Stainless Steel Sink &#8211; 80&#215;45 cm by Velazo."}]},{"@type":"WebSite","@id":"https:\/\/velazo-b2b.com\/#website","url":"https:\/\/velazo-b2b.com\/","name":"VELAZO.","description":"","potentialAction":[{"@type":"SearchAction","target":{"@type":"EntryPoint","urlTemplate":"https:\/\/velazo-b2b.com\/?s={search_term_string}"},"query-input":{"@type":"PropertyValueSpecification","valueRequired":true,"valueName":"search_term_string"}}],"inLanguage":"pl-PL"}]}},"_links":{"self":[{"href":"https:\/\/velazo-b2b.com\/pl\/wp-json\/wp\/v2\/product\/120","targetHints":{"allow":["GET"]}}],"collection":[{"href":"https:\/\/velazo-b2b.com\/pl\/wp-json\/wp\/v2\/product"}],"about":[{"href":"https:\/\/velazo-b2b.com\/pl\/wp-json\/wp\/v2\/types\/product"}],"replies":[{"embeddable":true,"href":"https:\/\/velazo-b2b.com\/pl\/wp-json\/wp\/v2\/comments?post=120"}],"version-history":[{"count":0,"href":"https:\/\/velazo-b2b.com\/pl\/wp-json\/wp\/v2\/product\/120\/revisions"}],"wp:featuredmedia":[{"embeddable":true,"href":"https:\/\/velazo-b2b.com\/pl\/wp-json\/wp\/v2\/media\/119"}],"wp:attachment":[{"href":"https:\/\/velazo-b2b.com\/pl\/wp-json\/wp\/v2\/media?parent=120"}],"wp:term":[{"taxonomy":"product_cat","embeddable":true,"href":"https:\/\/velazo-b2b.com\/pl\/wp-json\/wp\/v2\/product_cat?post=120"},{"taxonomy":"product_tag","embeddable":true,"href":"https:\/\/velazo-b2b.com\/pl\/wp-json\/wp\/v2\/product_tag?post=120"}],"curies":[{"name":"wp","href":"https:\/\/api.w.org\/{rel}","templated":true}]}}