{"id":156,"date":"2025-04-09T14:35:00","date_gmt":"2025-04-09T14:35:00","guid":{"rendered":"https:\/\/velazo-b2b.com\/product\/gold-single-bowl-steel-sink-40-x-50-cm\/"},"modified":"2026-03-26T15:02:11","modified_gmt":"2026-03-26T14:02:11","slug":"zlewozmywak-stalowy-jednokomorowy-zloty-40-x-50-cm","status":"publish","type":"product","link":"https:\/\/velazo-b2b.com\/pl\/produkt\/zlewozmywak-stalowy-jednokomorowy-zloty-40-x-50-cm\/","title":{"rendered":"Zlewozmywak stalowy jednokomorowy z\u0142oty 40 x 50 cm"},"content":{"rendered":"<p><strong>Cechy produktu:<\/strong><\/p>\n<ul>\n<li><strong>Typ:<\/strong> 1 Komora<\/li>\n<li><strong>Stal Wyko\u0144czenie:<\/strong> Szczotkowana satyna<\/li>\n<li><strong>Kolor:<\/strong> Z\u0142oto PVD<\/li>\n<li><strong>D\u0142ugo\u015b\u0107:<\/strong> 40 cm<\/li>\n<li><strong>Szeroko\u015b\u0107:<\/strong> 50 cm<\/li>\n<li><strong>G\u0142\u0119boko\u015b\u0107:<\/strong> 21 cm<\/li>\n<li><strong>Wymiary komory:<\/strong> 35 cm x 40 cm<\/li>\n<li><strong>Grubo\u015b\u0107 metalu komory:<\/strong> 0,8 mm<\/li>\n<li><strong>Grubo\u015b\u0107 kraw\u0119dzi metalowej:<\/strong> 3 mm<\/li>\n<li><strong>Otw\u00f3r na kranie:<\/strong> Tak, 35 mm<\/li>\n<li><strong>Otw\u00f3r przelewowy w komorze:<\/strong> Tak<\/li>\n<li><strong>\u015arednica odp\u0142ywu:<\/strong> 114 mm<\/li>\n<\/ul>","protected":false},"excerpt":{"rendered":"<p>Cechy produktu: Typ: 1 Komorowy Stalowy Wyko\u0144czenie: Szczotkowana Satyna Kolor: Z\u0142oty PVD D\u0142ugo\u015b\u0107: 40 cm Szeroko\u015b\u0107: 50 cm G\u0142\u0119boko\u015b\u0107: 21 cm Wymiary komory: 35 cm x 40 cm Komora Metal<\/p>","protected":false},"featured_media":155,"comment_status":"open","ping_status":"closed","template":"","meta":[],"product_cat":[74,57,73,56,79],"product_tag":[13,5,8,12,7],"class_list":{"0":"post-156","1":"product","2":"type-product","3":"status-publish","4":"has-post-thumbnail","6":"product_cat-gold-sinks","7":"product_cat-handmade-sinks","8":"product_cat-single-bowl-gold-sinks","9":"product_cat-single-bowl-kitchen-sinks","10":"product_cat-single-bowl-without-drainer-sinks","11":"product_tag-gold-sinks","12":"product_tag-handmade-sink","13":"product_tag-single-bowl","14":"product_tag-single-bowl-gold-sinks","15":"product_tag-single-bowl-without-drainer","17":"first","18":"instock","19":"taxable","20":"shipping-taxable","21":"product-type-simple"},"yoast_head":"<!-- This site is optimized with the Yoast SEO plugin v27.4 - https:\/\/yoast.com\/product\/yoast-seo-wordpress\/ -->\n<title>Gold Single Bowl Steel Sink 40 X 50 cm - VELAZO.<\/title>\n<meta name=\"robots\" content=\"index, follow, max-snippet:-1, max-image-preview:large, max-video-preview:-1\" \/>\n<link rel=\"canonical\" href=\"https:\/\/velazo-b2b.com\/pl\/produkt\/zlewozmywak-stalowy-jednokomorowy-zloty-40-x-50-cm\/\" \/>\n<meta property=\"og:locale\" content=\"pl_PL\" \/>\n<meta property=\"og:type\" content=\"article\" \/>\n<meta property=\"og:title\" content=\"Gold Single Bowl Steel Sink 40 X 50 cm - VELAZO.\" \/>\n<meta property=\"og:description\" content=\"Product Features: Type: 1 Chamber Steel Finish: Brushed Satin Color: Gold PVD Length: 40 cm Width: 50 cm Depth: 21 cm Chamber Dimensions: 35 cm x 40 cm Chamber Metal\" \/>\n<meta property=\"og:url\" content=\"https:\/\/velazo-b2b.com\/pl\/produkt\/zlewozmywak-stalowy-jednokomorowy-zloty-40-x-50-cm\/\" \/>\n<meta property=\"og:site_name\" content=\"VELAZO.\" \/>\n<meta property=\"article:modified_time\" content=\"2026-03-26T14:02:11+00:00\" \/>\n<meta property=\"og:image\" content=\"https:\/\/velazo-b2b.com\/wp-content\/uploads\/2025\/04\/HD4050G-11.jpg\" \/>\n\t<meta property=\"og:image:width\" content=\"1500\" \/>\n\t<meta property=\"og:image:height\" content=\"1500\" \/>\n\t<meta property=\"og:image:type\" content=\"image\/jpeg\" \/>\n<meta name=\"twitter:card\" content=\"summary_large_image\" \/>\n<script type=\"application\/ld+json\" class=\"yoast-schema-graph\">{\"@context\":\"https:\\\/\\\/schema.org\",\"@graph\":[{\"@type\":\"WebPage\",\"@id\":\"https:\\\/\\\/velazo-b2b.com\\\/product\\\/gold-single-bowl-steel-sink-40-x-50-cm\\\/\",\"url\":\"https:\\\/\\\/velazo-b2b.com\\\/product\\\/gold-single-bowl-steel-sink-40-x-50-cm\\\/\",\"name\":\"Gold Single Bowl Steel Sink 40 X 50 cm - VELAZO.\",\"isPartOf\":{\"@id\":\"https:\\\/\\\/velazo-b2b.com\\\/#website\"},\"primaryImageOfPage\":{\"@id\":\"https:\\\/\\\/velazo-b2b.com\\\/product\\\/gold-single-bowl-steel-sink-40-x-50-cm\\\/#primaryimage\"},\"image\":{\"@id\":\"https:\\\/\\\/velazo-b2b.com\\\/product\\\/gold-single-bowl-steel-sink-40-x-50-cm\\\/#primaryimage\"},\"thumbnailUrl\":\"https:\\\/\\\/velazo-b2b.com\\\/wp-content\\\/uploads\\\/2025\\\/04\\\/HD4050G-11.jpg\",\"datePublished\":\"2025-04-09T14:35:00+00:00\",\"dateModified\":\"2026-03-26T14:02:11+00:00\",\"breadcrumb\":{\"@id\":\"https:\\\/\\\/velazo-b2b.com\\\/product\\\/gold-single-bowl-steel-sink-40-x-50-cm\\\/#breadcrumb\"},\"inLanguage\":\"pl-PL\",\"potentialAction\":[{\"@type\":\"ReadAction\",\"target\":[\"https:\\\/\\\/velazo-b2b.com\\\/product\\\/gold-single-bowl-steel-sink-40-x-50-cm\\\/\"]}]},{\"@type\":\"ImageObject\",\"inLanguage\":\"pl-PL\",\"@id\":\"https:\\\/\\\/velazo-b2b.com\\\/product\\\/gold-single-bowl-steel-sink-40-x-50-cm\\\/#primaryimage\",\"url\":\"https:\\\/\\\/velazo-b2b.com\\\/wp-content\\\/uploads\\\/2025\\\/04\\\/HD4050G-11.jpg\",\"contentUrl\":\"https:\\\/\\\/velazo-b2b.com\\\/wp-content\\\/uploads\\\/2025\\\/04\\\/HD4050G-11.jpg\",\"width\":1500,\"height\":1500},{\"@type\":\"BreadcrumbList\",\"@id\":\"https:\\\/\\\/velazo-b2b.com\\\/product\\\/gold-single-bowl-steel-sink-40-x-50-cm\\\/#breadcrumb\",\"itemListElement\":[{\"@type\":\"ListItem\",\"position\":1,\"name\":\"Home\",\"item\":\"https:\\\/\\\/velazo-b2b.com\\\/\"},{\"@type\":\"ListItem\",\"position\":2,\"name\":\"Shop\",\"item\":\"https:\\\/\\\/velazo-b2b.com\\\/shop-page\\\/\"},{\"@type\":\"ListItem\",\"position\":3,\"name\":\"Gold Single Bowl Steel Sink 40 X 50 cm\"}]},{\"@type\":\"WebSite\",\"@id\":\"https:\\\/\\\/velazo-b2b.com\\\/#website\",\"url\":\"https:\\\/\\\/velazo-b2b.com\\\/\",\"name\":\"VELAZO.\",\"description\":\"\",\"potentialAction\":[{\"@type\":\"SearchAction\",\"target\":{\"@type\":\"EntryPoint\",\"urlTemplate\":\"https:\\\/\\\/velazo-b2b.com\\\/?s={search_term_string}\"},\"query-input\":{\"@type\":\"PropertyValueSpecification\",\"valueRequired\":true,\"valueName\":\"search_term_string\"}}],\"inLanguage\":\"pl-PL\"}]}<\/script>\n<!-- \/ Yoast SEO plugin. -->","yoast_head_json":{"title":"Zlewozmywak stalowy jednokomorowy z\u0142oty 40 x 50 cm - VELAZO.","robots":{"index":"index","follow":"follow","max-snippet":"max-snippet:-1","max-image-preview":"max-image-preview:large","max-video-preview":"max-video-preview:-1"},"canonical":"https:\/\/velazo-b2b.com\/pl\/produkt\/zlewozmywak-stalowy-jednokomorowy-zloty-40-x-50-cm\/","og_locale":"pl_PL","og_type":"article","og_title":"Gold Single Bowl Steel Sink 40 X 50 cm - VELAZO.","og_description":"Product Features: Type: 1 Chamber Steel Finish: Brushed Satin Color: Gold PVD Length: 40 cm Width: 50 cm Depth: 21 cm Chamber Dimensions: 35 cm x 40 cm Chamber Metal","og_url":"https:\/\/velazo-b2b.com\/pl\/produkt\/zlewozmywak-stalowy-jednokomorowy-zloty-40-x-50-cm\/","og_site_name":"VELAZO.","article_modified_time":"2026-03-26T14:02:11+00:00","og_image":[{"width":1500,"height":1500,"url":"https:\/\/velazo-b2b.com\/wp-content\/uploads\/2025\/04\/HD4050G-11.jpg","type":"image\/jpeg"}],"twitter_card":"summary_large_image","schema":{"@context":"https:\/\/schema.org","@graph":[{"@type":"WebPage","@id":"https:\/\/velazo-b2b.com\/product\/gold-single-bowl-steel-sink-40-x-50-cm\/","url":"https:\/\/velazo-b2b.com\/product\/gold-single-bowl-steel-sink-40-x-50-cm\/","name":"Zlewozmywak stalowy jednokomorowy z\u0142oty 40 x 50 cm - VELAZO.","isPartOf":{"@id":"https:\/\/velazo-b2b.com\/#website"},"primaryImageOfPage":{"@id":"https:\/\/velazo-b2b.com\/product\/gold-single-bowl-steel-sink-40-x-50-cm\/#primaryimage"},"image":{"@id":"https:\/\/velazo-b2b.com\/product\/gold-single-bowl-steel-sink-40-x-50-cm\/#primaryimage"},"thumbnailUrl":"https:\/\/velazo-b2b.com\/wp-content\/uploads\/2025\/04\/HD4050G-11.jpg","datePublished":"2025-04-09T14:35:00+00:00","dateModified":"2026-03-26T14:02:11+00:00","breadcrumb":{"@id":"https:\/\/velazo-b2b.com\/product\/gold-single-bowl-steel-sink-40-x-50-cm\/#breadcrumb"},"inLanguage":"pl-PL","potentialAction":[{"@type":"ReadAction","target":["https:\/\/velazo-b2b.com\/product\/gold-single-bowl-steel-sink-40-x-50-cm\/"]}]},{"@type":"ImageObject","inLanguage":"pl-PL","@id":"https:\/\/velazo-b2b.com\/product\/gold-single-bowl-steel-sink-40-x-50-cm\/#primaryimage","url":"https:\/\/velazo-b2b.com\/wp-content\/uploads\/2025\/04\/HD4050G-11.jpg","contentUrl":"https:\/\/velazo-b2b.com\/wp-content\/uploads\/2025\/04\/HD4050G-11.jpg","width":1500,"height":1500},{"@type":"BreadcrumbList","@id":"https:\/\/velazo-b2b.com\/product\/gold-single-bowl-steel-sink-40-x-50-cm\/#breadcrumb","itemListElement":[{"@type":"ListItem","position":1,"name":"Home","item":"https:\/\/velazo-b2b.com\/"},{"@type":"ListItem","position":2,"name":"Shop","item":"https:\/\/velazo-b2b.com\/shop-page\/"},{"@type":"ListItem","position":3,"name":"Gold Single Bowl Steel Sink 40 X 50 cm"}]},{"@type":"WebSite","@id":"https:\/\/velazo-b2b.com\/#website","url":"https:\/\/velazo-b2b.com\/","name":"VELAZO.","description":"","potentialAction":[{"@type":"SearchAction","target":{"@type":"EntryPoint","urlTemplate":"https:\/\/velazo-b2b.com\/?s={search_term_string}"},"query-input":{"@type":"PropertyValueSpecification","valueRequired":true,"valueName":"search_term_string"}}],"inLanguage":"pl-PL"}]}},"_links":{"self":[{"href":"https:\/\/velazo-b2b.com\/pl\/wp-json\/wp\/v2\/product\/156","targetHints":{"allow":["GET"]}}],"collection":[{"href":"https:\/\/velazo-b2b.com\/pl\/wp-json\/wp\/v2\/product"}],"about":[{"href":"https:\/\/velazo-b2b.com\/pl\/wp-json\/wp\/v2\/types\/product"}],"replies":[{"embeddable":true,"href":"https:\/\/velazo-b2b.com\/pl\/wp-json\/wp\/v2\/comments?post=156"}],"version-history":[{"count":0,"href":"https:\/\/velazo-b2b.com\/pl\/wp-json\/wp\/v2\/product\/156\/revisions"}],"wp:featuredmedia":[{"embeddable":true,"href":"https:\/\/velazo-b2b.com\/pl\/wp-json\/wp\/v2\/media\/155"}],"wp:attachment":[{"href":"https:\/\/velazo-b2b.com\/pl\/wp-json\/wp\/v2\/media?parent=156"}],"wp:term":[{"taxonomy":"product_cat","embeddable":true,"href":"https:\/\/velazo-b2b.com\/pl\/wp-json\/wp\/v2\/product_cat?post=156"},{"taxonomy":"product_tag","embeddable":true,"href":"https:\/\/velazo-b2b.com\/pl\/wp-json\/wp\/v2\/product_tag?post=156"}],"curies":[{"name":"wp","href":"https:\/\/api.w.org\/{rel}","templated":true}]}}