{"id":180,"date":"2025-04-09T14:35:37","date_gmt":"2025-04-09T14:35:37","guid":{"rendered":"https:\/\/velazo-b2b.com\/product\/steel-kitchen-sink-37-x-45-cm-gold\/"},"modified":"2026-04-14T13:46:52","modified_gmt":"2026-04-14T11:46:52","slug":"stalowy-zlewozmywak-kuchenny-37-x-45-cm-zloty","status":"publish","type":"product","link":"https:\/\/velazo-b2b.com\/pl\/produkt\/stalowy-zlewozmywak-kuchenny-37-x-45-cm-zloty\/","title":{"rendered":"Stalowy zlewozmywak kuchenny 37 x 45 cm z\u0142oty"},"content":{"rendered":"<p><strong>Dane techniczne:<\/strong><\/p>\n<ul>\n<li>Metoda monta\u017cu: na blacie lub pod blatem<\/li>\n<li>Materia\u0142: stal nierdzewna<\/li>\n<li>Wyko\u0144czenie stali: satyna<br \/>szczotkowany<\/li>\n<li>Otw\u00f3r przelewowy: tak<\/li>\n<li>Grubo\u015b\u0107 metalu komory: 0,8 mm<\/li>\n<li>Grubo\u015b\u0107 metalowej obr\u0119czy: 3 mm<\/li>\n<li>Wymiary zlewu: 370 mm x 450 mm x 210 mm<\/li>\n<li>Kolor: z\u0142oty<\/li>\n<\/ul>","protected":false},"excerpt":{"rendered":"<p>Dane techniczne: Spos\u00f3b monta\u017cu: nablatowy\/podblatowy Materia\u0142: stal nierdzewna Wyko\u0144czenie stali: satinbrushed Otw\u00f3r przelewowy: tak Grubo\u015b\u0107 blachy komory: 0,8 mm Grubo\u015b\u0107 blachy rantu: 3 mm Wymiary zlewozmywaka: 370 mm x 450<\/p>","protected":false},"featured_media":179,"comment_status":"open","ping_status":"closed","template":"","meta":[],"product_cat":[74,57,73],"product_tag":[13,5,12],"class_list":{"0":"post-180","1":"product","2":"type-product","3":"status-publish","4":"has-post-thumbnail","6":"product_cat-gold-sinks","7":"product_cat-handmade-sinks","8":"product_cat-single-bowl-gold-sinks","9":"product_tag-gold-sinks","10":"product_tag-handmade-sink","11":"product_tag-single-bowl-gold-sinks","13":"first","14":"instock","15":"taxable","16":"shipping-taxable","17":"product-type-simple"},"yoast_head":"<!-- This site is optimized with the Yoast SEO plugin v27.4 - https:\/\/yoast.com\/product\/yoast-seo-wordpress\/ -->\n<title>Steel Kitchen Sink 37 x 45 cm Gold - VELAZO.<\/title>\n<meta name=\"robots\" content=\"index, follow, max-snippet:-1, max-image-preview:large, max-video-preview:-1\" \/>\n<link rel=\"canonical\" href=\"https:\/\/velazo-b2b.com\/pl\/produkt\/stalowy-zlewozmywak-kuchenny-37-x-45-cm-zloty\/\" \/>\n<meta property=\"og:locale\" content=\"pl_PL\" \/>\n<meta property=\"og:type\" content=\"article\" \/>\n<meta property=\"og:title\" content=\"Steel Kitchen Sink 37 x 45 cm Gold - VELAZO.\" \/>\n<meta property=\"og:description\" content=\"Technical Data: Mounting method: countertop\/undermount Material: stainless steel Steel finish: satinbrushed Overflow hole: yes Chamber metal thickness: 0.8 mm Rim metal thickness: 3 mm Sink dimensions: 370 mm x 450\" \/>\n<meta property=\"og:url\" content=\"https:\/\/velazo-b2b.com\/pl\/produkt\/stalowy-zlewozmywak-kuchenny-37-x-45-cm-zloty\/\" \/>\n<meta property=\"og:site_name\" content=\"VELAZO.\" \/>\n<meta property=\"article:modified_time\" content=\"2026-04-14T11:46:52+00:00\" \/>\n<meta property=\"og:image\" content=\"https:\/\/velazo-b2b.com\/wp-content\/uploads\/2025\/04\/3745G-z-gory.jpg\" \/>\n\t<meta property=\"og:image:width\" content=\"1500\" \/>\n\t<meta property=\"og:image:height\" content=\"1500\" \/>\n\t<meta property=\"og:image:type\" content=\"image\/jpeg\" \/>\n<meta name=\"twitter:card\" content=\"summary_large_image\" \/>\n<script type=\"application\/ld+json\" class=\"yoast-schema-graph\">{\"@context\":\"https:\\\/\\\/schema.org\",\"@graph\":[{\"@type\":\"WebPage\",\"@id\":\"https:\\\/\\\/velazo-b2b.com\\\/es\\\/product\\\/steel-kitchen-sink-37-x-45-cm-gold\\\/\",\"url\":\"https:\\\/\\\/velazo-b2b.com\\\/es\\\/product\\\/steel-kitchen-sink-37-x-45-cm-gold\\\/\",\"name\":\"Steel Kitchen Sink 37 x 45 cm Gold - VELAZO.\",\"isPartOf\":{\"@id\":\"https:\\\/\\\/velazo-b2b.com\\\/#website\"},\"primaryImageOfPage\":{\"@id\":\"https:\\\/\\\/velazo-b2b.com\\\/es\\\/product\\\/steel-kitchen-sink-37-x-45-cm-gold\\\/#primaryimage\"},\"image\":{\"@id\":\"https:\\\/\\\/velazo-b2b.com\\\/es\\\/product\\\/steel-kitchen-sink-37-x-45-cm-gold\\\/#primaryimage\"},\"thumbnailUrl\":\"https:\\\/\\\/velazo-b2b.com\\\/wp-content\\\/uploads\\\/2025\\\/04\\\/3745G-z-gory.jpg\",\"datePublished\":\"2025-04-09T14:35:37+00:00\",\"dateModified\":\"2026-04-14T11:46:52+00:00\",\"breadcrumb\":{\"@id\":\"https:\\\/\\\/velazo-b2b.com\\\/es\\\/product\\\/steel-kitchen-sink-37-x-45-cm-gold\\\/#breadcrumb\"},\"inLanguage\":\"pl-PL\",\"potentialAction\":[{\"@type\":\"ReadAction\",\"target\":[\"https:\\\/\\\/velazo-b2b.com\\\/es\\\/product\\\/steel-kitchen-sink-37-x-45-cm-gold\\\/\"]}]},{\"@type\":\"ImageObject\",\"inLanguage\":\"pl-PL\",\"@id\":\"https:\\\/\\\/velazo-b2b.com\\\/es\\\/product\\\/steel-kitchen-sink-37-x-45-cm-gold\\\/#primaryimage\",\"url\":\"https:\\\/\\\/velazo-b2b.com\\\/wp-content\\\/uploads\\\/2025\\\/04\\\/3745G-z-gory.jpg\",\"contentUrl\":\"https:\\\/\\\/velazo-b2b.com\\\/wp-content\\\/uploads\\\/2025\\\/04\\\/3745G-z-gory.jpg\",\"width\":1500,\"height\":1500},{\"@type\":\"BreadcrumbList\",\"@id\":\"https:\\\/\\\/velazo-b2b.com\\\/es\\\/product\\\/steel-kitchen-sink-37-x-45-cm-gold\\\/#breadcrumb\",\"itemListElement\":[{\"@type\":\"ListItem\",\"position\":1,\"name\":\"Home\",\"item\":\"https:\\\/\\\/velazo-b2b.com\\\/\"},{\"@type\":\"ListItem\",\"position\":2,\"name\":\"Shop\",\"item\":\"https:\\\/\\\/velazo-b2b.com\\\/shop-page\\\/\"},{\"@type\":\"ListItem\",\"position\":3,\"name\":\"Steel Kitchen Sink 37 x 45 cm Gold\"}]},{\"@type\":\"WebSite\",\"@id\":\"https:\\\/\\\/velazo-b2b.com\\\/#website\",\"url\":\"https:\\\/\\\/velazo-b2b.com\\\/\",\"name\":\"VELAZO.\",\"description\":\"\",\"potentialAction\":[{\"@type\":\"SearchAction\",\"target\":{\"@type\":\"EntryPoint\",\"urlTemplate\":\"https:\\\/\\\/velazo-b2b.com\\\/?s={search_term_string}\"},\"query-input\":{\"@type\":\"PropertyValueSpecification\",\"valueRequired\":true,\"valueName\":\"search_term_string\"}}],\"inLanguage\":\"pl-PL\"}]}<\/script>\n<!-- \/ Yoast SEO plugin. -->","yoast_head_json":{"title":"Zlewozmywak stalowy 37 x 45 cm z\u0142oty - VELAZO.","robots":{"index":"index","follow":"follow","max-snippet":"max-snippet:-1","max-image-preview":"max-image-preview:large","max-video-preview":"max-video-preview:-1"},"canonical":"https:\/\/velazo-b2b.com\/pl\/produkt\/stalowy-zlewozmywak-kuchenny-37-x-45-cm-zloty\/","og_locale":"pl_PL","og_type":"article","og_title":"Steel Kitchen Sink 37 x 45 cm Gold - VELAZO.","og_description":"Technical Data: Mounting method: countertop\/undermount Material: stainless steel Steel finish: satinbrushed Overflow hole: yes Chamber metal thickness: 0.8 mm Rim metal thickness: 3 mm Sink dimensions: 370 mm x 450","og_url":"https:\/\/velazo-b2b.com\/pl\/produkt\/stalowy-zlewozmywak-kuchenny-37-x-45-cm-zloty\/","og_site_name":"VELAZO.","article_modified_time":"2026-04-14T11:46:52+00:00","og_image":[{"width":1500,"height":1500,"url":"https:\/\/velazo-b2b.com\/wp-content\/uploads\/2025\/04\/3745G-z-gory.jpg","type":"image\/jpeg"}],"twitter_card":"summary_large_image","schema":{"@context":"https:\/\/schema.org","@graph":[{"@type":"WebPage","@id":"https:\/\/velazo-b2b.com\/es\/product\/steel-kitchen-sink-37-x-45-cm-gold\/","url":"https:\/\/velazo-b2b.com\/es\/product\/steel-kitchen-sink-37-x-45-cm-gold\/","name":"Zlewozmywak stalowy 37 x 45 cm z\u0142oty - VELAZO.","isPartOf":{"@id":"https:\/\/velazo-b2b.com\/#website"},"primaryImageOfPage":{"@id":"https:\/\/velazo-b2b.com\/es\/product\/steel-kitchen-sink-37-x-45-cm-gold\/#primaryimage"},"image":{"@id":"https:\/\/velazo-b2b.com\/es\/product\/steel-kitchen-sink-37-x-45-cm-gold\/#primaryimage"},"thumbnailUrl":"https:\/\/velazo-b2b.com\/wp-content\/uploads\/2025\/04\/3745G-z-gory.jpg","datePublished":"2025-04-09T14:35:37+00:00","dateModified":"2026-04-14T11:46:52+00:00","breadcrumb":{"@id":"https:\/\/velazo-b2b.com\/es\/product\/steel-kitchen-sink-37-x-45-cm-gold\/#breadcrumb"},"inLanguage":"pl-PL","potentialAction":[{"@type":"ReadAction","target":["https:\/\/velazo-b2b.com\/es\/product\/steel-kitchen-sink-37-x-45-cm-gold\/"]}]},{"@type":"ImageObject","inLanguage":"pl-PL","@id":"https:\/\/velazo-b2b.com\/es\/product\/steel-kitchen-sink-37-x-45-cm-gold\/#primaryimage","url":"https:\/\/velazo-b2b.com\/wp-content\/uploads\/2025\/04\/3745G-z-gory.jpg","contentUrl":"https:\/\/velazo-b2b.com\/wp-content\/uploads\/2025\/04\/3745G-z-gory.jpg","width":1500,"height":1500},{"@type":"BreadcrumbList","@id":"https:\/\/velazo-b2b.com\/es\/product\/steel-kitchen-sink-37-x-45-cm-gold\/#breadcrumb","itemListElement":[{"@type":"ListItem","position":1,"name":"Home","item":"https:\/\/velazo-b2b.com\/"},{"@type":"ListItem","position":2,"name":"Shop","item":"https:\/\/velazo-b2b.com\/shop-page\/"},{"@type":"ListItem","position":3,"name":"Steel Kitchen Sink 37 x 45 cm Gold"}]},{"@type":"WebSite","@id":"https:\/\/velazo-b2b.com\/#website","url":"https:\/\/velazo-b2b.com\/","name":"VELAZO.","description":"","potentialAction":[{"@type":"SearchAction","target":{"@type":"EntryPoint","urlTemplate":"https:\/\/velazo-b2b.com\/?s={search_term_string}"},"query-input":{"@type":"PropertyValueSpecification","valueRequired":true,"valueName":"search_term_string"}}],"inLanguage":"pl-PL"}]}},"_links":{"self":[{"href":"https:\/\/velazo-b2b.com\/pl\/wp-json\/wp\/v2\/product\/180","targetHints":{"allow":["GET"]}}],"collection":[{"href":"https:\/\/velazo-b2b.com\/pl\/wp-json\/wp\/v2\/product"}],"about":[{"href":"https:\/\/velazo-b2b.com\/pl\/wp-json\/wp\/v2\/types\/product"}],"replies":[{"embeddable":true,"href":"https:\/\/velazo-b2b.com\/pl\/wp-json\/wp\/v2\/comments?post=180"}],"version-history":[{"count":0,"href":"https:\/\/velazo-b2b.com\/pl\/wp-json\/wp\/v2\/product\/180\/revisions"}],"wp:featuredmedia":[{"embeddable":true,"href":"https:\/\/velazo-b2b.com\/pl\/wp-json\/wp\/v2\/media\/179"}],"wp:attachment":[{"href":"https:\/\/velazo-b2b.com\/pl\/wp-json\/wp\/v2\/media?parent=180"}],"wp:term":[{"taxonomy":"product_cat","embeddable":true,"href":"https:\/\/velazo-b2b.com\/pl\/wp-json\/wp\/v2\/product_cat?post=180"},{"taxonomy":"product_tag","embeddable":true,"href":"https:\/\/velazo-b2b.com\/pl\/wp-json\/wp\/v2\/product_tag?post=180"}],"curies":[{"name":"wp","href":"https:\/\/api.w.org\/{rel}","templated":true}]}}