{"id":208,"date":"2025-04-09T14:36:07","date_gmt":"2025-04-09T14:36:07","guid":{"rendered":"https:\/\/velazo-b2b.com\/product\/single-bowl-steel-sink-37x45-cm-inox-by-velazo\/"},"modified":"2026-04-14T13:46:17","modified_gmt":"2026-04-14T11:46:17","slug":"zlewozmywak-stalowy-jednokomorowy-37x45-cm-inox-marki-velazo","status":"publish","type":"product","link":"https:\/\/velazo-b2b.com\/pl\/produkt\/zlewozmywak-stalowy-jednokomorowy-37x45-cm-inox-marki-velazo\/","title":{"rendered":"Zlewozmywak stalowy jednokomorowy 37\u00d745 cm INOX marki Velazo."},"content":{"rendered":"<p><strong>Dane techniczne:<\/strong><\/p>\n<ul>\n<li>Metoda monta\u017cu: Blat\/monta\u017c podblatowy<\/li>\n<li>Materia\u0142: Stal nierdzewna<\/li>\n<li>Wyko\u0144czenie stali: szczotkowana satyna<\/li>\n<li>Kolor: Inox<\/li>\n<li>Wymiary zlewu: 370 mm x 450 mm x 210 mm<\/li>\n<li>Wymiary komory: 320 mm x 400 mm<\/li>\n<li>Grubo\u015b\u0107 metalu komory: 0,8 mm<\/li>\n<li>Grubo\u015b\u0107 metalowej obr\u0119czy: 3 mm<\/li>\n<li>Otw\u00f3r przelewowy komory: Tak<\/li>\n<li>\u015arednica odp\u0142ywu: 114 mm<\/li>\n<\/ul>","protected":false},"excerpt":{"rendered":"<p>Dane techniczne: Spos\u00f3b monta\u017cu: Countertop\/undermount Materia\u0142: Stal nierdzewna Wyko\u0144czenie stali: Szczotkowana satyna Kolor: Inox Wymiary zlewozmywaka: 370 mm x 450 mm x 210 mm Wymiary komory: 320 mm x 400<\/p>","protected":false},"featured_media":207,"comment_status":"open","ping_status":"closed","template":"","meta":[],"product_cat":[57,71,56,70,79],"product_tag":[5,11,8,10,7],"class_list":{"0":"post-208","1":"product","2":"type-product","3":"status-publish","4":"has-post-thumbnail","6":"product_cat-handmade-sinks","7":"product_cat-silver-sinks","8":"product_cat-single-bowl-kitchen-sinks","9":"product_cat-single-bowl-silver-sinks","10":"product_cat-single-bowl-without-drainer-sinks","11":"product_tag-handmade-sink","12":"product_tag-silver-sinks","13":"product_tag-single-bowl","14":"product_tag-single-bowl-silver-sinks","15":"product_tag-single-bowl-without-drainer","17":"first","18":"instock","19":"taxable","20":"shipping-taxable","21":"product-type-simple"},"yoast_head":"<!-- This site is optimized with the Yoast SEO plugin v27.4 - https:\/\/yoast.com\/product\/yoast-seo-wordpress\/ -->\n<title>Single-bowl steel sink 37x45 cm INOX by Velazo. - VELAZO.<\/title>\n<meta name=\"robots\" content=\"index, follow, max-snippet:-1, max-image-preview:large, max-video-preview:-1\" \/>\n<link rel=\"canonical\" href=\"https:\/\/velazo-b2b.com\/pl\/produkt\/zlewozmywak-stalowy-jednokomorowy-37x45-cm-inox-marki-velazo\/\" \/>\n<meta property=\"og:locale\" content=\"pl_PL\" \/>\n<meta property=\"og:type\" content=\"article\" \/>\n<meta property=\"og:title\" content=\"Single-bowl steel sink 37x45 cm INOX by Velazo. - VELAZO.\" \/>\n<meta property=\"og:description\" content=\"Technical Data: Mounting method: Countertop\/undermount Material: Stainless steel Steel finish: Brushed satin Colour: Inox Sink dimensions: 370 mm x 450 mm x 210 mm Chamber dimensions: 320 mm x 400\" \/>\n<meta property=\"og:url\" content=\"https:\/\/velazo-b2b.com\/pl\/produkt\/zlewozmywak-stalowy-jednokomorowy-37x45-cm-inox-marki-velazo\/\" \/>\n<meta property=\"og:site_name\" content=\"VELAZO.\" \/>\n<meta property=\"article:modified_time\" content=\"2026-04-14T11:46:17+00:00\" \/>\n<meta property=\"og:image\" content=\"https:\/\/velazo-b2b.com\/wp-content\/uploads\/2025\/04\/HD3745-1.jpg\" \/>\n\t<meta property=\"og:image:width\" content=\"1500\" \/>\n\t<meta property=\"og:image:height\" content=\"1500\" \/>\n\t<meta property=\"og:image:type\" content=\"image\/jpeg\" \/>\n<meta name=\"twitter:card\" content=\"summary_large_image\" \/>\n<script type=\"application\/ld+json\" class=\"yoast-schema-graph\">{\"@context\":\"https:\\\/\\\/schema.org\",\"@graph\":[{\"@type\":\"WebPage\",\"@id\":\"https:\\\/\\\/velazo-b2b.com\\\/product\\\/single-bowl-steel-sink-37x45-cm-inox-by-velazo\\\/\",\"url\":\"https:\\\/\\\/velazo-b2b.com\\\/product\\\/single-bowl-steel-sink-37x45-cm-inox-by-velazo\\\/\",\"name\":\"Single-bowl steel sink 37x45 cm INOX by Velazo. - VELAZO.\",\"isPartOf\":{\"@id\":\"https:\\\/\\\/velazo-b2b.com\\\/#website\"},\"primaryImageOfPage\":{\"@id\":\"https:\\\/\\\/velazo-b2b.com\\\/product\\\/single-bowl-steel-sink-37x45-cm-inox-by-velazo\\\/#primaryimage\"},\"image\":{\"@id\":\"https:\\\/\\\/velazo-b2b.com\\\/product\\\/single-bowl-steel-sink-37x45-cm-inox-by-velazo\\\/#primaryimage\"},\"thumbnailUrl\":\"https:\\\/\\\/velazo-b2b.com\\\/wp-content\\\/uploads\\\/2025\\\/04\\\/HD3745-1.jpg\",\"datePublished\":\"2025-04-09T14:36:07+00:00\",\"dateModified\":\"2026-04-14T11:46:17+00:00\",\"breadcrumb\":{\"@id\":\"https:\\\/\\\/velazo-b2b.com\\\/product\\\/single-bowl-steel-sink-37x45-cm-inox-by-velazo\\\/#breadcrumb\"},\"inLanguage\":\"pl-PL\",\"potentialAction\":[{\"@type\":\"ReadAction\",\"target\":[\"https:\\\/\\\/velazo-b2b.com\\\/product\\\/single-bowl-steel-sink-37x45-cm-inox-by-velazo\\\/\"]}]},{\"@type\":\"ImageObject\",\"inLanguage\":\"pl-PL\",\"@id\":\"https:\\\/\\\/velazo-b2b.com\\\/product\\\/single-bowl-steel-sink-37x45-cm-inox-by-velazo\\\/#primaryimage\",\"url\":\"https:\\\/\\\/velazo-b2b.com\\\/wp-content\\\/uploads\\\/2025\\\/04\\\/HD3745-1.jpg\",\"contentUrl\":\"https:\\\/\\\/velazo-b2b.com\\\/wp-content\\\/uploads\\\/2025\\\/04\\\/HD3745-1.jpg\",\"width\":1500,\"height\":1500},{\"@type\":\"BreadcrumbList\",\"@id\":\"https:\\\/\\\/velazo-b2b.com\\\/product\\\/single-bowl-steel-sink-37x45-cm-inox-by-velazo\\\/#breadcrumb\",\"itemListElement\":[{\"@type\":\"ListItem\",\"position\":1,\"name\":\"Home\",\"item\":\"https:\\\/\\\/velazo-b2b.com\\\/\"},{\"@type\":\"ListItem\",\"position\":2,\"name\":\"Shop\",\"item\":\"https:\\\/\\\/velazo-b2b.com\\\/shop-page\\\/\"},{\"@type\":\"ListItem\",\"position\":3,\"name\":\"Single-bowl steel sink 37&#215;45 cm INOX by Velazo.\"}]},{\"@type\":\"WebSite\",\"@id\":\"https:\\\/\\\/velazo-b2b.com\\\/#website\",\"url\":\"https:\\\/\\\/velazo-b2b.com\\\/\",\"name\":\"VELAZO.\",\"description\":\"\",\"potentialAction\":[{\"@type\":\"SearchAction\",\"target\":{\"@type\":\"EntryPoint\",\"urlTemplate\":\"https:\\\/\\\/velazo-b2b.com\\\/?s={search_term_string}\"},\"query-input\":{\"@type\":\"PropertyValueSpecification\",\"valueRequired\":true,\"valueName\":\"search_term_string\"}}],\"inLanguage\":\"pl-PL\"}]}<\/script>\n<!-- \/ Yoast SEO plugin. -->","yoast_head_json":{"title":"Zlewozmywak stalowy jednokomorowy 37x45 cm INOX marki Velazo. - VELAZO.","robots":{"index":"index","follow":"follow","max-snippet":"max-snippet:-1","max-image-preview":"max-image-preview:large","max-video-preview":"max-video-preview:-1"},"canonical":"https:\/\/velazo-b2b.com\/pl\/produkt\/zlewozmywak-stalowy-jednokomorowy-37x45-cm-inox-marki-velazo\/","og_locale":"pl_PL","og_type":"article","og_title":"Single-bowl steel sink 37x45 cm INOX by Velazo. - VELAZO.","og_description":"Technical Data: Mounting method: Countertop\/undermount Material: Stainless steel Steel finish: Brushed satin Colour: Inox Sink dimensions: 370 mm x 450 mm x 210 mm Chamber dimensions: 320 mm x 400","og_url":"https:\/\/velazo-b2b.com\/pl\/produkt\/zlewozmywak-stalowy-jednokomorowy-37x45-cm-inox-marki-velazo\/","og_site_name":"VELAZO.","article_modified_time":"2026-04-14T11:46:17+00:00","og_image":[{"width":1500,"height":1500,"url":"https:\/\/velazo-b2b.com\/wp-content\/uploads\/2025\/04\/HD3745-1.jpg","type":"image\/jpeg"}],"twitter_card":"summary_large_image","schema":{"@context":"https:\/\/schema.org","@graph":[{"@type":"WebPage","@id":"https:\/\/velazo-b2b.com\/product\/single-bowl-steel-sink-37x45-cm-inox-by-velazo\/","url":"https:\/\/velazo-b2b.com\/product\/single-bowl-steel-sink-37x45-cm-inox-by-velazo\/","name":"Zlewozmywak stalowy jednokomorowy 37x45 cm INOX marki Velazo. - VELAZO.","isPartOf":{"@id":"https:\/\/velazo-b2b.com\/#website"},"primaryImageOfPage":{"@id":"https:\/\/velazo-b2b.com\/product\/single-bowl-steel-sink-37x45-cm-inox-by-velazo\/#primaryimage"},"image":{"@id":"https:\/\/velazo-b2b.com\/product\/single-bowl-steel-sink-37x45-cm-inox-by-velazo\/#primaryimage"},"thumbnailUrl":"https:\/\/velazo-b2b.com\/wp-content\/uploads\/2025\/04\/HD3745-1.jpg","datePublished":"2025-04-09T14:36:07+00:00","dateModified":"2026-04-14T11:46:17+00:00","breadcrumb":{"@id":"https:\/\/velazo-b2b.com\/product\/single-bowl-steel-sink-37x45-cm-inox-by-velazo\/#breadcrumb"},"inLanguage":"pl-PL","potentialAction":[{"@type":"ReadAction","target":["https:\/\/velazo-b2b.com\/product\/single-bowl-steel-sink-37x45-cm-inox-by-velazo\/"]}]},{"@type":"ImageObject","inLanguage":"pl-PL","@id":"https:\/\/velazo-b2b.com\/product\/single-bowl-steel-sink-37x45-cm-inox-by-velazo\/#primaryimage","url":"https:\/\/velazo-b2b.com\/wp-content\/uploads\/2025\/04\/HD3745-1.jpg","contentUrl":"https:\/\/velazo-b2b.com\/wp-content\/uploads\/2025\/04\/HD3745-1.jpg","width":1500,"height":1500},{"@type":"BreadcrumbList","@id":"https:\/\/velazo-b2b.com\/product\/single-bowl-steel-sink-37x45-cm-inox-by-velazo\/#breadcrumb","itemListElement":[{"@type":"ListItem","position":1,"name":"Home","item":"https:\/\/velazo-b2b.com\/"},{"@type":"ListItem","position":2,"name":"Shop","item":"https:\/\/velazo-b2b.com\/shop-page\/"},{"@type":"ListItem","position":3,"name":"Single-bowl steel sink 37&#215;45 cm INOX by Velazo."}]},{"@type":"WebSite","@id":"https:\/\/velazo-b2b.com\/#website","url":"https:\/\/velazo-b2b.com\/","name":"VELAZO.","description":"","potentialAction":[{"@type":"SearchAction","target":{"@type":"EntryPoint","urlTemplate":"https:\/\/velazo-b2b.com\/?s={search_term_string}"},"query-input":{"@type":"PropertyValueSpecification","valueRequired":true,"valueName":"search_term_string"}}],"inLanguage":"pl-PL"}]}},"_links":{"self":[{"href":"https:\/\/velazo-b2b.com\/pl\/wp-json\/wp\/v2\/product\/208","targetHints":{"allow":["GET"]}}],"collection":[{"href":"https:\/\/velazo-b2b.com\/pl\/wp-json\/wp\/v2\/product"}],"about":[{"href":"https:\/\/velazo-b2b.com\/pl\/wp-json\/wp\/v2\/types\/product"}],"replies":[{"embeddable":true,"href":"https:\/\/velazo-b2b.com\/pl\/wp-json\/wp\/v2\/comments?post=208"}],"version-history":[{"count":0,"href":"https:\/\/velazo-b2b.com\/pl\/wp-json\/wp\/v2\/product\/208\/revisions"}],"wp:featuredmedia":[{"embeddable":true,"href":"https:\/\/velazo-b2b.com\/pl\/wp-json\/wp\/v2\/media\/207"}],"wp:attachment":[{"href":"https:\/\/velazo-b2b.com\/pl\/wp-json\/wp\/v2\/media?parent=208"}],"wp:term":[{"taxonomy":"product_cat","embeddable":true,"href":"https:\/\/velazo-b2b.com\/pl\/wp-json\/wp\/v2\/product_cat?post=208"},{"taxonomy":"product_tag","embeddable":true,"href":"https:\/\/velazo-b2b.com\/pl\/wp-json\/wp\/v2\/product_tag?post=208"}],"curies":[{"name":"wp","href":"https:\/\/api.w.org\/{rel}","templated":true}]}}