{"id":250,"date":"2025-04-09T14:37:00","date_gmt":"2025-04-09T14:37:00","guid":{"rendered":"https:\/\/velazo-b2b.com\/product\/telescopic-basket-for-kitchen-sinks-in-silver\/"},"modified":"2025-12-16T15:33:22","modified_gmt":"2025-12-16T14:33:22","slug":"kosz-teleskopowy-do-zlewozmywakow-w-kolorze-srebrnym","status":"publish","type":"product","link":"https:\/\/velazo-b2b.com\/pl\/produkt\/kosz-teleskopowy-do-zlewozmywakow-w-kolorze-srebrnym\/","title":{"rendered":"Kosz teleskopowy do zlewozmywak\u00f3w w kolorze srebrnym"},"content":{"rendered":"<p data-mce-fragment=\"1\">Kosz teleskopowy to nieoceniony dodatek do nowoczesnej kuchni, \u0142\u0105cz\u0105cy w sobie praktyczno\u015b\u0107 i estetyczny wygl\u0105d. Jego teleskopowa konstrukcja pozwala na dostosowanie go do r\u00f3\u017cnych zastosowa\u0144. Idealnie sprawdzi si\u0119 jako ociekacz do naczy\u0144, umo\u017cliwiaj\u0105c skierowanie wody bezpo\u015brednio do zlewu, co przyspiesza proces suszenia naczy\u0144.<\/p>\n<p data-mce-fragment=\"1\">Dodatkowo, dzia\u0142aj\u0105c jako sitko, jest to <strong>idealny do mycia owoc\u00f3w i warzyw<\/strong>, zapewniaj\u0105c skuteczne czyszczenie. Kosz mo\u017ce by\u0107 r\u00f3wnie\u017c u\u017cywany jako <strong>suszarka podczas rozmra\u017cania<\/strong>, umo\u017cliwiaj\u0105c swobodn\u0105 cyrkulacj\u0119 powietrza i przyspieszaj\u0105c proces rozmra\u017cania.<\/p>\n<p data-mce-fragment=\"1\">Konstrukcja kosza teleskopowego zosta\u0142a zaprojektowana z my\u015bl\u0105 o \u0142atwo\u015bci u\u017cytkowania i piel\u0119gnacji. G\u0142adka powierzchnia i przemy\u015blana konstrukcja u\u0142atwiaj\u0105 szybkie i skuteczne czyszczenie. <\/p>\n<p data-mce-fragment=\"1\"><\/p>\n<p data-mce-fragment=\"1\">","protected":false},"excerpt":{"rendered":"<p>Kosz teleskopowy to nieoceniony dodatek do nowoczesnej kuchni, \u0142\u0105cz\u0105cy w sobie praktyczno\u015b\u0107 i estetyczny wygl\u0105d. Jego teleskopowa konstrukcja pozwala na dostosowanie go do r\u00f3\u017cnych zastosowa\u0144. Jest idealny<\/p>","protected":false},"featured_media":249,"comment_status":"open","ping_status":"closed","template":"","meta":[],"product_cat":[65,64],"product_tag":[17,18],"class_list":{"0":"post-250","1":"product","2":"type-product","3":"status-publish","4":"has-post-thumbnail","6":"product_cat-accessories","7":"product_cat-metal-dish-drainers","8":"product_tag-accessories","9":"product_tag-drainers","11":"first","12":"instock","13":"taxable","14":"shipping-taxable","15":"product-type-simple"},"yoast_head":"<!-- This site is optimized with the Yoast SEO plugin v27.4 - https:\/\/yoast.com\/product\/yoast-seo-wordpress\/ -->\n<title>Telescopic Basket for Kitchen Sinks in Silver - VELAZO.<\/title>\n<meta name=\"robots\" content=\"index, follow, max-snippet:-1, max-image-preview:large, max-video-preview:-1\" \/>\n<link rel=\"canonical\" href=\"https:\/\/velazo-b2b.com\/pl\/produkt\/kosz-teleskopowy-do-zlewozmywakow-w-kolorze-srebrnym\/\" \/>\n<meta property=\"og:locale\" content=\"pl_PL\" \/>\n<meta property=\"og:type\" content=\"article\" \/>\n<meta property=\"og:title\" content=\"Telescopic Basket for Kitchen Sinks in Silver - VELAZO.\" \/>\n<meta property=\"og:description\" content=\"The telescopic basket is an invaluable addition to a modern kitchen, combining practicality and aesthetic design. Its telescopic design allows it to be adapted to various applications. It is ideal\" \/>\n<meta property=\"og:url\" content=\"https:\/\/velazo-b2b.com\/pl\/produkt\/kosz-teleskopowy-do-zlewozmywakow-w-kolorze-srebrnym\/\" \/>\n<meta property=\"og:site_name\" content=\"VELAZO.\" \/>\n<meta property=\"article:modified_time\" content=\"2025-12-16T14:33:22+00:00\" \/>\n<meta property=\"og:image\" content=\"https:\/\/velazo-b2b.com\/wp-content\/uploads\/2025\/04\/943c7187-2d29-48df-8f0c-3c3fc1291841-490ed7f0-8bb7-4dce-87f3-ae3e5c38a6dc.jpg\" \/>\n\t<meta property=\"og:image:width\" content=\"1024\" \/>\n\t<meta property=\"og:image:height\" content=\"773\" \/>\n\t<meta property=\"og:image:type\" content=\"image\/jpeg\" \/>\n<meta name=\"twitter:card\" content=\"summary_large_image\" \/>\n<meta name=\"twitter:label1\" content=\"Szacowany czas czytania\" \/>\n\t<meta name=\"twitter:data1\" content=\"1 minuta\" \/>\n<script type=\"application\/ld+json\" class=\"yoast-schema-graph\">{\"@context\":\"https:\\\/\\\/schema.org\",\"@graph\":[{\"@type\":\"WebPage\",\"@id\":\"https:\\\/\\\/velazo-b2b.com\\\/product\\\/telescopic-basket-for-kitchen-sinks-in-silver\\\/\",\"url\":\"https:\\\/\\\/velazo-b2b.com\\\/product\\\/telescopic-basket-for-kitchen-sinks-in-silver\\\/\",\"name\":\"Telescopic Basket for Kitchen Sinks in Silver - VELAZO.\",\"isPartOf\":{\"@id\":\"https:\\\/\\\/velazo-b2b.com\\\/#website\"},\"primaryImageOfPage\":{\"@id\":\"https:\\\/\\\/velazo-b2b.com\\\/product\\\/telescopic-basket-for-kitchen-sinks-in-silver\\\/#primaryimage\"},\"image\":{\"@id\":\"https:\\\/\\\/velazo-b2b.com\\\/product\\\/telescopic-basket-for-kitchen-sinks-in-silver\\\/#primaryimage\"},\"thumbnailUrl\":\"https:\\\/\\\/velazo-b2b.com\\\/wp-content\\\/uploads\\\/2025\\\/04\\\/943c7187-2d29-48df-8f0c-3c3fc1291841-490ed7f0-8bb7-4dce-87f3-ae3e5c38a6dc.jpg\",\"datePublished\":\"2025-04-09T14:37:00+00:00\",\"dateModified\":\"2025-12-16T14:33:22+00:00\",\"breadcrumb\":{\"@id\":\"https:\\\/\\\/velazo-b2b.com\\\/product\\\/telescopic-basket-for-kitchen-sinks-in-silver\\\/#breadcrumb\"},\"inLanguage\":\"pl-PL\",\"potentialAction\":[{\"@type\":\"ReadAction\",\"target\":[\"https:\\\/\\\/velazo-b2b.com\\\/product\\\/telescopic-basket-for-kitchen-sinks-in-silver\\\/\"]}]},{\"@type\":\"ImageObject\",\"inLanguage\":\"pl-PL\",\"@id\":\"https:\\\/\\\/velazo-b2b.com\\\/product\\\/telescopic-basket-for-kitchen-sinks-in-silver\\\/#primaryimage\",\"url\":\"https:\\\/\\\/velazo-b2b.com\\\/wp-content\\\/uploads\\\/2025\\\/04\\\/943c7187-2d29-48df-8f0c-3c3fc1291841-490ed7f0-8bb7-4dce-87f3-ae3e5c38a6dc.jpg\",\"contentUrl\":\"https:\\\/\\\/velazo-b2b.com\\\/wp-content\\\/uploads\\\/2025\\\/04\\\/943c7187-2d29-48df-8f0c-3c3fc1291841-490ed7f0-8bb7-4dce-87f3-ae3e5c38a6dc.jpg\",\"width\":1024,\"height\":773},{\"@type\":\"BreadcrumbList\",\"@id\":\"https:\\\/\\\/velazo-b2b.com\\\/product\\\/telescopic-basket-for-kitchen-sinks-in-silver\\\/#breadcrumb\",\"itemListElement\":[{\"@type\":\"ListItem\",\"position\":1,\"name\":\"Home\",\"item\":\"https:\\\/\\\/velazo-b2b.com\\\/\"},{\"@type\":\"ListItem\",\"position\":2,\"name\":\"Shop\",\"item\":\"https:\\\/\\\/velazo-b2b.com\\\/shop-page\\\/\"},{\"@type\":\"ListItem\",\"position\":3,\"name\":\"Telescopic Basket for Kitchen Sinks in Silver\"}]},{\"@type\":\"WebSite\",\"@id\":\"https:\\\/\\\/velazo-b2b.com\\\/#website\",\"url\":\"https:\\\/\\\/velazo-b2b.com\\\/\",\"name\":\"VELAZO.\",\"description\":\"\",\"potentialAction\":[{\"@type\":\"SearchAction\",\"target\":{\"@type\":\"EntryPoint\",\"urlTemplate\":\"https:\\\/\\\/velazo-b2b.com\\\/?s={search_term_string}\"},\"query-input\":{\"@type\":\"PropertyValueSpecification\",\"valueRequired\":true,\"valueName\":\"search_term_string\"}}],\"inLanguage\":\"pl-PL\"}]}<\/script>\n<!-- \/ Yoast SEO plugin. -->","yoast_head_json":{"title":"Kosz teleskopowy do zlewozmywak\u00f3w w kolorze srebrnym - VELAZO.","robots":{"index":"index","follow":"follow","max-snippet":"max-snippet:-1","max-image-preview":"max-image-preview:large","max-video-preview":"max-video-preview:-1"},"canonical":"https:\/\/velazo-b2b.com\/pl\/produkt\/kosz-teleskopowy-do-zlewozmywakow-w-kolorze-srebrnym\/","og_locale":"pl_PL","og_type":"article","og_title":"Telescopic Basket for Kitchen Sinks in Silver - VELAZO.","og_description":"The telescopic basket is an invaluable addition to a modern kitchen, combining practicality and aesthetic design. Its telescopic design allows it to be adapted to various applications. It is ideal","og_url":"https:\/\/velazo-b2b.com\/pl\/produkt\/kosz-teleskopowy-do-zlewozmywakow-w-kolorze-srebrnym\/","og_site_name":"VELAZO.","article_modified_time":"2025-12-16T14:33:22+00:00","og_image":[{"width":1024,"height":773,"url":"https:\/\/velazo-b2b.com\/wp-content\/uploads\/2025\/04\/943c7187-2d29-48df-8f0c-3c3fc1291841-490ed7f0-8bb7-4dce-87f3-ae3e5c38a6dc.jpg","type":"image\/jpeg"}],"twitter_card":"summary_large_image","twitter_misc":{"Szacowany czas czytania":"1 minuta"},"schema":{"@context":"https:\/\/schema.org","@graph":[{"@type":"WebPage","@id":"https:\/\/velazo-b2b.com\/product\/telescopic-basket-for-kitchen-sinks-in-silver\/","url":"https:\/\/velazo-b2b.com\/product\/telescopic-basket-for-kitchen-sinks-in-silver\/","name":"Kosz teleskopowy do zlewozmywak\u00f3w w kolorze srebrnym - VELAZO.","isPartOf":{"@id":"https:\/\/velazo-b2b.com\/#website"},"primaryImageOfPage":{"@id":"https:\/\/velazo-b2b.com\/product\/telescopic-basket-for-kitchen-sinks-in-silver\/#primaryimage"},"image":{"@id":"https:\/\/velazo-b2b.com\/product\/telescopic-basket-for-kitchen-sinks-in-silver\/#primaryimage"},"thumbnailUrl":"https:\/\/velazo-b2b.com\/wp-content\/uploads\/2025\/04\/943c7187-2d29-48df-8f0c-3c3fc1291841-490ed7f0-8bb7-4dce-87f3-ae3e5c38a6dc.jpg","datePublished":"2025-04-09T14:37:00+00:00","dateModified":"2025-12-16T14:33:22+00:00","breadcrumb":{"@id":"https:\/\/velazo-b2b.com\/product\/telescopic-basket-for-kitchen-sinks-in-silver\/#breadcrumb"},"inLanguage":"pl-PL","potentialAction":[{"@type":"ReadAction","target":["https:\/\/velazo-b2b.com\/product\/telescopic-basket-for-kitchen-sinks-in-silver\/"]}]},{"@type":"ImageObject","inLanguage":"pl-PL","@id":"https:\/\/velazo-b2b.com\/product\/telescopic-basket-for-kitchen-sinks-in-silver\/#primaryimage","url":"https:\/\/velazo-b2b.com\/wp-content\/uploads\/2025\/04\/943c7187-2d29-48df-8f0c-3c3fc1291841-490ed7f0-8bb7-4dce-87f3-ae3e5c38a6dc.jpg","contentUrl":"https:\/\/velazo-b2b.com\/wp-content\/uploads\/2025\/04\/943c7187-2d29-48df-8f0c-3c3fc1291841-490ed7f0-8bb7-4dce-87f3-ae3e5c38a6dc.jpg","width":1024,"height":773},{"@type":"BreadcrumbList","@id":"https:\/\/velazo-b2b.com\/product\/telescopic-basket-for-kitchen-sinks-in-silver\/#breadcrumb","itemListElement":[{"@type":"ListItem","position":1,"name":"Home","item":"https:\/\/velazo-b2b.com\/"},{"@type":"ListItem","position":2,"name":"Shop","item":"https:\/\/velazo-b2b.com\/shop-page\/"},{"@type":"ListItem","position":3,"name":"Telescopic Basket for Kitchen Sinks in Silver"}]},{"@type":"WebSite","@id":"https:\/\/velazo-b2b.com\/#website","url":"https:\/\/velazo-b2b.com\/","name":"VELAZO.","description":"","potentialAction":[{"@type":"SearchAction","target":{"@type":"EntryPoint","urlTemplate":"https:\/\/velazo-b2b.com\/?s={search_term_string}"},"query-input":{"@type":"PropertyValueSpecification","valueRequired":true,"valueName":"search_term_string"}}],"inLanguage":"pl-PL"}]}},"_links":{"self":[{"href":"https:\/\/velazo-b2b.com\/pl\/wp-json\/wp\/v2\/product\/250","targetHints":{"allow":["GET"]}}],"collection":[{"href":"https:\/\/velazo-b2b.com\/pl\/wp-json\/wp\/v2\/product"}],"about":[{"href":"https:\/\/velazo-b2b.com\/pl\/wp-json\/wp\/v2\/types\/product"}],"replies":[{"embeddable":true,"href":"https:\/\/velazo-b2b.com\/pl\/wp-json\/wp\/v2\/comments?post=250"}],"version-history":[{"count":0,"href":"https:\/\/velazo-b2b.com\/pl\/wp-json\/wp\/v2\/product\/250\/revisions"}],"wp:featuredmedia":[{"embeddable":true,"href":"https:\/\/velazo-b2b.com\/pl\/wp-json\/wp\/v2\/media\/249"}],"wp:attachment":[{"href":"https:\/\/velazo-b2b.com\/pl\/wp-json\/wp\/v2\/media?parent=250"}],"wp:term":[{"taxonomy":"product_cat","embeddable":true,"href":"https:\/\/velazo-b2b.com\/pl\/wp-json\/wp\/v2\/product_cat?post=250"},{"taxonomy":"product_tag","embeddable":true,"href":"https:\/\/velazo-b2b.com\/pl\/wp-json\/wp\/v2\/product_tag?post=250"}],"curies":[{"name":"wp","href":"https:\/\/api.w.org\/{rel}","templated":true}]}}