{"id":2718,"date":"2025-04-23T12:30:12","date_gmt":"2025-04-23T10:30:12","guid":{"rendered":"https:\/\/velazo-b2b.com\/?post_type=product&#038;p=2718"},"modified":"2026-04-01T14:39:05","modified_gmt":"2026-04-01T12:39:05","slug":"zlewozmywak-kuchenny-55x45-w-kolorze-grafitowym-pvd-z-wykonczeniem-vulkan","status":"publish","type":"product","link":"https:\/\/velazo-b2b.com\/pl\/produkt\/zlewozmywak-kuchenny-55x45-w-kolorze-grafitowym-pvd-z-wykonczeniem-vulkan\/","title":{"rendered":"Zlewozmywak kuchenny 55\u00d745 w kolorze grafitowym PVD z wyko\u0144czeniem VULKAN"},"content":{"rendered":"<p><strong>Dane techniczne:<\/strong><\/p>\n<ul>\n<li>Typ monta\u017cu: wpuszczany w blat<\/li>\n<li>Materia\u0142: stal nierdzewnaWyko\u0144czenie: VULKAN<\/li>\n<li>Kolor: grafitowy<\/li>\n<li>Wymiary zlewozmywaka: 550 mm x 450 mm x 210 mm<\/li>\n<li>Wymiary miski: 500 mm x 350 mm<\/li>\n<li>Grubo\u015b\u0107 metalu: miska - 0,8 mm, obr\u0119cz - 3 mm<\/li>\n<li>Otw\u00f3r na bateri\u0119: tak (35 mm \/ 28 mm)<\/li>\n<li>Otw\u00f3r przelewowy: tak<\/li>\n<\/ul>","protected":false},"excerpt":{"rendered":"<p>Dane techniczne: Rodzaj monta\u017cu: wpuszczany w blat Materia\u0142: stal szlachetnaWyko\u0144czenie: VULKAN Kolor: grafitowy Wymiary zlewozmywaka: 550 mm x 450 mm x 210 mm Wymiary komory: 500 mm x<\/p>","protected":false},"featured_media":2805,"comment_status":"open","ping_status":"closed","template":"","meta":[],"product_cat":[77,57,76,79],"product_tag":[],"class_list":{"0":"post-2718","1":"product","2":"type-product","3":"status-publish","4":"has-post-thumbnail","6":"product_cat-graphite-sinks","7":"product_cat-handmade-sinks","8":"product_cat-single-bowl-graphite-sinks","9":"product_cat-single-bowl-without-drainer-sinks","11":"first","12":"instock","13":"taxable","14":"shipping-taxable","15":"product-type-simple"},"yoast_head":"<!-- This site is optimized with the Yoast SEO plugin v27.3 - https:\/\/yoast.com\/product\/yoast-seo-wordpress\/ -->\n<title>Kitchen Sink 55\u00d745 in PVD Graphite with VULKAN Finish - VELAZO.<\/title>\n<meta name=\"robots\" content=\"index, follow, max-snippet:-1, max-image-preview:large, max-video-preview:-1\" \/>\n<link rel=\"canonical\" href=\"https:\/\/velazo-b2b.com\/pl\/produkt\/zlewozmywak-kuchenny-55x45-w-kolorze-grafitowym-pvd-z-wykonczeniem-vulkan\/\" \/>\n<meta property=\"og:locale\" content=\"pl_PL\" \/>\n<meta property=\"og:type\" content=\"article\" \/>\n<meta property=\"og:title\" content=\"Kitchen Sink 55\u00d745 in PVD Graphite with VULKAN Finish - VELAZO.\" \/>\n<meta property=\"og:description\" content=\"Technical specifications: Mounting type: recessed into countertop Material: stainless steelFinish: VULKAN Color: graphite Sink dimensions: 550 mm x 450 mm x 210 mm Dimensions of the bowl: 500 mm x\" \/>\n<meta property=\"og:url\" content=\"https:\/\/velazo-b2b.com\/pl\/produkt\/zlewozmywak-kuchenny-55x45-w-kolorze-grafitowym-pvd-z-wykonczeniem-vulkan\/\" \/>\n<meta property=\"og:site_name\" content=\"VELAZO.\" \/>\n<meta property=\"article:modified_time\" content=\"2026-04-01T12:39:05+00:00\" \/>\n<meta property=\"og:image\" content=\"http:\/\/velazo-b2b.com\/wp-content\/uploads\/2025\/04\/hd5545b.webp\" \/>\n\t<meta property=\"og:image:width\" content=\"1500\" \/>\n\t<meta property=\"og:image:height\" content=\"1500\" \/>\n\t<meta property=\"og:image:type\" content=\"image\/webp\" \/>\n<meta name=\"twitter:card\" content=\"summary_large_image\" \/>\n<meta name=\"twitter:label1\" content=\"Szacowany czas czytania\" \/>\n\t<meta name=\"twitter:data1\" content=\"1 minuta\" \/>\n<script type=\"application\/ld+json\" class=\"yoast-schema-graph\">{\"@context\":\"https:\\\/\\\/schema.org\",\"@graph\":[{\"@type\":\"WebPage\",\"@id\":\"https:\\\/\\\/velazo-b2b.com\\\/product\\\/kitchen-sink-55x45-in-pvd-graphite-with-vulkan-finish\\\/\",\"url\":\"https:\\\/\\\/velazo-b2b.com\\\/product\\\/kitchen-sink-55x45-in-pvd-graphite-with-vulkan-finish\\\/\",\"name\":\"Kitchen Sink 55\u00d745 in PVD Graphite with VULKAN Finish - VELAZO.\",\"isPartOf\":{\"@id\":\"https:\\\/\\\/velazo-b2b.com\\\/#website\"},\"primaryImageOfPage\":{\"@id\":\"https:\\\/\\\/velazo-b2b.com\\\/product\\\/kitchen-sink-55x45-in-pvd-graphite-with-vulkan-finish\\\/#primaryimage\"},\"image\":{\"@id\":\"https:\\\/\\\/velazo-b2b.com\\\/product\\\/kitchen-sink-55x45-in-pvd-graphite-with-vulkan-finish\\\/#primaryimage\"},\"thumbnailUrl\":\"https:\\\/\\\/velazo-b2b.com\\\/wp-content\\\/uploads\\\/2025\\\/04\\\/hd5545b.webp\",\"datePublished\":\"2025-04-23T10:30:12+00:00\",\"dateModified\":\"2026-04-01T12:39:05+00:00\",\"breadcrumb\":{\"@id\":\"https:\\\/\\\/velazo-b2b.com\\\/product\\\/kitchen-sink-55x45-in-pvd-graphite-with-vulkan-finish\\\/#breadcrumb\"},\"inLanguage\":\"pl-PL\",\"potentialAction\":[{\"@type\":\"ReadAction\",\"target\":[\"https:\\\/\\\/velazo-b2b.com\\\/product\\\/kitchen-sink-55x45-in-pvd-graphite-with-vulkan-finish\\\/\"]}]},{\"@type\":\"ImageObject\",\"inLanguage\":\"pl-PL\",\"@id\":\"https:\\\/\\\/velazo-b2b.com\\\/product\\\/kitchen-sink-55x45-in-pvd-graphite-with-vulkan-finish\\\/#primaryimage\",\"url\":\"https:\\\/\\\/velazo-b2b.com\\\/wp-content\\\/uploads\\\/2025\\\/04\\\/hd5545b.webp\",\"contentUrl\":\"https:\\\/\\\/velazo-b2b.com\\\/wp-content\\\/uploads\\\/2025\\\/04\\\/hd5545b.webp\",\"width\":1500,\"height\":1500},{\"@type\":\"BreadcrumbList\",\"@id\":\"https:\\\/\\\/velazo-b2b.com\\\/product\\\/kitchen-sink-55x45-in-pvd-graphite-with-vulkan-finish\\\/#breadcrumb\",\"itemListElement\":[{\"@type\":\"ListItem\",\"position\":1,\"name\":\"Home\",\"item\":\"https:\\\/\\\/velazo-b2b.com\\\/\"},{\"@type\":\"ListItem\",\"position\":2,\"name\":\"Shop\",\"item\":\"https:\\\/\\\/velazo-b2b.com\\\/shop-page\\\/\"},{\"@type\":\"ListItem\",\"position\":3,\"name\":\"Kitchen Sink 55\u00d745 in PVD Graphite with VULKAN Finish\"}]},{\"@type\":\"WebSite\",\"@id\":\"https:\\\/\\\/velazo-b2b.com\\\/#website\",\"url\":\"https:\\\/\\\/velazo-b2b.com\\\/\",\"name\":\"VELAZO.\",\"description\":\"\",\"potentialAction\":[{\"@type\":\"SearchAction\",\"target\":{\"@type\":\"EntryPoint\",\"urlTemplate\":\"https:\\\/\\\/velazo-b2b.com\\\/?s={search_term_string}\"},\"query-input\":{\"@type\":\"PropertyValueSpecification\",\"valueRequired\":true,\"valueName\":\"search_term_string\"}}],\"inLanguage\":\"pl-PL\"}]}<\/script>\n<!-- \/ Yoast SEO plugin. -->","yoast_head_json":{"title":"Zlewozmywak kuchenny 55\u00d745 w graficie PVD z wyko\u0144czeniem VULKAN - VELAZO.","robots":{"index":"index","follow":"follow","max-snippet":"max-snippet:-1","max-image-preview":"max-image-preview:large","max-video-preview":"max-video-preview:-1"},"canonical":"https:\/\/velazo-b2b.com\/pl\/produkt\/zlewozmywak-kuchenny-55x45-w-kolorze-grafitowym-pvd-z-wykonczeniem-vulkan\/","og_locale":"pl_PL","og_type":"article","og_title":"Kitchen Sink 55\u00d745 in PVD Graphite with VULKAN Finish - VELAZO.","og_description":"Technical specifications: Mounting type: recessed into countertop Material: stainless steelFinish: VULKAN Color: graphite Sink dimensions: 550 mm x 450 mm x 210 mm Dimensions of the bowl: 500 mm x","og_url":"https:\/\/velazo-b2b.com\/pl\/produkt\/zlewozmywak-kuchenny-55x45-w-kolorze-grafitowym-pvd-z-wykonczeniem-vulkan\/","og_site_name":"VELAZO.","article_modified_time":"2026-04-01T12:39:05+00:00","og_image":[{"width":1500,"height":1500,"url":"http:\/\/velazo-b2b.com\/wp-content\/uploads\/2025\/04\/hd5545b.webp","type":"image\/webp"}],"twitter_card":"summary_large_image","twitter_misc":{"Szacowany czas czytania":"1 minuta"},"schema":{"@context":"https:\/\/schema.org","@graph":[{"@type":"WebPage","@id":"https:\/\/velazo-b2b.com\/product\/kitchen-sink-55x45-in-pvd-graphite-with-vulkan-finish\/","url":"https:\/\/velazo-b2b.com\/product\/kitchen-sink-55x45-in-pvd-graphite-with-vulkan-finish\/","name":"Zlewozmywak kuchenny 55\u00d745 w graficie PVD z wyko\u0144czeniem VULKAN - VELAZO.","isPartOf":{"@id":"https:\/\/velazo-b2b.com\/#website"},"primaryImageOfPage":{"@id":"https:\/\/velazo-b2b.com\/product\/kitchen-sink-55x45-in-pvd-graphite-with-vulkan-finish\/#primaryimage"},"image":{"@id":"https:\/\/velazo-b2b.com\/product\/kitchen-sink-55x45-in-pvd-graphite-with-vulkan-finish\/#primaryimage"},"thumbnailUrl":"https:\/\/velazo-b2b.com\/wp-content\/uploads\/2025\/04\/hd5545b.webp","datePublished":"2025-04-23T10:30:12+00:00","dateModified":"2026-04-01T12:39:05+00:00","breadcrumb":{"@id":"https:\/\/velazo-b2b.com\/product\/kitchen-sink-55x45-in-pvd-graphite-with-vulkan-finish\/#breadcrumb"},"inLanguage":"pl-PL","potentialAction":[{"@type":"ReadAction","target":["https:\/\/velazo-b2b.com\/product\/kitchen-sink-55x45-in-pvd-graphite-with-vulkan-finish\/"]}]},{"@type":"ImageObject","inLanguage":"pl-PL","@id":"https:\/\/velazo-b2b.com\/product\/kitchen-sink-55x45-in-pvd-graphite-with-vulkan-finish\/#primaryimage","url":"https:\/\/velazo-b2b.com\/wp-content\/uploads\/2025\/04\/hd5545b.webp","contentUrl":"https:\/\/velazo-b2b.com\/wp-content\/uploads\/2025\/04\/hd5545b.webp","width":1500,"height":1500},{"@type":"BreadcrumbList","@id":"https:\/\/velazo-b2b.com\/product\/kitchen-sink-55x45-in-pvd-graphite-with-vulkan-finish\/#breadcrumb","itemListElement":[{"@type":"ListItem","position":1,"name":"Home","item":"https:\/\/velazo-b2b.com\/"},{"@type":"ListItem","position":2,"name":"Shop","item":"https:\/\/velazo-b2b.com\/shop-page\/"},{"@type":"ListItem","position":3,"name":"Kitchen Sink 55\u00d745 in PVD Graphite with VULKAN Finish"}]},{"@type":"WebSite","@id":"https:\/\/velazo-b2b.com\/#website","url":"https:\/\/velazo-b2b.com\/","name":"VELAZO.","description":"","potentialAction":[{"@type":"SearchAction","target":{"@type":"EntryPoint","urlTemplate":"https:\/\/velazo-b2b.com\/?s={search_term_string}"},"query-input":{"@type":"PropertyValueSpecification","valueRequired":true,"valueName":"search_term_string"}}],"inLanguage":"pl-PL"}]}},"_links":{"self":[{"href":"https:\/\/velazo-b2b.com\/pl\/wp-json\/wp\/v2\/product\/2718","targetHints":{"allow":["GET"]}}],"collection":[{"href":"https:\/\/velazo-b2b.com\/pl\/wp-json\/wp\/v2\/product"}],"about":[{"href":"https:\/\/velazo-b2b.com\/pl\/wp-json\/wp\/v2\/types\/product"}],"replies":[{"embeddable":true,"href":"https:\/\/velazo-b2b.com\/pl\/wp-json\/wp\/v2\/comments?post=2718"}],"version-history":[{"count":0,"href":"https:\/\/velazo-b2b.com\/pl\/wp-json\/wp\/v2\/product\/2718\/revisions"}],"wp:featuredmedia":[{"embeddable":true,"href":"https:\/\/velazo-b2b.com\/pl\/wp-json\/wp\/v2\/media\/2805"}],"wp:attachment":[{"href":"https:\/\/velazo-b2b.com\/pl\/wp-json\/wp\/v2\/media?parent=2718"}],"wp:term":[{"taxonomy":"product_cat","embeddable":true,"href":"https:\/\/velazo-b2b.com\/pl\/wp-json\/wp\/v2\/product_cat?post=2718"},{"taxonomy":"product_tag","embeddable":true,"href":"https:\/\/velazo-b2b.com\/pl\/wp-json\/wp\/v2\/product_tag?post=2718"}],"curies":[{"name":"wp","href":"https:\/\/api.w.org\/{rel}","templated":true}]}}