{"id":286,"date":"2025-04-09T14:38:51","date_gmt":"2025-04-09T14:38:51","guid":{"rendered":"https:\/\/velazo-b2b.com\/product\/dual-mode-stainless-steel-kitchen-faucet-with-a-modern-and-stylish-look\/"},"modified":"2025-10-13T11:55:18","modified_gmt":"2025-10-13T09:55:18","slug":"dwufunkcyjna-bateria-kuchenna-ze-stali-nierdzewnej-o-nowoczesnym-i-stylowym-wygladzie","status":"publish","type":"product","link":"https:\/\/velazo-b2b.com\/pl\/produkt\/dwufunkcyjna-bateria-kuchenna-ze-stali-nierdzewnej-o-nowoczesnym-i-stylowym-wygladzie\/","title":{"rendered":"Dwufunkcyjna bateria kuchenna ze stali nierdzewnej o nowoczesnym i stylowym wygl\u0105dzie"},"content":{"rendered":"<p><strong>Dane techniczne:<\/strong><br \/>G\u0142owica: ceramiczna<br \/>Materia\u0142: stal<br \/>Wylewka: wyci\u0105gana<br \/>Aerator: tak<br \/>Typ: pojedyncza d\u017awignia<br \/>Otw\u00f3r monta\u017cowy: standardowy, uniwersalny<br \/>Kolor: Inox<\/p>\n<p><strong>Funkcja produktu:<\/strong><br \/>SYSTEM ECO - funkcja pozwalaj\u0105ca na oszcz\u0119dno\u015bci, dzi\u0119ki napowietrzaniu wody (oszcz\u0119dno\u015bci do 40%);<br \/>SYSTEM 360 - funkcja umo\u017cliwiaj\u0105ca obr\u00f3t wylewki o 360 stopni;<br \/>SYSTEM \u0141ATWEGO CZYSZCZENIA - dzi\u0119ki zastosowaniu wysokiej jako\u015bci materia\u0142\u00f3w przy tworzeniu poszczeg\u00f3lnych element\u00f3w tego produktu, takich jak mosi\u0105dz, stal nierdzewna i wytrzyma\u0142e tworzywo PVC, jest on odporny na wysokie temperatury;<br \/>REDUKCJA HA\u0141ASU SYSTEMU - dzi\u0119ki temu, \u017ce produkt posiada nylonowy w\u0105\u017c, redukuje poziom ha\u0142asu kranu;<br \/>Wysokiej jako\u015bci g\u0142owica ceramiczna minimalizuje ryzyko tworzenia si\u0119 kamienia. Gwarantuje to wyd\u0142u\u017con\u0105 \u017cywotno\u015b\u0107 produktu.<\/p>\n<p>Stabilna konstrukcja baterii i uchwyt baterii u\u0142atwiaj\u0105 prac\u0119 w kuchni!<\/p>\n<p>Jest wielofunkcyjny, ekologiczny i odporny na wysokie temperatury!<\/p>\n<p>Praca z nim w kuchni jest wygodna i \u0142atwa do czyszczenia.<\/p>\n<p>Przycisk umieszczony na baterii pozwala na szybk\u0105 zmian\u0119 strumienia (prysznic\/ci\u0105g\u0142y).<\/p>\n<p>Spodoba si\u0119 ka\u017cdej gospodyni domowej!<\/p>","protected":false},"excerpt":{"rendered":"<p>Technical data:Head: ceramicMaterial: steelSpout: pull-outAerator: yesType: single-leverMounting hole: standard, universalColor: Inox Product function:SYSTEM ECO &#8211; a function that allows you to save, thanks to water aeration (savings up to 40%);SYSTEM<\/p>","protected":false},"featured_media":285,"comment_status":"open","ping_status":"closed","template":"","meta":[],"product_cat":[67],"product_tag":[23],"class_list":{"0":"post-286","1":"product","2":"type-product","3":"status-publish","4":"has-post-thumbnail","6":"product_cat-sink-faucets","7":"product_tag-sink-faucets","9":"first","10":"outofstock","11":"taxable","12":"shipping-taxable","13":"product-type-simple"},"yoast_head":"<!-- This site is optimized with the Yoast SEO plugin v27.4 - https:\/\/yoast.com\/product\/yoast-seo-wordpress\/ -->\n<title>Dual mode stainless steel kitchen faucet with a modern and stylish look - VELAZO.<\/title>\n<meta name=\"robots\" content=\"index, follow, max-snippet:-1, max-image-preview:large, max-video-preview:-1\" \/>\n<link rel=\"canonical\" href=\"https:\/\/velazo-b2b.com\/pl\/produkt\/dwufunkcyjna-bateria-kuchenna-ze-stali-nierdzewnej-o-nowoczesnym-i-stylowym-wygladzie\/\" \/>\n<meta property=\"og:locale\" content=\"pl_PL\" \/>\n<meta property=\"og:type\" content=\"article\" \/>\n<meta property=\"og:title\" content=\"Dual mode stainless steel kitchen faucet with a modern and stylish look - VELAZO.\" \/>\n<meta property=\"og:description\" content=\"Technical data:Head: ceramicMaterial: steelSpout: pull-outAerator: yesType: single-leverMounting hole: standard, universalColor: Inox Product function:SYSTEM ECO &#8211; a function that allows you to save, thanks to water aeration (savings up to 40%);SYSTEM\" \/>\n<meta property=\"og:url\" content=\"https:\/\/velazo-b2b.com\/pl\/produkt\/dwufunkcyjna-bateria-kuchenna-ze-stali-nierdzewnej-o-nowoczesnym-i-stylowym-wygladzie\/\" \/>\n<meta property=\"og:site_name\" content=\"VELAZO.\" \/>\n<meta property=\"article:modified_time\" content=\"2025-10-13T09:55:18+00:00\" \/>\n<meta property=\"og:image\" content=\"https:\/\/velazo-b2b.com\/wp-content\/uploads\/2025\/04\/f393b58c6d2c2a1c4693026b31f980c6-scaled.jpg\" \/>\n\t<meta property=\"og:image:width\" content=\"2560\" \/>\n\t<meta property=\"og:image:height\" content=\"2560\" \/>\n\t<meta property=\"og:image:type\" content=\"image\/jpeg\" \/>\n<meta name=\"twitter:card\" content=\"summary_large_image\" \/>\n<meta name=\"twitter:label1\" content=\"Szacowany czas czytania\" \/>\n\t<meta name=\"twitter:data1\" content=\"1 minuta\" \/>\n<script type=\"application\/ld+json\" class=\"yoast-schema-graph\">{\"@context\":\"https:\\\/\\\/schema.org\",\"@graph\":[{\"@type\":\"WebPage\",\"@id\":\"https:\\\/\\\/velazo-b2b.com\\\/product\\\/dual-mode-stainless-steel-kitchen-faucet-with-a-modern-and-stylish-look\\\/\",\"url\":\"https:\\\/\\\/velazo-b2b.com\\\/product\\\/dual-mode-stainless-steel-kitchen-faucet-with-a-modern-and-stylish-look\\\/\",\"name\":\"Dual mode stainless steel kitchen faucet with a modern and stylish look - VELAZO.\",\"isPartOf\":{\"@id\":\"https:\\\/\\\/velazo-b2b.com\\\/#website\"},\"primaryImageOfPage\":{\"@id\":\"https:\\\/\\\/velazo-b2b.com\\\/product\\\/dual-mode-stainless-steel-kitchen-faucet-with-a-modern-and-stylish-look\\\/#primaryimage\"},\"image\":{\"@id\":\"https:\\\/\\\/velazo-b2b.com\\\/product\\\/dual-mode-stainless-steel-kitchen-faucet-with-a-modern-and-stylish-look\\\/#primaryimage\"},\"thumbnailUrl\":\"https:\\\/\\\/velazo-b2b.com\\\/wp-content\\\/uploads\\\/2025\\\/04\\\/f393b58c6d2c2a1c4693026b31f980c6-scaled.jpg\",\"datePublished\":\"2025-04-09T14:38:51+00:00\",\"dateModified\":\"2025-10-13T09:55:18+00:00\",\"breadcrumb\":{\"@id\":\"https:\\\/\\\/velazo-b2b.com\\\/product\\\/dual-mode-stainless-steel-kitchen-faucet-with-a-modern-and-stylish-look\\\/#breadcrumb\"},\"inLanguage\":\"pl-PL\",\"potentialAction\":[{\"@type\":\"ReadAction\",\"target\":[\"https:\\\/\\\/velazo-b2b.com\\\/product\\\/dual-mode-stainless-steel-kitchen-faucet-with-a-modern-and-stylish-look\\\/\"]}]},{\"@type\":\"ImageObject\",\"inLanguage\":\"pl-PL\",\"@id\":\"https:\\\/\\\/velazo-b2b.com\\\/product\\\/dual-mode-stainless-steel-kitchen-faucet-with-a-modern-and-stylish-look\\\/#primaryimage\",\"url\":\"https:\\\/\\\/velazo-b2b.com\\\/wp-content\\\/uploads\\\/2025\\\/04\\\/f393b58c6d2c2a1c4693026b31f980c6-scaled.jpg\",\"contentUrl\":\"https:\\\/\\\/velazo-b2b.com\\\/wp-content\\\/uploads\\\/2025\\\/04\\\/f393b58c6d2c2a1c4693026b31f980c6-scaled.jpg\",\"width\":2560,\"height\":2560},{\"@type\":\"BreadcrumbList\",\"@id\":\"https:\\\/\\\/velazo-b2b.com\\\/product\\\/dual-mode-stainless-steel-kitchen-faucet-with-a-modern-and-stylish-look\\\/#breadcrumb\",\"itemListElement\":[{\"@type\":\"ListItem\",\"position\":1,\"name\":\"Home\",\"item\":\"https:\\\/\\\/velazo-b2b.com\\\/\"},{\"@type\":\"ListItem\",\"position\":2,\"name\":\"Shop\",\"item\":\"https:\\\/\\\/velazo-b2b.com\\\/shop-page\\\/\"},{\"@type\":\"ListItem\",\"position\":3,\"name\":\"Dual mode stainless steel kitchen faucet with a modern and stylish look\"}]},{\"@type\":\"WebSite\",\"@id\":\"https:\\\/\\\/velazo-b2b.com\\\/#website\",\"url\":\"https:\\\/\\\/velazo-b2b.com\\\/\",\"name\":\"VELAZO.\",\"description\":\"\",\"potentialAction\":[{\"@type\":\"SearchAction\",\"target\":{\"@type\":\"EntryPoint\",\"urlTemplate\":\"https:\\\/\\\/velazo-b2b.com\\\/?s={search_term_string}\"},\"query-input\":{\"@type\":\"PropertyValueSpecification\",\"valueRequired\":true,\"valueName\":\"search_term_string\"}}],\"inLanguage\":\"pl-PL\"}]}<\/script>\n<!-- \/ Yoast SEO plugin. -->","yoast_head_json":{"title":"Dwufunkcyjna bateria kuchenna ze stali nierdzewnej o nowoczesnym i stylowym wygl\u0105dzie - VELAZO.","robots":{"index":"index","follow":"follow","max-snippet":"max-snippet:-1","max-image-preview":"max-image-preview:large","max-video-preview":"max-video-preview:-1"},"canonical":"https:\/\/velazo-b2b.com\/pl\/produkt\/dwufunkcyjna-bateria-kuchenna-ze-stali-nierdzewnej-o-nowoczesnym-i-stylowym-wygladzie\/","og_locale":"pl_PL","og_type":"article","og_title":"Dual mode stainless steel kitchen faucet with a modern and stylish look - VELAZO.","og_description":"Technical data:Head: ceramicMaterial: steelSpout: pull-outAerator: yesType: single-leverMounting hole: standard, universalColor: Inox Product function:SYSTEM ECO &#8211; a function that allows you to save, thanks to water aeration (savings up to 40%);SYSTEM","og_url":"https:\/\/velazo-b2b.com\/pl\/produkt\/dwufunkcyjna-bateria-kuchenna-ze-stali-nierdzewnej-o-nowoczesnym-i-stylowym-wygladzie\/","og_site_name":"VELAZO.","article_modified_time":"2025-10-13T09:55:18+00:00","og_image":[{"width":2560,"height":2560,"url":"https:\/\/velazo-b2b.com\/wp-content\/uploads\/2025\/04\/f393b58c6d2c2a1c4693026b31f980c6-scaled.jpg","type":"image\/jpeg"}],"twitter_card":"summary_large_image","twitter_misc":{"Szacowany czas czytania":"1 minuta"},"schema":{"@context":"https:\/\/schema.org","@graph":[{"@type":"WebPage","@id":"https:\/\/velazo-b2b.com\/product\/dual-mode-stainless-steel-kitchen-faucet-with-a-modern-and-stylish-look\/","url":"https:\/\/velazo-b2b.com\/product\/dual-mode-stainless-steel-kitchen-faucet-with-a-modern-and-stylish-look\/","name":"Dwufunkcyjna bateria kuchenna ze stali nierdzewnej o nowoczesnym i stylowym wygl\u0105dzie - VELAZO.","isPartOf":{"@id":"https:\/\/velazo-b2b.com\/#website"},"primaryImageOfPage":{"@id":"https:\/\/velazo-b2b.com\/product\/dual-mode-stainless-steel-kitchen-faucet-with-a-modern-and-stylish-look\/#primaryimage"},"image":{"@id":"https:\/\/velazo-b2b.com\/product\/dual-mode-stainless-steel-kitchen-faucet-with-a-modern-and-stylish-look\/#primaryimage"},"thumbnailUrl":"https:\/\/velazo-b2b.com\/wp-content\/uploads\/2025\/04\/f393b58c6d2c2a1c4693026b31f980c6-scaled.jpg","datePublished":"2025-04-09T14:38:51+00:00","dateModified":"2025-10-13T09:55:18+00:00","breadcrumb":{"@id":"https:\/\/velazo-b2b.com\/product\/dual-mode-stainless-steel-kitchen-faucet-with-a-modern-and-stylish-look\/#breadcrumb"},"inLanguage":"pl-PL","potentialAction":[{"@type":"ReadAction","target":["https:\/\/velazo-b2b.com\/product\/dual-mode-stainless-steel-kitchen-faucet-with-a-modern-and-stylish-look\/"]}]},{"@type":"ImageObject","inLanguage":"pl-PL","@id":"https:\/\/velazo-b2b.com\/product\/dual-mode-stainless-steel-kitchen-faucet-with-a-modern-and-stylish-look\/#primaryimage","url":"https:\/\/velazo-b2b.com\/wp-content\/uploads\/2025\/04\/f393b58c6d2c2a1c4693026b31f980c6-scaled.jpg","contentUrl":"https:\/\/velazo-b2b.com\/wp-content\/uploads\/2025\/04\/f393b58c6d2c2a1c4693026b31f980c6-scaled.jpg","width":2560,"height":2560},{"@type":"BreadcrumbList","@id":"https:\/\/velazo-b2b.com\/product\/dual-mode-stainless-steel-kitchen-faucet-with-a-modern-and-stylish-look\/#breadcrumb","itemListElement":[{"@type":"ListItem","position":1,"name":"Home","item":"https:\/\/velazo-b2b.com\/"},{"@type":"ListItem","position":2,"name":"Shop","item":"https:\/\/velazo-b2b.com\/shop-page\/"},{"@type":"ListItem","position":3,"name":"Dual mode stainless steel kitchen faucet with a modern and stylish look"}]},{"@type":"WebSite","@id":"https:\/\/velazo-b2b.com\/#website","url":"https:\/\/velazo-b2b.com\/","name":"VELAZO.","description":"","potentialAction":[{"@type":"SearchAction","target":{"@type":"EntryPoint","urlTemplate":"https:\/\/velazo-b2b.com\/?s={search_term_string}"},"query-input":{"@type":"PropertyValueSpecification","valueRequired":true,"valueName":"search_term_string"}}],"inLanguage":"pl-PL"}]}},"_links":{"self":[{"href":"https:\/\/velazo-b2b.com\/pl\/wp-json\/wp\/v2\/product\/286","targetHints":{"allow":["GET"]}}],"collection":[{"href":"https:\/\/velazo-b2b.com\/pl\/wp-json\/wp\/v2\/product"}],"about":[{"href":"https:\/\/velazo-b2b.com\/pl\/wp-json\/wp\/v2\/types\/product"}],"replies":[{"embeddable":true,"href":"https:\/\/velazo-b2b.com\/pl\/wp-json\/wp\/v2\/comments?post=286"}],"version-history":[{"count":0,"href":"https:\/\/velazo-b2b.com\/pl\/wp-json\/wp\/v2\/product\/286\/revisions"}],"wp:featuredmedia":[{"embeddable":true,"href":"https:\/\/velazo-b2b.com\/pl\/wp-json\/wp\/v2\/media\/285"}],"wp:attachment":[{"href":"https:\/\/velazo-b2b.com\/pl\/wp-json\/wp\/v2\/media?parent=286"}],"wp:term":[{"taxonomy":"product_cat","embeddable":true,"href":"https:\/\/velazo-b2b.com\/pl\/wp-json\/wp\/v2\/product_cat?post=286"},{"taxonomy":"product_tag","embeddable":true,"href":"https:\/\/velazo-b2b.com\/pl\/wp-json\/wp\/v2\/product_tag?post=286"}],"curies":[{"name":"wp","href":"https:\/\/api.w.org\/{rel}","templated":true}]}}